{"id":95,"date":"2014-11-20T01:31:01","date_gmt":"2014-11-20T01:31:01","guid":{"rendered":"http:\/\/fisicaevestibular.com.br\/novo\/?page_id=95"},"modified":"2024-08-22T17:43:37","modified_gmt":"2024-08-22T17:43:37","slug":"mecanica","status":"publish","type":"page","link":"https:\/\/fisicaevestibular.com.br\/novo\/mecanica\/","title":{"rendered":"Mec\u00e2nica"},"content":{"rendered":"<p><img fetchpriority=\"high\" decoding=\"async\" class=\"aligncenter\" src=\"http:\/\/fisicaevestibular.com.br\/images\/logo_mec.png\" alt=\"\" width=\"577\" height=\"176\" border=\"0\" \/><\/p>\n<p style=\"text-align: center;\">Os movimentos dos corpos, as for\u00e7as que os provocam, o equil\u00edbrio, os princ\u00edpios que regem a conserva\u00e7\u00e3o e transforma\u00e7\u00e3o da energia e a conserva\u00e7\u00e3o da quantidade de movimento<\/p>\n<table id=\"table10\" border=\"0\" width=\"100%\" align=\"center\">\n<tbody>\n<tr>\n<td align=\"left\">\n<h3 style=\"text-align: center;\"><span style=\"color: #003366;\"><b><a style=\"color: #003366;\" href=\"http:\/\/fisicaevestibular.com.br\/cinematica.htm\">Cinem\u00e1tica<\/a><\/b><\/span><\/h3>\n<\/td>\n<td align=\"right\">\n<h3 style=\"text-align: center;\"><span style=\"color: #003366;\"><b><a style=\"color: #003366;\" href=\"http:\/\/fisicaevestibular.com.br\/dinamica.html\">Din\u00e2mica<\/a><\/b><\/span><\/h3>\n<\/td>\n<\/tr>\n<tr>\n<td align=\"left\">\n<h3 style=\"text-align: center;\"><span style=\"color: #003366;\"><b><a style=\"color: #003366;\" href=\"http:\/\/fisicaevestibular.com.br\/gravitacao.htm\">Gravita\u00e7\u00e3o<\/a><\/b><\/span><\/h3>\n<\/td>\n<td align=\"right\">\n<h3 style=\"text-align: center;\"><span style=\"color: #003366;\"><b><a style=\"color: #003366;\" href=\"http:\/\/fisicaevestibular.com.br\/estatica.htm\">Est\u00e1tica<\/a><\/b><\/span><\/h3>\n<\/td>\n<\/tr>\n<tr>\n<td align=\"left\">\n<h3 style=\"text-align: center;\"><span style=\"color: #003366;\"><b><a style=\"color: #003366;\" href=\"http:\/\/fisicaevestibular.com.br\/hidrostatica.htm\">Hidrost\u00e1tica<\/a><\/b><\/span><\/h3>\n<\/td>\n<td align=\"right\">\n<h3 style=\"text-align: center;\"><span style=\"color: #003366;\"><b><a style=\"color: #003366;\" href=\"http:\/\/fisicaevestibular.com.br\/hidrodinamica.htm\">Hidrodin\u00e2mica<\/a><\/b><\/span><\/h3>\n<\/td>\n<\/tr>\n<\/tbody>\n<\/table>\n","protected":false},"excerpt":{"rendered":"<p>Os movimentos dos corpos, as for\u00e7as que os provocam, o equil\u00edbrio, os princ\u00edpios que regem a conserva\u00e7\u00e3o e transforma\u00e7\u00e3o da energia e a conserva\u00e7\u00e3o da quantidade de movimento Cinem\u00e1tica Din\u00e2mica Gravita\u00e7\u00e3o Est\u00e1tica Hidrost\u00e1tica Hidrodin\u00e2mica<\/p>\n","protected":false},"author":1,"featured_media":0,"parent":0,"menu_order":0,"comment_status":"closed","ping_status":"closed","template":"","meta":{"om_disable_all_campaigns":false,"_monsterinsights_skip_tracking":false,"_monsterinsights_sitenote_active":false,"_monsterinsights_sitenote_note":"","_monsterinsights_sitenote_category":0,"footnotes":""},"class_list":["post-95","page","type-page","status-publish","hentry"],"aioseo_notices":[],"_links":{"self":[{"href":"https:\/\/fisicaevestibular.com.br\/novo\/wp-json\/wp\/v2\/pages\/95","targetHints":{"allow":["GET"]}}],"collection":[{"href":"https:\/\/fisicaevestibular.com.br\/novo\/wp-json\/wp\/v2\/pages"}],"about":[{"href":"https:\/\/fisicaevestibular.com.br\/novo\/wp-json\/wp\/v2\/types\/page"}],"author":[{"embeddable":true,"href":"https:\/\/fisicaevestibular.com.br\/novo\/wp-json\/wp\/v2\/users\/1"}],"replies":[{"embeddable":true,"href":"https:\/\/fisicaevestibular.com.br\/novo\/wp-json\/wp\/v2\/comments?post=95"}],"version-history":[{"count":4,"href":"https:\/\/fisicaevestibular.com.br\/novo\/wp-json\/wp\/v2\/pages\/95\/revisions"}],"predecessor-version":[{"id":99,"href":"https:\/\/fisicaevestibular.com.br\/novo\/wp-json\/wp\/v2\/pages\/95\/revisions\/99"}],"wp:attachment":[{"href":"https:\/\/fisicaevestibular.com.br\/novo\/wp-json\/wp\/v2\/media?parent=95"}],"curies":[{"name":"wp","href":"https:\/\/api.w.org\/{rel}","templated":true}]}}