{"id":892,"date":"2015-06-28T23:51:59","date_gmt":"2015-06-28T23:51:59","guid":{"rendered":"http:\/\/fisicaevestibular.com.br\/novo\/?page_id=892"},"modified":"2024-09-03T12:53:33","modified_gmt":"2024-09-03T12:53:33","slug":"resolucao-comentada-da-uncisal-2015","status":"publish","type":"page","link":"https:\/\/fisicaevestibular.com.br\/novo\/universidades-2015\/exercicios-resolvidos-da-uncisal-2015\/resolucao-comentada-da-uncisal-2015\/","title":{"rendered":"Resolu\u00e7\u00e3o comentada da UNCISAL 2015"},"content":{"rendered":"<p align=\"CENTER\"><span style=\"color: #4f6228;\"><span style=\"font-family: 'Arial Black', serif;\"><span style=\"font-size: large;\">RESOLU\u00c7\u00d5ES<\/span><\/span><\/span><\/p>\n<p><span style=\"color: #4f6228;\"><span style=\"font-family: 'Arial Black', serif;\"><span style=\"font-size: large;\">01- <\/span><\/span><\/span><span style=\"color: #c00000;\"><span style=\"font-family: Arial, serif;\"><span style=\"font-size: medium;\"><b>Q <\/b><\/span><\/span><\/span><span style=\"font-family: Arial, serif;\"><span style=\"font-size: medium;\"><b>= 7000 mAh = 7.10<\/b><\/span><\/span><sup><span style=\"font-family: Arial, serif;\"><span style=\"font-size: medium;\"><b>3<\/b><\/span><\/span><\/sup><span style=\"font-family: Arial, serif;\"><span style=\"font-size: medium;\"><b>10<\/b><\/span><\/span><sup><span style=\"font-family: Arial, serif;\"><span style=\"font-size: medium;\"><b>-3<\/b><\/span><\/span><\/sup><b> <\/b><span style=\"color: #c00000;\"><span style=\"font-family: Arial, serif;\"><span style=\"font-size: medium;\"><b>= 7 Ah<\/b><\/span><\/span><\/span><span style=\"font-family: Arial, serif;\"><span style=\"font-size: medium;\"><b> <img decoding=\"async\" src=\"http:\/\/fisicaevestibular.com.br\/novo\/wp-content\/uploads\/universidades-2015\/uncisal\/i_356bce9db84cc979_html_abf7f1ce.png\" alt=\"\" width=\"20\" height=\"13\" name=\"graphics4\" align=\"BOTTOM\" border=\"0\" \/> <\/b><\/span><\/span><span style=\"color: #c00000;\"><span style=\"font-family: Arial, serif;\"><span style=\"font-size: medium;\"><b>i = 2 A<\/b><\/span><\/span><\/span><span style=\"font-family: Arial, serif;\"><span style=\"font-size: medium;\"><b> <img decoding=\"async\" src=\"http:\/\/fisicaevestibular.com.br\/novo\/wp-content\/uploads\/universidades-2015\/uncisal\/i_356bce9db84cc979_html_abf7f1ce.png\" alt=\"\" width=\"20\" height=\"13\" name=\"graphics5\" align=\"BOTTOM\" border=\"0\" \/> <\/b><\/span><\/span><span style=\"color: #c00000;\"><span style=\"font-family: Arial, serif;\"><span style=\"font-size: medium;\"><b>i = Q\/t<\/b><\/span><\/span><\/span><span style=\"font-family: Arial, serif;\"><span style=\"font-size: medium;\"><b> <img decoding=\"async\" src=\"http:\/\/fisicaevestibular.com.br\/novo\/wp-content\/uploads\/universidades-2015\/uncisal\/i_356bce9db84cc979_html_abf7f1ce.png\" alt=\"\" width=\"20\" height=\"13\" name=\"graphics6\" align=\"BOTTOM\" border=\"0\" \/> 2 = 7\/t <img loading=\"lazy\" decoding=\"async\" src=\"http:\/\/fisicaevestibular.com.br\/novo\/wp-content\/uploads\/universidades-2015\/uncisal\/i_356bce9db84cc979_html_abf7f1ce.png\" alt=\"\" width=\"20\" height=\"13\" name=\"graphics7\" align=\"BOTTOM\" border=\"0\" \/> t = 7\/2 <img loading=\"lazy\" decoding=\"async\" src=\"http:\/\/fisicaevestibular.com.br\/novo\/wp-content\/uploads\/universidades-2015\/uncisal\/i_356bce9db84cc979_html_abf7f1ce.png\" alt=\"\" width=\"20\" height=\"13\" name=\"graphics8\" align=\"BOTTOM\" border=\"0\" \/> <\/b><\/span><\/span><span style=\"color: #c00000;\"><span style=\"font-family: Arial, serif;\"><span style=\"font-size: medium;\"><b>t = 3,5 h.<\/b><\/span><\/span><\/span><\/p>\n<p><span style=\"color: #0000cc;\"><span style=\"font-family: Arial, serif;\"><span style=\"font-size: medium;\"><b>R- E<\/b><\/span><\/span><\/span><\/p>\n<p><span style=\"color: #4f6228;\"><span style=\"font-family: 'Arial Black', serif;\"><span style=\"font-size: large;\">02- <\/span><\/span><\/span><span style=\"font-family: Arial, serif;\"><span style=\"font-size: medium;\"><b>Determinando a <\/b><\/span><\/span><span style=\"color: #c00000;\"><span style=\"font-family: Arial, serif;\"><span style=\"font-size: medium;\"><b>energia (W) dissipada<\/b><\/span><\/span><\/span><span style=\"font-family: Arial, serif;\"><span style=\"font-size: medium;\"><b> quando a velocidade do carro <\/b><\/span><\/span><span style=\"color: #c00000;\"><span style=\"font-family: Arial, serif;\"><span style=\"font-size: medium;\"><b>varia de V<\/b><\/span><\/span><\/span><span style=\"color: #c00000;\"><sub><span style=\"font-family: Arial, serif;\"><span style=\"font-size: medium;\"><b>i<\/b><\/span><\/span><\/sub><\/span><span style=\"color: #c00000;\"><span style=\"font-family: Arial, serif;\"><span style=\"font-size: medium;\"><b> = 30 m\/s at\u00e9 V<\/b><\/span><\/span><\/span><span style=\"color: #c00000;\"><sub><span style=\"font-family: Arial, serif;\"><span style=\"font-size: medium;\"><b>f<\/b><\/span><\/span><\/sub><\/span><b><\/b><\/p>\n<p align=\"CENTER\"><img loading=\"lazy\" decoding=\"async\" src=\"http:\/\/fisicaevestibular.com.br\/novo\/wp-content\/uploads\/universidades-2015\/uncisal\/i_356bce9db84cc979_html_eb91db6b.png\" alt=\"\" width=\"460\" height=\"95\" name=\"graphics9\" align=\"BOTTOM\" border=\"0\" \/><\/p>\n<p><span style=\"color: #c00000;\"><span style=\"font-family: Arial, serif;\"><span style=\"font-size: medium;\"><b>= 0<\/b><\/span><\/span><\/span><span style=\"font-family: Arial, serif;\"><span style=\"font-size: medium;\"><b>,pelo teorema da <\/b><\/span><\/span><span style=\"color: #c00000;\"><span style=\"font-family: Arial, serif;\"><span style=\"font-size: medium;\"><b>varia\u00e7\u00e3o de energia cin\u00e9tica<\/b><\/span><\/span><\/span><span style=\"font-family: Arial, serif;\"><span style=\"font-size: medium;\"><b> <img loading=\"lazy\" decoding=\"async\" src=\"http:\/\/fisicaevestibular.com.br\/novo\/wp-content\/uploads\/universidades-2015\/uncisal\/i_356bce9db84cc979_html_abf7f1ce.png\" alt=\"\" width=\"20\" height=\"13\" name=\"graphics10\" align=\"BOTTOM\" border=\"0\" \/> <\/b><\/span><\/span><span style=\"color: #c00000;\"><span style=\"font-family: Arial, serif;\"><span style=\"font-size: medium;\"><b>W = \u2206E<\/b><\/span><\/span><\/span><span style=\"color: #c00000;\"><sub><span style=\"font-family: Arial, serif;\"><span style=\"font-size: medium;\"><b>c<\/b><\/span><\/span><\/sub><\/span><span style=\"color: #c00000;\"><span style=\"font-family: Arial, serif;\"><span style=\"font-size: medium;\"><b> = E<\/b><\/span><\/span><\/span><span style=\"color: #c00000;\"><sub><span style=\"font-family: Arial, serif;\"><span style=\"font-size: medium;\"><b>cf<\/b><\/span><\/span><\/sub><\/span><span style=\"color: #c00000;\"><span style=\"font-family: Arial, serif;\"><span style=\"font-size: medium;\"><b> \u2013 E<\/b><\/span><\/span><\/span><span style=\"color: #c00000;\"><sub><span style=\"font-family: Arial, serif;\"><span style=\"font-size: medium;\"><b>ci<\/b><\/span><\/span><\/sub><\/span><span style=\"font-family: Arial, serif;\"><span style=\"font-size: medium;\"><b> = mV<\/b><\/span><\/span><sub><span style=\"font-family: Arial, serif;\"><span style=\"font-size: medium;\"><b>f<\/b><\/span><\/span><\/sub><sup><span style=\"font-family: Arial, serif;\"><span style=\"font-size: medium;\"><b>2<\/b><\/span><\/span><\/sup><span style=\"font-family: Arial, serif;\"><span style=\"font-size: medium;\"><b>\/2 \u2013 mV<\/b><\/span><\/span><sub><span style=\"font-family: Arial, serif;\"><span style=\"font-size: medium;\"><b>i<\/b><\/span><\/span><\/sub><sup><span style=\"font-family: Arial, serif;\"><span style=\"font-size: medium;\"><b>2<\/b><\/span><\/span><\/sup><span style=\"font-family: Arial, serif;\"><span style=\"font-size: medium;\"><b>\/2 = 800.0<\/b><\/span><\/span><sup><span style=\"font-family: Arial, serif;\"><span style=\"font-size: medium;\"><b>2<\/b><\/span><\/span><\/sup><span style=\"font-family: Arial, serif;\"><span style=\"font-size: medium;\"><b>\/2 -800.30<\/b><\/span><\/span><sup><span style=\"font-family: Arial, serif;\"><span style=\"font-size: medium;\"><b>2<\/b><\/span><\/span><\/sup><span style=\"font-family: Arial, serif;\"><span style=\"font-size: medium;\"><b>\/2 = 0 &#8211; 36000 <img loading=\"lazy\" decoding=\"async\" src=\"http:\/\/fisicaevestibular.com.br\/novo\/wp-content\/uploads\/universidades-2015\/uncisal\/i_356bce9db84cc979_html_abf7f1ce.png\" alt=\"\" width=\"20\" height=\"13\" name=\"graphics11\" align=\"BOTTOM\" border=\"0\" \/> <\/b><\/span><\/span><span style=\"color: #c00000;\"><span style=\"font-family: Arial, serif;\"><span style=\"font-size: medium;\"><b>W = &#8211; 360000 J<\/b><\/span><\/span><\/span><span style=\"font-family: Arial, serif;\"><span style=\"font-size: medium;\"><b> (o sinal negativo significa que perdeu energia) <img loading=\"lazy\" decoding=\"async\" src=\"http:\/\/fisicaevestibular.com.br\/novo\/wp-content\/uploads\/universidades-2015\/uncisal\/i_356bce9db84cc979_html_abf7f1ce.png\" alt=\"\" width=\"20\" height=\"13\" name=\"graphics12\" align=\"BOTTOM\" border=\"0\" \/> em m\u00f3dulo <\/b><\/span><\/span><span style=\"color: #c00000;\"><span style=\"font-family: Arial, serif;\"><span style=\"font-size: medium;\"><b>W = 360000J.<\/b><\/span><\/span><\/span><\/p>\n<p><span style=\"font-family: Arial, serif;\"><span style=\"font-size: medium;\"><b>Dessa energia, <\/b><\/span><\/span><span style=\"color: #c00000;\"><span style=\"font-family: Arial, serif;\"><span style=\"font-size: medium;\"><b>40%<\/b><\/span><\/span><\/span><span style=\"font-family: Arial, serif;\"><span style=\"font-size: medium;\"><b> \u00e9 armazenada sob forma de energia el\u00e9trica <img loading=\"lazy\" decoding=\"async\" src=\"http:\/\/fisicaevestibular.com.br\/novo\/wp-content\/uploads\/universidades-2015\/uncisal\/i_356bce9db84cc979_html_abf7f1ce.png\" alt=\"\" width=\"20\" height=\"13\" name=\"graphics13\" align=\"BOTTOM\" border=\"0\" \/> <\/b><\/span><\/span><span style=\"color: #c00000;\"><span style=\"font-family: Arial, serif;\"><span style=\"font-size: medium;\"><b>W\u2019<\/b><\/span><\/span><\/span><span style=\"font-family: Arial, serif;\"><span style=\"font-size: medium;\"><b> = 0,4&#215;360000 <\/b><\/span><\/span><span style=\"color: #c00000;\"><span style=\"font-family: Arial, serif;\"><span style=\"font-size: medium;\"><b>= 144000 J.<\/b><\/span><\/span><\/span><\/p>\n<p><span style=\"font-family: Arial, serif;\"><span style=\"font-size: medium;\"><b>Essa energia <\/b><\/span><\/span><span style=\"color: #c00000;\"><span style=\"font-family: Arial, serif;\"><span style=\"font-size: medium;\"><b>W\u2019 = 144000 J<\/b><\/span><\/span><\/span><span style=\"font-family: Arial, serif;\"><span style=\"font-size: medium;\"><b> \u00e9 utilizada para manter acesa uma l\u00e2mpada de <\/b><\/span><\/span><span style=\"color: #c00000;\"><span style=\"font-family: Arial, serif;\"><span style=\"font-size: medium;\"><b>P = 20 W<\/b><\/span><\/span><\/span><span style=\"font-family: Arial, serif;\"><span style=\"font-size: medium;\"><b> durante um intervalo de tempo <\/b><\/span><\/span><span style=\"color: #c00000;\"><span style=\"font-family: Arial, serif;\"><span style=\"font-size: medium;\"><b>\u2206t,<\/b><\/span><\/span><\/span><span style=\"font-family: Arial, serif;\"><span style=\"font-size: medium;\"><b> tal que <img loading=\"lazy\" decoding=\"async\" src=\"http:\/\/fisicaevestibular.com.br\/novo\/wp-content\/uploads\/universidades-2015\/uncisal\/i_356bce9db84cc979_html_abf7f1ce.png\" alt=\"\" width=\"20\" height=\"13\" name=\"graphics14\" align=\"BOTTOM\" border=\"0\" \/> <\/b><\/span><\/span><span style=\"color: #c00000;\"><span style=\"font-family: Arial, serif;\"><span style=\"font-size: medium;\"><b>P = W\u2019\/\u2206<\/b><\/span><\/span><\/span><span style=\"font-family: Arial, serif;\"><span style=\"font-size: medium;\"><b>t <img loading=\"lazy\" decoding=\"async\" src=\"http:\/\/fisicaevestibular.com.br\/novo\/wp-content\/uploads\/universidades-2015\/uncisal\/i_356bce9db84cc979_html_abf7f1ce.png\" alt=\"\" width=\"20\" height=\"13\" name=\"graphics15\" align=\"BOTTOM\" border=\"0\" \/> 20 = 144000\/\u2206t <img loading=\"lazy\" decoding=\"async\" src=\"http:\/\/fisicaevestibular.com.br\/novo\/wp-content\/uploads\/universidades-2015\/uncisal\/i_356bce9db84cc979_html_abf7f1ce.png\" alt=\"\" width=\"20\" height=\"13\" name=\"graphics16\" align=\"BOTTOM\" border=\"0\" \/> <\/b><\/span><\/span><span style=\"color: #c00000;\"><span style=\"font-family: Arial, serif;\"><span style=\"font-size: medium;\"><b>\u2206t<\/b><\/span><\/span><\/span><span style=\"font-family: Arial, serif;\"><span style=\"font-size: medium;\"><b> = 144000\/20 = 7200 s\/60 =<\/b><\/span><\/span><\/p>\n<p><span style=\"color: #c00000;\"><span style=\"font-family: Arial, serif;\"><span style=\"font-size: medium;\"><b>120 min.<\/b><\/span><\/span><\/span><\/p>\n<p><span style=\"color: #0000cc;\"><span style=\"font-family: Arial, serif;\"><span style=\"font-size: medium;\"><b>R &#8211; B<\/b><\/span><\/span><\/span><\/p>\n<p><span style=\"color: #4f6228;\"><span style=\"font-family: 'Arial Black', serif;\"><span style=\"font-size: large;\">03- <\/span><\/span><\/span><span style=\"font-family: Cambria, serif;\"><span style=\"font-size: medium;\"><b>Observe na <\/b><\/span><\/span><span style=\"color: #c00000;\"><span style=\"font-family: Cambria, serif;\"><span style=\"font-size: medium;\"><b>figura abaixo<\/b><\/span><\/span><\/span><span style=\"font-family: Cambria, serif;\"><span style=\"font-size: medium;\"><b> que, se voc\u00ea <\/b><\/span><\/span><span style=\"color: #c00000;\"><span style=\"font-family: Cambria, serif;\"><span style=\"font-size: medium;\"><b>projetar cada for\u00e7a de tra\u00e7\u00e3o na vertical, voc\u00ea obter\u00e1 T\u2019 =<\/b><\/span><\/span><\/span><\/p>\n<p align=\"CENTER\"><img loading=\"lazy\" decoding=\"async\" src=\"http:\/\/fisicaevestibular.com.br\/novo\/wp-content\/uploads\/universidades-2015\/uncisal\/i_356bce9db84cc979_html_9d0df26f.png\" alt=\"\" width=\"561\" height=\"118\" name=\"Imagem 1\" align=\"BOTTOM\" border=\"0\" \/><\/p>\n<p><span style=\"color: #c00000;\"><span style=\"font-family: Cambria, serif;\"><span style=\"font-size: medium;\"><b>Tsen\u03b8<\/b><\/span><\/span><\/span><span style=\"font-family: Cambria, serif;\"><span style=\"font-size: medium;\"><b> e a <\/b><\/span><\/span><span style=\"color: #c00000;\"><span style=\"font-family: Cambria, serif;\"><span style=\"font-size: medium;\"><b>soma dessas duas for\u00e7a deve equilibrar a for\u00e7a peso<\/b><\/span><\/span><\/span><span style=\"font-family: Cambria, serif;\"><span style=\"font-size: medium;\"><b> <img loading=\"lazy\" decoding=\"async\" src=\"http:\/\/fisicaevestibular.com.br\/novo\/wp-content\/uploads\/universidades-2015\/uncisal\/i_356bce9db84cc979_html_abf7f1ce.png\" alt=\"\" width=\"20\" height=\"13\" name=\"graphics17\" align=\"BOTTOM\" border=\"0\" \/> <\/b><\/span><\/span><span style=\"color: #c00000;\"><span style=\"font-family: Cambria, serif;\"><span style=\"font-size: medium;\"><b>2Tsen\u03b8 = P<\/b><\/span><\/span><\/span><span style=\"font-family: Cambria, serif;\"><span style=\"font-size: medium;\"><b> <img loading=\"lazy\" decoding=\"async\" src=\"http:\/\/fisicaevestibular.com.br\/novo\/wp-content\/uploads\/universidades-2015\/uncisal\/i_356bce9db84cc979_html_abf7f1ce.png\" alt=\"\" width=\"20\" height=\"13\" name=\"graphics18\" align=\"BOTTOM\" border=\"0\" \/> 2Tsen\u03b8 = Mg <img loading=\"lazy\" decoding=\"async\" src=\"http:\/\/fisicaevestibular.com.br\/novo\/wp-content\/uploads\/universidades-2015\/uncisal\/i_356bce9db84cc979_html_abf7f1ce.png\" alt=\"\" width=\"20\" height=\"13\" name=\"graphics19\" align=\"BOTTOM\" border=\"0\" \/> <\/b><\/span><\/span><span style=\"color: #c00000;\"><span style=\"font-family: Cambria, serif;\"><span style=\"font-size: medium;\"><b>T = Mg\/2sen\u03b8.<\/b><\/span><\/span><\/span><\/p>\n<p><span style=\"color: #0000cc;\"><span style=\"font-family: Cambria, serif;\"><span style=\"font-size: medium;\"><b>R- D<\/b><\/span><\/span><\/span><\/p>\n<p><span style=\"color: #4f6228;\"><span style=\"font-family: 'Arial Black', serif;\"><span style=\"font-size: large;\">04- <\/span><\/span><\/span><span style=\"font-family: Arial, serif;\"><span style=\"font-size: medium;\"><b>Obs. Uma <\/b><\/span><\/span><span style=\"color: #c00000;\"><span style=\"font-family: Arial, serif;\"><span style=\"font-size: medium;\"><b>imagem virtual pode ser projetada sim<\/b><\/span><\/span><\/span><span style=\"font-family: Arial, serif;\"><span style=\"font-size: medium;\"><b>, veja a ilustra\u00e7\u00e3o do enunciado.<\/b><\/span><\/span><\/p>\n<p><span style=\"color: #c00000;\"><span style=\"font-family: Arial, serif;\"><span style=\"font-size: medium;\"><b>R- E<\/b><\/span><\/span><\/span><\/p>\n<p><span style=\"color: #4f6228;\"><span style=\"font-family: 'Arial Black', serif;\"><span style=\"font-size: large;\">05- <\/span><\/span><\/span><span style=\"color: #c00000;\"><span style=\"font-family: Arial, serif;\"><span style=\"font-size: medium;\"><b>I. Correta<\/b><\/span><\/span><\/span><span style=\"font-family: Arial, serif;\"><span style=\"font-size: medium;\"><b> <img loading=\"lazy\" decoding=\"async\" src=\"http:\/\/fisicaevestibular.com.br\/novo\/wp-content\/uploads\/universidades-2015\/uncisal\/i_356bce9db84cc979_html_abf7f1ce.png\" alt=\"\" width=\"20\" height=\"13\" name=\"graphics20\" align=\"BOTTOM\" border=\"0\" \/> se a <\/b><\/span><\/span><span style=\"color: #c00000;\"><span style=\"font-family: Arial, serif;\"><span style=\"font-size: medium;\"><b>temperatura \u00e9 constante<\/b><\/span><\/span><\/span><span style=\"font-family: Arial, serif;\"><span style=\"font-size: medium;\"><b>, trata-se de uma <\/b><\/span><\/span><span style=\"color: #c00000;\"><span style=\"font-family: Arial, serif;\"><span style=\"font-size: medium;\"><b>isot\u00e9rmica<\/b><\/span><\/span><\/span><span style=\"font-family: Arial, serif;\"><span style=\"font-size: medium;\"><b> de equa\u00e7\u00e3o <\/b><\/span><\/span><span style=\"color: #c00000;\"><span style=\"font-family: Arial, serif;\"><span style=\"font-size: medium;\"><b>P.V = constante <\/b><\/span><\/span><\/span><span style=\"font-family: Arial, serif;\"><span style=\"font-size: medium;\"><b>e, nela, voc\u00ea observa que a <\/b><\/span><\/span><span style=\"color: #c00000;\"><span style=\"font-family: Arial, serif;\"><span style=\"font-size: medium;\"><b>press\u00e3o P do g\u00e1s confinado no bal\u00e3o \u00e9 inversamente proporcional ao volume do mesmo.<\/b><\/span><\/span><\/span><\/p>\n<p><span style=\"font-family: Arial, serif;\"><span style=\"font-size: medium;\"><b>Ent\u00e3o, se quando o <\/b><\/span><\/span><span style=\"color: #c00000;\"><span style=\"font-family: Arial, serif;\"><span style=\"font-size: medium;\"><b>bal\u00e3o sobe, sua temperatura diminui<\/b><\/span><\/span><\/span><span style=\"font-family: Arial, serif;\"><span style=\"font-size: medium;\"><b> o que faz que seu <\/b><\/span><\/span><span style=\"color: #c00000;\"><span style=\"font-family: Arial, serif;\"><span style=\"font-size: medium;\"><b>volume aumente<\/b><\/span><\/span><\/span><span style=\"font-family: Arial, serif;\"><span style=\"font-size: medium;\"><b> tal que, dependente da altura o bal\u00e3o pode explodir.<\/b><\/span><\/span><\/p>\n<p><span style=\"color: #c00000;\"><span style=\"font-family: Arial, serif;\"><span style=\"font-size: medium;\"><b>II. Correta<\/b><\/span><\/span><\/span><span style=\"font-family: Arial, serif;\"><span style=\"font-size: medium;\"><b> <img loading=\"lazy\" decoding=\"async\" src=\"http:\/\/fisicaevestibular.com.br\/novo\/wp-content\/uploads\/universidades-2015\/uncisal\/i_356bce9db84cc979_html_abf7f1ce.png\" alt=\"\" width=\"20\" height=\"13\" name=\"graphics21\" align=\"BOTTOM\" border=\"0\" \/> <\/b><\/span><\/span><span style=\"color: #c00000;\"><span style=\"font-family: Arial, serif;\"><span style=\"font-size: medium;\"><b>Baixando drasticamente a temperatura<\/b><\/span><\/span><\/span><span style=\"font-family: Arial, serif;\"><span style=\"font-size: medium;\"><b> no interior de um ve\u00edculo fechado, a <\/b><\/span><\/span><span style=\"color: #c00000;\"><span style=\"font-family: Arial, serif;\"><span style=\"font-size: medium;\"><b>fun\u00e7\u00e3o dos<\/b><\/span><\/span><\/span><b> <\/b><span style=\"color: #c00000;\"><span style=\"font-family: Arial, serif;\"><span style=\"font-size: medium;\"><b>\u201c<\/b><\/span><\/span><\/span><span style=\"color: #c00000;\"><span style=\"font-family: Arial, serif;\"><span style=\"font-size: medium;\"><i><b>air bags<\/b><\/i><\/span><\/span><\/span><span style=\"color: #c00000;\"><span style=\"font-family: Arial, serif;\"><span style=\"font-size: medium;\"><b>\u201d<\/b><\/span><\/span><\/span><span style=\"font-family: Arial, serif;\"><span style=\"font-size: medium;\"><b> pode ficar <\/b><\/span><\/span><span style=\"color: #c00000;\"><span style=\"font-family: Arial, serif;\"><span style=\"font-size: medium;\"><b>comprometida<\/b><\/span><\/span><\/span><span style=\"font-family: Arial, serif;\"><span style=\"font-size: medium;\"><b>, pois o <\/b><\/span><\/span><span style=\"color: #c00000;\"><span style=\"font-family: Arial, serif;\"><span style=\"font-size: medium;\"><b>volume de g\u00e1s em seu interior diminui, diminuindo suas dimens\u00f5es .<\/b><\/span><\/span><\/span><\/p>\n<p><span style=\"color: #0000cc;\"><span style=\"font-family: Arial, serif;\"><span style=\"font-size: medium;\"><b>R- E<\/b><\/span><\/span><\/span><\/p>\n<p><span style=\"color: #4f6228;\"><span style=\"font-family: 'Arial Black', serif;\"><span style=\"font-size: large;\">06- <\/span><\/span><\/span><span style=\"font-family: Arial, serif;\"><span style=\"font-size: medium;\"><b>O <\/b><\/span><\/span><span style=\"color: #c00000;\"><span style=\"font-family: Arial, serif;\"><span style=\"font-size: medium;\"><b>travamento das rodas<\/b><\/span><\/span><\/span><span style=\"font-family: Arial, serif;\"><span style=\"font-size: medium;\"><b> faz o <\/b><\/span><\/span><span style=\"color: #c00000;\"><span style=\"font-family: Arial, serif;\"><span style=\"font-size: medium;\"><b>atrito est\u00e1tico respons\u00e1vel pela for\u00e7a centr\u00edpeta parar de atuar, <\/b><\/span><\/span><\/span><span style=\"color: #000000;\"><span style=\"font-family: Arial, serif;\"><span style=\"font-size: medium;\"><b>transformando-se em <\/b><\/span><\/span><\/span><span style=\"color: #c00000;\"><span style=\"font-family: Arial, serif;\"><span style=\"font-size: medium;\"><b>atrito din\u00e2mico que \u00e9 menor que o est\u00e1tico,<\/b><\/span><\/span><\/span><span style=\"font-family: Arial, serif;\"><span style=\"font-size: medium;\"><b>facilitando a derrapagem e <\/b><\/span><\/span><span style=\"color: #c00000;\"><span style=\"font-family: Arial, serif;\"><span style=\"font-size: medium;\"><b>impedindo a realiza\u00e7\u00e3o da curva.<\/b><\/span><\/span><\/span><\/p>\n<p><span style=\"color: #0000cc;\"><span style=\"font-family: Arial, serif;\"><span style=\"font-size: medium;\"><b>R &#8211; E<\/b><\/span><\/span><\/span><\/p>\n<h2><span style=\"color: #000080;\"><a style=\"color: #000080;\" title=\"Exerc\u00edcios Resolvidos da UNCISAL 2015\" href=\"http:\/\/fisicaevestibular.com.br\/novo\/universidades-2015\/exercicios-resolvidos-da-uncisal-2015\/\">Voltar para os Exerc\u00edcios<\/a><\/span><\/h2>\n","protected":false},"excerpt":{"rendered":"<p>RESOLU\u00c7\u00d5ES 01- Q = 7000 mAh = 7.10310-3 = 7 Ah i = 2 A i = Q\/t 2 = 7\/t t = 7\/2 t = 3,5 h. R- E 02- Determinando a energia (W) dissipada quando a velocidade do carro varia de Vi = 30 m\/s at\u00e9 Vf = 0,pelo teorema da varia\u00e7\u00e3o de energia cin\u00e9tica W = \u2206Ec<\/p>\n","protected":false},"author":1,"featured_media":0,"parent":890,"menu_order":0,"comment_status":"closed","ping_status":"closed","template":"","meta":{"om_disable_all_campaigns":false,"_monsterinsights_skip_tracking":false,"_monsterinsights_sitenote_active":false,"_monsterinsights_sitenote_note":"","_monsterinsights_sitenote_category":0,"footnotes":""},"class_list":["post-892","page","type-page","status-publish","hentry"],"aioseo_notices":[],"_links":{"self":[{"href":"https:\/\/fisicaevestibular.com.br\/novo\/wp-json\/wp\/v2\/pages\/892","targetHints":{"allow":["GET"]}}],"collection":[{"href":"https:\/\/fisicaevestibular.com.br\/novo\/wp-json\/wp\/v2\/pages"}],"about":[{"href":"https:\/\/fisicaevestibular.com.br\/novo\/wp-json\/wp\/v2\/types\/page"}],"author":[{"embeddable":true,"href":"https:\/\/fisicaevestibular.com.br\/novo\/wp-json\/wp\/v2\/users\/1"}],"replies":[{"embeddable":true,"href":"https:\/\/fisicaevestibular.com.br\/novo\/wp-json\/wp\/v2\/comments?post=892"}],"version-history":[{"count":2,"href":"https:\/\/fisicaevestibular.com.br\/novo\/wp-json\/wp\/v2\/pages\/892\/revisions"}],"predecessor-version":[{"id":894,"href":"https:\/\/fisicaevestibular.com.br\/novo\/wp-json\/wp\/v2\/pages\/892\/revisions\/894"}],"up":[{"embeddable":true,"href":"https:\/\/fisicaevestibular.com.br\/novo\/wp-json\/wp\/v2\/pages\/890"}],"wp:attachment":[{"href":"https:\/\/fisicaevestibular.com.br\/novo\/wp-json\/wp\/v2\/media?parent=892"}],"curies":[{"name":"wp","href":"https:\/\/api.w.org\/{rel}","templated":true}]}}