{"id":757,"date":"2015-05-13T14:52:39","date_gmt":"2015-05-13T14:52:39","guid":{"rendered":"http:\/\/fisicaevestibular.com.br\/novo\/?page_id=757"},"modified":"2024-09-02T17:23:15","modified_gmt":"2024-09-02T17:23:15","slug":"resolucao-comentada-da-iff-rs","status":"publish","type":"page","link":"https:\/\/fisicaevestibular.com.br\/novo\/universidades-2015\/exercicios-resolvidos-da-iff-rs-2015\/resolucao-comentada-da-iff-rs\/","title":{"rendered":"Resolu\u00e7\u00e3o Comentada da IFF-RS 2015"},"content":{"rendered":"<p align=\"CENTER\"><span style=\"color: #008000;\"><span style=\"font-family: Arial Black,serif;\"><span style=\"font-size: large;\"><b>RESOLU\u00c7\u00d5ES<\/b><\/span><\/span><\/span><\/p>\n<p><span style=\"color: #008000;\"><span style=\"font-family: Arial Black,serif;\"><span style=\"font-size: large;\"><b>01- <\/b><\/span><\/span><\/span><span style=\"color: #006600;\"><span style=\"font-size: medium;\"><b>I. Correta<\/b><\/span><\/span><span style=\"font-size: medium;\"><b> <img decoding=\"async\" src=\"http:\/\/fisicaevestibular.com.br\/novo\/wp-content\/uploads\/universidades-2015\/iff-rs\/i_58ec331380164103_html_6f8c1749.png\" alt=\"\" width=\"21\" height=\"11\" name=\"graphics3\" align=\"BOTTOM\" border=\"0\" \/> <\/b><\/span><span style=\"color: #4b4b4b;\"><span style=\"font-family: Arial,serif;\"><span style=\"font-size: xx-small;\">\u00a0<\/span><\/span><\/span><span style=\"color: #006600;\"><span style=\"font-family: Arial,serif;\"><span style=\"font-size: medium;\"><b>ABS<\/b><\/span><\/span><\/span><span style=\"font-family: Arial,serif;\"><span style=\"font-size: medium;\"><b> (Anti-lock Braking System) \u00e9 um <\/b><\/span><\/span><span style=\"color: #006600;\"><span style=\"font-family: Arial,serif;\"><span style=\"font-size: medium;\"><b>sistema de frenagem<\/b><\/span><\/span><\/span><span style=\"font-family: Arial,serif;\"><span style=\"font-size: medium;\"><b> que evita que a <\/b><\/span><\/span><span style=\"color: #006600;\"><span style=\"font-family: Arial,serif;\"><span style=\"font-size: medium;\"><b>roda bloqueie<\/b><\/span><\/span><\/span><span style=\"font-family: Arial,serif;\"><span style=\"font-size: medium;\"><b> e <\/b><\/span><\/span><span style=\"color: #006600;\"><span style=\"font-family: Arial,serif;\"><span style=\"font-size: medium;\"><b>entre em derrapagem<\/b><\/span><\/span><\/span><span style=\"font-family: Arial,serif;\"><span style=\"font-size: medium;\"><b> quando o pedal do freio \u00e9 pisado fortemente, evitando que a roda n\u00e3o trave,e o carro comece a <\/b><\/span><\/span><span style=\"color: #006600;\"><span style=\"font-family: Arial,serif;\"><span style=\"font-size: medium;\"><b>derrapar.<\/b><\/span><\/span><\/span><\/p>\n<p><span style=\"font-family: Arial,serif;\"><span style=\"font-size: medium;\"><b>Isso ocorre porque <\/b><\/span><\/span><span style=\"color: #006600;\"><span style=\"font-family: Arial,serif;\"><span style=\"font-size: medium;\"><b>atrito entre o pneu e o pavimento \u00e9 o atrito est\u00e1tico que \u00e9 <\/b><\/span><\/span><\/span><span style=\"color: #c00000;\"><span style=\"font-family: Arial,serif;\"><span style=\"font-size: medium;\"><b>maior<\/b><\/span><\/span><\/span><span style=\"color: #006600;\"><span style=\"font-family: Arial,serif;\"><span style=\"font-size: medium;\"><b> que o cin\u00e9tico.<\/b><\/span><\/span><\/span><\/p>\n<p><span style=\"color: #006600;\"><span style=\"font-family: Arial,serif;\"><span style=\"font-size: medium;\"><b>II. Falsa<\/b><\/span><\/span><\/span><span style=\"font-family: Arial,serif;\"><span style=\"font-size: medium;\"><b> <img decoding=\"async\" src=\"http:\/\/fisicaevestibular.com.br\/novo\/wp-content\/uploads\/universidades-2015\/iff-rs\/i_58ec331380164103_html_6f8c1749.png\" alt=\"\" width=\"21\" height=\"11\" name=\"graphics4\" align=\"BOTTOM\" border=\"0\" \/> veja I.<\/b><\/span><\/span><\/p>\n<p><span style=\"color: #006600;\"><span style=\"font-family: Arial,serif;\"><span style=\"font-size: medium;\"><b>III. Falsa<\/b><\/span><\/span><\/span><span style=\"font-family: Arial,serif;\"><span style=\"font-size: medium;\"><b> <img decoding=\"async\" src=\"http:\/\/fisicaevestibular.com.br\/novo\/wp-content\/uploads\/universidades-2015\/iff-rs\/i_58ec331380164103_html_6f8c1749.png\" alt=\"\" width=\"21\" height=\"11\" name=\"graphics5\" align=\"BOTTOM\" border=\"0\" \/> V<\/b><\/span><\/span><sup><span style=\"font-family: Arial,serif;\"><span style=\"font-size: medium;\"><b>2<\/b><\/span><\/span><\/sup><span style=\"font-family: Arial,serif;\"><span style=\"font-size: medium;\"><b> = V<\/b><\/span><\/span><sub><span style=\"font-family: Arial,serif;\"><span style=\"font-size: medium;\"><b>o<\/b><\/span><\/span><\/sub><sup><span style=\"font-family: Arial,serif;\"><span style=\"font-size: medium;\"><b>2<\/b><\/span><\/span><\/sup><span style=\"font-family: Arial,serif;\"><span style=\"font-size: medium;\"><b> \u2013 2.a.d <img loading=\"lazy\" decoding=\"async\" src=\"http:\/\/fisicaevestibular.com.br\/novo\/wp-content\/uploads\/universidades-2015\/iff-rs\/i_58ec331380164103_html_6f8c1749.png\" alt=\"\" width=\"21\" height=\"11\" name=\"graphics6\" align=\"BOTTOM\" border=\"0\" \/> 0<\/b><\/span><\/span><sup><span style=\"font-family: Arial,serif;\"><span style=\"font-size: medium;\"><b>2<\/b><\/span><\/span><\/sup><span style=\"font-family: Arial,serif;\"><span style=\"font-size: medium;\"><b> = 30<\/b><\/span><\/span><sup><span style=\"font-family: Arial,serif;\"><span style=\"font-size: medium;\"><b>2<\/b><\/span><\/span><\/sup><span style=\"font-family: Arial,serif;\"><span style=\"font-size: medium;\"><b> \u2013 2.a.60 <img loading=\"lazy\" decoding=\"async\" src=\"http:\/\/fisicaevestibular.com.br\/novo\/wp-content\/uploads\/universidades-2015\/iff-rs\/i_58ec331380164103_html_6f8c1749.png\" alt=\"\" width=\"21\" height=\"11\" name=\"graphics7\" align=\"BOTTOM\" border=\"0\" \/> a = 900\/120 <img loading=\"lazy\" decoding=\"async\" src=\"http:\/\/fisicaevestibular.com.br\/novo\/wp-content\/uploads\/universidades-2015\/iff-rs\/i_58ec331380164103_html_6f8c1749.png\" alt=\"\" width=\"21\" height=\"11\" name=\"graphics8\" align=\"BOTTOM\" border=\"0\" \/> a = 7,7 m\/s<\/b><\/span><\/span><sup><span style=\"font-family: Arial,serif;\"><span style=\"font-size: medium;\"><b>2<\/b><\/span><\/span><\/sup><span style=\"font-family: Arial,serif;\"><span style=\"font-size: medium;\"><b>.<\/b><\/span><\/span><\/p>\n<p align=\"CENTER\"><img loading=\"lazy\" decoding=\"async\" src=\"http:\/\/fisicaevestibular.com.br\/novo\/wp-content\/uploads\/universidades-2015\/iff-rs\/i_58ec331380164103_html_fb15c753.png\" alt=\"\" width=\"690\" height=\"109\" name=\"Imagem 4\" align=\"BOTTOM\" border=\"0\" \/><\/p>\n<p><span style=\"font-family: Arial,serif;\"><span style=\"font-size: medium;\"><b>F<\/b><\/span><\/span><sub><span style=\"font-family: Arial,serif;\"><span style=\"font-size: medium;\"><b>R<\/b><\/span><\/span><\/sub><span style=\"font-family: Arial,serif;\"><span style=\"font-size: medium;\"><b> = ma e F<\/b><\/span><\/span><sub><span style=\"font-family: Arial,serif;\"><span style=\"font-size: medium;\"><b>R<\/b><\/span><\/span><\/sub><span style=\"font-family: Arial,serif;\"><span style=\"font-size: medium;\"><b> = F<\/b><\/span><\/span><sub><span style=\"font-family: Arial,serif;\"><span style=\"font-size: medium;\"><b>at <img loading=\"lazy\" decoding=\"async\" src=\"http:\/\/fisicaevestibular.com.br\/novo\/wp-content\/uploads\/universidades-2015\/iff-rs\/i_58ec331380164103_html_6f8c1749.png\" alt=\"\" width=\"21\" height=\"11\" name=\"graphics9\" align=\"BOTTOM\" border=\"0\" \/> <\/b><\/span><\/span><\/sub><span style=\"font-family: Arial,serif;\"><span style=\"font-size: medium;\"><b>ma = \u03bcmg <img loading=\"lazy\" decoding=\"async\" src=\"http:\/\/fisicaevestibular.com.br\/novo\/wp-content\/uploads\/universidades-2015\/iff-rs\/i_58ec331380164103_html_6f8c1749.png\" alt=\"\" width=\"21\" height=\"11\" name=\"graphics10\" align=\"BOTTOM\" border=\"0\" \/> 7,7 = \u03bc.10 <img loading=\"lazy\" decoding=\"async\" src=\"http:\/\/fisicaevestibular.com.br\/novo\/wp-content\/uploads\/universidades-2015\/iff-rs\/i_58ec331380164103_html_6f8c1749.png\" alt=\"\" width=\"21\" height=\"11\" name=\"graphics11\" align=\"BOTTOM\" border=\"0\" \/> <\/b><\/span><\/span><span style=\"color: #006600;\"><span style=\"font-family: Arial,serif;\"><span style=\"font-size: medium;\"><b>\u03bc = 0,77.<\/b><\/span><\/span><\/span><\/p>\n<p><span style=\"color: #ff0000;\"><span style=\"font-family: Arial,serif;\"><span style=\"font-size: medium;\"><b>R- A<\/b><\/span><\/span><\/span><\/p>\n<p><span style=\"color: #008000;\"><span style=\"font-family: Arial Black,serif;\"><span style=\"font-size: large;\"><b>02- <\/b><\/span><\/span><\/span><span style=\"font-family: Arial,serif;\"><span style=\"font-size: medium;\"><b>A <\/b><\/span><\/span><span style=\"color: #006600;\"><span style=\"font-family: Arial,serif;\"><span style=\"font-size: medium;\"><b>massa de ar no interior do bal\u00e3o \u00e9 a mesma<\/b><\/span><\/span><\/span><span style=\"font-family: Arial,serif;\"><span style=\"font-size: medium;\"><b> e, consequentemente seu peso, vertical e para baixo <\/b><\/span><\/span><span style=\"color: #006600;\"><span style=\"font-family: Arial,serif;\"><span style=\"font-size: medium;\"><b>tamb\u00e9m \u00e9 o mesmo<\/b><\/span><\/span><\/span><span style=\"font-family: Arial,serif;\"><span style=\"font-size: medium;\"><b>. Quem varia \u00e9 a for\u00e7a do <\/b><\/span><\/span><span style=\"color: #c00000;\"><span style=\"font-family: Arial,serif;\"><span style=\"font-size: medium;\"><b>empuxo <\/b><\/span><\/span><\/span><span style=\"font-family: Arial,serif;\"><span style=\"font-size: medium;\"><b>(vertical e para cima) devido \u00e0 <\/b><\/span><\/span><span style=\"color: #006600;\"><span style=\"font-family: Arial,serif;\"><span style=\"font-size: medium;\"><b>varia\u00e7\u00e3o <\/b><\/span><\/span><\/span><\/p>\n<p align=\"CENTER\"><img loading=\"lazy\" decoding=\"async\" src=\"http:\/\/fisicaevestibular.com.br\/novo\/wp-content\/uploads\/universidades-2015\/iff-rs\/i_58ec331380164103_html_d619c1d0.png\" alt=\"\" width=\"383\" height=\"152\" name=\"graphics12\" align=\"BOTTOM\" border=\"0\" \/><\/p>\n<p><span style=\"color: #006600;\"><span style=\"font-family: Arial,serif;\"><span style=\"font-size: medium;\"><b>de volume do g\u00e1s ao ser aquecido (V aumenta) ou resfriado (V diminui). <\/b><\/span><\/span><\/span><\/p>\n<p><span style=\"color: #ff0000;\"><span style=\"font-family: Arial,serif;\"><span style=\"font-size: medium;\"><b>R &#8211; A<\/b><\/span><\/span><\/span><\/p>\n<p><span style=\"color: #008000;\"><span style=\"font-family: Arial Black,serif;\"><span style=\"font-size: large;\"><b>03- <\/b><\/span><\/span><\/span><span style=\"color: #006600;\"><span style=\"font-family: Arial,serif;\"><span style=\"font-size: medium;\"><b>Q = mc(\u03b8 \u2013 \u03b8<\/b><\/span><\/span><\/span><span style=\"color: #006600;\"><sub><span style=\"font-family: Arial,serif;\"><span style=\"font-size: medium;\"><b>o<\/b><\/span><\/span><\/sub><\/span><span style=\"color: #006600;\"><span style=\"font-family: Arial,serif;\"><span style=\"font-size: medium;\"><b>)<\/b><\/span><\/span><\/span><span style=\"font-family: Arial,serif;\"><span style=\"font-size: medium;\"><b> <img loading=\"lazy\" decoding=\"async\" src=\"http:\/\/fisicaevestibular.com.br\/novo\/wp-content\/uploads\/universidades-2015\/iff-rs\/i_58ec331380164103_html_6f8c1749.png\" alt=\"\" width=\"21\" height=\"11\" name=\"graphics13\" align=\"BOTTOM\" border=\"0\" \/> 960.10<\/b><\/span><\/span><sup><span style=\"font-family: Arial,serif;\"><span style=\"font-size: medium;\"><b>3<\/b><\/span><\/span><\/sup><span style=\"font-family: Arial,serif;\"><span style=\"font-size: medium;\"><b> = m.1.(37 \u2013 5) <img loading=\"lazy\" decoding=\"async\" src=\"http:\/\/fisicaevestibular.com.br\/novo\/wp-content\/uploads\/universidades-2015\/iff-rs\/i_58ec331380164103_html_6f8c1749.png\" alt=\"\" width=\"21\" height=\"11\" name=\"graphics14\" align=\"BOTTOM\" border=\"0\" \/> m = 960.10<\/b><\/span><\/span><sup><span style=\"font-family: Arial,serif;\"><span style=\"font-size: medium;\"><b>3<\/b><\/span><\/span><\/sup><span style=\"font-family: Arial,serif;\"><span style=\"font-size: medium;\"><b>\/32 <img loading=\"lazy\" decoding=\"async\" src=\"http:\/\/fisicaevestibular.com.br\/novo\/wp-content\/uploads\/universidades-2015\/iff-rs\/i_58ec331380164103_html_6f8c1749.png\" alt=\"\" width=\"21\" height=\"11\" name=\"graphics15\" align=\"BOTTOM\" border=\"0\" \/> <\/b><\/span><\/span><span style=\"color: #006600;\"><span style=\"font-family: Arial,serif;\"><span style=\"font-size: medium;\"><b>m = 30.10<\/b><\/span><\/span><\/span><span style=\"color: #006600;\"><sup><span style=\"font-family: Arial,serif;\"><span style=\"font-size: medium;\"><b>3<\/b><\/span><\/span><\/sup><\/span><span style=\"color: #006600;\"><span style=\"font-family: Arial,serif;\"><span style=\"font-size: medium;\"><b> g = 30 kg.<\/b><\/span><\/span><\/span><\/p>\n<p><span style=\"color: #006600;\"><span style=\"font-family: Arial,serif;\"><span style=\"font-size: medium;\"><b>d<\/b><\/span><\/span><\/span><span style=\"color: #006600;\"><sub><span style=\"font-family: Arial,serif;\"><span style=\"font-size: medium;\"><b>\u00e1gua<\/b><\/span><\/span><\/sub><\/span><span style=\"font-family: Arial,serif;\"><span style=\"font-size: medium;\"><b> = 1 g\/cm<\/b><\/span><\/span><sup><span style=\"font-family: Arial,serif;\"><span style=\"font-size: medium;\"><b>3<\/b><\/span><\/span><\/sup><span style=\"font-family: Arial,serif;\"><span style=\"font-size: medium;\"><b> = 10<\/b><\/span><\/span><sup><span style=\"font-family: Arial,serif;\"><span style=\"font-size: medium;\"><b>3<\/b><\/span><\/span><\/sup><span style=\"font-family: Arial,serif;\"><span style=\"font-size: medium;\"><b>kg\/m<\/b><\/span><\/span><sup><span style=\"font-family: Arial,serif;\"><span style=\"font-size: medium;\"><b>3<\/b><\/span><\/span><\/sup><span style=\"font-family: Arial,serif;\"><span style=\"font-size: medium;\"><b> = 1 kg\/dm<\/b><\/span><\/span><sup><span style=\"font-family: Arial,serif;\"><span style=\"font-size: medium;\"><b>3<\/b><\/span><\/span><\/sup><span style=\"font-family: Arial,serif;\"><span style=\"font-size: medium;\"><b> <img loading=\"lazy\" decoding=\"async\" src=\"http:\/\/fisicaevestibular.com.br\/novo\/wp-content\/uploads\/universidades-2015\/iff-rs\/i_58ec331380164103_html_6f8c1749.png\" alt=\"\" width=\"21\" height=\"11\" name=\"graphics16\" align=\"BOTTOM\" border=\"0\" \/> <\/b><\/span><\/span><span style=\"color: #006600;\"><span style=\"font-family: Arial,serif;\"><span style=\"font-size: medium;\"><b>d<\/b><\/span><\/span><\/span><span style=\"color: #006600;\"><sub><span style=\"font-family: Arial,serif;\"><span style=\"font-size: medium;\"><b>\u00e1gua<\/b><\/span><\/span><\/sub><\/span><span style=\"color: #006600;\"><span style=\"font-family: Arial,serif;\"><span style=\"font-size: medium;\"><b> = 1kg\/L.<\/b><\/span><\/span><\/span><\/p>\n<p><span style=\"color: #c00000;\"><span style=\"font-family: Arial,serif;\"><span style=\"font-size: medium;\"><b>R- A<\/b><\/span><\/span><\/span><\/p>\n<p><span style=\"color: #008000;\"><span style=\"font-family: Arial Black,serif;\"><span style=\"font-size: large;\"><b>04- <\/b><\/span><\/span><\/span><span style=\"font-family: Arial,serif;\"><span style=\"font-size: medium;\"><b>Quando voc\u00ea <\/b><\/span><\/span><span style=\"color: #00b050;\"><span style=\"font-family: Arial,serif;\"><span style=\"font-size: medium;\"><b>diminui <\/b><\/span><\/span><\/span><span style=\"font-family: Arial,serif;\"><span style=\"font-size: medium;\"><b>o comprimento do filamento interno met\u00e1lico do chuveiro, voc\u00ea est\u00e1 <\/b><\/span><\/span><span style=\"color: #00b050;\"><span style=\"font-family: Arial,serif;\"><span style=\"font-size: medium;\"><b>diminuindo o valor da resist\u00eancia interna do chuveiro<\/b><\/span><\/span><\/span><span style=\"font-family: Arial,serif;\"><span style=\"font-size: medium;\"><b> e, consequentemente <\/b><\/span><\/span><span style=\"color: #00b050;\"><span style=\"font-family: Arial,serif;\"><span style=\"font-size: medium;\"><b>aumentando sua<\/b><\/span><\/span><\/span><b> <\/b><span style=\"color: #00b050;\"><span style=\"font-family: Arial,serif;\"><span style=\"font-size: medium;\"><b>pot\u00eancia el\u00e9trica<\/b><\/span><\/span><\/span><span style=\"font-family: Arial,serif;\"><span style=\"font-size: medium;\"><b>, pois P = U<\/b><\/span><\/span><sup><span style=\"font-family: Arial,serif;\"><span style=\"font-size: medium;\"><b>2<\/b><\/span><\/span><\/sup><span style=\"font-family: Arial,serif;\"><span style=\"font-size: medium;\"><b>\/R e, como U \u00e9 a mesma R \u00e9 inversamente proporcional \u00e0 P.<\/b><\/span><\/span><\/p>\n<p><span style=\"color: #ff0000;\"><span style=\"font-family: Arial,serif;\"><span style=\"font-size: medium;\"><b>R- C <\/b><\/span><\/span><\/span><\/p>\n<p><span style=\"color: #008000;\"><span style=\"font-family: Arial Black,serif;\"><span style=\"font-size: large;\"><b>05- <\/b><\/span><\/span><\/span><span style=\"font-family: Arial,serif;\"><span style=\"font-size: medium;\"><b>As tr\u00eas est\u00e3o corretas.<\/b><\/span><\/span><\/p>\n<p><span style=\"color: #ff0000;\"><span style=\"font-family: Arial,serif;\"><span style=\"font-size: medium;\"><b>R- E<\/b><\/span><\/span><\/span><\/p>\n<h2><\/h2>\n<h2><a title=\"Exerc\u00edcios Resolvidos da IFF-RS 2015\" href=\"http:\/\/fisicaevestibular.com.br\/novo\/universidades-2015\/exercicios-resolvidos-da-iff-rs-2015\/\"><span style=\"color: #000080;\">Voltar para exerc\u00edcios.<\/span><\/a><\/h2>\n","protected":false},"excerpt":{"rendered":"<p>RESOLU\u00c7\u00d5ES 01- I. Correta \u00a0ABS (Anti-lock Braking System) \u00e9 um sistema de frenagem que evita que a roda bloqueie e entre em derrapagem quando o pedal do freio \u00e9 pisado fortemente, evitando que a roda n\u00e3o trave,e o carro comece a derrapar. Isso ocorre porque atrito entre o pneu e o pavimento \u00e9 o atrito est\u00e1tico que \u00e9 maior que<\/p>\n","protected":false},"author":1,"featured_media":0,"parent":755,"menu_order":0,"comment_status":"closed","ping_status":"closed","template":"","meta":{"om_disable_all_campaigns":false,"_monsterinsights_skip_tracking":false,"_monsterinsights_sitenote_active":false,"_monsterinsights_sitenote_note":"","_monsterinsights_sitenote_category":0,"footnotes":""},"class_list":["post-757","page","type-page","status-publish","hentry"],"aioseo_notices":[],"_links":{"self":[{"href":"https:\/\/fisicaevestibular.com.br\/novo\/wp-json\/wp\/v2\/pages\/757","targetHints":{"allow":["GET"]}}],"collection":[{"href":"https:\/\/fisicaevestibular.com.br\/novo\/wp-json\/wp\/v2\/pages"}],"about":[{"href":"https:\/\/fisicaevestibular.com.br\/novo\/wp-json\/wp\/v2\/types\/page"}],"author":[{"embeddable":true,"href":"https:\/\/fisicaevestibular.com.br\/novo\/wp-json\/wp\/v2\/users\/1"}],"replies":[{"embeddable":true,"href":"https:\/\/fisicaevestibular.com.br\/novo\/wp-json\/wp\/v2\/comments?post=757"}],"version-history":[{"count":2,"href":"https:\/\/fisicaevestibular.com.br\/novo\/wp-json\/wp\/v2\/pages\/757\/revisions"}],"predecessor-version":[{"id":760,"href":"https:\/\/fisicaevestibular.com.br\/novo\/wp-json\/wp\/v2\/pages\/757\/revisions\/760"}],"up":[{"embeddable":true,"href":"https:\/\/fisicaevestibular.com.br\/novo\/wp-json\/wp\/v2\/pages\/755"}],"wp:attachment":[{"href":"https:\/\/fisicaevestibular.com.br\/novo\/wp-json\/wp\/v2\/media?parent=757"}],"curies":[{"name":"wp","href":"https:\/\/api.w.org\/{rel}","templated":true}]}}