{"id":719,"date":"2015-05-12T19:16:58","date_gmt":"2015-05-12T19:16:58","guid":{"rendered":"http:\/\/fisicaevestibular.com.br\/novo\/?page_id=719"},"modified":"2024-09-03T13:09:17","modified_gmt":"2024-09-03T13:09:17","slug":"resolucao-comentada-da-unipar-2015","status":"publish","type":"page","link":"https:\/\/fisicaevestibular.com.br\/novo\/universidades-2015\/exercicios-resolvidos-da-unipar-2015\/resolucao-comentada-da-unipar-2015\/","title":{"rendered":"Resolu\u00e7\u00e3o Comentada da UNIPAR 2015"},"content":{"rendered":"<p align=\"CENTER\"><span style=\"color: #c00000;\"><span style=\"font-family: Arial Black,serif;\"><span style=\"font-size: large;\">RESOLU\u00c7\u00d5ES<\/span><\/span><\/span><\/p>\n<p><span style=\"color: #c00000;\"><span style=\"font-family: Arial Black,serif;\"><span style=\"font-size: large;\">01- <\/span><\/span><\/span><span style=\"color: #0000cc;\"><span style=\"font-family: Arial,serif;\"><span style=\"font-size: medium;\"><b>Dilata\u00e7\u00e3o superficial <img decoding=\"async\" src=\"http:\/\/fisicaevestibular.com.br\/novo\/wp-content\/uploads\/universidades-2015\/unipar\/i_3534f062805d8038_html_c3387a7.png\" alt=\"\" width=\"25\" height=\"10\" name=\"Imagem 4\" align=\"BOTTOM\" border=\"0\" \/> \u2206S = S<\/b><\/span><\/span><\/span><span style=\"color: #0000cc;\"><sub><span style=\"font-family: Arial,serif;\"><span style=\"font-size: medium;\"><b>o<\/b><\/span><\/span><\/sub><\/span><span style=\"color: #0000cc;\"><span style=\"font-family: Arial,serif;\"><span style=\"font-size: medium;\"><b>.\u03b2.\u2206t <img decoding=\"async\" src=\"http:\/\/fisicaevestibular.com.br\/novo\/wp-content\/uploads\/universidades-2015\/unipar\/i_3534f062805d8038_html_c3387a7.png\" alt=\"\" width=\"25\" height=\"10\" name=\"graphics4\" align=\"BOTTOM\" border=\"0\" \/><\/b><\/span><\/span><\/span><span style=\"font-family: Arial,serif;\"><span style=\"font-size: medium;\"><b> a <\/b><\/span><\/span><span style=\"color: #0000cc;\"><span style=\"font-family: Arial,serif;\"><span style=\"font-size: medium;\"><b>diminui\u00e7\u00e3o de \u00e1rea ser\u00e1 a mesma para os dois<\/b><\/span><\/span><\/span><span style=\"font-family: Arial,serif;\"><span style=\"font-size: medium;\"><b>, pois s\u00e3o do <\/b><\/span><\/span><span style=\"color: #0000cc;\"><span style=\"font-family: Arial,serif;\"><span style=\"font-size: medium;\"><b>mesmo material<\/b><\/span><\/span><\/span><span style=\"font-family: Arial,serif;\"><span style=\"font-size: medium;\"><b> (mesmo coeficiente de dilata\u00e7\u00e3o superficial \u03b2), possuem <\/b><\/span><\/span><span style=\"color: #0000cc;\"><span style=\"font-family: Arial,serif;\"><span style=\"font-size: medium;\"><b>mesma \u00e1rea inicial<\/b><\/span><\/span><\/span><span style=\"font-family: Arial,serif;\"><span style=\"font-size: medium;\"><b> (S<\/b><\/span><\/span><sub><span style=\"font-family: Arial,serif;\"><span style=\"font-size: medium;\"><b>o<\/b><\/span><\/span><\/sub><span style=\"font-family: Arial,serif;\"><span style=\"font-size: medium;\"><b>) e sofrem a <\/b><\/span><\/span><span style=\"color: #0000cc;\"><span style=\"font-family: Arial,serif;\"><span style=\"font-size: medium;\"><b>mesma varia\u00e7\u00e3o de temperatura<\/b><\/span><\/span><\/span><span style=\"font-family: Arial,serif;\"><span style=\"font-size: medium;\"><b> (\u2206t). <\/b><\/span><\/span><span style=\"color: #0000cc;\"><span style=\"font-family: Arial,serif;\"><span style=\"font-size: medium;\"><b>Assim, tanto o disco quanto o anel continuam encaixando-se no orif\u00edcio na placa.<\/b><\/span><\/span><\/span><\/p>\n<p><span style=\"color: #ff0000;\"><span style=\"font-family: Arial,serif;\"><span style=\"font-size: medium;\"><b>R- B<\/b><\/span><\/span><\/span><\/p>\n<p><span style=\"color: #c00000;\"><span style=\"font-family: Arial Black,serif;\"><span style=\"font-size: large;\">02- <\/span><\/span><\/span><span style=\"color: #0000cc;\"><span style=\"font-family: Arial,serif;\"><span style=\"font-size: medium;\"><b>Q = m.c.\u2206\u03b8<\/b><\/span><\/span><\/span><span style=\"font-family: Arial,serif;\"><span style=\"font-size: medium;\"><b> = 200.1.(100 \u2013 30) = <\/b><\/span><\/span><span style=\"color: #0000cc;\"><span style=\"font-family: Arial,serif;\"><span style=\"font-size: medium;\"><b>14000 cal <img decoding=\"async\" src=\"http:\/\/fisicaevestibular.com.br\/novo\/wp-content\/uploads\/universidades-2015\/unipar\/i_3534f062805d8038_html_c3387a7.png\" alt=\"\" width=\"25\" height=\"10\" name=\"graphics5\" align=\"BOTTOM\" border=\"0\" \/> P = Q\/\u2206 t <img loading=\"lazy\" decoding=\"async\" src=\"http:\/\/fisicaevestibular.com.br\/novo\/wp-content\/uploads\/universidades-2015\/unipar\/i_3534f062805d8038_html_c3387a7.png\" alt=\"\" width=\"25\" height=\"10\" name=\"graphics6\" align=\"BOTTOM\" border=\"0\" \/><\/b><\/span><\/span><\/span><span style=\"font-family: Arial,serif;\"><span style=\"font-size: medium;\"><b> 250 = 14000\/\u2206t <img loading=\"lazy\" decoding=\"async\" src=\"http:\/\/fisicaevestibular.com.br\/novo\/wp-content\/uploads\/universidades-2015\/unipar\/i_3534f062805d8038_html_c3387a7.png\" alt=\"\" width=\"25\" height=\"10\" name=\"graphics7\" align=\"BOTTOM\" border=\"0\" \/> \u2206t = 14000\/250 <\/b><\/span><\/span><span style=\"color: #0000cc;\"><span style=\"font-family: Arial,serif;\"><span style=\"font-size: medium;\"><b>= <\/b><\/span><\/span><\/span><\/p>\n<p><span style=\"color: #0000cc;\"><span style=\"font-family: Arial,serif;\"><span style=\"font-size: medium;\"><b>56 s.<\/b><\/span><\/span><\/span><\/p>\n<p><span style=\"color: #ff0000;\"><span style=\"font-family: Arial,serif;\"><span style=\"font-size: medium;\"><b>R- E<\/b><\/span><\/span><\/span><\/p>\n<p><span style=\"color: #c00000;\"><span style=\"font-family: Arial Black,serif;\"><span style=\"font-size: large;\">03- <\/span><\/span><\/span><span style=\"color: #0000cc;\"><span style=\"font-family: Arial,serif;\"><span style=\"font-size: medium;\"><b>Tempo <\/b><\/span><\/span><\/span><span style=\"font-family: Arial,serif;\"><span style=\"font-size: medium;\"><b>que demora para percorrer a <\/b><\/span><\/span><span style=\"color: #0000cc;\"><span style=\"font-family: Arial,serif;\"><span style=\"font-size: medium;\"><b>primeira metade \u2206S = 100 km com V<\/b><\/span><\/span><\/span><span style=\"color: #0000cc;\"><sub><span style=\"font-family: Arial,serif;\"><span style=\"font-size: medium;\"><b>m<\/b><\/span><\/span><\/sub><\/span><span style=\"color: #0000cc;\"><span style=\"font-family: Arial,serif;\"><span style=\"font-size: medium;\"><b> = 60 km\/h <img loading=\"lazy\" decoding=\"async\" src=\"http:\/\/fisicaevestibular.com.br\/novo\/wp-content\/uploads\/universidades-2015\/unipar\/i_3534f062805d8038_html_c3387a7.png\" alt=\"\" width=\"25\" height=\"10\" name=\"graphics8\" align=\"BOTTOM\" border=\"0\" \/> V<\/b><\/span><\/span><\/span><span style=\"color: #0000cc;\"><sub><span style=\"font-family: Arial,serif;\"><span style=\"font-size: medium;\"><b>m<\/b><\/span><\/span><\/sub><\/span><span style=\"color: #0000cc;\"><span style=\"font-family: Arial,serif;\"><span style=\"font-size: medium;\"><b> = \u2206S\/\u2206t<img loading=\"lazy\" decoding=\"async\" src=\"http:\/\/fisicaevestibular.com.br\/novo\/wp-content\/uploads\/universidades-2015\/unipar\/i_3534f062805d8038_html_c3387a7.png\" alt=\"\" width=\"25\" height=\"10\" name=\"graphics9\" align=\"BOTTOM\" border=\"0\" \/><\/b><\/span><\/span><\/span><span style=\"font-family: Arial,serif;\"><span style=\"font-size: medium;\"><b> 60 = 100\/\u2206t <img loading=\"lazy\" decoding=\"async\" src=\"http:\/\/fisicaevestibular.com.br\/novo\/wp-content\/uploads\/universidades-2015\/unipar\/i_3534f062805d8038_html_c3387a7.png\" alt=\"\" width=\"25\" height=\"10\" name=\"graphics10\" align=\"BOTTOM\" border=\"0\" \/> <\/b><\/span><\/span><span style=\"color: #0000cc;\"><span style=\"font-family: Arial,serif;\"><span style=\"font-size: medium;\"><b>\u2206t<\/b><\/span><\/span><\/span><span style=\"font-family: Arial,serif;\"><span style=\"font-size: medium;\"><b> = 100\/60 <\/b><\/span><\/span><span style=\"color: #0000cc;\"><span style=\"font-family: Arial,serif;\"><span style=\"font-size: medium;\"><b>= 5\/3 h.<\/b><\/span><\/span><\/span><\/p>\n<p><span style=\"font-family: Arial,serif;\"><span style=\"font-size: medium;\"><b>O <\/b><\/span><\/span><span style=\"color: #0000cc;\"><span style=\"font-family: Arial,serif;\"><span style=\"font-size: medium;\"><b>tempo da primeira etapa que deve incluir os 20 min = 20\/60 = 1\/3 h de parada <img loading=\"lazy\" decoding=\"async\" src=\"http:\/\/fisicaevestibular.com.br\/novo\/wp-content\/uploads\/universidades-2015\/unipar\/i_3534f062805d8038_html_c3387a7.png\" alt=\"\" width=\"25\" height=\"10\" name=\"graphics11\" align=\"BOTTOM\" border=\"0\" \/> \u2206t<\/b><\/span><\/span><\/span><span style=\"color: #0000cc;\"><sub><span style=\"font-family: Arial,serif;\"><span style=\"font-size: medium;\"><b>1<\/b><\/span><\/span><\/sub><\/span><span style=\"font-family: Arial,serif;\"><span style=\"font-size: medium;\"><b> = 5\/3 + 1\/3 = <\/b><\/span><\/span><span style=\"color: #0000cc;\"><span style=\"font-family: Arial,serif;\"><span style=\"font-size: medium;\"><b>2h.<\/b><\/span><\/span><\/span><\/p>\n<p><span style=\"font-family: Arial,serif;\"><span style=\"font-size: medium;\"><b>Para percorrer a <\/b><\/span><\/span><span style=\"color: #0000cc;\"><span style=\"font-family: Arial,serif;\"><span style=\"font-size: medium;\"><b>segunda metade (100km), faltam \u2206t<\/b><\/span><\/span><\/span><span style=\"color: #0000cc;\"><sub><span style=\"font-family: Arial,serif;\"><span style=\"font-size: medium;\"><b>2<\/b><\/span><\/span><\/sub><\/span><span style=\"color: #0000cc;\"><span style=\"font-family: Arial,serif;\"><span style=\"font-size: medium;\"><b> = 3 \u2013 2 = 1h <img loading=\"lazy\" decoding=\"async\" src=\"http:\/\/fisicaevestibular.com.br\/novo\/wp-content\/uploads\/universidades-2015\/unipar\/i_3534f062805d8038_html_c3387a7.png\" alt=\"\" width=\"25\" height=\"10\" name=\"graphics12\" align=\"BOTTOM\" border=\"0\" \/><\/b><\/span><\/span><\/span><span style=\"font-family: Arial,serif;\"><span style=\"font-size: medium;\"><b> V<\/b><\/span><\/span><sub><span style=\"font-family: Arial,serif;\"><span style=\"font-size: medium;\"><b>m2<\/b><\/span><\/span><\/sub><span style=\"font-family: Arial,serif;\"><span style=\"font-size: medium;\"><b> = 100\/1 <img loading=\"lazy\" decoding=\"async\" src=\"http:\/\/fisicaevestibular.com.br\/novo\/wp-content\/uploads\/universidades-2015\/unipar\/i_3534f062805d8038_html_c3387a7.png\" alt=\"\" width=\"25\" height=\"10\" name=\"graphics13\" align=\"BOTTOM\" border=\"0\" \/> <\/b><\/span><\/span><span style=\"color: #0000cc;\"><span style=\"font-family: Arial,serif;\"><span style=\"font-size: medium;\"><b>V<\/b><\/span><\/span><\/span><span style=\"color: #0000cc;\"><sub><span style=\"font-family: Arial,serif;\"><span style=\"font-size: medium;\"><b>m2<\/b><\/span><\/span><\/sub><\/span><span style=\"color: #0000cc;\"><span style=\"font-family: Arial,serif;\"><span style=\"font-size: medium;\"><b> = 100 km\/h.<\/b><\/span><\/span><\/span><\/p>\n<p><span style=\"color: #ff0000;\"><span style=\"font-family: Arial,serif;\"><span style=\"font-size: medium;\"><b>R- C<\/b><\/span><\/span><\/span><\/p>\n<p><span style=\"color: #c00000;\"><span style=\"font-family: Arial Black,serif;\"><span style=\"font-size: large;\">04- <\/span><\/span><\/span><span style=\"color: #0000cc;\"><span style=\"font-family: Arial,serif;\"><span style=\"font-size: medium;\"><b>Velocidade do barco em rela\u00e7\u00e3o \u00e0s margens <img loading=\"lazy\" decoding=\"async\" src=\"http:\/\/fisicaevestibular.com.br\/novo\/wp-content\/uploads\/universidades-2015\/unipar\/i_3534f062805d8038_html_c3387a7.png\" alt=\"\" width=\"25\" height=\"10\" name=\"graphics14\" align=\"BOTTOM\" border=\"0\" \/> V<\/b><\/span><\/span><\/span><span style=\"color: #0000cc;\"><sub><span style=\"font-family: Arial,serif;\"><span style=\"font-size: medium;\"><b>bm<\/b><\/span><\/span><\/sub><\/span><span style=\"color: #000000;\"><span style=\"font-family: Arial,serif;\"><span style=\"font-size: medium;\"><b> = 14 + 4 = 18\/3,6 <\/b><\/span><\/span><\/span><span style=\"color: #0000cc;\"><span style=\"font-family: Arial,serif;\"><span style=\"font-size: medium;\"><b>= 5 m\/s <img loading=\"lazy\" decoding=\"async\" src=\"http:\/\/fisicaevestibular.com.br\/novo\/wp-content\/uploads\/universidades-2015\/unipar\/i_3534f062805d8038_html_c3387a7.png\" alt=\"\" width=\"25\" height=\"10\" name=\"graphics15\" align=\"BOTTOM\" border=\"0\" \/><\/b><\/span><\/span><\/span><span style=\"color: #000000;\"><span style=\"font-family: Arial,serif;\"><span style=\"font-size: medium;\"><b> para atravessar totalmente a ponte o <\/b><\/span><\/span><\/span><span style=\"color: #0000cc;\"><span style=\"font-family: Arial,serif;\"><span style=\"font-size: medium;\"><b>barco percorre \u2206S = L + D = 80 + 25 = 105m <img loading=\"lazy\" decoding=\"async\" src=\"http:\/\/fisicaevestibular.com.br\/novo\/wp-content\/uploads\/universidades-2015\/unipar\/i_3534f062805d8038_html_c3387a7.png\" alt=\"\" width=\"25\" height=\"10\" name=\"graphics16\" align=\"BOTTOM\" border=\"0\" \/> V<\/b><\/span><\/span><\/span><span style=\"color: #0000cc;\"><sub><span style=\"font-family: Arial,serif;\"><span style=\"font-size: medium;\"><b>bm<\/b><\/span><\/span><\/sub><\/span><span style=\"color: #0000cc;\"><span style=\"font-family: Arial,serif;\"><span style=\"font-size: medium;\"><b> = \u2206S\/\u2206t <img loading=\"lazy\" decoding=\"async\" src=\"http:\/\/fisicaevestibular.com.br\/novo\/wp-content\/uploads\/universidades-2015\/unipar\/i_3534f062805d8038_html_c3387a7.png\" alt=\"\" width=\"25\" height=\"10\" name=\"graphics17\" align=\"BOTTOM\" border=\"0\" \/><\/b><\/span><\/span><\/span><span style=\"color: #000000;\"><span style=\"font-family: Arial,serif;\"><span style=\"font-size: medium;\"><b> 5 = 105\/\u2206t <img loading=\"lazy\" decoding=\"async\" src=\"http:\/\/fisicaevestibular.com.br\/novo\/wp-content\/uploads\/universidades-2015\/unipar\/i_3534f062805d8038_html_c3387a7.png\" alt=\"\" width=\"25\" height=\"10\" name=\"graphics18\" align=\"BOTTOM\" border=\"0\" \/><\/b><\/span><\/span><\/span><\/p>\n<p><span style=\"color: #0000cc;\">\u2206<span style=\"font-family: Arial,serif;\"><span style=\"font-size: medium;\"><b>t = 21 s.<\/b><\/span><\/span><\/span><\/p>\n<p><span style=\"color: #ff0000;\"><span style=\"font-family: Arial,serif;\"><span style=\"font-size: medium;\"><b>R- A<\/b><\/span><\/span><\/span><\/p>\n<p><span style=\"color: #c00000;\"><span style=\"font-family: Arial Black,serif;\"><span style=\"font-size: large;\">05- <\/span><\/span><\/span><span style=\"font-family: Arial,serif;\"><span style=\"font-size: medium;\"><b>Observe na figura abaixo que as <\/b><\/span><\/span><span style=\"color: #0000cc;\"><span style=\"font-family: Arial,serif;\"><span style=\"font-size: medium;\"><b>regi\u00f5es I e III recebem apenas parte da luz<\/b><\/span><\/span><\/span><span style=\"font-family: Arial,serif;\"><span style=\"font-size: medium;\"><b> emitida pela fonte <\/b><\/span><\/span><\/p>\n<p align=\"CENTER\"><img loading=\"lazy\" decoding=\"async\" src=\"http:\/\/fisicaevestibular.com.br\/novo\/wp-content\/uploads\/universidades-2015\/unipar\/i_3534f062805d8038_html_670a569b.png\" alt=\"\" width=\"225\" height=\"139\" name=\"Imagem 16\" align=\"BOTTOM\" border=\"0\" \/><\/p>\n<p><span style=\"font-family: Arial,serif;\"><span style=\"font-size: medium;\"><b>extensa <\/b><\/span><\/span><span style=\"color: #0000cc;\"><span style=\"font-family: Arial,serif;\"><span style=\"font-size: medium;\"><b>(penumbras)<\/b><\/span><\/span><\/span><span style=\"font-family: Arial,serif;\"><span style=\"font-size: medium;\"><b> enquanto que a <\/b><\/span><\/span><span style=\"color: #0000cc;\"><span style=\"font-family: Arial,serif;\"><span style=\"font-size: medium;\"><b>regi\u00e3o II n\u00e3o recebe nenhuma luz emitida pela fonte extensa (sombra).<\/b><\/span><\/span><\/span><\/p>\n<p><span style=\"color: #ff0000;\"><span style=\"font-family: Arial,serif;\"><span style=\"font-size: medium;\"><b>R- D<\/b><\/span><\/span><\/span><\/p>\n<h2><\/h2>\n<h2><a title=\"Exerc\u00edcios Resolvidos da UNIPAR 2015\" href=\"http:\/\/fisicaevestibular.com.br\/novo\/universidades-2015\/exercicios-resolvidos-da-unipar-2015\/\"><span style=\"color: #000080;\">Voltar para exerc\u00edcios.<\/span><\/a><\/h2>\n","protected":false},"excerpt":{"rendered":"<p>RESOLU\u00c7\u00d5ES 01- Dilata\u00e7\u00e3o superficial \u2206S = So.\u03b2.\u2206t a diminui\u00e7\u00e3o de \u00e1rea ser\u00e1 a mesma para os dois, pois s\u00e3o do mesmo material (mesmo coeficiente de dilata\u00e7\u00e3o superficial \u03b2), possuem mesma \u00e1rea inicial (So) e sofrem a mesma varia\u00e7\u00e3o de temperatura (\u2206t). Assim, tanto o disco quanto o anel continuam encaixando-se no orif\u00edcio na placa. R- B 02- Q = m.c.\u2206\u03b8<\/p>\n","protected":false},"author":1,"featured_media":0,"parent":717,"menu_order":0,"comment_status":"closed","ping_status":"closed","template":"","meta":{"om_disable_all_campaigns":false,"_monsterinsights_skip_tracking":false,"_monsterinsights_sitenote_active":false,"_monsterinsights_sitenote_note":"","_monsterinsights_sitenote_category":0,"footnotes":""},"class_list":["post-719","page","type-page","status-publish","hentry"],"aioseo_notices":[],"_links":{"self":[{"href":"https:\/\/fisicaevestibular.com.br\/novo\/wp-json\/wp\/v2\/pages\/719","targetHints":{"allow":["GET"]}}],"collection":[{"href":"https:\/\/fisicaevestibular.com.br\/novo\/wp-json\/wp\/v2\/pages"}],"about":[{"href":"https:\/\/fisicaevestibular.com.br\/novo\/wp-json\/wp\/v2\/types\/page"}],"author":[{"embeddable":true,"href":"https:\/\/fisicaevestibular.com.br\/novo\/wp-json\/wp\/v2\/users\/1"}],"replies":[{"embeddable":true,"href":"https:\/\/fisicaevestibular.com.br\/novo\/wp-json\/wp\/v2\/comments?post=719"}],"version-history":[{"count":1,"href":"https:\/\/fisicaevestibular.com.br\/novo\/wp-json\/wp\/v2\/pages\/719\/revisions"}],"predecessor-version":[{"id":720,"href":"https:\/\/fisicaevestibular.com.br\/novo\/wp-json\/wp\/v2\/pages\/719\/revisions\/720"}],"up":[{"embeddable":true,"href":"https:\/\/fisicaevestibular.com.br\/novo\/wp-json\/wp\/v2\/pages\/717"}],"wp:attachment":[{"href":"https:\/\/fisicaevestibular.com.br\/novo\/wp-json\/wp\/v2\/media?parent=719"}],"curies":[{"name":"wp","href":"https:\/\/api.w.org\/{rel}","templated":true}]}}