{"id":699,"date":"2015-05-12T18:28:04","date_gmt":"2015-05-12T18:28:04","guid":{"rendered":"http:\/\/fisicaevestibular.com.br\/novo\/?page_id=699"},"modified":"2024-09-03T12:52:10","modified_gmt":"2024-09-03T12:52:10","slug":"resolucao-comentada-da-ufsj-mg-2015","status":"publish","type":"page","link":"https:\/\/fisicaevestibular.com.br\/novo\/universidades-2015\/exercicios-resolvidos-da-ufsj-mg-2015\/resolucao-comentada-da-ufsj-mg-2015\/","title":{"rendered":"Resolu\u00e7\u00e3o Comentada da UFSJ-MG 2015"},"content":{"rendered":"<p align=\"CENTER\"><span style=\"color: #c00000;\"><span style=\"font-family: Arial Black,serif;\"><span style=\"font-size: large;\">RESOLU\u00c7\u00d5ES<\/span><\/span><\/span><\/p>\n<p><span style=\"color: #c00000;\"><span style=\"font-family: Arial Black,serif;\"><span style=\"font-size: large;\">01- <\/span><\/span><\/span><span style=\"color: #c00000;\"><span style=\"font-family: Arial,serif;\"><span style=\"font-size: medium;\">Natureza das ondas:<\/span><\/span><\/span><span style=\"color: #0000cc;\"><span style=\"font-family: Arial,serif;\"><span style=\"font-size: medium;\"><br \/>\n<\/span><\/span><\/span><span style=\"color: #c00000;\"><span style=\"font-family: Arial,serif;\"><span style=\"font-size: medium;\">Ondas mec\u00e2nicas<\/span><\/span><\/span><span style=\"color: #0000cc;\"><span style=\"font-family: Arial,serif;\"><span style=\"font-size: medium;\">: s\u00e3o aquelas que necessitam de um meio material para se propagar.\u00a0 Exemplos: ondas no mar (o meio \u00e9 a \u00e1gua), ondas sonoras ( o meio pode ser ar, \u00e1gua,etc.), ondas em uma corda (o meio \u00e9 a corda), etc.Todas essas perturba\u00e7\u00f5es s\u00e3o causadas em meios materiais.<br \/>\n&#8211; <\/span><\/span><\/span><span style=\"color: #c00000;\"><span style=\"font-family: Arial,serif;\"><span style=\"font-size: medium;\">Ondas eletromagn\u00e9ticas<\/span><\/span><\/span><span style=\"color: #0000cc;\"><span style=\"font-family: Arial,serif;\"><span style=\"font-size: medium;\">: s\u00e3o ondas que n\u00e3o precisam de um meio material para se propagar. Tamb\u00e9m podem se propagar em meios materiais. A luz \u00e9 uma onda eletromagn\u00e9tica, pois se propaga no v\u00e1cuo, no ar, na \u00e1gua, etc. Outros exemplos: microondas, raio-x , ondas de r\u00e1dio, etc.<\/span><\/span><\/span><\/p>\n<p><span style=\"color: #c00000;\"><span style=\"font-family: Arial,serif;\"><span style=\"font-size: medium;\">Tipos de ondas:<\/span><\/span><\/span><\/p>\n<p><span style=\"color: #0000cc;\"><span style=\"font-family: Arial,serif;\"><span style=\"font-size: medium;\">&#8211; <\/span><\/span><\/span><span style=\"color: #c00000;\"><span style=\"font-family: Arial,serif;\"><span style=\"font-size: medium;\">Ondas transversais<\/span><\/span><\/span><span style=\"color: #0000cc;\"><span style=\"font-family: Arial,serif;\"><span style=\"font-size: medium;\"> \u2013 \u00a0a dire\u00e7\u00e3o de propaga\u00e7\u00e3o \u00e9 perpendicular \u00e0 dire\u00e7\u00e3o de vibra\u00e7\u00e3o. Exemplos: ondas numa corda, ondas na \u00e1gua, ondas eletromagn\u00e9ticas, etc.<\/span><\/span><\/span><\/p>\n<p align=\"CENTER\"><img fetchpriority=\"high\" decoding=\"async\" src=\"http:\/\/fisicaevestibular.com.br\/novo\/wp-content\/uploads\/universidades-2015\/ufsj-mg\/i_2b410660a46ab80c_html_41bdfc2d.jpg\" alt=\"\" width=\"348\" height=\"150\" name=\"graphics3\" align=\"BOTTOM\" border=\"0\" \/><\/p>\n<p><span style=\"color: #0000cc;\"><span style=\"font-family: Arial,serif;\"><span style=\"font-size: medium;\">\u00c0 medida que a onda se propaga para a direita (dire\u00e7\u00e3o horizontal), as part\u00edculas do meio do meio (mancha na corda, mol\u00e9cula<\/span><\/span><\/span><\/p>\n<p><span style=\"color: #0000cc;\"><span style=\"font-family: Arial,serif;\"><span style=\"font-size: medium;\">da \u00e1gua) se movem na dire\u00e7\u00e3o vertical, subindo e descendo.\u00a0<\/span><\/span><\/span><\/p>\n<p><span style=\"color: #0000cc;\"><span style=\"font-family: Arial,serif;\"><span style=\"font-size: medium;\">&#8211; <\/span><\/span><\/span><span style=\"color: #c00000;\"><span style=\"font-family: Arial,serif;\"><span style=\"font-size: medium;\">Ondas longitudinais<\/span><\/span><\/span><span style=\"color: #0000cc;\"><span style=\"font-family: Arial,serif;\"><span style=\"font-size: medium;\"> \u2013 a dire\u00e7\u00e3o de propaga\u00e7\u00e3o coincide com a dire\u00e7\u00e3o de oscila\u00e7\u00e3o. Exemplos: ondas sonoras, ondas numa mola, etc. (o alto falante vibra no eixo x, e as ondas seguem essa mesma dire\u00e7\u00e3o), etc.<br \/>\n<\/span><\/span><\/span><\/p>\n<p align=\"CENTER\"><img decoding=\"async\" src=\"http:\/\/fisicaevestibular.com.br\/novo\/wp-content\/uploads\/universidades-2015\/ufsj-mg\/i_2b410660a46ab80c_html_2b68324.jpg\" alt=\"\" width=\"323\" height=\"147\" name=\"graphics4\" align=\"BOTTOM\" border=\"0\" \/><\/p>\n<p><span style=\"color: #0000cc;\">\u00a0\u00a0\u00a0\u00a0\u00a0\u00a0 \u00a0\u00a0\u00a0\u00a0\u00a0\u00a0\u00a0\u00a0\u00a0\u00a0\u00a0\u00a0<img decoding=\"async\" src=\"http:\/\/fisicaevestibular.com.br\/novo\/wp-content\/uploads\/universidades-2015\/ufsj-mg\/i_2b410660a46ab80c_html_fd5d6483.jpg\" alt=\"\" width=\"233\" height=\"164\" name=\"graphics5\" align=\"BOTTOM\" border=\"0\" \/>\u00a0\u00a0\u00a0\u00a0\u00a0\u00a0\u00a0\u00a0\u00a0\u00a0\u00a0\u00a0\u00a0\u00a0\u00a0<img loading=\"lazy\" decoding=\"async\" src=\"http:\/\/fisicaevestibular.com.br\/novo\/wp-content\/uploads\/universidades-2015\/ufsj-mg\/i_2b410660a46ab80c_html_666c2ba8.jpg\" alt=\"\" width=\"272\" height=\"117\" name=\"graphics6\" align=\"BOTTOM\" border=\"0\" \/>\u00a0\u00a0\u00a0<\/span><\/p>\n<p><span style=\"color: #0000cc;\"><span style=\"font-family: Arial,serif;\"><span style=\"font-size: medium;\">As ondas se movem atrav\u00e9s de uma s\u00e9rie de compress\u00f5es e rarefa\u00e7\u00f5es em um <\/span><\/span><\/span><span style=\"color: #c00000;\"><span style=\"font-family: Arial,serif;\"><span style=\"font-size: medium;\">meio (ar, mola)<\/span><\/span><\/span><span style=\"color: #0000cc;\"><span style=\"font-family: Arial,serif;\"><span style=\"font-size: medium;\"> se propagando, nas figuras, na dire\u00e7\u00e3o horizontal e onde as mol\u00e9culas de ar ou cada ponto\u00a0 da mola vibram tamb\u00e9m na dire\u00e7\u00e3o horizontal. No ar se movem em todas as dire\u00e7\u00f5es e mesmo sentido.<\/span><\/span><\/span><\/p>\n<p><span style=\"color: #ff0000;\"><span style=\"font-family: Arial,serif;\"><span style=\"font-size: medium;\">R- D\u00a0<\/span><\/span><\/span><\/p>\n<p><span style=\"color: #c00000;\"><span style=\"font-family: Arial Black,serif;\"><span style=\"font-size: large;\">02- <\/span><\/span><\/span><span style=\"color: #0000cc;\"><span style=\"font-family: Arial,serif;\"><span style=\"font-size: medium;\">Quanto <\/span><\/span><\/span><span style=\"color: #c00000;\"><span style=\"font-family: Arial,serif;\"><span style=\"font-size: medium;\">mais denso<\/span><\/span><\/span><span style=\"color: #0000cc;\"><span style=\"font-family: Arial,serif;\"><span style=\"font-size: medium;\"> for o meio material <\/span><\/span><\/span><span style=\"color: #c00000;\"><span style=\"font-family: Arial,serif;\"><span style=\"font-size: medium;\">maior \u00e9 a velocidade do som nele.<\/span><\/span><\/span><\/p>\n<p><span style=\"color: #c00000;\"><span style=\"font-family: Arial,serif;\"><span style=\"font-size: medium;\">R- C<\/span><\/span><\/span><\/p>\n<p><span style=\"color: #c00000;\"><span style=\"font-family: Arial Black,serif;\"><span style=\"font-size: large;\">03- <\/span><\/span><\/span><span style=\"color: #c00000;\"><span style=\"font-family: Arial,serif;\"><span style=\"font-size: medium;\">C\/5 = (F \u2013 32)\/9<\/span><\/span><\/span><span style=\"color: #0000cc;\"><span style=\"font-family: Arial,serif;\"><span style=\"font-size: medium;\"> &#8212; C\/5 = (100,4 \u2013 32)\/9 &#8212; C\/5 = 68,4\/9 &#8212; C\/5 = 7,6 &#8212; C = 38 <\/span><\/span><\/span><span style=\"color: #0000cc;\"><sup><span style=\"font-family: Arial,serif;\"><span style=\"font-size: medium;\">o<\/span><\/span><\/sup><\/span><span style=\"color: #0000cc;\"><span style=\"font-family: Arial,serif;\"><span style=\"font-size: medium;\">C.<\/span><\/span><\/span><\/p>\n<p><span style=\"color: #ff0000;\"><span style=\"font-family: Arial,serif;\"><span style=\"font-size: medium;\">R- B<\/span><\/span><\/span><\/p>\n<p><span style=\"color: #c00000;\"><span style=\"font-family: Arial Black,serif;\"><span style=\"font-size: large;\">04- <\/span><\/span><\/span><span style=\"color: #0000cc;\"><span style=\"font-family: Arial,serif;\"><span style=\"font-size: medium;\">Trata-se de uma transforma\u00e7\u00e3o a volume constante.com as seguintes caracter\u00edsticas:<\/span><\/span><\/span><\/p>\n<p><span style=\"color: #0000cc;\"><span style=\"font-family: Arial,serif;\"><span style=\"font-size: medium;\"><b>Transforma\u00e7\u00e3o isoc\u00f3rica, isom\u00e9trica ou isovolum\u00e9trica<\/b><\/span><\/span><\/span><\/p>\n<p><img loading=\"lazy\" decoding=\"async\" src=\"http:\/\/fisicaevestibular.com.br\/novo\/wp-content\/uploads\/universidades-2015\/ufsj-mg\/i_2b410660a46ab80c_html_5160d03a.jpg\" alt=\"\" width=\"10\" height=\"10\" name=\"Imagem 15\" align=\"BOTTOM\" border=\"0\" \/><span style=\"color: #0000cc;\">\u00a0<span style=\"font-family: Arial,serif;\"><span style=\"font-size: medium;\"><b>Ocorre a volume constante\u00a0 &#8212;\u00a0 V<\/b><\/span><\/span><\/span><span style=\"color: #0000cc;\"><sub><span style=\"font-family: Arial,serif;\"><span style=\"font-size: medium;\"><b>o<\/b><\/span><\/span><\/sub><\/span><span style=\"color: #0000cc;\"><span style=\"font-family: Arial,serif;\"><span style=\"font-size: medium;\"><b>=V\u00a0 &#8212;\u00a0 \u0394V=0\u00a0 &#8212;\u00a0 W=P.\u0394V\u00a0 &#8212;\u00a0 W=P.0\u00a0 &#8212;\u00a0 W=0\u00a0 &#8212; \u0394U = Q \u2013 W\u00a0 &#8212;\u00a0 \u0394U=Q \u2013 0\u00a0 &#8212;\u00a0 \u0394U=Q<\/b><\/span><\/span><\/span><\/p>\n<p align=\"CENTER\"><img loading=\"lazy\" decoding=\"async\" src=\"http:\/\/fisicaevestibular.com.br\/novo\/wp-content\/uploads\/universidades-2015\/ufsj-mg\/i_2b410660a46ab80c_html_5cd38958.jpg\" alt=\"\" width=\"621\" height=\"181\" name=\"Imagem 16\" align=\"BOTTOM\" border=\"0\" \/><\/p>\n<p align=\"CENTER\"><img loading=\"lazy\" decoding=\"async\" src=\"http:\/\/fisicaevestibular.com.br\/novo\/wp-content\/uploads\/universidades-2015\/ufsj-mg\/i_2b410660a46ab80c_html_b802809a.jpg\" alt=\"\" width=\"61\" height=\"27\" name=\"Imagem 17\" align=\"BOTTOM\" border=\"0\" \/><\/p>\n<p><span style=\"color: #0000cc;\"><span style=\"font-family: Arial,serif;\"><span style=\"font-size: medium;\"><b>Assim, <\/b><\/span><\/span><\/span><span style=\"color: #c00000;\"><span style=\"font-family: Arial,serif;\"><span style=\"font-size: medium;\"><b>todo o calor (Q) recebido pelo sistema \u00e9 igual \u00e0 sua varia\u00e7\u00e3o de energia interna (\u0394U)<\/b><\/span><\/span><\/span><\/p>\n<p><span style=\"color: #ff0000;\"><span style=\"font-family: Arial,serif;\"><span style=\"font-size: medium;\"><b>R- A<\/b><\/span><\/span><\/span><\/p>\n<p><span style=\"color: #c00000;\"><span style=\"font-family: Arial Black,serif;\"><span style=\"font-size: large;\">05- <\/span><\/span><\/span><span style=\"color: #c00000;\"><span style=\"font-family: Arial,serif;\"><span style=\"font-size: medium;\"><b>\u2206L = L<\/b><\/span><\/span><\/span><span style=\"color: #c00000;\"><sub><span style=\"font-family: Arial,serif;\"><span style=\"font-size: medium;\"><b>o<\/b><\/span><\/span><\/sub><\/span><span style=\"color: #c00000;\"><span style=\"font-family: Arial,serif;\"><span style=\"font-size: medium;\"><b>.\u03b1.\u2206t<\/b><\/span><\/span><\/span><span style=\"color: #0000cc;\"><span style=\"font-family: Arial,serif;\"><span style=\"font-size: medium;\"><b> = 40.24.10<\/b><\/span><\/span><\/span><span style=\"color: #0000cc;\"><sup><span style=\"font-family: Arial,serif;\"><span style=\"font-size: medium;\"><b>-6<\/b><\/span><\/span><\/sup><\/span><span style=\"color: #0000cc;\"><span style=\"font-family: Arial,serif;\"><span style=\"font-size: medium;\"><b>.(60 \u2013 20) = 960.10<\/b><\/span><\/span><\/span><span style=\"color: #0000cc;\"><sup><span style=\"font-family: Arial,serif;\"><span style=\"font-size: medium;\"><b>-6<\/b><\/span><\/span><\/sup><\/span><span style=\"color: #0000cc;\"><span style=\"font-family: Arial,serif;\"><span style=\"font-size: medium;\"><b>.40 &#8212; \u2206L = 38400.10<\/b><\/span><\/span><\/span><span style=\"color: #0000cc;\"><sup><span style=\"font-family: Arial,serif;\"><span style=\"font-size: medium;\"><b>-6<\/b><\/span><\/span><\/sup><\/span><span style=\"color: #0000cc;\"><span style=\"font-family: Arial,serif;\"><span style=\"font-size: medium;\"><b> &#8212; \u2206L = 0,0384 m.<\/b><\/span><\/span><\/span><\/p>\n<p><span style=\"color: #ff0000;\"><span style=\"font-family: Arial,serif;\"><span style=\"font-size: medium;\"><b>R- B<\/b><\/span><\/span><\/span><\/p>\n<p><span style=\"color: #c00000;\">\u2206<span style=\"font-family: Arial,serif;\"><span style=\"font-size: medium;\"><b>L = L<\/b><\/span><\/span><\/span><span style=\"color: #c00000;\"><sub><span style=\"font-family: Arial,serif;\"><span style=\"font-size: medium;\"><b>o<\/b><\/span><\/span><\/sub><\/span><span style=\"color: #c00000;\"><span style=\"font-family: Arial,serif;\"><span style=\"font-size: medium;\"><b>.\u03b1.\u2206t<\/b><\/span><\/span><\/span><span style=\"color: #0000cc;\"><span style=\"font-family: Arial,serif;\"><span style=\"font-size: medium;\"><b> = 40.24.10<\/b><\/span><\/span><\/span><span style=\"color: #0000cc;\"><sup><span style=\"font-family: Arial,serif;\"><span style=\"font-size: medium;\"><b>-6<\/b><\/span><\/span><\/sup><\/span><span style=\"color: #0000cc;\"><span style=\"font-family: Arial,serif;\"><span style=\"font-size: medium;\"><b>.(60 \u2013 20) = 960.10<\/b><\/span><\/span><\/span><span style=\"color: #0000cc;\"><sup><span style=\"font-family: Arial,serif;\"><span style=\"font-size: medium;\"><b>-6<\/b><\/span><\/span><\/sup><\/span><span style=\"color: #0000cc;\"><span style=\"font-family: Arial,serif;\"><span style=\"font-size: medium;\"><b>.40 &#8212; \u2206L = 38400.10<\/b><\/span><\/span><\/span><span style=\"color: #0000cc;\"><sup><span style=\"font-family: Arial,serif;\"><span style=\"font-size: medium;\"><b>-6<\/b><\/span><\/span><\/sup><\/span><span style=\"color: #0000cc;\"><span style=\"font-family: Arial,serif;\"><span style=\"font-size: medium;\"><b> &#8212; \u2206L = 0,0384 m.<\/b><\/span><\/span><\/span><\/p>\n<p><span style=\"color: #ff0000;\"><span style=\"font-family: Arial,serif;\"><span style=\"font-size: medium;\"><b>R- B<\/b><\/span><\/span><\/span><\/p>\n<p><span style=\"color: #c00000;\"><span style=\"font-family: Arial Black,serif;\"><span style=\"font-size: large;\">06- <\/span><\/span><\/span><span style=\"color: #c00000;\"><span style=\"font-family: Arial,serif;\"><span style=\"font-size: medium;\">V=c=d\/t<\/span><\/span><\/span><span style=\"color: #0000cc;\"><span style=\"font-family: Arial,serif;\"><span style=\"font-size: medium;\"> &#8212; 3.10<\/span><\/span><\/span><span style=\"color: #0000cc;\"><sup><span style=\"font-family: Arial,serif;\"><span style=\"font-size: medium;\">5<\/span><\/span><\/sup><\/span><span style=\"color: #0000cc;\"><span style=\"font-family: Arial,serif;\"><span style=\"font-size: medium;\"> = d\/16&#215;60 &#8212; d = 3.10<\/span><\/span><\/span><span style=\"color: #0000cc;\"><sup><span style=\"font-family: Arial,serif;\"><span style=\"font-size: medium;\">5<\/span><\/span><\/sup><\/span><span style=\"color: #0000cc;\"><span style=\"font-family: Arial,serif;\"><span style=\"font-size: medium;\">.960 &#8212; d = 2880.10<\/span><\/span><\/span><span style=\"color: #0000cc;\"><sup><span style=\"font-family: Arial,serif;\"><span style=\"font-size: medium;\">5 <\/span><\/span><\/sup><\/span><span style=\"color: #0000cc;\"><span style=\"font-family: Arial,serif;\"><span style=\"font-size: medium;\">= 288.10<\/span><\/span><\/span><span style=\"color: #0000cc;\"><sup><span style=\"font-family: Arial,serif;\"><span style=\"font-size: medium;\">6<\/span><\/span><\/sup><\/span><span style=\"color: #0000cc;\"><span style=\"font-family: Arial,serif;\"><span style=\"font-size: medium;\"> km (ida e volta do pulso) &#8212; <\/span><\/span><\/span><\/p>\n<p><span style=\"color: #0000cc;\"><span style=\"font-family: Arial,serif;\"><span style=\"font-size: medium;\">d = 144.10<\/span><\/span><\/span><span style=\"color: #0000cc;\"><sup><span style=\"font-family: Arial,serif;\"><span style=\"font-size: medium;\">6<\/span><\/span><\/sup><\/span><span style=\"color: #0000cc;\"><span style=\"font-family: Arial,serif;\"><span style=\"font-size: medium;\"> km.<\/span><\/span><\/span><\/p>\n<p><span style=\"color: #c00000;\"><span style=\"font-family: Arial,serif;\"><span style=\"font-size: medium;\"><span lang=\"en-US\">R- C<\/span><\/span><\/span><\/span><\/p>\n<h2><\/h2>\n<h2><a title=\"Exerc\u00edcios Resolvidos da UFSJ-MG 2015\" href=\"http:\/\/fisicaevestibular.com.br\/novo\/universidades-2015\/exercicios-resolvidos-da-ufsj-mg-2015\/\"><span style=\"color: #000080;\">Voltar para exerc\u00edcios.<\/span><\/a><\/h2>\n","protected":false},"excerpt":{"rendered":"<p>RESOLU\u00c7\u00d5ES 01- Natureza das ondas: Ondas mec\u00e2nicas: s\u00e3o aquelas que necessitam de um meio material para se propagar.\u00a0 Exemplos: ondas no mar (o meio \u00e9 a \u00e1gua), ondas sonoras ( o meio pode ser ar, \u00e1gua,etc.), ondas em uma corda (o meio \u00e9 a corda), etc.Todas essas perturba\u00e7\u00f5es s\u00e3o causadas em meios materiais. &#8211; Ondas eletromagn\u00e9ticas: s\u00e3o ondas que n\u00e3o<\/p>\n","protected":false},"author":1,"featured_media":0,"parent":697,"menu_order":0,"comment_status":"closed","ping_status":"closed","template":"","meta":{"om_disable_all_campaigns":false,"_monsterinsights_skip_tracking":false,"_monsterinsights_sitenote_active":false,"_monsterinsights_sitenote_note":"","_monsterinsights_sitenote_category":0,"footnotes":""},"class_list":["post-699","page","type-page","status-publish","hentry"],"aioseo_notices":[],"_links":{"self":[{"href":"https:\/\/fisicaevestibular.com.br\/novo\/wp-json\/wp\/v2\/pages\/699","targetHints":{"allow":["GET"]}}],"collection":[{"href":"https:\/\/fisicaevestibular.com.br\/novo\/wp-json\/wp\/v2\/pages"}],"about":[{"href":"https:\/\/fisicaevestibular.com.br\/novo\/wp-json\/wp\/v2\/types\/page"}],"author":[{"embeddable":true,"href":"https:\/\/fisicaevestibular.com.br\/novo\/wp-json\/wp\/v2\/users\/1"}],"replies":[{"embeddable":true,"href":"https:\/\/fisicaevestibular.com.br\/novo\/wp-json\/wp\/v2\/comments?post=699"}],"version-history":[{"count":1,"href":"https:\/\/fisicaevestibular.com.br\/novo\/wp-json\/wp\/v2\/pages\/699\/revisions"}],"predecessor-version":[{"id":700,"href":"https:\/\/fisicaevestibular.com.br\/novo\/wp-json\/wp\/v2\/pages\/699\/revisions\/700"}],"up":[{"embeddable":true,"href":"https:\/\/fisicaevestibular.com.br\/novo\/wp-json\/wp\/v2\/pages\/697"}],"wp:attachment":[{"href":"https:\/\/fisicaevestibular.com.br\/novo\/wp-json\/wp\/v2\/media?parent=699"}],"curies":[{"name":"wp","href":"https:\/\/api.w.org\/{rel}","templated":true}]}}