{"id":664,"date":"2015-05-12T17:01:21","date_gmt":"2015-05-12T17:01:21","guid":{"rendered":"http:\/\/fisicaevestibular.com.br\/novo\/?page_id=664"},"modified":"2024-09-03T13:21:54","modified_gmt":"2024-09-03T13:21:54","slug":"resolucao-da-ucs-2015","status":"publish","type":"page","link":"https:\/\/fisicaevestibular.com.br\/novo\/universidades-2015\/exercicios-resolvidos-ucs-2015\/resolucao-da-ucs-2015\/","title":{"rendered":"Resolucao da UCS 2015"},"content":{"rendered":"<p align=\"CENTER\"><span style=\"color: #c00000;\"><span style=\"font-family: Arial,serif;\"><span style=\"font-size: medium;\"><b>RESOLU\u00c7\u00d5ES<\/b><\/span><\/span><\/span><\/p>\n<p><span style=\"font-family: Arial,serif;\"><span style=\"font-size: medium;\"><b>01-\u00a0Transformando\u00a0<\/b><\/span><\/span><span style=\"color: #c00000;\"><span style=\"font-family: Arial,serif;\"><span style=\"font-size: medium;\"><b>30Psi<\/b><\/span><\/span><\/span><span style=\"font-family: Arial,serif;\"><span style=\"font-size: medium;\"><b>\u00a0em\u00a0<\/b><\/span><\/span><span style=\"color: #c00000;\"><span style=\"font-family: Arial,serif;\"><span style=\"font-size: medium;\"><b>Pa\u00a0<\/b><\/span><\/span><\/span><span style=\"color: #555555;\"><span style=\"font-family: Arial,serif;\"><span style=\"font-size: medium;\"><b>&#8212;\u00a0<\/b><\/span><\/span><\/span><span style=\"color: #c00000;\"><span style=\"font-family: Arial,serif;\"><span style=\"font-size: medium;\"><b>P<\/b><\/span><\/span><\/span><span style=\"color: #555555;\"><span style=\"font-family: Arial,serif;\"><span style=\"font-size: medium;\"><b>=30&#215;6,895.10<\/b><\/span><\/span><\/span><span style=\"color: #555555;\"><sup><span style=\"font-family: Arial,serif;\"><span style=\"font-size: medium;\"><b>3<\/b><\/span><\/span><\/sup><\/span><span style=\"color: #555555;\"><span style=\"font-family: Arial,serif;\"><span style=\"font-size: medium;\"><b>=206,91.10<\/b><\/span><\/span><\/span><span style=\"color: #555555;\"><sup><span style=\"font-family: Arial,serif;\"><span style=\"font-size: medium;\"><b>3<\/b><\/span><\/span><\/sup><\/span><span style=\"color: #c00000;\"><span style=\"font-family: Arial,serif;\"><span style=\"font-size: medium;\"><b>=2,07.10<\/b><\/span><\/span><\/span><span style=\"color: #c00000;\"><sup><span style=\"font-family: Arial,serif;\"><span style=\"font-size: medium;\"><b>5\u00a0<\/b><\/span><\/span><\/sup><\/span><span style=\"color: #c00000;\"><span style=\"font-family: Arial,serif;\"><span style=\"font-size: medium;\"><b>Pa.<\/b><\/span><\/span><\/span><\/p>\n<p><span style=\"color: #c00000;\"><span style=\"font-family: Arial,serif;\"><span style=\"font-size: medium;\"><b>1 Pa = 1 N\/m<\/b><\/span><\/span><\/span><span style=\"color: #c00000;\"><sup><span style=\"font-family: Arial,serif;\"><span style=\"font-size: medium;\"><b>2<\/b><\/span><\/span><\/sup><\/span><span style=\"color: #c00000;\"><span style=\"font-family: Arial,serif;\"><span style=\"font-size: medium;\"><b>.<\/b><\/span><\/span><\/span><\/p>\n<p><span style=\"color: #c00000;\"><span style=\"font-family: Arial,serif;\"><span style=\"font-size: medium;\"><b>R- B<\/b><\/span><\/span><\/span><\/p>\n<p><span style=\"font-family: Arial,serif;\"><span style=\"font-size: medium;\"><b>02-\u00a0Dados\u00a0<\/b><\/span><\/span><span style=\"color: #555555;\"><span style=\"font-family: Arial,serif;\"><span style=\"font-size: medium;\"><b>&#8212;\u00a0<\/b><\/span><\/span><\/span><span style=\"color: #c00000;\"><span style=\"font-family: Arial,serif;\"><span style=\"font-size: medium;\"><b>t=3s &#8212; \u2206S=40,5cm=0,405m &#8212; V<\/b><\/span><\/span><\/span><span style=\"color: #c00000;\"><sub><span style=\"font-family: Arial,serif;\"><span style=\"font-size: medium;\"><b>o<\/b><\/span><\/span><\/sub><\/span><span style=\"color: #c00000;\"><span style=\"font-family: Arial,serif;\"><span style=\"font-size: medium;\"><b>=0 (partiu do repouso) &#8212; a=?\u00a0<\/b><\/span><\/span><\/span><span style=\"color: #555555;\"><span style=\"font-family: Arial,serif;\"><span style=\"font-size: medium;\"><b>&#8212;\u00a0<\/b><\/span><\/span><\/span><span style=\"color: #c00000;\"><span style=\"font-family: Arial,serif;\"><span style=\"font-size: medium;\"><b>\u2206S=V<\/b><\/span><\/span><\/span><span style=\"color: #c00000;\"><sub><span style=\"font-family: Arial,serif;\"><span style=\"font-size: medium;\"><b>o<\/b><\/span><\/span><\/sub><\/span><span style=\"color: #c00000;\"><span style=\"font-family: Arial,serif;\"><span style=\"font-size: medium;\"><b>.t + at<\/b><\/span><\/span><\/span><span style=\"color: #c00000;\"><sup><span style=\"font-family: Arial,serif;\"><span style=\"font-size: medium;\"><b>2<\/b><\/span><\/span><\/sup><\/span><span style=\"color: #c00000;\"><span style=\"font-family: Arial,serif;\"><span style=\"font-size: medium;\"><b>2\u00a0<\/b><\/span><\/span><\/span><span style=\"color: #555555;\"><span style=\"font-family: Arial,serif;\"><span style=\"font-size: medium;\"><b>&#8212;<\/b><\/span><\/span><\/span><\/p>\n<p><span style=\"color: #555555;\"><span style=\"font-family: Arial,serif;\"><span style=\"font-size: medium;\"><b>0,405 = 0.3 + a.3<\/b><\/span><\/span><\/span><span style=\"color: #555555;\"><sup><span style=\"font-family: Arial,serif;\"><span style=\"font-size: medium;\"><b>2<\/b><\/span><\/span><\/sup><\/span><span style=\"color: #555555;\"><span style=\"font-family: Arial,serif;\"><span style=\"font-size: medium;\"><b>\/2 &#8212; a=0,405\/4,5 &#8212;\u00a0<\/b><\/span><\/span><\/span><span style=\"font-family: Arial,serif;\"><span style=\"font-size: medium;\"><b>a=0,09m\/s<\/b><\/span><\/span><sup><span style=\"font-family: Arial,serif;\"><span style=\"font-size: medium;\"><b>2<\/b><\/span><\/span><\/sup><span style=\"font-family: Arial,serif;\"><span style=\"font-size: medium;\"><b>.<\/b><\/span><\/span><\/p>\n<p><span style=\"color: #ff0000;\"><span style=\"font-family: Arial,serif;\"><span style=\"font-size: medium;\"><b>R- C<\/b><\/span><\/span><\/span><\/p>\n<p><span style=\"font-family: Arial,serif;\"><span style=\"font-size: medium;\"><b>03-\u00a0Energia potencial gravitacional\u00a0<\/b><\/span><\/span><span style=\"color: #555555;\"><span style=\"font-family: Arial,serif;\"><span style=\"font-size: medium;\"><b>que ele adquire ao pular a\u00a0<\/b><\/span><\/span><\/span><span style=\"color: #c00000;\"><span style=\"font-family: Arial,serif;\"><span style=\"font-size: medium;\"><b>altura h=40cm=0,40m\u00a0<\/b><\/span><\/span><\/span><span style=\"color: #555555;\"><span style=\"font-family: Arial,serif;\"><span style=\"font-size: medium;\"><b>&#8212;\u00a0<\/b><\/span><\/span><\/span><span style=\"color: #c00000;\"><span style=\"font-family: Arial,serif;\"><span style=\"font-size: medium;\"><b>E<\/b><\/span><\/span><\/span><span style=\"color: #c00000;\"><sub><span style=\"font-family: Arial,serif;\"><span style=\"font-size: medium;\"><b>p<\/b><\/span><\/span><\/sub><\/span><span style=\"color: #c00000;\"><span style=\"font-family: Arial,serif;\"><span style=\"font-size: medium;\"><b>=m.g.h=\u00a0<\/b><\/span><\/span><\/span><span style=\"color: #555555;\"><span style=\"font-family: Arial,serif;\"><span style=\"font-size: medium;\"><b>80.10.0,4<\/b><\/span><\/span><\/span><span style=\"color: #c00000;\"><span style=\"font-family: Arial,serif;\"><span style=\"font-size: medium;\"><b>=320J.<\/b><\/span><\/span><\/span><\/p>\n<p><span style=\"color: #555555;\"><span style=\"font-family: Arial,serif;\"><span style=\"font-size: medium;\"><b>Cada\u00a0<\/b><\/span><\/span><\/span><span style=\"color: #c00000;\"><span style=\"font-family: Arial,serif;\"><span style=\"font-size: medium;\"><b>100g de almo\u00e7o\u00a0<\/b><\/span><\/span><\/span><span style=\"color: #000000;\"><span style=\"font-family: Arial,serif;\"><span style=\"font-size: medium;\"><b>corresponde<\/b><\/span><\/span><\/span><span style=\"color: #c00000;\"><span style=\"font-family: Arial,serif;\"><span style=\"font-size: medium;\"><b>\u00a0a 100cal\u00a0<\/b><\/span><\/span><\/span><span style=\"color: #555555;\"><span style=\"font-family: Arial,serif;\"><span style=\"font-size: medium;\"><b>&#8212;\u00a0<\/b><\/span><\/span><\/span><span style=\"color: #c00000;\"><span style=\"font-family: Arial,serif;\"><span style=\"font-size: medium;\"><b>1g<\/b><\/span><\/span><\/span><span style=\"color: #555555;\"><span style=\"font-family: Arial,serif;\"><span style=\"font-size: medium;\"><b>\u00a0corresponde a\u00a0<\/b><\/span><\/span><\/span><span style=\"color: #c00000;\"><span style=\"font-family: Arial,serif;\"><span style=\"font-size: medium;\"><b>1 cal\u00a0<\/b><\/span><\/span><\/span><span style=\"color: #555555;\"><span style=\"font-family: Arial,serif;\"><span style=\"font-size: medium;\"><b>&#8212;\u00a0<\/b><\/span><\/span><\/span><span style=\"font-family: Arial,serif;\"><span style=\"font-size: medium;\"><b>regra de tr\u00eas<\/b><\/span><\/span><span style=\"color: #555555;\"><span style=\"font-family: Arial,serif;\"><span style=\"font-size: medium;\"><b>\u00a0&#8212; 1cl \u2013 4,2j &#8212; m cal \u2013 320J &#8212;\u00a0<\/b><\/span><\/span><\/span><span style=\"font-family: Arial,serif;\"><span style=\"font-size: medium;\"><b>m=<\/b><\/span><\/span><span style=\"color: #555555;\"><span style=\"font-family: Arial,serif;\"><span style=\"font-size: medium;\"><b>320\/4,2=<\/b><\/span><\/span><\/span><span style=\"font-family: Arial,serif;\"><span style=\"font-size: medium;\"><b>76,2g.<\/b><\/span><\/span><\/p>\n<p><span style=\"color: #ff0000;\"><span style=\"font-family: Arial,serif;\"><span style=\"font-size: medium;\"><b>R- C<\/b><\/span><\/span><\/span><\/p>\n<p><span style=\"font-family: Arial,serif;\"><span style=\"font-size: medium;\"><b>04-\u00a01 vaga-lume\u00a0<\/b><\/span><\/span><span style=\"color: #555555;\"><span style=\"font-family: Arial,serif;\"><span style=\"font-size: medium;\"><b>&#8212;\u00a0<\/b><\/span><\/span><\/span><span style=\"color: #c00000;\"><span style=\"font-family: Arial,serif;\"><span style=\"font-size: medium;\"><b>P<\/b><\/span><\/span><\/span><span style=\"color: #c00000;\"><sub><span style=\"font-family: Arial,serif;\"><span style=\"font-size: medium;\"><b>v<\/b><\/span><\/span><\/sub><\/span><span style=\"color: #555555;\"><span style=\"font-family: Arial,serif;\"><span style=\"font-size: medium;\"><b>=0,5 J\/s\u00a0<\/b><\/span><\/span><\/span><span style=\"color: #c00000;\"><span style=\"font-family: Arial,serif;\"><span style=\"font-size: medium;\"><b>= 0,5W.<\/b><\/span><\/span><\/span><\/p>\n<p><span style=\"font-family: Arial,serif;\"><span style=\"font-size: medium;\"><b>Ilumina\u00e7\u00e3o artificial\u00a0<\/b><\/span><\/span><span style=\"color: #555555;\"><span style=\"font-family: Arial,serif;\"><span style=\"font-size: medium;\"><b>&#8212;\u00a0<\/b><\/span><\/span><\/span><span style=\"color: #c00000;\"><span style=\"font-family: Arial,serif;\"><span style=\"font-size: medium;\"><b>P<\/b><\/span><\/span><\/span><span style=\"color: #c00000;\"><sub><span style=\"font-family: Arial,serif;\"><span style=\"font-size: medium;\"><b>i<\/b><\/span><\/span><\/sub><\/span><span style=\"color: #c00000;\"><span style=\"font-family: Arial,serif;\"><span style=\"font-size: medium;\"><b>=300W.<\/b><\/span><\/span><\/span><\/p>\n<p><span style=\"color: #ff0000;\"><span style=\"font-family: Arial,serif;\"><span style=\"font-size: medium;\"><b>n=<\/b><\/span><\/span><\/span><span style=\"color: #555555;\"><span style=\"font-family: Arial,serif;\"><span style=\"font-size: medium;\"><b>300W\/0,5W=<\/b><\/span><\/span><\/span><span style=\"font-family: Arial,serif;\"><span style=\"font-size: medium;\"><b>600 vaga-lumes<\/b><\/span><\/span><\/p>\n<p><span style=\"color: #ff0000;\"><span style=\"font-family: Arial,serif;\"><span style=\"font-size: medium;\"><b>R- D<\/b><\/span><\/span><\/span><\/p>\n<p><span style=\"font-family: Arial,serif;\"><span style=\"font-size: medium;\"><b>05-\u00a0Pot\u00eancia mec\u00e2nica da pancada\u00a0<\/b><\/span><\/span><span style=\"color: #555555;\"><span style=\"font-family: Arial,serif;\"><span style=\"font-size: medium;\"><b>&#8212;\u00a0<\/b><\/span><\/span><\/span><span style=\"color: #c00000;\"><span style=\"font-family: Arial,serif;\"><span style=\"font-size: medium;\"><b>P<\/b><\/span><\/span><\/span><span style=\"color: #c00000;\"><sub><span style=\"font-family: Arial,serif;\"><span style=\"font-size: medium;\"><b>c<\/b><\/span><\/span><\/sub><\/span><span style=\"color: #555555;\"><span style=\"font-family: Arial,serif;\"><span style=\"font-size: medium;\"><b>=0,5J\/0,5s<\/b><\/span><\/span><\/span><span style=\"color: #c00000;\"><span style=\"font-family: Arial,serif;\"><span style=\"font-size: medium;\"><b>=1W\u00a0<\/b><\/span><\/span><\/span><span style=\"color: #555555;\"><span style=\"font-family: Arial,serif;\"><span style=\"font-size: medium;\"><b>&#8212; ela \u00e9 transformada em el\u00e9trica &#8212;\u00a0<\/b><\/span><\/span><\/span><span style=\"color: #c00000;\"><span style=\"font-family: Arial,serif;\"><span style=\"font-size: medium;\"><b>P<\/b><\/span><\/span><\/span><span style=\"color: #c00000;\"><sub><span style=\"font-family: Arial,serif;\"><span style=\"font-size: medium;\"><b>e<\/b><\/span><\/span><\/sub><\/span><span style=\"color: #c00000;\"><span style=\"font-family: Arial,serif;\"><span style=\"font-size: medium;\"><b>=1W\u00a0<\/b><\/span><\/span><\/span><span style=\"color: #555555;\"><span style=\"font-family: Arial,serif;\"><span style=\"font-size: medium;\"><b>&#8212;<\/b><\/span><\/span><\/span><\/p>\n<p><span style=\"color: #c00000;\"><span style=\"font-family: Arial,serif;\"><span style=\"font-size: medium;\"><b>P<\/b><\/span><\/span><\/span><span style=\"color: #c00000;\"><sub><span style=\"font-family: Arial,serif;\"><span style=\"font-size: medium;\"><b>e<\/b><\/span><\/span><\/sub><\/span><span style=\"color: #c00000;\"><span style=\"font-family: Arial,serif;\"><span style=\"font-size: medium;\"><b>=i.U\u00a0<\/b><\/span><\/span><\/span><span style=\"color: #555555;\"><span style=\"font-family: Arial,serif;\"><span style=\"font-size: medium;\"><b>&#8212; 1=4.10<\/b><\/span><\/span><\/span><span style=\"color: #555555;\"><sup><span style=\"font-family: Arial,serif;\"><span style=\"font-size: medium;\"><b>-3<\/b><\/span><\/span><\/sup><\/span><span style=\"color: #555555;\"><span style=\"font-family: Arial,serif;\"><span style=\"font-size: medium;\"><b>.U &#8212; U=1\/4.10<\/b><\/span><\/span><\/span><span style=\"color: #555555;\"><sup><span style=\"font-family: Arial,serif;\"><span style=\"font-size: medium;\"><b>-3<\/b><\/span><\/span><\/sup><\/span><span style=\"color: #555555;\"><span style=\"font-family: Arial,serif;\"><span style=\"font-size: medium;\"><b>=0,25.10<\/b><\/span><\/span><\/span><span style=\"color: #555555;\"><sup><span style=\"font-family: Arial,serif;\"><span style=\"font-size: medium;\"><b>3<\/b><\/span><\/span><\/sup><\/span><span style=\"color: #555555;\"><span style=\"font-family: Arial,serif;\"><span style=\"font-size: medium;\"><b>V &#8212;\u00a0<\/b><\/span><\/span><\/span><span style=\"font-family: Arial,serif;\"><span style=\"font-size: medium;\"><b>U=250V.<\/b><\/span><\/span><\/p>\n<p><span style=\"color: #ff0000;\"><span style=\"font-family: Arial,serif;\"><span style=\"font-size: medium;\"><b>R- D<\/b><\/span><\/span><\/span><\/p>\n<p><span style=\"font-family: Arial,serif;\"><span style=\"font-size: medium;\"><b>06-\u00a0<\/b><\/span><\/span><span style=\"color: #c00000;\"><span style=\"font-family: Arial,serif;\"><span style=\"font-size: medium;\"><b>E<\/b><\/span><\/span><\/span><span style=\"color: #c00000;\"><sub><span style=\"font-family: Arial,serif;\"><span style=\"font-size: medium;\"><b>c<\/b><\/span><\/span><\/sub><\/span><span style=\"color: #555555;\"><span style=\"font-family: Arial,serif;\"><span style=\"font-size: medium;\"><b>=1200.10<\/b><\/span><\/span><\/span><span style=\"color: #555555;\"><sup><span style=\"font-family: Arial,serif;\"><span style=\"font-size: medium;\"><b>2<\/b><\/span><\/span><\/sup><\/span><span style=\"color: #555555;\"><span style=\"font-family: Arial,serif;\"><span style=\"font-size: medium;\"><b>\/2 + 1000.20<\/b><\/span><\/span><\/span><span style=\"color: #555555;\"><sup><span style=\"font-family: Arial,serif;\"><span style=\"font-size: medium;\"><b>2<\/b><\/span><\/span><\/sup><\/span><span style=\"color: #555555;\"><span style=\"font-family: Arial,serif;\"><span style=\"font-size: medium;\"><b>\/2= 60000 + 200000=260000<\/b><\/span><\/span><\/span><span style=\"font-family: Arial,serif;\"><span style=\"font-size: medium;\"><b>=260.10<\/b><\/span><\/span><sup><span style=\"font-family: Arial,serif;\"><span style=\"font-size: medium;\"><b>3<\/b><\/span><\/span><\/sup><span style=\"font-family: Arial,serif;\"><span style=\"font-size: medium;\"><b>J.<\/b><\/span><\/span><\/p>\n<p><span style=\"color: #ff0000;\"><span style=\"font-family: Arial,serif;\"><span style=\"font-size: medium;\"><b>R- D<\/b><\/span><\/span><\/span><\/p>\n<p><span style=\"font-family: Arial,serif;\"><span style=\"font-size: medium;\"><b>07-\u00a0<\/b><\/span><\/span><span style=\"color: #555555;\"><span style=\"font-family: Arial,serif;\"><span style=\"font-size: medium;\"><b>O\u00a0<\/b><\/span><\/span><\/span><span style=\"font-family: Arial,serif;\"><span style=\"font-size: medium;\"><b>calor recebido\u00a0<\/b><\/span><\/span><span style=\"color: #555555;\"><span style=\"font-family: Arial,serif;\"><span style=\"font-size: medium;\"><b>por um corpo pode fazer com que sua temperatura aumente ou que ele\u00a0<\/b><\/span><\/span><\/span><span style=\"font-family: Arial,serif;\"><span style=\"font-size: medium;\"><b>sofra uma mudan\u00e7a de estado<\/b><\/span><\/span><span style=\"color: #555555;\"><span style=\"font-family: Arial,serif;\"><span style=\"font-size: medium;\"><b>. No\u00a0<\/b><\/span><\/span><\/span><span style=\"font-family: Arial,serif;\"><span style=\"font-size: medium;\"><b>segundo caso voc\u00ea tem uma quantidade de calor latente,\u00a0ou seja, calor latente se refere \u00e0 quantidade de calor que um corpo recebe apenas para mudar de estado, o que ocorre \u00e0 temperatura constante.<\/b><\/span><\/span><\/p>\n<p><span style=\"color: #555555;\"><span style=\"font-family: Arial,serif;\"><span style=\"font-size: medium;\"><b>A quantidade de\u00a0<\/b><\/span><\/span><\/span><span style=\"color: #c00000;\"><span style=\"font-family: Arial,serif;\"><span style=\"font-size: medium;\"><b>calor latente (Q) cedida ou retirada de uma subst\u00e2ncia para que ela mude de estado o que sempre ocorre \u00e0 temperatura constante\u00a0<\/b><\/span><\/span><\/span><span style=\"color: #555555;\"><span style=\"font-family: Arial,serif;\"><span style=\"font-size: medium;\"><b>\u00e9 diretamente proporcional \u00e0 sua massa (m), e depende das caracter\u00edsticas da subst\u00e2ncia (L). Matematicamente:<\/b><\/span><\/span><\/span><\/p>\n<p><img decoding=\"async\" src=\"http:\/\/fisicaevestibular.com.br\/novo\/wp-content\/uploads\/universidades-2015\/ucs\/i_6e0a691e8fc30d4c_html_5b74bb8d.jpg\" alt=\"\" width=\"438\" height=\"82\" name=\"Imagem 44\" align=\"BOTTOM\" border=\"0\" \/><\/p>\n<p><span style=\"color: #ff0000;\"><span style=\"font-family: Arial,serif;\"><span style=\"font-size: medium;\"><b>R- B<\/b><\/span><\/span><\/span><\/p>\n<p><span style=\"font-family: Arial,serif;\"><span style=\"font-size: medium;\"><b>08-\u00a0<\/b><\/span><\/span><span style=\"color: #c00000;\"><span style=\"font-family: Arial,serif;\"><span style=\"font-size: medium;\"><span lang=\"pt-PT\"><b>Refra\u00e7\u00e3o\u00a0<\/b><\/span><\/span><\/span><\/span><span style=\"color: #555555;\"><span style=\"font-family: Arial,serif;\"><span style=\"font-size: medium;\"><span lang=\"pt-PT\"><b>\u2013 Fen\u00f4meno que ocorre quando a\u00a0<\/b><\/span><\/span><\/span><\/span><span style=\"font-family: Arial,serif;\"><span style=\"font-size: medium;\"><span lang=\"pt-PT\"><b>luz passa de um meio para outro<\/b><\/span><\/span><\/span><span style=\"color: #555555;\"><span style=\"font-family: Arial,serif;\"><span style=\"font-size: medium;\"><span lang=\"pt-PT\"><b>, variando sua velocidade de propaga\u00e7\u00e3o e\u00a0<\/b><\/span><\/span><\/span><\/span><span style=\"font-family: Arial,serif;\"><span style=\"font-size: medium;\"><span lang=\"pt-PT\"><b>sofrendo desvio.<\/b><\/span><\/span><\/span><\/p>\n<p><span style=\"color: #ff0000;\"><span style=\"font-family: Arial,serif;\"><span style=\"font-size: medium;\"><b>R- E<\/b><\/span><\/span><\/span><\/p>\n<p><span style=\"font-family: Arial,serif;\"><span style=\"font-size: medium;\"><b>09-\u00a0m<\/b><\/span><\/span><sub><span style=\"font-family: Arial,serif;\"><span style=\"font-size: medium;\"><b>\u00e1gua<\/b><\/span><\/span><\/sub><span style=\"font-family: Arial,serif;\"><span style=\"font-size: medium;\"><b>.c<\/b><\/span><\/span><sub><span style=\"font-family: Arial,serif;\"><span style=\"font-size: medium;\"><b>\u00e1gua<\/b><\/span><\/span><\/sub><span style=\"font-family: Arial,serif;\"><span style=\"font-size: medium;\"><b>.(t \u2013 60) + (100 + 100 + 30) = 0\u00a0<\/b><\/span><\/span><span style=\"color: #555555;\"><span style=\"font-family: Arial,serif;\"><span style=\"font-size: medium;\"><b>&#8212; 100t \u2013 6000 + 230 = 0 &#8212;\u00a0<\/b><\/span><\/span><\/span><span style=\"color: #c00000;\"><span style=\"font-family: Arial,serif;\"><span style=\"font-size: medium;\"><b>t=<\/b><\/span><\/span><\/span><span style=\"color: #555555;\"><span style=\"font-family: Arial,serif;\"><span style=\"font-size: medium;\"><b>5770\/100=<\/b><\/span><\/span><\/span><span style=\"color: #c00000;\"><span style=\"font-family: Arial,serif;\"><span style=\"font-size: medium;\"><b>57,7<\/b><\/span><\/span><\/span><span style=\"color: #c00000;\"><sup><span style=\"font-family: Arial,serif;\"><span style=\"font-size: medium;\"><b>o<\/b><\/span><\/span><\/sup><\/span><span style=\"color: #c00000;\"><span style=\"font-family: Arial,serif;\"><span style=\"font-size: medium;\"><b>C.<\/b><\/span><\/span><\/span><\/p>\n<p><span style=\"color: #ff0000;\"><span style=\"font-family: Arial,serif;\"><span style=\"font-size: medium;\"><b>R- A<\/b><\/span><\/span><\/span><\/p>\n<p><span style=\"font-family: Arial,serif;\"><span style=\"font-size: medium;\"><b>10-\u00a0Altura do som\u00a0<\/b><\/span><\/span><span style=\"color: #555555;\"><span style=\"font-family: Arial,serif;\"><span style=\"font-size: medium;\"><b>est\u00e1 relacionada com sua\u00a0<\/b><\/span><\/span><\/span><span style=\"color: #c00000;\"><span style=\"font-family: Arial,serif;\"><span style=\"font-size: medium;\"><b>freq\u00fc\u00eancia, ou seja, a altura (tom) \u00e9 a qualidade do som que permite ao ouvido distinguir um som grave, de baixa frequ\u00eancia, de um som agudo, de alta freq\u00fc\u00eancia.\u00a0 \u00a0<\/b><\/span><\/span><\/span><\/p>\n<p><img decoding=\"async\" src=\"http:\/\/fisicaevestibular.com.br\/novo\/wp-content\/uploads\/universidades-2015\/ucs\/i_6e0a691e8fc30d4c_html_7c300758.jpg\" alt=\"\" width=\"366\" height=\"46\" name=\"Imagem 45\" align=\"BOTTOM\" border=\"0\" \/><\/p>\n<p><span style=\"color: #555555;\">\u00a0<span style=\"font-family: Arial,serif;\"><span style=\"font-size: medium;\"><b>O som\u00a0<\/b><\/span><\/span><\/span><span style=\"font-family: Arial,serif;\"><span style=\"font-size: medium;\"><b>mais grave aud\u00edvel\u00a0<\/b><\/span><\/span><span style=\"color: #555555;\"><span style=\"font-family: Arial,serif;\"><span style=\"font-size: medium;\"><b>por um ouvido humano \u00e9 de\u00a0<\/b><\/span><\/span><\/span><span style=\"font-family: Arial,serif;\"><span style=\"font-size: medium;\"><b>aproximadamente 20 Hz\u00a0<\/b><\/span><\/span><span style=\"color: #555555;\"><span style=\"font-family: Arial,serif;\"><span style=\"font-size: medium;\"><b>e o\u00a0<\/b><\/span><\/span><\/span><span style=\"font-family: Arial,serif;\"><span style=\"font-size: medium;\"><b>mais agudo\u00a0<\/b><\/span><\/span><span style=\"color: #555555;\"><span style=\"font-family: Arial,serif;\"><span style=\"font-size: medium;\"><b>\u00e9 de\u00a0<\/b><\/span><\/span><\/span><span style=\"font-family: Arial,serif;\"><span style=\"font-size: medium;\"><b>aproximadamente\u00a020 000 Hz.<\/b><\/span><\/span><\/p>\n<p><span style=\"color: #ff0000;\"><span style=\"font-family: Arial,serif;\"><span style=\"font-size: medium;\"><b>R- A<\/b><\/span><\/span><\/span><\/p>\n<p>&nbsp;<\/p>\n<h3><a title=\"Exercicios Resolvidos UCS 2015\" href=\"http:\/\/fisicaevestibular.com.br\/novo\/universidades-2015\/exercicios-resolvidos-ucs-2015\/\">Voltar para os Exercicios<\/a><\/h3>\n","protected":false},"excerpt":{"rendered":"<p>RESOLU\u00c7\u00d5ES 01-\u00a0Transformando\u00a030Psi\u00a0em\u00a0Pa\u00a0&#8212;\u00a0P=30&#215;6,895.103=206,91.103=2,07.105\u00a0Pa. 1 Pa = 1 N\/m2. R- B 02-\u00a0Dados\u00a0&#8212;\u00a0t=3s &#8212; \u2206S=40,5cm=0,405m &#8212; Vo=0 (partiu do repouso) &#8212; a=?\u00a0&#8212;\u00a0\u2206S=Vo.t + at22\u00a0&#8212; 0,405 = 0.3 + a.32\/2 &#8212; a=0,405\/4,5 &#8212;\u00a0a=0,09m\/s2. R- C 03-\u00a0Energia potencial gravitacional\u00a0que ele adquire ao pular a\u00a0altura h=40cm=0,40m\u00a0&#8212;\u00a0Ep=m.g.h=\u00a080.10.0,4=320J. Cada\u00a0100g de almo\u00e7o\u00a0corresponde\u00a0a 100cal\u00a0&#8212;\u00a01g\u00a0corresponde a\u00a01 cal\u00a0&#8212;\u00a0regra de tr\u00eas\u00a0&#8212; 1cl \u2013 4,2j &#8212; m cal \u2013 320J &#8212;\u00a0m=320\/4,2=76,2g. R- C 04-\u00a01<\/p>\n","protected":false},"author":1,"featured_media":0,"parent":662,"menu_order":0,"comment_status":"closed","ping_status":"closed","template":"","meta":{"om_disable_all_campaigns":false,"_monsterinsights_skip_tracking":false,"_monsterinsights_sitenote_active":false,"_monsterinsights_sitenote_note":"","_monsterinsights_sitenote_category":0,"footnotes":""},"class_list":["post-664","page","type-page","status-publish","hentry"],"aioseo_notices":[],"_links":{"self":[{"href":"https:\/\/fisicaevestibular.com.br\/novo\/wp-json\/wp\/v2\/pages\/664","targetHints":{"allow":["GET"]}}],"collection":[{"href":"https:\/\/fisicaevestibular.com.br\/novo\/wp-json\/wp\/v2\/pages"}],"about":[{"href":"https:\/\/fisicaevestibular.com.br\/novo\/wp-json\/wp\/v2\/types\/page"}],"author":[{"embeddable":true,"href":"https:\/\/fisicaevestibular.com.br\/novo\/wp-json\/wp\/v2\/users\/1"}],"replies":[{"embeddable":true,"href":"https:\/\/fisicaevestibular.com.br\/novo\/wp-json\/wp\/v2\/comments?post=664"}],"version-history":[{"count":2,"href":"https:\/\/fisicaevestibular.com.br\/novo\/wp-json\/wp\/v2\/pages\/664\/revisions"}],"predecessor-version":[{"id":666,"href":"https:\/\/fisicaevestibular.com.br\/novo\/wp-json\/wp\/v2\/pages\/664\/revisions\/666"}],"up":[{"embeddable":true,"href":"https:\/\/fisicaevestibular.com.br\/novo\/wp-json\/wp\/v2\/pages\/662"}],"wp:attachment":[{"href":"https:\/\/fisicaevestibular.com.br\/novo\/wp-json\/wp\/v2\/media?parent=664"}],"curies":[{"name":"wp","href":"https:\/\/api.w.org\/{rel}","templated":true}]}}