{"id":564,"date":"2015-03-05T18:00:56","date_gmt":"2015-03-05T18:00:56","guid":{"rendered":"http:\/\/fisicaevestibular.com.br\/novo\/?page_id=564"},"modified":"2024-09-02T17:26:34","modified_gmt":"2024-09-02T17:26:34","slug":"resolucao-comentada-da-ifmg-2015","status":"publish","type":"page","link":"https:\/\/fisicaevestibular.com.br\/novo\/universidades-2015\/exercicios-resolvidos-da-ifmg-2015\/resolucao-comentada-da-ifmg-2015\/","title":{"rendered":"Resolu\u00e7\u00e3o comentada da IFMG 2015"},"content":{"rendered":"<p align=\"CENTER\"><span style=\"color: #c00000;\"><span style=\"font-family: 'Arial Black', serif;\"><span style=\"font-size: large;\"><b>RESOLU\u00c7\u00d5ES<\/b><\/span><\/span><\/span><\/p>\n<p><span style=\"color: #0000ff;\"><span style=\"font-family: 'Arial Black', serif;\"><span style=\"font-size: large;\">01- <\/span><\/span><\/span><span style=\"color: #0000ff;\"><span style=\"font-family: Arial, serif;\"><span style=\"font-size: medium;\"><b>C\u00e1lculo da <\/b><\/span><\/span><\/span><span style=\"color: #c00000;\"><span style=\"font-family: Arial, serif;\"><span style=\"font-size: medium;\"><b>acelera\u00e7\u00e3<\/b><\/span><\/span><\/span><span style=\"color: #0000ff;\"><span style=\"font-family: Arial, serif;\"><span style=\"font-size: medium;\"><b>o de retardamento&#8212; <\/b><\/span><\/span><\/span><span style=\"color: #c00000;\"><span style=\"font-family: Arial, serif;\"><span style=\"font-size: medium;\"><b>V = V<\/b><\/span><\/span><\/span><span style=\"color: #c00000;\"><sub><span style=\"font-family: Arial, serif;\"><span style=\"font-size: medium;\"><b>o<\/b><\/span><\/span><\/sub><\/span><span style=\"color: #c00000;\"><span style=\"font-family: Arial, serif;\"><span style=\"font-size: medium;\"><b> + at<\/b><\/span><\/span><\/span><span style=\"color: #0000ff;\"><span style=\"font-family: Arial, serif;\"><span style=\"font-size: medium;\"><b>&#8212; 0 = 1 + a.2 &#8212; <\/b><\/span><\/span><\/span><span style=\"color: #c00000;\"><span style=\"font-family: Arial, serif;\"><span style=\"font-size: medium;\"><b>a = &#8211; 1\/2 m\/s<\/b><\/span><\/span><\/span><span style=\"color: #c00000;\"><sup><span style=\"font-family: Arial, serif;\"><span style=\"font-size: medium;\"><b>2<\/b><\/span><\/span><\/sup><\/span><span style=\"color: #0000ff;\"><span style=\"font-family: Arial, serif;\"><span style=\"font-size: medium;\"><b> &#8212; em m\u00f3dulo &#8212; <\/b><\/span><\/span><\/span><span style=\"color: #c00000;\"><span style=\"font-family: Arial, serif;\"><span style=\"font-size: medium;\"><b>a = 0,5 m\/s<\/b><\/span><\/span><\/span><span style=\"color: #c00000;\"><sup><span style=\"font-family: Arial, serif;\"><span style=\"font-size: medium;\"><b>2<\/b><\/span><\/span><\/sup><\/span><span style=\"color: #c00000;\"><span style=\"font-family: Arial, serif;\"><span style=\"font-size: medium;\"><b>.<\/b><\/span><\/span><\/span><\/p>\n<p><span style=\"color: #0000ff;\"><span style=\"font-family: Arial, serif;\"><span style=\"font-size: medium;\"><b>A <\/b><\/span><\/span><\/span><span style=\"color: #c00000;\"><span style=\"font-family: Arial, serif;\"><span style=\"font-size: medium;\"><b>for\u00e7a resultante <\/b><\/span><\/span><\/span><span style=\"color: #0000ff;\"><span style=\"font-family: Arial, serif;\"><span style=\"font-size: medium;\"><b>sobre ele \u00e9 a <\/b><\/span><\/span><\/span><span style=\"color: #c00000;\"><span style=\"font-family: Arial, serif;\"><span style=\"font-size: medium;\"><b>pr\u00f3pria for\u00e7a de atrito F<\/b><\/span><\/span><\/span><span style=\"color: #c00000;\"><sub><span style=\"font-family: Arial, serif;\"><span style=\"font-size: medium;\"><b>at<\/b><\/span><\/span><\/sub><\/span><span style=\"color: #0000ff;\"><span style=\"font-family: Arial, serif;\"><span style=\"font-size: medium;\"><b>&#8212; <\/b><\/span><\/span><\/span><span style=\"color: #c00000;\"><span style=\"font-family: Arial, serif;\"><span style=\"font-size: medium;\"><b>F<\/b><\/span><\/span><\/span><span style=\"color: #c00000;\"><sub><span style=\"font-family: Arial, serif;\"><span style=\"font-size: medium;\"><b>R <\/b><\/span><\/span><\/sub><\/span><span style=\"color: #c00000;\"><span style=\"font-family: Arial, serif;\"><span style=\"font-size: medium;\"><b>= F<\/b><\/span><\/span><\/span><span style=\"color: #c00000;\"><sub><span style=\"font-family: Arial, serif;\"><span style=\"font-size: medium;\"><b>at<\/b><\/span><\/span><\/sub><\/span><span style=\"color: #c00000;\"><span style=\"font-family: Arial, serif;\"><span style=\"font-size: medium;\"><b>= ma<\/b><\/span><\/span><\/span><span style=\"color: #0000ff;\"><span style=\"font-family: Arial, serif;\"><span style=\"font-size: medium;\"><b>&#8212; \u00b5N = ma &#8212; &#8212; \u00b5P = ma &#8212; \u00b5mg = ma &#8212; &#8212; \u00b5g =a &#8212; \u00b5 =a\/g = 0,5\/10 <\/b><\/span><\/span><\/span><span style=\"color: #c00000;\"><span style=\"font-family: Arial, serif;\"><span style=\"font-size: medium;\"><b>&#8212; \u00b5 = 0,05.<\/b><\/span><\/span><\/span><\/p>\n<p><span style=\"color: #ff0000;\"><span style=\"font-family: Arial, serif;\"><span style=\"font-size: medium;\"><b>R- A<\/b><\/span><\/span><\/span><\/p>\n<p><span style=\"color: #0000ff;\"><span style=\"font-family: 'Arial Black', serif;\"><span style=\"font-size: large;\">02- <\/span><\/span><\/span><span style=\"color: #c00000;\"><span style=\"font-family: Arial, serif;\"><span style=\"font-size: medium;\"><b>\u2206L = L<\/b><\/span><\/span><\/span><span style=\"color: #c00000;\"><sub><span style=\"font-family: Arial, serif;\"><span style=\"font-size: medium;\"><b>o<\/b><\/span><\/span><\/sub><\/span><span style=\"color: #c00000;\"><span style=\"font-family: Arial, serif;\"><span style=\"font-size: medium;\"><b>.\u03b1. \u2206t <\/b><\/span><\/span><\/span><span style=\"color: #0000ff;\"><span style=\"font-family: Arial, serif;\"><span style=\"font-size: medium;\"><b>= 15.10<\/b><\/span><\/span><\/span><span style=\"color: #0000ff;\"><sup><span style=\"font-family: Arial, serif;\"><span style=\"font-size: medium;\"><b>-5<\/b><\/span><\/span><\/sup><\/span><span style=\"color: #0000ff;\"><span style=\"font-family: Arial, serif;\"><span style=\"font-size: medium;\"><b>.(65 \u2013 25) = 600.10<\/b><\/span><\/span><\/span><span style=\"color: #0000ff;\"><sup><span style=\"font-family: Arial, serif;\"><span style=\"font-size: medium;\"><b>-5<\/b><\/span><\/span><\/sup><\/span><span style=\"color: #0000ff;\"><span style=\"font-family: Arial, serif;\"><span style=\"font-size: medium;\"><b> &#8212; <\/b><\/span><\/span><\/span><span style=\"color: #c00000;\"><span style=\"font-family: Arial, serif;\"><span style=\"font-size: medium;\"><b>\u2206L = 0,006 m <\/b><\/span><\/span><\/span><span style=\"color: #0000ff;\"><span style=\"font-family: Arial, serif;\"><span style=\"font-size: medium;\"><b>&#8212; L = 15,0 + 0,006 &#8212; L = 15,006 m.<\/b><\/span><\/span><\/span><\/p>\n<p><span style=\"color: #ff0000;\"><span style=\"font-family: Arial, serif;\"><span style=\"font-size: medium;\"><b>R- C<\/b><\/span><\/span><\/span><\/p>\n<p><span style=\"color: #0000ff;\"><span style=\"font-family: 'Arial Black', serif;\"><span style=\"font-size: large;\">03- <\/span><\/span><\/span><span style=\"color: #c00000;\"><span style=\"font-family: Arial, serif;\"><span style=\"font-size: medium;\"><b>P<\/b><\/span><\/span><\/span><span style=\"color: #c00000;\"><sub><span style=\"font-family: Arial, serif;\"><span style=\"font-size: medium;\"><b>(3)<\/b><\/span><\/span><\/sub><\/span><span style=\"color: #c00000;\"><span style=\"font-family: Arial, serif;\"><span style=\"font-size: medium;\"><b> = P<\/b><\/span><\/span><\/span><span style=\"color: #c00000;\"><sub><span style=\"font-family: Arial, serif;\"><span style=\"font-size: medium;\"><b>atm<\/b><\/span><\/span><\/sub><\/span><span style=\"color: #c00000;\"><span style=\"font-family: Arial, serif;\"><span style=\"font-size: medium;\"><b> + <\/b><\/span><\/span><\/span><span style=\"color: #c00000;\"><span style=\"font-family: Arial, serif;\"><span style=\"font-size: medium;\"><b>\u03c1<\/b><\/span><\/span><\/span><span style=\"color: #c00000;\"><sub><span style=\"font-family: Arial, serif;\"><span style=\"font-size: medium;\"><b>gasolina<\/b><\/span><\/span><\/sub><\/span><span style=\"color: #c00000;\"><span style=\"font-family: Arial, serif;\"><span style=\"font-size: medium;\"><b>.g.5 + \u03c1<\/b><\/span><\/span><\/span><span style=\"color: #c00000;\"><sub><span style=\"font-family: Arial, serif;\"><span style=\"font-size: medium;\"><b>\u00e1gua<\/b><\/span><\/span><\/sub><\/span><span style=\"color: #c00000;\"><span style=\"font-family: Arial, serif;\"><span style=\"font-size: medium;\"><b>.g.6 <\/b><\/span><\/span><\/span><span style=\"color: #0000ff;\"><span style=\"font-family: Arial, serif;\"><span style=\"font-size: medium;\"><b>&#8212; <\/b><\/span><\/span><\/span><span style=\"color: #0000ff;\"><span style=\"font-family: Arial, serif;\"><span style=\"font-size: medium;\"><b>P<\/b><\/span><\/span><\/span><span style=\"color: #0000ff;\"><sub><span style=\"font-family: Arial, serif;\"><span style=\"font-size: medium;\"><b>(3)<\/b><\/span><\/span><\/sub><\/span><span style=\"color: #0000ff;\"><span style=\"font-family: Arial, serif;\"><span style=\"font-size: medium;\"><b> = 10<\/b><\/span><\/span><\/span><span style=\"color: #0000ff;\"><sup><span style=\"font-family: Arial, serif;\"><span style=\"font-size: medium;\"><b>5<\/b><\/span><\/span><\/sup><\/span><span style=\"color: #0000ff;\"><span style=\"font-family: Arial, serif;\"><span style=\"font-size: medium;\"><b> + <\/b><\/span><\/span><\/span><span style=\"color: #0000ff;\"><span style=\"font-family: Arial, serif;\"><span style=\"font-size: medium;\"><b>8.10<\/b><\/span><\/span><\/span><span style=\"color: #0000ff;\"><sup><span style=\"font-family: Arial, serif;\"><span style=\"font-size: medium;\"><b>2<\/b><\/span><\/span><\/sup><\/span><span style=\"color: #0000ff;\"><span style=\"font-family: Arial, serif;\"><span style=\"font-size: medium;\"><b>.10.5 + 10<\/b><\/span><\/span><\/span><span style=\"color: #0000ff;\"><sup><span style=\"font-family: Arial, serif;\"><span style=\"font-size: medium;\"><b>3<\/b><\/span><\/span><\/sup><\/span><span style=\"color: #0000ff;\"><span style=\"font-family: Arial, serif;\"><span style=\"font-size: medium;\"><b>.10.6 &#8212; <\/b><\/span><\/span><\/span><span style=\"color: #0000ff;\"><span style=\"font-family: Arial, serif;\"><span style=\"font-size: medium;\"><b>P<\/b><\/span><\/span><\/span><span style=\"color: #0000ff;\"><sub><span style=\"font-family: Arial, serif;\"><span style=\"font-size: medium;\"><b>(3)<\/b><\/span><\/span><\/sub><\/span><span style=\"color: #0000ff;\"><span style=\"font-family: Arial, serif;\"><span style=\"font-size: medium;\"><b> = 10<\/b><\/span><\/span><\/span><span style=\"color: #0000ff;\"><sup><span style=\"font-family: Arial, serif;\"><span style=\"font-size: medium;\"><b>5<\/b><\/span><\/span><\/sup><\/span><span style=\"color: #0000ff;\"><span style=\"font-family: Arial, serif;\"><span style=\"font-size: medium;\"><b> + 0,4.10<\/b><\/span><\/span><\/span><span style=\"color: #0000ff;\"><sup><span style=\"font-family: Arial, serif;\"><span style=\"font-size: medium;\"><b>5 <\/b><\/span><\/span><\/sup><\/span><span style=\"color: #0000ff;\"><span style=\"font-family: Arial, serif;\"><span style=\"font-size: medium;\"><b>+ 0,6.10<\/b><\/span><\/span><\/span><span style=\"color: #0000ff;\"><sup><span style=\"font-family: Arial, serif;\"><span style=\"font-size: medium;\"><b>5<\/b><\/span><\/span><\/sup><\/span><span style=\"color: #0000ff;\"><span style=\"font-family: Arial, serif;\"><span style=\"font-size: medium;\"><b> &#8212; <\/b><\/span><\/span><\/span><span style=\"color: #c00000;\"><span style=\"font-family: Arial, serif;\"><span style=\"font-size: medium;\"><b>P<\/b><\/span><\/span><\/span><span style=\"color: #c00000;\"><sub><span style=\"font-family: Arial, serif;\"><span style=\"font-size: medium;\"><b>(3) <\/b><\/span><\/span><\/sub><\/span><span style=\"color: #c00000;\"><span style=\"font-family: Arial, serif;\"><span style=\"font-size: medium;\"><b>= 2,0.10<\/b><\/span><\/span><\/span><span style=\"color: #c00000;\"><sup><span style=\"font-family: Arial, serif;\"><span style=\"font-size: medium;\"><b>5<\/b><\/span><\/span><\/sup><\/span><span style=\"color: #c00000;\"><span style=\"font-family: Arial, serif;\"><span style=\"font-size: medium;\"><b> Pa.<\/b><\/span><\/span><\/span><\/p>\n<p><span style=\"color: #ff0000;\"><span style=\"font-family: Arial, serif;\"><span style=\"font-size: medium;\"><b>R &#8211; C<\/b><\/span><\/span><\/span><\/p>\n<p><span style=\"color: #0000ff;\"><span style=\"font-family: 'Arial Black', serif;\"><span style=\"font-size: large;\">04- <\/span><\/span><\/span><span style=\"color: #0000ff;\"><span style=\"font-family: Arial, serif;\"><span style=\"font-size: medium;\"><b>O <\/b><\/span><\/span><\/span><span style=\"color: #c00000;\"><span style=\"font-family: Arial, serif;\"><span style=\"font-size: medium;\"><b>centro de gravidade<\/b><\/span><\/span><\/span><span style=\"color: #0000ff;\"><span style=\"font-family: Arial, serif;\"><span style=\"font-size: medium;\"><b> da garota variou de <\/b><\/span><\/span><\/span><span style=\"color: #c00000;\"><span style=\"font-family: Arial, serif;\"><span style=\"font-size: medium;\"><b>0,8m para 4m.<\/b><\/span><\/span><\/span><\/p>\n<p><span style=\"color: #c00000;\">\u2206<span style=\"font-family: Arial, serif;\"><span style=\"font-size: medium;\"><b>E<\/b><\/span><\/span><\/span><span style=\"color: #c00000;\"><sub><span style=\"font-family: Arial, serif;\"><span style=\"font-size: medium;\"><b>p<\/b><\/span><\/span><\/sub><\/span><span style=\"color: #c00000;\"><span style=\"font-family: Arial, serif;\"><span style=\"font-size: medium;\"><b> =m.g.\u2206h<\/b><\/span><\/span><\/span><span style=\"color: #0000ff;\"><span style=\"font-family: Arial, serif;\"><span style=\"font-size: medium;\"><b> = 50.10.(4 \u2013 0,8) &#8212; <\/b><\/span><\/span><\/span><span style=\"color: #c00000;\"><span style=\"font-family: Arial, serif;\"><span style=\"font-size: medium;\"><b>\u2206E<\/b><\/span><\/span><\/span><span style=\"color: #c00000;\"><sub><span style=\"font-family: Arial, serif;\"><span style=\"font-size: medium;\"><b>p<\/b><\/span><\/span><\/sub><\/span><span style=\"color: #0000ff;\"><span style=\"font-family: Arial, serif;\"><span style=\"font-size: medium;\"><b> =500.3,2 = 1600J = <\/b><\/span><\/span><\/span><span style=\"color: #c00000;\"><span style=\"font-family: Arial, serif;\"><span style=\"font-size: medium;\"><b>1,6 kJ.<\/b><\/span><\/span><\/span><\/p>\n<p><span style=\"color: #ff0000;\"><span style=\"font-family: Arial, serif;\"><span style=\"font-size: medium;\"><b>R &#8211; B<\/b><\/span><\/span><\/span><\/p>\n<p><span style=\"color: #0000ff;\"><span style=\"font-family: 'Arial Black', serif;\"><span style=\"font-size: large;\">05- <\/span><\/span><\/span><span style=\"color: #0000ff;\"><span style=\"font-family: Arial, serif;\"><span style=\"font-size: medium;\"><b>A imagem, para <\/b><\/span><\/span><\/span><span style=\"color: #c00000;\"><span style=\"font-family: Arial, serif;\"><span style=\"font-size: medium;\"><b>qualquer posi\u00e7\u00e3o do objeto<\/b><\/span><\/span><\/span><span style=\"color: #0000ff;\"><span style=\"font-family: Arial, serif;\"><span style=\"font-size: medium;\"><b>, fornecida por um <\/b><\/span><\/span><\/span><span style=\"color: #c00000;\"><span style=\"font-family: Arial, serif;\"><span style=\"font-size: medium;\"><b>espelho esf\u00e9rico convexo<\/b><\/span><\/span><\/span><span style=\"color: #0000ff;\"><span style=\"font-family: Arial, serif;\"><span style=\"font-size: medium;\"><b>, \u00e9 sempre <\/b><\/span><\/span><\/span><span style=\"color: #c00000;\"><span style=\"font-family: Arial, serif;\"><span style=\"font-size: medium;\"><b>virtual, direita e menor que o objeto<\/b><\/span><\/span><\/span><span style=\"color: #0000ff;\"><span style=\"font-family: Arial, serif;\"><span style=\"font-size: medium;\"><b>.<\/b><\/span><\/span><\/span><\/p>\n<p><span style=\"color: #ff0000;\"><span style=\"font-family: Arial, serif;\"><span style=\"font-size: medium;\"><b>R- D<\/b><\/span><\/span><\/span><\/p>\n<p><span style=\"color: #0000ff;\"><span style=\"font-family: 'Arial Black', serif;\"><span style=\"font-size: large;\">06- <\/span><\/span><\/span><span style=\"color: #c00000;\"><span style=\"font-family: Arial, serif;\"><span style=\"font-size: medium;\"><b>P = i.U<\/b><\/span><\/span><\/span><span style=\"color: #0000ff;\"><span style=\"font-family: Arial, serif;\"><span style=\"font-size: medium;\"><b> &#8212; 4500 = 220.i &#8212; <\/b><\/span><\/span><\/span><span style=\"color: #c00000;\"><span style=\"font-family: Arial, serif;\"><span style=\"font-size: medium;\"><b>i <\/b><\/span><\/span><\/span><span style=\"color: #0000ff;\"><span style=\"font-family: Arial, serif;\"><span style=\"font-size: medium;\"><b>= 4500\/220 <\/b><\/span><\/span><\/span><span style=\"color: #c00000;\"><span style=\"font-family: Arial, serif;\"><span style=\"font-size: medium;\"><b>= 20,45 A<\/b><\/span><\/span><\/span><\/p>\n<p><span style=\"color: #ff0000;\"><span style=\"font-family: Arial, serif;\"><span style=\"font-size: medium;\"><b>R- A<\/b><\/span><\/span><\/span><\/p>\n<p>&nbsp;<\/p>\n<h3><a title=\"Exerc\u00edcios resolvidos da IFMG 2015\" href=\"http:\/\/fisicaevestibular.com.br\/novo\/universidades-2015\/exercicios-resolvidos-da-ifmg-2015\/\"><span style=\"color: #003366;\">Voltar para os Exerc\u00edcios<\/span><\/a><\/h3>\n<p>&nbsp;<\/p>\n","protected":false},"excerpt":{"rendered":"<p>RESOLU\u00c7\u00d5ES 01- C\u00e1lculo da acelera\u00e7\u00e3o de retardamento&#8212; V = Vo + at&#8212; 0 = 1 + a.2 &#8212; a = &#8211; 1\/2 m\/s2 &#8212; em m\u00f3dulo &#8212; a = 0,5 m\/s2. A for\u00e7a resultante sobre ele \u00e9 a pr\u00f3pria for\u00e7a de atrito Fat&#8212; FR = Fat= ma&#8212; \u00b5N = ma &#8212; &#8212; \u00b5P = ma &#8212; \u00b5mg = ma &#8212;<\/p>\n","protected":false},"author":1,"featured_media":0,"parent":562,"menu_order":0,"comment_status":"closed","ping_status":"closed","template":"","meta":{"om_disable_all_campaigns":false,"_monsterinsights_skip_tracking":false,"_monsterinsights_sitenote_active":false,"_monsterinsights_sitenote_note":"","_monsterinsights_sitenote_category":0,"footnotes":""},"class_list":["post-564","page","type-page","status-publish","hentry"],"aioseo_notices":[],"_links":{"self":[{"href":"https:\/\/fisicaevestibular.com.br\/novo\/wp-json\/wp\/v2\/pages\/564","targetHints":{"allow":["GET"]}}],"collection":[{"href":"https:\/\/fisicaevestibular.com.br\/novo\/wp-json\/wp\/v2\/pages"}],"about":[{"href":"https:\/\/fisicaevestibular.com.br\/novo\/wp-json\/wp\/v2\/types\/page"}],"author":[{"embeddable":true,"href":"https:\/\/fisicaevestibular.com.br\/novo\/wp-json\/wp\/v2\/users\/1"}],"replies":[{"embeddable":true,"href":"https:\/\/fisicaevestibular.com.br\/novo\/wp-json\/wp\/v2\/comments?post=564"}],"version-history":[{"count":1,"href":"https:\/\/fisicaevestibular.com.br\/novo\/wp-json\/wp\/v2\/pages\/564\/revisions"}],"predecessor-version":[{"id":565,"href":"https:\/\/fisicaevestibular.com.br\/novo\/wp-json\/wp\/v2\/pages\/564\/revisions\/565"}],"up":[{"embeddable":true,"href":"https:\/\/fisicaevestibular.com.br\/novo\/wp-json\/wp\/v2\/pages\/562"}],"wp:attachment":[{"href":"https:\/\/fisicaevestibular.com.br\/novo\/wp-json\/wp\/v2\/media?parent=564"}],"curies":[{"name":"wp","href":"https:\/\/api.w.org\/{rel}","templated":true}]}}