{"id":562,"date":"2015-03-05T18:00:10","date_gmt":"2015-03-05T18:00:10","guid":{"rendered":"http:\/\/fisicaevestibular.com.br\/novo\/?page_id=562"},"modified":"2024-09-02T17:25:17","modified_gmt":"2024-09-02T17:25:17","slug":"exercicios-resolvidos-da-ifmg-2015","status":"publish","type":"page","link":"https:\/\/fisicaevestibular.com.br\/novo\/universidades-2015\/exercicios-resolvidos-da-ifmg-2015\/","title":{"rendered":"Exerc\u00edcios resolvidos da IFMG 2015"},"content":{"rendered":"<p align=\"CENTER\"><img decoding=\"async\" src=\"http:\/\/fisicaevestibular.com.br\/novo\/wp-content\/uploads\/universidades-2015\/ifmg\/i_afd228bca24ad9d6_html_7d40820.png\" alt=\"\" width=\"257\" height=\"109\" name=\"Imagem 7\" align=\"BOTTOM\" border=\"0\" \/><\/p>\n<p align=\"CENTER\"><span style=\"color: #0000ff;\"><span style=\"font-family: 'Viner Hand ITC', serif;\"><span style=\"font-size: large;\"><b>O\u00a0Instituto Federal de Educa\u00e7\u00e3o, Ci\u00eancia e Tecnologia de Minas Gerais\u00a0\u00e9 uma institu\u00e7\u00e3o que oferece educa\u00e7\u00e3o superior, b\u00e1sica e profissional, de forma pluricurricular. \u00c9 uma institui\u00e7\u00e3o\u00a0multicampi, especializada na oferta de educa\u00e7\u00e3o profissional e tecnol\u00f3gica nas diferentes modalidades de ensino, com base na conjuga\u00e7\u00e3o de conhecimentos t\u00e9cnicos e tecnol\u00f3gicos \u00e0s suas pr\u00e1ticas pedag\u00f3gicas. Sua Reitoria est\u00e1 sediada em Belo Horizonte-MG<\/b><\/span><\/span><\/span><\/p>\n<p align=\"CENTER\"><span style=\"color: #0000ff;\"><span style=\"font-family: 'Viner Hand ITC', serif;\"><span style=\"font-size: large;\"><b>Unidades<\/b><\/span><\/span><\/span><\/p>\n<p align=\"CENTER\"><span style=\"color: #0000ff;\"><span style=\"font-family: 'Viner Hand ITC', serif;\"><span style=\"font-size: large;\"><b>Reitoria Belo Horizonte<\/b><\/span><\/span><\/span><\/p>\n<p align=\"CENTER\"><span style=\"color: #0000ff;\"><span style=\"font-family: 'Viner Hand ITC', serif;\"><span style=\"font-size: large;\"><b>Campus\u00a01 &#8211; Campus Bambu\u00ed &#8211;\u00a0 Campus Betim (implanta\u00e7\u00e3o) &#8211; Campus Congonhas &#8211; Campus Formiga &#8211; Campus Governador Valadares &#8211; Campus Ouro Branco &#8211; Campus Ouro Preto &#8211; EaD P\u00f3lo Alfenas &#8211; EaD P\u00f3lo Betim &#8211; EaD P\u00f3lo Cachoeira doCampo &#8211; EaD P\u00f3lo Cataguases &#8211; Campus Ribeir\u00e3o das Neves (previsto) &#8211; Campus Sabar\u00e1 (previsto) &#8211; Campus S\u00e3o Jo\u00e3o Evangelista\u00a0 &#8212;\u00a0 Unidades Conveniadas \u2013 Arcos \u2013 Bom Despacho \u2013 Jo\u00e3o Monlevade \u2013 Pomp\u00e9u \u2013 Piumbi \u2013 Oliveira.<\/b><\/span><\/span><\/span><\/p>\n<p><span style=\"color: #0000ff;\"><span style=\"font-family: 'Arial Black', serif;\"><span style=\"font-size: large;\"><b>01-(IFMG-MG-015)<\/b><\/span><\/span><\/span><\/p>\n<p><img fetchpriority=\"high\" decoding=\"async\" src=\"http:\/\/fisicaevestibular.com.br\/novo\/wp-content\/uploads\/universidades-2015\/ifmg\/i_afd228bca24ad9d6_html_4882fc74.jpg\" alt=\"\" width=\"557\" height=\"134\" name=\"Imagem 11\" align=\"BOTTOM\" border=\"0\" \/><\/p>\n<p><span style=\"color: #c00000;\"><span style=\"font-family: Arial, serif;\"><span style=\"font-size: medium;\"><b>Tiago escorrega em um piso liso<\/b><\/span><\/span><\/span><span style=\"color: #0000ff;\"><span style=\"font-family: Arial, serif;\"><span style=\"font-size: medium;\"><b>. Como sua <\/b><\/span><\/span><\/span><span style=\"color: #c00000;\"><span style=\"font-family: Arial, serif;\"><span style=\"font-size: medium;\"><b>velocidade inicial \u00e9 de 1m\/s<\/b><\/span><\/span><\/span><span style=\"color: #0000ff;\"><span style=\"font-family: Arial, serif;\"><span style=\"font-size: medium;\"><b>, ele <\/b><\/span><\/span><\/span><span style=\"color: #c00000;\"><span style=\"font-family: Arial, serif;\"><span style=\"font-size: medium;\"><b>desliza 2s at\u00e9parar<\/b><\/span><\/span><\/span><\/p>\n<p align=\"CENTER\"><img decoding=\"async\" src=\"http:\/\/fisicaevestibular.com.br\/novo\/wp-content\/uploads\/universidades-2015\/ifmg\/i_afd228bca24ad9d6_html_m1c2db4ab.png\" alt=\"\" width=\"363\" height=\"134\" name=\"Imagem 3\" align=\"BOTTOM\" border=\"0\" \/><\/p>\n<p><span style=\"color: #c00000;\"><span style=\"font-family: Arial, serif;\"><span style=\"font-size: medium;\"><b>completamente<\/b><\/span><\/span><\/span><span style=\"color: #0000ff;\"><span style=\"font-family: Arial, serif;\"><span style=\"font-size: medium;\"><b>. Qual o <\/b><\/span><\/span><\/span><span style=\"color: #c00000;\"><span style=\"font-family: Arial, serif;\"><span style=\"font-size: medium;\"><b>valor<\/b><\/span><\/span><\/span><span style=\"color: #0000ff;\"><span style=\"font-family: Arial, serif;\"><span style=\"font-size: medium;\"><b> do <\/b><\/span><\/span><\/span><span style=\"color: #c00000;\"><span style=\"font-family: Arial, serif;\"><span style=\"font-size: medium;\"><b>coeficiente de atrito cin\u00e9tico entre o cal\u00e7ado de Tiago e opiso? <\/b><\/span><\/span><\/span><span style=\"color: #0000ff;\"><span style=\"font-family: Arial, serif;\"><span style=\"font-size: medium;\"><b>Considere a <\/b><\/span><\/span><\/span><span style=\"color: #c00000;\"><span style=\"font-family: Arial, serif;\"><span style=\"font-size: medium;\"><b>acelera\u00e7\u00e3o da gravidade g = 10m\/s\u00b2<\/b><\/span><\/span><\/span><span style=\"color: #0000ff;\"><span style=\"font-family: Arial, serif;\"><span style=\"font-size: medium;\"><b>.<\/b><\/span><\/span><\/span><\/p>\n<p><img loading=\"lazy\" decoding=\"async\" src=\"http:\/\/fisicaevestibular.com.br\/novo\/wp-content\/uploads\/universidades-2015\/ifmg\/i_afd228bca24ad9d6_html_m24b0232c.png\" alt=\"\" width=\"765\" height=\"19\" name=\"Imagem 1\" align=\"BOTTOM\" border=\"0\" \/><\/p>\n<p><span style=\"color: #0000ff;\"><span style=\"font-family: 'Arial Black', serif;\"><span style=\"font-size: large;\"><b>02-(IFMG-MG-015)<\/b><\/span><\/span><\/span><\/p>\n<p><img loading=\"lazy\" decoding=\"async\" src=\"http:\/\/fisicaevestibular.com.br\/novo\/wp-content\/uploads\/universidades-2015\/ifmg\/i_afd228bca24ad9d6_html_33c9dfda.jpg\" alt=\"\" width=\"578\" height=\"144\" name=\"Imagem 14\" align=\"BOTTOM\" border=\"0\" \/><\/p>\n<p><a name=\"_GoBack\"><\/a><span style=\"color: #0000ff;\"><span style=\"font-family: Arial, serif;\"><span style=\"font-size: medium;\"><b>Uma<\/b><\/span><\/span><\/span><span style=\"color: #c00000;\"><span style=\"font-family: Arial, serif;\"><span style=\"font-size: medium;\"><b> barra de a\u00e7o possui 15m de comprimento<\/b><\/span><\/span><\/span><span style=\"color: #0000ff;\"><span style=\"font-family: Arial, serif;\"><span style=\"font-size: medium;\"><b> quando submetida a uma <\/b><\/span><\/span><\/span><span style=\"color: #c00000;\"><span style=\"font-family: Arial, serif;\"><span style=\"font-size: medium;\"><b>temperatura de 25\u00baC.<\/b><\/span><\/span><\/span><\/p>\n<p align=\"CENTER\"><img loading=\"lazy\" decoding=\"async\" src=\"http:\/\/fisicaevestibular.com.br\/novo\/wp-content\/uploads\/universidades-2015\/ifmg\/i_afd228bca24ad9d6_html_m1f949663.png\" alt=\"\" width=\"436\" height=\"71\" name=\"Imagem 5\" align=\"BOTTOM\" border=\"0\" \/><\/p>\n<p><span style=\"color: #0000ff;\"><span style=\"font-family: Arial, serif;\"><span style=\"font-size: medium;\"><b>Considerando o <\/b><\/span><\/span><\/span><span style=\"color: #c00000;\"><span style=\"font-family: Arial, serif;\"><span style=\"font-size: medium;\"><b>coeficiente de dilata\u00e7\u00e3o linear do a\u00e7o igual a 10<\/b><\/span><\/span><\/span><span style=\"color: #c00000;\"><sup><span style=\"font-family: Arial, serif;\"><span style=\"font-size: medium;\"><b>-5<\/b><\/span><\/span><\/sup><\/span><span style=\"color: #c00000;\"><span style=\"font-family: Arial, serif;\"><span style=\"font-size: medium;\"><b> \u00baC<\/b><\/span><\/span><\/span><span style=\"color: #c00000;\"><sup><span style=\"font-family: Arial, serif;\"><span style=\"font-size: medium;\"><b>-1<\/b><\/span><\/span><\/sup><\/span><span style=\"color: #0000ff;\"><span style=\"font-family: Arial, serif;\"><span style=\"font-size: medium;\"><b>, se essa barra for<\/b><\/span><\/span><\/span><\/p>\n<p><span style=\"color: #c00000;\"><span style=\"font-family: Arial, serif;\"><span style=\"font-size: medium;\"><b>submetida<\/b><\/span><\/span><\/span><span style=\"color: #0000ff;\"><span style=\"font-family: Arial, serif;\"><span style=\"font-size: medium;\"><b> a uma <\/b><\/span><\/span><\/span><span style=\"color: #c00000;\"><span style=\"font-family: Arial, serif;\"><span style=\"font-size: medium;\"><b>temperatura de 65\u00baC<\/b><\/span><\/span><\/span><span style=\"color: #0000ff;\"><span style=\"font-family: Arial, serif;\"><span style=\"font-size: medium;\"><b>, seu <\/b><\/span><\/span><\/span><span style=\"color: #c00000;\"><span style=\"font-family: Arial, serif;\"><span style=\"font-size: medium;\"><b>comprimento final, em metros, <\/b><\/span><\/span><\/span><span style=\"color: #0000ff;\"><span style=\"font-family: Arial, serif;\"><span style=\"font-size: medium;\"><b>ser\u00e1<\/b><\/span><\/span><\/span><\/p>\n<p><span style=\"color: #0000ff;\"><span style=\"font-family: Arial, serif;\"><span style=\"font-size: medium;\"><b>aproximadamente de:<\/b><\/span><\/span><\/span><\/p>\n<p><img loading=\"lazy\" decoding=\"async\" src=\"http:\/\/fisicaevestibular.com.br\/novo\/wp-content\/uploads\/universidades-2015\/ifmg\/i_afd228bca24ad9d6_html_34251f3.png\" alt=\"\" width=\"765\" height=\"17\" name=\"Imagem 2\" align=\"BOTTOM\" border=\"0\" \/><\/p>\n<p><span style=\"color: #0000ff;\"><span style=\"font-family: 'Arial Black', serif;\"><span style=\"font-size: large;\"><b>03-(IFMG-MG-015)<\/b><\/span><\/span><\/span><\/p>\n<p><img loading=\"lazy\" decoding=\"async\" src=\"http:\/\/fisicaevestibular.com.br\/novo\/wp-content\/uploads\/universidades-2015\/ifmg\/i_afd228bca24ad9d6_html_ec3b850.jpg\" alt=\"\" width=\"604\" height=\"148\" name=\"Imagem 17\" align=\"BOTTOM\" border=\"0\" \/><\/p>\n<p><span style=\"color: #0000ff;\"><span style=\"font-family: Arial, serif;\"><span style=\"font-size: medium;\"><b>Em um <\/b><\/span><\/span><\/span><span style=\"color: #c00000;\"><span style=\"font-family: Arial, serif;\"><span style=\"font-size: medium;\"><b>processo industrial<\/b><\/span><\/span><\/span><span style=\"color: #0000ff;\"><span style=\"font-family: Arial, serif;\"><span style=\"font-size: medium;\"><b> coloca-se <\/b><\/span><\/span><\/span><span style=\"color: #c00000;\"><span style=\"font-family: Arial, serif;\"><span style=\"font-size: medium;\"><b>\u00e1gua e gasolina<\/b><\/span><\/span><\/span><span style=\"color: #0000ff;\"><span style=\"font-family: Arial, serif;\"><span style=\"font-size: medium;\"><b> em um recipiente, conforme a figura<\/b><\/span><\/span><\/span><\/p>\n<p><span style=\"color: #0000ff;\"><span style=\"font-family: Arial, serif;\"><span style=\"font-size: medium;\"><b>abaixo.<\/b><\/span><\/span><\/span><\/p>\n<p align=\"CENTER\"><img loading=\"lazy\" decoding=\"async\" src=\"http:\/\/fisicaevestibular.com.br\/novo\/wp-content\/uploads\/universidades-2015\/ifmg\/i_afd228bca24ad9d6_html_e79df68.png\" alt=\"\" width=\"176\" height=\"193\" name=\"Imagem 4\" align=\"BOTTOM\" border=\"0\" \/><\/p>\n<p><span style=\"color: #0000ff;\"><span style=\"font-family: Arial, serif;\"><span style=\"font-size: medium;\"><b>Considerando <\/b><\/span><\/span><\/span><span style=\"color: #c00000;\"><span style=\"font-family: Arial, serif;\"><span style=\"font-size: medium;\"><b>\u03c1<\/b><\/span><\/span><\/span><span style=\"color: #c00000;\"><sub><span style=\"font-family: Arial, serif;\"><span style=\"font-size: medium;\"><b>\u00e1gua<\/b><\/span><\/span><\/sub><\/span><span style=\"color: #c00000;\"><span style=\"font-family: Arial, serif;\"><span style=\"font-size: medium;\"><b> = 1000 kg\/m\u00b3; \u03c1<\/b><\/span><\/span><\/span><span style=\"color: #c00000;\"><sub><span style=\"font-family: Arial, serif;\"><span style=\"font-size: medium;\"><b>gasolina<\/b><\/span><\/span><\/sub><\/span><span style=\"color: #c00000;\"><span style=\"font-family: Arial, serif;\"><span style=\"font-size: medium;\"><b> = 800 kg\/m\u00b3; g = 10m\/s\u00b2 e p<\/b><\/span><\/span><\/span><span style=\"color: #c00000;\"><sub><span style=\"font-family: Arial, serif;\"><span style=\"font-size: medium;\"><b>atm<\/b><\/span><\/span><\/sub><\/span><span style=\"color: #c00000;\"><span style=\"font-family: Arial, serif;\"><span style=\"font-size: medium;\"><b> = 10<\/b><\/span><\/span><\/span><span style=\"color: #c00000;\"><sup><span style=\"font-family: Arial, serif;\"><span style=\"font-size: medium;\"><b>5<\/b><\/span><\/span><\/sup><\/span><span style=\"color: #c00000;\"><span style=\"font-family: Arial, serif;\"><span style=\"font-size: medium;\"><b> Pa,<\/b><\/span><\/span><\/span><span style=\"color: #0000ff;\"><span style=\"font-family: Arial, serif;\"><span style=\"font-size: medium;\"><b> a <\/b><\/span><\/span><\/span><span style=\"color: #c00000;\"><span style=\"font-family: Arial, serif;\"><span style=\"font-size: medium;\"><b>press\u00e3o no<\/b><\/span><\/span><\/span><\/p>\n<p><span style=\"color: #c00000;\"><span style=\"font-family: Arial, serif;\"><span style=\"font-size: medium;\"><b>ponto (3), em Pa<\/b><\/span><\/span><\/span><span style=\"color: #0000ff;\"><span style=\"font-family: Arial, serif;\"><span style=\"font-size: medium;\"><b>, vale:<\/b><\/span><\/span><\/span><\/p>\n<p><img loading=\"lazy\" decoding=\"async\" src=\"http:\/\/fisicaevestibular.com.br\/novo\/wp-content\/uploads\/universidades-2015\/ifmg\/i_afd228bca24ad9d6_html_6268fdc0.png\" alt=\"\" width=\"765\" height=\"17\" name=\"graphics1\" align=\"BOTTOM\" border=\"0\" \/><\/p>\n<p><span style=\"color: #0000ff;\"><span style=\"font-family: 'Arial Black', serif;\"><span style=\"font-size: large;\"><b>04-(IFMG-MG-015)<\/b><\/span><\/span><\/span><\/p>\n<p><img loading=\"lazy\" decoding=\"async\" src=\"http:\/\/fisicaevestibular.com.br\/novo\/wp-content\/uploads\/universidades-2015\/ifmg\/i_afd228bca24ad9d6_html_m13245604.jpg\" alt=\"\" width=\"604\" height=\"141\" name=\"Imagem 20\" align=\"BOTTOM\" border=\"0\" \/><\/p>\n<p><span style=\"color: #0000ff;\"><span style=\"font-family: Arial, serif;\"><span style=\"font-size: medium;\"><b>Uma <\/b><\/span><\/span><\/span><span style=\"color: #c00000;\"><span style=\"font-family: Arial, serif;\"><span style=\"font-size: medium;\"><b>garota com 50kg e 1,60m de altura<\/b><\/span><\/span><\/span><span style=\"color: #0000ff;\"><span style=\"font-family: Arial, serif;\"><span style=\"font-size: medium;\"><b> treina salto com vara e <\/b><\/span><\/span><\/span><span style=\"color: #c00000;\"><span style=\"font-family: Arial, serif;\"><span style=\"font-size: medium;\"><b>consegue ultrapassar 4,0m de<\/b><\/span><\/span><\/span><\/p>\n<p align=\"CENTER\"><img loading=\"lazy\" decoding=\"async\" src=\"http:\/\/fisicaevestibular.com.br\/novo\/wp-content\/uploads\/universidades-2015\/ifmg\/i_afd228bca24ad9d6_html_m74ccb19a.png\" alt=\"\" width=\"209\" height=\"159\" name=\"Imagem 6\" align=\"BOTTOM\" border=\"0\" \/><\/p>\n<p><span style=\"color: #c00000;\"><span style=\"font-family: Arial, serif;\"><span style=\"font-size: medium;\"><b>altura.<\/b><\/span><\/span><\/span><span style=\"color: #0000ff;\"><span style=\"font-family: Arial, serif;\"><span style=\"font-size: medium;\"><b> Considerando <\/b><\/span><\/span><\/span><span style=\"color: #c00000;\"><span style=\"font-family: Arial, serif;\"><span style=\"font-size: medium;\"><b>g = 10m\/s<\/b><\/span><\/span><\/span><span style=\"color: #c00000;\"><sup><span style=\"font-family: Arial, serif;\"><span style=\"font-size: medium;\"><b>2<\/b><\/span><\/span><\/sup><\/span><span style=\"color: #0000ff;\"><span style=\"font-family: Arial, serif;\"><span style=\"font-size: medium;\"><b>, a <\/b><\/span><\/span><\/span><span style=\"color: #c00000;\"><span style=\"font-family: Arial, serif;\"><span style=\"font-size: medium;\"><b>varia\u00e7\u00e3o de energia potencial gravitacional<\/b><\/span><\/span><\/span><span style=\"color: #0000ff;\"><span style=\"font-family: Arial, serif;\"><span style=\"font-size: medium;\"><b> da atleta, em <\/b><\/span><\/span><\/span><span style=\"color: #c00000;\"><span style=\"font-family: Arial, serif;\"><span style=\"font-size: medium;\"><b>kJ,<\/b><\/span><\/span><\/span><\/p>\n<p><span style=\"color: #0000ff;\"><span style=\"font-family: Arial, serif;\"><span style=\"font-size: medium;\"><b>ser\u00e1 de:<\/b><\/span><\/span><\/span><\/p>\n<p><img loading=\"lazy\" decoding=\"async\" src=\"http:\/\/fisicaevestibular.com.br\/novo\/wp-content\/uploads\/universidades-2015\/ifmg\/i_afd228bca24ad9d6_html_4780e4a7.png\" alt=\"\" width=\"765\" height=\"24\" name=\"graphics2\" align=\"BOTTOM\" border=\"0\" \/><\/p>\n<p><span style=\"color: #0000ff;\"><span style=\"font-family: 'Arial Black', serif;\"><span style=\"font-size: large;\"><b>05-(IFMG-MG-015)<\/b><\/span><\/span><\/span><\/p>\n<p><img loading=\"lazy\" decoding=\"async\" src=\"http:\/\/fisicaevestibular.com.br\/novo\/wp-content\/uploads\/universidades-2015\/ifmg\/i_afd228bca24ad9d6_html_m13245604.jpg\" alt=\"\" width=\"573\" height=\"137\" name=\"Imagem 23\" align=\"BOTTOM\" border=\"0\" \/><\/p>\n<p><span style=\"color: #c00000;\"><span style=\"font-family: Arial, serif;\"><span style=\"font-size: medium;\"><b>Fernando<\/b><\/span><\/span><\/span><span style=\"color: #0000ff;\"><span style=\"font-family: Arial, serif;\"><span style=\"font-size: medium;\"><b>, ao se <\/b><\/span><\/span><\/span><span style=\"color: #c00000;\"><span style=\"font-family: Arial, serif;\"><span style=\"font-size: medium;\"><b>aproximar<\/b><\/span><\/span><\/span><span style=\"color: #0000ff;\"><span style=\"font-family: Arial, serif;\"><span style=\"font-size: medium;\"><b> de uma loja de conveni\u00eancia, observa <\/b><\/span><\/span><\/span><span style=\"color: #c00000;\"><span style=\"font-family: Arial, serif;\"><span style=\"font-size: medium;\"><b>sua pr\u00f3pria imagem <\/b><\/span><\/span><\/span><span style=\"color: #0000ff;\"><span style=\"font-family: Arial, serif;\"><span style=\"font-size: medium;\"><b>em um<\/b><\/span><\/span><\/span><\/p>\n<p><span style=\"color: #c00000;\"><span style=\"font-family: Arial, serif;\"><span style=\"font-size: medium;\"><b>espelho esf\u00e9rico convexo<\/b><\/span><\/span><\/span><span style=\"color: #0000ff;\"><span style=\"font-family: Arial, serif;\"><span style=\"font-size: medium;\"><b>. A <\/b><\/span><\/span><\/span><span style=\"color: #c00000;\"><span style=\"font-family: Arial, serif;\"><span style=\"font-size: medium;\"><b>imagem vista por Fernando<\/b><\/span><\/span><\/span><span style=\"color: #0000ff;\"><span style=\"font-family: Arial, serif;\"><span style=\"font-size: medium;\"><b> ser\u00e1:<\/b><\/span><\/span><\/span><\/p>\n<p><img loading=\"lazy\" decoding=\"async\" src=\"http:\/\/fisicaevestibular.com.br\/novo\/wp-content\/uploads\/universidades-2015\/ifmg\/i_afd228bca24ad9d6_html_m91046ea.png\" alt=\"\" width=\"774\" height=\"34\" name=\"Imagem 8\" align=\"BOTTOM\" border=\"0\" \/><\/p>\n<p><span style=\"color: #0000ff;\"><span style=\"font-family: 'Arial Black', serif;\"><span style=\"font-size: large;\"><b>06-(IFMG-MG-015)<\/b><\/span><\/span><\/span><\/p>\n<p><img loading=\"lazy\" decoding=\"async\" src=\"http:\/\/fisicaevestibular.com.br\/novo\/wp-content\/uploads\/universidades-2015\/ifmg\/i_afd228bca24ad9d6_html_56bc1040.jpg\" alt=\"\" width=\"569\" height=\"140\" name=\"Imagem 26\" align=\"BOTTOM\" border=\"0\" \/><\/p>\n<p><span style=\"color: #c00000;\"><span style=\"font-family: Arial, serif;\"><span style=\"font-size: medium;\"><b>Artur,<\/b><\/span><\/span><\/span><span style=\"color: #0000ff;\"><span style=\"font-family: Arial, serif;\"><span style=\"font-size: medium;\"><b> ao realizar uma <\/b><\/span><\/span><\/span><span style=\"color: #c00000;\"><span style=\"font-family: Arial, serif;\"><span style=\"font-size: medium;\"><b>reforma<\/b><\/span><\/span><\/span><span style=\"color: #0000ff;\"><span style=\"font-family: Arial, serif;\"><span style=\"font-size: medium;\"><b> em sua casa, foi aconselhado a <\/b><\/span><\/span><\/span><span style=\"color: #c00000;\"><span style=\"font-family: Arial, serif;\"><span style=\"font-size: medium;\"><b>trocar o circuito el\u00e9trico do<\/b><\/span><\/span><\/span><\/p>\n<p><span style=\"color: #c00000;\"><span style=\"font-family: Arial, serif;\"><span style=\"font-size: medium;\"><b>chuveiro de 127V para 220V<\/b><\/span><\/span><\/span><span style=\"color: #0000ff;\"><span style=\"font-family: Arial, serif;\"><span style=\"font-size: medium;\"><b>. Ele comprou um <\/b><\/span><\/span><\/span><span style=\"color: #c00000;\"><span style=\"font-family: Arial, serif;\"><span style=\"font-size: medium;\"><b>chuveiro el\u00e9trico<\/b><\/span><\/span><\/span><span style=\"color: #0000ff;\"><span style=\"font-family: Arial, serif;\"><span style=\"font-size: medium;\"><b>, conforme <\/b><\/span><\/span><\/span><span style=\"color: #c00000;\"><span style=\"font-family: Arial, serif;\"><span style=\"font-size: medium;\"><b>indica\u00e7\u00e3o abaixo:<\/b><\/span><\/span><\/span><\/p>\n<p align=\"CENTER\"><img loading=\"lazy\" decoding=\"async\" src=\"http:\/\/fisicaevestibular.com.br\/novo\/wp-content\/uploads\/universidades-2015\/ifmg\/i_afd228bca24ad9d6_html_m5d02f702.png\" alt=\"\" width=\"691\" height=\"271\" name=\"Imagem 9\" align=\"BOTTOM\" border=\"0\" \/><\/p>\n<p><span style=\"color: #0000ff;\"><span style=\"font-family: Arial, serif;\"><span style=\"font-size: medium;\"><b>Para fazer a <\/b><\/span><\/span><\/span><span style=\"color: #c00000;\"><span style=\"font-family: Arial, serif;\"><span style=\"font-size: medium;\"><b>nova instala\u00e7\u00e3o<\/b><\/span><\/span><\/span><span style=\"color: #0000ff;\"><span style=\"font-family: Arial, serif;\"><span style=\"font-size: medium;\"><b>, ele deve saber que <\/b><\/span><\/span><\/span><span style=\"color: #c00000;\"><span style=\"font-family: Arial, serif;\"><span style=\"font-size: medium;\"><b>disjuntor<\/b><\/span><\/span><\/span><span style=\"color: #0000ff;\"><span style=\"font-family: Arial, serif;\"><span style=\"font-size: medium;\"><b> comprar para o <\/b><\/span><\/span><\/span><span style=\"color: #c00000;\"><span style=\"font-family: Arial, serif;\"><span style=\"font-size: medium;\"><b>circuito do chuveiro.<\/b><\/span><\/span><\/span><\/p>\n<p><span style=\"color: #0000ff;\"><span style=\"font-family: Arial, serif;\"><span style=\"font-size: medium;\"><b>O <\/b><\/span><\/span><\/span><span style=\"color: #c00000;\"><span style=\"font-family: Arial, serif;\"><span style=\"font-size: medium;\"><b>valor aproximado da corrente el\u00e9trica, em Amp\u00e8res<\/b><\/span><\/span><\/span><span style=\"color: #0000ff;\"><span style=\"font-family: Arial, serif;\"><span style=\"font-size: medium;\"><b>, ser\u00e1 de:<\/b><\/span><\/span><\/span><\/p>\n<p><img loading=\"lazy\" decoding=\"async\" src=\"http:\/\/fisicaevestibular.com.br\/novo\/wp-content\/uploads\/universidades-2015\/ifmg\/i_afd228bca24ad9d6_html_167ea311.png\" alt=\"\" width=\"774\" height=\"19\" name=\"Imagem 10\" align=\"BOTTOM\" border=\"0\" \/><\/p>\n<p>&nbsp;<\/p>\n<h3><span style=\"color: #003366;\"><a style=\"color: #003366;\" title=\"Resolu\u00e7\u00e3o comentada da IFMG 2015\" href=\"http:\/\/fisicaevestibular.com.br\/novo\/universidades-2015\/exercicios-resolvidos-da-ifmg-2015\/resolucao-comentada-da-ifmg-2015\/\">Confira a resolu\u00e7\u00e3o comentada<\/a><\/span><\/h3>\n","protected":false},"excerpt":{"rendered":"<p>O\u00a0Instituto Federal de Educa\u00e7\u00e3o, Ci\u00eancia e Tecnologia de Minas Gerais\u00a0\u00e9 uma institu\u00e7\u00e3o que oferece educa\u00e7\u00e3o superior, b\u00e1sica e profissional, de forma pluricurricular. \u00c9 uma institui\u00e7\u00e3o\u00a0multicampi, especializada na oferta de educa\u00e7\u00e3o profissional e tecnol\u00f3gica nas diferentes modalidades de ensino, com base na conjuga\u00e7\u00e3o de conhecimentos t\u00e9cnicos e tecnol\u00f3gicos \u00e0s suas pr\u00e1ticas pedag\u00f3gicas. Sua Reitoria est\u00e1 sediada em Belo Horizonte-MG Unidades Reitoria<\/p>\n","protected":false},"author":1,"featured_media":0,"parent":5,"menu_order":0,"comment_status":"closed","ping_status":"closed","template":"","meta":{"om_disable_all_campaigns":false,"_monsterinsights_skip_tracking":false,"_monsterinsights_sitenote_active":false,"_monsterinsights_sitenote_note":"","_monsterinsights_sitenote_category":0,"footnotes":""},"class_list":["post-562","page","type-page","status-publish","hentry"],"aioseo_notices":[],"_links":{"self":[{"href":"https:\/\/fisicaevestibular.com.br\/novo\/wp-json\/wp\/v2\/pages\/562","targetHints":{"allow":["GET"]}}],"collection":[{"href":"https:\/\/fisicaevestibular.com.br\/novo\/wp-json\/wp\/v2\/pages"}],"about":[{"href":"https:\/\/fisicaevestibular.com.br\/novo\/wp-json\/wp\/v2\/types\/page"}],"author":[{"embeddable":true,"href":"https:\/\/fisicaevestibular.com.br\/novo\/wp-json\/wp\/v2\/users\/1"}],"replies":[{"embeddable":true,"href":"https:\/\/fisicaevestibular.com.br\/novo\/wp-json\/wp\/v2\/comments?post=562"}],"version-history":[{"count":3,"href":"https:\/\/fisicaevestibular.com.br\/novo\/wp-json\/wp\/v2\/pages\/562\/revisions"}],"predecessor-version":[{"id":567,"href":"https:\/\/fisicaevestibular.com.br\/novo\/wp-json\/wp\/v2\/pages\/562\/revisions\/567"}],"up":[{"embeddable":true,"href":"https:\/\/fisicaevestibular.com.br\/novo\/wp-json\/wp\/v2\/pages\/5"}],"wp:attachment":[{"href":"https:\/\/fisicaevestibular.com.br\/novo\/wp-json\/wp\/v2\/media?parent=562"}],"curies":[{"name":"wp","href":"https:\/\/api.w.org\/{rel}","templated":true}]}}