{"id":5247,"date":"2020-04-21T13:52:08","date_gmt":"2020-04-21T13:52:08","guid":{"rendered":"http:\/\/fisicaevestibular.com.br\/novo\/?page_id=5247"},"modified":"2024-07-11T02:06:54","modified_gmt":"2024-07-11T02:06:54","slug":"instituto-federal-de-educacao-ciencia-e-tecnologia-de-mato-grosso-ifmt-2020","status":"publish","type":"page","link":"https:\/\/fisicaevestibular.com.br\/novo\/universidades-2020\/instituto-federal-de-educacao-ciencia-e-tecnologia-de-mato-grosso-ifmt-2020\/","title":{"rendered":"IFMT &#8211; INSTITUTO FEDERAL DE EDUCA\u00c7\u00c3O, CI\u00caNCIA E TECNOLOGIA DE MATO GROSSO &#8211; 2020"},"content":{"rendered":"<p align=\"CENTER\"><span style=\"color: #c00000;\"><span style=\"font-family: Arial Black, serif;\"><span style=\"font-size: large;\"><b>INSTITUTO FEDERAL DE EDUCA\u00c7\u00c3O, CI\u00caNCIA E TECNOLOGIA DE MATO GROSSO \u2013 IFMT<\/b><\/span><\/span><\/span><\/p>\n<p align=\"CENTER\"><span style=\"color: #0000cc;\"><span style=\"font-family: Viner Hand ITC, serif;\"><span style=\"font-size: large;\"><b>Compare essa e outras resolu\u00e7\u00f5es da <\/b><\/span><\/span><\/span><span style=\"color: #c00000;\"><span style=\"font-family: Viner Hand ITC, serif;\"><span style=\"font-size: large;\"><b>IFMT &#8211; MT <\/b><\/span><\/span><\/span><span style=\"color: #0000cc;\"><span style=\"font-family: Viner Hand ITC, serif;\"><span style=\"font-size: large;\"><b>pelo\u00a0<\/b><\/span><\/span><\/span><span style=\"color: #c00000;\"><span style=\"font-family: Viner Hand ITC, serif;\"><span style=\"font-size: large;\"><b>fisicaevestibular.com.br\u00a0<\/b><\/span><\/span><\/span><span style=\"color: #0000cc;\"><span style=\"font-family: Viner Hand ITC, serif;\"><span style=\"font-size: large;\"><b>com outras e voc\u00ea ver\u00e1 que ela:<\/b><\/span><\/span><\/span><\/p>\n<p align=\"CENTER\"><span style=\"color: #0000cc;\"><span style=\"font-family: Viner Hand ITC, serif;\"><span style=\"font-size: large;\"><b>Tem melhor visual e mais ilustra\u00e7\u00f5es esclarecedoras.<\/b><\/span><\/span><\/span><\/p>\n<p align=\"CENTER\"><span style=\"color: #0000cc;\"><span style=\"font-family: Viner Hand ITC, serif;\"><span style=\"font-size: large;\"><b>Foi feito para alunos que realmente tenham dificuldades nos conceitos de F\u00edsica e Matem\u00e1tica procurando sempre explicar os menores detalhes.<\/b><\/span><\/span><\/span><\/p>\n<p align=\"CENTER\"><span style=\"color: #0000cc;\"><span style=\"font-family: Viner Hand ITC, serif;\"><span style=\"font-size: large;\"><b>N\u00e3o coloca apenas as f\u00f3rmulas procurando sempre mostrar suas proced\u00eancias e utilidades.<\/b><\/span><\/span><\/span><\/p>\n<p align=\"CENTER\"><span style=\"color: #0000cc;\"><span style=\"font-family: Viner Hand ITC, serif;\"><span style=\"font-size: large;\"><b>Sempre que preciso procura explicar por meio de desenhos e ilustra\u00e7\u00f5es.<\/b><\/span><\/span><\/span><\/p>\n<p align=\"CENTER\"><span style=\"color: #0000cc;\"><span style=\"font-family: Viner Hand ITC, serif;\"><span style=\"font-size: large;\"><b>N\u00e3o queima etapas explicando sequ\u00eancia por sequ\u00eancia.<\/b><\/span><\/span><\/span><\/p>\n<p align=\"CENTER\"><span style=\"color: #0000cc;\"><span style=\"font-family: Viner Hand ITC, serif;\"><span style=\"font-size: large;\"><b>A preocupa\u00e7\u00e3o com que o aluno entenda as resolu\u00e7\u00f5es \u00e9 muito grande. O professor se coloca no lugar do aluno.<\/b><\/span><\/span><\/span><\/p>\n<p align=\"CENTER\"><span style=\"color: #0000cc;\"><span style=\"font-family: Viner Hand ITC, serif;\"><span style=\"font-size: large;\"><b>Muitas vezes fornece informa\u00e7\u00f5es al\u00e9m das necess\u00e1rias para as resolu\u00e7\u00f5es, mas \u00fateis nos pr\u00f3ximos Vestibulares.<\/b><\/span><\/span><\/span><\/p>\n<p align=\"CENTER\"><span style=\"color: #0000cc;\">\u00a0<span style=\"font-family: Viner Hand ITC, serif;\"><span style=\"font-size: large;\"><b>E muito, muito mais.<\/b><\/span><\/span><\/span><\/p>\n<p align=\"CENTER\"><a name=\"_GoBack\"><\/a> <img decoding=\"async\" src=\"http:\/\/fisicaevestibular.com.br\/novo\/wp-content\/uploads\/universidades-2020\/ifmt\/18acda9987710474ff58ae595f0a98b1_html_18cb66fa.png\" width=\"229\" height=\"186\" name=\"Imagem 32\" align=\"BOTTOM\" border=\"0\" \/><\/p>\n<p align=\"CENTER\"><span style=\"color: #0000cc;\"><span style=\"font-family: Viner Hand ITC, serif;\"><span style=\"font-size: x-large;\"><b>O\u00a0<\/b><\/span><\/span><\/span><span style=\"color: #0000cc;\"><span style=\"font-family: Viner Hand ITC, serif;\"><span style=\"font-size: x-large;\"><b>Instituto Federal de Educa\u00e7\u00e3o, Ci\u00eancia e Tecnologia de Mato Grosso<\/b><\/span><\/span><\/span><span style=\"color: #0000cc;\"><span style=\"font-family: Viner Hand ITC, serif;\"><span style=\"font-size: x-large;\"><b>\u00a0<\/b><\/span><\/span><\/span><span style=\"color: #c00000;\"><span style=\"font-family: Viner Hand ITC, serif;\"><span style=\"font-size: x-large;\"><b>(<\/b><\/span><\/span><\/span><span style=\"color: #c00000;\"><span style=\"font-family: Viner Hand ITC, serif;\"><span style=\"font-size: x-large;\"><b>IFMT<\/b><\/span><\/span><\/span><span style=\"color: #c00000;\"><span style=\"font-family: Viner Hand ITC, serif;\"><span style=\"font-size: x-large;\"><b>)<\/b><\/span><\/span><\/span><span style=\"color: #0000cc;\"><span style=\"font-family: Viner Hand ITC, serif;\"><span style=\"font-size: x-large;\"><b>,<\/b><\/span><\/span><\/span><b> <\/b><span style=\"color: #0000cc;\"><span style=\"font-family: Viner Hand ITC, serif;\"><span style=\"font-size: x-large;\"><b>\u00e9 uma institui\u00e7\u00e3o de ensino p\u00fablico b\u00e1sica, profissional e superior, pluricurricular e multicampi, especializada na oferta de educa\u00e7\u00e3o profissional e tecnol\u00f3gica nas diferentes modalidades de ensino em\u00a0<a href=\"https:\/\/pt.wikipedia.org\/wiki\/Mato_Grosso\">Mato Grosso<\/a>, vinculado ao\u00a0<a href=\"https:\/\/pt.wikipedia.org\/wiki\/Minist%C3%A9rio_da_Educa%C3%A7%C3%A3o_(Brasil)\">Minist\u00e9rio da Educa\u00e7\u00e3o<\/a>\u00a0e criado mediante integra\u00e7\u00e3o do Centro Federal de Educa\u00e7\u00e3o Tecnol\u00f3gica de Mato Grosso, do Centro Federal de Educa\u00e7\u00e3o Tecnol\u00f3gica de Cuiab\u00e1 e da Escola Agrot\u00e9cnica Federal de C\u00e1ceres.<\/b><\/span><\/span><\/span><\/p>\n<p align=\"CENTER\"><span style=\"color: #0000cc;\"><span style=\"font-family: Viner Hand ITC, serif;\"><span style=\"font-size: x-large;\"><b>O IFMT tem no Estado de Mato Grosso a sua \u00e1rea de atua\u00e7\u00e3o geogr\u00e1fica, conta com desceis campi em funcionamento, al\u00e9m da sua Reitoria instalada em\u00a0<a href=\"https:\/\/pt.wikipedia.org\/wiki\/Cuiab%C3%A1\">Cuiab\u00e1<\/a>. Para efeito da incid\u00eancia das disposi\u00e7\u00f5es que regem a regula\u00e7\u00e3o, avalia\u00e7\u00e3o e supervis\u00e3o da institui\u00e7\u00e3o e dos cursos de educa\u00e7\u00e3o superior, o IFMT \u00e9 equiparado \u00e0s universidades federais.<\/b><\/span><\/span><\/span><\/p>\n<p align=\"CENTER\"><span style=\"color: #c00000;\"><span style=\"font-family: Arial Black, serif;\"><span style=\"font-size: large;\"><b>Cursos de Gradua\u00e7\u00e3o<\/b><\/span><\/span><\/span><\/p>\n<p><span style=\"color: #0000cc;\"><span style=\"font-family: Arial Black, serif;\"><span style=\"font-size: large;\">01- (IFMT \u2013 MT \u2013 2020)<\/span><\/span><\/span><\/p>\n<p><img decoding=\"async\" src=\"http:\/\/fisicaevestibular.com.br\/novo\/wp-content\/uploads\/universidades-2020\/ifmt\/18acda9987710474ff58ae595f0a98b1_html_fd76c5a1.jpg\" width=\"257\" height=\"156\" name=\"Imagem 34\" align=\"BOTTOM\" border=\"0\" \/><\/p>\n<p><span style=\"color: #c00000;\"><span style=\"font-family: Arial, serif;\"><span style=\"font-size: medium;\"><b>No<\/b><\/span><\/span><\/span><span style=\"color: #0000cc;\"><span style=\"font-family: Arial, serif;\"><span style=\"font-size: medium;\"><b> ponto A da figura abaixo, encontra-se um observador submerso na \u00e1gua da piscina de \u00edndice de refra\u00e7\u00e3o n\u2019 = 4\/3<\/b><\/span><\/span><\/span><span style=\"color: #0000cc;\"><span style=\"font-family: Arial, serif;\"><span style=\"font-size: large;\"><b>,<\/b><\/span><\/span><\/span><span style=\"color: #0000cc;\"><span style=\"font-family: Arial, serif;\"><span style=\"font-size: medium;\"><b> pelo ar, de \u00edndice de refra\u00e7\u00e3o n = 1, passa um p\u00e1ssaro a uma dist\u00e2ncia de 1,5 m da superf\u00edcie S, como mostra a figura.<\/b><\/span><\/span><\/span><\/p>\n<p align=\"CENTER\"><img fetchpriority=\"high\" decoding=\"async\" src=\"http:\/\/fisicaevestibular.com.br\/novo\/wp-content\/uploads\/universidades-2020\/ifmt\/18acda9987710474ff58ae595f0a98b1_html_faf0b741.png\" width=\"294\" height=\"264\" name=\"Imagem 23\" align=\"BOTTOM\" border=\"0\" \/><\/p>\n<p><span style=\"color: #c00000;\"><span style=\"font-family: Arial, serif;\"><span style=\"font-size: medium;\"><b>Considerando que <\/b><\/span><\/span><\/span><span style=\"color: #0000cc;\"><span style=\"font-family: Arial, serif;\"><span style=\"font-size: medium;\"><b>os raios em rela\u00e7\u00e3o \u00e0 vertical s\u00e3o poucos inclinados, determine a posi\u00e7\u00e3o da imagem em que o observador v\u00ea o p\u00e1ssaro.<\/b><\/span><\/span><\/span><\/p>\n<p><span style=\"color: #0000cc;\"><span style=\"font-family: Arial, serif;\"><span style=\"font-size: medium;\"><b>(A) <\/b><\/span><\/span><\/span><span style=\"color: #c00000;\"><span style=\"font-family: Arial, serif;\"><span style=\"font-size: medium;\"><b>0,5 m<\/b><\/span><\/span><\/span><\/p>\n<p><span style=\"color: #0000cc;\"><span style=\"font-family: Arial, serif;\"><span style=\"font-size: medium;\"><b>(B) <\/b><\/span><\/span><\/span><span style=\"color: #c00000;\"><span style=\"font-family: Arial, serif;\"><span style=\"font-size: medium;\"><b>1,0 m<\/b><\/span><\/span><\/span><\/p>\n<p><span style=\"color: #0000cc;\"><span style=\"font-family: Arial, serif;\"><span style=\"font-size: medium;\"><b>(C) <\/b><\/span><\/span><\/span><span style=\"color: #c00000;\"><span style=\"font-family: Arial, serif;\"><span style=\"font-size: medium;\"><b>1,5 m<\/b><\/span><\/span><\/span><\/p>\n<p><span style=\"color: #0000cc;\"><span style=\"font-family: Arial, serif;\"><span style=\"font-size: medium;\"><b>(D) <\/b><\/span><\/span><\/span><span style=\"color: #c00000;\"><span style=\"font-family: Arial, serif;\"><span style=\"font-size: medium;\"><b>2,0 m<\/b><\/span><\/span><\/span><\/p>\n<p><span style=\"color: #0000cc;\"><span style=\"font-family: Arial, serif;\"><span style=\"font-size: medium;\"><b>(E) <\/b><\/span><\/span><\/span><span style=\"color: #c00000;\"><span style=\"font-family: Arial, serif;\"><span style=\"font-size: medium;\"><b>2,5 m<\/b><\/span><\/span><\/span><\/p>\n<p><span style=\"color: #0000cc;\"><span style=\"font-family: Arial Black, serif;\"><span style=\"font-size: large;\">02- (IFMT \u2013 MT \u2013 2020)<\/span><\/span><\/span><\/p>\n<p><img loading=\"lazy\" decoding=\"async\" src=\"http:\/\/fisicaevestibular.com.br\/novo\/wp-content\/uploads\/universidades-2020\/ifmt\/18acda9987710474ff58ae595f0a98b1_html_fd76c5a1.jpg\" width=\"257\" height=\"156\" name=\"Imagem 35\" align=\"BOTTOM\" border=\"0\" \/><\/p>\n<p><span style=\"color: #c00000;\"><span style=\"font-family: Arial, serif;\"><span style=\"font-size: medium;\"><b>As <\/b><\/span><\/span><\/span><span style=\"color: #0000cc;\"><span style=\"font-family: Arial, serif;\"><span style=\"font-size: medium;\"><b>lentes s\u00e3o sistemas \u00f3pticos utilizados em diversos equipamentos, tais como: Telesc\u00f3pios, <\/b><\/span><\/span><\/span><\/p>\n<p align=\"CENTER\"><img loading=\"lazy\" decoding=\"async\" src=\"http:\/\/fisicaevestibular.com.br\/novo\/wp-content\/uploads\/universidades-2020\/ifmt\/18acda9987710474ff58ae595f0a98b1_html_9ae6086c.png\" width=\"424\" height=\"141\" name=\"Imagem 26\" align=\"BOTTOM\" border=\"0\" \/><\/p>\n<p><span style=\"color: #0000cc;\"><span style=\"font-family: Arial, serif;\"><span style=\"font-size: medium;\"><b>microsc\u00f3pios projetores e at\u00e9 mesmo em um simples par de \u00f3culos.<\/b><\/span><\/span><\/span><\/p>\n<p><span style=\"color: #c00000;\"><span style=\"font-family: Arial, serif;\"><span style=\"font-size: medium;\"><b>As <\/b><\/span><\/span><\/span><span style=\"color: #0000cc;\"><span style=\"font-family: Arial, serif;\"><span style=\"font-size: medium;\"><b>lentes esf\u00e9ricas s\u00e3o constitu\u00eddas de tr\u00eas meios homog\u00eaneos e transparentes, separados por duas superf\u00edcies esf\u00e9ricas ou uma superf\u00edcie esf\u00e9rica e outra plana e podem ser classificadas em lentes convergentes (que convergem os raios luminosos) ou divergentes (que divergem os raios luminosos).<\/b><\/span><\/span><\/span><\/p>\n<p><span style=\"color: #c00000;\"><span style=\"font-family: Arial, serif;\"><span style=\"font-size: medium;\"><b>Considerando que <\/b><\/span><\/span><\/span><span style=\"color: #0000cc;\"><span style=\"font-family: Arial, serif;\"><span style=\"font-size: medium;\"><b>as lentes abaixo est\u00e3o situadas em um meio com \u00edndice de refra\u00e7\u00e3o menor que o do material que constitui as lentes, qual a ordem que representa de forma correta a classifica\u00e7\u00e3o dessas lentes?<\/b><\/span><\/span><\/span><\/p>\n<p align=\"CENTER\"><img loading=\"lazy\" decoding=\"async\" src=\"http:\/\/fisicaevestibular.com.br\/novo\/wp-content\/uploads\/universidades-2020\/ifmt\/18acda9987710474ff58ae595f0a98b1_html_f41fce71.png\" width=\"280\" height=\"138\" name=\"Imagem 25\" align=\"BOTTOM\" border=\"0\" \/><\/p>\n<p><span style=\"color: #0000cc;\"><span style=\"font-family: Arial, serif;\"><span style=\"font-size: medium;\"><b>(A) <\/b><\/span><\/span><\/span><span style=\"color: #c00000;\"><span style=\"font-family: Arial, serif;\"><span style=\"font-size: medium;\"><b>Convergente, divergente, divergente, divergente.<\/b><\/span><\/span><\/span><\/p>\n<p><span style=\"color: #0000cc;\"><span style=\"font-family: Arial, serif;\"><span style=\"font-size: medium;\"><b>(B) <\/b><\/span><\/span><\/span><span style=\"color: #c00000;\"><span style=\"font-family: Arial, serif;\"><span style=\"font-size: medium;\"><b>Convergente, divergente, divergente, convergente.<\/b><\/span><\/span><\/span><\/p>\n<p><span style=\"color: #0000cc;\"><span style=\"font-family: Arial, serif;\"><span style=\"font-size: medium;\"><b>(C) <\/b><\/span><\/span><\/span><span style=\"color: #c00000;\"><span style=\"font-family: Arial, serif;\"><span style=\"font-size: medium;\"><b>Divergente, convergente, convergente, divergente.<\/b><\/span><\/span><\/span><\/p>\n<p><span style=\"color: #0000cc;\"><span style=\"font-family: Arial, serif;\"><span style=\"font-size: medium;\"><b>(D) <\/b><\/span><\/span><\/span><span style=\"color: #c00000;\"><span style=\"font-family: Arial, serif;\"><span style=\"font-size: medium;\"><b>Divergente, convergente, convergente, convergente.<\/b><\/span><\/span><\/span><\/p>\n<p><span style=\"color: #0000cc;\"><span style=\"font-family: Arial, serif;\"><span style=\"font-size: medium;\"><b>(E) <\/b><\/span><\/span><\/span><span style=\"color: #c00000;\"><span style=\"font-family: Arial, serif;\"><span style=\"font-size: medium;\"><b>Todas as lentes s\u00e3o convergentes.<\/b><\/span><\/span><\/span><\/p>\n<p><span style=\"color: #0000cc;\"><span style=\"font-family: Arial Black, serif;\"><span style=\"font-size: large;\">03- (IFMT \u2013 MT \u2013 2020)<\/span><\/span><\/span><\/p>\n<p><img loading=\"lazy\" decoding=\"async\" src=\"http:\/\/fisicaevestibular.com.br\/novo\/wp-content\/uploads\/universidades-2020\/ifmt\/18acda9987710474ff58ae595f0a98b1_html_fd76c5a1.jpg\" width=\"257\" height=\"156\" name=\"Imagem 36\" align=\"BOTTOM\" border=\"0\" \/><\/p>\n<p><span style=\"color: #c00000;\"><span style=\"font-family: Arial, serif;\"><span style=\"font-size: medium;\"><b>Ao <\/b><\/span><\/span><\/span><span style=\"color: #0000cc;\"><span style=\"font-family: Arial, serif;\"><span style=\"font-size: medium;\"><b>entrar no per\u00edmetro urbano de uma cidade, um viajante com velocidade constante de 72 km\/h, em uma via retil\u00ednea, avista uma placa de sinaliza\u00e7\u00e3o com limite de velocidade de 40 km\/h,<\/b><\/span><\/span><\/span><span style=\"color: #c00000;\"><span style=\"font-family: Arial, serif;\"><span style=\"font-size: medium;\"><b> e <\/b><\/span><\/span><\/span><\/p>\n<p align=\"CENTER\"><img loading=\"lazy\" decoding=\"async\" src=\"http:\/\/fisicaevestibular.com.br\/novo\/wp-content\/uploads\/universidades-2020\/ifmt\/18acda9987710474ff58ae595f0a98b1_html_b70dc6c6.png\" width=\"213\" height=\"142\" name=\"Imagem 2\" align=\"BOTTOM\" border=\"0\" \/><\/p>\n<p><span style=\"color: #0000cc;\"><span style=\"font-family: Arial, serif;\"><span style=\"font-size: medium;\"><b>logo aplica uma frenagem em seu carro que, ap\u00f3s 4 s, atinge a velocidade de 36 km\/h, atendendo ao limite estabelecido.<\/b><\/span><\/span><\/span><\/p>\n<p><span style=\"color: #0000cc;\"><span style=\"font-family: Arial, serif;\"><span style=\"font-size: medium;\"><b>Se desprezarmos o atrito com o ar e considerarmos apenas o sistema ve\u00edculo-estrada, qual o m\u00f3dulo da acelera\u00e7\u00e3o aplicada pelo motorista nessa frenagem?<\/b><\/span><\/span><\/span><\/p>\n<p><img loading=\"lazy\" decoding=\"async\" src=\"http:\/\/fisicaevestibular.com.br\/novo\/wp-content\/uploads\/universidades-2020\/ifmt\/18acda9987710474ff58ae595f0a98b1_html_b6e45a4c.png\" width=\"119\" height=\"121\" name=\"Imagem 7\" align=\"BOTTOM\" border=\"0\" \/><\/p>\n<p><span style=\"color: #0000cc;\"><span style=\"font-family: Arial Black, serif;\"><span style=\"font-size: large;\">04- (IFMT \u2013 MT \u2013 2020)<\/span><\/span><\/span><\/p>\n<p><img loading=\"lazy\" decoding=\"async\" src=\"http:\/\/fisicaevestibular.com.br\/novo\/wp-content\/uploads\/universidades-2020\/ifmt\/18acda9987710474ff58ae595f0a98b1_html_fd76c5a1.jpg\" width=\"257\" height=\"156\" name=\"Imagem 37\" align=\"BOTTOM\" border=\"0\" \/><\/p>\n<p><span style=\"color: #c00000;\"><span style=\"font-family: Arial, serif;\"><span style=\"font-size: medium;\"><b>Ao <\/b><\/span><\/span><\/span><span style=\"color: #0000cc;\"><span style=\"font-family: Arial, serif;\"><span style=\"font-size: medium;\"><b>estudar os circuitos el\u00e9tricos, o professor pede para um grupo de alunos fazer a medida da capacit\u00e2ncia de uma associa\u00e7\u00e3o de capacitores id\u00eantica \u00e0 da figura abaixo.<\/b><\/span><\/span><\/span><\/p>\n<p align=\"CENTER\"><img loading=\"lazy\" decoding=\"async\" src=\"http:\/\/fisicaevestibular.com.br\/novo\/wp-content\/uploads\/universidades-2020\/ifmt\/18acda9987710474ff58ae595f0a98b1_html_c599b9a0.png\" width=\"447\" height=\"209\" name=\"Imagem 17\" align=\"BOTTOM\" border=\"0\" \/><\/p>\n<p><span style=\"color: #0000cc;\"><span style=\"font-family: Arial, serif;\"><span style=\"font-size: medium;\"><b>Ap\u00f3s a medida, qual a capacit\u00e2ncia correta que deve ser encontrada pelos alunos nesta associa\u00e7\u00e3o?<\/b><\/span><\/span><\/span><\/p>\n<p><img loading=\"lazy\" decoding=\"async\" src=\"http:\/\/fisicaevestibular.com.br\/novo\/wp-content\/uploads\/universidades-2020\/ifmt\/18acda9987710474ff58ae595f0a98b1_html_778eb871.png\" width=\"85\" height=\"214\" name=\"Imagem 15\" align=\"BOTTOM\" border=\"0\" \/><\/p>\n<p align=\"CENTER\"><span style=\"color: #c00000;\"><span style=\"font-family: Arial Black, serif;\"><span style=\"font-size: large;\">Resolu\u00e7\u00e3o comentada das quest\u00f5es de F\u00edsica do vestibular do INSTITUTO FEDERAL DE EDUCA\u00c7\u00c3O, CI\u00caNCIA E TECNOLOGIA DE MATO GROSSO \u2013 IFMT &#8211; MT \u2013 2020<\/span><\/span><\/span><\/p>\n<p><span style=\"color: #c00000;\"><span style=\"font-family: Arial Black, serif;\"><span style=\"font-size: large;\">01-<\/span><\/span><\/span><\/p>\n<p align=\"CENTER\"><span style=\"font-family: Times New Roman, serif;\"><span style=\"font-size: medium;\"><span style=\"color: #c00000;\"><span style=\"font-family: Arial Black, serif;\"><span style=\"font-size: large;\"><b>Dioptro Plano<\/b><\/span><\/span><\/span><\/span><\/span><\/p>\n<p align=\"CENTER\"><img loading=\"lazy\" decoding=\"async\" src=\"http:\/\/fisicaevestibular.com.br\/novo\/wp-content\/uploads\/universidades-2020\/ifmt\/18acda9987710474ff58ae595f0a98b1_html_40df5496.png\" width=\"777\" height=\"239\" name=\"Imagem 38\" align=\"BOTTOM\" border=\"0\" \/><\/p>\n<p align=\"CENTER\"><span style=\"font-family: Times New Roman, serif;\"><span style=\"font-size: medium;\"><span style=\"color: #c00000;\"><span style=\"font-family: Arial Black, serif;\"><span style=\"font-size: large;\"><b>Equa\u00e7\u00e3o do dioptro plano<\/b><\/span><\/span><\/span><\/span><\/span><\/p>\n<p align=\"CENTER\"><img loading=\"lazy\" decoding=\"async\" src=\"http:\/\/fisicaevestibular.com.br\/novo\/wp-content\/uploads\/universidades-2020\/ifmt\/18acda9987710474ff58ae595f0a98b1_html_8cc6ebe6.png\" width=\"781\" height=\"409\" name=\"Imagem 39\" align=\"BOTTOM\" border=\"0\" \/><\/p>\n<p><img loading=\"lazy\" decoding=\"async\" src=\"http:\/\/fisicaevestibular.com.br\/novo\/wp-content\/uploads\/universidades-2020\/ifmt\/18acda9987710474ff58ae595f0a98b1_html_5a52876b.png\" width=\"777\" height=\"83\" name=\"Imagem 40\" align=\"BOTTOM\" border=\"0\" \/><\/p>\n<p><span style=\"color: #c00000;\"><span style=\"font-family: Arial Black, serif;\"><span style=\"font-size: large;\"><b>R- D<\/b><\/span><\/span><\/span><\/p>\n<p><span style=\"color: #c00000;\"><span style=\"font-family: Arial Black, serif;\"><span style=\"font-size: large;\"><b>02-<\/b><\/span><\/span><\/span><\/p>\n<p><span style=\"color: #0000cc;\"><span style=\"font-family: Arial, serif;\"><span style=\"font-size: medium;\"><b>Pelo enunciado lentes do exerc\u00edcio est\u00e3o situadas em um meio com \u00edndice de refra\u00e7\u00e3o menor que o do material que constitui as lentes.<\/b><\/span><\/span><\/span><\/p>\n<p><span style=\"color: #0000cc;\"><span style=\"font-family: Arial, serif;\"><span style=\"font-size: medium;\"><b>Quando o<\/b><\/span><\/span><\/span><span style=\"color: #0000cc;\"><span style=\"font-family: Arial, serif;\"><span style=\"font-size: medium;\">\u00a0\u00edndice de refra\u00e7\u00e3o da lente for maior que o \u00edndice de refra\u00e7\u00e3o do meio<\/span><\/span><\/span><span style=\"color: #0000cc;\"><span style=\"font-family: Arial, serif;\"><span style=\"font-size: medium;\"><b>\u00a0em que ela est\u00e1 imersa, as lentes convergentes t\u00eam bordas finas e a convergentes extremidades grossas. <\/b><\/span><\/span><\/span><\/p>\n<p><span style=\"color: #0000cc;\"><span style=\"font-family: Arial, serif;\"><span style=\"font-size: medium;\"><b>Veja nas figuras que apenas a lente 1 tem extremidades finas sendo convergente.<\/b><\/span><\/span><\/span><\/p>\n<p><span style=\"color: #c00000;\"><span style=\"font-family: Arial Black, serif;\"><span style=\"font-size: large;\"><b>R- A<\/b><\/span><\/span><\/span><\/p>\n<p><span style=\"color: #c00000;\"><span style=\"font-family: Arial Black, serif;\"><span style=\"font-size: large;\"><b>03-<\/b><\/span><\/span><\/span><\/p>\n<p><img loading=\"lazy\" decoding=\"async\" src=\"http:\/\/fisicaevestibular.com.br\/novo\/wp-content\/uploads\/universidades-2020\/ifmt\/18acda9987710474ff58ae595f0a98b1_html_f600c02e.png\" width=\"765\" height=\"352\" name=\"Imagem 41\" align=\"BOTTOM\" border=\"0\" \/><\/p>\n<p><img loading=\"lazy\" decoding=\"async\" src=\"http:\/\/fisicaevestibular.com.br\/novo\/wp-content\/uploads\/universidades-2020\/ifmt\/18acda9987710474ff58ae595f0a98b1_html_9454237d.png\" width=\"741\" height=\"72\" name=\"Imagem 42\" align=\"BOTTOM\" border=\"0\" \/><\/p>\n<p><span style=\"color: #c00000;\"><span style=\"font-family: Arial Black, serif;\"><span style=\"font-size: large;\"><b>R- C<\/b><\/span><\/span><\/span><\/p>\n<p><span style=\"color: #c00000;\"><span style=\"font-family: Arial Black, serif;\"><span style=\"font-size: large;\"><b>04-<\/b><\/span><\/span><\/span><\/p>\n<p align=\"CENTER\"><span style=\"color: #0000cc;\"><span style=\"font-family: Arial Black, serif;\"><span style=\"font-size: medium;\"><b>Veja a sequ\u00eancia da figura abaixo:<\/b><\/span><\/span><\/span><\/p>\n<p align=\"CENTER\"><img loading=\"lazy\" decoding=\"async\" class=\"alignnone\" src=\"http:\/\/fisicaevestibular.com.br\/novo\/wp-content\/uploads\/universidades-2020\/ifmt\/18acda9987710474ff58ae595f0a98b1_html_89dd40b7.png\" alt=\"IFMT\" width=\"765\" height=\"182\" name=\"Imagem 43\" align=\"BOTTOM\" border=\"0\" \/><\/p>\n<p><img loading=\"lazy\" decoding=\"async\" src=\"http:\/\/fisicaevestibular.com.br\/novo\/wp-content\/uploads\/universidades-2020\/ifmt\/18acda9987710474ff58ae595f0a98b1_html_5be58e0e.png\" width=\"772\" height=\"188\" name=\"Imagem 44\" align=\"BOTTOM\" border=\"0\" \/><\/p>\n<p><span style=\"color: #c00000;\"><span style=\"font-family: Arial Black, serif;\"><span style=\"font-size: large;\"><b>R- A<\/b><\/span><\/span><\/span><\/p>\n<p>&nbsp;<\/p>\n<p><a href=\"https:\/\/fisicaevestibular.com.br\/novo\/universidades-2020\/\">Clique aqui para ver sobre o tema!<\/a><\/p>\n<p><a href=\"https:\/\/www.youtube.com\/user\/fisicaevestibular\/playlists\">Confira as v\u00eddeo aulas!<\/a><\/p>\n","protected":false},"excerpt":{"rendered":"<p>INSTITUTO FEDERAL DE EDUCA\u00c7\u00c3O, CI\u00caNCIA E TECNOLOGIA DE MATO GROSSO \u2013 IFMT Compare essa e outras resolu\u00e7\u00f5es da IFMT &#8211; MT pelo\u00a0fisicaevestibular.com.br\u00a0com outras e voc\u00ea ver\u00e1 que ela: Tem melhor visual e mais ilustra\u00e7\u00f5es esclarecedoras. Foi feito para alunos que realmente tenham dificuldades nos conceitos de F\u00edsica e Matem\u00e1tica procurando sempre explicar os menores detalhes. N\u00e3o coloca apenas as f\u00f3rmulas<\/p>\n","protected":false},"author":1,"featured_media":0,"parent":4938,"menu_order":0,"comment_status":"closed","ping_status":"closed","template":"","meta":{"om_disable_all_campaigns":false,"_monsterinsights_skip_tracking":false,"_monsterinsights_sitenote_active":false,"_monsterinsights_sitenote_note":"","_monsterinsights_sitenote_category":0,"footnotes":""},"class_list":["post-5247","page","type-page","status-publish","hentry"],"aioseo_notices":[],"_links":{"self":[{"href":"https:\/\/fisicaevestibular.com.br\/novo\/wp-json\/wp\/v2\/pages\/5247","targetHints":{"allow":["GET"]}}],"collection":[{"href":"https:\/\/fisicaevestibular.com.br\/novo\/wp-json\/wp\/v2\/pages"}],"about":[{"href":"https:\/\/fisicaevestibular.com.br\/novo\/wp-json\/wp\/v2\/types\/page"}],"author":[{"embeddable":true,"href":"https:\/\/fisicaevestibular.com.br\/novo\/wp-json\/wp\/v2\/users\/1"}],"replies":[{"embeddable":true,"href":"https:\/\/fisicaevestibular.com.br\/novo\/wp-json\/wp\/v2\/comments?post=5247"}],"version-history":[{"count":3,"href":"https:\/\/fisicaevestibular.com.br\/novo\/wp-json\/wp\/v2\/pages\/5247\/revisions"}],"predecessor-version":[{"id":10221,"href":"https:\/\/fisicaevestibular.com.br\/novo\/wp-json\/wp\/v2\/pages\/5247\/revisions\/10221"}],"up":[{"embeddable":true,"href":"https:\/\/fisicaevestibular.com.br\/novo\/wp-json\/wp\/v2\/pages\/4938"}],"wp:attachment":[{"href":"https:\/\/fisicaevestibular.com.br\/novo\/wp-json\/wp\/v2\/media?parent=5247"}],"curies":[{"name":"wp","href":"https:\/\/api.w.org\/{rel}","templated":true}]}}