{"id":4455,"date":"2019-05-24T02:09:19","date_gmt":"2019-05-24T02:09:19","guid":{"rendered":"http:\/\/fisicaevestibular.com.br\/novo\/?page_id=4455"},"modified":"2024-07-11T02:49:41","modified_gmt":"2024-07-11T02:49:41","slug":"albert-einstein-enfermagem-e-medicina-2019-segunda-fase","status":"publish","type":"page","link":"https:\/\/fisicaevestibular.com.br\/novo\/universidades-2019\/albert-einstein-enfermagem-e-medicina-2019-segunda-fase\/","title":{"rendered":"ALBERT EINSTEIN \u2013 ENFERMAGEM E MEDICINA &#8211; 2019  Segunda Fase"},"content":{"rendered":"<p align=\"CENTER\"><span style=\"color: #0000cc;\"><span style=\"font-family: Arial Black, serif;\"><span style=\"font-size: x-large;\"><b>ALBERT EINSTEIN \u2013 ENFERMAGEM E MEDICINA &#8211; 2019<\/b><\/span><\/span><\/span><b> <\/b><\/p>\n<p align=\"CENTER\"><span style=\"color: #0000cc;\"><span style=\"font-family: Arial Black, serif;\"><span style=\"font-size: x-large;\"><b>Segunda Fase<\/b><\/span><\/span><\/span><\/p>\n<p align=\"CENTER\"><img fetchpriority=\"high\" decoding=\"async\" src=\"http:\/\/fisicaevestibular.com.br\/novo\/wp-content\/uploads\/universidades-2019\/2faseeinstein\/0078746001558663636_resoluo%20-%20einstein%20-%202%20fase%20(1)_html_m388eefc7.png\" width=\"328\" height=\"251\" align=\"BOTTOM\" border=\"0\" \/><\/p>\n<p align=\"CENTER\"><img decoding=\"async\" src=\"http:\/\/fisicaevestibular.com.br\/novo\/wp-content\/uploads\/universidades-2019\/2faseeinstein\/0078746001558663636_resoluo%20-%20einstein%20-%202%20fase%20(1)_html_m63523e7c.png\" width=\"385\" height=\"144\" align=\"BOTTOM\" border=\"0\" \/><\/p>\n<p align=\"CENTER\"><img decoding=\"async\" src=\"http:\/\/fisicaevestibular.com.br\/novo\/wp-content\/uploads\/universidades-2019\/2faseeinstein\/0078746001558663636_resoluo%20-%20einstein%20-%202%20fase%20(1)_html_m1df5bb60.png\" width=\"725\" height=\"315\" align=\"BOTTOM\" border=\"0\" \/><\/p>\n<p><img loading=\"lazy\" decoding=\"async\" src=\"http:\/\/fisicaevestibular.com.br\/novo\/wp-content\/uploads\/universidades-2019\/2faseeinstein\/0078746001558663636_resoluo%20-%20einstein%20-%202%20fase%20(1)_html_m22e25b45.png\" width=\"775\" height=\"300\" align=\"BOTTOM\" border=\"0\" \/><\/p>\n<p><span style=\"color: #00b050;\"><span style=\"font-family: Viner Hand ITC, serif;\"><span style=\"font-size: x-large;\"><b>Um dos diferenc<\/b><\/span><\/span><\/span><span style=\"color: #00b050;\"><span style=\"font-family: Times New Roman, serif;\"><span style=\"font-size: x-large;\"><b>\u200b<\/b><\/span><\/span><\/span><span style=\"color: #00b050;\"><span style=\"font-family: Viner Hand ITC, serif;\"><span style=\"font-size: x-large;\"><b>iais do curso\u00a0\u00e9\u00a0trabalhar aspectos relacionados\u00a0\u00e0\u00a0atitude profissional e formar m\u00e9dicos com participa\u00e7\u00e3o respons\u00e1vel no sistema de sa\u00fade. Para isso, o primeiro passo foi desenhar um curso diferente do tradicional. O aluno ter\u00e1\u00a0participa\u00e7\u00e3o ativa no seu aprendizado e as discuss\u00f5es em grupo ser\u00e3o a metodologia predominante.<\/b><\/span><\/span><\/span><span style=\"color: #00b050;\"><span style=\"font-family: Times New Roman, serif;\"><span style=\"font-size: x-large;\"><b>\u200b<\/b><\/span><\/span><\/span><\/p>\n<p><span style=\"color: #0000cc;\"><span style=\"font-family: Arial Black, serif;\"><span style=\"font-size: large;\">01) (Faculdade Israelita de Ci\u00eancias da Sa\u00fade Albert Einstein \u2013 SP \u2013 019)<\/span><\/span><\/span><\/p>\n<p><img loading=\"lazy\" decoding=\"async\" src=\"http:\/\/fisicaevestibular.com.br\/novo\/wp-content\/uploads\/universidades-2019\/2faseeinstein\/0078746001558663636_resoluo%20-%20einstein%20-%202%20fase%20(1)_html_m2893a5f.jpg\" width=\"248\" height=\"150\" align=\"BOTTOM\" border=\"0\" \/><\/p>\n<p align=\"JUSTIFY\"><span style=\"color: #0000ff;\"><span style=\"font-family: Arial, serif;\"><span style=\"font-size: medium;\"><b>Um garoto, em cima de uma plataforma para saltos ornamentais,<\/b><\/span><\/span><\/span><span style=\"color: #ff0000;\"><span style=\"font-family: Arial, serif;\"><span style=\"font-size: medium;\"><b> a 6 m de altura em rela\u00e7\u00e3o ao n\u00edvel da \u00e1gua da piscina<\/b><\/span><\/span><\/span><span style=\"color: #0000ff;\"><span style=\"font-family: Arial, serif;\"><span style=\"font-size: medium;\"><b>, chuta uma bola com <\/b><\/span><\/span><\/span><span style=\"color: #ff0000;\"><span style=\"font-family: Arial, serif;\"><span style=\"font-size: medium;\"><b>velocidade inicial de 8 m\/s <\/b><\/span><\/span><\/span><span style=\"color: #0000ff;\"><span style=\"font-family: Arial, serif;\"><span style=\"font-size: medium;\"><b>inclinada em <\/b><\/span><\/span><\/span><span style=\"color: #ff0000;\"><span style=\"font-family: Arial, serif;\"><span style=\"font-size: medium;\"><b>45\u00ba com a horizontal<\/b><\/span><\/span><\/span><span style=\"color: #0000ff;\"><span style=\"font-family: Arial, serif;\"><span style=\"font-size: medium;\"><b>. A inten\u00e7\u00e3o do garoto era a de que a bola ca\u00edsse nas m\u00e3os de seu amigo, parado dentro da piscina, mas o chute n\u00e3o foi suficientemente forte, e a bola atingiu a \u00e1gua antes da posi\u00e7\u00e3o pretendida.<\/b><\/span><\/span><\/span><\/p>\n<p align=\"CENTER\"><img loading=\"lazy\" decoding=\"async\" src=\"http:\/\/fisicaevestibular.com.br\/novo\/wp-content\/uploads\/universidades-2019\/2faseeinstein\/0078746001558663636_resoluo%20-%20einstein%20-%202%20fase%20(1)_html_3e6335f.png\" width=\"546\" height=\"266\" align=\"BOTTOM\" border=\"0\" \/><\/p>\n<p align=\"JUSTIFY\"><span style=\"color: #0000ff;\"><span style=\"font-family: Arial, serif;\"><span style=\"font-size: medium;\"><b>Adotando<\/b><\/span><\/span><\/span><b> <\/b><span style=\"color: #ff0000;\"><span style=\"font-family: Arial, serif;\"><span style=\"font-size: medium;\"><b>g = 10 m<\/b><\/span><\/span><\/span><span style=\"color: #ff0000;\"><span style=\"font-size: medium;\"><b>\/, <\/b><\/span><\/span><span style=\"color: #ff0000;\"><span style=\"font-family: Arial, serif;\"><span style=\"font-size: medium;\"><b>sen 45\u00ba = cos 45\u00ba<\/b><\/span><\/span><\/span><span style=\"color: #ff0000;\"><span style=\"font-size: medium;\"><b> = <\/b><\/span><\/span><span style=\"color: #0000ff;\"><span style=\"font-family: Arial, serif;\"><span style=\"font-size: medium;\"><b>e<\/b><\/span><\/span><\/span><b> <\/b><span style=\"color: #0000ff;\"><span style=\"font-family: Arial, serif;\"><span style=\"font-size: medium;\"><b>desprezando a resist\u00eancia do ar, calcule<\/b><\/span><\/span><\/span><span style=\"color: #0000ff;\"><span style=\"font-size: medium;\"><b>: <\/b><\/span><\/span><\/p>\n<p align=\"JUSTIFY\"><span style=\"color: #0000ff;\"><span style=\"font-family: Arial, serif;\"><span style=\"font-size: medium;\"><b>a) a altura m\u00e1xima H, em m, em rela\u00e7\u00e3o ao n\u00edvel da \u00e1gua, atingida pela bola nesse chute. <\/b><\/span><\/span><\/span><\/p>\n<p align=\"JUSTIFY\"><span style=\"color: #0000ff;\"><span style=\"font-family: Arial, serif;\"><span style=\"font-size: medium;\"><b>b) o m\u00f3dulo da velocidade inicial, em m\/s, com que a bola deveria ter sido chutada, mantida a inclina\u00e7\u00e3o de 45\u00ba com a horizontal, para que tivesse ca\u00eddo nas m\u00e3os do garoto parado dentro da piscina.<\/b><\/span><\/span><\/span><\/p>\n<p align=\"JUSTIFY\"><span style=\"color: #0000ff;\"><span style=\"font-family: Arial, serif;\"><span style=\"font-size: medium;\"><b>Resposta<\/b><\/span><\/span><\/span><\/p>\n<p align=\"JUSTIFY\"><span style=\"color: #0000ff;\"><span style=\"font-family: Arial, serif;\"><span style=\"font-size: medium;\"><b>Fizemos um esbo\u00e7o do problema, apresentado na figura abaixo:<\/b><\/span><\/span><\/span><\/p>\n<p align=\"CENTER\"><img loading=\"lazy\" decoding=\"async\" src=\"http:\/\/fisicaevestibular.com.br\/novo\/wp-content\/uploads\/universidades-2019\/2faseeinstein\/0078746001558663636_resoluo%20-%20einstein%20-%202%20fase%20(1)_html_m7bf0274f.png\" width=\"431\" height=\"219\" align=\"BOTTOM\" border=\"0\" \/><\/p>\n<ol type=\"a\">\n<li>\n<p align=\"JUSTIFY\"><span style=\"color: #0000ff;\"><span style=\"font-family: Arial, serif;\"><span style=\"font-size: medium;\"><b>A trajet\u00f3ria descrita pela bola \u00e9 comumente chamada de <\/b><\/span><\/span><\/span><span style=\"color: #ff0000;\"><span style=\"font-family: Arial, serif;\"><span style=\"font-size: medium;\"><b>lan\u00e7amento obl\u00edquo ou bal\u00edstico<\/b><\/span><\/span><\/span><span style=\"color: #0000ff;\"><span style=\"font-family: Arial, serif;\"><span style=\"font-size: medium;\"><b>. Como caracter\u00edstica deste tipo de problema temos que no eixo <\/b><\/span><\/span><\/span><span style=\"color: #ff0000;\"><span style=\"font-family: Arial, serif;\"><span style=\"font-size: medium;\"><b>X trata-se de um movimento retil\u00edneo<\/b><\/span><\/span><\/span><span style=\"color: #0000ff;\"><span style=\"font-family: Arial, serif;\"><span style=\"font-size: medium;\"><b>, tal que:<\/b><\/span><\/span><\/span><\/p>\n<\/li>\n<\/ol>\n<p align=\"CENTER\"><img loading=\"lazy\" decoding=\"async\" src=\"http:\/\/fisicaevestibular.com.br\/novo\/wp-content\/uploads\/universidades-2019\/2faseeinstein\/0078746001558663636_resoluo%20-%20einstein%20-%202%20fase%20(1)_html_m51c20d9.png\" width=\"130\" height=\"24\" align=\"BOTTOM\" border=\"0\" \/><\/p>\n<p align=\"JUSTIFY\"><span style=\"color: #0000ff;\"><span style=\"font-family: Arial, serif;\"><span style=\"font-size: medium;\"><b>E no <\/b><\/span><\/span><\/span><span style=\"color: #ff0000;\"><span style=\"font-family: Arial, serif;\"><span style=\"font-size: medium;\"><b>eixo Y temos um movimento retil\u00edneo uniformemente variado<\/b><\/span><\/span><\/span><span style=\"color: #0000ff;\"><span style=\"font-family: Arial, serif;\"><span style=\"font-size: medium;\"><b>, com equa\u00e7\u00f5es:<\/b><\/span><\/span><\/span><\/p>\n<p align=\"JUSTIFY\"><img loading=\"lazy\" decoding=\"async\" src=\"http:\/\/fisicaevestibular.com.br\/novo\/wp-content\/uploads\/universidades-2019\/2faseeinstein\/0078746001558663636_resoluo%20-%20einstein%20-%202%20fase%20(1)_html_2df9050e.png\" width=\"770\" height=\"316\" align=\"BOTTOM\" border=\"0\" \/><span style=\"color: #0000ff;\"><span style=\"font-family: Arial, serif;\"><span style=\"font-size: medium;\"><b>Em <\/b><\/span><\/span><\/span><span style=\"color: #ff0000;\"><span style=\"font-family: Arial, serif;\"><span style=\"font-size: medium;\"><b>que \u00e9 a velocidade da bola e os \u00edndices s\u00e3o as proje\u00e7\u00f5es dessas velocidades nos eixos X e Y<\/b><\/span><\/span><\/span><span style=\"color: #0000ff;\"><span style=\"font-family: Arial, serif;\"><span style=\"font-size: medium;\"><b>.<\/b><\/span><\/span><\/span><\/p>\n<p><span style=\"color: #ff0000;\"><span style=\"font-family: Arial, serif;\"><span style=\"font-size: medium;\"><b>N\u00f3s podemos obter e (proje\u00e7\u00f5es de em X e Y, respectivamente) em fun\u00e7\u00e3o de <\/b><\/span><\/span><\/span><span style=\"color: #0000ff;\"><span style=\"font-family: Arial, serif;\"><span style=\"font-size: medium;\"><b> se observarmos o tri\u00e2ngulo ret\u00e2ngulo formado na figura:<\/b><\/span><\/span><\/span><\/p>\n<p align=\"CENTER\"><img loading=\"lazy\" decoding=\"async\" src=\"http:\/\/fisicaevestibular.com.br\/novo\/wp-content\/uploads\/universidades-2019\/2faseeinstein\/0078746001558663636_resoluo%20-%20einstein%20-%202%20fase%20(1)_html_m44dd866e.png\" width=\"137\" height=\"204\" align=\"BOTTOM\" border=\"0\" \/><\/p>\n<p align=\"CENTER\"><a name=\"_GoBack\"><\/a><img loading=\"lazy\" decoding=\"async\" class=\"alignnone\" src=\"http:\/\/fisicaevestibular.com.br\/novo\/wp-content\/uploads\/universidades-2019\/2faseeinstein\/0078746001558663636_resoluo%20-%20einstein%20-%202%20fase%20(1)_html_1ac5feda.png\" alt=\"ALBERT EINSTEIN\" width=\"770\" height=\"838\" align=\"BOTTOM\" border=\"0\" \/><\/p>\n<p><span style=\"color: #0000ff;\"><span style=\"font-family: Arial, serif;\"><span style=\"font-size: medium;\"><b>que est\u00e1 no mesmo n\u00edvel da piscina, portanto:<\/b><\/span><\/span><\/span><\/p>\n<p><span style=\"color: #0000ff;\"><span style=\"font-family: Arial, serif;\"><span style=\"font-size: medium;\"><b>Vamos<\/b><\/span><\/span><\/span><span style=\"color: #ff0000;\"><span style=\"font-family: Arial, serif;\"><span style=\"font-size: medium;\"><b> isolar <\/b><\/span><\/span><\/span><span style=\"color: #0000ff;\"><span style=\"font-family: Arial, serif;\"><span style=\"font-size: medium;\"><b>, o nosso m\u00f3dulo da velocidade inicial, sabendo que <\/b><\/span><\/span><\/span><span style=\"color: #ff0000;\"><span style=\"font-family: Arial, serif;\"><span style=\"font-size: medium;\"><b>X \u00e9 a dist\u00e2ncia horizontal onde se encontra o menino<\/b><\/span><\/span><\/span><span style=\"color: #0000ff;\"><span style=\"font-family: Arial, serif;\"><span style=\"font-size: medium;\"><b>, e que <\/b><\/span><\/span><\/span><span style=\"color: #ff0000;\"><span style=\"font-family: Arial, serif;\"><span style=\"font-size: medium;\"><b> \u00e9 a altura da plataforma da qual a bola \u00e9 lan\u00e7ada<\/b><\/span><\/span><\/span><span style=\"color: #0000ff;\"><span style=\"font-family: Arial, serif;\"><span style=\"font-size: medium;\"><b>:<\/b><\/span><\/span><\/span><\/p>\n<p>&nbsp;<\/p>\n<p>&nbsp;<\/p>\n<p><a href=\"https:\/\/fisicaevestibular.com.br\/novo\/universidades-2019\/\">Clique aqui para ver sobre o tema!<\/a><\/p>\n<p><a href=\"https:\/\/www.youtube.com\/user\/fisicaevestibular\/playlists\">Confira as v\u00eddeo aulas!<\/a><\/p>\n","protected":false},"excerpt":{"rendered":"<p>ALBERT EINSTEIN \u2013 ENFERMAGEM E MEDICINA &#8211; 2019 Segunda Fase Um dos diferenc\u200biais do curso\u00a0\u00e9\u00a0trabalhar aspectos relacionados\u00a0\u00e0\u00a0atitude profissional e formar m\u00e9dicos com participa\u00e7\u00e3o respons\u00e1vel no sistema de sa\u00fade. Para isso, o primeiro passo foi desenhar um curso diferente do tradicional. O aluno ter\u00e1\u00a0participa\u00e7\u00e3o ativa no seu aprendizado e as discuss\u00f5es em grupo ser\u00e3o a metodologia predominante.\u200b 01) (Faculdade Israelita de<\/p>\n","protected":false},"author":1,"featured_media":0,"parent":4337,"menu_order":0,"comment_status":"closed","ping_status":"closed","template":"","meta":{"om_disable_all_campaigns":false,"_monsterinsights_skip_tracking":false,"_monsterinsights_sitenote_active":false,"_monsterinsights_sitenote_note":"","_monsterinsights_sitenote_category":0,"footnotes":""},"class_list":["post-4455","page","type-page","status-publish","hentry"],"aioseo_notices":[],"_links":{"self":[{"href":"https:\/\/fisicaevestibular.com.br\/novo\/wp-json\/wp\/v2\/pages\/4455","targetHints":{"allow":["GET"]}}],"collection":[{"href":"https:\/\/fisicaevestibular.com.br\/novo\/wp-json\/wp\/v2\/pages"}],"about":[{"href":"https:\/\/fisicaevestibular.com.br\/novo\/wp-json\/wp\/v2\/types\/page"}],"author":[{"embeddable":true,"href":"https:\/\/fisicaevestibular.com.br\/novo\/wp-json\/wp\/v2\/users\/1"}],"replies":[{"embeddable":true,"href":"https:\/\/fisicaevestibular.com.br\/novo\/wp-json\/wp\/v2\/comments?post=4455"}],"version-history":[{"count":3,"href":"https:\/\/fisicaevestibular.com.br\/novo\/wp-json\/wp\/v2\/pages\/4455\/revisions"}],"predecessor-version":[{"id":10257,"href":"https:\/\/fisicaevestibular.com.br\/novo\/wp-json\/wp\/v2\/pages\/4455\/revisions\/10257"}],"up":[{"embeddable":true,"href":"https:\/\/fisicaevestibular.com.br\/novo\/wp-json\/wp\/v2\/pages\/4337"}],"wp:attachment":[{"href":"https:\/\/fisicaevestibular.com.br\/novo\/wp-json\/wp\/v2\/media?parent=4455"}],"curies":[{"name":"wp","href":"https:\/\/api.w.org\/{rel}","templated":true}]}}