{"id":4422,"date":"2019-04-22T00:42:53","date_gmt":"2019-04-22T00:42:53","guid":{"rendered":"http:\/\/fisicaevestibular.com.br\/novo\/?page_id=4422"},"modified":"2024-07-11T11:46:25","modified_gmt":"2024-07-11T11:46:25","slug":"fgv-rj-2019","status":"publish","type":"page","link":"https:\/\/fisicaevestibular.com.br\/novo\/universidades-2019\/fgv-rj-2019\/","title":{"rendered":"FGV RJ 2019"},"content":{"rendered":"<p align=\"CENTER\"><img decoding=\"async\" class=\"alignnone\" src=\"http:\/\/fisicaevestibular.com.br\/novo\/wp-content\/uploads\/universidades-2019\/gvrj4\/0379585001555784729_gvrj4_html_m20cbdc08.png\" alt=\"FGV\" width=\"361\" height=\"109\" align=\"BOTTOM\" border=\"0\" \/><\/p>\n<p align=\"CENTER\"><span style=\"font-family: Times New Roman, serif;\"><span style=\"font-size: medium;\"><span style=\"color: #0000cc;\"><span style=\"font-family: Viner Hand ITC, serif;\"><span style=\"font-size: large;\"><b>A Funda\u00e7\u00e3o Get\u00falio Vargas FGV \u00e9 uma institui\u00e7\u00e3o privada brasileira de ensino, pesquisa e extens\u00e3o. Foi fundada em 1944, com apoio inicial da ONU, com o objetivo inicial de preparar o pessoal qualificado para a administra\u00e7\u00e3o p\u00fablica do Brasil<\/b><\/span><\/span><\/span><\/span><\/span><\/p>\n<p align=\"CENTER\"><span style=\"font-family: Times New Roman, serif;\"><span style=\"font-size: medium;\"><span style=\"color: #0000cc;\"><span style=\"font-family: Viner Hand ITC, serif;\"><span style=\"font-size: large;\"><b>Pelo segundo ano consecutivo, a FGV aparece em primeiro lugar no ranking das institui\u00e7\u00f5es que mais influenciam pol\u00edticas p\u00fablicas e a sociedade na Am\u00e9rica Latina e Caribe.<\/b><\/span><\/span><\/span><\/span><\/span><\/p>\n<p align=\"CENTER\"><span style=\"font-family: Times New Roman, serif;\"><span style=\"font-size: medium;\"><span style=\"color: #0000cc;\"><span style=\"font-family: Viner Hand ITC, serif;\"><span style=\"font-size: large;\"><b>A Funda\u00e7\u00e3o Get\u00falio Vargas \u00e9 formada por 4 unidades e 7 escolas, que funcionam como canais de produ\u00e7\u00e3o acad\u00eamica e liter\u00e1ria, pesquisas aplicadas, consultorias e cursos de especializa\u00e7\u00e3o.<\/b><\/span><\/span><\/span><\/span><\/span><\/p>\n<p align=\"CENTER\"><span style=\"font-family: Times New Roman, serif;\"><span style=\"font-size: medium;\"><span style=\"color: #0000cc;\"><span style=\"font-family: Viner Hand ITC, serif;\"><span style=\"font-size: large;\"><b>As unidades e escolas da FGV s\u00e3o refer\u00eancia nas \u00e1reas de Administra\u00e7\u00e3o, Direito, Economia, Hist\u00f3ria, Ci\u00eancias Sociais e Matem\u00e1tica Aplicada.<\/b><\/span><\/span><\/span><\/span><\/span><\/p>\n<p align=\"CENTER\"><span style=\"font-family: Times New Roman, serif;\"><span style=\"font-size: medium;\"><span style=\"color: #0000cc;\"><span style=\"font-family: Viner Hand ITC, serif;\"><span style=\"font-size: large;\"><b>Unidades e escolas no Rio de Janeiro:<\/b><\/span><\/span><\/span><\/span><\/span><\/p>\n<p align=\"CENTER\"><span style=\"font-family: Times New Roman, serif;\"><span style=\"font-size: medium;\"><span style=\"color: #0000cc;\"><span style=\"font-family: Viner Hand ITC, serif;\"><span style=\"font-size: large;\"><b>EBAPE \u2013 Escola Brasileira de Administra\u00e7\u00e3o P\u00fablica e de Empresas<\/b><\/span><\/span><\/span><\/span><\/span><\/p>\n<p align=\"CENTER\"><span style=\"font-family: Times New Roman, serif;\"><span style=\"font-size: medium;\"><span style=\"color: #0000cc;\"><span style=\"font-family: Viner Hand ITC, serif;\"><span style=\"font-size: large;\"><b>EPGE \u2013 Escola de P\u00f3s-Gradua\u00e7\u00e3o em Economia<\/b><\/span><\/span><\/span><\/span><\/span><\/p>\n<p align=\"CENTER\"><span style=\"font-family: Times New Roman, serif;\"><span style=\"font-size: medium;\"><span style=\"color: #0000cc;\"><span style=\"font-family: Viner Hand ITC, serif;\"><span style=\"font-size: large;\"><b>Direito Rio \u2013 Escola de Direito do Rio de Janeiro<\/b><\/span><\/span><\/span><\/span><\/span><\/p>\n<p align=\"CENTER\"><span style=\"font-family: Times New Roman, serif;\"><span style=\"font-size: medium;\"><span style=\"color: #0000cc;\"><span style=\"font-family: Viner Hand ITC, serif;\"><span style=\"font-size: large;\"><b>EMAp \u2013 Escola de Matem\u00e1tica Aplicada<\/b><\/span><\/span><\/span><\/span><\/span><\/p>\n<p align=\"CENTER\"><span style=\"font-family: Times New Roman, serif;\"><span style=\"font-size: medium;\"><span style=\"color: #0000cc;\"><span style=\"font-family: Viner Hand ITC, serif;\"><span style=\"font-size: large;\"><b>CPDOC \u2013 Centro de Pesquisa e Documenta\u00e7\u00e3o de Hist\u00f3ria Contempor\u00e2nea do Brasil<\/b><\/span><\/span><\/span><\/span><\/span><\/p>\n<p align=\"CENTER\"><span style=\"font-family: Times New Roman, serif;\"><span style=\"font-size: medium;\"><span style=\"color: #0000cc;\"><span style=\"font-family: Viner Hand ITC, serif;\"><span style=\"font-size: large;\"><b>CPS \u2013 Centro de Pol\u00edticas Sociais<\/b><\/span><\/span><\/span><\/span><\/span><\/p>\n<p align=\"CENTER\"><span style=\"color: #c00000;\"><span style=\"font-family: Arial Black, serif;\"><span style=\"font-size: large;\">FGV \u2013 RJ \u2013 CI\u00caNCIAS ECON\u00d4MICAS E MATEM\u00c1TICA APLICADA<\/span><\/span><\/span><\/p>\n<p><span style=\"color: #0000cc;\"><span style=\"font-family: Arial Black, serif;\"><span style=\"font-size: large;\"><b>01- (FGV-RJ-019)<\/b><\/span><\/span><\/span><\/p>\n<p><img decoding=\"async\" src=\"http:\/\/fisicaevestibular.com.br\/novo\/wp-content\/uploads\/universidades-2019\/gvrj4\/0379585001555784729_gvrj4_html_m2893a5f.jpg\" width=\"209\" height=\"127\" align=\"BOTTOM\" border=\"0\" \/><\/p>\n<p><img fetchpriority=\"high\" decoding=\"async\" src=\"http:\/\/fisicaevestibular.com.br\/novo\/wp-content\/uploads\/universidades-2019\/gvrj4\/0379585001555784729_gvrj4_html_5f9068de.png\" width=\"781\" height=\"236\" align=\"BOTTOM\" border=\"0\" \/><\/p>\n<p><span style=\"color: #0000cc;\"><span style=\"font-family: Arial Black, serif;\"><span style=\"font-size: large;\"><b>02- (FGV-RJ-019)<\/b><\/span><\/span><\/span><\/p>\n<p><img decoding=\"async\" src=\"http:\/\/fisicaevestibular.com.br\/novo\/wp-content\/uploads\/universidades-2019\/gvrj4\/0379585001555784729_gvrj4_html_m2893a5f.jpg\" width=\"209\" height=\"127\" align=\"BOTTOM\" border=\"0\" \/><\/p>\n<p><img loading=\"lazy\" decoding=\"async\" src=\"http:\/\/fisicaevestibular.com.br\/novo\/wp-content\/uploads\/universidades-2019\/gvrj4\/0379585001555784729_gvrj4_html_m4eb185f6.png\" width=\"781\" height=\"267\" align=\"BOTTOM\" border=\"0\" \/><\/p>\n<p><span style=\"color: #0000cc;\"><span style=\"font-family: Arial Black, serif;\"><span style=\"font-size: large;\"><b>03- (FGV-RJ-019)<\/b><\/span><\/span><\/span><\/p>\n<p><img decoding=\"async\" src=\"http:\/\/fisicaevestibular.com.br\/novo\/wp-content\/uploads\/universidades-2019\/gvrj4\/0379585001555784729_gvrj4_html_m2893a5f.jpg\" width=\"209\" height=\"127\" align=\"BOTTOM\" border=\"0\" \/><\/p>\n<p><img loading=\"lazy\" decoding=\"async\" src=\"http:\/\/fisicaevestibular.com.br\/novo\/wp-content\/uploads\/universidades-2019\/gvrj4\/0379585001555784729_gvrj4_html_mda7b2cb.png\" width=\"773\" height=\"163\" align=\"BOTTOM\" border=\"0\" \/><\/p>\n<p><span style=\"color: #0000cc;\"><span style=\"font-family: Arial Black, serif;\"><span style=\"font-size: large;\"><b>04- (FGV-RJ-019)<\/b><\/span><\/span><\/span><\/p>\n<p><img decoding=\"async\" src=\"http:\/\/fisicaevestibular.com.br\/novo\/wp-content\/uploads\/universidades-2019\/gvrj4\/0379585001555784729_gvrj4_html_m2893a5f.jpg\" width=\"209\" height=\"127\" align=\"BOTTOM\" border=\"0\" \/><\/p>\n<p><img loading=\"lazy\" decoding=\"async\" src=\"http:\/\/fisicaevestibular.com.br\/novo\/wp-content\/uploads\/universidades-2019\/gvrj4\/0379585001555784729_gvrj4_html_m69b55e2f.png\" width=\"769\" height=\"247\" align=\"BOTTOM\" border=\"0\" \/><\/p>\n<p><span style=\"color: #0000cc;\"><span style=\"font-family: Arial Black, serif;\"><span style=\"font-size: large;\"><b>05- (FGV-RJ-019)<\/b><\/span><\/span><\/span><\/p>\n<p><img decoding=\"async\" src=\"http:\/\/fisicaevestibular.com.br\/novo\/wp-content\/uploads\/universidades-2019\/gvrj4\/0379585001555784729_gvrj4_html_m2893a5f.jpg\" width=\"209\" height=\"127\" align=\"BOTTOM\" border=\"0\" \/><\/p>\n<p><img loading=\"lazy\" decoding=\"async\" src=\"http:\/\/fisicaevestibular.com.br\/novo\/wp-content\/uploads\/universidades-2019\/gvrj4\/0379585001555784729_gvrj4_html_7a2daf01.png\" width=\"780\" height=\"265\" align=\"BOTTOM\" border=\"0\" \/><\/p>\n<p><span style=\"color: #0000cc;\"><span style=\"font-family: Arial Black, serif;\"><span style=\"font-size: large;\"><b>06- (FGV-RJ-019)<\/b><\/span><\/span><\/span><\/p>\n<p><img decoding=\"async\" src=\"http:\/\/fisicaevestibular.com.br\/novo\/wp-content\/uploads\/universidades-2019\/gvrj4\/0379585001555784729_gvrj4_html_m2893a5f.jpg\" width=\"209\" height=\"127\" align=\"BOTTOM\" border=\"0\" \/><\/p>\n<p><img loading=\"lazy\" decoding=\"async\" src=\"http:\/\/fisicaevestibular.com.br\/novo\/wp-content\/uploads\/universidades-2019\/gvrj4\/0379585001555784729_gvrj4_html_m7a3acd4.png\" width=\"777\" height=\"219\" align=\"BOTTOM\" border=\"0\" \/><\/p>\n<p><span style=\"color: #0000cc;\"><span style=\"font-family: Arial Black, serif;\"><span style=\"font-size: large;\"><b>07- (FGV-RJ-019)<\/b><\/span><\/span><\/span><\/p>\n<p><img decoding=\"async\" src=\"http:\/\/fisicaevestibular.com.br\/novo\/wp-content\/uploads\/universidades-2019\/gvrj4\/0379585001555784729_gvrj4_html_m2893a5f.jpg\" width=\"209\" height=\"127\" align=\"BOTTOM\" border=\"0\" \/><\/p>\n<p><img loading=\"lazy\" decoding=\"async\" src=\"http:\/\/fisicaevestibular.com.br\/novo\/wp-content\/uploads\/universidades-2019\/gvrj4\/0379585001555784729_gvrj4_html_7fd19af2.png\" width=\"770\" height=\"309\" align=\"BOTTOM\" border=\"0\" \/><\/p>\n<p><a name=\"_GoBack\"><\/a> <img loading=\"lazy\" decoding=\"async\" src=\"http:\/\/fisicaevestibular.com.br\/novo\/wp-content\/uploads\/universidades-2019\/gvrj4\/0379585001555784729_gvrj4_html_58c77958.png\" width=\"781\" height=\"170\" align=\"BOTTOM\" border=\"0\" \/><\/p>\n<p align=\"CENTER\"><span style=\"color: #c00000;\"><span style=\"font-family: Arial Black, serif;\"><span style=\"font-size: large;\">Resolu\u00e7\u00e3o Comentada FGV-RJ-2019<\/span><\/span><\/span><\/p>\n<p><span style=\"color: #c00000;\"><span style=\"font-family: Arial Black, serif;\"><span style=\"font-size: large;\">01-<\/span><\/span><\/span><\/p>\n<p><img loading=\"lazy\" decoding=\"async\" src=\"http:\/\/fisicaevestibular.com.br\/novo\/wp-content\/uploads\/universidades-2019\/gvrj4\/0379585001555784729_gvrj4_html_62e25079.png\" width=\"769\" height=\"227\" align=\"BOTTOM\" border=\"0\" \/><\/p>\n<p><span style=\"color: #c00000;\"><span style=\"font-family: Arial Black, serif;\"><span style=\"font-size: large;\">R &#8211; B<\/span><\/span><\/span><\/p>\n<p><span style=\"color: #c00000;\"><span style=\"font-family: Arial Black, serif;\"><span style=\"font-size: large;\">02-<\/span><\/span><\/span><\/p>\n<p><img loading=\"lazy\" decoding=\"async\" src=\"http:\/\/fisicaevestibular.com.br\/novo\/wp-content\/uploads\/universidades-2019\/gvrj4\/0379585001555784729_gvrj4_html_m11b98464.png\" width=\"765\" height=\"424\" align=\"BOTTOM\" border=\"0\" \/><\/p>\n<p><span style=\"color: #c00000;\"><span style=\"font-family: Arial Black, serif;\"><span style=\"font-size: large;\">03-<\/span><\/span><\/span><\/p>\n<p><img loading=\"lazy\" decoding=\"async\" src=\"http:\/\/fisicaevestibular.com.br\/novo\/wp-content\/uploads\/universidades-2019\/gvrj4\/0379585001555784729_gvrj4_html_m63be9261.png\" width=\"772\" height=\"302\" align=\"BOTTOM\" border=\"0\" \/><\/p>\n<p><span style=\"color: #c00000;\"><span style=\"font-family: Arial Black, serif;\"><span style=\"font-size: large;\">R- A<\/span><\/span><\/span><\/p>\n<p><span style=\"color: #c00000;\"><span style=\"font-family: Arial Black, serif;\"><span style=\"font-size: large;\">04-<\/span><\/span><\/span><\/p>\n<p><img loading=\"lazy\" decoding=\"async\" src=\"http:\/\/fisicaevestibular.com.br\/novo\/wp-content\/uploads\/universidades-2019\/gvrj4\/0379585001555784729_gvrj4_html_m31b141a9.png\" width=\"765\" height=\"196\" align=\"BOTTOM\" border=\"0\" \/><\/p>\n<p><span style=\"color: #c00000;\"><span style=\"font-family: Arial Black, serif;\"><span style=\"font-size: large;\"><b>R- D<\/b><\/span><\/span><\/span><\/p>\n<p><span style=\"color: #c00000;\"><span style=\"font-family: Arial Black, serif;\"><span style=\"font-size: large;\">05-<\/span><\/span><\/span><\/p>\n<p><img loading=\"lazy\" decoding=\"async\" src=\"http:\/\/fisicaevestibular.com.br\/novo\/wp-content\/uploads\/universidades-2019\/gvrj4\/0379585001555784729_gvrj4_html_m43b6a93e.png\" width=\"781\" height=\"221\" align=\"BOTTOM\" border=\"0\" \/><\/p>\n<p><span style=\"color: #c00000;\"><span style=\"font-family: Arial Black, serif;\"><span style=\"font-size: large;\"><b>R- A<\/b><\/span><\/span><\/span><\/p>\n<p><span style=\"color: #c00000;\"><span style=\"font-family: Arial Black, serif;\"><span style=\"font-size: large;\">06-<\/span><\/span><\/span><\/p>\n<p><img loading=\"lazy\" decoding=\"async\" src=\"http:\/\/fisicaevestibular.com.br\/novo\/wp-content\/uploads\/universidades-2019\/gvrj4\/0379585001555784729_gvrj4_html_m6358778a.png\" width=\"775\" height=\"185\" align=\"BOTTOM\" border=\"0\" \/><\/p>\n<p><span style=\"color: #c00000;\"><span style=\"font-family: Arial Black, serif;\"><span style=\"font-size: large;\"><b>R- E<\/b><\/span><\/span><\/span><\/p>\n<p><span style=\"color: #c00000;\"><span style=\"font-family: Arial Black, serif;\"><span style=\"font-size: large;\">07-<\/span><\/span><\/span><\/p>\n<p><img loading=\"lazy\" decoding=\"async\" src=\"http:\/\/fisicaevestibular.com.br\/novo\/wp-content\/uploads\/universidades-2019\/gvrj4\/0379585001555784729_gvrj4_html_7112d78.png\" width=\"765\" height=\"291\" align=\"BOTTOM\" border=\"0\" \/><\/p>\n<p><img loading=\"lazy\" decoding=\"async\" src=\"http:\/\/fisicaevestibular.com.br\/novo\/wp-content\/uploads\/universidades-2019\/gvrj4\/0379585001555784729_gvrj4_html_m51610b39.png\" width=\"765\" height=\"298\" align=\"BOTTOM\" border=\"0\" \/><\/p>\n<p><img loading=\"lazy\" decoding=\"async\" src=\"http:\/\/fisicaevestibular.com.br\/novo\/wp-content\/uploads\/universidades-2019\/gvrj4\/0379585001555784729_gvrj4_html_58b0c3be.png\" width=\"779\" height=\"87\" align=\"BOTTOM\" border=\"0\" \/><\/p>\n<p><span style=\"color: #c00000;\"><span style=\"font-family: Arial Black, serif;\"><span style=\"font-size: large;\"><b>R- B<\/b><\/span><\/span><\/span><\/p>\n<p>&nbsp;<\/p>\n<p><a href=\"https:\/\/fisicaevestibular.com.br\/novo\/universidades-2019\/\">Clique aqui para ver sobre o tema!<\/a><\/p>\n<p><a href=\"https:\/\/www.youtube.com\/user\/fisicaevestibular\/playlists\">Confira as v\u00eddeo aulas!<\/a><\/p>\n","protected":false},"excerpt":{"rendered":"<p>A Funda\u00e7\u00e3o Get\u00falio Vargas FGV \u00e9 uma institui\u00e7\u00e3o privada brasileira de ensino, pesquisa e extens\u00e3o. Foi fundada em 1944, com apoio inicial da ONU, com o objetivo inicial de preparar o pessoal qualificado para a administra\u00e7\u00e3o p\u00fablica do Brasil Pelo segundo ano consecutivo, a FGV aparece em primeiro lugar no ranking das institui\u00e7\u00f5es que mais influenciam pol\u00edticas p\u00fablicas e a<\/p>\n","protected":false},"author":1,"featured_media":0,"parent":4337,"menu_order":0,"comment_status":"closed","ping_status":"closed","template":"","meta":{"om_disable_all_campaigns":false,"_monsterinsights_skip_tracking":false,"_monsterinsights_sitenote_active":false,"_monsterinsights_sitenote_note":"","_monsterinsights_sitenote_category":0,"footnotes":""},"class_list":["post-4422","page","type-page","status-publish","hentry"],"aioseo_notices":[],"_links":{"self":[{"href":"https:\/\/fisicaevestibular.com.br\/novo\/wp-json\/wp\/v2\/pages\/4422","targetHints":{"allow":["GET"]}}],"collection":[{"href":"https:\/\/fisicaevestibular.com.br\/novo\/wp-json\/wp\/v2\/pages"}],"about":[{"href":"https:\/\/fisicaevestibular.com.br\/novo\/wp-json\/wp\/v2\/types\/page"}],"author":[{"embeddable":true,"href":"https:\/\/fisicaevestibular.com.br\/novo\/wp-json\/wp\/v2\/users\/1"}],"replies":[{"embeddable":true,"href":"https:\/\/fisicaevestibular.com.br\/novo\/wp-json\/wp\/v2\/comments?post=4422"}],"version-history":[{"count":3,"href":"https:\/\/fisicaevestibular.com.br\/novo\/wp-json\/wp\/v2\/pages\/4422\/revisions"}],"predecessor-version":[{"id":10289,"href":"https:\/\/fisicaevestibular.com.br\/novo\/wp-json\/wp\/v2\/pages\/4422\/revisions\/10289"}],"up":[{"embeddable":true,"href":"https:\/\/fisicaevestibular.com.br\/novo\/wp-json\/wp\/v2\/pages\/4337"}],"wp:attachment":[{"href":"https:\/\/fisicaevestibular.com.br\/novo\/wp-json\/wp\/v2\/media?parent=4422"}],"curies":[{"name":"wp","href":"https:\/\/api.w.org\/{rel}","templated":true}]}}