{"id":4406,"date":"2019-03-20T03:54:53","date_gmt":"2019-03-20T03:54:53","guid":{"rendered":"http:\/\/fisicaevestibular.com.br\/novo\/?page_id=4406"},"modified":"2024-08-22T17:13:46","modified_gmt":"2024-08-22T17:13:46","slug":"termologia-08-termodinamica-primeiro-principio-da-termodinamica-ou-principio-da-conservacao-da-energia","status":"publish","type":"page","link":"https:\/\/fisicaevestibular.com.br\/novo\/formulario\/termologia-08-termodinamica-primeiro-principio-da-termodinamica-ou-principio-da-conservacao-da-energia\/","title":{"rendered":"Termologia 08 &#8211; Termodin\u00e2mica &#8211; Primeiro Princ\u00edpio da Termodin\u00e2mica ou Princ\u00edpio da Conserva\u00e7\u00e3o da Energia"},"content":{"rendered":"<p align=\"CENTER\"><span style=\"color: #0000cc;\"><span style=\"font-family: Arial Black, serif;\"><span style=\"font-size: large;\"><b>Formul\u00e1rio completo de F\u00edsica com informa\u00e7\u00f5es \u00fateis <\/b><\/span><\/span><\/span><\/p>\n<p align=\"CENTER\"><span style=\"color: #c00000;\"><span style=\"font-family: Arial Black, serif;\"><span style=\"font-size: large;\"><b>(Dicas para vestibulares)<\/b><\/span><\/span><\/span><\/p>\n<p align=\"CENTER\"><span style=\"color: #c00000;\"><span style=\"font-family: Viner Hand ITC, serif;\"><span style=\"font-size: x-large;\"><b>Termologia (F\u00edsica T\u00e9rmica)<\/b><\/span><\/span><\/span><\/p>\n<p align=\"CENTER\"><span style=\"color: #0000cc;\"><span style=\"font-family: Arial Black, serif;\"><span style=\"font-size: large;\">Termodin\u00e2mica<\/span><\/span><\/span><\/p>\n<p align=\"CENTER\"><span style=\"color: #0000cc;\"><span style=\"font-family: Arial Black, serif;\"><span style=\"font-size: large;\"><b>Primeiro Princ\u00edpio da Termodin\u00e2mica ou Princ\u00edpio da Conserva\u00e7\u00e3o da Energia<\/b><\/span><\/span><\/span><\/p>\n<p align=\"CENTER\"><span style=\"color: #c00000;\"><span style=\"font-family: Arial Black, serif;\"><span style=\"font-size: large;\"><b>Energia interna de um g\u00e1s perfeito<\/b><\/span><\/span><\/span><\/p>\n<p align=\"CENTER\"><img fetchpriority=\"high\" decoding=\"async\" src=\"http:\/\/fisicaevestibular.com.br\/novo\/wp-content\/uploads\/migracao\/formulario\/termologia\/0772628001553054018_trmica08_html_m399653ff.png\" width=\"778\" height=\"397\" align=\"BOTTOM\" border=\"0\" \/><\/p>\n<p align=\"CENTER\"><span style=\"color: #c00000;\">\u00a0<\/span><span style=\"font-family: Times New Roman, serif;\"><span style=\"font-size: medium;\"><span style=\"color: #c00000;\"><span style=\"font-family: Arial Black, serif;\"><span style=\"font-size: large;\"><b>Primeiro Princ\u00edpio da Termodin\u00e2mica ou Princ\u00edpio da Conserva\u00e7\u00e3o da Energia<\/b><\/span><\/span><\/span><\/span><\/span><\/p>\n<p align=\"CENTER\"><img decoding=\"async\" src=\"http:\/\/fisicaevestibular.com.br\/novo\/wp-content\/uploads\/migracao\/formulario\/termologia\/0772628001553054018_trmica08_html_m7ed54e0b.png\" width=\"772\" height=\"484\" align=\"BOTTOM\" border=\"0\" \/><\/p>\n<p align=\"CENTER\"><span style=\"color: #c00000;\"><span style=\"font-family: Arial Black, serif;\"><span style=\"font-size: large;\"><b>Primeiro princ\u00edpio da termodin\u00e2mica aplicado numa <\/b><\/span><\/span><\/span><span style=\"color: #0000cc;\"><span style=\"font-family: Arial Black, serif;\"><span style=\"font-size: large;\"><b>transforma\u00e7\u00e3o Isot\u00e9rmica<\/b><\/span><\/span><\/span><\/p>\n<p align=\"CENTER\"><img decoding=\"async\" src=\"http:\/\/fisicaevestibular.com.br\/novo\/wp-content\/uploads\/migracao\/formulario\/termologia\/0772628001553054018_trmica08_html_6b41cda3.png\" width=\"777\" height=\"316\" align=\"BOTTOM\" border=\"0\" \/><\/p>\n<p align=\"CENTER\"><span style=\"color: #c00000;\"><span style=\"font-family: Arial Black, serif;\"><span style=\"font-size: large;\"><b>Primeiro princ\u00edpio da termodin\u00e2mica aplicado numa <\/b><\/span><\/span><\/span><span style=\"color: #0000cc;\"><span style=\"font-family: Arial Black, serif;\"><span style=\"font-size: large;\"><b>transforma\u00e7\u00e3o Isob\u00e1rica<\/b><\/span><\/span><\/span><\/p>\n<p align=\"CENTER\"><img loading=\"lazy\" decoding=\"async\" src=\"http:\/\/fisicaevestibular.com.br\/novo\/wp-content\/uploads\/migracao\/formulario\/termologia\/0772628001553054018_trmica08_html_m1d04ee0e.png\" width=\"777\" height=\"340\" align=\"BOTTOM\" border=\"0\" \/><\/p>\n<p align=\"CENTER\"><span style=\"color: #c00000;\"><span style=\"font-family: Arial Black, serif;\"><span style=\"font-size: large;\"><b>Primeiro princ\u00edpio da termodin\u00e2mica aplicado numa <\/b><\/span><\/span><\/span><span style=\"color: #0000cc;\"><span style=\"font-family: Arial Black, serif;\"><span style=\"font-size: large;\"><b>transforma\u00e7\u00e3o Isoc\u00f3rica, Isom\u00e9trica ou Isovolum\u00e9trica<\/b><\/span><\/span><\/span><\/p>\n<p align=\"CENTER\"><img loading=\"lazy\" decoding=\"async\" src=\"http:\/\/fisicaevestibular.com.br\/novo\/wp-content\/uploads\/migracao\/formulario\/termologia\/0772628001553054018_trmica08_html_65fe290c.png\" width=\"777\" height=\"332\" align=\"BOTTOM\" border=\"0\" \/><\/p>\n<p align=\"CENTER\"><span style=\"color: #c00000;\"><span style=\"font-family: Arial Black, serif;\"><span style=\"font-size: large;\"><b>Primeiro princ\u00edpio da termodin\u00e2mica aplicado numa <\/b><\/span><\/span><\/span><span style=\"color: #0000cc;\"><span style=\"font-family: Arial Black, serif;\"><span style=\"font-size: large;\"><b>transforma\u00e7\u00e3o Adiab\u00e1tica<\/b><\/span><\/span><\/span><\/p>\n<p align=\"CENTER\"><img loading=\"lazy\" decoding=\"async\" src=\"http:\/\/fisicaevestibular.com.br\/novo\/wp-content\/uploads\/migracao\/formulario\/termologia\/0772628001553054018_trmica08_html_m35923221.png\" width=\"779\" height=\"401\" align=\"BOTTOM\" border=\"0\" \/><\/p>\n<p align=\"CENTER\"><span style=\"color: #c00000;\">\u00a0<\/span><span style=\"color: #c00000;\"><span style=\"font-family: Arial Black, serif;\"><span style=\"font-size: large;\"><b>Primeiro princ\u00edpio da termodin\u00e2mica aplicado numa <\/b><\/span><\/span><\/span><span style=\"color: #0000cc;\"><span style=\"font-family: Arial Black, serif;\"><span style=\"font-size: large;\"><b>transforma\u00e7\u00e3o C\u00edclica<\/b><\/span><\/span><\/span><\/p>\n<p><img loading=\"lazy\" decoding=\"async\" src=\"http:\/\/fisicaevestibular.com.br\/novo\/wp-content\/uploads\/migracao\/formulario\/termologia\/0772628001553054018_trmica08_html_m2830f480.png\" width=\"773\" height=\"501\" align=\"BOTTOM\" border=\"0\" \/><\/p>\n<p align=\"CENTER\"><span style=\"color: #c00000;\"><span style=\"font-family: Arial Black, serif;\"><span style=\"font-size: large;\"><b>Informa\u00e7\u00f5es \u00fateis\u00a0<\/b><\/span><\/span><\/span><span style=\"color: #0000cc;\"><span style=\"font-family: Arial Black, serif;\"><span style=\"font-size: large;\"><b>(dicas para vestibulares)<\/b><\/span><\/span><\/span><\/p>\n<p><img loading=\"lazy\" decoding=\"async\" src=\"http:\/\/fisicaevestibular.com.br\/novo\/wp-content\/uploads\/migracao\/formulario\/termologia\/0772628001553054018_trmica08_html_m740d0bd0.png\" width=\"48\" height=\"23\" align=\"BOTTOM\" border=\"0\" \/><\/p>\n<p><img loading=\"lazy\" decoding=\"async\" src=\"http:\/\/fisicaevestibular.com.br\/novo\/wp-content\/uploads\/migracao\/formulario\/termologia\/0772628001553054018_trmica08_html_m7a2f590c.png\" width=\"774\" height=\"295\" align=\"BOTTOM\" border=\"0\" \/><\/p>\n<p><a name=\"_GoBack\"><\/a> <img loading=\"lazy\" decoding=\"async\" src=\"http:\/\/fisicaevestibular.com.br\/novo\/wp-content\/uploads\/migracao\/formulario\/termologia\/0772628001553054018_trmica08_html_74f9fce2.png\" width=\"774\" height=\"154\" align=\"BOTTOM\" border=\"0\" \/><\/p>\n<p><img loading=\"lazy\" decoding=\"async\" src=\"http:\/\/fisicaevestibular.com.br\/novo\/wp-content\/uploads\/migracao\/formulario\/termologia\/0772628001553054018_trmica08_html_7393927d.png\" width=\"770\" height=\"295\" align=\"BOTTOM\" border=\"0\" \/><\/p>\n<p>&nbsp;<\/p>\n","protected":false},"excerpt":{"rendered":"<p>Formul\u00e1rio completo de F\u00edsica com informa\u00e7\u00f5es \u00fateis (Dicas para vestibulares) Termologia (F\u00edsica T\u00e9rmica) Termodin\u00e2mica Primeiro Princ\u00edpio da Termodin\u00e2mica ou Princ\u00edpio da Conserva\u00e7\u00e3o da Energia Energia interna de um g\u00e1s perfeito \u00a0Primeiro Princ\u00edpio da Termodin\u00e2mica ou Princ\u00edpio da Conserva\u00e7\u00e3o da Energia Primeiro princ\u00edpio da termodin\u00e2mica aplicado numa transforma\u00e7\u00e3o Isot\u00e9rmica Primeiro princ\u00edpio da termodin\u00e2mica aplicado numa transforma\u00e7\u00e3o Isob\u00e1rica Primeiro princ\u00edpio da termodin\u00e2mica<\/p>\n","protected":false},"author":1,"featured_media":0,"parent":3987,"menu_order":0,"comment_status":"closed","ping_status":"closed","template":"","meta":{"om_disable_all_campaigns":false,"_monsterinsights_skip_tracking":false,"_monsterinsights_sitenote_active":false,"_monsterinsights_sitenote_note":"","_monsterinsights_sitenote_category":0,"footnotes":""},"class_list":["post-4406","page","type-page","status-publish","hentry"],"aioseo_notices":[],"_links":{"self":[{"href":"https:\/\/fisicaevestibular.com.br\/novo\/wp-json\/wp\/v2\/pages\/4406","targetHints":{"allow":["GET"]}}],"collection":[{"href":"https:\/\/fisicaevestibular.com.br\/novo\/wp-json\/wp\/v2\/pages"}],"about":[{"href":"https:\/\/fisicaevestibular.com.br\/novo\/wp-json\/wp\/v2\/types\/page"}],"author":[{"embeddable":true,"href":"https:\/\/fisicaevestibular.com.br\/novo\/wp-json\/wp\/v2\/users\/1"}],"replies":[{"embeddable":true,"href":"https:\/\/fisicaevestibular.com.br\/novo\/wp-json\/wp\/v2\/comments?post=4406"}],"version-history":[{"count":1,"href":"https:\/\/fisicaevestibular.com.br\/novo\/wp-json\/wp\/v2\/pages\/4406\/revisions"}],"predecessor-version":[{"id":4407,"href":"https:\/\/fisicaevestibular.com.br\/novo\/wp-json\/wp\/v2\/pages\/4406\/revisions\/4407"}],"up":[{"embeddable":true,"href":"https:\/\/fisicaevestibular.com.br\/novo\/wp-json\/wp\/v2\/pages\/3987"}],"wp:attachment":[{"href":"https:\/\/fisicaevestibular.com.br\/novo\/wp-json\/wp\/v2\/media?parent=4406"}],"curies":[{"name":"wp","href":"https:\/\/api.w.org\/{rel}","templated":true}]}}