{"id":4321,"date":"2019-01-24T02:11:34","date_gmt":"2019-01-24T02:11:34","guid":{"rendered":"http:\/\/fisicaevestibular.com.br\/novo\/?page_id=4321"},"modified":"2024-08-22T14:39:09","modified_gmt":"2024-08-22T14:39:09","slug":"optica-geometrica-laminas-de-faces-paralelas","status":"publish","type":"page","link":"https:\/\/fisicaevestibular.com.br\/novo\/formulario\/optica-geometrica-laminas-de-faces-paralelas\/","title":{"rendered":"\u00d3ptica geom\u00e9trica &#8211; L\u00e2minas de faces paralelas"},"content":{"rendered":"<p align=\"CENTER\"><span style=\"color: #0000cc;\"><span style=\"font-family: Arial Black, serif;\"><span style=\"font-size: large;\"><b>Formul\u00e1rio completo de F\u00edsica com informa\u00e7\u00f5es \u00fateis <\/b><\/span><\/span><\/span><\/p>\n<p align=\"CENTER\"><span style=\"color: #c00000;\"><span style=\"font-family: Arial Black, serif;\"><span style=\"font-size: large;\"><b>(Dicas para vestibulares)<\/b><\/span><\/span><\/span><\/p>\n<p align=\"CENTER\"><span style=\"color: #c00000;\"><span style=\"font-family: Viner Hand ITC, serif;\"><span style=\"font-size: x-large;\"><b>\u00d3ptica geom\u00e9trica<\/b><\/span><\/span><\/span><\/p>\n<p align=\"CENTER\"><span style=\"color: #0000cc;\"><span style=\"font-family: Arial Black, serif;\"><span style=\"font-size: x-large;\"><b>L\u00e2minas de faces paralelas<\/b><\/span><\/span><\/span><\/p>\n<p align=\"CENTER\"><span style=\"color: #c00000;\"><span style=\"font-family: Arial Black, serif;\"><span style=\"font-size: large;\"><b>Equa\u00e7\u00e3o do desvio lateral (d) de um raio de luz ao atravessar uma l\u00e2mina de faces paralelas<\/b><\/span><\/span><\/span><\/p>\n<p><img fetchpriority=\"high\" decoding=\"async\" src=\"http:\/\/fisicaevestibular.com.br\/novo\/wp-content\/uploads\/migracao\/formulario\/optica10\/0538946001548295668_optica10_html_m41e5d749.png\" width=\"772\" height=\"435\" align=\"BOTTOM\" border=\"0\" \/><\/p>\n<p align=\"CENTER\"><span style=\"color: #c00000;\"><span style=\"font-family: Arial Black, serif;\"><span style=\"font-size: large;\"><b>Informa\u00e7\u00f5es \u00fateis <\/b><\/span><\/span><\/span><span style=\"color: #0000cc;\"><span style=\"font-family: Arial Black, serif;\"><span style=\"font-size: large;\"><b>(dicas para vestibulares)<\/b><\/span><\/span><\/span><\/p>\n<p><img decoding=\"async\" src=\"http:\/\/fisicaevestibular.com.br\/novo\/wp-content\/uploads\/migracao\/formulario\/optica10\/0538946001548295668_optica10_html_m740d0bd0.png\" width=\"46\" height=\"23\" align=\"BOTTOM\" border=\"0\" \/><\/p>\n<p><img decoding=\"async\" src=\"http:\/\/fisicaevestibular.com.br\/novo\/wp-content\/uploads\/migracao\/formulario\/optica10\/0538946001548295668_optica10_html_m72fac7e9.png\" width=\"781\" height=\"105\" align=\"BOTTOM\" border=\"0\" \/><\/p>\n<p><img loading=\"lazy\" decoding=\"async\" src=\"http:\/\/fisicaevestibular.com.br\/novo\/wp-content\/uploads\/migracao\/formulario\/optica10\/0538946001548295668_optica10_html_5020f6bc.png\" width=\"772\" height=\"149\" align=\"BOTTOM\" border=\"0\" \/><\/p>\n<p><img loading=\"lazy\" decoding=\"async\" src=\"http:\/\/fisicaevestibular.com.br\/novo\/wp-content\/uploads\/migracao\/formulario\/optica10\/0538946001548295668_optica10_html_2efcefdf.png\" width=\"776\" height=\"248\" align=\"BOTTOM\" border=\"0\" \/><\/p>\n<p><img decoding=\"async\" src=\"http:\/\/fisicaevestibular.com.br\/novo\/wp-content\/uploads\/migracao\/formulario\/optica10\/0538946001548295668_optica10_html_m740d0bd0.png\" width=\"46\" height=\"23\" align=\"BOTTOM\" border=\"0\" \/><\/p>\n<p align=\"CENTER\"><span style=\"color: #c00000;\"><span style=\"font-family: Arial Black, serif;\"><span style=\"font-size: large;\">Imagem de um objeto vista atrav\u00e9s de uma l\u00e2mina de faces paralelas<\/span><\/span><\/span><\/p>\n<p><img loading=\"lazy\" decoding=\"async\" src=\"http:\/\/fisicaevestibular.com.br\/novo\/wp-content\/uploads\/migracao\/formulario\/optica10\/0538946001548295668_optica10_html_52330b23.png\" width=\"781\" height=\"307\" align=\"BOTTOM\" border=\"0\" \/><\/p>\n<p align=\"CENTER\"><span style=\"font-family: Times New Roman, serif;\"><span style=\"font-size: medium;\"><span style=\"color: #c00000;\"><span style=\"font-family: Arial Black, serif;\"><b>Uma l\u00e2mina de faces paralelas tamb\u00e9m dispersa luz<\/b><\/span><\/span><\/span><\/span><\/p>\n<p align=\"CENTER\"><img loading=\"lazy\" decoding=\"async\" src=\"http:\/\/fisicaevestibular.com.br\/novo\/wp-content\/uploads\/migracao\/formulario\/optica10\/0538946001548295668_optica10_html_5270e88d.png\" width=\"775\" height=\"271\" align=\"BOTTOM\" border=\"0\" \/><\/p>\n<p><img decoding=\"async\" src=\"http:\/\/fisicaevestibular.com.br\/novo\/wp-content\/uploads\/migracao\/formulario\/optica10\/0538946001548295668_optica10_html_m740d0bd0.png\" width=\"46\" height=\"23\" align=\"BOTTOM\" border=\"0\" \/><\/p>\n<p align=\"CENTER\"><span style=\"font-family: Times New Roman, serif;\"><span style=\"font-size: medium;\"><span style=\"color: #c00000;\"><span style=\"font-family: Arial Black, serif;\"><span style=\"font-size: large;\"><b>Associa\u00e7\u00e3o de l\u00e2minas de faces paralelas<\/b><\/span><\/span><\/span><\/span><\/span><\/p>\n<p align=\"CENTER\"><img loading=\"lazy\" decoding=\"async\" src=\"http:\/\/fisicaevestibular.com.br\/novo\/wp-content\/uploads\/migracao\/formulario\/optica10\/0538946001548295668_optica10_html_m4c77f246.png\" width=\"775\" height=\"217\" align=\"BOTTOM\" border=\"0\" \/><\/p>\n<p align=\"CENTER\"><span style=\"font-family: Times New Roman, serif;\"><span style=\"font-size: medium;\"><span style=\"color: #c00000;\"><span style=\"font-family: Arial Black, serif;\"><span style=\"font-size: large;\"><b>\u00a0<\/b><\/span><\/span><\/span><\/span><\/span><\/p>\n<p><a name=\"_GoBack\"><\/a><\/p>\n<p><span style=\"font-family: Times New Roman, serif;\"><span style=\"font-size: medium;\"><span style=\"color: #111111;\"><span style=\"font-family: Arial, serif;\"><b>\u00a0<\/b><\/span><\/span><\/span><\/span><\/p>\n","protected":false},"excerpt":{"rendered":"<p>Formul\u00e1rio completo de F\u00edsica com informa\u00e7\u00f5es \u00fateis (Dicas para vestibulares) \u00d3ptica geom\u00e9trica L\u00e2minas de faces paralelas Equa\u00e7\u00e3o do desvio lateral (d) de um raio de luz ao atravessar uma l\u00e2mina de faces paralelas Informa\u00e7\u00f5es \u00fateis (dicas para vestibulares) Imagem de um objeto vista atrav\u00e9s de uma l\u00e2mina de faces paralelas Uma l\u00e2mina de faces paralelas tamb\u00e9m dispersa luz Associa\u00e7\u00e3o de<\/p>\n","protected":false},"author":1,"featured_media":0,"parent":3987,"menu_order":0,"comment_status":"closed","ping_status":"closed","template":"","meta":{"om_disable_all_campaigns":false,"_monsterinsights_skip_tracking":false,"_monsterinsights_sitenote_active":false,"_monsterinsights_sitenote_note":"","_monsterinsights_sitenote_category":0,"footnotes":""},"class_list":["post-4321","page","type-page","status-publish","hentry"],"aioseo_notices":[],"_links":{"self":[{"href":"https:\/\/fisicaevestibular.com.br\/novo\/wp-json\/wp\/v2\/pages\/4321","targetHints":{"allow":["GET"]}}],"collection":[{"href":"https:\/\/fisicaevestibular.com.br\/novo\/wp-json\/wp\/v2\/pages"}],"about":[{"href":"https:\/\/fisicaevestibular.com.br\/novo\/wp-json\/wp\/v2\/types\/page"}],"author":[{"embeddable":true,"href":"https:\/\/fisicaevestibular.com.br\/novo\/wp-json\/wp\/v2\/users\/1"}],"replies":[{"embeddable":true,"href":"https:\/\/fisicaevestibular.com.br\/novo\/wp-json\/wp\/v2\/comments?post=4321"}],"version-history":[{"count":2,"href":"https:\/\/fisicaevestibular.com.br\/novo\/wp-json\/wp\/v2\/pages\/4321\/revisions"}],"predecessor-version":[{"id":10775,"href":"https:\/\/fisicaevestibular.com.br\/novo\/wp-json\/wp\/v2\/pages\/4321\/revisions\/10775"}],"up":[{"embeddable":true,"href":"https:\/\/fisicaevestibular.com.br\/novo\/wp-json\/wp\/v2\/pages\/3987"}],"wp:attachment":[{"href":"https:\/\/fisicaevestibular.com.br\/novo\/wp-json\/wp\/v2\/media?parent=4321"}],"curies":[{"name":"wp","href":"https:\/\/api.w.org\/{rel}","templated":true}]}}