{"id":4289,"date":"2019-01-24T01:14:32","date_gmt":"2019-01-24T01:14:32","guid":{"rendered":"http:\/\/fisicaevestibular.com.br\/novo\/?page_id=4289"},"modified":"2024-08-21T17:14:21","modified_gmt":"2024-08-21T17:14:21","slug":"acustica-01-acustica","status":"publish","type":"page","link":"https:\/\/fisicaevestibular.com.br\/novo\/formulario\/acustica-01-acustica\/","title":{"rendered":"Ac\u00fastica 01 &#8211; Ac\u00fastica"},"content":{"rendered":"<p>&nbsp;<\/p>\n<p style=\"margin-bottom: 0in; line-height: 100%;\" align=\"CENTER\"><span style=\"color: #0000cc;\"><span style=\"font-family: Arial Black, serif;\"><span style=\"font-size: large;\"><b>Formul\u00e1rio completo de F\u00edsica com informa\u00e7\u00f5es \u00fateis <\/b><\/span><\/span><\/span><\/p>\n<p style=\"margin-bottom: 0in; line-height: 100%;\" align=\"CENTER\"><span style=\"color: #c00000;\"><span style=\"font-family: Arial Black, serif;\"><span style=\"font-size: large;\"><b>(Dicas para vestibulares)<\/b><\/span><\/span><\/span><\/p>\n<p style=\"margin-bottom: 0in; line-height: 100%;\" align=\"CENTER\"><span style=\"color: #c00000;\"><span style=\"font-family: Viner Hand ITC, serif;\"><span style=\"font-size: x-large;\"><b>Ac\u00fastica 01<\/b><\/span><\/span><\/span><\/p>\n<p style=\"margin-bottom: 0in; background: #ffffff; line-height: 100%;\" align=\"CENTER\"><span style=\"color: #c00000;\"><span style=\"font-family: Arial Black, serif;\"><span style=\"font-size: large;\"><b>Ac\u00fastica<\/b><\/span><\/span><\/span><\/p>\n<p style=\"margin-bottom: 0in; line-height: 100%;\"><img fetchpriority=\"high\" decoding=\"async\" src=\"http:\/\/fisicaevestibular.com.br\/novo\/wp-content\/uploads\/migracao\/formulario\/acust01\/0313983001548234746_acust01_html_m7b4e5f37.png\" width=\"774\" height=\"182\" align=\"BOTTOM\" border=\"0\" \/><\/p>\n<p style=\"margin-bottom: 0in; background: #ffffff; line-height: 100%;\" align=\"CENTER\"><span style=\"font-family: Times New Roman, serif;\"><span style=\"font-size: medium;\"><span style=\"color: #c00000;\"><span style=\"font-family: Arial Black, serif;\"><span style=\"font-size: large;\"><b>Ondas sonoras (som)<\/b><\/span><\/span><\/span><\/span><\/span><\/p>\n<p style=\"margin-bottom: 0in; background: #ffffff; line-height: 100%;\" align=\"CENTER\"><img decoding=\"async\" src=\"http:\/\/fisicaevestibular.com.br\/novo\/wp-content\/uploads\/migracao\/formulario\/acust01\/0313983001548234746_acust01_html_b96d223.png\" width=\"778\" height=\"378\" align=\"BOTTOM\" border=\"0\" \/><\/p>\n<p style=\"margin-bottom: 0in; background: #ffffff; line-height: 100%;\" align=\"CENTER\"><span style=\"color: #c00000;\"><span style=\"font-family: Arial Black, serif;\"><span style=\"font-size: large;\"><b>Velocidade do som<\/b><\/span><\/span><\/span><\/p>\n<p style=\"margin-bottom: 0in; background: #ffffff; line-height: 100%;\" align=\"CENTER\"><img decoding=\"async\" src=\"http:\/\/fisicaevestibular.com.br\/novo\/wp-content\/uploads\/migracao\/formulario\/acust01\/0313983001548234746_acust01_html_43db1562.png\" width=\"775\" height=\"356\" align=\"BOTTOM\" border=\"0\" \/><\/p>\n<p style=\"margin-bottom: 0in; background: #ffffff; line-height: 100%;\" align=\"CENTER\"><span style=\"color: #c00000;\"><span style=\"font-family: Arial Black, serif;\"><span style=\"font-size: large;\"><b>Equa\u00e7\u00e3o fundamental da ondulat\u00f3ria para uma onda sonora<\/b><\/span><\/span><\/span><\/p>\n<p style=\"margin-bottom: 0.13in; background: #ffffff; line-height: 100%;\" align=\"CENTER\"><img loading=\"lazy\" decoding=\"async\" src=\"http:\/\/fisicaevestibular.com.br\/novo\/wp-content\/uploads\/migracao\/formulario\/acust01\/0313983001548234746_acust01_html_21f1da27.png\" width=\"623\" height=\"116\" align=\"BOTTOM\" border=\"0\" \/><\/p>\n<p style=\"margin-bottom: 0in; background: #ffffff; line-height: 100%;\" align=\"CENTER\"><span style=\"color: #c00000;\"><span style=\"font-family: Arial Black, serif;\"><span style=\"font-size: large;\">Fen\u00f4menos ondulat\u00f3rios sonoros<\/span><\/span><\/span><\/p>\n<p style=\"margin-bottom: 0in; line-height: 100%;\" align=\"CENTER\"><img loading=\"lazy\" decoding=\"async\" src=\"http:\/\/fisicaevestibular.com.br\/novo\/wp-content\/uploads\/migracao\/formulario\/acust01\/0313983001548234746_acust01_html_505f9a89.png\" width=\"775\" height=\"92\" align=\"BOTTOM\" border=\"0\" \/><\/p>\n<p style=\"margin-bottom: 0in; line-height: 100%;\" align=\"CENTER\"><span style=\"color: #c00000;\"><span style=\"font-family: Arial Black, serif;\"><span style=\"font-size: large;\"><b>Informa\u00e7\u00f5es \u00fateis <\/b><\/span><\/span><\/span><span style=\"color: #0000cc;\"><span style=\"font-family: Arial Black, serif;\"><span style=\"font-size: large;\"><b>(dicas para vestibulares)<\/b><\/span><\/span><\/span><\/p>\n<p style=\"margin-bottom: 0in; background: #ffffff; line-height: 100%;\"><img loading=\"lazy\" decoding=\"async\" src=\"http:\/\/fisicaevestibular.com.br\/novo\/wp-content\/uploads\/migracao\/formulario\/acust01\/0313983001548234746_acust01_html_m740d0bd0.png\" width=\"50\" height=\"25\" align=\"BOTTOM\" border=\"0\" \/><\/p>\n<p style=\"margin-bottom: 0in; background: #ffffff; line-height: 100%;\" align=\"CENTER\"><span style=\"color: #c00000;\"><span style=\"font-family: Arial Black, serif;\"><span style=\"font-size: large;\"><b>Eco<\/b><\/span><\/span><\/span><\/p>\n<p style=\"margin-bottom: 0in; background: #ffffff; line-height: 100%;\" align=\"CENTER\"><img loading=\"lazy\" decoding=\"async\" src=\"http:\/\/fisicaevestibular.com.br\/novo\/wp-content\/uploads\/migracao\/formulario\/acust01\/0313983001548234746_acust01_html_4aafd56e.png\" width=\"773\" height=\"264\" align=\"BOTTOM\" border=\"0\" \/><\/p>\n<p style=\"margin-bottom: 0in; line-height: 100%;\"><img loading=\"lazy\" decoding=\"async\" src=\"http:\/\/fisicaevestibular.com.br\/novo\/wp-content\/uploads\/migracao\/formulario\/acust01\/0313983001548234746_acust01_html_m740d0bd0.png\" width=\"50\" height=\"25\" align=\"BOTTOM\" border=\"0\" \/><\/p>\n<p style=\"margin-bottom: 0in; background: #ffffff; line-height: 100%;\" align=\"CENTER\"><span style=\"color: #c00000;\"><span style=\"font-family: Arial Black, serif;\"><span style=\"font-size: large;\"><b>Reverbera\u00e7\u00e3o<\/b><\/span><\/span><\/span><\/p>\n<p style=\"margin-bottom: 0in; background: #ffffff; line-height: 100%;\" align=\"CENTER\"><img loading=\"lazy\" decoding=\"async\" src=\"http:\/\/fisicaevestibular.com.br\/novo\/wp-content\/uploads\/migracao\/formulario\/acust01\/0313983001548234746_acust01_html_m46fa1e7b.png\" width=\"766\" height=\"258\" align=\"BOTTOM\" border=\"0\" \/><\/p>\n<p style=\"margin-bottom: 0in; line-height: 100%;\"><img loading=\"lazy\" decoding=\"async\" src=\"http:\/\/fisicaevestibular.com.br\/novo\/wp-content\/uploads\/migracao\/formulario\/acust01\/0313983001548234746_acust01_html_m740d0bd0.png\" width=\"50\" height=\"25\" align=\"BOTTOM\" border=\"0\" \/><\/p>\n<p style=\"margin-bottom: 0in; background: #ffffff; line-height: 100%;\" align=\"CENTER\"><span style=\"color: #c00000;\"><span style=\"font-family: Arial Black, serif;\"><span style=\"font-size: large;\"><b>Ecografia ou ultrassonografia\u00a0<\/b><\/span><\/span><\/span><\/p>\n<p style=\"margin-bottom: 0in; background: #ffffff; line-height: 100%;\" align=\"CENTER\"><img loading=\"lazy\" decoding=\"async\" src=\"http:\/\/fisicaevestibular.com.br\/novo\/wp-content\/uploads\/migracao\/formulario\/acust01\/0313983001548234746_acust01_html_40cc80e8.png\" width=\"773\" height=\"307\" align=\"BOTTOM\" border=\"0\" \/><\/p>\n<p style=\"margin-bottom: 0in; background: #ffffff; line-height: 100%;\"><img loading=\"lazy\" decoding=\"async\" src=\"http:\/\/fisicaevestibular.com.br\/novo\/wp-content\/uploads\/migracao\/formulario\/acust01\/0313983001548234746_acust01_html_m740d0bd0.png\" width=\"50\" height=\"25\" align=\"BOTTOM\" border=\"0\" \/><\/p>\n<p style=\"margin-bottom: 0in; background: #ffffff; line-height: 100%;\" align=\"CENTER\"><span style=\"color: #c00000;\"><span style=\"font-family: Arial Black, serif;\"><span style=\"font-size: large;\"><b>Compara\u00e7\u00e3o entre a velocidade do som e a velocidade da luz<\/b><\/span><\/span><\/span><\/p>\n<p style=\"margin-top: 0.13in; margin-bottom: 0.13in; background: #ffffff; line-height: 100%;\"><img loading=\"lazy\" decoding=\"async\" src=\"http:\/\/fisicaevestibular.com.br\/novo\/wp-content\/uploads\/migracao\/formulario\/acust01\/0313983001548234746_acust01_html_m6d54c39d.png\" width=\"780\" height=\"179\" align=\"BOTTOM\" border=\"0\" \/><\/p>\n<p style=\"margin-bottom: 0in; line-height: 100%;\"><img loading=\"lazy\" decoding=\"async\" src=\"http:\/\/fisicaevestibular.com.br\/novo\/wp-content\/uploads\/migracao\/formulario\/acust01\/0313983001548234746_acust01_html_m740d0bd0.png\" width=\"50\" height=\"25\" align=\"BOTTOM\" border=\"0\" \/><\/p>\n<p style=\"margin-bottom: 0in; background: #ffffff; line-height: 100%;\"><a name=\"_GoBack\"><\/a> <img loading=\"lazy\" decoding=\"async\" src=\"http:\/\/fisicaevestibular.com.br\/novo\/wp-content\/uploads\/migracao\/formulario\/acust01\/0313983001548234746_acust01_html_1ef95215.png\" width=\"774\" height=\"299\" align=\"BOTTOM\" border=\"0\" \/><\/p>\n<p style=\"margin-bottom: 0in; background: #ffffff; line-height: 100%;\">\n","protected":false},"excerpt":{"rendered":"<p>&nbsp; Formul\u00e1rio completo de F\u00edsica com informa\u00e7\u00f5es \u00fateis (Dicas para vestibulares) Ac\u00fastica 01 Ac\u00fastica Ondas sonoras (som) Velocidade do som Equa\u00e7\u00e3o fundamental da ondulat\u00f3ria para uma onda sonora Fen\u00f4menos ondulat\u00f3rios sonoros Informa\u00e7\u00f5es \u00fateis (dicas para vestibulares) Eco Reverbera\u00e7\u00e3o Ecografia ou ultrassonografia\u00a0 Compara\u00e7\u00e3o entre a velocidade do som e a velocidade da luz<\/p>\n","protected":false},"author":1,"featured_media":0,"parent":3987,"menu_order":0,"comment_status":"closed","ping_status":"closed","template":"","meta":{"om_disable_all_campaigns":false,"_monsterinsights_skip_tracking":false,"_monsterinsights_sitenote_active":false,"_monsterinsights_sitenote_note":"","_monsterinsights_sitenote_category":0,"footnotes":""},"class_list":["post-4289","page","type-page","status-publish","hentry"],"aioseo_notices":[],"_links":{"self":[{"href":"https:\/\/fisicaevestibular.com.br\/novo\/wp-json\/wp\/v2\/pages\/4289","targetHints":{"allow":["GET"]}}],"collection":[{"href":"https:\/\/fisicaevestibular.com.br\/novo\/wp-json\/wp\/v2\/pages"}],"about":[{"href":"https:\/\/fisicaevestibular.com.br\/novo\/wp-json\/wp\/v2\/types\/page"}],"author":[{"embeddable":true,"href":"https:\/\/fisicaevestibular.com.br\/novo\/wp-json\/wp\/v2\/users\/1"}],"replies":[{"embeddable":true,"href":"https:\/\/fisicaevestibular.com.br\/novo\/wp-json\/wp\/v2\/comments?post=4289"}],"version-history":[{"count":2,"href":"https:\/\/fisicaevestibular.com.br\/novo\/wp-json\/wp\/v2\/pages\/4289\/revisions"}],"predecessor-version":[{"id":10761,"href":"https:\/\/fisicaevestibular.com.br\/novo\/wp-json\/wp\/v2\/pages\/4289\/revisions\/10761"}],"up":[{"embeddable":true,"href":"https:\/\/fisicaevestibular.com.br\/novo\/wp-json\/wp\/v2\/pages\/3987"}],"wp:attachment":[{"href":"https:\/\/fisicaevestibular.com.br\/novo\/wp-json\/wp\/v2\/media?parent=4289"}],"curies":[{"name":"wp","href":"https:\/\/api.w.org\/{rel}","templated":true}]}}