{"id":4274,"date":"2018-12-23T13:24:50","date_gmt":"2018-12-23T13:24:50","guid":{"rendered":"http:\/\/fisicaevestibular.com.br\/novo\/?page_id=4274"},"modified":"2024-08-22T14:26:20","modified_gmt":"2024-08-22T14:26:20","slug":"ondulatoria-02-equacao-fundamental-da-ondulatoria","status":"publish","type":"page","link":"https:\/\/fisicaevestibular.com.br\/novo\/formulario\/ondulatoria-02-equacao-fundamental-da-ondulatoria\/","title":{"rendered":"Ondulat\u00f3ria 02 &#8211; Equa\u00e7\u00e3o fundamental da ondulat\u00f3ria"},"content":{"rendered":"<p align=\"CENTER\"><span style=\"color: #0000cc;\"><span style=\"font-family: Arial Black, serif;\"><span style=\"font-size: large;\"><b>Formul\u00e1rio completo de F\u00edsica com informa\u00e7\u00f5es \u00fateis <\/b><\/span><\/span><\/span><\/p>\n<p align=\"CENTER\"><span style=\"color: #c00000;\"><span style=\"font-family: Arial Black, serif;\"><span style=\"font-size: large;\"><b>(Dicas para vestibulares)<\/b><\/span><\/span><\/span><\/p>\n<p align=\"CENTER\"><span style=\"color: #c00000;\"><span style=\"font-family: Viner Hand ITC, serif;\"><span style=\"font-size: x-large;\"><b>Ondulat\u00f3ria 02<\/b><\/span><\/span><\/span><\/p>\n<p align=\"CENTER\"><span style=\"color: #c00000;\"><span style=\"font-family: Arial Black, serif;\"><span style=\"font-size: large;\"><b>Equa\u00e7\u00e3o fundamental da ondulat\u00f3ria<\/b><\/span><\/span><\/span><img fetchpriority=\"high\" decoding=\"async\" src=\"http:\/\/fisicaevestibular.com.br\/novo\/wp-content\/uploads\/universidades-2018\/formulario\/ond02\/0076768001545571313_ond02_html_530bf296.png\" width=\"771\" height=\"349\" align=\"BOTTOM\" border=\"0\" \/><\/p>\n<p align=\"CENTER\"><span style=\"color: #c00000;\"><span style=\"font-family: Arial Black, serif;\"><span style=\"font-size: large;\"><b>For\u00e7a de tra\u00e7\u00e3o na corda<\/b><\/span><\/span><\/span><\/p>\n<p align=\"CENTER\"><img decoding=\"async\" src=\"http:\/\/fisicaevestibular.com.br\/novo\/wp-content\/uploads\/universidades-2018\/formulario\/ond02\/0076768001545571313_ond02_html_4b50f0df.png\" width=\"781\" height=\"234\" align=\"BOTTOM\" border=\"0\" \/><\/p>\n<p align=\"CENTER\"><span style=\"color: #c00000;\"><span style=\"font-family: Arial Black, serif;\"><span style=\"font-size: large;\"><b>Rela\u00e7\u00e3o entre o per\u00edodo T e a frequ\u00eancia f<\/b><\/span><\/span><\/span><\/p>\n<p align=\"CENTER\"><img decoding=\"async\" src=\"http:\/\/fisicaevestibular.com.br\/novo\/wp-content\/uploads\/universidades-2018\/formulario\/ond02\/0076768001545571313_ond02_html_m64178e99.png\" width=\"776\" height=\"102\" align=\"BOTTOM\" border=\"0\" \/><\/p>\n<p align=\"CENTER\"><a name=\"_GoBack\"><\/a> <span style=\"color: #c00000;\"><span style=\"font-family: Arial Black, serif;\"><span style=\"font-size: large;\"><b>Informa\u00e7\u00f5es \u00fateis <\/b><\/span><\/span><\/span><span style=\"color: #0000cc;\"><span style=\"font-family: Arial Black, serif;\"><span style=\"font-size: large;\"><b>(dicas para vestibulares)<\/b><\/span><\/span><\/span><\/p>\n<p><img loading=\"lazy\" decoding=\"async\" src=\"http:\/\/fisicaevestibular.com.br\/novo\/wp-content\/uploads\/universidades-2018\/formulario\/ond02\/0076768001545571313_ond02_html_m740d0bd0.png\" width=\"50\" height=\"25\" align=\"BOTTOM\" border=\"0\" \/><\/p>\n<p><span style=\"color: #c00000;\"><span style=\"font-family: Arial Black, serif;\"><span style=\"font-size: medium;\"><b>Se o\u00a0<\/b><\/span><\/span><\/span><span style=\"color: #0000cc;\"><span style=\"font-family: Arial Black, serif;\"><span style=\"font-size: medium;\"><b>meio \u00e9 o mesmo, V,\u00a0\u03bb\u00a0e f\u00a0<\/b><\/span><\/span><\/span><span style=\"color: #c00000;\"><span style=\"font-family: Arial Black, serif;\"><span style=\"font-size: medium;\"><b>tamb\u00e9m\u00a0<\/b><\/span><\/span><\/span><span style=\"color: #0000cc;\"><span style=\"font-family: Arial Black, serif;\"><span style=\"font-size: medium;\"><b>s\u00e3o os mesmos<\/b><\/span><\/span><\/span><span style=\"color: #0000cc;\"><span style=\"font-family: inherit, serif;\"><span style=\"font-size: large;\"><b>.<\/b><\/span><\/span><\/span><\/p>\n<p><img loading=\"lazy\" decoding=\"async\" src=\"http:\/\/fisicaevestibular.com.br\/novo\/wp-content\/uploads\/universidades-2018\/formulario\/ond02\/0076768001545571313_ond02_html_m740d0bd0.png\" width=\"50\" height=\"25\" align=\"BOTTOM\" border=\"0\" \/><\/p>\n<p><span style=\"color: #c00000;\"><span style=\"font-family: Arial Black, serif;\"><b>A\u00a0<\/b><\/span><\/span><span style=\"color: #0000cc;\"><span style=\"font-family: Arial Black, serif;\"><b>amplitude A n\u00e3o est\u00e1 relacionada com V, f e \u03bb, mas apenas com a quantidade de energia transportada\u00a0<\/b><\/span><\/span><span style=\"color: #c00000;\"><span style=\"font-family: Arial Black, serif;\"><b>pela onda.\u00a0<\/b><\/span><\/span><span style=\"color: #0000cc;\"><span style=\"font-family: Arial Black, serif;\"><b>Quanto maior a energia, maior a amplitude e vice-versa.<\/b><\/span><\/span><\/p>\n<p><span style=\"color: #c00000;\">\u00a0<\/span><\/p>\n<p><span style=\"color: #c00000;\">\u00a0<\/span><\/p>\n<p>&nbsp;<\/p>\n","protected":false},"excerpt":{"rendered":"<p>Formul\u00e1rio completo de F\u00edsica com informa\u00e7\u00f5es \u00fateis (Dicas para vestibulares) Ondulat\u00f3ria 02 Equa\u00e7\u00e3o fundamental da ondulat\u00f3ria For\u00e7a de tra\u00e7\u00e3o na corda Rela\u00e7\u00e3o entre o per\u00edodo T e a frequ\u00eancia f Informa\u00e7\u00f5es \u00fateis (dicas para vestibulares) Se o\u00a0meio \u00e9 o mesmo, V,\u00a0\u03bb\u00a0e f\u00a0tamb\u00e9m\u00a0s\u00e3o os mesmos. A\u00a0amplitude A n\u00e3o est\u00e1 relacionada com V, f e \u03bb, mas apenas com a quantidade de<\/p>\n","protected":false},"author":1,"featured_media":0,"parent":3987,"menu_order":0,"comment_status":"closed","ping_status":"closed","template":"","meta":{"om_disable_all_campaigns":false,"_monsterinsights_skip_tracking":false,"_monsterinsights_sitenote_active":false,"_monsterinsights_sitenote_note":"","_monsterinsights_sitenote_category":0,"footnotes":""},"class_list":["post-4274","page","type-page","status-publish","hentry"],"aioseo_notices":[],"_links":{"self":[{"href":"https:\/\/fisicaevestibular.com.br\/novo\/wp-json\/wp\/v2\/pages\/4274","targetHints":{"allow":["GET"]}}],"collection":[{"href":"https:\/\/fisicaevestibular.com.br\/novo\/wp-json\/wp\/v2\/pages"}],"about":[{"href":"https:\/\/fisicaevestibular.com.br\/novo\/wp-json\/wp\/v2\/types\/page"}],"author":[{"embeddable":true,"href":"https:\/\/fisicaevestibular.com.br\/novo\/wp-json\/wp\/v2\/users\/1"}],"replies":[{"embeddable":true,"href":"https:\/\/fisicaevestibular.com.br\/novo\/wp-json\/wp\/v2\/comments?post=4274"}],"version-history":[{"count":1,"href":"https:\/\/fisicaevestibular.com.br\/novo\/wp-json\/wp\/v2\/pages\/4274\/revisions"}],"predecessor-version":[{"id":4275,"href":"https:\/\/fisicaevestibular.com.br\/novo\/wp-json\/wp\/v2\/pages\/4274\/revisions\/4275"}],"up":[{"embeddable":true,"href":"https:\/\/fisicaevestibular.com.br\/novo\/wp-json\/wp\/v2\/pages\/3987"}],"wp:attachment":[{"href":"https:\/\/fisicaevestibular.com.br\/novo\/wp-json\/wp\/v2\/media?parent=4274"}],"curies":[{"name":"wp","href":"https:\/\/api.w.org\/{rel}","templated":true}]}}