{"id":4266,"date":"2018-12-22T02:48:15","date_gmt":"2018-12-22T02:48:15","guid":{"rendered":"http:\/\/fisicaevestibular.com.br\/novo\/?page_id=4266"},"modified":"2024-08-22T13:35:10","modified_gmt":"2024-08-22T13:35:10","slug":"eletromagnetismo-06-fluxo-magnetico-inducao-eletromagnetica-sentido-da-corrente-eletrica-induzida","status":"publish","type":"page","link":"https:\/\/fisicaevestibular.com.br\/novo\/formulario\/eletromagnetismo-06-fluxo-magnetico-inducao-eletromagnetica-sentido-da-corrente-eletrica-induzida\/","title":{"rendered":"Eletromagnetismo 06 &#8211; Fluxo Magn\u00e9tico \u2013 Indu\u00e7\u00e3o Eletromagn\u00e9tica \u2013 Sentido da corrente el\u00e9trica induzida"},"content":{"rendered":"<p align=\"CENTER\"><span style=\"color: #0000cc;\"><span style=\"font-family: Arial Black, serif;\"><span style=\"font-size: large;\"><b>Formul\u00e1rio completo de F\u00edsica com informa\u00e7\u00f5es \u00fateis <\/b><\/span><\/span><\/span><\/p>\n<p align=\"CENTER\"><span style=\"color: #c00000;\"><span style=\"font-family: Arial Black, serif;\"><span style=\"font-size: large;\"><b>(Dicas para vestibulares)<\/b><\/span><\/span><\/span><\/p>\n<p align=\"CENTER\"><span style=\"color: #c00000;\"><span style=\"font-family: Viner Hand ITC, serif;\"><span style=\"font-size: x-large;\"><b>Eletromagnetismo 06<\/b><\/span><\/span><\/span><\/p>\n<p align=\"CENTER\"><span style=\"color: #0000cc;\"><span style=\"font-family: Arial Black, serif;\"><span style=\"font-size: large;\"><b>Fluxo Magn\u00e9tico \u2013 Indu\u00e7\u00e3o Eletromagn\u00e9tica \u2013 Sentido da corrente el\u00e9trica induzida<\/b><\/span><\/span><\/span><\/p>\n<p align=\"CENTER\"><span style=\"color: #c00000;\">\u00a0<span style=\"font-family: Times New Roman, serif;\"><span style=\"font-size: medium;\"><span style=\"font-family: Arial Black, serif;\"><span style=\"font-size: large;\"><b>Leis qualitativas sobre a indu\u00e7\u00e3o eletromagn\u00e9tica<\/b><\/span><\/span><\/span><\/span><\/span><\/p>\n<p align=\"CENTER\"><img fetchpriority=\"high\" decoding=\"async\" src=\"http:\/\/fisicaevestibular.com.br\/novo\/wp-content\/uploads\/universidades-2018\/formulario\/eletromag06\/0300934001545446831_eletromag6_html_m3a7f9dea.png\" width=\"693\" height=\"99\" align=\"BOTTOM\" border=\"0\" \/><\/p>\n<p align=\"CENTER\"><span style=\"color: #c00000;\"><span style=\"font-family: Arial Black, serif;\"><span style=\"font-size: large;\"><b>Fluxo Magn\u00e9tico (\u0424)<\/b><\/span><\/span><\/span><\/p>\n<p align=\"CENTER\"><img decoding=\"async\" src=\"http:\/\/fisicaevestibular.com.br\/novo\/wp-content\/uploads\/universidades-2018\/formulario\/eletromag06\/0300934001545446831_eletromag6_html_m13af800e.png\" width=\"783\" height=\"379\" align=\"BOTTOM\" border=\"0\" \/><\/p>\n<p align=\"CENTER\"><span style=\"color: #c00000;\"><span style=\"font-family: Arial Black, serif;\"><span style=\"font-size: large;\">Conceito de fluxo magn\u00e9tico (\u0424)<\/span><\/span><\/span><\/p>\n<p align=\"CENTER\"><img decoding=\"async\" src=\"http:\/\/fisicaevestibular.com.br\/novo\/wp-content\/uploads\/universidades-2018\/formulario\/eletromag06\/0300934001545446831_eletromag6_html_m6a46a5e6.png\" width=\"775\" height=\"217\" align=\"BOTTOM\" border=\"0\" \/><\/p>\n<p align=\"CENTER\"><span style=\"color: #0000cc;\"><span style=\"font-family: Arial Black, serif;\"><span style=\"font-size: large;\"><b>Lei de Lenz<\/b><\/span><\/span><\/span><\/p>\n<p><span style=\"color: #c00000;\">\u00a0<\/span><span style=\"color: #0000cc;\">\u201c<span style=\"font-family: Arial Black, serif;\"><span style=\"font-size: large;\"><b>O sentido da corrente el\u00e9trica induzida \u00e9 tal que, por seus efeitos, op\u00f5e-se \u00e0 causa que lhe deu origem\u201d<\/b><\/span><\/span><\/span><\/p>\n<p align=\"CENTER\"><span style=\"color: #c00000;\"><span style=\"font-family: Arial Black, serif;\"><span style=\"font-size: large;\"><b>Exemplos, que permitem calcular o sentido da corrente el\u00e9trica induzida atrav\u00e9s da aplica\u00e7\u00e3o da lei de Lenz:<\/b><\/span><\/span><\/span><\/p>\n<p align=\"CENTER\"><span style=\"color: #c00000;\"><span style=\"font-family: Arial Black, serif;\"><span style=\"font-size: large;\"><b>1<\/b><\/span><\/span><\/span><span style=\"color: #c00000;\"><sup><span style=\"font-family: Arial Black, serif;\"><span style=\"font-size: large;\"><b>o<\/b><\/span><\/span><\/sup><\/span><span style=\"color: #c00000;\"><span style=\"font-family: Arial Black, serif;\"><span style=\"font-size: large;\"><b> Exemplo<\/b><\/span><\/span><\/span><\/p>\n<p align=\"CENTER\"><img loading=\"lazy\" decoding=\"async\" src=\"http:\/\/fisicaevestibular.com.br\/novo\/wp-content\/uploads\/universidades-2018\/formulario\/eletromag06\/0300934001545446831_eletromag6_html_59686a95.png\" width=\"778\" height=\"536\" align=\"BOTTOM\" border=\"0\" \/><\/p>\n<p align=\"CENTER\"><span style=\"color: #c00000;\"><span style=\"font-family: Arial Black, serif;\"><span style=\"font-size: large;\"><b>2<\/b><\/span><\/span><\/span><span style=\"color: #c00000;\"><sup><span style=\"font-family: Arial Black, serif;\"><span style=\"font-size: large;\"><b>o<\/b><\/span><\/span><\/sup><\/span><span style=\"color: #c00000;\"><span style=\"font-family: Arial Black, serif;\"><span style=\"font-size: large;\"><b> exemplo<\/b><\/span><\/span><\/span><\/p>\n<p align=\"CENTER\"><img loading=\"lazy\" decoding=\"async\" src=\"http:\/\/fisicaevestibular.com.br\/novo\/wp-content\/uploads\/universidades-2018\/formulario\/eletromag06\/0300934001545446831_eletromag6_html_m25b596a7.png\" width=\"775\" height=\"615\" align=\"BOTTOM\" border=\"0\" \/><\/p>\n<p align=\"CENTER\"><span style=\"color: #c00000;\"><span style=\"font-family: Arial Black, serif;\"><span style=\"font-size: large;\">Informa\u00e7\u00f5es \u00fateis <\/span><\/span><\/span><span style=\"color: #0000cc;\"><span style=\"font-family: Arial Black, serif;\"><span style=\"font-size: large;\">(dicas para vestibulares)<\/span><\/span><\/span><\/p>\n<p><img loading=\"lazy\" decoding=\"async\" src=\"http:\/\/fisicaevestibular.com.br\/novo\/wp-content\/uploads\/universidades-2018\/formulario\/eletromag06\/0300934001545446831_eletromag6_html_m740d0bd0.png\" width=\"42\" height=\"21\" align=\"BOTTOM\" border=\"0\" \/><\/p>\n<p align=\"CENTER\"><span style=\"font-family: Times New Roman, serif;\"><span style=\"font-size: medium;\"><span style=\"color: #c00000;\"><span style=\"font-family: Arial Black, serif;\"><span style=\"font-size: large;\"><b>Geradores Mec\u00e2nicos<\/b><\/span><\/span><\/span><\/span><\/span><\/p>\n<p><img loading=\"lazy\" decoding=\"async\" src=\"http:\/\/fisicaevestibular.com.br\/novo\/wp-content\/uploads\/universidades-2018\/formulario\/eletromag06\/0300934001545446831_eletromag6_html_m224a4904.png\" width=\"775\" height=\"193\" align=\"BOTTOM\" border=\"0\" \/><\/p>\n<p><img loading=\"lazy\" decoding=\"async\" src=\"http:\/\/fisicaevestibular.com.br\/novo\/wp-content\/uploads\/universidades-2018\/formulario\/eletromag06\/0300934001545446831_eletromag6_html_m388541c7.png\" width=\"775\" height=\"357\" align=\"BOTTOM\" border=\"0\" \/><\/p>\n<p><img loading=\"lazy\" decoding=\"async\" src=\"http:\/\/fisicaevestibular.com.br\/novo\/wp-content\/uploads\/universidades-2018\/formulario\/eletromag06\/0300934001545446831_eletromag6_html_5a143869.png\" width=\"790\" height=\"106\" align=\"BOTTOM\" border=\"0\" \/><\/p>\n<p><img loading=\"lazy\" decoding=\"async\" src=\"http:\/\/fisicaevestibular.com.br\/novo\/wp-content\/uploads\/universidades-2018\/formulario\/eletromag06\/0300934001545446831_eletromag6_html_6fb44247.png\" width=\"781\" height=\"359\" align=\"BOTTOM\" border=\"0\" \/><\/p>\n<p><img loading=\"lazy\" decoding=\"async\" src=\"http:\/\/fisicaevestibular.com.br\/novo\/wp-content\/uploads\/universidades-2018\/formulario\/eletromag06\/0300934001545446831_eletromag6_html_m5dca43f2.png\" width=\"775\" height=\"56\" align=\"BOTTOM\" border=\"0\" \/><\/p>\n<p>&nbsp;<\/p>\n<p>&nbsp;<\/p>\n<p>&nbsp;<\/p>\n<p>&nbsp;<\/p>\n<p>&nbsp;<\/p>\n<p>&nbsp;<\/p>\n<p>&nbsp;<\/p>\n<p>&nbsp;<\/p>\n<p>&nbsp;<\/p>\n<p>&nbsp;<\/p>\n<p>&nbsp;<\/p>\n<p>&nbsp;<\/p>\n<p>&nbsp;<\/p>\n<p>&nbsp;<\/p>\n<p>&nbsp;<\/p>\n<p>&nbsp;<\/p>\n<p>&nbsp;<\/p>\n<p>&nbsp;<\/p>\n<p>&nbsp;<\/p>\n<p>&nbsp;<\/p>\n<p>&nbsp;<\/p>\n<p>&nbsp;<\/p>\n<p>&nbsp;<\/p>\n<p>&nbsp;<\/p>\n<p><a name=\"_GoBack\"><\/a><\/p>\n<p><span style=\"font-family: Times New Roman, serif;\"><span style=\"font-size: medium;\"><span style=\"color: #0000cc;\"><span style=\"font-family: Arial, serif;\"><b>.<\/b><\/span><\/span><\/span><\/span><\/p>\n<p><span style=\"color: #c00000;\">\u00a0<\/span><\/p>\n<p>&nbsp;<\/p>\n","protected":false},"excerpt":{"rendered":"<p>Formul\u00e1rio completo de F\u00edsica com informa\u00e7\u00f5es \u00fateis (Dicas para vestibulares) Eletromagnetismo 06 Fluxo Magn\u00e9tico \u2013 Indu\u00e7\u00e3o Eletromagn\u00e9tica \u2013 Sentido da corrente el\u00e9trica induzida \u00a0Leis qualitativas sobre a indu\u00e7\u00e3o eletromagn\u00e9tica Fluxo Magn\u00e9tico (\u0424) Conceito de fluxo magn\u00e9tico (\u0424) Lei de Lenz \u00a0\u201cO sentido da corrente el\u00e9trica induzida \u00e9 tal que, por seus efeitos, op\u00f5e-se \u00e0 causa que lhe deu origem\u201d Exemplos,<\/p>\n","protected":false},"author":1,"featured_media":0,"parent":3987,"menu_order":0,"comment_status":"closed","ping_status":"closed","template":"","meta":{"om_disable_all_campaigns":false,"_monsterinsights_skip_tracking":false,"_monsterinsights_sitenote_active":false,"_monsterinsights_sitenote_note":"","_monsterinsights_sitenote_category":0,"footnotes":""},"class_list":["post-4266","page","type-page","status-publish","hentry"],"aioseo_notices":[],"_links":{"self":[{"href":"https:\/\/fisicaevestibular.com.br\/novo\/wp-json\/wp\/v2\/pages\/4266","targetHints":{"allow":["GET"]}}],"collection":[{"href":"https:\/\/fisicaevestibular.com.br\/novo\/wp-json\/wp\/v2\/pages"}],"about":[{"href":"https:\/\/fisicaevestibular.com.br\/novo\/wp-json\/wp\/v2\/types\/page"}],"author":[{"embeddable":true,"href":"https:\/\/fisicaevestibular.com.br\/novo\/wp-json\/wp\/v2\/users\/1"}],"replies":[{"embeddable":true,"href":"https:\/\/fisicaevestibular.com.br\/novo\/wp-json\/wp\/v2\/comments?post=4266"}],"version-history":[{"count":1,"href":"https:\/\/fisicaevestibular.com.br\/novo\/wp-json\/wp\/v2\/pages\/4266\/revisions"}],"predecessor-version":[{"id":4267,"href":"https:\/\/fisicaevestibular.com.br\/novo\/wp-json\/wp\/v2\/pages\/4266\/revisions\/4267"}],"up":[{"embeddable":true,"href":"https:\/\/fisicaevestibular.com.br\/novo\/wp-json\/wp\/v2\/pages\/3987"}],"wp:attachment":[{"href":"https:\/\/fisicaevestibular.com.br\/novo\/wp-json\/wp\/v2\/media?parent=4266"}],"curies":[{"name":"wp","href":"https:\/\/api.w.org\/{rel}","templated":true}]}}