{"id":4230,"date":"2018-11-14T02:09:42","date_gmt":"2018-11-14T02:09:42","guid":{"rendered":"http:\/\/fisicaevestibular.com.br\/novo\/?page_id=4230"},"modified":"2024-08-22T13:05:33","modified_gmt":"2024-08-22T13:05:33","slug":"eletrodinamica-02-energia-eletrica-potencia-eletrica","status":"publish","type":"page","link":"https:\/\/fisicaevestibular.com.br\/novo\/formulario\/eletrodinamica-02-energia-eletrica-potencia-eletrica\/","title":{"rendered":"Eletrodin\u00e2mica 02 &#8211; Energia El\u00e9trica \u2013 Pot\u00eancia El\u00e9trica"},"content":{"rendered":"<p align=\"CENTER\"><span style=\"color: #0000cc;\"><span style=\"font-family: Arial Black, serif;\"><span style=\"font-size: large;\"><b>Formul\u00e1rio completo de F\u00edsica com informa\u00e7\u00f5es \u00fateis <\/b><\/span><\/span><\/span><\/p>\n<p align=\"CENTER\"><span style=\"color: #c00000;\"><span style=\"font-family: Arial Black, serif;\"><span style=\"font-size: large;\"><b>(Dicas para vestibulares)<\/b><\/span><\/span><\/span><\/p>\n<p align=\"CENTER\"><span style=\"color: #c00000;\"><span style=\"font-family: Viner Hand ITC, serif;\"><span style=\"font-size: x-large;\"><b>Eletrodin\u00e2mica 02<\/b><\/span><\/span><\/span><\/p>\n<p align=\"CENTER\"><span style=\"color: #0000cc;\"><span style=\"font-family: Arial Black, serif;\"><span style=\"font-size: large;\"><b>Energia El\u00e9trica \u2013 Pot\u00eancia El\u00e9trica<\/b><\/span><\/span><\/span><\/p>\n<p align=\"CENTER\"><span style=\"color: #c00000;\"><span style=\"font-family: Arial Black, serif;\"><span style=\"font-size: large;\"><b>Energia El\u00e9trica<\/b><\/span><\/span><\/span><\/p>\n<p align=\"CENTER\"><img fetchpriority=\"high\" decoding=\"async\" src=\"http:\/\/fisicaevestibular.com.br\/novo\/wp-content\/uploads\/migracao\/formulario\/eletrodin02\/0596046001542161093_eletrodin2_html_2816c55e.png\" width=\"782\" height=\"370\" align=\"BOTTOM\" border=\"0\" \/><\/p>\n<p align=\"CENTER\"><span style=\"color: #c00000;\"><span style=\"font-family: Arial Black, serif;\"><span style=\"font-size: large;\"><b>Pot\u00eancia El\u00e9trica (P<\/b><\/span><\/span><\/span><span style=\"color: #c00000;\"><sub><span style=\"font-family: Arial Black, serif;\"><span style=\"font-size: large;\"><b>o<\/b><\/span><\/span><\/sub><\/span><span style=\"color: #c00000;\"><span style=\"font-family: Arial Black, serif;\"><span style=\"font-size: large;\"><b>)<\/b><\/span><\/span><\/span><\/p>\n<p><img decoding=\"async\" src=\"http:\/\/fisicaevestibular.com.br\/novo\/wp-content\/uploads\/migracao\/formulario\/eletrodin02\/0596046001542161093_eletrodin2_html_22fef4e2.png\" width=\"780\" height=\"169\" align=\"BOTTOM\" border=\"0\" \/><\/p>\n<p align=\"CENTER\"><span style=\"color: #c00000;\"><span style=\"font-family: Arial Black, serif;\"><span style=\"font-size: large;\"><b>Rela\u00e7\u00e3o entre pot\u00eancia el\u00e9trica (P<\/b><\/span><\/span><\/span><span style=\"color: #c00000;\"><sub><span style=\"font-family: Arial Black, serif;\"><span style=\"font-size: large;\"><b>o<\/b><\/span><\/span><\/sub><\/span><span style=\"color: #c00000;\"><span style=\"font-family: Arial Black, serif;\"><span style=\"font-size: large;\"><b>), corrente el\u00e9trica (i) e diferen\u00e7a de potencial, tens\u00e3o ou voltagem (U)<\/b><\/span><\/span><\/span><\/p>\n<p align=\"CENTER\"><img decoding=\"async\" src=\"http:\/\/fisicaevestibular.com.br\/novo\/wp-content\/uploads\/migracao\/formulario\/eletrodin02\/0596046001542161093_eletrodin2_html_4e183478.png\" width=\"779\" height=\"274\" align=\"BOTTOM\" border=\"0\" \/><\/p>\n<p align=\"CENTER\"><span style=\"color: #c00000;\"><span style=\"font-family: Arial Black, serif;\"><span style=\"font-size: large;\"><b>Consumo de energia el\u00e9trica (kWh)<\/b><\/span><\/span><\/span><\/p>\n<p align=\"CENTER\"><img loading=\"lazy\" decoding=\"async\" src=\"http:\/\/fisicaevestibular.com.br\/novo\/wp-content\/uploads\/migracao\/formulario\/eletrodin02\/0596046001542161093_eletrodin2_html_77161751.png\" width=\"783\" height=\"328\" align=\"BOTTOM\" border=\"0\" \/><\/p>\n<p align=\"CENTER\"><span style=\"color: #c00000;\"><span style=\"font-family: Arial Black, serif;\"><span style=\"font-size: large;\"><b>Informa\u00e7\u00f5es \u00fateis <\/b><\/span><\/span><\/span><span style=\"color: #0000cc;\"><span style=\"font-family: Arial Black, serif;\"><span style=\"font-size: large;\"><b>(dicas para vestibulares)<\/b><\/span><\/span><\/span><\/p>\n<p><img loading=\"lazy\" decoding=\"async\" src=\"http:\/\/fisicaevestibular.com.br\/novo\/wp-content\/uploads\/migracao\/formulario\/eletrodin02\/0596046001542161093_eletrodin2_html_m740d0bd0.png\" width=\"42\" height=\"21\" align=\"BOTTOM\" border=\"0\" \/><\/p>\n<p><img loading=\"lazy\" decoding=\"async\" src=\"http:\/\/fisicaevestibular.com.br\/novo\/wp-content\/uploads\/migracao\/formulario\/eletrodin02\/0596046001542161093_eletrodin2_html_5730b594.png\" width=\"775\" height=\"224\" align=\"BOTTOM\" border=\"0\" \/><\/p>\n<p><span style=\"color: #c00000;\"><span style=\"font-family: Arial Black, serif;\"><span style=\"font-size: medium;\"><b>Em\u00a0<\/b><\/span><\/span><\/span><span style=\"color: #0000cc;\"><span style=\"font-family: Arial Black, serif;\"><span style=\"font-size: medium;\"><b>toda embalagem deve vir:<\/b><\/span><\/span><\/span><span style=\"color: #111111;\"><span style=\"font-family: Arial Black, serif;\"><span style=\"font-size: medium;\"><b>\u00a0<\/b><\/span><\/span><\/span><span style=\"color: #0000cc;\"><span style=\"font-family: Arial Black, serif;\"><span style=\"font-size: medium;\"><b>Marca do fabricante, pot\u00eancia (W), tens\u00e3o (V), efici\u00eancia <\/b><\/span><\/span><\/span><\/p>\n<p align=\"CENTER\"><a name=\"_GoBack\"><\/a> <img loading=\"lazy\" decoding=\"async\" src=\"http:\/\/fisicaevestibular.com.br\/novo\/wp-content\/uploads\/migracao\/formulario\/eletrodin02\/0596046001542161093_eletrodin2_html_202db71d.png\" width=\"779\" height=\"243\" align=\"BOTTOM\" border=\"0\" \/><\/p>\n<p><span style=\"color: #0000cc;\"><span style=\"font-family: Arial Black, serif;\"><span style=\"font-size: medium;\"><b>em l\u00famens por Watts (lm\/W)<\/b><\/span><\/span><\/span><span style=\"color: #111111;\"><span style=\"font-family: Arial Black, serif;\"><span style=\"font-size: medium;\"><b>\u00a0<\/b><\/span><\/span><\/span><span style=\"color: #0000cc;\"><span style=\"font-family: Arial Black, serif;\"><span style=\"font-size: medium;\"><b>e corrente eficaz (A).<\/b><\/span><\/span><\/span><\/p>\n","protected":false},"excerpt":{"rendered":"<p>Formul\u00e1rio completo de F\u00edsica com informa\u00e7\u00f5es \u00fateis (Dicas para vestibulares) Eletrodin\u00e2mica 02 Energia El\u00e9trica \u2013 Pot\u00eancia El\u00e9trica Energia El\u00e9trica Pot\u00eancia El\u00e9trica (Po) Rela\u00e7\u00e3o entre pot\u00eancia el\u00e9trica (Po), corrente el\u00e9trica (i) e diferen\u00e7a de potencial, tens\u00e3o ou voltagem (U) Consumo de energia el\u00e9trica (kWh) Informa\u00e7\u00f5es \u00fateis (dicas para vestibulares) Em\u00a0toda embalagem deve vir:\u00a0Marca do fabricante, pot\u00eancia (W), tens\u00e3o (V), efici\u00eancia em<\/p>\n","protected":false},"author":1,"featured_media":0,"parent":3987,"menu_order":0,"comment_status":"closed","ping_status":"closed","template":"","meta":{"om_disable_all_campaigns":false,"_monsterinsights_skip_tracking":false,"_monsterinsights_sitenote_active":false,"_monsterinsights_sitenote_note":"","_monsterinsights_sitenote_category":0,"footnotes":""},"class_list":["post-4230","page","type-page","status-publish","hentry"],"aioseo_notices":[],"_links":{"self":[{"href":"https:\/\/fisicaevestibular.com.br\/novo\/wp-json\/wp\/v2\/pages\/4230","targetHints":{"allow":["GET"]}}],"collection":[{"href":"https:\/\/fisicaevestibular.com.br\/novo\/wp-json\/wp\/v2\/pages"}],"about":[{"href":"https:\/\/fisicaevestibular.com.br\/novo\/wp-json\/wp\/v2\/types\/page"}],"author":[{"embeddable":true,"href":"https:\/\/fisicaevestibular.com.br\/novo\/wp-json\/wp\/v2\/users\/1"}],"replies":[{"embeddable":true,"href":"https:\/\/fisicaevestibular.com.br\/novo\/wp-json\/wp\/v2\/comments?post=4230"}],"version-history":[{"count":1,"href":"https:\/\/fisicaevestibular.com.br\/novo\/wp-json\/wp\/v2\/pages\/4230\/revisions"}],"predecessor-version":[{"id":4231,"href":"https:\/\/fisicaevestibular.com.br\/novo\/wp-json\/wp\/v2\/pages\/4230\/revisions\/4231"}],"up":[{"embeddable":true,"href":"https:\/\/fisicaevestibular.com.br\/novo\/wp-json\/wp\/v2\/pages\/3987"}],"wp:attachment":[{"href":"https:\/\/fisicaevestibular.com.br\/novo\/wp-json\/wp\/v2\/media?parent=4230"}],"curies":[{"name":"wp","href":"https:\/\/api.w.org\/{rel}","templated":true}]}}