{"id":4205,"date":"2018-09-06T18:10:50","date_gmt":"2018-09-06T18:10:50","guid":{"rendered":"http:\/\/fisicaevestibular.com.br\/novo\/?page_id=4205"},"modified":"2024-08-22T13:43:06","modified_gmt":"2024-08-22T13:43:06","slug":"eletrostatica-05-superficies-equipotenciais-trabalho-da-forca-eletrostatica","status":"publish","type":"page","link":"https:\/\/fisicaevestibular.com.br\/novo\/formulario\/eletrostatica-05-superficies-equipotenciais-trabalho-da-forca-eletrostatica\/","title":{"rendered":"Eletrost\u00e1tica 05 &#8211; Superf\u00edcies Equipotenciais \u2013 Trabalho da For\u00e7a Eletrost\u00e1tica"},"content":{"rendered":"<p align=\"CENTER\"><span style=\"color: #0000cc;\"><span style=\"font-family: Arial Black, serif;\"><span style=\"font-size: large;\"><b>Formul\u00e1rio completo de F\u00edsica com informa\u00e7\u00f5es \u00fateis <\/b><\/span><\/span><\/span><\/p>\n<p align=\"CENTER\"><span style=\"color: #c00000;\"><span style=\"font-family: Arial Black, serif;\"><span style=\"font-size: large;\"><b>(Dicas para vestibulares)<\/b><\/span><\/span><\/span><\/p>\n<p align=\"CENTER\"><span style=\"color: #c00000;\"><span style=\"font-family: Viner Hand ITC, serif;\"><span style=\"font-size: x-large;\"><b>Eletrost\u00e1tica 05<\/b><\/span><\/span><\/span><\/p>\n<p align=\"CENTER\"><span style=\"color: #0000cc;\"><span style=\"font-family: Arial Black, serif;\"><span style=\"font-size: large;\"><b>Superf\u00edcies Equipotenciais \u2013 Trabalho da For\u00e7a Eletrost\u00e1tica<\/b><\/span><\/span><\/span><\/p>\n<p align=\"CENTER\"><span style=\"color: #c00000;\"><span style=\"font-family: Arial Black, serif;\"><span style=\"font-size: large;\"><b>Defini\u00e7\u00e3o de linhas de campo e de superf\u00edcie equipotencial<\/b><\/span><\/span><\/span><\/p>\n<p align=\"CENTER\"><img fetchpriority=\"high\" decoding=\"async\" src=\"http:\/\/fisicaevestibular.com.br\/novo\/wp-content\/uploads\/migracao\/formulario\/eletrostatica\/0292309001536257338_eletrot05_html_m2ef25b50.png\" width=\"775\" height=\"124\" align=\"BOTTOM\" border=\"0\" \/><\/p>\n<p align=\"CENTER\"><span style=\"font-family: Times New Roman, serif;\"><span style=\"font-size: medium;\"><span style=\"color: #c00000;\"><span style=\"font-family: Arial Black, serif;\"><span style=\"font-size: large;\"><b>Superf\u00edcies equipotenciais e linhas de for\u00e7a de uma carga puntiforme Q<\/b><\/span><\/span><\/span><\/span><\/span><\/p>\n<p align=\"CENTER\"><img decoding=\"async\" src=\"http:\/\/fisicaevestibular.com.br\/novo\/wp-content\/uploads\/migracao\/formulario\/eletrostatica\/0292309001536257338_eletrot05_html_m23b6d566.png\" width=\"772\" height=\"353\" align=\"BOTTOM\" border=\"0\" \/><\/p>\n<p align=\"CENTER\"><span style=\"font-family: Times New Roman, serif;\"><span style=\"font-size: medium;\"><span style=\"color: #c00000;\"><span style=\"font-family: Arial Black, serif;\"><span style=\"font-size: large;\"><b>Superf\u00edcies equipotenciais de um\u00a0Campo El\u00e9trico Uniforme<\/b><\/span><\/span><\/span><\/span><\/span><\/p>\n<p align=\"CENTER\"><img decoding=\"async\" src=\"http:\/\/fisicaevestibular.com.br\/novo\/wp-content\/uploads\/migracao\/formulario\/eletrostatica\/0292309001536257338_eletrot05_html_1717460f.png\" width=\"775\" height=\"406\" align=\"BOTTOM\" border=\"0\" \/><\/p>\n<p align=\"CENTER\"><span style=\"font-family: Times New Roman, serif;\"><span style=\"font-size: medium;\"><span style=\"color: #c00000;\"><span style=\"font-family: Arial Black, serif;\"><span style=\"font-size: large;\"><b>Express\u00f5es do trabalho W e da diferen\u00e7a de potencial U de um campo el\u00e9trico vari\u00e1vel e de um campo el\u00e9trico uniforme<\/b><\/span><\/span><\/span><\/span><\/span><\/p>\n<p align=\"CENTER\"><img loading=\"lazy\" decoding=\"async\" src=\"http:\/\/fisicaevestibular.com.br\/novo\/wp-content\/uploads\/migracao\/formulario\/eletrostatica\/0292309001536257338_eletrot05_html_m4e3cb5e9.png\" width=\"779\" height=\"235\" align=\"BOTTOM\" border=\"0\" \/><\/p>\n<p align=\"CENTER\"><img loading=\"lazy\" decoding=\"async\" src=\"http:\/\/fisicaevestibular.com.br\/novo\/wp-content\/uploads\/migracao\/formulario\/eletrostatica\/0292309001536257338_eletrot05_html_7efc8d45.png\" width=\"779\" height=\"227\" align=\"BOTTOM\" border=\"0\" \/><\/p>\n<p align=\"CENTER\"><span style=\"color: #c00000;\"><span style=\"font-family: Arial, serif;\"><span style=\"font-size: medium;\"><b>Informa\u00e7\u00f5es \u00fateis <\/b><\/span><\/span><\/span><span style=\"color: #0000cc;\"><span style=\"font-family: Arial, serif;\"><span style=\"font-size: medium;\"><b>(dicas para vestibulares)<\/b><\/span><\/span><\/span><\/p>\n<p><img loading=\"lazy\" decoding=\"async\" src=\"http:\/\/fisicaevestibular.com.br\/novo\/wp-content\/uploads\/migracao\/formulario\/eletrostatica\/0292309001536257338_eletrot05_html_285e030e.png\" width=\"782\" height=\"213\" align=\"BOTTOM\" border=\"0\" \/><\/p>\n<p><img loading=\"lazy\" decoding=\"async\" src=\"http:\/\/fisicaevestibular.com.br\/novo\/wp-content\/uploads\/migracao\/formulario\/eletrostatica\/0292309001536257338_eletrot05_html_m740d0bd0.png\" width=\"42\" height=\"21\" align=\"BOTTOM\" border=\"0\" \/><\/p>\n<p><img loading=\"lazy\" decoding=\"async\" src=\"http:\/\/fisicaevestibular.com.br\/novo\/wp-content\/uploads\/migracao\/formulario\/eletrostatica\/0292309001536257338_eletrot05_html_m2502bff6.png\" width=\"782\" height=\"419\" align=\"BOTTOM\" border=\"0\" \/><\/p>\n<p><span style=\"font-family: Times New Roman, serif;\"><span style=\"font-size: medium;\"><span style=\"color: #0000cc;\"><span style=\"font-family: Arial Black, serif;\"><b>El\u00e9tron-volt (eV)<\/b><\/span><\/span><span style=\"color: #c00000;\"><span style=\"font-family: Arial, serif;\"><b>\u00a0\u00a0<\/b><\/span><\/span><img loading=\"lazy\" decoding=\"async\" src=\"http:\/\/fisicaevestibular.com.br\/novo\/wp-content\/uploads\/migracao\/formulario\/eletrostatica\/0292309001536257338_eletrot05_html_m7fd9f1ae.jpg\" width=\"19\" height=\"11\" align=\"BOTTOM\" border=\"0\" \/><span style=\"color: #c00000;\"><span style=\"font-family: Arial, serif;\"><b>\u00a0 corresponde ao\u00a0<\/b><\/span><\/span><span style=\"color: #0000cc;\"><span style=\"font-family: Arial Black, serif;\"><b>trabalho realizado<\/b><\/span><\/span><span style=\"color: #0000cc;\"><span style=\"font-family: Arial, serif;\"><b>, quando <\/b><\/span><\/span><span style=\"color: #0000cc;\"><span style=\"font-family: Arial Black, serif;\"><b>1 el\u00e9tron<\/b><\/span><\/span><span style=\"color: #0000cc;\"><span style=\"font-family: Arial, serif;\"><b> abandonado do<\/b><\/span><\/span><span style=\"color: #111111;\"><span style=\"font-family: Arial, serif;\"><b>\u00a0<\/b><\/span><\/span><span style=\"color: #0000cc;\"><span style=\"font-family: Arial Black, serif;\"><b>repouso em um ponto A de um campo el\u00e9trico, desloca-se espontaneamente at\u00e9 um ponto B,<\/b><\/span><\/span><span style=\"color: #0000cc;\"><span style=\"font-family: Arial, serif;\"><b> de modo que <\/b><\/span><\/span><span style=\"color: #0000cc;\"><span style=\"font-family: Arial Black, serif;\"><b>V<\/b><\/span><\/span><span style=\"color: #0000cc;\"><sub><span style=\"font-family: Arial Black, serif;\"><b>A<\/b><\/span><\/sub><\/span><span style=\"color: #0000cc;\"><span style=\"font-family: Arial Black, serif;\"><b>\u00a0\u2013 V<\/b><\/span><\/span><span style=\"color: #0000cc;\"><sub><span style=\"font-family: Arial Black, serif;\"><b>B<\/b><\/span><\/sub><\/span><span style=\"color: #0000cc;\"><span style=\"font-family: Arial Black, serif;\"><b>\u00a0= 1V<\/b><\/span><\/span><span style=\"color: #0000cc;\"><span style=\"font-family: Arial, serif;\"><b>\u00a0<\/b><\/span><\/span><span style=\"color: #c00000;\"><span style=\"font-family: Arial, serif;\"><b>\u00a0<\/b><\/span><\/span><img loading=\"lazy\" decoding=\"async\" src=\"http:\/\/fisicaevestibular.com.br\/novo\/wp-content\/uploads\/migracao\/formulario\/eletrostatica\/0292309001536257338_eletrot05_html_m6e3644a4.png\" width=\"19\" height=\"11\" align=\"BOTTOM\" border=\"0\" \/><span style=\"color: #c00000;\"><span style=\"font-family: Arial, serif;\"><b>\u00a0\u00a0<\/b><\/span><\/span><span style=\"color: #0000cc;\"><span style=\"font-family: Arial, serif;\"><b>W<\/b><\/span><\/span><span style=\"color: #0000cc;\"><sub><span style=\"font-family: Arial, serif;\"><b>AB<\/b><\/span><\/sub><\/span><span style=\"color: #0000cc;\"><span style=\"font-family: Arial, serif;\"><b>=q(V<\/b><\/span><\/span><span style=\"color: #0000cc;\"><sub><span style=\"font-family: Arial, serif;\"><b>A<\/b><\/span><\/sub><\/span><span style=\"color: #0000cc;\"><span style=\"font-family: Arial, serif;\"><b>\u00a0\u2013 V<\/b><\/span><\/span><span style=\"color: #0000cc;\"><sub><span style=\"font-family: Arial, serif;\"><b>B<\/b><\/span><\/sub><\/span><span style=\"color: #0000cc;\"><span style=\"font-family: Arial, serif;\"><b>)\u00a0<\/b><\/span><\/span><span style=\"color: #c00000;\"><span style=\"font-family: Arial, serif;\"><b>= 1,6.10<\/b><\/span><\/span><span style=\"color: #c00000;\"><sup><span style=\"font-family: Arial, serif;\"><b>-19<\/b><\/span><\/sup><\/span><span style=\"color: #c00000;\"><span style=\"font-family: Arial, serif;\"><b>.1\u00a0\u00a0<\/b><\/span><\/span><img loading=\"lazy\" decoding=\"async\" src=\"http:\/\/fisicaevestibular.com.br\/novo\/wp-content\/uploads\/migracao\/formulario\/eletrostatica\/0292309001536257338_eletrot05_html_m6e3644a4.png\" width=\"19\" height=\"11\" align=\"BOTTOM\" border=\"0\" \/><span style=\"color: #c00000;\"><span style=\"font-family: Arial, serif;\"><b>\u00a0<\/b><\/span><\/span><span style=\"color: #0000cc;\"><span style=\"font-family: Arial Black, serif;\"><span style=\"font-size: large;\"><b>1 eV=1,6.10<\/b><\/span><\/span><\/span><span style=\"color: #0000cc;\"><sup><span style=\"font-family: Arial Black, serif;\"><span style=\"font-size: large;\"><b>-19<\/b><\/span><\/span><\/sup><\/span><span style=\"color: #0000cc;\"><span style=\"font-family: Arial Black, serif;\"><span style=\"font-size: large;\"><b> J.<\/b><\/span><\/span><\/span><\/span><\/span><\/p>\n<p><span style=\"font-family: Times New Roman, serif;\"><span style=\"font-size: medium;\"><span style=\"color: #c00000;\"><span style=\"font-family: Arial, serif;\"><b>Pela express\u00e3o\u00a0<\/b><\/span><\/span><span style=\"color: #0000cc;\"><span style=\"font-family: Arial Black, serif;\"><b>W<\/b><\/span><\/span><span style=\"color: #0000cc;\"><sub><span style=\"font-family: Arial Black, serif;\"><b>AB<\/b><\/span><\/sub><\/span><span style=\"color: #0000cc;\"><span style=\"font-family: Arial Black, serif;\"><b>\u00a0= q(V<\/b><\/span><\/span><span style=\"color: #0000cc;\"><sub><span style=\"font-family: Arial Black, serif;\"><b>A<\/b><\/span><\/sub><\/span><span style=\"color: #0000cc;\"><span style=\"font-family: Arial Black, serif;\"><b>\u00a0\u2013 V<\/b><\/span><\/span><span style=\"color: #0000cc;\"><sub><span style=\"font-family: Arial Black, serif;\"><b>B<\/b><\/span><\/sub><\/span><span style=\"color: #0000cc;\"><span style=\"font-family: Arial Black, serif;\"><b>)<\/b><\/span><\/span><span style=\"color: #0000cc;\"><span style=\"font-family: Arial, serif;\"><b>,<\/b><\/span><\/span><span style=\"color: #c00000;\"><span style=\"font-family: Arial, serif;\"><b>\u00a0se os\u00a0<\/b><\/span><\/span><span style=\"color: #0000cc;\"><span style=\"font-family: Arial Black, serif;\"><b>pontos A e B<\/b><\/span><\/span><span style=\"color: #0000cc;\"><span style=\"font-family: Arial, serif;\"><b> estiverem <\/b><\/span><\/span><span style=\"color: #0000cc;\"><span style=\"font-family: Arial Black, serif;\"><b>sobre a mesma superf\u00edcie<\/b><\/span><\/span><\/span><\/span><\/p>\n<p><a name=\"_GoBack\"><\/a> <span style=\"font-family: Times New Roman, serif;\"><span style=\"font-size: medium;\"><span style=\"color: #0000cc;\"><span style=\"font-family: Arial Black, serif;\"><b>equipotencial (V<\/b><\/span><\/span><span style=\"color: #0000cc;\"><sub><span style=\"font-family: Arial Black, serif;\"><b>A<\/b><\/span><\/sub><\/span><span style=\"color: #0000cc;\"><span style=\"font-family: Arial Black, serif;\"><b>\u00a0= V<\/b><\/span><\/span><span style=\"color: #0000cc;\"><sub><span style=\"font-family: Arial Black, serif;\"><b>B<\/b><\/span><\/sub><\/span><span style=\"color: #0000cc;\"><span style=\"font-family: Arial Black, serif;\"><b>\u00a0= V),<\/b><\/span><\/span><span style=\"color: #c00000;\"><span style=\"font-family: Arial, serif;\"><b>\u00a0o\u00a0<\/b><\/span><\/span><span style=\"color: #0000cc;\"><span style=\"font-family: Arial Black, serif;\"><b>trabalho da for\u00e7a el\u00e9trica nesse deslocamento ser\u00e1 <\/b><\/span><\/span><span style=\"color: #0000cc;\"><span style=\"font-family: Arial Black, serif;\"><span style=\"font-size: large;\"><b>nulo<\/b><\/span><\/span><\/span><span style=\"color: #0000cc;\"><span style=\"font-family: Arial Black, serif;\"><b>\u00a0<\/b><\/span><\/span><span style=\"color: #c00000;\"><span style=\"font-family: Arial Black, serif;\"><b>pois,\u00a0<\/b><\/span><\/span><span style=\"color: #0000cc;\"><span style=\"font-family: Arial Black, serif;\"><span style=\"font-size: large;\"><b>W<\/b><\/span><\/span><\/span><span style=\"color: #0000cc;\"><sub><span style=\"font-family: Arial Black, serif;\"><span style=\"font-size: large;\"><b>AB<\/b><\/span><\/span><\/sub><\/span><span style=\"color: #0000cc;\"><span style=\"font-family: Arial Black, serif;\"><span style=\"font-size: large;\"><b>\u00a0<\/b><\/span><\/span><\/span><span style=\"color: #0000cc;\"><span style=\"font-family: Arial Black, serif;\"><b>= q.(V \u2013 V) = q.0 <\/b><\/span><\/span><span style=\"color: #0000cc;\"><span style=\"font-family: Arial Black, serif;\"><span style=\"font-size: large;\"><b>= 0.<\/b><\/span><\/span><\/span><\/span><\/span><\/p>\n","protected":false},"excerpt":{"rendered":"<p>Formul\u00e1rio completo de F\u00edsica com informa\u00e7\u00f5es \u00fateis (Dicas para vestibulares) Eletrost\u00e1tica 05 Superf\u00edcies Equipotenciais \u2013 Trabalho da For\u00e7a Eletrost\u00e1tica Defini\u00e7\u00e3o de linhas de campo e de superf\u00edcie equipotencial Superf\u00edcies equipotenciais e linhas de for\u00e7a de uma carga puntiforme Q Superf\u00edcies equipotenciais de um\u00a0Campo El\u00e9trico Uniforme Express\u00f5es do trabalho W e da diferen\u00e7a de potencial U de um campo el\u00e9trico vari\u00e1vel<\/p>\n","protected":false},"author":1,"featured_media":0,"parent":3987,"menu_order":0,"comment_status":"closed","ping_status":"closed","template":"","meta":{"om_disable_all_campaigns":false,"_monsterinsights_skip_tracking":false,"_monsterinsights_sitenote_active":false,"_monsterinsights_sitenote_note":"","_monsterinsights_sitenote_category":0,"footnotes":""},"class_list":["post-4205","page","type-page","status-publish","hentry"],"aioseo_notices":[],"_links":{"self":[{"href":"https:\/\/fisicaevestibular.com.br\/novo\/wp-json\/wp\/v2\/pages\/4205","targetHints":{"allow":["GET"]}}],"collection":[{"href":"https:\/\/fisicaevestibular.com.br\/novo\/wp-json\/wp\/v2\/pages"}],"about":[{"href":"https:\/\/fisicaevestibular.com.br\/novo\/wp-json\/wp\/v2\/types\/page"}],"author":[{"embeddable":true,"href":"https:\/\/fisicaevestibular.com.br\/novo\/wp-json\/wp\/v2\/users\/1"}],"replies":[{"embeddable":true,"href":"https:\/\/fisicaevestibular.com.br\/novo\/wp-json\/wp\/v2\/comments?post=4205"}],"version-history":[{"count":1,"href":"https:\/\/fisicaevestibular.com.br\/novo\/wp-json\/wp\/v2\/pages\/4205\/revisions"}],"predecessor-version":[{"id":4206,"href":"https:\/\/fisicaevestibular.com.br\/novo\/wp-json\/wp\/v2\/pages\/4205\/revisions\/4206"}],"up":[{"embeddable":true,"href":"https:\/\/fisicaevestibular.com.br\/novo\/wp-json\/wp\/v2\/pages\/3987"}],"wp:attachment":[{"href":"https:\/\/fisicaevestibular.com.br\/novo\/wp-json\/wp\/v2\/media?parent=4205"}],"curies":[{"name":"wp","href":"https:\/\/api.w.org\/{rel}","templated":true}]}}