{"id":4075,"date":"2018-07-20T17:50:37","date_gmt":"2018-07-20T17:50:37","guid":{"rendered":"http:\/\/fisicaevestibular.com.br\/novo\/?page_id=4075"},"modified":"2024-08-22T12:36:25","modified_gmt":"2024-08-22T12:36:25","slug":"cinematica-5-funcao-equacao-horaria-do-espaco-de-um-muv","status":"publish","type":"page","link":"https:\/\/fisicaevestibular.com.br\/novo\/formulario\/cinematica-5-funcao-equacao-horaria-do-espaco-de-um-muv\/","title":{"rendered":"Cinem\u00e1tica 5 &#8211; Fun\u00e7\u00e3o (equa\u00e7\u00e3o) hor\u00e1ria do espa\u00e7o de um MUV"},"content":{"rendered":"<p align=\"CENTER\"><span style=\"color: #0000cc;\"><span style=\"font-family: Arial Black, serif;\"><span style=\"font-size: large;\"><b>Formul\u00e1rio completo de F\u00edsica com informa\u00e7\u00f5es \u00fateis <\/b><\/span><\/span><\/span><\/p>\n<p align=\"CENTER\"><span style=\"color: #c00000;\"><span style=\"font-family: Arial Black, serif;\"><span style=\"font-size: large;\"><b>(dicas para vestibulares)<\/b><\/span><\/span><\/span><\/p>\n<p align=\"CENTER\"><span style=\"color: #0000cc;\"><span style=\"font-family: Viner Hand ITC, serif;\"><span style=\"font-size: x-large;\"><b>Cinem\u00e1tica 5<\/b><\/span><\/span><\/span><\/p>\n<p align=\"CENTER\"><span style=\"color: #c00000;\"><span style=\"font-family: Arial Black, serif;\"><span style=\"font-size: large;\"><b>Fun\u00e7\u00e3o (equa\u00e7\u00e3o) hor\u00e1ria do espa\u00e7o de um MUV<\/b><\/span><\/span><\/span><\/p>\n<p align=\"CENTER\"><span style=\"color: #0000cc;\"><span style=\"font-family: Arial Black, serif;\"><span style=\"font-size: large;\"><b>Velocidade m\u00e9dia num MUV <\/b><\/span><\/span><\/span><\/p>\n<p><img fetchpriority=\"high\" decoding=\"async\" src=\"http:\/\/fisicaevestibular.com.br\/novo\/wp-content\/uploads\/migracao\/formulario\/cinematica\/0411552001532105841_formulrio%20completo_html_m9ea53f0.png\" width=\"783\" height=\"175\" align=\"BOTTOM\" border=\"0\" \/><\/p>\n<p><span style=\"color: #0000cc;\"><span style=\"font-family: Arial, serif;\"><span style=\"font-size: medium;\"><b>extremos de dois intervalos de tempo<\/b><\/span><\/span><\/span><span style=\"color: #c00000;\"><span style=\"font-family: Arial, serif;\"><span style=\"font-size: medium;\"><b> quaisquer.<\/b><\/span><\/span><\/span><\/p>\n<p align=\"CENTER\"><span style=\"color: #0000cc;\"><span style=\"font-family: Arial Black, serif;\"><span style=\"font-size: large;\"><b>Fun\u00e7\u00e3o (equa\u00e7\u00e3o) hor\u00e1ria do espa\u00e7o de um m\u00f3vel em MUV<\/b><\/span><\/span><\/span><\/p>\n<p align=\"CENTER\"><img decoding=\"async\" src=\"http:\/\/fisicaevestibular.com.br\/novo\/wp-content\/uploads\/migracao\/formulario\/cinematica\/0411552001532105841_formulrio%20completo_html_m14f037df.png\" width=\"559\" height=\"189\" align=\"BOTTOM\" border=\"0\" \/><\/p>\n<p align=\"CENTER\"><span style=\"color: #0000cc;\"><span style=\"font-family: Arial Black, serif;\"><span style=\"font-size: large;\"><b>Casos particulares para a aplica\u00e7\u00e3o da equa\u00e7\u00e3o hor\u00e1ria do espa\u00e7o do MUV<\/b><\/span><\/span><\/span><\/p>\n<p><span style=\"color: #0000cc;\"><span style=\"font-family: Arial, serif;\"><span style=\"font-size: medium;\"><b>1<\/b><\/span><\/span><\/span><span style=\"color: #0000cc;\"><sup><span style=\"font-family: Arial, serif;\"><span style=\"font-size: medium;\"><b>o<\/b><\/span><\/span><\/sup><\/span><span style=\"color: #000000;\"><span style=\"font-family: Arial, serif;\"><span style=\"font-size: medium;\"><b>\u00a0<\/b><\/span><\/span><\/span><img decoding=\"async\" src=\"http:\/\/fisicaevestibular.com.br\/novo\/wp-content\/uploads\/migracao\/formulario\/cinematica\/0411552001532105841_formulrio%20completo_html_7f9315ef.png\" width=\"21\" height=\"12\" align=\"BOTTOM\" border=\"0\" \/><span style=\"color: #000000;\"><span style=\"font-family: Arial, serif;\"><span style=\"font-size: medium;\"><b>\u00a0<\/b><\/span><\/span><\/span><span style=\"color: #0000cc;\"><span style=\"font-family: Arial, serif;\"><span style=\"font-size: medium;\"><b>cron\u00f4metro\u00a0acionado\u00a0(t<\/b><\/span><\/span><\/span><span style=\"color: #0000cc;\"><sub><span style=\"font-family: Arial, serif;\"><span style=\"font-size: medium;\"><b>o<\/b><\/span><\/span><\/sub><\/span><span style=\"color: #0000cc;\"><span style=\"font-family: Arial, serif;\"><span style=\"font-size: medium;\"><b> = 0)<\/b><\/span><\/span><\/span><span style=\"color: #c00000;\"><span style=\"font-family: Arial, serif;\"><span style=\"font-size: medium;\"><b>\u00a0no\u00a0<\/b><\/span><\/span><\/span><span style=\"color: #0000cc;\"><span style=\"font-family: Arial, serif;\"><span style=\"font-size: medium;\"><b>instante\u00a0em que o\u00a0m\u00f3vel passa pela origem\u00a0(S<\/b><\/span><\/span><\/span><span style=\"color: #0000cc;\"><sub><span style=\"font-family: Arial, serif;\"><span style=\"font-size: medium;\"><b>o<\/b><\/span><\/span><\/sub><\/span><span style=\"color: #0000cc;\"><span style=\"font-family: Arial, serif;\"><span style=\"font-size: medium;\"><b>\u00a0= 0)<\/b><\/span><\/span><\/span><span style=\"color: #c00000;\"><span style=\"font-family: Arial, serif;\"><span style=\"font-size: medium;\"><b>\u00a0das <\/b><\/span><\/span><\/span><span style=\"color: #0000cc;\"><span style=\"font-family: Arial, serif;\"><span style=\"font-size: medium;\"><b>posi\u00e7\u00f5es\u00a0<\/b><\/span><\/span><\/span><span style=\"color: #c00000;\"><span style=\"font-family: Arial, serif;\"><span style=\"font-size: medium;\"><b>(espa\u00e7os) com\u00a0<\/b><\/span><\/span><\/span><span style=\"color: #0000cc;\"><span style=\"font-family: Arial, serif;\"><span style=\"font-size: medium;\"><b>velocidade inicial V<\/b><\/span><\/span><\/span><span style=\"color: #0000cc;\"><sub><span style=\"font-family: Arial, serif;\"><span style=\"font-size: medium;\"><b>o<\/b><\/span><\/span><\/sub><\/span><span style=\"color: #0000cc;\"><span style=\"font-family: Arial, serif;\"><span style=\"font-size: medium;\"><b>.<\/b><\/span><\/span><\/span><\/p>\n<p align=\"CENTER\"><img loading=\"lazy\" decoding=\"async\" src=\"http:\/\/fisicaevestibular.com.br\/novo\/wp-content\/uploads\/migracao\/formulario\/cinematica\/0411552001532105841_formulrio%20completo_html_m2a33b432.png\" width=\"746\" height=\"113\" align=\"BOTTOM\" border=\"0\" \/><\/p>\n<p><span style=\"color: #0000cc;\"><span style=\"font-family: Arial, serif;\"><span style=\"font-size: medium;\"><b>2<\/b><\/span><\/span><\/span><span style=\"color: #0000cc;\"><sup><span style=\"font-family: Arial, serif;\"><span style=\"font-size: medium;\"><b>o<\/b><\/span><\/span><\/sup><\/span><span style=\"color: #0000cc;\"><span style=\"font-family: Arial, serif;\"><span style=\"font-size: medium;\"><b>\u00a0<\/b><\/span><\/span><\/span><img decoding=\"async\" src=\"http:\/\/fisicaevestibular.com.br\/novo\/wp-content\/uploads\/migracao\/formulario\/cinematica\/0411552001532105841_formulrio%20completo_html_7f9315ef.png\" width=\"21\" height=\"12\" align=\"BOTTOM\" border=\"0\" \/><span style=\"color: #0000cc;\"><span style=\"font-family: Arial, serif;\"><span style=\"font-size: medium;\"><b>\u00a0O m\u00f3vel\u00a0parte do repouso\u00a0<\/b><\/span><\/span><\/span><span style=\"color: #c00000;\"><span style=\"font-family: Arial, serif;\"><span style=\"font-size: medium;\"><b>de uma\u00a0<\/b><\/span><\/span><\/span><span style=\"color: #0000cc;\"><span style=\"font-family: Arial, serif;\"><span style=\"font-size: medium;\"><b>posi\u00e7\u00e3o S<\/b><\/span><\/span><\/span><span style=\"color: #0000cc;\"><sub><span style=\"font-family: Arial, serif;\"><span style=\"font-size: medium;\"><b>o<\/b><\/span><\/span><\/sub><\/span><span style=\"color: #0000cc;\"><span style=\"font-family: Arial, serif;\"><span style=\"font-size: medium;\"><b>\u00a0qualquer.<\/b><\/span><\/span><\/span><\/p>\n<p align=\"CENTER\"><img loading=\"lazy\" decoding=\"async\" src=\"http:\/\/fisicaevestibular.com.br\/novo\/wp-content\/uploads\/migracao\/formulario\/cinematica\/0411552001532105841_formulrio%20completo_html_1cfcef43.png\" width=\"755\" height=\"111\" align=\"BOTTOM\" border=\"0\" \/><\/p>\n<p><span style=\"color: #0000cc;\"><span style=\"font-family: Arial, serif;\"><span style=\"font-size: medium;\"><b>3<\/b><\/span><\/span><\/span><span style=\"color: #0000cc;\"><sup><span style=\"font-family: Arial, serif;\"><span style=\"font-size: medium;\"><b>o<\/b><\/span><\/span><\/sup><\/span><span style=\"color: #0000cc;\"><span style=\"font-family: Arial, serif;\"><span style=\"font-size: medium;\"><b>\u00a0<\/b><\/span><\/span><\/span><img decoding=\"async\" src=\"http:\/\/fisicaevestibular.com.br\/novo\/wp-content\/uploads\/migracao\/formulario\/cinematica\/0411552001532105841_formulrio%20completo_html_7f9315ef.png\" width=\"21\" height=\"12\" align=\"BOTTOM\" border=\"0\" \/><span style=\"color: #c00000;\"><span style=\"font-family: Arial, serif;\"><span style=\"font-size: medium;\"><b>\u00a0<\/b><\/span><\/span><\/span><span style=\"color: #0000cc;\"><span style=\"font-family: Arial, serif;\"><span style=\"font-size: medium;\"><b>O m\u00f3vel\u00a0parte do repouso <\/b><\/span><\/span><\/span><span style=\"color: #c00000;\"><span style=\"font-family: Arial, serif;\"><span style=\"font-size: medium;\"><b>e da <\/b><\/span><\/span><\/span><span style=\"color: #0000cc;\"><span style=\"font-family: Arial, serif;\"><span style=\"font-size: medium;\"><b>origem dos espa\u00e7os.<\/b><\/span><\/span><\/span><\/p>\n<p align=\"CENTER\"><img loading=\"lazy\" decoding=\"async\" src=\"http:\/\/fisicaevestibular.com.br\/novo\/wp-content\/uploads\/migracao\/formulario\/cinematica\/0411552001532105841_formulrio%20completo_html_m458d7b6d.png\" width=\"755\" height=\"118\" align=\"BOTTOM\" border=\"0\" \/><\/p>\n<p><span style=\"color: #0000cc;\"><span style=\"font-family: Arial Black, serif;\"><span style=\"font-size: large;\">Rela\u00e7\u00e3o entre a equa\u00e7\u00e3o hor\u00e1ria do espa\u00e7o e a da velocidade no MUV<\/span><\/span><\/span><\/p>\n<p align=\"CENTER\"><img loading=\"lazy\" decoding=\"async\" src=\"http:\/\/fisicaevestibular.com.br\/novo\/wp-content\/uploads\/migracao\/formulario\/cinematica\/0411552001532105841_formulrio%20completo_html_5f0df718.png\" width=\"553\" height=\"85\" align=\"BOTTOM\" border=\"0\" \/><\/p>\n<p align=\"CENTER\"><span style=\"color: #0000cc;\"><span style=\"font-family: Arial Black, serif;\"><span style=\"font-size: large;\">Equa\u00e7\u00e3o de Torricelli<\/span><\/span><\/span><\/p>\n<p align=\"CENTER\"><img loading=\"lazy\" decoding=\"async\" src=\"http:\/\/fisicaevestibular.com.br\/novo\/wp-content\/uploads\/migracao\/formulario\/cinematica\/0411552001532105841_formulrio%20completo_html_m50a5a5b0.png\" width=\"373\" height=\"143\" align=\"BOTTOM\" border=\"0\" \/><\/p>\n<p align=\"CENTER\"><img loading=\"lazy\" decoding=\"async\" src=\"http:\/\/fisicaevestibular.com.br\/novo\/wp-content\/uploads\/migracao\/formulario\/cinematica\/0411552001532105841_formulrio%20completo_html_m9ff3fd2.png\" width=\"755\" height=\"343\" align=\"BOTTOM\" border=\"0\" \/><\/p>\n","protected":false},"excerpt":{"rendered":"<p>Formul\u00e1rio completo de F\u00edsica com informa\u00e7\u00f5es \u00fateis (dicas para vestibulares) Cinem\u00e1tica 5 Fun\u00e7\u00e3o (equa\u00e7\u00e3o) hor\u00e1ria do espa\u00e7o de um MUV Velocidade m\u00e9dia num MUV extremos de dois intervalos de tempo quaisquer. Fun\u00e7\u00e3o (equa\u00e7\u00e3o) hor\u00e1ria do espa\u00e7o de um m\u00f3vel em MUV Casos particulares para a aplica\u00e7\u00e3o da equa\u00e7\u00e3o hor\u00e1ria do espa\u00e7o do MUV 1o\u00a0\u00a0cron\u00f4metro\u00a0acionado\u00a0(to = 0)\u00a0no\u00a0instante\u00a0em que o\u00a0m\u00f3vel passa pela<\/p>\n","protected":false},"author":1,"featured_media":0,"parent":3987,"menu_order":0,"comment_status":"closed","ping_status":"closed","template":"","meta":{"om_disable_all_campaigns":false,"_monsterinsights_skip_tracking":false,"_monsterinsights_sitenote_active":false,"_monsterinsights_sitenote_note":"","_monsterinsights_sitenote_category":0,"footnotes":""},"class_list":["post-4075","page","type-page","status-publish","hentry"],"aioseo_notices":[],"_links":{"self":[{"href":"https:\/\/fisicaevestibular.com.br\/novo\/wp-json\/wp\/v2\/pages\/4075","targetHints":{"allow":["GET"]}}],"collection":[{"href":"https:\/\/fisicaevestibular.com.br\/novo\/wp-json\/wp\/v2\/pages"}],"about":[{"href":"https:\/\/fisicaevestibular.com.br\/novo\/wp-json\/wp\/v2\/types\/page"}],"author":[{"embeddable":true,"href":"https:\/\/fisicaevestibular.com.br\/novo\/wp-json\/wp\/v2\/users\/1"}],"replies":[{"embeddable":true,"href":"https:\/\/fisicaevestibular.com.br\/novo\/wp-json\/wp\/v2\/comments?post=4075"}],"version-history":[{"count":1,"href":"https:\/\/fisicaevestibular.com.br\/novo\/wp-json\/wp\/v2\/pages\/4075\/revisions"}],"predecessor-version":[{"id":4076,"href":"https:\/\/fisicaevestibular.com.br\/novo\/wp-json\/wp\/v2\/pages\/4075\/revisions\/4076"}],"up":[{"embeddable":true,"href":"https:\/\/fisicaevestibular.com.br\/novo\/wp-json\/wp\/v2\/pages\/3987"}],"wp:attachment":[{"href":"https:\/\/fisicaevestibular.com.br\/novo\/wp-json\/wp\/v2\/media?parent=4075"}],"curies":[{"name":"wp","href":"https:\/\/api.w.org\/{rel}","templated":true}]}}