{"id":4071,"date":"2018-07-20T17:49:10","date_gmt":"2018-07-20T17:49:10","guid":{"rendered":"http:\/\/fisicaevestibular.com.br\/novo\/?page_id=4071"},"modified":"2024-08-21T17:24:28","modified_gmt":"2024-08-21T17:24:28","slug":"cinematica-3-movimento-uniforme-e-encontro-de-moveis-em-mu","status":"publish","type":"page","link":"https:\/\/fisicaevestibular.com.br\/novo\/formulario\/cinematica-3-movimento-uniforme-e-encontro-de-moveis-em-mu\/","title":{"rendered":"Cinem\u00e1tica 3 &#8211; Movimento uniforme e encontro de m\u00f3veis em MU"},"content":{"rendered":"<p align=\"CENTER\"><span style=\"color: #0000cc;\"><span style=\"font-family: Arial Black, serif;\"><span style=\"font-size: large;\"><b>Formul\u00e1rio completo de F\u00edsica com informa\u00e7\u00f5es \u00fateis <\/b><\/span><\/span><\/span><\/p>\n<p align=\"CENTER\"><span style=\"color: #c00000;\"><span style=\"font-family: Arial Black, serif;\"><span style=\"font-size: large;\"><b>(dicas para vestibulares)<\/b><\/span><\/span><\/span><\/p>\n<p align=\"CENTER\"><span style=\"color: #0000cc;\"><span style=\"font-family: Viner Hand ITC, serif;\"><span style=\"font-size: x-large;\"><b>Cinem\u00e1tica 3<\/b><\/span><\/span><\/span><\/p>\n<p align=\"CENTER\"><span style=\"color: #c00000;\"><span style=\"font-family: Arial Black, serif;\"><span style=\"font-size: large;\"><b>Movimento uniforme e encontro de m\u00f3veis em MU<\/b><\/span><\/span><\/span><\/p>\n<p align=\"CENTER\"><span style=\"color: #0000cc;\"><span style=\"font-family: Arial Black, serif;\"><span style=\"font-size: large;\"><b>Movimento uniforme<\/b><\/span><\/span><\/span><\/p>\n<p><span style=\"color: #0000cc;\"><span style=\"font-family: Arial, serif;\"><span style=\"font-size: medium;\"><b>Denomina-se movimento uniforme <\/b><\/span><\/span><\/span><span style=\"color: #c00000;\"><span style=\"font-family: Arial, serif;\"><span style=\"font-size: medium;\"><b>(MU) <\/b><\/span><\/span><\/span><span style=\"color: #0000cc;\"><span style=\"font-family: Arial, serif;\"><span style=\"font-size: medium;\"><b>qualquer movimento <\/b><\/span><\/span><\/span><span style=\"color: #c00000;\"><span style=\"font-family: Arial, serif;\"><span style=\"font-size: medium;\"><b>cuja <\/b><\/span><\/span><\/span><span style=\"color: #0000cc;\"><span style=\"font-family: Arial, serif;\"><span style=\"font-size: medium;\"><b>velocidade escalar seja constante <\/b><\/span><\/span><\/span><span style=\"color: #c00000;\"><span style=\"font-family: Arial, serif;\"><span style=\"font-size: medium;\"><b>e <\/b><\/span><\/span><\/span><span style=\"color: #0000cc;\"><span style=\"font-family: Arial, serif;\"><span style=\"font-size: medium;\"><b>diferente de zero.<\/b><\/span><\/span><\/span><\/p>\n<p align=\"CENTER\"><span style=\"color: #0000cc;\"><span style=\"font-family: Arial Black, serif;\"><span style=\"font-size: large;\"><b>Fun\u00e7\u00e3o Hor\u00e1ria do MU<\/b><\/span><\/span><\/span><\/p>\n<p><img fetchpriority=\"high\" decoding=\"async\" src=\"http:\/\/fisicaevestibular.com.br\/novo\/wp-content\/uploads\/migracao\/formulario\/cinematica\/0411552001532105841_formulrio%20completo_html_m8e1fc81.png\" width=\"779\" height=\"138\" align=\"BOTTOM\" border=\"0\" \/><\/p>\n<p align=\"CENTER\"><img decoding=\"async\" src=\"http:\/\/fisicaevestibular.com.br\/novo\/wp-content\/uploads\/migracao\/formulario\/cinematica\/0411552001532105841_formulrio%20completo_html_1cbdf29f.png\" width=\"667\" height=\"204\" align=\"BOTTOM\" border=\"0\" \/><\/p>\n<p align=\"CENTER\"><span style=\"color: #0000cc;\"><span style=\"font-family: Arial Black, serif;\"><span style=\"font-size: large;\"><b>Informa\u00e7\u00f5es \u00fateis (dicas)<\/b><\/span><\/span><\/span><\/p>\n<p><img decoding=\"async\" src=\"http:\/\/fisicaevestibular.com.br\/novo\/wp-content\/uploads\/migracao\/formulario\/cinematica\/0411552001532105841_formulrio%20completo_html_51f6591d.png\" width=\"25\" height=\"12\" align=\"BOTTOM\" border=\"0\" \/> \u00a0<span style=\"color: #c00000;\"><span style=\"font-family: Arial, serif;\"><span style=\"font-size: medium;\"><b>Em <\/b><\/span><\/span><\/span><span style=\"color: #0000cc;\"><span style=\"font-family: Arial, serif;\"><span style=\"font-size: medium;\"><b>todo (MU)<\/b><\/span><\/span><\/span><span style=\"color: #c00000;\"><span style=\"font-family: Arial, serif;\"><span style=\"font-size: medium;\"><b> a <\/b><\/span><\/span><\/span><span style=\"color: #0000cc;\"><span style=\"font-family: Arial, serif;\"><span style=\"font-size: medium;\"><b>velocidade instant\u00e2nea <\/b><\/span><\/span><\/span><span style=\"color: #c00000;\"><span style=\"font-family: Arial, serif;\"><span style=\"font-size: medium;\"><b>(indica\u00e7\u00e3o do veloc\u00edmetro em cada instante) <\/b><\/span><\/span><\/span><span style=\"color: #0000cc;\"><span style=\"font-family: Arial, serif;\"><span style=\"font-size: medium;\"><b>coincide com a velocidade m\u00e9dia em qualquer intervalo de tempo considerado.<\/b><\/span><\/span><\/span><\/p>\n<p><img loading=\"lazy\" decoding=\"async\" src=\"http:\/\/fisicaevestibular.com.br\/novo\/wp-content\/uploads\/migracao\/formulario\/cinematica\/0411552001532105841_formulrio%20completo_html_m715399aa.png\" width=\"779\" height=\"206\" align=\"BOTTOM\" border=\"0\" \/><\/p>\n<p><img decoding=\"async\" src=\"http:\/\/fisicaevestibular.com.br\/novo\/wp-content\/uploads\/migracao\/formulario\/cinematica\/0411552001532105841_formulrio%20completo_html_51f6591d.png\" width=\"25\" height=\"12\" align=\"BOTTOM\" border=\"0\" \/> <span style=\"color: #c00000;\"><span style=\"font-family: Arial, serif;\"><span style=\"font-size: medium;\"><b>Na <\/b><\/span><\/span><\/span><span style=\"color: #0000cc;\"><span style=\"font-family: Arial, serif;\"><span style=\"font-size: medium;\"><b>fun\u00e7\u00e3o hor\u00e1ria S = S<\/b><\/span><\/span><\/span><span style=\"color: #0000cc;\"><sub><span style=\"font-family: Arial, serif;\"><span style=\"font-size: medium;\"><b>o<\/b><\/span><\/span><\/sub><\/span><span style=\"color: #0000cc;\"><span style=\"font-family: Arial, serif;\"><span style=\"font-size: medium;\"><b>\u00a0+ V.t ,<\/b><\/span><\/span><\/span><span style=\"color: #c00000;\"><span style=\"font-family: Arial, serif;\"><span style=\"font-size: medium;\"><b> se <\/b><\/span><\/span><\/span><span style=\"color: #0000cc;\"><span style=\"font-family: Arial, serif;\"><span style=\"font-size: medium;\"><b>V \u00e9 negativo<\/b><\/span><\/span><\/span><span style=\"color: #c00000;\"><span style=\"font-family: Arial, serif;\"><span style=\"font-size: medium;\"><b> o <\/b><\/span><\/span><\/span><span style=\"color: #0000cc;\"><span style=\"font-family: Arial, serif;\"><span style=\"font-size: medium;\"><b>movimento \u00e9 retr\u00f3grado <\/b><\/span><\/span><\/span><span style=\"color: #c00000;\"><span style=\"font-family: Arial, serif;\"><span style=\"font-size: medium;\"><b>(se move em <\/b><\/span><\/span><\/span><span style=\"color: #0000cc;\"><span style=\"font-family: Arial, serif;\"><span style=\"font-size: medium;\"><b>sentido<\/b><\/span><\/span><\/span><\/p>\n<p><img loading=\"lazy\" decoding=\"async\" src=\"http:\/\/fisicaevestibular.com.br\/novo\/wp-content\/uploads\/migracao\/formulario\/cinematica\/0411552001532105841_formulrio%20completo_html_6fcdfbaf.png\" width=\"774\" height=\"138\" align=\"BOTTOM\" border=\"0\" \/><\/p>\n<p><span style=\"color: #0000cc;\"><span style=\"font-family: Arial, serif;\"><span style=\"font-size: medium;\"><b>contr\u00e1rio<\/b><\/span><\/span><\/span><span style=\"color: #c00000;\"><span style=\"font-family: Arial, serif;\"><span style=\"font-size: medium;\"><b> ao dos <\/b><\/span><\/span><\/span><span style=\"color: #0000cc;\"><span style=\"font-family: Arial, serif;\"><span style=\"font-size: medium;\"><b>marcos crescentes <\/b><\/span><\/span><\/span><span style=\"color: #c00000;\"><span style=\"font-family: Arial, serif;\"><span style=\"font-size: medium;\"><b>da trajet\u00f3ria) e, se \u00e9 <\/b><\/span><\/span><\/span><span style=\"color: #0000cc;\"><span style=\"font-family: Arial, serif;\"><span style=\"font-size: medium;\"><b>positivo o movimento \u00e9 progressivo <\/b><\/span><\/span><\/span><span style=\"color: #c00000;\"><span style=\"font-family: Arial, serif;\"><span style=\"font-size: medium;\"><b>(se move <\/b><\/span><\/span><\/span><span style=\"color: #0000cc;\"><span style=\"font-family: Arial, serif;\"><span style=\"font-size: medium;\"><b>a favor dos marcos crescentes <\/b><\/span><\/span><\/span><span style=\"color: #c00000;\"><span style=\"font-family: Arial, serif;\"><span style=\"font-size: medium;\"><b>da trajet\u00f3ria).<\/b><\/span><\/span><\/span><\/p>\n<p align=\"CENTER\"><span style=\"color: #0000cc;\"><span style=\"font-family: Arial Black, serif;\"><span style=\"font-size: large;\"><b>Encontro de m\u00f3veis em MU<\/b><\/span><\/span><\/span><\/p>\n<p><span style=\"color: #0000cc;\"><span style=\"font-family: Arial, serif;\"><span style=\"font-size: medium;\"><b>Suponha dois m\u00f3veis (A e B)<\/b><\/span><\/span><\/span><span style=\"color: #c00000;\"><span style=\"font-family: Arial, serif;\"><span style=\"font-size: medium;\"><b> em <\/b><\/span><\/span><\/span><span style=\"color: #0000cc;\"><span style=\"font-family: Arial, serif;\"><span style=\"font-size: medium;\"><b>MU <\/b><\/span><\/span><\/span><span style=\"color: #c00000;\"><span style=\"font-family: Arial, serif;\"><span style=\"font-size: medium;\"><b>se movendo com <\/b><\/span><\/span><\/span><span style=\"color: #0000cc;\"><span style=\"font-family: Arial, serif;\"><span style=\"font-size: medium;\"><b>fun\u00e7\u00f5es hor\u00e1rias S<\/b><\/span><\/span><\/span><span style=\"color: #0000cc;\"><sub><span style=\"font-family: Arial, serif;\"><span style=\"font-size: medium;\"><b>A\u00a0<\/b><\/span><\/span><\/sub><\/span><span style=\"color: #0000cc;\"><span style=\"font-family: Arial, serif;\"><span style=\"font-size: medium;\"><b>= S<\/b><\/span><\/span><\/span><span style=\"color: #0000cc;\"><sub><span style=\"font-family: Arial, serif;\"><span style=\"font-size: medium;\"><b>0A<\/b><\/span><\/span><\/sub><\/span><span style=\"color: #0000cc;\"><span style=\"font-family: Arial, serif;\"><span style=\"font-size: medium;\"><b>+ V<\/b><\/span><\/span><\/span><span style=\"color: #0000cc;\"><sub><span style=\"font-family: Arial, serif;\"><span style=\"font-size: medium;\"><b>A<\/b><\/span><\/span><\/sub><\/span><span style=\"color: #0000cc;\"><span style=\"font-family: Arial, serif;\"><span style=\"font-size: medium;\"><b>.t e S<\/b><\/span><\/span><\/span><span style=\"color: #0000cc;\"><sub><span style=\"font-family: Arial, serif;\"><span style=\"font-size: medium;\"><b>B\u00a0<\/b><\/span><\/span><\/sub><\/span><span style=\"color: #0000cc;\"><span style=\"font-family: Arial, serif;\"><span style=\"font-size: medium;\"><b>= S<\/b><\/span><\/span><\/span><span style=\"color: #0000cc;\"><sub><span style=\"font-family: Arial, serif;\"><span style=\"font-size: medium;\"><b>0B<\/b><\/span><\/span><\/sub><\/span><span style=\"color: #0000cc;\"><span style=\"font-family: Arial, serif;\"><span style=\"font-size: medium;\"><b>\u00a0+ V<\/b><\/span><\/span><\/span><span style=\"color: #0000cc;\"><sub><span style=\"font-family: Arial, serif;\"><span style=\"font-size: medium;\"><b>B<\/b><\/span><\/span><\/sub><\/span><span style=\"color: #0000cc;\"><span style=\"font-family: Arial, serif;\"><span style=\"font-size: medium;\"><b>.t <\/b><\/span><\/span><\/span><span style=\"color: #c00000;\"><span style=\"font-family: Arial, serif;\"><span style=\"font-size: medium;\"><b>se movendo de maneira que <\/b><\/span><\/span><\/span><span style=\"color: #0000cc;\"><span style=\"font-family: Arial, serif;\"><span style=\"font-size: medium;\"><b>eles se encontrem <\/b><\/span><\/span><\/span><span style=\"color: #c00000;\"><span style=\"font-family: Arial, serif;\"><span style=\"font-size: medium;\"><b>e, se voc\u00ea <\/b><\/span><\/span><\/span><span style=\"color: #0000cc;\"><span style=\"font-family: Arial, serif;\"><span style=\"font-size: medium;\"><b>quiser encontrar o tempo do encontro basta igualar as duas equa\u00e7\u00f5es <\/b><\/span><\/span><\/span><span style=\"color: #c00000;\"><span style=\"font-family: Arial, serif;\"><span style=\"font-size: medium;\"><b>e <\/b><\/span><\/span><\/span><span style=\"color: #0000cc;\"><span style=\"font-family: Arial, serif;\"><span style=\"font-size: medium;\"><b>isolar t. <\/b><\/span><\/span><\/span><\/p>\n<p><span style=\"color: #0000cc;\"><span style=\"font-family: Arial, serif;\"><span style=\"font-size: medium;\"><b>Substituindo<\/b><\/span><\/span><\/span><span style=\"color: #c00000;\"><span style=\"font-family: Arial, serif;\"><span style=\"font-size: medium;\"><b> esse <\/b><\/span><\/span><\/span><span style=\"color: #0000cc;\"><span style=\"font-family: Arial, serif;\"><span style=\"font-size: medium;\"><b>t numa das equa\u00e7\u00f5es <\/b><\/span><\/span><\/span><span style=\"color: #c00000;\"><span style=\"font-family: Arial, serif;\"><span style=\"font-size: medium;\"><b>voc\u00ea <\/b><\/span><\/span><\/span><span style=\"color: #0000cc;\"><span style=\"font-family: Arial, serif;\"><span style=\"font-size: medium;\"><b>determina a posi\u00e7\u00e3o <\/b><\/span><\/span><\/span><span style=\"color: #c00000;\"><span style=\"font-family: Arial, serif;\"><span style=\"font-size: medium;\"><b>(espa\u00e7o, local) <\/b><\/span><\/span><\/span><span style=\"color: #0000cc;\"><span style=\"font-family: Arial, serif;\"><span style=\"font-size: medium;\"><b>do encontro.<\/b><\/span><\/span><\/span><\/p>\n<p><span style=\"color: #c00000;\"><span style=\"font-family: Arial, serif;\"><span style=\"font-size: medium;\"><b>Para <\/b><\/span><\/span><\/span><span style=\"color: #0000cc;\"><span style=\"font-family: Arial, serif;\"><span style=\"font-size: medium;\"><b>conferir o procedimento <\/b><\/span><\/span><\/span><span style=\"color: #c00000;\"><span style=\"font-family: Arial, serif;\"><span style=\"font-size: medium;\"><b>veja os <\/b><\/span><\/span><\/span><span style=\"color: #0000cc;\"><span style=\"font-family: Arial, serif;\"><span style=\"font-size: medium;\"><b>exerc\u00edcios 10, 11, 12 e 13, com as respectivas resolu\u00e7\u00f5es comentadas,<\/b><\/span><\/span><\/span><span style=\"color: #c00000;\"><span style=\"font-family: Arial, serif;\"><span style=\"font-size: medium;\"><b> em <\/b><\/span><\/span><\/span><span style=\"color: #0000cc;\"><span style=\"font-family: Arial, serif;\"><span style=\"font-size: medium;\"><b>fisicaevestibular.com.br \u2013 Mec\u00e2nica \u2013 Cinem\u00e1tica &#8211; <\/b><\/span><\/span><\/span><span style=\"color: #0000cc;\"><span style=\"font-family: Arial, serif;\"><span style=\"font-size: medium;\"><b>Movimento uniforme e encontro de m\u00f3veis em MU.<\/b><\/span><\/span><\/span><\/p>\n","protected":false},"excerpt":{"rendered":"<p>Formul\u00e1rio completo de F\u00edsica com informa\u00e7\u00f5es \u00fateis (dicas para vestibulares) Cinem\u00e1tica 3 Movimento uniforme e encontro de m\u00f3veis em MU Movimento uniforme Denomina-se movimento uniforme (MU) qualquer movimento cuja velocidade escalar seja constante e diferente de zero. Fun\u00e7\u00e3o Hor\u00e1ria do MU Informa\u00e7\u00f5es \u00fateis (dicas) \u00a0Em todo (MU) a velocidade instant\u00e2nea (indica\u00e7\u00e3o do veloc\u00edmetro em cada instante) coincide com a velocidade<\/p>\n","protected":false},"author":1,"featured_media":0,"parent":3987,"menu_order":0,"comment_status":"closed","ping_status":"closed","template":"","meta":{"om_disable_all_campaigns":false,"_monsterinsights_skip_tracking":false,"_monsterinsights_sitenote_active":false,"_monsterinsights_sitenote_note":"","_monsterinsights_sitenote_category":0,"footnotes":""},"class_list":["post-4071","page","type-page","status-publish","hentry"],"aioseo_notices":[],"_links":{"self":[{"href":"https:\/\/fisicaevestibular.com.br\/novo\/wp-json\/wp\/v2\/pages\/4071","targetHints":{"allow":["GET"]}}],"collection":[{"href":"https:\/\/fisicaevestibular.com.br\/novo\/wp-json\/wp\/v2\/pages"}],"about":[{"href":"https:\/\/fisicaevestibular.com.br\/novo\/wp-json\/wp\/v2\/types\/page"}],"author":[{"embeddable":true,"href":"https:\/\/fisicaevestibular.com.br\/novo\/wp-json\/wp\/v2\/users\/1"}],"replies":[{"embeddable":true,"href":"https:\/\/fisicaevestibular.com.br\/novo\/wp-json\/wp\/v2\/comments?post=4071"}],"version-history":[{"count":1,"href":"https:\/\/fisicaevestibular.com.br\/novo\/wp-json\/wp\/v2\/pages\/4071\/revisions"}],"predecessor-version":[{"id":4072,"href":"https:\/\/fisicaevestibular.com.br\/novo\/wp-json\/wp\/v2\/pages\/4071\/revisions\/4072"}],"up":[{"embeddable":true,"href":"https:\/\/fisicaevestibular.com.br\/novo\/wp-json\/wp\/v2\/pages\/3987"}],"wp:attachment":[{"href":"https:\/\/fisicaevestibular.com.br\/novo\/wp-json\/wp\/v2\/media?parent=4071"}],"curies":[{"name":"wp","href":"https:\/\/api.w.org\/{rel}","templated":true}]}}