{"id":4064,"date":"2018-07-20T03:41:56","date_gmt":"2018-07-20T03:41:56","guid":{"rendered":"http:\/\/fisicaevestibular.com.br\/novo\/?page_id=4064"},"modified":"2024-08-22T13:46:49","modified_gmt":"2024-08-22T13:46:49","slug":"estatica-03-estatica-de-um-corpo-extenso-maquinas-simples","status":"publish","type":"page","link":"https:\/\/fisicaevestibular.com.br\/novo\/formulario\/estatica-03-estatica-de-um-corpo-extenso-maquinas-simples\/","title":{"rendered":"Est\u00e1tica 03 &#8211; Est\u00e1tica de um corpo extenso \u2013 M\u00e1quinas simples"},"content":{"rendered":"<p align=\"CENTER\"><span style=\"color: #0000cc;\"><span style=\"font-family: Arial Black, serif;\"><span style=\"font-size: large;\"><b>Formul\u00e1rio completo de F\u00edsica com informa\u00e7\u00f5es \u00fateis <\/b><\/span><\/span><\/span><\/p>\n<p align=\"CENTER\"><span style=\"color: #c00000;\"><span style=\"font-family: Arial Black, serif;\"><span style=\"font-size: large;\"><b>(Dicas para vestibulares)<\/b><\/span><\/span><\/span><\/p>\n<p align=\"CENTER\"><span style=\"color: #c00000;\"><span style=\"font-family: Viner Hand ITC, serif;\"><span style=\"font-size: x-large;\"><b>Est\u00e1tica 03<\/b><\/span><\/span><\/span><\/p>\n<p align=\"CENTER\"><span style=\"color: #0000cc;\"><span style=\"font-family: Arial Black, serif;\"><span style=\"font-size: large;\"><b>Est\u00e1tica de um corpo extenso \u2013 M\u00e1quinas simples<\/b><\/span><\/span><\/span><\/p>\n<p align=\"CENTER\"><span style=\"color: #c00000;\"><span style=\"font-family: Arial Black, serif;\"><span style=\"font-size: large;\"><b>Momento (ou torque) de uma for\u00e7a<\/b><\/span><\/span><\/span><\/p>\n<p align=\"CENTER\"><img fetchpriority=\"high\" decoding=\"async\" src=\"http:\/\/fisicaevestibular.com.br\/novo\/wp-content\/uploads\/migracao\/formulario\/est03\/0894787001532057893_estat03_html_m7d288caf.png\" width=\"792\" height=\"317\" align=\"BOTTOM\" border=\"0\" \/><\/p>\n<p align=\"CENTER\"><span style=\"color: #c00000;\"><span style=\"font-family: Arial Black, serif;\"><span style=\"font-size: large;\"><b>C\u00e1lculo do momento quando <\/b><\/span><\/span><\/span> <img decoding=\"async\" src=\"http:\/\/fisicaevestibular.com.br\/novo\/wp-content\/uploads\/migracao\/formulario\/est03\/0894787001532057893_estat03_html_67ecdefc.png\" width=\"18\" height=\"21\" align=\"BOTTOM\" border=\"0\" \/><span style=\"color: #c00000;\"><span style=\"font-family: Arial Black, serif;\"><span style=\"font-size: large;\"><b> for inclinada em rela\u00e7\u00e3o \u00e0 <\/b><\/span><\/span><\/span> <img decoding=\"async\" src=\"http:\/\/fisicaevestibular.com.br\/novo\/wp-content\/uploads\/migracao\/formulario\/est03\/0894787001532057893_estat03_html_m5ba598a4.png\" width=\"21\" height=\"21\" align=\"BOTTOM\" border=\"0\" \/><\/p>\n<p align=\"CENTER\"><span style=\"color: #c00000;\"><span style=\"font-family: Arial Black, serif;\"><span style=\"font-size: large;\">S\u00e3o dois processos:<\/span><\/span><\/span><\/p>\n<p align=\"CENTER\"><img loading=\"lazy\" decoding=\"async\" src=\"http:\/\/fisicaevestibular.com.br\/novo\/wp-content\/uploads\/migracao\/formulario\/est03\/0894787001532057893_estat03_html_m3157f3e2.png\" width=\"773\" height=\"507\" align=\"BOTTOM\" border=\"0\" \/><\/p>\n<p align=\"CENTER\"><span style=\"color: #c00000;\"><span style=\"font-family: Arial Black, serif;\"><span style=\"font-size: large;\"><b>Informa\u00e7\u00f5es \u00fateis <\/b><\/span><\/span><\/span><span style=\"color: #0000cc;\"><span style=\"font-family: Arial Black, serif;\"><span style=\"font-size: large;\"><b>(dicas para vestibulares)<\/b><\/span><\/span><\/span><\/p>\n<p><img loading=\"lazy\" decoding=\"async\" src=\"http:\/\/fisicaevestibular.com.br\/novo\/wp-content\/uploads\/migracao\/formulario\/est03\/0894787001532057893_estat03_html_3e8af3fc.png\" width=\"776\" height=\"202\" align=\"BOTTOM\" border=\"0\" \/><\/p>\n<p><span style=\"color: #c00000;\"><span style=\"font-family: Arial, serif;\"><span style=\"font-size: medium;\"><b>Em rela\u00e7\u00e3o a um\u00a0<\/b><\/span><\/span><\/span><span style=\"color: #0000cc;\"><span style=\"font-family: Arial Black, serif;\"><span style=\"font-size: medium;\"><b>mesmo polo,<\/b><\/span><\/span><\/span><span style=\"color: #c00000;\"><span style=\"font-family: Arial, serif;\"><span style=\"font-size: medium;\"><b>\u00a0o\u00a0<\/b><\/span><\/span><\/span><span style=\"color: #0000cc;\"><span style=\"font-family: Arial Black, serif;\"><span style=\"font-size: medium;\"><b>momento da for\u00e7a resultante<\/b><\/span><\/span><\/span><span style=\"color: #c00000;\"><span style=\"font-family: Arial, serif;\"><span style=\"font-size: medium;\"><b>\u00a0\u00e9 f<\/b><\/span><\/span><\/span><span style=\"color: #c00000;\"><span style=\"font-family: Arial Black, serif;\"><span style=\"font-size: medium;\"><b>ornecido <\/b><\/span><\/span><\/span><span style=\"color: #c00000;\"><span style=\"font-family: Arial, serif;\"><span style=\"font-size: medium;\"><b>pela\u00a0<\/b><\/span><\/span><\/span><span style=\"color: #0000cc;\"><span style=\"font-family: Arial Black, serif;\"><span style=\"font-size: medium;\"><b>soma<\/b><\/span><\/span><\/span><\/p>\n<p align=\"CENTER\"><img loading=\"lazy\" decoding=\"async\" src=\"http:\/\/fisicaevestibular.com.br\/novo\/wp-content\/uploads\/migracao\/formulario\/est03\/0894787001532057893_estat03_html_m41ab4f96.png\" width=\"329\" height=\"121\" align=\"BOTTOM\" border=\"0\" \/><\/p>\n<p><span style=\"color: #0000cc;\"><span style=\"font-family: Arial Black, serif;\"><span style=\"font-size: medium;\"><b>alg\u00e9brica dos momentos de cada uma das for\u00e7as,<\/b><\/span><\/span><\/span><span style=\"color: #c00000;\"><span style=\"font-family: Arial Black, serif;\"><span style=\"font-size: medium;\"><b>\u00a0ou seja,\u00a0<\/b><\/span><\/span><\/span><span style=\"color: #0000cc;\"><span style=\"font-family: Arial Black, serif;\"><span style=\"font-size: medium;\"><b>M<\/b><\/span><\/span><\/span><span style=\"color: #0000cc;\"><sub><span style=\"font-family: Arial Black, serif;\"><span style=\"font-size: medium;\"><b>R<\/b><\/span><\/span><\/sub><\/span><span style=\"color: #0000cc;\"><span style=\"font-family: Arial Black, serif;\"><span style=\"font-size: medium;\"><b>\u00a0= M<\/b><\/span><\/span><\/span><span style=\"color: #0000cc;\"><sub><span style=\"font-family: Arial Black, serif;\"><span style=\"font-size: medium;\"><b>1<\/b><\/span><\/span><\/sub><\/span><span style=\"color: #0000cc;\"><span style=\"font-family: Arial Black, serif;\"><span style=\"font-size: medium;\"><b>\u00a0+ M<\/b><\/span><\/span><\/span><span style=\"color: #0000cc;\"><sub><span style=\"font-family: Arial Black, serif;\"><span style=\"font-size: medium;\"><b>2<\/b><\/span><\/span><\/sub><\/span><span style=\"color: #0000cc;\"><span style=\"font-family: Arial Black, serif;\"><span style=\"font-size: medium;\"><b>\u00a0+ M<\/b><\/span><\/span><\/span><span style=\"color: #0000cc;\"><sub><span style=\"font-family: Arial Black, serif;\"><span style=\"font-size: medium;\"><b>3<\/b><\/span><\/span><\/sub><\/span><span style=\"color: #0000cc;\"><span style=\"font-family: Arial Black, serif;\"><span style=\"font-size: medium;\"><b>\u00a0+ \u2026 M<\/b><\/span><\/span><\/span><span style=\"color: #0000cc;\"><sub><span style=\"font-family: Arial Black, serif;\"><span style=\"font-size: medium;\"><b>N<\/b><\/span><\/span><\/sub><\/span><span style=\"color: #0000cc;\"><span style=\"font-family: Arial Black, serif;\"><span style=\"font-size: medium;\"><b>).<\/b><\/span><\/span><\/span><\/p>\n<p><span style=\"color: #c00000;\">\u00a0<\/span><span style=\"font-family: Times New Roman, serif;\"><span style=\"font-size: medium;\"><span style=\"color: #0000cc;\"><span style=\"font-family: Arial Black, serif;\"><b>Bin\u00e1rio<\/b><\/span><\/span><span style=\"color: #0000cc;\"><span style=\"font-family: Arial, serif;\"><b>\u00a0<\/b><\/span><\/span><img loading=\"lazy\" decoding=\"async\" src=\"http:\/\/fisicaevestibular.com.br\/novo\/wp-content\/uploads\/migracao\/formulario\/est03\/0894787001532057893_estat03_html_m407e84b5.png\" width=\"20\" height=\"14\" align=\"BOTTOM\" border=\"0\" \/><span style=\"color: #c00000;\"><span style=\"font-family: Arial, serif;\"><b>\u00a0<\/b><\/span><\/span><span style=\"color: #0000cc;\"><span style=\"font-family: Arial, serif;\"><b>sistema\u00a0<\/b><\/span><\/span><span style=\"color: #c00000;\"><span style=\"font-family: Arial, serif;\"><b>formado por\u00a0<\/b><\/span><\/span><span style=\"color: #0000cc;\"><span style=\"font-family: Arial Black, serif;\"><b>duas for\u00e7as de mesma intensidade, mesma dire\u00e7\u00e3o,<\/b><\/span><\/span><span style=\"color: #c00000;\"><span style=\"font-family: Arial Black, serif;\"><b>\u00a0mas\u00a0<\/b><\/span><\/span><span style=\"color: #0000cc;\"><span style=\"font-family: Arial Black, serif;\"><b>sentidos<\/b><\/span><\/span><b> <\/b><span style=\"color: #0000cc;\"><span style=\"font-family: Arial Black, serif;\"><b>contr\u00e1rios<\/b><\/span><\/span><b> <\/b><span style=\"color: #c00000;\"><span style=\"font-family: Arial, serif;\"><b>separadas por uma <\/b><\/span><\/span><span style=\"color: #0000cc;\"><span style=\"font-family: Arial Black, serif;\"><b>dist\u00e2ncia d (bra\u00e7o do bin\u00e1rio).<\/b><\/span><\/span><\/span><\/span><\/p>\n<p align=\"CENTER\"><img loading=\"lazy\" decoding=\"async\" src=\"http:\/\/fisicaevestibular.com.br\/novo\/wp-content\/uploads\/migracao\/formulario\/est03\/0894787001532057893_estat03_html_m21a316d0.png\" width=\"773\" height=\"207\" align=\"BOTTOM\" border=\"0\" \/><\/p>\n<p><span style=\"color: #c00000;\">\u00a0<\/span><span style=\"font-family: Times New Roman, serif;\"><span style=\"font-size: medium;\"><span style=\"color: #0000cc;\"><span style=\"font-family: Arial Black, serif;\"><b>Momento do bin\u00e1rio<\/b><\/span><\/span><span style=\"color: #c00000;\"><span style=\"font-family: Arial, serif;\"><b>\u00a0<\/b><\/span><\/span><img loading=\"lazy\" decoding=\"async\" src=\"http:\/\/fisicaevestibular.com.br\/novo\/wp-content\/uploads\/migracao\/formulario\/est03\/0894787001532057893_estat03_html_m407e84b5.png\" width=\"20\" height=\"14\" align=\"BOTTOM\" border=\"0\" \/><span style=\"color: #c00000;\"><span style=\"font-family: Arial, serif;\"><b>\u00a0corresponde \u00e0\u00a0<\/b><\/span><\/span><span style=\"color: #0000cc;\"><span style=\"font-family: Arial, serif;\"><b>soma alg\u00e9brica dos momentos das for\u00e7as<\/b><\/span><\/span><span style=\"color: #c00000;\"><span style=\"font-family: Arial, serif;\"><b>\u00a0\u00a0<\/b><\/span><\/span><img loading=\"lazy\" decoding=\"async\" src=\"http:\/\/fisicaevestibular.com.br\/novo\/wp-content\/uploads\/migracao\/formulario\/est03\/0894787001532057893_estat03_html_m407e84b5.png\" width=\"20\" height=\"14\" align=\"BOTTOM\" border=\"0\" \/><span style=\"color: #c00000;\"><span style=\"font-family: Arial, serif;\"><b>\u00a0\u00a0<\/b><\/span><\/span><span style=\"color: #0000cc;\"><span style=\"font-family: Arial, serif;\"><b>M<\/b><\/span><\/span><span style=\"color: #0000cc;\"><sub><span style=\"font-family: Arial, serif;\"><b>F<\/b><\/span><\/sub><\/span><span style=\"color: #0000cc;\"><span style=\"font-family: Arial, serif;\"><b>\u00a0= + F.d<\/b><\/span><\/span><span style=\"color: #c00000;\"><span style=\"font-family: Arial, serif;\"><b>\u00a0\u00a0<\/b><\/span><\/span><img loading=\"lazy\" decoding=\"async\" src=\"http:\/\/fisicaevestibular.com.br\/novo\/wp-content\/uploads\/migracao\/formulario\/est03\/0894787001532057893_estat03_html_m407e84b5.png\" width=\"20\" height=\"14\" align=\"BOTTOM\" border=\"0\" \/><span style=\"color: #c00000;\"><span style=\"font-family: Arial, serif;\"><b>\u00a0\u00a0<\/b><\/span><\/span><span style=\"color: #0000cc;\"><span style=\"font-family: Arial, serif;\"><b>M<\/b><\/span><\/span><span style=\"color: #0000cc;\"><sub><span style=\"font-family: Arial, serif;\"><b>-F<\/b><\/span><\/sub><\/span><span style=\"color: #0000cc;\"><span style=\"font-family: Arial, serif;\"><b>\u00a0= &#8211; F.d<\/b><\/span><\/span><span style=\"color: #c00000;\"><span style=\"font-family: Arial, serif;\"><b>\u00a0\u00a0<\/b><\/span><\/span><img loading=\"lazy\" decoding=\"async\" src=\"http:\/\/fisicaevestibular.com.br\/novo\/wp-content\/uploads\/migracao\/formulario\/est03\/0894787001532057893_estat03_html_m407e84b5.png\" width=\"20\" height=\"14\" align=\"BOTTOM\" border=\"0\" \/><span style=\"color: #c00000;\"><span style=\"font-family: Arial, serif;\"><b>\u00a0 M<\/b><\/span><\/span><span style=\"color: #c00000;\"><sub><span style=\"font-family: Arial, serif;\"><b>bin\u00e1rio<\/b><\/span><\/sub><\/span><span style=\"color: #c00000;\"><span style=\"font-family: Arial, serif;\"><b>\u00a0= + F.d \u2013 F.d\u00a0\u00a0<\/b><\/span><\/span><img loading=\"lazy\" decoding=\"async\" src=\"http:\/\/fisicaevestibular.com.br\/novo\/wp-content\/uploads\/migracao\/formulario\/est03\/0894787001532057893_estat03_html_m407e84b5.png\" width=\"20\" height=\"14\" align=\"BOTTOM\" border=\"0\" \/><span style=\"color: #c00000;\"><span style=\"font-family: Arial, serif;\"><b>\u00a0\u00a0<\/b><\/span><\/span><span style=\"color: #0000cc;\"><span style=\"font-family: Arial, serif;\"><b>M<\/b><\/span><\/span><span style=\"color: #0000cc;\"><sub><span style=\"font-family: Arial, serif;\"><b>bin\u00e1rio<\/b><\/span><\/sub><\/span><span style=\"color: #0000cc;\"><span style=\"font-family: Arial, serif;\"><b>\u00a0= 0.<\/b><\/span><\/span><\/span><\/span><\/p>\n<p><span style=\"font-family: Times New Roman, serif;\"><span style=\"font-size: medium;\"><span style=\"color: #c00000;\"><span style=\"font-family: Arial, serif;\"><b>Num\u00a0<\/b><\/span><\/span><span style=\"color: #0000cc;\"><span style=\"font-family: Arial, serif;\"><b>bin\u00e1rio\u00a0<\/b><\/span><\/span><span style=\"color: #c00000;\"><span style=\"font-family: Arial, serif;\"><b>o <\/b><\/span><\/span><span style=\"color: #c00000;\"><span style=\"font-family: Arial Black, serif;\"><b>movimento de\u00a0<\/b><\/span><\/span><span style=\"color: #0000cc;\"><span style=\"font-family: Arial Black, serif;\"><b>transla\u00e7\u00e3o \u00e9 nulo<\/b><\/span><\/span><b> <\/b><span style=\"color: #0000cc;\"><span style=\"font-family: Arial Black, serif;\"><b>(F<\/b><\/span><\/span><span style=\"color: #0000cc;\"><sub><span style=\"font-family: Arial Black, serif;\"><b>R<\/b><\/span><\/sub><\/span><span style=\"color: #0000cc;\"><span style=\"font-family: Arial Black, serif;\"><b>\u00a0= 0)<\/b><\/span><\/span><span style=\"color: #0000cc;\"><span style=\"font-family: Arial, serif;\"><b>,<\/b><\/span><\/span><span style=\"color: #c00000;\"><span style=\"font-family: Arial, serif;\"><b>\u00a0<\/b><\/span><\/span><span style=\"color: #c00000;\"><span style=\"font-family: Arial Black, serif;\"><b>havendo <\/b><\/span><\/span><span style=\"color: #c00000;\"><span style=\"font-family: Arial, serif;\"><b>apenas <\/b><\/span><\/span><span style=\"color: #0000cc;\"><span style=\"font-family: Arial Black, serif;\"><b>movimento de rota\u00e7\u00e3o.<\/b><\/span><\/span><\/span><\/span><\/p>\n<p align=\"CENTER\"><span style=\"font-family: Times New Roman, serif;\"><span style=\"font-size: medium;\"><span style=\"color: #c00000;\"><span style=\"font-family: Arial Black, serif;\"><span style=\"font-size: large;\"><b>Condi\u00e7\u00f5es de equil\u00edbrio de um corpo extenso<\/b><\/span><\/span><\/span><\/span><\/span><\/p>\n<p align=\"CENTER\"><img loading=\"lazy\" decoding=\"async\" src=\"http:\/\/fisicaevestibular.com.br\/novo\/wp-content\/uploads\/migracao\/formulario\/est03\/0894787001532057893_estat03_html_19aa22ed.png\" width=\"779\" height=\"543\" align=\"BOTTOM\" border=\"0\" \/><\/p>\n<p align=\"CENTER\"><span style=\"color: #c00000;\"><span style=\"font-family: Arial Black, serif;\"><span style=\"font-size: large;\"><b>Informa\u00e7\u00f5es \u00fateis <\/b><\/span><\/span><\/span><span style=\"color: #0000cc;\"><span style=\"font-family: Arial Black, serif;\"><span style=\"font-size: large;\"><b>(dicas para vestibulares)<\/b><\/span><\/span><\/span><\/p>\n<p><img loading=\"lazy\" decoding=\"async\" src=\"http:\/\/fisicaevestibular.com.br\/novo\/wp-content\/uploads\/migracao\/formulario\/est03\/0894787001532057893_estat03_html_m740d0bd0.png\" width=\"42\" height=\"21\" align=\"BOTTOM\" border=\"0\" \/><\/p>\n<p><span style=\"color: #c00000;\"><span style=\"font-family: Arial, serif;\"><span style=\"font-size: medium;\"><b>Considere uma\u00a0<\/b><\/span><\/span><\/span><span style=\"color: #0000cc;\"><span style=\"font-family: Arial, serif;\"><span style=\"font-size: medium;\"><b>escada r\u00edgida e homog\u00eanea MN, apoiada numa parede<\/b><\/span><\/span><\/span><span style=\"color: #c00000;\"><span style=\"font-family: Arial, serif;\"><span style=\"font-size: medium;\"><b>\u00a0\u00a0<\/b><\/span><\/span><\/span><img loading=\"lazy\" decoding=\"async\" src=\"http:\/\/fisicaevestibular.com.br\/novo\/wp-content\/uploads\/migracao\/formulario\/est03\/0894787001532057893_estat03_html_m407e84b5.png\" width=\"20\" height=\"14\" align=\"BOTTOM\" border=\"0\" \/><span style=\"color: #c00000;\"><span style=\"font-family: Arial, serif;\"><span style=\"font-size: medium;\"><b>\u00a0 para que ela\u00a0<\/b><\/span><\/span><\/span><span style=\"color: #0000cc;\"><span style=\"font-family: Arial, serif;\"><span style=\"font-size: medium;\"><b>n\u00e3o escorregue e caia,<\/b><\/span><\/span><\/span><span style=\"color: #c00000;\"><span style=\"font-family: Arial, serif;\"><span style=\"font-size: medium;\"><b>\u00a0no\u00a0<\/b><\/span><\/span><\/span><span style=\"color: #0000cc;\"><span style=\"font-family: Arial, serif;\"><span style=\"font-size: medium;\"><b>ponto N tem que ter atrito<\/b><\/span><\/span><\/span><span style=\"color: #c00000;\"><span style=\"font-family: Arial, serif;\"><span style=\"font-size: medium;\"><b>, o que <\/b><\/span><\/span><\/span><span style=\"color: #0000cc;\"><span style=\"font-family: Arial, serif;\"><span style=\"font-size: medium;\"><b>n\u00e3o precisa ocorrer no ponto M.\u00a0<\/b><\/span><\/span><\/span><span style=\"color: #c00000;\"><span style=\"font-family: Arial, serif;\"><span style=\"font-size: medium;\"><b>\u00a0<\/b><\/span><\/span><\/span><\/p>\n<p><img loading=\"lazy\" decoding=\"async\" src=\"http:\/\/fisicaevestibular.com.br\/novo\/wp-content\/uploads\/migracao\/formulario\/est03\/0894787001532057893_estat03_html_m73ea6d50.png\" width=\"779\" height=\"225\" align=\"BOTTOM\" border=\"0\" \/><\/p>\n<p><span style=\"color: #c00000;\"><span style=\"font-family: Arial, serif;\"><span style=\"font-size: medium;\"><b>Essas tr\u00eas\u00a0<\/b><\/span><\/span><\/span><span style=\"color: #0000cc;\"><span style=\"font-family: Arial, serif;\"><span style=\"font-size: medium;\"><b>for\u00e7as obedecem ao teorema das tr\u00eas for\u00e7as de enunciado:<\/b><\/span><\/span><\/span><span style=\"color: #111111;\"><span style=\"font-family: Arial, serif;\"><span style=\"font-size: medium;\"><b>\u00a0<\/b><\/span><\/span><\/span><span style=\"color: #0000cc;\"><span style=\"font-family: Arial, serif;\"><span style=\"font-size: medium;\"><b>\u201c Se tr\u00eas for\u00e7as agem sobre um corpo de modo a mant\u00ea-lo em equil\u00edbrio, elas devem ser coplanares (mesmo plano) e concorrentes (seus prolongamentos devem se encontrar) num mesmo ponto (C)\u201d\u00a0<\/b><\/span><\/span><\/span><\/p>\n<p><img loading=\"lazy\" decoding=\"async\" src=\"http:\/\/fisicaevestibular.com.br\/novo\/wp-content\/uploads\/migracao\/formulario\/est03\/0894787001532057893_estat03_html_539d8be3.png\" width=\"779\" height=\"197\" align=\"BOTTOM\" border=\"0\" \/><\/p>\n<p align=\"CENTER\"><span style=\"color: #c00000;\"><span style=\"font-family: Arial Black, serif;\"><span style=\"font-size: large;\">M\u00e1quinas Simples<\/span><\/span><\/span><\/p>\n<p align=\"CENTER\"><img loading=\"lazy\" decoding=\"async\" src=\"http:\/\/fisicaevestibular.com.br\/novo\/wp-content\/uploads\/migracao\/formulario\/est03\/0894787001532057893_estat03_html_m4d948137.png\" width=\"787\" height=\"242\" align=\"BOTTOM\" border=\"0\" \/><\/p>\n<p align=\"CENTER\"><span style=\"color: #c00000;\"><span style=\"font-family: Arial Black, serif;\"><span style=\"font-size: large;\">Tipos de M\u00e1quinas Simples<\/span><\/span><\/span><\/p>\n<p align=\"CENTER\"><span style=\"color: #c00000;\"><span style=\"font-family: Arial Black, serif;\"><span style=\"font-size: large;\">Alavanca Interfixa<\/span><\/span><\/span><\/p>\n<p align=\"CENTER\"><img loading=\"lazy\" decoding=\"async\" src=\"http:\/\/fisicaevestibular.com.br\/novo\/wp-content\/uploads\/migracao\/formulario\/est03\/0894787001532057893_estat03_html_2122d01a.png\" width=\"785\" height=\"404\" align=\"BOTTOM\" border=\"0\" \/><span style=\"color: #c00000;\"><span style=\"font-family: Arial Black, serif;\"><span style=\"font-size: large;\">Alavanca Inter-resistente<\/span><\/span><\/span><\/p>\n<p align=\"CENTER\"><img loading=\"lazy\" decoding=\"async\" src=\"http:\/\/fisicaevestibular.com.br\/novo\/wp-content\/uploads\/migracao\/formulario\/est03\/0894787001532057893_estat03_html_m5f643127.png\" width=\"781\" height=\"397\" align=\"BOTTOM\" border=\"0\" \/><\/p>\n<p align=\"CENTER\"><span style=\"color: #c00000;\"><span style=\"font-family: Arial Black, serif;\"><span style=\"font-size: large;\">Alavanca Interpotente<\/span><\/span><\/span><\/p>\n<p align=\"CENTER\"><img loading=\"lazy\" decoding=\"async\" src=\"http:\/\/fisicaevestibular.com.br\/novo\/wp-content\/uploads\/migracao\/formulario\/est03\/0894787001532057893_estat03_html_m55b9e1a2.png\" width=\"780\" height=\"392\" align=\"BOTTOM\" border=\"0\" \/><\/p>\n<p align=\"CENTER\"><span style=\"color: #c00000;\"><span style=\"font-family: Arial Black, serif;\"><span style=\"font-size: large;\"><b>Informa\u00e7\u00f5es \u00fateis <\/b><\/span><\/span><\/span><span style=\"color: #0000cc;\"><span style=\"font-family: Arial Black, serif;\"><span style=\"font-size: large;\"><b>(dicas para vestibulares)<\/b><\/span><\/span><\/span><\/p>\n<p><a name=\"_GoBack\"><\/a> <img loading=\"lazy\" decoding=\"async\" src=\"http:\/\/fisicaevestibular.com.br\/novo\/wp-content\/uploads\/migracao\/formulario\/est03\/0894787001532057893_estat03_html_m7043b716.png\" width=\"780\" height=\"255\" align=\"BOTTOM\" border=\"0\" \/><\/p>\n","protected":false},"excerpt":{"rendered":"<p>Formul\u00e1rio completo de F\u00edsica com informa\u00e7\u00f5es \u00fateis (Dicas para vestibulares) Est\u00e1tica 03 Est\u00e1tica de um corpo extenso \u2013 M\u00e1quinas simples Momento (ou torque) de uma for\u00e7a C\u00e1lculo do momento quando for inclinada em rela\u00e7\u00e3o \u00e0 S\u00e3o dois processos: Informa\u00e7\u00f5es \u00fateis (dicas para vestibulares) Em rela\u00e7\u00e3o a um\u00a0mesmo polo,\u00a0o\u00a0momento da for\u00e7a resultante\u00a0\u00e9 fornecido pela\u00a0soma alg\u00e9brica dos momentos de cada uma das<\/p>\n","protected":false},"author":1,"featured_media":0,"parent":3987,"menu_order":0,"comment_status":"closed","ping_status":"closed","template":"","meta":{"om_disable_all_campaigns":false,"_monsterinsights_skip_tracking":false,"_monsterinsights_sitenote_active":false,"_monsterinsights_sitenote_note":"","_monsterinsights_sitenote_category":0,"footnotes":""},"class_list":["post-4064","page","type-page","status-publish","hentry"],"aioseo_notices":[],"_links":{"self":[{"href":"https:\/\/fisicaevestibular.com.br\/novo\/wp-json\/wp\/v2\/pages\/4064","targetHints":{"allow":["GET"]}}],"collection":[{"href":"https:\/\/fisicaevestibular.com.br\/novo\/wp-json\/wp\/v2\/pages"}],"about":[{"href":"https:\/\/fisicaevestibular.com.br\/novo\/wp-json\/wp\/v2\/types\/page"}],"author":[{"embeddable":true,"href":"https:\/\/fisicaevestibular.com.br\/novo\/wp-json\/wp\/v2\/users\/1"}],"replies":[{"embeddable":true,"href":"https:\/\/fisicaevestibular.com.br\/novo\/wp-json\/wp\/v2\/comments?post=4064"}],"version-history":[{"count":1,"href":"https:\/\/fisicaevestibular.com.br\/novo\/wp-json\/wp\/v2\/pages\/4064\/revisions"}],"predecessor-version":[{"id":4065,"href":"https:\/\/fisicaevestibular.com.br\/novo\/wp-json\/wp\/v2\/pages\/4064\/revisions\/4065"}],"up":[{"embeddable":true,"href":"https:\/\/fisicaevestibular.com.br\/novo\/wp-json\/wp\/v2\/pages\/3987"}],"wp:attachment":[{"href":"https:\/\/fisicaevestibular.com.br\/novo\/wp-json\/wp\/v2\/media?parent=4064"}],"curies":[{"name":"wp","href":"https:\/\/api.w.org\/{rel}","templated":true}]}}