{"id":4019,"date":"2018-06-25T05:02:45","date_gmt":"2018-06-25T05:02:45","guid":{"rendered":"http:\/\/fisicaevestibular.com.br\/novo\/?page_id=4019"},"modified":"2024-08-22T12:52:26","modified_gmt":"2024-08-22T12:52:26","slug":"dinamica-16-potencia-de-uma-forca-rendimento","status":"publish","type":"page","link":"https:\/\/fisicaevestibular.com.br\/novo\/formulario\/dinamica-16-potencia-de-uma-forca-rendimento\/","title":{"rendered":"Din\u00e2mica 16 &#8211; Pot\u00eancia de uma for\u00e7a \u2013 Rendimento"},"content":{"rendered":"<p align=\"CENTER\"><span style=\"color: #0000cc;\"><span style=\"font-family: Arial Black, serif;\"><span style=\"font-size: large;\"><b>Formul\u00e1rio completo de F\u00edsica com <\/b><\/span><\/span><\/span><span style=\"color: #c00000;\"><span style=\"font-family: Arial Black, serif;\"><span style=\"font-size: large;\"><b>informa\u00e7\u00f5es \u00fateis <\/b><\/span><\/span><\/span><\/p>\n<p align=\"CENTER\"><span style=\"color: #c00000;\"><span style=\"font-family: Arial Black, serif;\"><span style=\"font-size: large;\"><b>(dicas para vestibulares)<\/b><\/span><\/span><\/span><\/p>\n<p align=\"CENTER\"><span style=\"color: #0000cc;\"><span style=\"font-family: Viner Hand ITC, serif;\"><span style=\"font-size: x-large;\"><b>Din\u00e2mica 16<\/b><\/span><\/span><\/span><\/p>\n<p align=\"CENTER\"><span style=\"font-family: Times New Roman, serif;\"><span style=\"font-size: medium;\"><span style=\"color: #0000cc;\"><span style=\"font-family: Arial Black, serif;\"><span style=\"font-size: large;\"><b>Pot\u00eancia de uma for\u00e7a \u2013 Rendimento<\/b><\/span><\/span><\/span><\/span><\/span><\/p>\n<p align=\"CENTER\"><span style=\"font-family: Times New Roman, serif;\"><span style=\"font-size: medium;\"><span style=\"color: #c00000;\"><span style=\"font-family: Arial Black, serif;\"><span style=\"font-size: large;\"><b>Pot\u00eancia<\/b><\/span><\/span><\/span><\/span><\/span><\/p>\n<p><img fetchpriority=\"high\" decoding=\"async\" src=\"http:\/\/fisicaevestibular.com.br\/novo\/wp-content\/uploads\/migracao\/formulario\/0263295001529901801_dinampaulon(1)_html_21e15ee1.png\" width=\"782\" height=\"241\" align=\"BOTTOM\" border=\"0\" \/><\/p>\n<p align=\"CENTER\"><span style=\"font-family: Times New Roman, serif;\"><span style=\"font-size: medium;\"><span style=\"color: #0000cc;\"><span style=\"font-family: Arial Black, serif;\"><span style=\"font-size: large;\"><b>Informa\u00e7\u00f5es \u00fateis <\/b><\/span><\/span><\/span><span style=\"color: #c00000;\"><span style=\"font-family: Arial Black, serif;\"><span style=\"font-size: large;\"><b>(Dicas)<\/b><\/span><\/span><\/span><\/span><\/span><\/p>\n<p><img decoding=\"async\" src=\"http:\/\/fisicaevestibular.com.br\/novo\/wp-content\/uploads\/migracao\/formulario\/0263295001529901801_dinampaulon(1)_html_m740d0bd0.png\" width=\"42\" height=\"21\" align=\"BOTTOM\" border=\"0\" \/><\/p>\n<p align=\"CENTER\"><span style=\"color: #c00000;\"><span style=\"font-family: Arial Black, serif;\"><span style=\"font-size: large;\"><b>Rela\u00e7\u00e3o entre pot\u00eancia m\u00e9dia<\/b><\/span><\/span><\/span><span style=\"color: #0000cc;\"><span style=\"font-family: Arial Black, serif;\"><span style=\"font-size: large;\"><b> (P<\/b><\/span><\/span><\/span><span style=\"color: #0000cc;\"><sub><span style=\"font-family: Arial Black, serif;\"><span style=\"font-size: large;\"><b>m<\/b><\/span><\/span><\/sub><\/span><span style=\"color: #0000cc;\"><span style=\"font-family: Arial Black, serif;\"><span style=\"font-size: large;\"><b>) <\/b><\/span><\/span><\/span><span style=\"color: #c00000;\"><span style=\"font-family: Arial Black, serif;\"><span style=\"font-size: large;\"><b>e velocidade m\u00e9dia <\/b><\/span><\/span><\/span><span style=\"color: #0000cc;\"><span style=\"font-family: Arial Black, serif;\"><span style=\"font-size: large;\"><b>(V<\/b><\/span><\/span><\/span><span style=\"color: #0000cc;\"><sub><span style=\"font-family: Arial Black, serif;\"><span style=\"font-size: large;\"><b>m<\/b><\/span><\/span><\/sub><\/span><span style=\"color: #0000cc;\"><span style=\"font-family: Arial Black, serif;\"><span style=\"font-size: large;\"><b>)<\/b><\/span><\/span><\/span><\/p>\n<p align=\"CENTER\"><img decoding=\"async\" src=\"http:\/\/fisicaevestibular.com.br\/novo\/wp-content\/uploads\/migracao\/formulario\/0263295001529901801_dinampaulon(1)_html_m5957e7e.png\" width=\"781\" height=\"327\" align=\"BOTTOM\" border=\"0\" \/><\/p>\n<p><img decoding=\"async\" src=\"http:\/\/fisicaevestibular.com.br\/novo\/wp-content\/uploads\/migracao\/formulario\/0263295001529901801_dinampaulon(1)_html_m740d0bd0.png\" width=\"42\" height=\"21\" align=\"BOTTOM\" border=\"0\" \/><\/p>\n<p align=\"CENTER\"><span style=\"color: #c00000;\"><span style=\"font-family: Arial Black, serif;\"><span style=\"font-size: large;\"><b>Caracter\u00edstica do gr\u00e1fico da pot\u00eancia em fun\u00e7\u00e3o do tempo<\/b><\/span><\/span><\/span><\/p>\n<p><img loading=\"lazy\" decoding=\"async\" src=\"http:\/\/fisicaevestibular.com.br\/novo\/wp-content\/uploads\/migracao\/formulario\/0263295001529901801_dinampaulon(1)_html_5fea3e80.png\" width=\"777\" height=\"225\" align=\"BOTTOM\" border=\"0\" \/><\/p>\n<p align=\"CENTER\"><span style=\"color: #0000cc;\"><span style=\"font-family: Arial Black, serif;\"><span style=\"font-size: large;\"><b>Rendimento () de uma m\u00e1quina<\/b><\/span><\/span><\/span><\/p>\n<p align=\"CENTER\"><img loading=\"lazy\" decoding=\"async\" src=\"http:\/\/fisicaevestibular.com.br\/novo\/wp-content\/uploads\/migracao\/formulario\/0263295001529901801_dinampaulon(1)_html_m1dc5e90.png\" width=\"782\" height=\"299\" align=\"BOTTOM\" border=\"0\" \/><\/p>\n<p align=\"CENTER\"><span style=\"color: #0000cc;\"><span style=\"font-family: Arial Black, serif;\"><span style=\"font-size: large;\"><b>Informa\u00e7\u00f5es \u00fateis <\/b><\/span><\/span><\/span><span style=\"color: #c00000;\"><span style=\"font-family: Arial Black, serif;\"><span style=\"font-size: large;\"><b>(Dicas)<\/b><\/span><\/span><\/span><\/p>\n<p><img loading=\"lazy\" decoding=\"async\" src=\"http:\/\/fisicaevestibular.com.br\/novo\/wp-content\/uploads\/migracao\/formulario\/0263295001529901801_dinampaulon(1)_html_534d5bff.png\" width=\"31\" height=\"15\" align=\"BOTTOM\" border=\"0\" \/><\/p>\n<p><span style=\"font-family: Times New Roman, serif;\"><span style=\"font-size: medium;\"><span style=\"color: #c00000;\"><span style=\"font-family: Arial, serif;\"><b>Como o\u00a0<\/b><\/span><\/span><span style=\"color: #0000cc;\"><span style=\"font-family: Arial, serif;\"><b>rendimento \u03b7\u00a0 \u00e9 uma <\/b><\/span><\/span><span style=\"color: #0000cc;\"><span style=\"font-family: Arial Black, serif;\"><b>rela\u00e7\u00e3o entre duas grandezas de mesmas unidades<\/b><\/span><\/span><span style=\"color: #c00000;\"><span style=\"font-family: Arial, serif;\"><b>, elas\u00a0<\/b><\/span><\/span><span style=\"color: #0000cc;\"><span style=\"font-family: Arial, serif;\"><b>se cancelam<\/b><\/span><\/span><span style=\"color: #c00000;\"><span style=\"font-family: Arial, serif;\"><b>\u00a0e ele\u00a0<\/b><\/span><\/span><span style=\"color: #0000cc;\"><span style=\"font-family: Arial Black, serif;\"><b>n\u00e3o ter\u00e1 unidade <\/b><\/span><\/span><span style=\"color: #c00000;\"><span style=\"font-family: Arial, serif;\"><b>(grandeza adimensional).<\/b><\/span><\/span><\/span><\/span><\/p>\n<p><img loading=\"lazy\" decoding=\"async\" src=\"http:\/\/fisicaevestibular.com.br\/novo\/wp-content\/uploads\/migracao\/formulario\/0263295001529901801_dinampaulon(1)_html_534d5bff.png\" width=\"31\" height=\"15\" align=\"BOTTOM\" border=\"0\" \/><\/p>\n<p><span style=\"font-family: Times New Roman, serif;\"><span style=\"font-size: medium;\"><span style=\"color: #c00000;\"><span style=\"font-family: Arial, serif;\"><b>Sendo a <\/b><\/span><\/span><span style=\"color: #0000cc;\"><span style=\"font-family: Arial, serif;\"><b>pot\u00eancia \u00fatil P<\/b><\/span><\/span><span style=\"color: #0000cc;\"><sub><span style=\"font-family: Arial, serif;\"><b>u<\/b><\/span><\/sub><\/span><span style=\"color: #0000cc;\"><span style=\"font-family: Arial, serif;\"><b>\u00a0sempre menor que a pot\u00eancia total P<\/b><\/span><\/span><span style=\"color: #0000cc;\"><sub><span style=\"font-family: Arial, serif;\"><b>t<\/b><\/span><\/sub><\/span><span style=\"color: #c00000;\"><span style=\"font-family: Arial, serif;\"><b>,\u00a0o <\/b><\/span><\/span><span style=\"color: #0000cc;\"><span style=\"font-family: Arial Black, serif;\"><b>rendimento\u00a0\u03b7<\/b><\/span><\/span><span style=\"color: #0000cc;\"><span style=\"font-family: Arial, serif;\"><b>\u00a0<\/b><\/span><\/span><span style=\"color: #c00000;\"><span style=\"font-family: Arial, serif;\"><b>\u00a0sempre ser\u00e1\u00a0<\/b><\/span><\/span><span style=\"color: #0000cc;\"><span style=\"font-family: Arial Black, serif;\"><b>menor<\/b><\/span><\/span><b> <\/b><span style=\"color: #0000cc;\"><span style=\"font-family: Arial Black, serif;\"><b>que 1<\/b><\/span><\/span><span style=\"color: #c00000;\"><span style=\"font-family: Arial, serif;\"><b>, que normalmente \u00e9\u00a0<\/b><\/span><\/span><span style=\"color: #0000cc;\"><span style=\"font-family: Arial Black, serif;\"><b>multiplicado por 100,<\/b><\/span><\/span><span style=\"color: #0000cc;\"><span style=\"font-family: Arial, serif;\"><b> sendo assim expresso em <\/b><\/span><\/span><span style=\"color: #0000cc;\"><span style=\"font-family: Arial Black, serif;\"><b>porcentagem.<\/b><\/span><\/span><\/span><\/span><\/p>\n","protected":false},"excerpt":{"rendered":"<p>Formul\u00e1rio completo de F\u00edsica com informa\u00e7\u00f5es \u00fateis (dicas para vestibulares) Din\u00e2mica 16 Pot\u00eancia de uma for\u00e7a \u2013 Rendimento Pot\u00eancia Informa\u00e7\u00f5es \u00fateis (Dicas) Rela\u00e7\u00e3o entre pot\u00eancia m\u00e9dia (Pm) e velocidade m\u00e9dia (Vm) Caracter\u00edstica do gr\u00e1fico da pot\u00eancia em fun\u00e7\u00e3o do tempo Rendimento () de uma m\u00e1quina Informa\u00e7\u00f5es \u00fateis (Dicas) Como o\u00a0rendimento \u03b7\u00a0 \u00e9 uma rela\u00e7\u00e3o entre duas grandezas de mesmas unidades,<\/p>\n","protected":false},"author":1,"featured_media":0,"parent":3987,"menu_order":0,"comment_status":"closed","ping_status":"closed","template":"","meta":{"om_disable_all_campaigns":false,"_monsterinsights_skip_tracking":false,"_monsterinsights_sitenote_active":false,"_monsterinsights_sitenote_note":"","_monsterinsights_sitenote_category":0,"footnotes":""},"class_list":["post-4019","page","type-page","status-publish","hentry"],"aioseo_notices":[],"_links":{"self":[{"href":"https:\/\/fisicaevestibular.com.br\/novo\/wp-json\/wp\/v2\/pages\/4019","targetHints":{"allow":["GET"]}}],"collection":[{"href":"https:\/\/fisicaevestibular.com.br\/novo\/wp-json\/wp\/v2\/pages"}],"about":[{"href":"https:\/\/fisicaevestibular.com.br\/novo\/wp-json\/wp\/v2\/types\/page"}],"author":[{"embeddable":true,"href":"https:\/\/fisicaevestibular.com.br\/novo\/wp-json\/wp\/v2\/users\/1"}],"replies":[{"embeddable":true,"href":"https:\/\/fisicaevestibular.com.br\/novo\/wp-json\/wp\/v2\/comments?post=4019"}],"version-history":[{"count":1,"href":"https:\/\/fisicaevestibular.com.br\/novo\/wp-json\/wp\/v2\/pages\/4019\/revisions"}],"predecessor-version":[{"id":4020,"href":"https:\/\/fisicaevestibular.com.br\/novo\/wp-json\/wp\/v2\/pages\/4019\/revisions\/4020"}],"up":[{"embeddable":true,"href":"https:\/\/fisicaevestibular.com.br\/novo\/wp-json\/wp\/v2\/pages\/3987"}],"wp:attachment":[{"href":"https:\/\/fisicaevestibular.com.br\/novo\/wp-json\/wp\/v2\/media?parent=4019"}],"curies":[{"name":"wp","href":"https:\/\/api.w.org\/{rel}","templated":true}]}}