{"id":3993,"date":"2018-06-25T04:52:34","date_gmt":"2018-06-25T04:52:34","guid":{"rendered":"http:\/\/fisicaevestibular.com.br\/novo\/?page_id=3993"},"modified":"2024-08-22T12:57:25","modified_gmt":"2024-08-22T12:57:25","slug":"dinamica-3-terceira-lei-de-newton","status":"publish","type":"page","link":"https:\/\/fisicaevestibular.com.br\/novo\/formulario\/dinamica-3-terceira-lei-de-newton\/","title":{"rendered":"Din\u00e2mica 3 &#8211; Terceira Lei de Newton"},"content":{"rendered":"<p align=\"CENTER\"><span style=\"color: #0000cc;\"><span style=\"font-family: Arial Black, serif;\"><span style=\"font-size: large;\"><b>Formul\u00e1rio completo de F\u00edsica com informa\u00e7\u00f5es \u00fateis <\/b><\/span><\/span><\/span><\/p>\n<p align=\"CENTER\"><span style=\"color: #c00000;\"><span style=\"font-family: Arial Black, serif;\"><span style=\"font-size: large;\"><b>(dicas para vestibulares)<\/b><\/span><\/span><\/span><\/p>\n<p align=\"CENTER\"><span style=\"color: #0000cc;\"><span style=\"font-family: Viner Hand ITC, serif;\"><span style=\"font-size: x-large;\"><b>Din\u00e2mica 3<\/b><\/span><\/span><\/span><\/p>\n<p align=\"CENTER\"><span style=\"font-family: Times New Roman, serif;\"><span style=\"font-size: medium;\"><span style=\"color: #c00000;\"><span style=\"font-family: Arial Black, serif;\"><span style=\"font-size: large;\"><b>Terceira Lei de Newton ou <\/b><\/span><\/span><\/span><span style=\"color: #0000cc;\"><span style=\"font-family: Arial Black, serif;\"><span style=\"font-size: large;\"><b>Princ\u00edpio da a\u00e7\u00e3o e rea\u00e7\u00e3o<\/b><\/span><\/span><\/span><\/span><\/span><\/p>\n<p align=\"CENTER\"><span style=\"color: #0000cc;\">\u201c<span style=\"font-family: Times New Roman, serif;\"><span style=\"font-size: medium;\"><span style=\"font-family: Arial Black, serif;\"><b>Quando um corpo exerce uma for\u00e7a sobre outro, simultaneamente este outro reage sobre o primeiro aplicando-lhe uma for\u00e7a de mesma intensidade, mesma dire\u00e7\u00e3o, mas sentido contr\u00e1rio\u201d<\/b><\/span><\/span><b> <\/b><\/span><\/span><\/p>\n<p align=\"CENTER\"><span style=\"font-family: Times New Roman, serif;\"><span style=\"font-size: medium;\"><span style=\"color: #c00000;\"><span style=\"font-family: Arial Black, serif;\"><b>Exemplos<\/b><\/span><\/span><\/span><\/span><\/p>\n<p align=\"CENTER\"><img fetchpriority=\"high\" decoding=\"async\" src=\"http:\/\/fisicaevestibular.com.br\/novo\/wp-content\/uploads\/migracao\/formulario\/0263295001529901801_dinampaulon(1)_html_m2b232ec6.png\" width=\"786\" height=\"163\" align=\"BOTTOM\" border=\"0\" \/><\/p>\n<p align=\"CENTER\"><span style=\"font-family: Times New Roman, serif;\"><span style=\"font-size: medium;\"><span style=\"color: #000000;\"><span style=\"font-family: Arial, serif;\"><b>A\u00a0<\/b><\/span><\/span><span style=\"color: #0000cc;\"><span style=\"font-family: Arial, serif;\"><b>cabe\u00e7a<\/b><\/span><\/span><span style=\"color: #c00000;\"><span style=\"font-family: Arial, serif;\"><b>\u00a0troca for\u00e7as de\u00a0<\/b><\/span><\/span><span style=\"color: #0000cc;\"><span style=\"font-family: Arial, serif;\"><b>contato<\/b><\/span><\/span><span style=\"color: #c00000;\"><span style=\"font-family: Arial, serif;\"><b>\u00a0com a\u00a0<\/b><\/span><\/span><span style=\"color: #0000cc;\"><span style=\"font-family: Arial, serif;\"><b>bola<\/b><\/span><\/span><\/span><\/span><\/p>\n<p align=\"CENTER\"><img decoding=\"async\" src=\"http:\/\/fisicaevestibular.com.br\/novo\/wp-content\/uploads\/migracao\/formulario\/0263295001529901801_dinampaulon(1)_html_m7d5ee118.png\" width=\"515\" height=\"223\" align=\"BOTTOM\" border=\"0\" \/><\/p>\n<p align=\"CENTER\"><span style=\"font-family: Times New Roman, serif;\"><span style=\"font-size: medium;\"><span style=\"color: #000000;\"><span style=\"font-family: Arial, serif;\"><b>O\u00a0<\/b><\/span><\/span><span style=\"color: #0000cc;\"><span style=\"font-family: Arial, serif;\"><b>im\u00e3 (A)<\/b><\/span><\/span><span style=\"color: #c00000;\"><span style=\"font-family: Arial, serif;\"><b>\u00a0troca for\u00e7as de campo com o\u00a0<\/b><\/span><\/span><span style=\"color: #0000cc;\"><span style=\"font-family: Arial, serif;\"><b>im\u00e3 (B)<\/b><\/span><\/span><\/span><\/span><\/p>\n<p><img decoding=\"async\" src=\"http:\/\/fisicaevestibular.com.br\/novo\/wp-content\/uploads\/migracao\/formulario\/0263295001529901801_dinampaulon(1)_html_m47276eb.png\" width=\"774\" height=\"171\" align=\"BOTTOM\" border=\"0\" \/><\/p>\n<p align=\"CENTER\"><span style=\"color: #c00000;\"><span style=\"font-family: Arial Black, serif;\"><span style=\"font-size: large;\"><b>Informa\u00e7\u00f5es \u00fateis <\/b><\/span><\/span><\/span><span style=\"color: #0000cc;\"><span style=\"font-family: Arial Black, serif;\"><span style=\"font-size: large;\"><b>(dicas para vestibulares)<\/b><\/span><\/span><\/span><\/p>\n<p><img loading=\"lazy\" decoding=\"async\" src=\"http:\/\/fisicaevestibular.com.br\/novo\/wp-content\/uploads\/migracao\/formulario\/0263295001529901801_dinampaulon(1)_html_m740d0bd0.png\" width=\"42\" height=\"21\" align=\"BOTTOM\" border=\"0\" \/><\/p>\n<p align=\"CENTER\"><span style=\"font-family: Times New Roman, serif;\"><span style=\"font-size: medium;\"><span style=\"color: #000000;\"><span style=\"font-family: Arial Black, serif;\"><b>As\u00a0<\/b><\/span><\/span><span style=\"color: #0000cc;\"><span style=\"font-family: Arial Black, serif;\"><b>for\u00e7as<\/b><\/span><\/span><span style=\"color: #c00000;\"><span style=\"font-family: Arial Black, serif;\"><b>\u00a0que constituem\u00a0<\/b><\/span><\/span><span style=\"color: #0000cc;\"><span style=\"font-family: Arial Black, serif;\"><b>o par a\u00e7\u00e3o e rea\u00e7\u00e3o:<\/b><\/span><\/span><\/span><\/span><\/p>\n<p><img loading=\"lazy\" decoding=\"async\" src=\"http:\/\/fisicaevestibular.com.br\/novo\/wp-content\/uploads\/migracao\/formulario\/0263295001529901801_dinampaulon(1)_html_19e97b1b.png\" width=\"703\" height=\"85\" align=\"BOTTOM\" border=\"0\" \/><\/p>\n<p><img loading=\"lazy\" decoding=\"async\" src=\"http:\/\/fisicaevestibular.com.br\/novo\/wp-content\/uploads\/migracao\/formulario\/0263295001529901801_dinampaulon(1)_html_326e0888.png\" width=\"29\" height=\"13\" align=\"BOTTOM\" border=\"0\" \/><span style=\"color: #111111;\">\u00a0<\/span><span style=\"font-family: Times New Roman, serif;\"><span style=\"font-size: medium;\"><span style=\"color: #c00000;\"><span style=\"font-family: Arial, serif;\"><b>Jamais se anulam<\/b><\/span><\/span><span style=\"color: #0000cc;\"><span style=\"font-family: Arial, serif;\"><b>, pois s\u00e3o aplicadas em\u00a0<\/b><\/span><\/span><span style=\"color: #c00000;\"><span style=\"font-family: Arial, serif;\"><b>corpos diferentes.<\/b><\/span><\/span><\/span><\/span><\/p>\n<p><img loading=\"lazy\" decoding=\"async\" src=\"http:\/\/fisicaevestibular.com.br\/novo\/wp-content\/uploads\/migracao\/formulario\/0263295001529901801_dinampaulon(1)_html_326e0888.png\" width=\"29\" height=\"13\" align=\"BOTTOM\" border=\"0\" \/><span style=\"color: #111111;\">\u00a0<\/span><span style=\"font-family: Times New Roman, serif;\"><span style=\"font-size: medium;\"><span style=\"color: #c00000;\"><span style=\"font-family: Arial, serif;\"><b>Ocorrem simultaneamente, n\u00e3o\u00a0<\/b><\/span><\/span><span style=\"color: #0000cc;\"><span style=\"font-family: Arial, serif;\"><b>podendo uma surgir depois da outra.<\/b><\/span><\/span><\/span><\/span><\/p>\n<p><img loading=\"lazy\" decoding=\"async\" src=\"http:\/\/fisicaevestibular.com.br\/novo\/wp-content\/uploads\/migracao\/formulario\/0263295001529901801_dinampaulon(1)_html_4dd823c5.png\" width=\"29\" height=\"13\" align=\"BOTTOM\" border=\"0\" \/><span style=\"color: #111111;\">\u00a0<\/span><span style=\"font-family: Times New Roman, serif;\"><span style=\"font-size: medium;\"><span style=\"color: #0000cc;\"><span style=\"font-family: Arial, serif;\"><b>S\u00f3 existem durante a intera\u00e7\u00e3o\u00a0<\/b><\/span><\/span><span style=\"color: #c00000;\"><span style=\"font-family: Arial, serif;\"><b>o que exige a\u00a0<\/b><\/span><\/span><span style=\"color: #0000cc;\"><span style=\"font-family: Arial, serif;\"><b>presen\u00e7a de dois corpos<\/b><\/span><\/span><span style=\"color: #000000;\"><span style=\"font-family: Arial, serif;\"><b>, <\/b><\/span><\/span><span style=\"color: #0000cc;\"><span style=\"font-family: Arial Black, serif;\"><b>portanto surgem sempre aos pares.<\/b><\/span><\/span><\/span><\/span><\/p>\n<p><span style=\"font-family: Times New Roman, serif;\"><span style=\"font-size: medium;\"><span style=\"color: #c00000;\"><span style=\"font-family: Arial, serif;\"><b>Assim, se consegu\u00edssemos\u00a0<\/b><\/span><\/span><span style=\"color: #0000cc;\"><span style=\"font-family: Arial, serif;\"><b>somar todas as for\u00e7as <\/b><\/span><\/span><span style=\"color: #c00000;\"><span style=\"font-family: Arial, serif;\"><b>que est\u00e3o agindo no\u00a0<\/b><\/span><\/span><span style=\"color: #0000cc;\"><span style=\"font-family: Arial, serif;\"><b>Universo nesse instante,<\/b><\/span><\/span><\/span><\/span><\/p>\n<p><span style=\"font-family: Times New Roman, serif;\"><span style=\"font-size: medium;\"><span style=\"color: #c00000;\"><span style=\"font-family: Arial, serif;\"><b>obter\u00edamos um\u00a0<\/b><\/span><\/span><span style=\"color: #0000cc;\"><span style=\"font-family: Arial, serif;\"><b>n\u00famero par.<\/b><\/span><\/span><\/span><\/span><\/p>\n<p><img loading=\"lazy\" decoding=\"async\" src=\"http:\/\/fisicaevestibular.com.br\/novo\/wp-content\/uploads\/migracao\/formulario\/0263295001529901801_dinampaulon(1)_html_326e0888.png\" width=\"29\" height=\"13\" align=\"BOTTOM\" border=\"0\" \/><span style=\"color: #000000;\">\u00a0<span style=\"font-family: Times New Roman, serif;\"><span style=\"font-size: medium;\"><span style=\"font-family: Arial, serif;\"><b>\u00c9\u00a0<\/b><\/span><\/span><span style=\"color: #c00000;\"><span style=\"font-family: Arial, serif;\"><b>i<\/b><\/span><\/span><span style=\"color: #0000cc;\"><span style=\"font-family: Arial, serif;\"><b>ndiferente <\/b><\/span><\/span><span style=\"color: #c00000;\"><span style=\"font-family: Arial, serif;\"><b>distinguir<\/b><\/span><\/span><span style=\"color: #111111;\"><span style=\"font-family: Arial, serif;\"><b>\u00a0<\/b><\/span><\/span><span style=\"color: #0000cc;\"><span style=\"font-family: Arial, serif;\"><b>qual for\u00e7a \u00e9 a a\u00e7\u00e3o e qual \u00e9 a rea\u00e7\u00e3o.<\/b><\/span><\/span><\/span><\/span><\/p>\n<p><img loading=\"lazy\" decoding=\"async\" src=\"http:\/\/fisicaevestibular.com.br\/novo\/wp-content\/uploads\/migracao\/formulario\/0263295001529901801_dinampaulon(1)_html_m740d0bd0.png\" width=\"42\" height=\"21\" align=\"BOTTOM\" border=\"0\" \/><\/p>\n<p><img loading=\"lazy\" decoding=\"async\" src=\"http:\/\/fisicaevestibular.com.br\/novo\/wp-content\/uploads\/migracao\/formulario\/0263295001529901801_dinampaulon(1)_html_15b2d1e0.png\" width=\"775\" height=\"58\" align=\"BOTTOM\" border=\"0\" \/><\/p>\n<p><img loading=\"lazy\" decoding=\"async\" src=\"http:\/\/fisicaevestibular.com.br\/novo\/wp-content\/uploads\/migracao\/formulario\/0263295001529901801_dinampaulon(1)_html_m740d0bd0.png\" width=\"42\" height=\"21\" align=\"BOTTOM\" border=\"0\" \/><\/p>\n<p><img loading=\"lazy\" decoding=\"async\" src=\"http:\/\/fisicaevestibular.com.br\/novo\/wp-content\/uploads\/migracao\/formulario\/0263295001529901801_dinampaulon(1)_html_72508334.png\" width=\"781\" height=\"233\" align=\"BOTTOM\" border=\"0\" \/><\/p>\n<p><img loading=\"lazy\" decoding=\"async\" src=\"http:\/\/fisicaevestibular.com.br\/novo\/wp-content\/uploads\/migracao\/formulario\/0263295001529901801_dinampaulon(1)_html_m713faa04.png\" width=\"817\" height=\"196\" align=\"BOTTOM\" border=\"0\" \/><\/p>\n<p><img loading=\"lazy\" decoding=\"async\" src=\"http:\/\/fisicaevestibular.com.br\/novo\/wp-content\/uploads\/migracao\/formulario\/0263295001529901801_dinampaulon(1)_html_m740d0bd0.png\" width=\"42\" height=\"21\" align=\"BOTTOM\" border=\"0\" \/><\/p>\n<p><span style=\"font-family: Times New Roman, serif;\"><span style=\"font-size: medium;\"><span style=\"color: #c00000;\"><span style=\"font-family: Arial, serif;\"><b>Ao\u00a0<\/b><\/span><\/span><span style=\"color: #0000cc;\"><span style=\"font-family: Arial, serif;\"><b>disparar uma bala, <\/b><\/span><\/span><span style=\"color: #000000;\"><span style=\"font-family: Arial, serif;\"><b>o\u00a0<\/b><\/span><\/span><span style=\"color: #0000cc;\"><span style=\"font-family: Arial, serif;\"><b>fuzil e a bala trocam for\u00e7as de mesma intensidade,<\/b><\/span><\/span><span style=\"color: #000000;\"><span style=\"font-family: Arial, serif;\"><b>\u00a0mas a <\/b><\/span><\/span><span style=\"color: #0000cc;\"><span style=\"font-family: Arial, serif;\"><b>acelera\u00e7\u00e3o\u00a0<\/b><\/span><\/span><span style=\"color: #000000;\"><span style=\"font-family: Arial, serif;\"><b>da<\/b><\/span><\/span><\/span><\/span><\/p>\n<p><img loading=\"lazy\" decoding=\"async\" src=\"http:\/\/fisicaevestibular.com.br\/novo\/wp-content\/uploads\/migracao\/formulario\/0263295001529901801_dinampaulon(1)_html_68c786b0.png\" width=\"774\" height=\"190\" align=\"BOTTOM\" border=\"0\" \/><\/p>\n<p><span style=\"font-family: Times New Roman, serif;\"><span style=\"font-size: medium;\"><span style=\"color: #0000cc;\"><span style=\"font-family: Arial, serif;\"><b>bala \u00e9 maior porque sua massa \u00e9 menor.<\/b><\/span><\/span><\/span><\/span><\/p>\n<p><img loading=\"lazy\" decoding=\"async\" src=\"http:\/\/fisicaevestibular.com.br\/novo\/wp-content\/uploads\/migracao\/formulario\/0263295001529901801_dinampaulon(1)_html_m740d0bd0.png\" width=\"42\" height=\"21\" align=\"BOTTOM\" border=\"0\" \/><\/p>\n<p><img loading=\"lazy\" decoding=\"async\" src=\"http:\/\/fisicaevestibular.com.br\/novo\/wp-content\/uploads\/migracao\/formulario\/0263295001529901801_dinampaulon(1)_html_24bb12dc.png\" width=\"775\" height=\"269\" align=\"BOTTOM\" border=\"0\" \/><\/p>\n","protected":false},"excerpt":{"rendered":"<p>Formul\u00e1rio completo de F\u00edsica com informa\u00e7\u00f5es \u00fateis (dicas para vestibulares) Din\u00e2mica 3 Terceira Lei de Newton ou Princ\u00edpio da a\u00e7\u00e3o e rea\u00e7\u00e3o \u201cQuando um corpo exerce uma for\u00e7a sobre outro, simultaneamente este outro reage sobre o primeiro aplicando-lhe uma for\u00e7a de mesma intensidade, mesma dire\u00e7\u00e3o, mas sentido contr\u00e1rio\u201d Exemplos A\u00a0cabe\u00e7a\u00a0troca for\u00e7as de\u00a0contato\u00a0com a\u00a0bola O\u00a0im\u00e3 (A)\u00a0troca for\u00e7as de campo com o\u00a0im\u00e3<\/p>\n","protected":false},"author":1,"featured_media":0,"parent":3987,"menu_order":0,"comment_status":"closed","ping_status":"closed","template":"","meta":{"om_disable_all_campaigns":false,"_monsterinsights_skip_tracking":false,"_monsterinsights_sitenote_active":false,"_monsterinsights_sitenote_note":"","_monsterinsights_sitenote_category":0,"footnotes":""},"class_list":["post-3993","page","type-page","status-publish","hentry"],"aioseo_notices":[],"_links":{"self":[{"href":"https:\/\/fisicaevestibular.com.br\/novo\/wp-json\/wp\/v2\/pages\/3993","targetHints":{"allow":["GET"]}}],"collection":[{"href":"https:\/\/fisicaevestibular.com.br\/novo\/wp-json\/wp\/v2\/pages"}],"about":[{"href":"https:\/\/fisicaevestibular.com.br\/novo\/wp-json\/wp\/v2\/types\/page"}],"author":[{"embeddable":true,"href":"https:\/\/fisicaevestibular.com.br\/novo\/wp-json\/wp\/v2\/users\/1"}],"replies":[{"embeddable":true,"href":"https:\/\/fisicaevestibular.com.br\/novo\/wp-json\/wp\/v2\/comments?post=3993"}],"version-history":[{"count":1,"href":"https:\/\/fisicaevestibular.com.br\/novo\/wp-json\/wp\/v2\/pages\/3993\/revisions"}],"predecessor-version":[{"id":3994,"href":"https:\/\/fisicaevestibular.com.br\/novo\/wp-json\/wp\/v2\/pages\/3993\/revisions\/3994"}],"up":[{"embeddable":true,"href":"https:\/\/fisicaevestibular.com.br\/novo\/wp-json\/wp\/v2\/pages\/3987"}],"wp:attachment":[{"href":"https:\/\/fisicaevestibular.com.br\/novo\/wp-json\/wp\/v2\/media?parent=3993"}],"curies":[{"name":"wp","href":"https:\/\/api.w.org\/{rel}","templated":true}]}}