{"id":3873,"date":"2018-04-22T21:45:53","date_gmt":"2018-04-22T21:45:53","guid":{"rendered":"http:\/\/fisicaevestibular.com.br\/novo\/?page_id=3873"},"modified":"2024-09-04T12:41:17","modified_gmt":"2024-09-04T12:41:17","slug":"resolucao-da-ueg-2017","status":"publish","type":"page","link":"https:\/\/fisicaevestibular.com.br\/novo\/universidades-2018\/ueg-2018\/resolucao-da-ueg-2017\/","title":{"rendered":"Resolu\u00e7\u00e3o da UEG 2017"},"content":{"rendered":"<p><span style=\"color: #0000ff;\"><span style=\"font-family: Arial\\ Black, serif;\"><span style=\"font-size: medium;\"><b>Resolu\u00e7\u00f5es<\/b><\/span><\/span><\/span><\/p>\n<p><span style=\"color: #0000ff;\"><span style=\"font-family: Arial\\ Black, serif;\"><span style=\"font-size: medium;\"><b>01 \u2013 <\/b><\/span><\/span><\/span><span style=\"color: #ff0000;\"><span style=\"font-family: Arial, serif;\"><span style=\"font-size: medium;\"><b>De primeira <\/b><\/span><\/span><\/span><span style=\"color: #0000ff;\"><span style=\"font-family: Arial, serif;\"><span style=\"font-size: medium;\"><b>podemos dizer nesse exerc\u00edcio que <\/b><\/span><\/span><\/span><span style=\"color: #ff0000;\"><span style=\"font-family: Arial, serif;\"><span style=\"font-size: medium;\"><b>existem apenas quatro <\/b><\/span><\/span><\/span><span style=\"color: #0000ff;\"><span style=\"font-family: Arial, serif;\"><span style=\"font-size: medium;\"><b>for\u00e7as representadas abaixo:<\/b><\/span><\/span><\/span><\/p>\n<p><a href=\"http:\/\/fisicaevestibular.com.br\/novo\/wp-content\/uploads\/2018\/04\/Captura-de-Tela-2018-04-22-a\u0300s-21.59.30.png\"><img fetchpriority=\"high\" decoding=\"async\" class=\"aligncenter size-full wp-image-3879\" src=\"http:\/\/fisicaevestibular.com.br\/novo\/wp-content\/uploads\/2018\/04\/Captura-de-Tela-2018-04-22-a\u0300s-21.59.30.png\" alt=\"Captura de Tela 2018-04-22 a\u0300s 21.59.30\" width=\"434\" height=\"252\" srcset=\"https:\/\/fisicaevestibular.com.br\/novo\/wp-content\/uploads\/2018\/04\/Captura-de-Tela-2018-04-22-a\u0300s-21.59.30.png 434w, https:\/\/fisicaevestibular.com.br\/novo\/wp-content\/uploads\/2018\/04\/Captura-de-Tela-2018-04-22-a\u0300s-21.59.30-300x174.png 300w\" sizes=\"(max-width: 434px) 100vw, 434px\" \/><\/a><\/p>\n<p><span style=\"color: #0000ff;\"><span style=\"font-family: Arial, serif;\"><span style=\"font-size: medium;\"><b>A for\u00e7a F j\u00e1 apresentada, em vermelho a for\u00e7a peso, em azul a for\u00e7a de atrito e em laranja a normal. Mas <\/b><\/span><\/span><\/span><span style=\"color: #ff0000;\"><span style=\"font-family: Arial, serif;\"><span style=\"font-size: medium;\"><b>segundo a terceira lei de Newton:<\/b><\/span><\/span><\/span><\/p>\n<p><span style=\"color: #0000ff;\">\u201c<\/span><span style=\"color: #0000ff;\"><span style=\"font-family: Arial, serif;\"><span style=\"font-size: medium;\"><b>Quando um corpo exerce uma for\u00e7a sobre outro, simultaneamente este outro reage sobre o primeiro aplicando-lhe uma for\u00e7a de mesma intensidade, mesma dire\u00e7\u00e3o, mas sentido contr\u00e1rio\u201d<\/b><\/span><\/span><\/span><\/p>\n<p><img decoding=\"async\" src=\"http:\/\/fisicaevestibular.com.br\/novo\/wp-content\/uploads\/universidades-2018\/ueg\/Resoluc_a_o_UEG_2018-1_html_dd741913.png\" alt=\"\" width=\"366\" height=\"179\" name=\"Imagem 25\" align=\"BOTTOM\" border=\"0\" \/><img decoding=\"async\" src=\"http:\/\/fisicaevestibular.com.br\/novo\/wp-content\/uploads\/universidades-2018\/ueg\/Resoluc_a_o_UEG_2018-1_html_82a11ee8.png\" alt=\"\" width=\"358\" height=\"155\" name=\"Imagem 24\" align=\"LEFT\" border=\"0\" hspace=\"12\" \/><\/p>\n<p><span style=\"color: #0000ff;\"><span style=\"font-family: Arial, serif;\"><span style=\"font-size: medium;\"><b>Sendo assim <\/b><\/span><\/span><\/span><span style=\"color: #ff0000;\"><span style=\"font-family: Arial, serif;\"><span style=\"font-size: medium;\"><b>n\u00e3o temos apenas quatro for\u00e7as, mas sim 8. Alternativa correta \u00e9 a D.<\/b><\/span><\/span><\/span><\/p>\n<p><span style=\"color: #0000ff;\"><span style=\"font-family: Arial\\ Black, serif;\"><span style=\"font-size: medium;\"><b>02 \u2013 <\/b><\/span><\/span><\/span><span style=\"color: #0000ff;\"><span style=\"font-family: Arial, serif;\"><span style=\"font-size: medium;\"><b>Para esse exerc\u00edcio nem \u00e9 necess\u00e1rio utilizar conhecimentos de f\u00edsica, visto que <\/b><\/span><\/span><\/span><span style=\"color: #ff0000;\"><span style=\"font-family: Arial, serif;\"><span style=\"font-size: medium;\"><b>a pot\u00eancia n\u00e3o muda, o importante mesmo \u00e9 o tempo utilizado<\/b><\/span><\/span><\/span><span style=\"color: #0000ff;\"><span style=\"font-family: Arial, serif;\"><span style=\"font-size: medium;\"><b>. Em <\/b><\/span><\/span><\/span><span style=\"color: #ff0000;\"><span style=\"font-family: Arial, serif;\"><span style=\"font-size: medium;\"><b>6 dias<\/b><\/span><\/span><\/span><span style=\"color: #0000ff;\"><span style=\"font-family: Arial, serif;\"><span style=\"font-size: medium;\"><b> por semana <\/b><\/span><\/span><\/span><span style=\"color: #ff0000;\"><span style=\"font-family: Arial, serif;\"><span style=\"font-size: medium;\"><b>por 30 min (meia hora)<\/b><\/span><\/span><\/span><span style=\"color: #0000ff;\"><span style=\"font-family: Arial, serif;\"><span style=\"font-size: medium;\"><b> n\u00f3s temos:<\/b><\/span><\/span><\/span><\/p>\n<p align=\"CENTER\"><span style=\"color: #0000ff;\"><span style=\"font-family: Arial, serif;\"><span style=\"font-size: medium;\"><b>6.0,5 horas = 3 horas<\/b><\/span><\/span><\/span><\/p>\n<p><span style=\"color: #0000ff;\"><span style=\"font-family: Arial, serif;\"><span style=\"font-size: medium;\"><b>No outro caso <\/b><\/span><\/span><\/span><span style=\"color: #ff0000;\"><span style=\"font-family: Arial, serif;\"><span style=\"font-size: medium;\"><b>se utiliza o ferro 2 horas por semana<\/b><\/span><\/span><\/span><span style=\"color: #0000ff;\"><span style=\"font-family: Arial, serif;\"><span style=\"font-size: medium;\"><b>. Ent\u00e3o se economiza 3 \u2013 2 = <\/b><\/span><\/span><\/span><span style=\"color: #ff0000;\"><span style=\"font-family: Arial, serif;\"><span style=\"font-size: medium;\"><b>1 hora por semana<\/b><\/span><\/span><\/span><span style=\"color: #0000ff;\"><span style=\"font-family: Arial, serif;\"><span style=\"font-size: medium;\"><b>. Se fizermos <\/b><\/span><\/span><\/span><span style=\"color: #ff0000;\"><span style=\"font-family: Arial, serif;\"><span style=\"font-size: medium;\"><b>a divis\u00e3o 1\/3 = 0,33 = 33% temos o quanto economizamos por semana<\/b><\/span><\/span><\/span><span style=\"color: #0000ff;\"><span style=\"font-family: Arial, serif;\"><span style=\"font-size: medium;\"><b> em rela\u00e7\u00e3o ao valor inicial. Alternativa B<\/b><\/span><\/span><\/span><\/p>\n<p><span style=\"color: #0000ff;\"><span style=\"font-family: Arial\\ Black, serif;\"><span style=\"font-size: medium;\"><b>03 \u2013 <\/b><\/span><\/span><\/span><span style=\"color: #0000ff;\"><span style=\"font-family: Arial, serif;\"><span style=\"font-size: medium;\"><b>Nesse caso precisamos lembrar de uma f\u00f3rmula importante:<\/b><\/span><\/span><\/span><\/p>\n<p align=\"CENTER\"><img loading=\"lazy\" decoding=\"async\" src=\"http:\/\/fisicaevestibular.com.br\/novo\/wp-content\/uploads\/universidades-2018\/ueg\/Resoluc_a_o_UEG_2018-1_html_135f6be.png\" alt=\"\" width=\"770\" height=\"140\" name=\"Imagem 9\" align=\"BOTTOM\" border=\"0\" \/><\/p>\n<p><span style=\"color: #0000ff;\"><span style=\"font-family: Arial, serif;\"><span style=\"font-size: medium;\"><b>Isolando a velocidade:<\/b><\/span><\/span><\/span><\/p>\n<p><a href=\"http:\/\/fisicaevestibular.com.br\/novo\/wp-content\/uploads\/2018\/04\/Captura-de-Tela-2018-04-29-a\u0300s-22.45.10.png\"><img loading=\"lazy\" decoding=\"async\" class=\"aligncenter size-full wp-image-3880\" src=\"http:\/\/fisicaevestibular.com.br\/novo\/wp-content\/uploads\/2018\/04\/Captura-de-Tela-2018-04-29-a\u0300s-22.45.10.png\" alt=\"Captura de Tela 2018-04-29 a\u0300s 22.45.10\" width=\"90\" height=\"56\" \/><\/a><span style=\"color: #0000ff;\"><span style=\"font-family: Arial, serif;\"><span style=\"font-size: medium;\"><b>Como <\/b><\/span><\/span><\/span><span style=\"color: #ff0000;\"><span style=\"font-family: Arial, serif;\"><span style=\"font-size: medium;\"><b>a part\u00edcula se movimenta em linha reta <\/b><\/span><\/span><\/span><span style=\"color: #0000ff;\"><span style=\"font-family: Arial, serif;\"><span style=\"font-size: medium;\"><b>quer dizer que <\/b><\/span><\/span><\/span><span style=\"color: #ff0000;\"><span style=\"font-family: Arial, serif;\"><span style=\"font-size: medium;\"><b>as for\u00e7as el\u00e9tricas e magn\u00e9ticas se anulam,<\/b><\/span><\/span><\/span><span style=\"color: #0000ff;\"><span style=\"font-family: Arial, serif;\"><span style=\"font-size: medium;\"><b> ou seja, elas <\/b><\/span><\/span><\/span><span style=\"color: #ff0000;\"><span style=\"font-family: Arial, serif;\"><span style=\"font-size: medium;\"><b>s\u00e3o iguais em intensidade, por\u00e9m possuem sentidos contr\u00e1rios<\/b><\/span><\/span><\/span><span style=\"color: #0000ff;\"><span style=\"font-family: Arial, serif;\"><span style=\"font-size: medium;\"><b>. Essa informa\u00e7\u00e3o \u00e9 fundamental, pois:<\/b><\/span><\/span><\/span><\/p>\n<p align=\"CENTER\"><span style=\"color: #ff0000;\"><span style=\"font-family: Arial, serif;\"><span style=\"font-size: medium;\"><b>F<\/b><\/span><\/span><\/span><span style=\"color: #ff0000;\"><sub><span style=\"font-family: Arial, serif;\"><span style=\"font-size: medium;\"><b>m<\/b><\/span><\/span><\/sub><\/span><span style=\"color: #ff0000;\"><span style=\"font-family: Arial, serif;\"><span style=\"font-size: medium;\"><b> = F<\/b><\/span><\/span><\/span><span style=\"color: #ff0000;\"><sub><span style=\"font-family: Arial, serif;\"><span style=\"font-size: medium;\"><b>e <\/b><\/span><\/span><\/sub><\/span><\/p>\n<p>&nbsp;<\/p>\n<p><img loading=\"lazy\" decoding=\"async\" class=\"size-full wp-image-3881 aligncenter\" src=\"http:\/\/fisicaevestibular.com.br\/novo\/wp-content\/uploads\/2018\/04\/Captura-de-Tela-2018-04-29-a\u0300s-22.47.32.png\" alt=\"Captura de Tela 2018-04-29 a\u0300s 22.47.32\" width=\"543\" height=\"333\" srcset=\"https:\/\/fisicaevestibular.com.br\/novo\/wp-content\/uploads\/2018\/04\/Captura-de-Tela-2018-04-29-a\u0300s-22.47.32.png 543w, https:\/\/fisicaevestibular.com.br\/novo\/wp-content\/uploads\/2018\/04\/Captura-de-Tela-2018-04-29-a\u0300s-22.47.32-300x183.png 300w\" sizes=\"(max-width: 543px) 100vw, 543px\" \/><\/p>\n<p><span style=\"color: #0000ff;\"><span style=\"font-family: Arial\\ Black, serif;\"><span style=\"font-size: medium;\"><b>04 \u2013 <\/b><\/span><\/span><\/span><span style=\"color: #0000ff;\"><span style=\"font-family: Arial, serif;\"><span style=\"font-size: medium;\"><b>Bom, sabemos que <\/b><\/span><\/span><\/span><span style=\"color: #ff0000;\"><span style=\"font-family: Arial, serif;\"><span style=\"font-size: medium;\"><b>a cada 30 anos o C\u00e9sio perde metade de sua massa inicial. <\/b><\/span><\/span><\/span><span style=\"color: #0000ff;\"><span style=\"font-family: Arial, serif;\"><span style=\"font-size: medium;\"><b>2077 \u00e9 <\/b><\/span><\/span><\/span><span style=\"color: #ff0000;\"><span style=\"font-family: Arial, serif;\"><span style=\"font-size: medium;\"><b>60 anos depois de 2017, <\/b><\/span><\/span><\/span><span style=\"color: #0000ff;\"><span style=\"font-family: Arial, serif;\"><span style=\"font-size: medium;\"><b>sendo que <\/b><\/span><\/span><\/span><span style=\"color: #ff0000;\"><span style=\"font-family: Arial, serif;\"><span style=\"font-size: medium;\"><b>em 2017 j\u00e1 se passaram 30 anos, <\/b><\/span><\/span><\/span><span style=\"color: #0000ff;\"><span style=\"font-family: Arial, serif;\"><span style=\"font-size: medium;\"><b>ent\u00e3o a quantidade total de anos <\/b><\/span><\/span><\/span><span style=\"color: #ff0000;\"><span style=\"font-family: Arial, serif;\"><span style=\"font-size: medium;\"><b>\u00e9 30 + 60 = 90 anos. <\/b><\/span><\/span><\/span><span style=\"color: #0000ff;\"><span style=\"font-family: Arial, serif;\"><span style=\"font-size: medium;\"><b>Se a cada 30 anos se vai uma meia vida de C\u00e9sio, ent\u00e3o <\/b><\/span><\/span><\/span><span style=\"color: #ff0000;\"><span style=\"font-family: Arial, serif;\"><span style=\"font-size: medium;\"><b>em 90 anos se v\u00e3o 3 meias vidas.<\/b><\/span><\/span><\/span><span style=\"color: #0000ff;\"><span style=\"font-family: Arial, serif;\"><span style=\"font-size: medium;\"><b> Isso equivale \u00e0 <\/b><\/span><\/span><\/span><span style=\"color: #ff0000;\"><span style=\"font-family: Arial, serif;\"><span style=\"font-size: medium;\"><b>metade da metade da metade da massa inicial,<\/b><\/span><\/span><\/span><span style=\"color: #0000ff;\"><span style=\"font-family: Arial, serif;\"><span style=\"font-size: medium;\"><b> ou:<\/b><\/span><\/span><\/span><\/p>\n<p><a href=\"http:\/\/fisicaevestibular.com.br\/novo\/wp-content\/uploads\/2018\/04\/Captura-de-Tela-2018-04-29-a\u0300s-22.49.03.png\"><img loading=\"lazy\" decoding=\"async\" class=\"aligncenter size-full wp-image-3882\" src=\"http:\/\/fisicaevestibular.com.br\/novo\/wp-content\/uploads\/2018\/04\/Captura-de-Tela-2018-04-29-a\u0300s-22.49.03.png\" alt=\"Captura de Tela 2018-04-29 a\u0300s 22.49.03\" width=\"273\" height=\"56\" \/><\/a><\/p>\n<p><span style=\"color: #ff0000;\"><span style=\"font-family: Arial, serif;\"><span style=\"font-size: medium;\"><b>O que equivale \u00e0 1\/8 da massa inicial, alternativa C.<\/b><\/span><\/span><\/span><\/p>\n<p>&nbsp;<\/p>\n<h3><a title=\"UEG 2018\" href=\"http:\/\/fisicaevestibular.com.br\/novo\/universidades-2018\/ueg-2018\/\"><span style=\"color: #000080;\">Voltar para os exerc\u00edcios<\/span><\/a><\/h3>\n","protected":false},"excerpt":{"rendered":"<p>Resolu\u00e7\u00f5es 01 \u2013 De primeira podemos dizer nesse exerc\u00edcio que existem apenas quatro for\u00e7as representadas abaixo: A for\u00e7a F j\u00e1 apresentada, em vermelho a for\u00e7a peso, em azul a for\u00e7a de atrito e em laranja a normal. Mas segundo a terceira lei de Newton: \u201cQuando um corpo exerce uma for\u00e7a sobre outro, simultaneamente este outro reage sobre o primeiro aplicando-lhe<\/p>\n","protected":false},"author":1,"featured_media":0,"parent":3871,"menu_order":0,"comment_status":"closed","ping_status":"closed","template":"","meta":{"om_disable_all_campaigns":false,"_monsterinsights_skip_tracking":false,"_monsterinsights_sitenote_active":false,"_monsterinsights_sitenote_note":"","_monsterinsights_sitenote_category":0,"footnotes":""},"class_list":["post-3873","page","type-page","status-publish","hentry"],"aioseo_notices":[],"_links":{"self":[{"href":"https:\/\/fisicaevestibular.com.br\/novo\/wp-json\/wp\/v2\/pages\/3873","targetHints":{"allow":["GET"]}}],"collection":[{"href":"https:\/\/fisicaevestibular.com.br\/novo\/wp-json\/wp\/v2\/pages"}],"about":[{"href":"https:\/\/fisicaevestibular.com.br\/novo\/wp-json\/wp\/v2\/types\/page"}],"author":[{"embeddable":true,"href":"https:\/\/fisicaevestibular.com.br\/novo\/wp-json\/wp\/v2\/users\/1"}],"replies":[{"embeddable":true,"href":"https:\/\/fisicaevestibular.com.br\/novo\/wp-json\/wp\/v2\/comments?post=3873"}],"version-history":[{"count":4,"href":"https:\/\/fisicaevestibular.com.br\/novo\/wp-json\/wp\/v2\/pages\/3873\/revisions"}],"predecessor-version":[{"id":3883,"href":"https:\/\/fisicaevestibular.com.br\/novo\/wp-json\/wp\/v2\/pages\/3873\/revisions\/3883"}],"up":[{"embeddable":true,"href":"https:\/\/fisicaevestibular.com.br\/novo\/wp-json\/wp\/v2\/pages\/3871"}],"wp:attachment":[{"href":"https:\/\/fisicaevestibular.com.br\/novo\/wp-json\/wp\/v2\/media?parent=3873"}],"curies":[{"name":"wp","href":"https:\/\/api.w.org\/{rel}","templated":true}]}}