{"id":3822,"date":"2018-02-15T11:39:11","date_gmt":"2018-02-15T11:39:11","guid":{"rendered":"http:\/\/fisicaevestibular.com.br\/novo\/?page_id=3822"},"modified":"2024-08-20T23:10:07","modified_gmt":"2024-08-20T23:10:07","slug":"resolucao-comentada-eletromagnetismo-forca-eletromotriz-induzida-transformadores","status":"publish","type":"page","link":"https:\/\/fisicaevestibular.com.br\/novo\/enem\/eletromagnetismo-forca-eletromotriz-induzida-transformadores\/resolucao-comentada-eletromagnetismo-forca-eletromotriz-induzida-transformadores\/","title":{"rendered":"ELETROMAGNETISMO- Resolu\u00e7\u00e3o Comentada"},"content":{"rendered":"<p align=\"CENTER\"><span style=\"color: #0000cc;\">\u00a0<\/span><span style=\"color: #c00000;\"><span style=\"font-family: Arial\\ Black, serif;\"><span style=\"font-size: large;\"><b>Resolu\u00e7\u00e3o Comentada<\/b><\/span><\/span><\/span><b> <\/b><\/p>\n<p align=\"CENTER\"><span style=\"color: #0000cc;\"><span style=\"font-family: Arial\\ Black, serif;\"><span style=\"font-size: large;\"><b>ELETROMAGNETISMO<\/b><\/span><\/span><\/span><\/p>\n<pre><span style=\"color: #c00000;\"><span style=\"font-family: Arial\\ Black, serif;\"><span style=\"font-size: large;\"><b>For\u00e7a Eletromotriz Induzida - Transformadores<\/b><\/span><\/span><\/span><\/pre>\n<p>&nbsp;<\/p>\n<pre><span style=\"color: #c00000;\"><span style=\"font-family: Arial\\ Black, serif;\"><span style=\"font-size: large;\"><b>01-(ENEM-MEC)<\/b><\/span><\/span><\/span><\/pre>\n<p><span style=\"color: #0000cc;\"><span style=\"font-family: Arial, serif;\"><span style=\"font-size: medium;\"><b>Michael Faraday, experimentalmente observou que a tens\u00e3o m\u00e9dia induzida e consequentemente a\u00a0<\/b><\/span><\/span><\/span><span style=\"color: #0000cc;\"><span style=\"font-family: Arial, serif;\"><span style=\"font-size: medium;\"><b>corrente el\u00e9trica induzida\u00a0<\/b><\/span><\/span><\/span><span style=\"color: #0000cc;\"><span style=\"font-family: Arial, serif;\"><span style=\"font-size: medium;\"><b>\u00e9 maior quanto mais r\u00e1pida for a varia\u00e7\u00e3o do fluxo magn\u00e9tico no circuito. Lembrando que a essa tens\u00e3o m\u00e9dia induzida d\u00e1-se o nome de for\u00e7a eletromotriz (voltagem) induzida. \u00a0Assim, ele definiu essa lei da seguinte maneira: \u201c O m\u00f3dulo da for\u00e7a eletromotriz induzida num circuito \u00e9 igual \u00e0 raz\u00e3o entre a varia\u00e7\u00e3o do fluxo magn\u00e9tico nesse circuito, pelo intervalo de tempo em que essa varia\u00e7\u00e3o ocorre\u201d<\/b><\/span><\/span><\/span><\/p>\n<p><img fetchpriority=\"high\" decoding=\"async\" src=\"http:\/\/fisicaevestibular.com.br\/novo\/wp-content\/uploads\/migracao\/enem\/43\/ENEM43_html_e60d42ef.jpg\" alt=\"\" width=\"780\" height=\"113\" name=\"Imagem 23\" align=\"BOTTOM\" border=\"0\" \/><\/p>\n<p><span style=\"color: #0000cc;\"><span style=\"font-family: Arial, serif;\"><span style=\"font-size: medium;\"><b>Observe nas express\u00f5es abaixo que, quanto maior a intensidade do campo magn\u00e9tico, maior ser\u00e1 o fluxo magn\u00e9tico e, nas express\u00f5es acima que, a for\u00e7a eletromotriz induzida (voltagem induzida) e consequentemente corrente el\u00e9trica induzida \u00e9 diretamente proporcional \u00e0 varia\u00e7\u00e3o do fluxo magn\u00e9tico\u00a0 &#8212; \u00a0<\/b><\/span><\/span><\/span><\/p>\n<p><img decoding=\"async\" src=\"http:\/\/fisicaevestibular.com.br\/novo\/wp-content\/uploads\/migracao\/enem\/43\/ENEM43_html_9675bbc8.jpg\" alt=\"\" width=\"785\" height=\"125\" name=\"Imagem 24\" align=\"BOTTOM\" border=\"0\" \/><\/p>\n<p><img decoding=\"async\" src=\"http:\/\/fisicaevestibular.com.br\/novo\/wp-content\/uploads\/migracao\/enem\/43\/ENEM43_html_80f732a1.jpg\" alt=\"\" width=\"781\" height=\"183\" name=\"Imagem 25\" align=\"BOTTOM\" border=\"0\" \/><\/p>\n<p><span style=\"color: #0000cc;\"><span style=\"font-family: Arial, serif;\"><span style=\"font-size: medium;\"><b>No caso do exerc\u00edcio: existem tr\u00eas maneiras de aumentar a intensidade do campo magn\u00e9tico em uma\u00a0<\/b><\/span><\/span><\/span><span style=\"color: #0000cc;\"><span style=\"font-family: Arial, serif;\"><span style=\"font-size: medium;\"><b>bobina<\/b><\/span><\/span><\/span><span style=\"color: #0000cc;\"><span style=\"font-family: Arial, serif;\"><span style=\"font-size: medium;\"><b>, tamb\u00e9m conhecida por\u00a0<\/b><\/span><\/span><\/span><span style=\"color: #0000cc;\"><span style=\"font-family: Arial, serif;\"><span style=\"font-size: medium;\"><b>solenoide<\/b><\/span><\/span><\/span><span style=\"color: #0000cc;\"><span style=\"font-family: Arial, serif;\"><span style=\"font-size: medium;\"><b>\u00a0\u00a0&#8212;\u00a0\u00a0aumentando o n\u00famero de espiras\u00a0 &#8212;\u00a0 \u00a0<\/b><\/span><\/span><\/span><\/p>\n<p align=\"CENTER\"><img loading=\"lazy\" decoding=\"async\" src=\"http:\/\/fisicaevestibular.com.br\/novo\/wp-content\/uploads\/migracao\/enem\/43\/ENEM43_html_1d0dddde.jpg\" alt=\"\" width=\"663\" height=\"219\" name=\"Imagem 26\" align=\"BOTTOM\" border=\"0\" \/><\/p>\n<p><span style=\"color: #0000cc;\"><span style=\"font-family: Arial, serif;\"><span style=\"font-size: medium;\"><b>aumentando a intensidade de corrente el\u00e9trica e\u00a0 &#8212; inserindo um material ferromagn\u00e9tico\u00a0no interior das espiras\u00a0 &#8212;\u00a0 a\u00a0intensidade da corrente induzida depende da varia\u00e7\u00e3o do fluxo magn\u00e9tico gerado pela corrente na bobina\u00a0 &#8212;\u00a0\u00a0 quanto mais intensa for a corrente na bobina, maior ser\u00e1 a intensidade da corrente induzida no c\u00e9rebro.\u00a0<\/b><\/span><\/span><\/span><\/p>\n<p><span style=\"color: #ff0000;\"><span style=\"font-family: Arial\\ Black, serif;\"><span style=\"font-size: medium;\"><b>R- C<\/b><\/span><\/span><\/span><\/p>\n<p><span style=\"color: #0000cc;\">\u00a0<\/span><\/p>\n<p><span style=\"color: #c00000;\"><span style=\"font-family: Arial\\ Black, serif;\"><span style=\"font-size: large;\"><b>02-(UNIFESP-SP)<\/b><\/span><\/span><\/span><\/p>\n<p><span style=\"color: #0000cc;\"><span style=\"font-family: Arial, serif;\"><span style=\"font-size: medium;\"><b>A corrente est\u00e1 sendo induzida (indu\u00e7\u00e3o eletromagn\u00e9tica) e muda de sentido no \u201cvai e vem\u201d do im\u00e3 que provoca uma varia\u00e7\u00e3o de fluxo magn\u00e9tico que, por sua vez induz uma tens\u00e3o (voltagem) alternada e, consequentemente uma corrente el\u00e9trica alternada provocada pelo \u201cvai e vem\u201d do im\u00e3\u201d\u00a0 &#8212;\u00a0\u00a0<\/b><\/span><\/span><\/span><span style=\"color: #ff0000;\"><span style=\"font-family: Arial\\ Black, serif;\"><span style=\"font-size: medium;\"><b>R- A<\/b><\/span><\/span><\/span><\/p>\n<p><span style=\"color: #0000cc;\">\u00a0<\/span><\/p>\n<p><span style=\"color: #c00000;\"><span style=\"font-family: Arial\\ Black, serif;\"><span style=\"font-size: large;\"><b>03-(UFRN)<\/b><\/span><\/span><\/span><\/p>\n<p><span style=\"color: #0000cc;\"><span style=\"font-family: Arial, serif;\"><span style=\"font-size: medium;\"><b>Quando o rotor (estator) onde est\u00e1 preso o im\u00e3 gira devido ao contato do eixo do rotor com o pneu da bicicleta, surge nas espiras uma for\u00e7a eletromotriz (tens\u00e3o, voltagem) e consequentemente corrente el\u00e9trica induzida\u00a0 &#8212;\u00a0 \u00a0\u00a0est\u00e1 havendo transforma\u00e7\u00e3o de energia mec\u00e2nica (devido ao giro do pneu da bicicleta e do rotor) em el\u00e9trica (aparecimento de uma corrente el\u00e9trica induzida)\u00a0 &#8212;\u00a0\u00a0<\/b><\/span><\/span><\/span><span style=\"color: #ff0000;\"><span style=\"font-family: Arial\\ Black, serif;\"><span style=\"font-size: medium;\"><b>R- C.<\/b><\/span><\/span><\/span><\/p>\n<p><span style=\"color: #0000cc;\">\u00a0<\/span><\/p>\n<p><span style=\"color: #c00000;\"><span style=\"font-family: Arial\\ Black, serif;\"><span style=\"font-size: large;\"><b>04-(FUVEST-SP)<\/b><\/span><\/span><\/span><\/p>\n<p><span style=\"color: #0000cc;\">\u00a0<span style=\"font-family: Arial, serif;\"><span style=\"font-size: medium;\"><b>O alum\u00ednio \u00e9 um material paramagn\u00e9tico, ou seja, fracamente atra\u00eddo pelo \u00edm\u00e3\u00a0 &#8212;\u00a0 como est\u00e1 equidistante dos polos do \u00edm\u00e3 a for\u00e7a resultante no anel no eixo N &#8211; S \u00e9 nula. Por\u00e9m, o fluxo de linhas de indu\u00e7\u00e3o no interior do anel \u00e9 vari\u00e1vel e cria uma pequena corrente induzida e consequentemente uma for\u00e7a eletromotriz induzida e uma corrente el\u00e9trica induzida que transformam o anel num pequeno im\u00e3 cujos polos se op\u00f5em ao movimento (lei de Lenz)\u00a0 &#8212; ent\u00e3o, passam a agir sobre o anel for\u00e7as magn\u00e9ticas que se op\u00f5es ao movimento, diminuindo lentamente a oscila\u00e7\u00e3o\u00a0 &#8212;\u00a0\u00a0<\/b><\/span><\/span><\/span><span style=\"color: #ff0000;\"><span style=\"font-family: Arial\\ Black, serif;\"><span style=\"font-size: medium;\"><b>R- A<\/b><\/span><\/span><\/span><\/p>\n<p><span style=\"color: #0000cc;\">\u00a0<\/span><\/p>\n<p><span style=\"color: #c00000;\"><span style=\"font-family: Arial\\ Black, serif;\"><span style=\"font-size: large;\"><b>05-(Fazu-MG)<\/b><\/span><\/span><\/span><\/p>\n<p><span style=\"color: #0000cc;\">\u00a0<span style=\"font-family: Arial, serif;\"><span style=\"font-size: medium;\"><b>As asas do avi\u00e3o se comportam como se fossem um condutor retil\u00edneo em movimento, atravessando o campo magn\u00e9tico da Terra e consequentemente induzindo uma for\u00e7a eletromotriz (diferen\u00e7a de potencial) entre os extremos de suas asas\u00a0 &#8212;\u00a0\u00a0<\/b><\/span><\/span><\/span><span style=\"color: #ff0000;\"><span style=\"font-family: Arial\\ Black, serif;\"><span style=\"font-size: medium;\"><b>R- E<\/b><\/span><\/span><\/span><span style=\"color: #ff0000;\"><span style=\"font-family: Arial, serif;\"><span style=\"font-size: medium;\"><b>\u00a0\u00a0\u00a0\u00a0\u00a0<\/b><\/span><\/span><\/span><\/p>\n<p><span style=\"color: #c00000;\"><span style=\"font-family: Arial\\ Black, serif;\"><span style=\"font-size: large;\"><b>06-(UFSM-RS)<\/b><\/span><\/span><\/span><\/p>\n<p><span style=\"color: #0000cc;\"><span style=\"font-family: Arial, serif;\"><span style=\"font-size: medium;\"><b>A fun\u00e7\u00e3o de um transformador \u00e9 aumentar ou diminuir a diferen\u00e7a de potencial\u00a0 voltagem)\u00a0 &#8212;\u00a0\u00a0trata-<\/b><\/span><\/span><\/span><\/p>\n<p align=\"CENTER\"><img loading=\"lazy\" decoding=\"async\" src=\"http:\/\/fisicaevestibular.com.br\/novo\/wp-content\/uploads\/migracao\/enem\/43\/ENEM43_html_d62b798d.jpg\" alt=\"\" width=\"237\" height=\"147\" name=\"Imagem 27\" align=\"BOTTOM\" border=\"0\" \/><span style=\"color: #0000cc;\"> <img loading=\"lazy\" decoding=\"async\" src=\"http:\/\/fisicaevestibular.com.br\/novo\/wp-content\/uploads\/migracao\/enem\/43\/ENEM43_html_c6b63348.jpg\" alt=\"\" width=\"241\" height=\"148\" name=\"Imagem 28\" align=\"BOTTOM\" border=\"0\" \/><\/span><\/p>\n<p><span style=\"color: #0000cc;\"><span style=\"font-family: Arial, serif;\"><span style=\"font-size: medium;\"><b>se de um dispositivo de corrente alternada que opera baseado nos princ\u00edpios eletromagn\u00e9ticos da Lei de Faraday e da Lei de Lenz\u00a0 &#8212;\u00a0 o transformador de tens\u00e3o (voltagem) consta de uma pe\u00e7a de ferro, denominada de n\u00facleo do transformador, ao redor do qual s\u00e3o enroladas duas bobinas, uma denominada prim\u00e1ria e a outra secund\u00e1ria. <\/b><\/span><\/span><\/span><\/p>\n<p><span style=\"color: #0000cc;\"><span style=\"font-family: Arial, serif;\"><span style=\"font-size: medium;\"><b>Em uma dessas bobinas \u00e9 aplicada a tens\u00e3o que se deseja transformar, ou seja, aumentar ou diminuir. Essa bobina \u00e9 chamada de bobina prim\u00e1ria ou enrolamento prim\u00e1rio. Depois de transformada, a tens\u00e3o \u00e9 estabelecida nos terminais da outra bobina, que \u00e9 denominada bobina secund\u00e1ria ou enrolamento secund\u00e1rio.<\/b><\/span><\/span><\/span><\/p>\n<p><span style=\"color: #ff0000;\"><span style=\"font-family: Arial\\ Black, serif;\"><span style=\"font-size: medium;\"><b>R- A.<\/b><\/span><\/span><\/span><\/p>\n<p><span style=\"color: #0000cc;\">\u00a0<\/span><\/p>\n<p><span style=\"color: #c00000;\"><span style=\"font-family: Arial\\ Black, serif;\"><span style=\"font-size: large;\"><b>07- (UFSM-RS)<\/b><\/span><\/span><\/span><\/p>\n<p><span style=\"color: #0000cc;\">\u00a0<span style=\"font-family: Arial, serif;\"><span style=\"font-size: medium;\"><b>As usinas geradoras de energia el\u00e9trica produzem corrente el\u00e9trica alternada que permite, atrav\u00e9s de um transformador, elevar<\/b><\/span><\/span><\/span><\/p>\n<p><img loading=\"lazy\" decoding=\"async\" src=\"http:\/\/fisicaevestibular.com.br\/novo\/wp-content\/uploads\/migracao\/enem\/43\/ENEM43_html_55ed637b.jpg\" alt=\"\" width=\"781\" height=\"190\" name=\"Imagem 29\" align=\"BOTTOM\" border=\"0\" \/><\/p>\n<p><span style=\"color: #0000cc;\"><span style=\"font-family: Arial, serif;\"><span style=\"font-size: medium;\"><b>a tens\u00e3o e, assim, diminuir a intensidade da corrente diminuindo as perdas de energia por efeito <\/b><\/span><\/span><\/span><\/p>\n<p><img loading=\"lazy\" decoding=\"async\" src=\"http:\/\/fisicaevestibular.com.br\/novo\/wp-content\/uploads\/migracao\/enem\/43\/ENEM43_html_2c51bf59.jpg\" alt=\"\" width=\"781\" height=\"181\" name=\"Imagem 30\" align=\"BOTTOM\" border=\"0\" \/><\/p>\n<p><span style=\"color: #0000cc;\"><span style=\"font-family: Arial, serif;\"><span style=\"font-size: medium;\"><b>Joule nas longas linhas de transmiss\u00e3o que ocorreriam se as correntes fossem muito elevadas.<\/b><\/span><\/span><\/span><\/p>\n<p><span style=\"color: #ff0000;\"><span style=\"font-family: Arial\\ Black, serif;\"><span style=\"font-size: medium;\"><b>R- C<\/b><\/span><\/span><\/span><\/p>\n<p><span style=\"color: #c00000;\"><span style=\"font-family: Arial\\ Black, serif;\"><span style=\"font-size: large;\"><b>08- (UFSCAR-SP)<\/b><\/span><\/span><\/span><\/p>\n<p><span style=\"color: #0000cc;\"><span style=\"font-family: Arial, serif;\"><span style=\"font-size: medium;\"><b>A fun\u00e7\u00e3o de um transformador \u00e9 aumentar ou diminuir a diferen\u00e7a de potencial\u00a0 voltagem)\u00a0 &#8212;\u00a0\u00a0trata-se de um dispositivo de corrente alternada (movimento oscilante dos portadores de carga el\u00e9trica \u201ccorrente el\u00e9trica oscilante que efetua um \u201cvai e vem\u201d, no Brasil 60 vezes por segundo, ou seja, frequ\u00eancia 60Hz\u201d) que opera baseado nos princ\u00edpios eletromagn\u00e9ticos da Lei de Faraday e da Lei de Lenz, ou seja, devido ao fen\u00f4meno da indu\u00e7\u00e3o eletromagn\u00e9tica\u00a0 &#8212;\u00a0\u00a0<\/b><\/span><\/span><\/span><span style=\"color: #ff0000;\"><span style=\"font-family: Arial\\ Black, serif;\"><span style=\"font-size: medium;\"><b>R-E<\/b><\/span><\/span><\/span><span style=\"color: #ff0000;\"><span style=\"font-family: Arial\\ Black, serif;\"><span style=\"font-size: medium;\"><b>.<\/b><\/span><\/span><\/span><span style=\"color: #ff0000;\"><span style=\"font-family: Arial, serif;\"><span style=\"font-size: medium;\"><b>\u00a0 \u00a0\u00a0<\/b><\/span><\/span><\/span><\/p>\n<p><span style=\"color: #c00000;\"><span style=\"font-family: Arial\\ Black, serif;\"><span style=\"font-size: large;\"><b>09- (UFRN-RN)<\/b><\/span><\/span><\/span><\/p>\n<p><span style=\"color: #0000cc;\">\u00a0<span style=\"font-family: Arial, serif;\"><span style=\"font-size: medium;\"><b>Um transformador s\u00f3 funciona com corrente alternada\u00a0 &#8212;\u00a0\u00a0<\/b><\/span><\/span><\/span><span style=\"color: #ff0000;\"><span style=\"font-family: Arial\\ Black, serif;\"><span style=\"font-size: medium;\"><b>R- C<\/b><\/span><\/span><\/span><\/p>\n<p><span style=\"color: #c00000;\"><span style=\"font-family: Arial\\ Black, serif;\"><span style=\"font-size: large;\"><b>10-(UFRGS-RS)<\/b><\/span><\/span><\/span><\/p>\n<p><span style=\"color: #ff0000;\">\u00a0<span style=\"font-family: Arial\\ Black, serif;\"><span style=\"font-size: medium;\"><b>R- B<\/b><\/span><\/span><\/span><span style=\"color: #ff0000;\"><span style=\"font-family: Arial, serif;\"><span style=\"font-size: medium;\"><b>\u00a0\u00a0<\/b><\/span><\/span><\/span><span style=\"color: #0000cc;\"><span style=\"font-family: Arial, serif;\"><span style=\"font-size: medium;\"><b>&#8212;\u00a0 veja exerc\u00edcios anteriores<\/b><\/span><\/span><\/span><\/p>\n<p><span style=\"color: #c00000;\"><span style=\"font-family: Arial\\ Black, serif;\"><span style=\"font-size: large;\"><b>11-(UFOP-MG)\u00a0<\/b><\/span><\/span><\/span><\/p>\n<p><span style=\"color: #0000cc;\">\u00a0<span style=\"font-family: Arial, serif;\"><span style=\"font-size: medium;\"><b>Nas usinas hidrel\u00e9tricas, s\u00f3 haver\u00e1 corrente el\u00e9trica induzida se houver varia\u00e7\u00e3o de fluxo magn\u00e9tico o que s\u00f3 \u00e9 poss\u00edvel girando a espira e, assim,\u00a0 a corrente el\u00e9trica produzida \u00e9 alternada e, \u00e9 esse tipo de corrente que o transformador recebe\u00a0 &#8212;\u00a0 essa corrente el\u00e9trica induzida \u00e9 uma fun\u00e7\u00e3o senoidal do tempo e \u00e9 alternada porque ela percorre a espira ou bobina invertendo seu sentido durante um ciclo, como indica o gr\u00e1fico i X t.<\/b><\/span><\/span><\/span><\/p>\n<p align=\"CENTER\"><img loading=\"lazy\" decoding=\"async\" src=\"http:\/\/fisicaevestibular.com.br\/novo\/wp-content\/uploads\/migracao\/enem\/43\/ENEM43_html_538ba8b8.jpg\" alt=\"\" width=\"525\" height=\"227\" name=\"Imagem 31\" align=\"BOTTOM\" border=\"0\" \/><\/p>\n<p><span style=\"color: #ff0000;\"><span style=\"font-family: Arial\\ Black, serif;\"><span style=\"font-size: medium;\"><b>R- B<\/b><\/span><\/span><\/span><\/p>\n<h3><span style=\"color: #0000cc;\"><a title=\"ELETROMAGNETISMO \u2013 For\u00e7a Eletromotriz Induzida \u2013 Transformadores\" href=\"http:\/\/fisicaevestibular.com.br\/novo\/enem\/eletromagnetismo-forca-eletromotriz-induzida-transformadores\/\"><span style=\"color: #000080;\">Voltar para os exerc\u00edcios<\/span><\/a><br \/>\n<\/span><\/h3>\n","protected":false},"excerpt":{"rendered":"<p>\u00a0Resolu\u00e7\u00e3o Comentada ELETROMAGNETISMO For\u00e7a Eletromotriz Induzida &#8211; Transformadores &nbsp; 01-(ENEM-MEC) Michael Faraday, experimentalmente observou que a tens\u00e3o m\u00e9dia induzida e consequentemente a\u00a0corrente el\u00e9trica induzida\u00a0\u00e9 maior quanto mais r\u00e1pida for a varia\u00e7\u00e3o do fluxo magn\u00e9tico no circuito. Lembrando que a essa tens\u00e3o m\u00e9dia induzida d\u00e1-se o nome de for\u00e7a eletromotriz (voltagem) induzida. \u00a0Assim, ele definiu essa lei da seguinte maneira: \u201c<\/p>\n","protected":false},"author":1,"featured_media":0,"parent":3820,"menu_order":0,"comment_status":"closed","ping_status":"closed","template":"","meta":{"om_disable_all_campaigns":false,"_monsterinsights_skip_tracking":false,"_monsterinsights_sitenote_active":false,"_monsterinsights_sitenote_note":"","_monsterinsights_sitenote_category":0,"footnotes":""},"class_list":["post-3822","page","type-page","status-publish","hentry"],"aioseo_notices":[],"_links":{"self":[{"href":"https:\/\/fisicaevestibular.com.br\/novo\/wp-json\/wp\/v2\/pages\/3822","targetHints":{"allow":["GET"]}}],"collection":[{"href":"https:\/\/fisicaevestibular.com.br\/novo\/wp-json\/wp\/v2\/pages"}],"about":[{"href":"https:\/\/fisicaevestibular.com.br\/novo\/wp-json\/wp\/v2\/types\/page"}],"author":[{"embeddable":true,"href":"https:\/\/fisicaevestibular.com.br\/novo\/wp-json\/wp\/v2\/users\/1"}],"replies":[{"embeddable":true,"href":"https:\/\/fisicaevestibular.com.br\/novo\/wp-json\/wp\/v2\/comments?post=3822"}],"version-history":[{"count":6,"href":"https:\/\/fisicaevestibular.com.br\/novo\/wp-json\/wp\/v2\/pages\/3822\/revisions"}],"predecessor-version":[{"id":10666,"href":"https:\/\/fisicaevestibular.com.br\/novo\/wp-json\/wp\/v2\/pages\/3822\/revisions\/10666"}],"up":[{"embeddable":true,"href":"https:\/\/fisicaevestibular.com.br\/novo\/wp-json\/wp\/v2\/pages\/3820"}],"wp:attachment":[{"href":"https:\/\/fisicaevestibular.com.br\/novo\/wp-json\/wp\/v2\/media?parent=3822"}],"curies":[{"name":"wp","href":"https:\/\/api.w.org\/{rel}","templated":true}]}}