{"id":3738,"date":"2018-02-13T18:03:26","date_gmt":"2018-02-13T18:03:26","guid":{"rendered":"http:\/\/fisicaevestibular.com.br\/novo\/?page_id=3738"},"modified":"2024-06-26T15:33:41","modified_gmt":"2024-06-26T15:33:41","slug":"optica-geometrica-lentes-construcao-geometrica-de-imagens","status":"publish","type":"page","link":"https:\/\/fisicaevestibular.com.br\/novo\/enem\/optica-geometrica-lentes-construcao-geometrica-de-imagens\/","title":{"rendered":"\u00d3ptica Geom\u00e9trica &#8211; Lentes \u2013Constru\u00e7\u00e3o geom\u00e9trica de Imagens"},"content":{"rendered":"<p align=\"CENTER\"><span style=\"color: #0000cc;\"><span style=\"font-family: Arial\\ Black, serif;\"><span style=\"font-size: large;\"><b>\u00d3ptica Geom\u00e9trica<\/b><\/span><\/span><\/span><\/p>\n<p align=\"CENTER\"><span style=\"color: #c00000;\"><span style=\"font-family: Arial\\ Black, serif;\"><span style=\"font-size: large;\"><b>Lentes \u2013 Constru\u00e7\u00e3o geom\u00e9trica de Imagens<\/b><\/span><\/span><\/span><\/p>\n<p align=\"CENTER\"><span style=\"color: #c00000;\"><span style=\"font-family: Arial\\ Black, serif;\"><span style=\"font-size: x-large;\"><b>Exerc\u00edcios com caracter\u00edsticas de ENEM<\/b><\/span><\/span><\/span><\/p>\n<p><span style=\"color: #0000cc;\"><span style=\"font-family: Arial\\ Black, serif;\"><span style=\"font-size: large;\"><b>01- (UFAL-AL<\/b><\/span><\/span><\/span><span style=\"color: #0000cc;\"><span style=\"font-family: Arial, serif;\"><span style=\"font-size: large;\"><b>)<\/b><\/span><\/span><\/span><\/p>\n<p><img fetchpriority=\"high\" decoding=\"async\" class=\"alignnone\" src=\"http:\/\/fisicaevestibular.com.br\/novo\/wp-content\/uploads\/migracao\/enem\/28\/ENEM28_html_cc429d8d.jpg\" alt=\"\u00d3ptica\" width=\"772\" height=\"150\" name=\"Imagem 1\" align=\"BOTTOM\" border=\"0\" \/><\/p>\n<p><span style=\"color: #0000cc;\"><span style=\"font-family: Arial, serif;\"><span style=\"font-size: medium;\"><b>Considere a lente de vidro, imersa no ar, que est\u00e1 representada no esquema. Ela \u00e9 uma lente:<\/b><\/span><\/span><\/span><\/p>\n<p align=\"CENTER\"><img decoding=\"async\" src=\"http:\/\/fisicaevestibular.com.br\/novo\/wp-content\/uploads\/migracao\/enem\/28\/ENEM28_html_bbe71822.jpg\" alt=\"\" width=\"197\" height=\"156\" name=\"Imagem 2\" align=\"BOTTOM\" border=\"0\" \/><\/p>\n<p><span style=\"color: #0000cc;\"><span style=\"font-family: Arial, serif;\"><span style=\"font-size: medium;\"><b>a) convexo-c\u00f4ncava e convergente.\u00a0\u00a0\u00a0\u00a0\u00a0\u00a0\u00a0\u00a0\u00a0 <\/b><\/span><\/span><\/span><\/p>\n<p><span style=\"color: #0000cc;\"><span style=\"font-family: Arial, serif;\"><span style=\"font-size: medium;\"><b>b) bic\u00f4ncava e divergente.\u00a0\u00a0\u00a0\u00a0\u00a0\u00a0\u00a0\u00a0\u00a0 <\/b><\/span><\/span><\/span><\/p>\n<p><span style=\"color: #0000cc;\"><span style=\"font-family: Arial, serif;\"><span style=\"font-size: medium;\"><b>c) c\u00f4ncavo-convexa e convergente.<br \/>\nd) biconvexa e convergente.\u00a0\u00a0\u00a0\u00a0\u00a0\u00a0\u00a0\u00a0\u00a0 <\/b><\/span><\/span><\/span><\/p>\n<p><span style=\"color: #0000cc;\"><span style=\"font-family: Arial, serif;\"><span style=\"font-size: medium;\"><b>e) convexo-c\u00f4ncava e divergente.<\/b><\/span><\/span><\/span><\/p>\n<p><span style=\"color: #0000cc;\">\u00a0<\/span><\/p>\n<p><span style=\"color: #0000cc;\"><span style=\"font-family: Arial\\ Black, serif;\"><span style=\"font-size: large;\"><b>02-(PUC-SP)\u00a0<\/b><\/span><\/span><\/span><\/p>\n<p><img decoding=\"async\" src=\"http:\/\/fisicaevestibular.com.br\/novo\/wp-content\/uploads\/migracao\/enem\/28\/ENEM28_html_3228cb5c.jpg\" alt=\"\" width=\"775\" height=\"121\" name=\"Imagem 3\" align=\"BOTTOM\" border=\"0\" \/><\/p>\n<p><span style=\"color: #0000cc;\"><span style=\"font-family: Arial, serif;\"><span style=\"font-size: medium;\"><b>Na figura, a imagem de um livro \u00e9 observada atrav\u00e9s de um instrumento \u00f3ptico.<\/b><\/span><\/span><\/span><\/p>\n<p align=\"CENTER\"><img loading=\"lazy\" decoding=\"async\" src=\"http:\/\/fisicaevestibular.com.br\/novo\/wp-content\/uploads\/migracao\/enem\/28\/ENEM28_html_8feaba78.jpg\" alt=\"\" width=\"389\" height=\"244\" name=\"Imagem 4\" align=\"BOTTOM\" border=\"0\" \/><\/p>\n<p><span style=\"color: #0000cc;\">\u00a0<span style=\"font-family: Arial, serif;\"><span style=\"font-size: medium;\"><b>Ent\u00e3o ela ser\u00e1:<\/b><\/span><\/span><\/span><\/p>\n<p><span style=\"color: #0000cc;\"><span style=\"font-family: Arial, serif;\"><span style=\"font-size: medium;\"><b>a) real, formada por uma lente divergente, com o objeto (livro) colocado entre o foco objeto e a lente.<\/b><\/span><\/span><\/span><\/p>\n<p><span style=\"color: #0000cc;\"><span style=\"font-family: Arial, serif;\"><span style=\"font-size: medium;\"><b>b) virtual, formada por uma lente convergente, com o objeto (livro) colocado entre o foco objeto e a lente.<\/b><\/span><\/span><\/span><\/p>\n<p><span style=\"color: #0000cc;\"><span style=\"font-family: Arial, serif;\"><span style=\"font-size: medium;\"><b>c) virtual, formada por uma lente divergente, com o objeto (livro) colocado entre o foco objeto e a lente.<\/b><\/span><\/span><\/span><\/p>\n<p><span style=\"color: #0000cc;\"><span style=\"font-family: Arial, serif;\"><span style=\"font-size: medium;\"><b>d) real, formada por uma lente convergente, com o objeto (livro) colocado entre o foco objeto e o ponto<\/b><\/span><\/span><\/span><\/p>\n<p><span style=\"color: #0000cc;\"><span style=\"font-family: Arial, serif;\"><span style=\"font-size: medium;\"><b>anti-principal objeto da lente.<\/b><\/span><\/span><\/span><\/p>\n<p><span style=\"color: #0000cc;\"><span style=\"font-family: Arial, serif;\"><span style=\"font-size: medium;\"><b>e) virtual, formada por uma lente convergente, com o objeto (livro) colocado sobre o foco objeto da lente.<\/b><\/span><\/span><\/span><\/p>\n<p><span style=\"color: #0000cc;\">\u00a0<\/span><\/p>\n<p><span style=\"color: #0000cc;\"><span style=\"font-family: Arial\\ Black, serif;\"><span style=\"font-size: large;\"><b>03-UNESP-SP)<\/b><\/span><\/span><\/span><\/p>\n<p><img loading=\"lazy\" decoding=\"async\" src=\"http:\/\/fisicaevestibular.com.br\/novo\/wp-content\/uploads\/migracao\/enem\/28\/ENEM28_html_4e786dc9.jpg\" alt=\"\" width=\"777\" height=\"142\" name=\"Imagem 5\" align=\"BOTTOM\" border=\"0\" \/><\/p>\n<p><span style=\"color: #0000cc;\"><span style=\"font-family: Arial, serif;\"><span style=\"font-size: medium;\"><b>Considere as cinco posi\u00e7\u00f5es de uma lente convergente, apresentadas na figura.<\/b><\/span><\/span><\/span><\/p>\n<p align=\"CENTER\"><img loading=\"lazy\" decoding=\"async\" src=\"http:\/\/fisicaevestibular.com.br\/novo\/wp-content\/uploads\/migracao\/enem\/28\/ENEM28_html_8d9165ff.jpg\" alt=\"\" width=\"481\" height=\"205\" name=\"Imagem 6\" align=\"BOTTOM\" border=\"0\" \/><\/p>\n<p><span style=\"color: #0000cc;\"><span style=\"font-family: Arial, serif;\"><span style=\"font-size: medium;\"><b>A \u00fanica posi\u00e7\u00e3o em que essa lente, se tiver a dist\u00e2ncia focal adequada, poderia formar a imagem real I do objeto O, indicados na figura, \u00e9 a identificada pelo n\u00famero<\/b><\/span><\/span><\/span><\/p>\n<p><img loading=\"lazy\" decoding=\"async\" src=\"http:\/\/fisicaevestibular.com.br\/novo\/wp-content\/uploads\/migracao\/enem\/28\/ENEM28_html_74776a99.png\" alt=\"\" width=\"775\" height=\"20\" name=\"Imagem 20\" align=\"BOTTOM\" border=\"0\" \/><\/p>\n<p><span style=\"color: #0000cc;\"><span style=\"font-family: Arial\\ Black, serif;\"><span style=\"font-size: large;\"><b>04-(UFMG-MG)<\/b><\/span><\/span><\/span><\/p>\n<p><img loading=\"lazy\" decoding=\"async\" src=\"http:\/\/fisicaevestibular.com.br\/novo\/wp-content\/uploads\/migracao\/enem\/28\/ENEM28_html_ab43be8c.jpg\" alt=\"\" width=\"775\" height=\"128\" name=\"Imagem 7\" align=\"BOTTOM\" border=\"0\" \/><\/p>\n<p><span style=\"color: #0000cc;\">\u00a0<span style=\"font-family: Arial, serif;\"><span style=\"font-size: medium;\"><b>Rafael, fot\u00f3grafo lambe-lambe, possui uma c\u00e2mara fotogr\u00e1fica que consiste em uma caixa com um <\/b><\/span><\/span><\/span><\/p>\n<p align=\"CENTER\"><img loading=\"lazy\" decoding=\"async\" src=\"http:\/\/fisicaevestibular.com.br\/novo\/wp-content\/uploads\/migracao\/enem\/28\/ENEM28_html_626e722e.jpg\" alt=\"\" width=\"179\" height=\"162\" name=\"Imagem 8\" align=\"BOTTOM\" border=\"0\" \/><\/p>\n<p><span style=\"color: #0000cc;\"><span style=\"font-family: Arial, serif;\"><span style=\"font-size: medium;\"><b>orif\u00edcio, onde \u00e9\u00a0colocada uma lente. Dentro da caixa, h\u00e1 um filme fotogr\u00e1fico, posicionado a uma dist\u00e2ncia ajust\u00e1vel em rela\u00e7\u00e3o \u00e0 lente.<\/b><\/span><\/span><\/span><\/p>\n<p><span style=\"color: #0000cc;\"><span style=\"font-family: Arial, serif;\"><span style=\"font-size: medium;\"><b>Essa c\u00e2mara est\u00e1 representada, esquematicamente, na figura\u00a0 abaixo.<\/b><\/span><\/span><\/span><\/p>\n<p align=\"CENTER\"><img loading=\"lazy\" decoding=\"async\" src=\"http:\/\/fisicaevestibular.com.br\/novo\/wp-content\/uploads\/migracao\/enem\/28\/ENEM28_html_7b291304.jpg\" alt=\"\" width=\"378\" height=\"168\" name=\"Imagem 9\" align=\"BOTTOM\" border=\"0\" \/><\/p>\n<p><span style=\"color: #0000cc;\"><span style=\"font-family: Arial, serif;\"><span style=\"font-size: medium;\"><b>Para produzir a imagem n\u00edtida de um objeto muito distante, o filme deve ser colocado na posi\u00e7\u00e3o indicada, pela linha tracejada. No entanto, Rafael deseja fotografar uma vela que est\u00e1 pr\u00f3xima a essa c\u00e2mara. Para obter uma imagem n\u00edtida, ele, ent\u00e3o, move o filme em rela\u00e7\u00e3o \u00e0 posi\u00e7\u00e3o acima descrita.<\/b><\/span><\/span><\/span><\/p>\n<p><span style=\"color: #0000cc;\"><span style=\"font-family: Arial, serif;\"><span style=\"font-size: medium;\"><b>Assinale a alternativa cujo diagrama melhor representa a posi\u00e7\u00e3o do filme e a imagem da vela que \u00e9 projetada nele.<\/b><\/span><\/span><\/span><\/p>\n<p><img loading=\"lazy\" decoding=\"async\" src=\"http:\/\/fisicaevestibular.com.br\/novo\/wp-content\/uploads\/migracao\/enem\/28\/ENEM28_html_bb16d5d.jpg\" alt=\"\" width=\"784\" height=\"145\" name=\"Imagem 10\" align=\"BOTTOM\" border=\"0\" \/><\/p>\n<p><span style=\"color: #0000cc;\"><span style=\"font-family: Arial\\ Black, serif;\"><span style=\"font-size: large;\"><b>05-(UFRGS-RS)<\/b><\/span><\/span><\/span><\/p>\n<p><img loading=\"lazy\" decoding=\"async\" src=\"http:\/\/fisicaevestibular.com.br\/novo\/wp-content\/uploads\/migracao\/enem\/28\/ENEM28_html_5285da95.jpg\" alt=\"\" width=\"774\" height=\"136\" name=\"Imagem 11\" align=\"BOTTOM\" border=\"0\" \/><\/p>\n<p><span style=\"color: #0000cc;\"><span style=\"font-family: Arial, serif;\"><span style=\"font-size: medium;\"><b>Na figura adiante, L representa uma lente esf\u00e9rica de vidro, imersa no ar, e a seta O um objeto real colocado diante da lente. Os segmentos de reta r<\/b><\/span><\/span><\/span><span style=\"color: #0000cc;\"><sub><span style=\"font-family: Arial, serif;\"><span style=\"font-size: medium;\"><b>1<\/b><\/span><\/span><\/sub><\/span><span style=\"color: #0000cc;\"><span style=\"font-family: Arial, serif;\"><span style=\"font-size: medium;\"><b>\u00a0e r<\/b><\/span><\/span><\/span><span style=\"color: #0000cc;\"><sub><span style=\"font-family: Arial, serif;\"><span style=\"font-size: medium;\"><b>2<\/b><\/span><\/span><\/sub><\/span><span style=\"color: #0000cc;\"><span style=\"font-family: Arial, serif;\"><span style=\"font-size: medium;\"><b>\u00a0representam dois dos infinitos raios de luz que atingem a lente, provenientes do objeto.<\/b><\/span><\/span><\/span><\/p>\n<p align=\"CENTER\"><img loading=\"lazy\" decoding=\"async\" src=\"http:\/\/fisicaevestibular.com.br\/novo\/wp-content\/uploads\/migracao\/enem\/28\/ENEM28_html_4f2c2fc7.jpg\" alt=\"\" width=\"583\" height=\"183\" name=\"Imagem 12\" align=\"BOTTOM\" border=\"0\" \/><\/p>\n<p><span style=\"color: #0000cc;\"><span style=\"font-family: Arial, serif;\"><span style=\"font-size: medium;\"><b>Os pontos sobre o eixo \u00f3tico representam os focos F e F&#8217; da lente.<\/b><\/span><\/span><\/span><\/p>\n<p><span style=\"color: #0000cc;\"><span style=\"font-family: Arial, serif;\"><span style=\"font-size: medium;\"><b>Qual das alternativas indica um segmento de reta que representa a dire\u00e7\u00e3o do raio r\u201a ap\u00f3s ser refratado na lente?<\/b><\/span><\/span><\/span><\/p>\n<p><img loading=\"lazy\" decoding=\"async\" src=\"http:\/\/fisicaevestibular.com.br\/novo\/wp-content\/uploads\/migracao\/enem\/28\/ENEM28_html_34a02fa0.png\" alt=\"\" width=\"693\" height=\"23\" name=\"Imagem 22\" align=\"BOTTOM\" border=\"0\" \/><\/p>\n<p><span style=\"color: #0000cc;\"><span style=\"font-family: Arial\\ Black, serif;\"><span style=\"font-size: large;\"><b>06-(UFMG-MG)<\/b><\/span><\/span><\/span><\/p>\n<p><img loading=\"lazy\" decoding=\"async\" src=\"http:\/\/fisicaevestibular.com.br\/novo\/wp-content\/uploads\/migracao\/enem\/28\/ENEM28_html_4c87e710.jpg\" alt=\"\" width=\"767\" height=\"136\" name=\"Imagem 13\" align=\"BOTTOM\" border=\"0\" \/><\/p>\n<p><span style=\"color: #0000cc;\"><span style=\"font-family: Arial, serif;\"><span style=\"font-size: medium;\"><b>T\u00e2nia observa um l\u00e1pis com o aux\u00edlio de uma lente, como representado na figura:<\/b><\/span><\/span><\/span><\/p>\n<p align=\"CENTER\"><img loading=\"lazy\" decoding=\"async\" src=\"http:\/\/fisicaevestibular.com.br\/novo\/wp-content\/uploads\/migracao\/enem\/28\/ENEM28_html_aa902a0b.png\" alt=\"\" width=\"716\" height=\"193\" name=\"Imagem 23\" align=\"BOTTOM\" border=\"0\" \/><\/p>\n<p><span style=\"color: #0000cc;\"><span style=\"font-family: Arial, serif;\"><span style=\"font-size: medium;\"><b>Essa lente \u00e9 mais fina nas bordas que no meio e a posi\u00e7\u00e3o de cada um de seus focos est\u00e1 indicada na figura.<\/b><\/span><\/span><\/span><\/p>\n<p><span style=\"color: #0000cc;\"><span style=\"font-family: Arial, serif;\"><span style=\"font-size: medium;\"><b>Considerando-se essas informa\u00e7\u00f5es, \u00e9 CORRETO afirmar que o ponto que melhor representa a posi\u00e7\u00e3o da imagem vista por T\u00e2nia \u00e9 o<\/b><\/span><\/span><\/span><\/p>\n<p><img loading=\"lazy\" decoding=\"async\" src=\"http:\/\/fisicaevestibular.com.br\/novo\/wp-content\/uploads\/migracao\/enem\/28\/ENEM28_html_77a09149.png\" alt=\"\" width=\"775\" height=\"19\" name=\"Imagem 25\" align=\"BOTTOM\" border=\"0\" \/><\/p>\n<p><span style=\"color: #0000cc;\"><span style=\"font-family: Arial\\ Black, serif;\"><span style=\"font-size: large;\"><b>07-(UNIFESP-SP)<\/b><\/span><\/span><\/span><\/p>\n<p><img loading=\"lazy\" decoding=\"async\" src=\"http:\/\/fisicaevestibular.com.br\/novo\/wp-content\/uploads\/migracao\/enem\/28\/ENEM28_html_c00236b6.jpg\" alt=\"\" width=\"645\" height=\"132\" name=\"Imagem 15\" align=\"BOTTOM\" border=\"0\" \/><\/p>\n<p><span style=\"color: #0000cc;\">\u00a0<span style=\"font-family: Arial, serif;\"><span style=\"font-size: medium;\"><b>Considere as situa\u00e7\u00f5es seguintes.<\/b><\/span><\/span><\/span><\/p>\n<p><span style=\"color: #0000cc;\"><span style=\"font-family: Arial, serif;\"><span style=\"font-size: medium;\"><b>I. Voc\u00ea v\u00ea a imagem ampliada do seu rosto, conjugada por um espelho esf\u00e9rico.<\/b><\/span><\/span><\/span><\/p>\n<p align=\"CENTER\"><img loading=\"lazy\" decoding=\"async\" src=\"http:\/\/fisicaevestibular.com.br\/novo\/wp-content\/uploads\/migracao\/enem\/28\/ENEM28_html_35c31b22.jpg\" alt=\"\" width=\"171\" height=\"136\" name=\"Imagem 16\" align=\"BOTTOM\" border=\"0\" \/><\/p>\n<p><span style=\"color: #0000cc;\"><span style=\"font-family: Arial, serif;\"><span style=\"font-size: medium;\"><b>II. Um motorista v\u00ea a imagem reduzida de um carro atr\u00e1s do seu, conjugada pelo espelho retrovisor direito.<\/b><\/span><\/span><\/span><\/p>\n<p align=\"CENTER\"><img loading=\"lazy\" decoding=\"async\" src=\"http:\/\/fisicaevestibular.com.br\/novo\/wp-content\/uploads\/migracao\/enem\/28\/ENEM28_html_f913c9db.jpg\" alt=\"\" width=\"164\" height=\"89\" name=\"Imagem 17\" align=\"BOTTOM\" border=\"0\" \/><\/p>\n<p><span style=\"color: #0000cc;\"><span style=\"font-family: Arial, serif;\"><span style=\"font-size: medium;\"><b>III. Uma aluna projeta, por meio de uma lente, a imagem do lustre do teto da sala de aula sobre o tampo da sua carteira.<\/b><\/span><\/span><\/span><\/p>\n<p align=\"CENTER\"><img loading=\"lazy\" decoding=\"async\" src=\"http:\/\/fisicaevestibular.com.br\/novo\/wp-content\/uploads\/migracao\/enem\/28\/ENEM28_html_77080912.jpg\" alt=\"\" width=\"156\" height=\"103\" name=\"Imagem 18\" align=\"BOTTOM\" border=\"0\" \/><\/p>\n<p><span style=\"color: #0000cc;\"><span style=\"font-family: Arial, serif;\"><span style=\"font-size: medium;\"><b>A respeito dessas imagens, em rela\u00e7\u00e3o aos dispositivos \u00f3pticos referidos, pode-se afirmar que<\/b><\/span><\/span><\/span><\/p>\n<p><span style=\"color: #0000cc;\"><span style=\"font-family: Arial, serif;\"><span style=\"font-size: medium;\"><b>a) as tr\u00eas s\u00e3o virtuais.\u00a0\u00a0\u00a0\u00a0\u00a0\u00a0\u00a0\u00a0\u00a0\u00a0\u00a0\u00a0 <\/b><\/span><\/span><\/span><\/p>\n<p><span style=\"color: #0000cc;\"><span style=\"font-family: Arial, serif;\"><span style=\"font-size: medium;\"><b>b) I e II s\u00e3o virtuais; III \u00e9 real.\u00a0\u00a0\u00a0\u00a0\u00a0\u00a0\u00a0\u00a0\u00a0 <\/b><\/span><\/span><\/span><\/p>\n<p><span style=\"color: #0000cc;\"><span style=\"font-family: Arial, serif;\"><span style=\"font-size: medium;\"><b>c) I \u00e9 virtual; II e III s\u00e3o reais.\u00a0\u00a0\u00a0\u00a0\u00a0 \u00a0\u00a0\u00a0\u00a0<\/b><\/span><\/span><\/span><\/p>\n<p><span style=\"color: #0000cc;\"><span style=\"font-family: Arial, serif;\"><span style=\"font-size: medium;\"><b>d) I \u00e9 real; II e III s\u00e3o virtuais.\u00a0\u00a0\u00a0\u00a0\u00a0\u00a0\u00a0\u00a0\u00a0 <\/b><\/span><\/span><\/span><\/p>\n<p><span style=\"color: #0000cc;\"><span style=\"font-family: Arial, serif;\"><span style=\"font-size: medium;\"><b>e) as tr\u00eas s\u00e3o reais.<\/b><\/span><\/span><\/span><\/p>\n<p><span style=\"color: #0000cc;\">\u00a0<\/span><\/p>\n<p><span style=\"color: #0000cc;\"><span style=\"font-family: Arial\\ Black, serif;\"><span style=\"font-size: large;\"><b>08-(UFG-GO)<\/b><\/span><\/span><\/span><span style=\"color: #0000cc;\"><span style=\"font-family: Arial, serif;\"><span style=\"font-size: medium;\"><b> Considere duas lentes convergentes\u00a0 L<\/b><\/span><\/span><\/span><span style=\"color: #0000cc;\"><sub><span style=\"font-family: Arial, serif;\"><span style=\"font-size: medium;\"><b>1<\/b><\/span><\/span><\/sub><\/span><span style=\"color: #0000cc;\"><span style=\"font-family: Arial, serif;\"><span style=\"font-size: medium;\"><b>\u00a0e L<\/b><\/span><\/span><\/span><span style=\"color: #0000cc;\"><sub><span style=\"font-family: Arial, serif;\"><span style=\"font-size: medium;\"><b>2<\/b><\/span><\/span><\/sub><\/span><span style=\"color: #0000cc;\"><span style=\"font-family: Arial, serif;\"><span style=\"font-size: medium;\"><b>\u00a0de mesmo ponto antiprincipal, com eixos principais coincidentes e dispostas de modo que o ponto antiprincipal imagem de L<\/b><\/span><\/span><\/span><span style=\"color: #0000cc;\"><sub><span style=\"font-family: Arial, serif;\"><span style=\"font-size: medium;\"><b>1<\/b><\/span><\/span><\/sub><\/span><span style=\"color: #0000cc;\"><span style=\"font-family: Arial, serif;\"><span style=\"font-size: medium;\"><b>coincida com o ponto antiprincipal objeto de L<\/b><\/span><\/span><\/span><span style=\"color: #0000cc;\"><sub><span style=\"font-family: Arial, serif;\"><span style=\"font-size: medium;\"><b>2<\/b><\/span><\/span><\/sub><\/span><span style=\"color: #0000cc;\"><span style=\"font-family: Arial, serif;\"><span style=\"font-size: medium;\"><b>\u00a0(figura).<\/b><\/span><\/span><\/span><\/p>\n<p><img loading=\"lazy\" decoding=\"async\" src=\"http:\/\/fisicaevestibular.com.br\/novo\/wp-content\/uploads\/migracao\/enem\/28\/ENEM28_html_6824cb89.jpg\" alt=\"\" width=\"768\" height=\"169\" name=\"Imagem 19\" align=\"BOTTOM\" border=\"0\" \/><\/p>\n<p><span style=\"color: #0000cc;\"><span style=\"font-family: Arial, serif;\"><span style=\"font-size: medium;\"><b>Um objeto AB \u00e9 colocado antes de L<\/b><\/span><\/span><\/span><span style=\"color: #0000cc;\"><sub><span style=\"font-family: Arial, serif;\"><span style=\"font-size: medium;\"><b>1<\/b><\/span><\/span><\/sub><\/span><span style=\"color: #0000cc;\"><span style=\"font-family: Arial, serif;\"><span style=\"font-size: medium;\"><b>\u00a0entre A<\/b><\/span><\/span><\/span><span style=\"color: #0000cc;\"><sub><span style=\"font-family: Arial, serif;\"><span style=\"font-size: medium;\"><b>0<\/b><\/span><\/span><\/sub><\/span><span style=\"color: #0000cc;\"><span style=\"font-family: Arial, serif;\"><span style=\"font-size: medium;\"><b>\u00a0e F<\/b><\/span><\/span><\/span><span style=\"color: #0000cc;\"><sub><span style=\"font-family: Arial, serif;\"><span style=\"font-size: medium;\"><b>0<\/b><\/span><\/span><\/sub><\/span><span style=\"color: #0000cc;\"><span style=\"font-family: Arial, serif;\"><span style=\"font-size: medium;\"><b>. Determine as caracter\u00edsticas da imagem final formada pelo sistema de lentes:<\/b><\/span><\/span><\/span><\/p>\n<p><span style=\"color: #0000cc;\"><span style=\"font-family: Arial, serif;\"><span style=\"font-size: medium;\"><b>a) Virtual, direita e maior em rela\u00e7\u00e3o ao objeto original\u00a0\u00a0\u00a0\u00a0\u00a0\u00a0\u00a0\u00a0\u00a0\u00a0\u00a0\u00a0\u00a0\u00a0\u00a0\u00a0\u00a0\u00a0 \u00a0<\/b><\/span><\/span><\/span><\/p>\n<p><span style=\"color: #0000cc;\"><span style=\"font-family: Arial, serif;\"><span style=\"font-size: medium;\"><b>b) Real, direita e menor em rela\u00e7\u00e3o ao objeto original<\/b><\/span><\/span><\/span><\/p>\n<p><span style=\"color: #0000cc;\"><span style=\"font-family: Arial, serif;\"><span style=\"font-size: medium;\"><b>c) Real, direita e maior em rela\u00e7\u00e3o ao objeto original\u00a0\u00a0\u00a0\u00a0\u00a0\u00a0\u00a0\u00a0\u00a0\u00a0\u00a0\u00a0\u00a0\u00a0\u00a0\u00a0\u00a0\u00a0\u00a0\u00a0\u00a0\u00a0\u00a0 <\/b><\/span><\/span><\/span><\/p>\n<p><span style=\"color: #0000cc;\"><span style=\"font-family: Arial, serif;\"><span style=\"font-size: medium;\"><b>d) Virtual, invertida e maior em rela\u00e7\u00e3o ao objeto original.<\/b><\/span><\/span><\/span><\/p>\n<p><span style=\"color: #0000cc;\"><span style=\"font-family: Arial, serif;\"><span style=\"font-size: medium;\"><b>e) Virtual, direita e maior em rela\u00e7\u00e3o ao objeto original\u00a0\u00a0\u00a0 \u00a0\u00a0\u00a0\u00a0\u00a0\u00a0\u00a0\u00a0\u00a0\u00a0\u00a0\u00a0\u00a0\u00a0\u00a0\u00a0<\/b><\/span><\/span><\/span><\/p>\n<p><span style=\"color: #0000cc;\">\u00a0<\/span><\/p>\n<h3><a title=\"Resolu\u00e7\u00e3o Comentada \u2013 \u00d3ptica Geom\u00e9trica \u2013 Lentes \u2013 Constru\u00e7\u00e3o geom\u00e9trica de Imagens\" href=\"http:\/\/fisicaevestibular.com.br\/novo\/enem\/optica-geometrica-lentes-construcao-geometrica-de-imagens\/resolucao-comentada-optica-geometrica-lentes-construcao-geometrica-de-imagens\/\"><span style=\"color: #000080;\">Confira a resolu\u00e7\u00e3o comentada<\/span><\/a><\/h3>\n<p>&nbsp;<\/p>\n<p><a href=\"https:\/\/fisicaevestibular.com.br\/novo\/enem\/\">Clique aqui para ver sobre o tema!<\/a><\/p>\n<p><a href=\"https:\/\/www.youtube.com\/user\/fisicaevestibular\/playlists\">Confira as v\u00eddeo aulas!<\/a><\/p>\n","protected":false},"excerpt":{"rendered":"<p>\u00d3ptica Geom\u00e9trica Lentes \u2013 Constru\u00e7\u00e3o geom\u00e9trica de Imagens Exerc\u00edcios com caracter\u00edsticas de ENEM 01- (UFAL-AL) Considere a lente de vidro, imersa no ar, que est\u00e1 representada no esquema. Ela \u00e9 uma lente: a) convexo-c\u00f4ncava e convergente.\u00a0\u00a0\u00a0\u00a0\u00a0\u00a0\u00a0\u00a0\u00a0 b) bic\u00f4ncava e divergente.\u00a0\u00a0\u00a0\u00a0\u00a0\u00a0\u00a0\u00a0\u00a0 c) c\u00f4ncavo-convexa e convergente. d) biconvexa e convergente.\u00a0\u00a0\u00a0\u00a0\u00a0\u00a0\u00a0\u00a0\u00a0 e) convexo-c\u00f4ncava e divergente. \u00a0 02-(PUC-SP)\u00a0 Na figura, a imagem de um<\/p>\n","protected":false},"author":1,"featured_media":0,"parent":3575,"menu_order":0,"comment_status":"closed","ping_status":"closed","template":"","meta":{"om_disable_all_campaigns":false,"_monsterinsights_skip_tracking":false,"_monsterinsights_sitenote_active":false,"_monsterinsights_sitenote_note":"","_monsterinsights_sitenote_category":0,"footnotes":""},"class_list":["post-3738","page","type-page","status-publish","hentry"],"aioseo_notices":[],"_links":{"self":[{"href":"https:\/\/fisicaevestibular.com.br\/novo\/wp-json\/wp\/v2\/pages\/3738","targetHints":{"allow":["GET"]}}],"collection":[{"href":"https:\/\/fisicaevestibular.com.br\/novo\/wp-json\/wp\/v2\/pages"}],"about":[{"href":"https:\/\/fisicaevestibular.com.br\/novo\/wp-json\/wp\/v2\/types\/page"}],"author":[{"embeddable":true,"href":"https:\/\/fisicaevestibular.com.br\/novo\/wp-json\/wp\/v2\/users\/1"}],"replies":[{"embeddable":true,"href":"https:\/\/fisicaevestibular.com.br\/novo\/wp-json\/wp\/v2\/comments?post=3738"}],"version-history":[{"count":4,"href":"https:\/\/fisicaevestibular.com.br\/novo\/wp-json\/wp\/v2\/pages\/3738\/revisions"}],"predecessor-version":[{"id":9818,"href":"https:\/\/fisicaevestibular.com.br\/novo\/wp-json\/wp\/v2\/pages\/3738\/revisions\/9818"}],"up":[{"embeddable":true,"href":"https:\/\/fisicaevestibular.com.br\/novo\/wp-json\/wp\/v2\/pages\/3575"}],"wp:attachment":[{"href":"https:\/\/fisicaevestibular.com.br\/novo\/wp-json\/wp\/v2\/media?parent=3738"}],"curies":[{"name":"wp","href":"https:\/\/api.w.org\/{rel}","templated":true}]}}