{"id":3611,"date":"2018-02-13T12:31:46","date_gmt":"2018-02-13T12:31:46","guid":{"rendered":"http:\/\/fisicaevestibular.com.br\/novo\/?page_id=3611"},"modified":"2024-06-26T15:02:10","modified_gmt":"2024-06-26T15:02:10","slug":"vetores-cinematica-vetorial","status":"publish","type":"page","link":"https:\/\/fisicaevestibular.com.br\/novo\/enem\/vetores-cinematica-vetorial\/","title":{"rendered":"Vetores \u2013 Cinem\u00e1tica Vetorial"},"content":{"rendered":"<p align=\"CENTER\"><span style=\"color: #c00000;\"><span style=\"font-family: Arial\\ Black, serif;\"><span style=\"font-size: large;\"><b>Vetores \u2013 Cinem\u00e1tica Vetorial<\/b><\/span><\/span><\/span><\/p>\n<p align=\"CENTER\"><span style=\"color: #0000cc;\"><span style=\"font-family: Arial\\ Black, serif;\"><span style=\"font-size: large;\"><b>Exerc\u00edcios com caracter\u00edsticas de ENEM<\/b><\/span><\/span><\/span><\/p>\n<p><span style=\"color: #0000cc;\"><span style=\"font-family: Arial\\ Black, serif;\"><span style=\"font-size: large;\"><b>01-(FUVEST-SP)<\/b><\/span><\/span><\/span><\/p>\n<p><img fetchpriority=\"high\" decoding=\"async\" src=\"http:\/\/fisicaevestibular.com.br\/novo\/wp-content\/uploads\/migracao\/enem\/5\/ENEM5_html_f1754647.jpg\" alt=\"\" width=\"781\" height=\"139\" name=\"Imagem 1\" align=\"BOTTOM\" border=\"0\" \/><\/p>\n<p><span style=\"color: #0000cc;\"><span style=\"font-family: Arial, serif;\"><span style=\"font-size: medium;\"><b>Um viajante saiu de Araripe, no Cear\u00e1, percorreu, inicialmente, 1.000 km para o sul, depois 1.000 km <\/b><\/span><\/span><\/span><\/p>\n<p align=\"CENTER\"><img decoding=\"async\" src=\"http:\/\/fisicaevestibular.com.br\/novo\/wp-content\/uploads\/migracao\/enem\/5\/ENEM5_html_7f816011.jpg\" alt=\"\" width=\"358\" height=\"297\" name=\"Imagem 2\" align=\"BOTTOM\" border=\"0\" \/><\/p>\n<p><span style=\"color: #0000cc;\"><span style=\"font-family: Arial, serif;\"><span style=\"font-size: medium;\"><b>para o oeste e, por fim, mais 750 km para o sul. Com base nesse trajeto e no mapa acima, pode-se afirmar que, durante seu percurso, o viajante passou pelos estados do Cear\u00e1,<\/b><\/span><\/span><\/span><\/p>\n<p><span style=\"color: #0000cc;\"><span style=\"font-family: Arial, serif;\"><span style=\"font-size: medium;\"><b>a) Rio Grande do Norte, Bahia, Minas Gerais, Goi\u00e1s e Rio de Janeiro, tendo visitado os ecossistemas da Caatinga, Mata Atl\u00e2ntica e Pantanal. Encerrou sua viagem a cerca de 250 km da cidade de S\u00e3o Paulo.<\/b><\/span><\/span><\/span><\/p>\n<p><span style=\"color: #0000cc;\"><span style=\"font-family: Arial, serif;\"><span style=\"font-size: medium;\"><b>b) Rio Grande do Norte, Bahia, Minas Gerais, Goi\u00e1s e Rio de Janeiro, tendo visitado os ecossistemas da Caatinga, Mata Atl\u00e2ntica e Cerrado. Encerrou sua viagem a cerca de 750 km da cidade de S\u00e3o Paulo.<\/b><\/span><\/span><\/span><\/p>\n<p><span style=\"color: #0000cc;\"><span style=\"font-family: Arial, serif;\"><span style=\"font-size: medium;\"><b>c) Pernambuco, Bahia, Minas Gerais, Goi\u00e1s e S\u00e3o Paulo, tendo visitado os ecossistemas da Caatinga, Mata Atl\u00e2ntica e Pantanal. Encerrou sua viagem a cerca de 250 km da cidade de S\u00e3o Paulo.<\/b><\/span><\/span><\/span><\/p>\n<p><span style=\"color: #0000cc;\"><span style=\"font-family: Arial, serif;\"><span style=\"font-size: medium;\"><b>d) Pernambuco, Bahia, Minas Gerais, Goi\u00e1s e S\u00e3o Paulo, tendo visitado os ecossistemas da Caatinga, Mata Atl\u00e2ntica e Cerrado. Encerrou sua viagem a cerca de 750 km da cidade de S\u00e3o Paulo.<\/b><\/span><\/span><\/span><\/p>\n<p><span style=\"color: #0000cc;\"><span style=\"font-family: Arial, serif;\"><span style=\"font-size: medium;\"><b>e) Pernambuco, Bahia, Minas Gerais, Goi\u00e1s e S\u00e3o Paulo, tendo visitado os ecossistemas da Caatinga, Mata Atl\u00e2ntica e Cerrado. Encerrou sua viagem a cerca de 250 km da cidade de S\u00e3o Paulo.<\/b><\/span><\/span><\/span><\/p>\n<p><span style=\"color: #0000cc;\">\u00a0<\/span><\/p>\n<p><span style=\"color: #0000cc;\"><span style=\"font-family: Arial\\ Black, serif;\"><span style=\"font-size: large;\"><b>02-(UnB-DF)<\/b><\/span><\/span><\/span><\/p>\n<p><img decoding=\"async\" src=\"http:\/\/fisicaevestibular.com.br\/novo\/wp-content\/uploads\/migracao\/enem\/5\/ENEM5_html_23d90828.jpg\" alt=\"\" width=\"779\" height=\"145\" name=\"Imagem 3\" align=\"BOTTOM\" border=\"0\" \/><\/p>\n<p><span style=\"color: #0000cc;\"><span style=\"font-family: Arial, serif;\"><span style=\"font-size: medium;\"><b>Considere um rel\u00f3gio com mostrador circular de 10 cm de raio e cujo ponteiro dos minutos tem comprimento igual ao raio do<\/b><\/span><\/span><\/span><\/p>\n<p align=\"CENTER\"><img loading=\"lazy\" decoding=\"async\" src=\"http:\/\/fisicaevestibular.com.br\/novo\/wp-content\/uploads\/migracao\/enem\/5\/ENEM5_html_8937e670.jpg\" alt=\"\" width=\"201\" height=\"159\" name=\"Imagem 4\" align=\"BOTTOM\" border=\"0\" \/><\/p>\n<p><span style=\"color: #0000cc;\">\u00a0<span style=\"font-family: Arial, serif;\"><span style=\"font-size: medium;\"><b>mostrador. Considere esse ponteiro como um vetor de origem no centro do rel\u00f3gio e dire\u00e7\u00e3o vari\u00e1vel. <\/b><\/span><\/span><\/span><\/p>\n<p><span style=\"color: #0000cc;\"><span style=\"font-family: Arial, serif;\"><span style=\"font-size: medium;\"><b>O m\u00f3dulo da soma dos tr\u00eas vetores determinados pela posi\u00e7\u00e3o desse ponteiro quando o rel\u00f3gio marca exatamente 12 horas, 12 horas e 20 minutos e, por fim, 12 horas e 40 minutos \u00e9, em cm, igual a:<\/b><\/span><\/span><\/span><\/p>\n<p><span style=\"color: #0000cc;\"><span style=\"font-family: Arial, serif;\"><span style=\"font-size: medium;\"><b>a) 30.\u00a0\u00a0\u00a0\u00a0\u00a0\u00a0\u00a0\u00a0\u00a0\u00a0\u00a0\u00a0\u00a0\u00a0\u00a0\u00a0\u00a0\u00a0\u00a0\u00a0 \u00a0\u00a0\u00a0\u00a0\u00a0\u00a0\u00a0\u00a0\u00a0<\/b><\/span><\/span><\/span><\/p>\n<p><span style=\"color: #0000cc;\"><span style=\"font-family: Arial, serif;\"><span style=\"font-size: medium;\"><b>b) 10(10 + \u221a3).\u00a0\u00a0\u00a0\u00a0\u00a0\u00a0\u00a0\u00a0\u00a0\u00a0\u00a0\u00a0\u00a0\u00a0\u00a0\u00a0\u00a0\u00a0\u00a0\u00a0\u00a0\u00a0\u00a0\u00a0\u00a0\u00a0\u00a0\u00a0\u00a0\u00a0 \u00a0<\/b><\/span><\/span><\/span><\/p>\n<p><span style=\"color: #0000cc;\"><span style=\"font-family: Arial, serif;\"><span style=\"font-size: medium;\"><b>c) 20.\u00a0\u00a0\u00a0\u00a0\u00a0\u00a0\u00a0\u00a0\u00a0\u00a0\u00a0\u00a0\u00a0\u00a0\u00a0\u00a0\u00a0\u00a0\u00a0\u00a0\u00a0 \u00a0\u00a0\u00a0\u00a0\u00a0\u00a0\u00a0\u00a0<\/b><\/span><\/span><\/span><\/p>\n<p><span style=\"color: #0000cc;\"><span style=\"font-family: Arial, serif;\"><span style=\"font-size: medium;\"><b>d) zero.\u00a0\u00a0\u00a0\u00a0\u00a0\u00a0\u00a0\u00a0\u00a0\u00a0\u00a0\u00a0\u00a0\u00a0\u00a0\u00a0\u00a0\u00a0\u00a0\u00a0\u00a0 <\/b><\/span><\/span><\/span><\/p>\n<p><span style=\"color: #0000cc;\"><span style=\"font-family: Arial, serif;\"><span style=\"font-size: medium;\"><b>e) 10<\/b><\/span><\/span><\/span><\/p>\n<p><span style=\"color: #0000cc;\">\u00a0<\/span><\/p>\n<p><span style=\"color: #0000cc;\"><span style=\"font-family: Arial\\ Black, serif;\"><span style=\"font-size: large;\"><b>03-(UFC-CE)<\/b><\/span><\/span><\/span><\/p>\n<p><img loading=\"lazy\" decoding=\"async\" src=\"http:\/\/fisicaevestibular.com.br\/novo\/wp-content\/uploads\/migracao\/enem\/5\/ENEM5_html_214f6f5e.jpg\" alt=\"\" width=\"779\" height=\"129\" name=\"Imagem 5\" align=\"BOTTOM\" border=\"0\" \/><\/p>\n<p><span style=\"color: #0000cc;\"><span style=\"font-family: Arial, serif;\"><span style=\"font-size: medium;\"><b>Na figura a seguir, onde o reticulado forma quadrados de lado L=0,50cm, est\u00e3o desenhados dez vetores, contidos no plano xy. O m\u00f3dulo da soma de todos esses vetores \u00e9, em cent\u00edmetros:<\/b><\/span><\/span><\/span><\/p>\n<p><img loading=\"lazy\" decoding=\"async\" src=\"http:\/\/fisicaevestibular.com.br\/novo\/wp-content\/uploads\/migracao\/enem\/5\/ENEM5_html_55cbd2da.jpg\" alt=\"\" width=\"415\" height=\"215\" name=\"Imagem 6\" align=\"BOTTOM\" border=\"0\" \/><\/p>\n<p><img loading=\"lazy\" decoding=\"async\" src=\"http:\/\/fisicaevestibular.com.br\/novo\/wp-content\/uploads\/migracao\/enem\/5\/ENEM5_html_bea869b2.png\" alt=\"\" width=\"766\" height=\"20\" name=\"Imagem 22\" align=\"BOTTOM\" border=\"0\" \/><\/p>\n<p><span style=\"color: #0000cc;\"><span style=\"font-family: Arial\\ Black, serif;\"><span style=\"font-size: large;\"><b>04-(UFPB-PB)<\/b><\/span><\/span><\/span><\/p>\n<p><img loading=\"lazy\" decoding=\"async\" src=\"http:\/\/fisicaevestibular.com.br\/novo\/wp-content\/uploads\/migracao\/enem\/5\/ENEM5_html_82cb10e1.jpg\" alt=\"\" width=\"665\" height=\"133\" name=\"Imagem 7\" align=\"BOTTOM\" border=\"0\" \/><\/p>\n<p><span style=\"color: #0000cc;\"><span style=\"font-family: Arial, serif;\"><span style=\"font-size: medium;\"><b>Uma bola de bilhar sofre quatro deslocamentos sucessivos representados pelos vetores\u00a0<img loading=\"lazy\" decoding=\"async\" src=\"http:\/\/fisicaevestibular.com.br\/novo\/wp-content\/uploads\/migracao\/enem\/5\/ENEM5_html_1f6ffa5c.jpg\" alt=\"\" width=\"122\" height=\"33\" name=\"Imagem 8\" align=\"BOTTOM\" border=\"0\" \/>\u00a0\u00a0apresentados no diagrama<\/b><\/span><\/span><\/span><\/p>\n<p align=\"CENTER\"><img loading=\"lazy\" decoding=\"async\" src=\"http:\/\/fisicaevestibular.com.br\/novo\/wp-content\/uploads\/migracao\/enem\/5\/ENEM5_html_d68e9b67.png\" alt=\"\" width=\"551\" height=\"234\" name=\"Imagem 23\" align=\"BOTTOM\" border=\"0\" \/><\/p>\n<p><span style=\"color: #0000cc;\">\u00a0<span style=\"font-family: Arial, serif;\"><span style=\"font-size: medium;\"><b>abaixo<\/b><\/span><\/span><\/span><\/p>\n<p><span style=\"color: #0000cc;\">\u00a0<\/span><\/p>\n<p align=\"CENTER\"><img loading=\"lazy\" decoding=\"async\" src=\"http:\/\/fisicaevestibular.com.br\/novo\/wp-content\/uploads\/migracao\/enem\/5\/ENEM5_html_8986f3a2.jpg\" alt=\"\" width=\"532\" height=\"267\" name=\"Imagem 10\" align=\"BOTTOM\" border=\"0\" \/><\/p>\n<p><img loading=\"lazy\" decoding=\"async\" src=\"http:\/\/fisicaevestibular.com.br\/novo\/wp-content\/uploads\/migracao\/enem\/5\/ENEM5_html_3b9f2a13.jpg\" alt=\"\" width=\"781\" height=\"33\" name=\"Imagem 11\" align=\"BOTTOM\" border=\"0\" \/><\/p>\n<p><span style=\"color: #0000cc;\">\u00a0<\/span><\/p>\n<p><span style=\"color: #0000cc;\"><span style=\"font-family: Arial\\ Black, serif;\"><span style=\"font-size: large;\"><b>05-(UFMG-MG)<\/b><\/span><\/span><\/span><\/p>\n<p><img loading=\"lazy\" decoding=\"async\" src=\"http:\/\/fisicaevestibular.com.br\/novo\/wp-content\/uploads\/migracao\/enem\/5\/ENEM5_html_3160d3b4.jpg\" alt=\"\" width=\"781\" height=\"136\" name=\"Imagem 12\" align=\"BOTTOM\" border=\"0\" \/><\/p>\n<p><span style=\"color: #0000cc;\"><span style=\"font-family: Arial, serif;\"><span style=\"font-size: medium;\"><b>Um menino flutua em uma boia que est\u00e1 se movimentando, levada pela correnteza de um rio. Uma outra boia, que flutua no mesmo rio a certa dist\u00e2ncia do menino, tamb\u00e9m est\u00e1 descendo a correnteza. As posi\u00e7\u00e3o das duas boias e o sentido da correnteza est\u00e3o indicados na figura.<\/b><\/span><\/span><\/span><\/p>\n<p align=\"CENTER\"><img loading=\"lazy\" decoding=\"async\" src=\"http:\/\/fisicaevestibular.com.br\/novo\/wp-content\/uploads\/migracao\/enem\/5\/ENEM5_html_f9b43388.jpg\" alt=\"\" width=\"559\" height=\"206\" name=\"Imagem 13\" align=\"BOTTOM\" border=\"0\" \/><\/p>\n<p><span style=\"color: #0000cc;\"><span style=\"font-family: Arial, serif;\"><span style=\"font-size: medium;\"><b>Considere que a velocidade da correnteza \u00e9 a mesma em todos os pontos do rio. Nesse caso, para alcan\u00e7ar a segunda boia, o menino deve nadar na dire\u00e7\u00e3o indicada pela linha:<\/b><\/span><\/span><\/span><\/p>\n<p><img loading=\"lazy\" decoding=\"async\" src=\"http:\/\/fisicaevestibular.com.br\/novo\/wp-content\/uploads\/migracao\/enem\/5\/ENEM5_html_6e83c05a.png\" alt=\"\" width=\"766\" height=\"20\" name=\"Imagem 24\" align=\"BOTTOM\" border=\"0\" \/><\/p>\n<p><span style=\"color: #0000cc;\">\u00a0<\/span><\/p>\n<p><span style=\"color: #0000cc;\"><span style=\"font-family: Arial\\ Black, serif;\"><span style=\"font-size: large;\"><b>06-(UFRN-RN)<\/b><\/span><\/span><\/span><\/p>\n<p><img loading=\"lazy\" decoding=\"async\" src=\"http:\/\/fisicaevestibular.com.br\/novo\/wp-content\/uploads\/migracao\/enem\/5\/ENEM5_html_801f51a7.jpg\" alt=\"\" width=\"780\" height=\"123\" name=\"Imagem 14\" align=\"BOTTOM\" border=\"0\" \/><\/p>\n<p><span style=\"color: #0000cc;\"><span style=\"font-family: Arial, serif;\"><span style=\"font-size: medium;\"><b>Considere um grande navio, tipo transatl\u00e2ntico, movendo-se em linha reta e com velocidade constante \u00a0(velocidade de cruzeiro).<\/b><\/span><\/span><\/span><\/p>\n<p align=\"CENTER\"><img loading=\"lazy\" decoding=\"async\" src=\"http:\/\/fisicaevestibular.com.br\/novo\/wp-content\/uploads\/migracao\/enem\/5\/ENEM5_html_2242bab4.jpg\" alt=\"\" width=\"268\" height=\"138\" name=\"Imagem 15\" align=\"BOTTOM\" border=\"0\" \/><img loading=\"lazy\" decoding=\"async\" src=\"http:\/\/fisicaevestibular.com.br\/novo\/wp-content\/uploads\/migracao\/enem\/5\/ENEM5_html_d7d94c16.jpg\" alt=\"\" width=\"274\" height=\"138\" name=\"Imagem 16\" align=\"BOTTOM\" border=\"0\" \/><\/p>\n<p><span style=\"color: #0000cc;\"><span style=\"font-family: Arial, serif;\"><span style=\"font-size: medium;\"><b>Em seu interior, existe um sal\u00e3o de jogos climatizado e nele uma mesa de pingue-pongue orientada paralelamente ao comprimento do navio. Dois jovens resolvem jogar pingue-pongue, mas discordam sobre quem deve ficar de frente ou de costas para o sentido do deslocamento do navio. Segundo um deles, tal escolha influenciaria no resultado do jogo, pois o movimento do navio afetaria o movimento relativo da bolinha de pingue-pongue.<\/b><\/span><\/span><\/span><\/p>\n<p><span style=\"color: #0000cc;\"><span style=\"font-family: Arial, serif;\"><span style=\"font-size: medium;\"><b>Nesse contexto, de acordo com as Leis da F\u00edsica, pode-se afirmar que<\/b><\/span><\/span><\/span><\/p>\n<p><span style=\"color: #0000cc;\"><span style=\"font-family: Arial, serif;\"><span style=\"font-size: medium;\"><b>a) a discuss\u00e3o n\u00e3o \u00e9 pertinente, pois, no caso, o navio se comporta como um referencial n\u00e3o inercial, n\u00e3o afetando o movimento da bola.<\/b><\/span><\/span><\/span><\/p>\n<p><span style=\"color: #0000cc;\"><span style=\"font-family: Arial, serif;\"><span style=\"font-size: medium;\"><b>b) a discuss\u00e3o \u00e9 pertinente, pois, no caso, o navio se comporta como um referencial n\u00e3o inercial, n\u00e3o afetando o movimento da bola.<\/b><\/span><\/span><\/span><\/p>\n<p><span style=\"color: #0000cc;\"><span style=\"font-family: Arial, serif;\"><span style=\"font-size: medium;\"><b>c) a discuss\u00e3o \u00e9 pertinente, pois, no caso, o navio se comporta como um referencial inercial, afetando o movimento da bola.<\/b><\/span><\/span><\/span><\/p>\n<p><span style=\"color: #0000cc;\"><span style=\"font-family: Arial, serif;\"><span style=\"font-size: medium;\"><b>d) a discuss\u00e3o n\u00e3o \u00e9 pertinente, pois, no caso, o navio se comporta como um referencial inercial, n\u00e3o afetando o movimento da bola.<\/b><\/span><\/span><\/span><\/p>\n<p><span style=\"color: #0000cc;\">\u00a0<\/span><\/p>\n<p><span style=\"color: #0000cc;\"><span style=\"font-family: Arial\\ Black, serif;\"><span style=\"font-size: large;\"><b>07-(UFAL-AL)\u00a0<\/b><\/span><\/span><\/span><\/p>\n<p><img loading=\"lazy\" decoding=\"async\" src=\"http:\/\/fisicaevestibular.com.br\/novo\/wp-content\/uploads\/migracao\/enem\/5\/ENEM5_html_59bf274c.jpg\" alt=\"\" width=\"780\" height=\"129\" name=\"Imagem 17\" align=\"BOTTOM\" border=\"0\" \/><\/p>\n<p><span style=\"color: #0000cc;\"><span style=\"font-family: Arial, serif;\"><span style=\"font-size: medium;\"><b>De dentro de um autom\u00f3vel em movimento retil\u00edneo uniforme, numa estrada horizontal, um estudante olha pela janela lateral e observa a chuva caindo, fazendo um \u00e2ngulo (\u03b8) com a dire\u00e7\u00e3o vertical, com sen\u03b8= 0,8 e cos \u03b8= 0,6.<\/b><\/span><\/span><\/span><\/p>\n<p align=\"CENTER\"><img loading=\"lazy\" decoding=\"async\" class=\"alignnone\" src=\"http:\/\/fisicaevestibular.com.br\/novo\/wp-content\/uploads\/migracao\/enem\/5\/ENEM5_html_4297e3e5.jpg\" alt=\"Vetores\" width=\"457\" height=\"203\" name=\"Imagem 18\" align=\"BOTTOM\" border=\"0\" \/><\/p>\n<p><span style=\"color: #0000cc;\"><span style=\"font-family: Arial, serif;\"><span style=\"font-size: medium;\"><b>Para uma pessoa parada na estrada, a chuva cai verticalmente, com velocidade constante de m\u00f3dulo v. Se o veloc\u00edmetro do autom\u00f3vel marca 80,0 km\/h, pode-se concluir que o valor de v \u00e9 igual a:<\/b><\/span><\/span><\/span><\/p>\n<p><span style=\"color: #0000cc;\"><span style=\"font-family: Arial, serif;\"><span style=\"font-size: medium;\"><b>a) 48,0 km\/h\u00a0 \u00a0\u00a0\u00a0\u00a0\u00a0\u00a0\u00a0\u00a0\u00a0\u00a0\u00a0\u00a0\u00a0\u00a0\u00a0\u00a0\u00a0\u00a0\u00a0\u00a0\u00a0\u00a0\u00a0<\/b><\/span><\/span><\/span><\/p>\n<p><span style=\"color: #0000cc;\"><span style=\"font-family: Arial, serif;\"><span style=\"font-size: medium;\"><b>b) 60,0 km\/h\u00a0 \u00a0\u00a0\u00a0\u00a0\u00a0\u00a0\u00a0\u00a0\u00a0\u00a0\u00a0\u00a0\u00a0\u00a0\u00a0\u00a0\u00a0\u00a0\u00a0\u00a0\u00a0\u00a0\u00a0\u00a0\u00a0<\/b><\/span><\/span><\/span><\/p>\n<p><span style=\"color: #0000cc;\"><span style=\"font-family: Arial, serif;\"><span style=\"font-size: medium;\"><b>c) 64,0 km\/h\u00a0 \u00a0\u00a0\u00a0\u00a0\u00a0\u00a0\u00a0\u00a0\u00a0\u00a0\u00a0\u00a0\u00a0\u00a0\u00a0\u00a0\u00a0\u00a0\u00a0\u00a0<\/b><\/span><\/span><\/span><\/p>\n<p><span style=\"color: #0000cc;\"><span style=\"font-family: Arial, serif;\"><span style=\"font-size: medium;\"><b>d) 80,0 km\/h\u00a0 \u00a0\u00a0\u00a0\u00a0\u00a0\u00a0\u00a0\u00a0\u00a0\u00a0\u00a0\u00a0\u00a0\u00a0\u00a0\u00a0\u00a0\u00a0\u00a0\u00a0\u00a0\u00a0<\/b><\/span><\/span><\/span><\/p>\n<p><span style=\"color: #0000cc;\"><span style=\"font-family: Arial, serif;\"><span style=\"font-size: medium;\"><b>e) 106,7 km\/h\u00a0<\/b><\/span><\/span><\/span><\/p>\n<p><span style=\"color: #0000cc;\">\u00a0<\/span><\/p>\n<p><span style=\"color: #0000cc;\"><span style=\"font-family: Arial, serif;\"><span style=\"font-size: large;\"><b>08-(UFMS-MS)<\/b><\/span><\/span><\/span><\/p>\n<p><img loading=\"lazy\" decoding=\"async\" src=\"http:\/\/fisicaevestibular.com.br\/novo\/wp-content\/uploads\/migracao\/enem\/5\/ENEM5_html_1ed7392d.jpg\" alt=\"\" width=\"780\" height=\"140\" name=\"Imagem 19\" align=\"BOTTOM\" border=\"0\" \/><\/p>\n<p><span style=\"color: #0000cc;\"><span style=\"font-family: Arial, serif;\"><span style=\"font-size: medium;\"><b>Seja um rio sem curvas e de escoamento sereno sem turbul\u00eancias, de largura constante igual a L. Considere o escoamento representado por vetores velocidades paralelos \u00e0s margens e que cresce uniformemente com a dist\u00e2ncia da margem, atingindo o valor m\u00e1ximo v<\/b><\/span><\/span><\/span><span style=\"color: #0000cc;\"><sub><span style=\"font-family: Arial, serif;\"><span style=\"font-size: medium;\"><b>m\u00e1x<\/b><\/span><\/span><\/sub><\/span><span style=\"color: #0000cc;\"><span style=\"font-family: Arial, serif;\"><span style=\"font-size: medium;\"><b>\u00a0no meio do rio. <\/b><\/span><\/span><\/span><\/p>\n<p><span style=\"color: #0000cc;\"><span style=\"font-family: Arial, serif;\"><span style=\"font-size: medium;\"><b>A partir da\u00ed a velocidade de escoamento diminui uniformemente atingindo o valor nulo nas margens. Isso acontece porque o atrito de escoamento \u00e9 mais intenso pr\u00f3ximo \u00e0s margens. <\/b><\/span><\/span><\/span><\/p>\n<p><span style=\"color: #0000cc;\"><span style=\"font-family: Arial, serif;\"><span style=\"font-size: medium;\"><b>Um pescador, na tentativa de atravessar esse rio, parte da margem inferior no ponto O com um barco direcionado perpendicularmente \u00e0s margens e com velocidade constante em rela\u00e7\u00e3o \u00e0 \u00e1gua, e igual a u. As linhas pontilhadas, nas figuras, representam poss\u00edveis trajet\u00f3rias descritas pelo barco ao atravessar o rio saindo do ponto O e chegando ao ponto P na margem superior. Com fundamentos nos conceitos da cinem\u00e1tica, assinale a alternativa CORRETA.<\/b><\/span><\/span><\/span><\/p>\n<p><img loading=\"lazy\" decoding=\"async\" src=\"http:\/\/fisicaevestibular.com.br\/novo\/wp-content\/uploads\/migracao\/enem\/5\/ENEM5_html_9c5ad1de.png\" alt=\"\" width=\"780\" height=\"165\" name=\"Imagem 25\" align=\"BOTTOM\" border=\"0\" \/><\/p>\n<p><span style=\"color: #0000cc;\"><span style=\"font-family: Arial, serif;\"><span style=\"font-size: medium;\"><b>a) A figura A representa corretamente a trajet\u00f3ria do barco; e o tempo t para atravessar o rio \u00e9 igual a t = L\/(v<\/b><\/span><\/span><\/span><span style=\"color: #0000cc;\"><sub><span style=\"font-family: Arial, serif;\"><span style=\"font-size: medium;\"><b>m\u00e1x<\/b><\/span><\/span><\/sub><\/span><span style=\"color: #0000cc;\"><span style=\"font-family: Arial, serif;\"><span style=\"font-size: medium;\"><b>+u).<\/b><\/span><\/span><\/span><\/p>\n<p><span style=\"color: #0000cc;\"><span style=\"font-family: Arial, serif;\"><span style=\"font-size: medium;\"><b>b) A figura B representa corretamente a trajet\u00f3ria do barco; e o tempo t para atravessar o rio \u00e9 igual a t = L\/u.<\/b><\/span><\/span><\/span><\/p>\n<p><span style=\"color: #0000cc;\"><span style=\"font-family: Arial, serif;\"><span style=\"font-size: medium;\"><b>c) A figura C representa corretamente a trajet\u00f3ria do barco; e o tempo t para atravessar o rio \u00e9 igual a t = L\/u.<\/b><\/span><\/span><\/span><\/p>\n<p><span style=\"color: #0000cc;\"><span style=\"font-family: Arial, serif;\"><span style=\"font-size: medium;\"><b>d) A figura B representa corretamente a trajet\u00f3ria do barco; e o tempo t para atravessar o rio \u00e9 igual a t = L\/(u+v<\/b><\/span><\/span><\/span><span style=\"color: #0000cc;\"><sub><span style=\"font-family: Arial, serif;\"><span style=\"font-size: medium;\"><b>m\u00e1x<\/b><\/span><\/span><\/sub><\/span><span style=\"color: #0000cc;\"><span style=\"font-family: Arial, serif;\"><span style=\"font-size: medium;\"><b>).<\/b><\/span><\/span><\/span><\/p>\n<p><span style=\"color: #0000cc;\"><span style=\"font-family: Arial, serif;\"><span style=\"font-size: medium;\"><b>e) A figura D representa corretamente a trajet\u00f3ria do barco; e o tempo t para atravessar o rio \u00e9 igual a t = L\/u.<\/b><\/span><\/span><\/span><\/p>\n<p><span style=\"color: #0000cc;\">\u00a0<\/span><\/p>\n<p><span style=\"color: #0000cc;\"><span style=\"font-family: Arial\\ Black, serif;\"><span style=\"font-size: large;\"><b>09-(MACKENZIE-SP) <\/b><\/span><\/span><\/span><span style=\"color: #0000cc;\"><span style=\"font-family: Arial, serif;\"><span style=\"font-size: medium;\"><b>Um passageiro em um trem, que se move para a sua direita em movimento retil\u00edneo uniforme, observa a chuva atrav\u00e9s da janela. N\u00e3o h\u00e1 ventos e as gotas de chuva j\u00e1 atingiram a velocidade limite. O aspecto da chuva observado pelo passageiro \u00e9:<\/b><\/span><\/span><\/span><\/p>\n<p><img loading=\"lazy\" decoding=\"async\" src=\"http:\/\/fisicaevestibular.com.br\/novo\/wp-content\/uploads\/migracao\/enem\/5\/ENEM5_html_c1fbdea0.jpg\" alt=\"\" width=\"787\" height=\"143\" name=\"Imagem 21\" align=\"BOTTOM\" border=\"0\" \/><\/p>\n<p>&nbsp;<\/p>\n<h3><span style=\"color: #0000cc;\"><a title=\"Resolu\u00e7\u00e3o Comentada \u2013 Vetores \u2013 Cinem\u00e1tica Vetorial\" href=\"http:\/\/fisicaevestibular.com.br\/novo\/enem\/vetores-cinematica-vetorial\/resolucao-comentada-vetores-cinematica-vetorial\/\"><span style=\"color: #000080;\">Confira a resolu\u00e7\u00e3o comentada<\/span><\/a><br \/>\n<\/span><\/h3>\n<p>&nbsp;<\/p>\n<p><a href=\"https:\/\/fisicaevestibular.com.br\/novo\/enem\/\">Clique aqui para ver sobre o tema!<\/a><\/p>\n<p><a href=\"https:\/\/www.youtube.com\/user\/fisicaevestibular\/playlists\">Confira as v\u00eddeo aulas!<\/a><\/p>\n","protected":false},"excerpt":{"rendered":"<p>Vetores \u2013 Cinem\u00e1tica Vetorial Exerc\u00edcios com caracter\u00edsticas de ENEM 01-(FUVEST-SP) Um viajante saiu de Araripe, no Cear\u00e1, percorreu, inicialmente, 1.000 km para o sul, depois 1.000 km para o oeste e, por fim, mais 750 km para o sul. Com base nesse trajeto e no mapa acima, pode-se afirmar que, durante seu percurso, o viajante passou pelos estados do Cear\u00e1,<\/p>\n","protected":false},"author":1,"featured_media":0,"parent":3575,"menu_order":0,"comment_status":"closed","ping_status":"closed","template":"","meta":{"om_disable_all_campaigns":false,"_monsterinsights_skip_tracking":false,"_monsterinsights_sitenote_active":false,"_monsterinsights_sitenote_note":"","_monsterinsights_sitenote_category":0,"footnotes":""},"class_list":["post-3611","page","type-page","status-publish","hentry"],"aioseo_notices":[],"_links":{"self":[{"href":"https:\/\/fisicaevestibular.com.br\/novo\/wp-json\/wp\/v2\/pages\/3611","targetHints":{"allow":["GET"]}}],"collection":[{"href":"https:\/\/fisicaevestibular.com.br\/novo\/wp-json\/wp\/v2\/pages"}],"about":[{"href":"https:\/\/fisicaevestibular.com.br\/novo\/wp-json\/wp\/v2\/types\/page"}],"author":[{"embeddable":true,"href":"https:\/\/fisicaevestibular.com.br\/novo\/wp-json\/wp\/v2\/users\/1"}],"replies":[{"embeddable":true,"href":"https:\/\/fisicaevestibular.com.br\/novo\/wp-json\/wp\/v2\/comments?post=3611"}],"version-history":[{"count":4,"href":"https:\/\/fisicaevestibular.com.br\/novo\/wp-json\/wp\/v2\/pages\/3611\/revisions"}],"predecessor-version":[{"id":9773,"href":"https:\/\/fisicaevestibular.com.br\/novo\/wp-json\/wp\/v2\/pages\/3611\/revisions\/9773"}],"up":[{"embeddable":true,"href":"https:\/\/fisicaevestibular.com.br\/novo\/wp-json\/wp\/v2\/pages\/3575"}],"wp:attachment":[{"href":"https:\/\/fisicaevestibular.com.br\/novo\/wp-json\/wp\/v2\/media?parent=3611"}],"curies":[{"name":"wp","href":"https:\/\/api.w.org\/{rel}","templated":true}]}}