{"id":3598,"date":"2018-02-13T12:20:14","date_gmt":"2018-02-13T12:20:14","guid":{"rendered":"http:\/\/fisicaevestibular.com.br\/novo\/?page_id=3598"},"modified":"2024-06-26T14:34:32","modified_gmt":"2024-06-26T14:34:32","slug":"movimento-uniformemente-variado-muv","status":"publish","type":"page","link":"https:\/\/fisicaevestibular.com.br\/novo\/enem\/movimento-uniformemente-variado-muv\/","title":{"rendered":"(MUV) Movimento Uniformemente Variado"},"content":{"rendered":"<p align=\"CENTER\"><span style=\"color: #c00000;\"><span style=\"font-family: Arial\\ Black, serif;\"><span style=\"font-size: large;\"><b>Movimento Uniformemente Variado (MUV)<\/b><\/span><\/span><\/span><\/p>\n<p><span style=\"color: #0000cc;\">\u00a0<\/span><\/p>\n<p><span style=\"color: #0000cc;\"><span style=\"font-family: Arial\\ Black, serif;\"><span style=\"font-size: large;\"><b>01-(ENEM-MEC)<\/b><\/span><\/span><\/span><\/p>\n<p><img decoding=\"async\" src=\"http:\/\/fisicaevestibular.com.br\/novo\/wp-content\/uploads\/migracao\/enem\/3\/ENEM3_html_c959699d.jpg\" alt=\"\" width=\"281\" height=\"135\" name=\"Imagem 1\" align=\"BOTTOM\" border=\"0\" \/><\/p>\n<p><span style=\"color: #0000cc;\"><span style=\"font-family: Arial, serif;\"><span style=\"font-size: medium;\"><b>Em uma prova de 100 m rasos, o desempenho t\u00edpico de um corredor padr\u00e3o \u00e9 representado pelo gr\u00e1fico a seguir:<\/b><\/span><\/span><\/span><\/p>\n<p><img fetchpriority=\"high\" decoding=\"async\" src=\"http:\/\/fisicaevestibular.com.br\/novo\/wp-content\/uploads\/migracao\/enem\/3\/ENEM3_html_91955c70.jpg\" alt=\"\" width=\"778\" height=\"255\" name=\"Imagem 2\" align=\"BOTTOM\" border=\"0\" \/><\/p>\n<p><span style=\"color: #0000cc;\"><span style=\"font-family: Arial, serif;\"><span style=\"font-size: medium;\"><b>Em que intervalo de tempo o corredor apresenta acelera\u00e7\u00e3o m\u00e1xima?<\/b><\/span><\/span><\/span><\/p>\n<p><span style=\"color: #0000cc;\"><span style=\"font-family: Arial, serif;\"><span style=\"font-size: medium;\"><b>a) Entre 0 e 1 segundo.\u00a0\u00a0\u00a0\u00a0\u00a0\u00a0\u00a0\u00a0\u00a0\u00a0\u00a0\u00a0\u00a0\u00a0 <\/b><\/span><\/span><\/span><\/p>\n<p><span style=\"color: #0000cc;\"><span style=\"font-family: Arial, serif;\"><span style=\"font-size: medium;\"><b>b) Entre 1 e 5 segundos.\u00a0\u00a0\u00a0\u00a0\u00a0\u00a0\u00a0\u00a0\u00a0\u00a0\u00a0\u00a0\u00a0\u00a0 <\/b><\/span><\/span><\/span><\/p>\n<p><span style=\"color: #0000cc;\"><span style=\"font-family: Arial, serif;\"><span style=\"font-size: medium;\"><b>c) Entre 5 e 8 segundos.\u00a0\u00a0\u00a0\u00a0\u00a0\u00a0\u00a0 \u00a0\u00a0\u00a0\u00a0\u00a0\u00a0\u00a0<\/b><\/span><\/span><\/span><\/p>\n<p><span style=\"color: #0000cc;\"><span style=\"font-family: Arial, serif;\"><span style=\"font-size: medium;\"><b>d) Entre 8 e 11 segundos.<\/b><\/span><\/span><\/span><\/p>\n<p><span style=\"color: #0000cc;\"><span style=\"font-family: Arial, serif;\"><span style=\"font-size: medium;\"><b>e) Entre 9 e 15 segundos.<\/b><\/span><\/span><\/span><\/p>\n<p><span style=\"color: #0000cc;\">\u00a0<\/span><\/p>\n<p><span style=\"color: #0000cc;\"><span style=\"font-family: Arial\\ Black, serif;\"><span style=\"font-size: large;\"><b>02&#8211;(ENEM-MEC)<\/b><\/span><\/span><\/span><\/p>\n<p><img decoding=\"async\" src=\"http:\/\/fisicaevestibular.com.br\/novo\/wp-content\/uploads\/migracao\/enem\/3\/ENEM3_html_746bedfc.jpg\" alt=\"\" width=\"302\" height=\"131\" name=\"Imagem 3\" align=\"BOTTOM\" border=\"0\" \/><\/p>\n<p align=\"CENTER\"><span style=\"color: #0000cc;\"><span style=\"font-family: Arial\\ Black, serif;\"><span style=\"font-size: medium;\"><b>O Super-homem e as leis do movimento<\/b><\/span><\/span><\/span><\/p>\n<p><span style=\"color: #0000cc;\"><span style=\"font-family: Arial, serif;\"><span style=\"font-size: medium;\"><b>Uma das raz\u00f5es para pensar sobre a f\u00edsica dos super-her\u00f3is \u00e9, acima de tudo, uma forma divertida de explorar muitos fen\u00f4menos f\u00edsicos interessantes, dede fen\u00f4menos corriqueiros at\u00e9 eventos considerados fant\u00e1sticos. A figura seguinte mostra o Super-homem lan\u00e7ando-se no espa\u00e7o para chegar ao topo de um pr\u00e9dio de altura H. Seria poss\u00edvel admitir que com seus superpoderes ele estaria voando com propuls\u00e3o pr\u00f3pria, mas considere que ele tenha dado um forte salto.<\/b><\/span><\/span><\/span><\/p>\n<p align=\"CENTER\"><img loading=\"lazy\" decoding=\"async\" src=\"http:\/\/fisicaevestibular.com.br\/novo\/wp-content\/uploads\/migracao\/enem\/3\/ENEM3_html_db13a87e.jpg\" alt=\"\" width=\"320\" height=\"214\" name=\"Imagem 4\" align=\"BOTTOM\" border=\"0\" \/><\/p>\n<p><span style=\"color: #0000cc;\"><span style=\"font-family: Arial, serif;\"><span style=\"font-size: medium;\"><b>Neste caso, sua velocidade final no ponto mais alto do salto deve ser zero, caso contr\u00e1rio, ele continuaria subindo. Sendo g a acelera\u00e7\u00e3o da gravidade, a rela\u00e7\u00e3o entre a velocidade inicial do Super-homem e a altura atingida \u00e9 dada por: v2\u00a0= 2gh.<\/b><\/span><\/span><\/span><\/p>\n<p><span style=\"color: #0000cc;\"><span style=\"font-family: Arial, serif;\"><span style=\"font-size: medium;\"><b>A altura que o Super-homem alcan\u00e7a em seu salto depende do quadrado de sua velocidade inicial porque<\/b><\/span><\/span><\/span><\/p>\n<p><span style=\"color: #0000cc;\"><span style=\"font-family: Arial, serif;\"><span style=\"font-size: medium;\"><b>(A) a altura do seu pulo \u00e9 proporcional \u00e0 sua velocidade m\u00e9dia multiplicada pelo tempo que ele permanece no ar ao quadrado.<\/b><\/span><\/span><\/span><\/p>\n<p><span style=\"color: #0000cc;\"><span style=\"font-family: Arial, serif;\"><span style=\"font-size: medium;\"><b>(B) o tempo que ele permanece no ar \u00e9 diretamente proporcional \u00e0 acelera\u00e7\u00e3o da gravidade e essa \u00e9 diretamente proporcional \u00e0 velocidade.<\/b><\/span><\/span><\/span><\/p>\n<p><span style=\"color: #0000cc;\"><span style=\"font-family: Arial, serif;\"><span style=\"font-size: medium;\"><b>(C) o tempo que ele permanece no ar \u00e9 inversamente proporcional \u00e0 acelera\u00e7\u00e3o da gravidade e essa \u00e9 inversamente proporcional \u00e0 velocidade m\u00e9dia.<\/b><\/span><\/span><\/span><\/p>\n<p><span style=\"color: #0000cc;\"><span style=\"font-family: Arial, serif;\"><span style=\"font-size: medium;\"><b>(D) a acelera\u00e7\u00e3o do movimento deve ser elevada ao quadrado, pois existem duas acelera\u00e7\u00f5es envolvidas: a acelera\u00e7\u00e3o da gravidade e a acelera\u00e7\u00e3o do salto.<\/b><\/span><\/span><\/span><\/p>\n<p><span style=\"color: #0000cc;\"><span style=\"font-family: Arial, serif;\"><span style=\"font-size: medium;\"><b>(E) a altura do pulo \u00e9 proporcional \u00e0 sua velocidade m\u00e9dia multiplicada pelo tempo que ele permanece no ar, e esse tempo tamb\u00e9m depende da sua velocidade inicial.<\/b><\/span><\/span><\/span><\/p>\n<p><span style=\"color: #0000cc;\">\u00a0<\/span><\/p>\n<p align=\"CENTER\"><span style=\"color: #c00000;\"><span style=\"font-family: Arial\\ Black, serif;\"><span style=\"font-size: large;\"><b>Exerc\u00edcios com caracter\u00edsticas de ENEM<\/b><\/span><\/span><\/span><\/p>\n<p><span style=\"color: #0000cc;\"><span style=\"font-family: Arial\\ Black, serif;\"><span style=\"font-size: large;\"><b>03- (UNCISAL-AL)<\/b><\/span><\/span><\/span><\/p>\n<p><img loading=\"lazy\" decoding=\"async\" src=\"http:\/\/fisicaevestibular.com.br\/novo\/wp-content\/uploads\/migracao\/enem\/3\/ENEM3_html_a6ffc6d2.jpg\" alt=\"\" width=\"751\" height=\"131\" name=\"Imagem 5\" align=\"BOTTOM\" border=\"0\" \/><span style=\"color: #0000cc;\">\u00a0\u00a0\u00a0\u00a0\u00a0<\/span><\/p>\n<p><span style=\"color: #0000cc;\"><span style=\"font-family: Arial, serif;\"><span style=\"font-size: medium;\"><b>Jo\u00e3o Gabriel, vestibulando da UNCISAL, preparando-se para as provas de acesso \u00e0 universidade, vai conhecer o local das provas. Sai de casa de carro e, partindo do repouso, trafega por uma avenida retil\u00ednea que o conduz diretamente ao local desejado. A avenida \u00e9 dotada de cruzamentos com sem\u00e1foros e imp\u00f5e limite de velocidade, aos quais Jo\u00e3o Gabriel obedece. O gr\u00e1fico que melhor esbo\u00e7a o comportamento da velocidade do carro dele, em fun\u00e7\u00e3o do tempo, desde que ele sai de casa at\u00e9 a chegada ao local da prova, onde estaciona no instante t\u2019, \u00e9:<\/b><\/span><\/span><\/span><\/p>\n<p><img loading=\"lazy\" decoding=\"async\" src=\"http:\/\/fisicaevestibular.com.br\/novo\/wp-content\/uploads\/migracao\/enem\/3\/ENEM3_html_725176d3.jpg\" alt=\"\" width=\"783\" height=\"225\" name=\"Imagem 6\" align=\"BOTTOM\" border=\"0\" \/><\/p>\n<p><span style=\"color: #0000cc;\">\u00a0<\/span><\/p>\n<p><span style=\"color: #0000cc;\"><span style=\"font-family: Arial\\ Black, serif;\"><span style=\"font-size: large;\"><b>04-(PUC-MG)<\/b><\/span><\/span><\/span><\/p>\n<p><img loading=\"lazy\" decoding=\"async\" src=\"http:\/\/fisicaevestibular.com.br\/novo\/wp-content\/uploads\/migracao\/enem\/3\/ENEM3_html_c7403f.jpg\" alt=\"\" width=\"774\" height=\"136\" name=\"Imagem 7\" align=\"BOTTOM\" border=\"0\" \/><\/p>\n<p align=\"CENTER\"><span style=\"color: #0000cc;\"><span style=\"font-family: Arial, serif;\"><span style=\"font-size: medium;\"><b>NA HORA DO ACIDENTE, BRASILEIRO REDUZIA<\/b><\/span><\/span><\/span><\/p>\n<p><span style=\"color: #0000cc;\"><span style=\"font-family: Arial, serif;\"><span style=\"font-size: medium;\"><b>Eram os instantes finais do segundo bloco do treino classificat\u00f3rio para o GP da Hungria. Felipe Massa tinha o terceiro melhor tempo, mas decidiu abrir uma volta r\u00e1pida, tentando melhorar, buscando o acerto ideal para o Q3, a parte decisiva da sess\u00e3o, a luta pela pole position. Percorria a pequena reta entre as curvas 3 e 4 da pista de Hungaroring e come\u00e7ava a reduzir de quase 360 km\/h<\/b><\/span><\/span><\/span><\/p>\n<p align=\"CENTER\"><img loading=\"lazy\" decoding=\"async\" src=\"http:\/\/fisicaevestibular.com.br\/novo\/wp-content\/uploads\/migracao\/enem\/3\/ENEM3_html_3165bad2.jpg\" alt=\"\" width=\"658\" height=\"174\" name=\"Imagem 8\" align=\"BOTTOM\" border=\"0\" \/><\/p>\n<p><span style=\"color: #0000cc;\"><span style=\"font-family: Arial, serif;\"><span style=\"font-size: medium;\"><b>para 270 km\/h quando apagou. Com os p\u00e9s cravados tanto no freio como no acelerador, n\u00e3o virou o volante para a esquerda, passou por uma faixa de grama, retornou para a pista e percorreu a \u00e1rea de escape at\u00e9 bater de frente na barreira de pneus. <\/b><\/span><\/span><\/span><\/p>\n<p><span style=\"color: #0000cc;\"><span style=\"font-family: Arial, serif;\"><span style=\"font-size: medium;\"><b>At\u00f4nito, o aut\u00f3dromo assistiu \u00e0s cenas sem entender a falta de rea\u00e7\u00e3o do piloto. O mist\u00e9rio s\u00f3 foi desfeito pelas imagens da c\u00e2mera on board: uma pe\u00e7a atingiu o flanco esquerdo do capacete, fazendo com que o ferrarista perdesse os reflexos.<\/b><\/span><\/span><\/span><\/p>\n<p><span style=\"color: #0000cc;\"><span style=\"font-family: Arial, serif;\"><span style=\"font-size: medium;\"><b>Como informado no texto e considerando as aproxima\u00e7\u00f5es feitas, marque a op\u00e7\u00e3o cujo gr\u00e1fico melhor representa a velocidade do ve\u00edculo de Felipe Massa em fun\u00e7\u00e3o do tempo.<\/b><\/span><\/span><\/span><\/p>\n<p><img loading=\"lazy\" decoding=\"async\" src=\"http:\/\/fisicaevestibular.com.br\/novo\/wp-content\/uploads\/migracao\/enem\/3\/ENEM3_html_aabe95d.jpg\" alt=\"\" width=\"782\" height=\"158\" name=\"Imagem 9\" align=\"BOTTOM\" border=\"0\" \/><\/p>\n<p><span style=\"color: #0000cc;\">\u00a0<\/span><\/p>\n<p><span style=\"color: #0000cc;\"><span style=\"font-family: Arial\\ Black, serif;\"><span style=\"font-size: large;\"><b>05-(CEFET-CE)<\/b><\/span><\/span><\/span><\/p>\n<p><img loading=\"lazy\" decoding=\"async\" src=\"http:\/\/fisicaevestibular.com.br\/novo\/wp-content\/uploads\/migracao\/enem\/3\/ENEM3_html_e665d85d.jpg\" alt=\"\" width=\"636\" height=\"138\" name=\"Imagem 10\" align=\"BOTTOM\" border=\"0\" \/><\/p>\n<p><span style=\"color: #0000cc;\"><span style=\"font-family: Arial, serif;\"><span style=\"font-size: medium;\"><b>A seguir, apresentamos um quadro para a compara\u00e7\u00e3o da acelera\u00e7\u00e3o de alguns ve\u00edculos. Para todos os casos, o teste foi realizado com os ve\u00edculos acelerando de 0 a 100 km\/h. Observe o tempo necess\u00e1rio para que todos tenham a mesma varia\u00e7\u00e3o de velocidade:<\/b><\/span><\/span><\/span><\/p>\n<p align=\"CENTER\"><img loading=\"lazy\" decoding=\"async\" src=\"http:\/\/fisicaevestibular.com.br\/novo\/wp-content\/uploads\/migracao\/enem\/3\/ENEM3_html_5342086d.jpg\" alt=\"\" width=\"620\" height=\"231\" name=\"Imagem 11\" align=\"BOTTOM\" border=\"0\" \/><\/p>\n<p><span style=\"color: #0000cc;\"><span style=\"font-family: Arial, serif;\"><span style=\"font-size: medium;\"><b>Tomando como refer\u00eancia o gr\u00e1fico apresentado, marque a alternativa que indica corretamente o ve\u00edculo que possui maior acelera\u00e7\u00e3o e indique qual a rela\u00e7\u00e3o, aproximada, entre a sua acelera\u00e7\u00e3o e a do ve\u00edculo de menor acelera\u00e7\u00e3o.<\/b><\/span><\/span><\/span><\/p>\n<p><span style=\"color: #0000cc;\"><span style=\"font-family: Arial, serif;\"><span style=\"font-size: medium;\"><b>a) Parati e 8 vezes maior\u00a0\u00a0\u00a0\u00a0\u00a0\u00a0\u00a0\u00a0\u00a0 <\/b><\/span><\/span><\/span><\/p>\n<p><span style=\"color: #0000cc;\"><span style=\"font-family: Arial, serif;\"><span style=\"font-size: medium;\"><b>b) Parati e 8 vezes menor\u00a0\u00a0\u00a0\u00a0\u00a0\u00a0\u00a0\u00a0\u00a0 <\/b><\/span><\/span><\/span><\/p>\n<p><span style=\"color: #0000cc;\"><span style=\"font-family: Arial, serif;\"><span style=\"font-size: medium;\"><b>c) Corvette e 8 vezes maior\u00a0\u00a0\u00a0\u00a0\u00a0\u00a0\u00a0 \u00a0\u00a0<\/b><\/span><\/span><\/span><\/p>\n<p><span style=\"color: #0000cc;\"><span style=\"font-family: Arial, serif;\"><span style=\"font-size: medium;\"><b>d) Corvette e 8 vezes menor<\/b><\/span><\/span><\/span><\/p>\n<p><span style=\"color: #0000cc;\"><span style=\"font-family: Arial, serif;\"><span style=\"font-size: medium;\"><b>e) Corvette e 10 vezes maior<\/b><\/span><\/span><\/span><\/p>\n<p><span style=\"color: #0000cc;\">\u00a0<\/span><\/p>\n<p><span style=\"color: #0000cc;\"><span style=\"font-family: Arial\\ Black, serif;\"><span style=\"font-size: large;\"><b>06-(PUC-PR)<\/b><\/span><\/span><\/span><\/p>\n<p><img loading=\"lazy\" decoding=\"async\" src=\"http:\/\/fisicaevestibular.com.br\/novo\/wp-content\/uploads\/migracao\/enem\/3\/ENEM3_html_55a4b588.jpg\" alt=\"\" width=\"780\" height=\"136\" name=\"Imagem 12\" align=\"BOTTOM\" border=\"0\" \/><\/p>\n<p><span style=\"color: #0000cc;\"><span style=\"font-family: Arial, serif;\"><span style=\"font-size: medium;\"><b>Um autom\u00f3vel trafega em uma estrada retil\u00ednea. No instante t = 0 s, os freios s\u00e3o acionados, causando uma acelera\u00e7\u00e3o constante at\u00e9 anular a velocidade, como mostra a figura.<\/b><\/span><\/span><\/span><\/p>\n<p><span style=\"color: #0000cc;\"><span style=\"font-family: Arial, serif;\"><span style=\"font-size: medium;\"><b>A tabela mostra a velocidade em determinados instantes<\/b><\/span><\/span><\/span><\/p>\n<p align=\"CENTER\"><img loading=\"lazy\" decoding=\"async\" src=\"http:\/\/fisicaevestibular.com.br\/novo\/wp-content\/uploads\/migracao\/enem\/3\/ENEM3_html_68be0a8a.jpg\" alt=\"\" width=\"564\" height=\"125\" name=\"Imagem 13\" align=\"BOTTOM\" border=\"0\" \/><\/p>\n<p><span style=\"color: #0000cc;\"><span style=\"font-family: Arial, serif;\"><span style=\"font-size: medium;\"><b>Com base nestas informa\u00e7\u00f5es, s\u00e3o feitas algumas afirmativas a respeito do movimento:<\/b><\/span><\/span><\/span><\/p>\n<p><span style=\"color: #0000cc;\"><span style=\"font-family: Arial, serif;\"><span style=\"font-size: medium;\"><b>I. O autom\u00f3vel apresenta uma acelera\u00e7\u00e3o no sentido do deslocamento.<\/b><\/span><\/span><\/span><\/p>\n<p><span style=\"color: #0000cc;\"><span style=\"font-family: Arial, serif;\"><span style=\"font-size: medium;\"><b>II. O deslocamento do ve\u00edculo nos primeiros 2 s \u00e9 34 m.<\/b><\/span><\/span><\/span><\/p>\n<p><span style=\"color: #0000cc;\"><span style=\"font-family: Arial, serif;\"><span style=\"font-size: medium;\"><b>III. A acelera\u00e7\u00e3o do ve\u00edculo \u00e9 -1,5 m\/s<\/b><\/span><\/span><\/span><span style=\"color: #0000cc;\"><sup><span style=\"font-family: Arial, serif;\"><span style=\"font-size: medium;\"><b>2<\/b><\/span><\/span><\/sup><\/span><span style=\"color: #0000cc;\"><span style=\"font-family: Arial, serif;\"><span style=\"font-size: medium;\"><b>.<\/b><\/span><\/span><\/span><\/p>\n<p><span style=\"color: #0000cc;\"><span style=\"font-family: Arial, serif;\"><span style=\"font-size: medium;\"><b>IV. A velocidade varia de modo inversamente proporcional ao tempo decorrido.<\/b><\/span><\/span><\/span><\/p>\n<p><span style=\"color: #0000cc;\"><span style=\"font-family: Arial, serif;\"><span style=\"font-size: medium;\"><b>V. A velocidade do ve\u00edculo se anula no instante 7,5 s.<\/b><\/span><\/span><\/span><\/p>\n<p><span style=\"color: #0000cc;\"><span style=\"font-family: Arial, serif;\"><span style=\"font-size: medium;\"><b>Est\u00e1 correta ou est\u00e3o corretas:<\/b><\/span><\/span><\/span><\/p>\n<p><img loading=\"lazy\" decoding=\"async\" src=\"http:\/\/fisicaevestibular.com.br\/novo\/wp-content\/uploads\/migracao\/enem\/3\/ENEM3_html_4246761c.png\" alt=\"\" width=\"775\" height=\"20\" name=\"Imagem 18\" align=\"BOTTOM\" border=\"0\" \/><\/p>\n<p><span style=\"color: #0000cc;\"><span style=\"font-family: Arial\\ Black, serif;\"><span style=\"font-size: large;\"><b>07-(UFPR-PR)\u00a0<\/b><\/span><\/span><\/span><\/p>\n<p><img loading=\"lazy\" decoding=\"async\" src=\"http:\/\/fisicaevestibular.com.br\/novo\/wp-content\/uploads\/migracao\/enem\/3\/ENEM3_html_8fa4976a.jpg\" alt=\"\" width=\"780\" height=\"129\" name=\"Imagem 14\" align=\"BOTTOM\" border=\"0\" \/><\/p>\n<p><span style=\"color: #0000cc;\"><span style=\"font-family: Arial, serif;\"><span style=\"font-size: medium;\"><b>Em uma prova internacional de ciclismo, dois dos ciclistas, um franc\u00eas e, separado por uma dist\u00e2ncia de 15\u00a0m \u00e0 sua frente, um ingl\u00eas, se movimentam com velocidades iguais e constantes de m\u00f3dulo 22 m\/s. <\/b><\/span><\/span><\/span><\/p>\n<p align=\"CENTER\"><img loading=\"lazy\" decoding=\"async\" src=\"http:\/\/fisicaevestibular.com.br\/novo\/wp-content\/uploads\/migracao\/enem\/3\/ENEM3_html_f0d20951.jpg\" alt=\"\" width=\"530\" height=\"179\" name=\"Imagem 15\" align=\"BOTTOM\" border=\"0\" \/><\/p>\n<p><span style=\"color: #0000cc;\"><span style=\"font-family: Arial, serif;\"><span style=\"font-size: medium;\"><b>Considere agora que o representante<\/b><\/span><\/span><\/span><\/p>\n<p><span style=\"color: #0000cc;\"><span style=\"font-family: Arial, serif;\"><span style=\"font-size: medium;\"><b>brasileiro na prova, ao ultrapassar o ciclista franc\u00eas, possui uma velocidade constante de m\u00f3dulo 24 m\/s e inicia uma acelera\u00e7\u00e3o constante de m\u00f3dulo 0,4 m\/s2, com o objetivo de ultrapassar o ciclista ingl\u00eas e ganhar a prova. No instante em que ele ultrapassa o ciclista franc\u00eas, faltam ainda 200 m para a linha de chegada. Com base nesses dados e admitindo que o ciclista ingl\u00eas, ao ser ultrapassado pelo brasileiro, mantenha constantes as caracter\u00edsticas do seu movimento, assinale a alternativa correta para o tempo gasto pelo ciclista brasileiro para ultrapassar o ciclista ingl\u00eas e ganhar a corrida.<\/b><\/span><\/span><\/span><\/p>\n<p><img loading=\"lazy\" decoding=\"async\" src=\"http:\/\/fisicaevestibular.com.br\/novo\/wp-content\/uploads\/migracao\/enem\/3\/ENEM3_html_db699823.png\" alt=\"\" width=\"775\" height=\"19\" name=\"Imagem 19\" align=\"BOTTOM\" border=\"0\" \/><\/p>\n<p><span style=\"color: #0000cc;\"><span style=\"font-family: Arial\\ Black, serif;\"><span style=\"font-size: large;\"><b>08-(UFES-ES)<\/b><\/span><\/span><\/span><\/p>\n<p><img loading=\"lazy\" decoding=\"async\" src=\"http:\/\/fisicaevestibular.com.br\/novo\/wp-content\/uploads\/migracao\/enem\/3\/ENEM3_html_955475fe.jpg\" alt=\"\" width=\"778\" height=\"129\" name=\"Imagem 16\" align=\"BOTTOM\" border=\"0\" \/><\/p>\n<p><span style=\"color: #0000cc;\"><span style=\"font-family: Arial, serif;\"><span style=\"font-size: medium;\"><b>Um predador, partindo do repouso, alcan\u00e7a sua velocidade m\u00e1xima de 54 km\/h em 4 s e mant\u00e9m essa velocidade durante 10 s. Se n\u00e3o alcan\u00e7ar sua presa nesses 14 s, o predador desiste da ca\u00e7ada. A presa, partindo do repouso, alcan\u00e7a sua velocidade m\u00e1xima, que \u00e9 4\/5 da velocidade m\u00e1xima do predador, em 5 s e consegue mant\u00ea-la por mais tempo que o predador.<\/b><\/span><\/span><\/span><\/p>\n<p align=\"CENTER\"><img loading=\"lazy\" decoding=\"async\" class=\"alignnone\" src=\"http:\/\/fisicaevestibular.com.br\/novo\/wp-content\/uploads\/migracao\/enem\/3\/ENEM3_html_76bae454.jpg\" alt=\"MUV\" width=\"387\" height=\"127\" name=\"Imagem 17\" align=\"BOTTOM\" border=\"0\" \/><\/p>\n<p><span style=\"color: #0000cc;\">\u00a0<span style=\"font-family: Arial, serif;\"><span style=\"font-size: medium;\"><b>Suponha-se que as acelera\u00e7\u00f5es s\u00e3o constantes, que o in\u00edcio do ataque e da fuga s\u00e3o simult\u00e2neos e que predador e presa partem do repouso. Para o predador obter sucesso em sua ca\u00e7ada, a dist\u00e2ncia inicial m\u00e1xima entre ele e a presa \u00e9 de:<\/b><\/span><\/span><\/span><\/p>\n<p><img loading=\"lazy\" decoding=\"async\" src=\"http:\/\/fisicaevestibular.com.br\/novo\/wp-content\/uploads\/migracao\/enem\/3\/ENEM3_html_d0226a7c.png\" alt=\"\" width=\"775\" height=\"20\" name=\"Imagem 20\" align=\"BOTTOM\" border=\"0\" \/><\/p>\n<p>&nbsp;<\/p>\n<h3><a title=\"Resolu\u00e7\u00e3o Comentada \u2013 Movimento Uniformemente Variado (MUV)\" href=\"http:\/\/fisicaevestibular.com.br\/novo\/enem\/movimento-uniformemente-variado-muv\/resolucao-comentada-movimento-uniformemente-variado-muv\/\"><span style=\"color: #000080;\">Confira a resolu\u00e7\u00e3o comentada<\/span><\/a><\/h3>\n<p>&nbsp;<\/p>\n<p><a href=\"https:\/\/fisicaevestibular.com.br\/novo\/enem\/\">Clique aqui para ver sobre o tema!<\/a><\/p>\n<p><a href=\"https:\/\/www.youtube.com\/user\/fisicaevestibular\/playlists\">Confira as v\u00eddeo aulas!<\/a><\/p>\n","protected":false},"excerpt":{"rendered":"<p>Movimento Uniformemente Variado (MUV) \u00a0 01-(ENEM-MEC) Em uma prova de 100 m rasos, o desempenho t\u00edpico de um corredor padr\u00e3o \u00e9 representado pelo gr\u00e1fico a seguir: Em que intervalo de tempo o corredor apresenta acelera\u00e7\u00e3o m\u00e1xima? a) Entre 0 e 1 segundo.\u00a0\u00a0\u00a0\u00a0\u00a0\u00a0\u00a0\u00a0\u00a0\u00a0\u00a0\u00a0\u00a0\u00a0 b) Entre 1 e 5 segundos.\u00a0\u00a0\u00a0\u00a0\u00a0\u00a0\u00a0\u00a0\u00a0\u00a0\u00a0\u00a0\u00a0\u00a0 c) Entre 5 e 8 segundos.\u00a0\u00a0\u00a0\u00a0\u00a0\u00a0\u00a0 \u00a0\u00a0\u00a0\u00a0\u00a0\u00a0\u00a0 d) Entre 8 e 11<\/p>\n","protected":false},"author":1,"featured_media":0,"parent":3575,"menu_order":0,"comment_status":"closed","ping_status":"closed","template":"","meta":{"om_disable_all_campaigns":false,"_monsterinsights_skip_tracking":false,"_monsterinsights_sitenote_active":false,"_monsterinsights_sitenote_note":"","_monsterinsights_sitenote_category":0,"footnotes":""},"class_list":["post-3598","page","type-page","status-publish","hentry"],"aioseo_notices":[],"_links":{"self":[{"href":"https:\/\/fisicaevestibular.com.br\/novo\/wp-json\/wp\/v2\/pages\/3598","targetHints":{"allow":["GET"]}}],"collection":[{"href":"https:\/\/fisicaevestibular.com.br\/novo\/wp-json\/wp\/v2\/pages"}],"about":[{"href":"https:\/\/fisicaevestibular.com.br\/novo\/wp-json\/wp\/v2\/types\/page"}],"author":[{"embeddable":true,"href":"https:\/\/fisicaevestibular.com.br\/novo\/wp-json\/wp\/v2\/users\/1"}],"replies":[{"embeddable":true,"href":"https:\/\/fisicaevestibular.com.br\/novo\/wp-json\/wp\/v2\/comments?post=3598"}],"version-history":[{"count":4,"href":"https:\/\/fisicaevestibular.com.br\/novo\/wp-json\/wp\/v2\/pages\/3598\/revisions"}],"predecessor-version":[{"id":9770,"href":"https:\/\/fisicaevestibular.com.br\/novo\/wp-json\/wp\/v2\/pages\/3598\/revisions\/9770"}],"up":[{"embeddable":true,"href":"https:\/\/fisicaevestibular.com.br\/novo\/wp-json\/wp\/v2\/pages\/3575"}],"wp:attachment":[{"href":"https:\/\/fisicaevestibular.com.br\/novo\/wp-json\/wp\/v2\/media?parent=3598"}],"curies":[{"name":"wp","href":"https:\/\/api.w.org\/{rel}","templated":true}]}}