{"id":3575,"date":"2018-02-12T02:04:35","date_gmt":"2018-02-12T02:04:35","guid":{"rendered":"http:\/\/fisicaevestibular.com.br\/novo\/?page_id=3575"},"modified":"2024-08-20T22:54:43","modified_gmt":"2024-08-20T22:54:43","slug":"enem","status":"publish","type":"page","link":"https:\/\/fisicaevestibular.com.br\/novo\/enem\/","title":{"rendered":"F\u00cdSICA E VESTIBULAR &#8211; ENEM"},"content":{"rendered":"<p align=\"center\"><img fetchpriority=\"high\" decoding=\"async\" src=\"http:\/\/fisicaevestibular.com.br\/images\/logo_enem.png\" alt=\"\" width=\"579\" height=\"179\" border=\"0\" \/><\/p>\n<h4 align=\"center\"><strong>\u00daltimas edi\u00e7\u00f5es:<\/strong><\/h4>\n<p><a href=\"https:\/\/fisicaevestibular.com.br\/novo\/enem-mec-2021\/\">ENEM 2021<\/a><br \/>\n<a href=\"https:\/\/fisicaevestibular.com.br\/novo\/universidades-2021\/enem-2020\/\">ENEM 2020<\/a><\/p>\n<p>&nbsp;<\/p>\n<h4 align=\"center\"><strong>Confira o compilado das \u00faltimas provas do ENEM por Assunto<br \/>\n<\/strong><\/h4>\n<h4 align=\"center\">ENEM 2017 A 2019<\/h4>\n<p align=\"center\"><a href=\"http:\/\/fisicaevestibular.com.br\/novo\/enem\/enem-2020-cinematica\/\">Cinem\u00e1tica<\/a><br \/>\n<a href=\"http:\/\/fisicaevestibular.com.br\/novo\/enem\/enem-2020-estatica\/\">Est\u00e1tica<\/a><br \/>\n<a href=\"http:\/\/fisicaevestibular.com.br\/novo\/enem\/enem-2020-gravitacao\/\">Gravita\u00e7\u00e3o<\/a><br \/>\n<a href=\"http:\/\/fisicaevestibular.com.br\/novo\/enem\/enem-2020-leis-de-newton\/\">Leis de Newton<\/a><br \/>\n<a href=\"http:\/\/fisicaevestibular.com.br\/novo\/enem\/enem-2020-hidrostatica\/\">Hidrost\u00e1tica<\/a><br \/>\n<a href=\"http:\/\/fisicaevestibular.com.br\/novo\/enem\/enem-2020-ondulatoria\/\">Ondulat\u00f3ria<\/a><br \/>\n<a href=\"http:\/\/fisicaevestibular.com.br\/novo\/enem\/enem-2020-fisica-moderna\/\">F\u00edsica T\u00e9rmica<\/a><br \/>\n<a href=\"http:\/\/fisicaevestibular.com.br\/novo\/enem\/enem-2020-fisica-moderna\/\">F\u00edsica Moderna<\/a><br \/>\n<a href=\"http:\/\/fisicaevestibular.com.br\/novo\/enem\/enem-2020-eletrodinamica\/\">Eletrodin\u00e2mica<\/a><\/p>\n<h4 align=\"center\">ENEM POR MAT\u00c9RIA &#8211; 2008 A 2019<\/h4>\n<p align=\"center\"><span style=\"color: #000080;\"><b><a style=\"color: #000080;\" href=\"http:\/\/fisicaevestibular.com.br\/enem1.htm\"><span style=\"font-size: small;\">Sistema de Unidades An\u00e1lise Dimensional<\/span><\/a><\/b><\/span><\/p>\n<p align=\"center\"><span style=\"color: #000080;\"><b><a style=\"color: #000080;\" href=\"http:\/\/fisicaevestibular.com.br\/enem2.htm\"><span style=\"font-size: small;\">Conceitos e defini\u00e7\u00f5es Movimento e repouso<\/span><\/a><\/b><\/span><\/p>\n<p align=\"center\"><span style=\"color: #000080;\"><b><a style=\"color: #000080;\" href=\"http:\/\/fisicaevestibular.com.br\/enem3.htm\"><span style=\"font-size: small;\">Movimento Uniforme<\/span><\/a><\/b><\/span><\/p>\n<p align=\"center\"><span style=\"color: #000080;\"><b><a style=\"color: #000080;\" href=\"http:\/\/fisicaevestibular.com.br\/enem4.htm\"><span style=\"font-size: small;\">Movimento Uniformemente Variado <\/span><\/a><\/b><\/span><\/p>\n<p align=\"center\"><span style=\"color: #000080;\"><b><a style=\"color: #000080;\" href=\"http:\/\/fisicaevestibular.com.br\/enem5.htm\"><span style=\"font-size: small;\">Movimento Circular<\/span><\/a><\/b><\/span><\/p>\n<p align=\"center\"><span style=\"color: #000080;\"><b><a style=\"color: #000080;\" href=\"http:\/\/fisicaevestibular.com.br\/enem6.htm\"><span style=\"font-size: small;\">Vetores &#8211; Cinem\u00e1tica vetorial<\/span><\/a><\/b><\/span><\/p>\n<p align=\"center\"><span style=\"color: #000080;\"><b><span style=\"font-size: small;\"><a style=\"color: #000080;\" href=\"http:\/\/fisicaevestibular.com.br\/enem7.htm\">Conceitos sobre as leis de Newton<\/a><\/span><\/b><\/span><\/p>\n<p align=\"center\"><span style=\"color: #000080;\"><b><span style=\"font-size: small;\"><a style=\"color: #000080;\" href=\"http:\/\/fisicaevestibular.com.br\/enem8.htm\">Aplica\u00e7\u00f5es das leis de Newton sem atrito<\/a><\/span><\/b><\/span><\/p>\n<p align=\"center\"><span style=\"color: #000080;\"><b><span style=\"font-size: small;\"><a style=\"color: #000080;\" href=\"http:\/\/fisicaevestibular.com.br\/enem9.htm\">Aplica\u00e7\u00f5es das leis de Newton com atrito<\/a><\/span><\/b><\/span><\/p>\n<p align=\"center\"><span style=\"color: #000080;\"><b><span style=\"font-size: small;\"><a style=\"color: #000080;\" href=\"http:\/\/fisicaevestibular.com.br\/enem10.htm\">For\u00e7as no Movimento Circular<\/a><\/span><\/b><\/span><\/p>\n<p align=\"center\"><span style=\"color: #000080;\"><b><span style=\"font-size: small;\"><a style=\"color: #000080;\" href=\"http:\/\/fisicaevestibular.com.br\/enem11.htm\">Trabalho (energia) &#8211; Pot\u00eancia<\/a><\/span><\/b><\/span><\/p>\n<p align=\"center\"><span style=\"color: #000080;\"><b><span style=\"font-size: small;\"><a style=\"color: #000080;\" href=\"http:\/\/fisicaevestibular.com.br\/enem12.htm\">Trabalho como varia\u00e7\u00e3o de Energia<\/a><\/span><\/b><\/span><\/p>\n<p align=\"center\"><span style=\"color: #000080;\"><b><span style=\"font-size: small;\"><a style=\"color: #000080;\" href=\"http:\/\/fisicaevestibular.com.br\/enem13.htm\">Transforma\u00e7\u00f5es de energia &#8211; Energia Mec\u00e2nica &#8211; ENEM<\/a><\/span><\/b><\/span><\/p>\n<p align=\"center\"><span style=\"color: #000080;\"><b><span style=\"font-size: small;\"><a style=\"color: #000080;\" href=\"http:\/\/fisicaevestibular.com.br\/enem14.htm\">Transforma\u00e7\u00f5es de energia &#8211; Energia Mec\u00e2nica Exerc\u00edcios com caracter\u00edsticas de ENEM<\/a><\/span><\/b><\/span><\/p>\n<p align=\"center\"><span style=\"color: #000080;\"><b><span style=\"font-size: small;\"><a style=\"color: #000080;\" href=\"http:\/\/fisicaevestibular.com.br\/enem15.htm\">Din\u00e2mica Impulsiva<\/a><\/span><\/b><\/span><\/p>\n<p align=\"center\"><span style=\"color: #000080;\"><b><span style=\"font-size: small;\"><a style=\"color: #000080;\" href=\"http:\/\/fisicaevestibular.com.br\/enem16.htm\">Gravita\u00e7\u00e3o Universal &#8211; Leis de Kepler<\/a><\/span><\/b><\/span><\/p>\n<p align=\"center\"><span style=\"color: #000080;\"><b><span style=\"font-size: small;\"><a style=\"color: #000080;\" href=\"http:\/\/fisicaevestibular.com.br\/enem17.htm\">Gravita\u00e7\u00e3o Universal &#8211; Lei da Gravita\u00e7\u00e3o Universal e sat\u00e9lites em \u00f3rbitas<\/a><\/span><\/b><\/span><\/p>\n<p align=\"center\"><span style=\"color: #000080;\"><b><span style=\"font-size: small;\"><a style=\"color: #000080;\" href=\"http:\/\/fisicaevestibular.com.br\/enem18.htm\">Gravita\u00e7\u00e3o Universal &#8211; Velocidade de escape e acelera\u00e7\u00e3o da gravidade<\/a><\/span><\/b><\/span><\/p>\n<p align=\"center\"><span style=\"color: #000080;\"><b><span style=\"font-size: small;\"><a style=\"color: #000080;\" href=\"http:\/\/fisicaevestibular.com.br\/enem19.htm\">Est\u00e1tica de um ponto material<\/a><\/span><\/b><\/span><\/p>\n<p align=\"center\"><span style=\"color: #000080;\"><b><span style=\"font-size: small;\"><a style=\"color: #000080;\" href=\"http:\/\/fisicaevestibular.com.br\/enem20.htm\">Est\u00e1tica de um corpo extenso<\/a><\/span><\/b><\/span><\/p>\n<p align=\"center\"><span style=\"color: #000080;\"><b><span style=\"font-size: small;\"><a style=\"color: #000080;\" href=\"http:\/\/fisicaevestibular.com.br\/enem21.htm\">Hidr\u00f3statica &#8211; Densidade e Press\u00e3o<\/a><\/span><\/b><\/span><\/p>\n<p align=\"center\"><span style=\"color: #000080;\"><b><span style=\"font-size: small;\"><a style=\"color: #000080;\" href=\"http:\/\/fisicaevestibular.com.br\/enem22.htm\">Hidr\u00f3statica &#8211; Press\u00e3o hidrost\u00e1tica<\/a><\/span><\/b><\/span><\/p>\n<p align=\"center\"><span style=\"color: #000080;\"><b><span style=\"font-size: small;\"><a style=\"color: #000080;\" href=\"http:\/\/fisicaevestibular.com.br\/enem23.htm\">Hidr\u00f3statica &#8211; Experi\u00eancia de Torricelli &#8211; Princ\u00edpio de Pascal<\/a><\/span><\/b><\/span><\/p>\n<p align=\"center\"><span style=\"color: #000080;\"><b><span style=\"font-size: small;\"><a style=\"color: #000080;\" href=\"http:\/\/fisicaevestibular.com.br\/enem24.htm\">\u00d3ptica Geom\u00e9trica<\/a><\/span><\/b><\/span><\/p>\n<p align=\"center\"><span style=\"color: #000080;\"><b><span style=\"font-size: small;\"><a style=\"color: #000080;\" href=\"http:\/\/fisicaevestibular.com.br\/enem25.htm\">\u00d3ptica Geom\u00e9trica &#8211; Espelhos Planos<\/a><\/span><\/b><\/span><\/p>\n<p align=\"center\"><span style=\"color: #000080;\"><b><span style=\"font-size: small;\"><a style=\"color: #000080;\" href=\"http:\/\/fisicaevestibular.com.br\/enem26.htm\">\u00d3ptica Geom\u00e9trica &#8211; Espelhos Esf\u00e9ricos<\/a><\/span><\/b><\/span><\/p>\n<p align=\"center\"><span style=\"color: #000080;\"><b><span style=\"font-size: small;\"><a style=\"color: #000080;\" href=\"http:\/\/fisicaevestibular.com.br\/enem27.htm\">\u00d3ptica Geom\u00e9trica &#8211; Espelhos Esf\u00e9ricos II<\/a><\/span><\/b><\/span><\/p>\n<p align=\"center\"><span style=\"color: #000080;\"><b><span style=\"font-size: small;\"><a style=\"color: #000080;\" href=\"http:\/\/fisicaevestibular.com.br\/enem28.htm\">\u00d3ptica Geom\u00e9trica &#8211; Reflex\u00e3o total &#8211; Di\u00f3ptro plano<\/a><\/span><\/b><\/span><\/p>\n<p align=\"center\"><span style=\"color: #000080;\"><b><span style=\"font-size: small;\"><a style=\"color: #000080;\" href=\"http:\/\/fisicaevestibular.com.br\/enem29.htm\">\u00d3ptica Geom\u00e9trica &#8211; Lentes &#8211; constru\u00e7\u00e3o geom\u00e9trica de imagens<\/a><\/span><\/b><\/span><\/p>\n<p align=\"center\"><span style=\"color: #000080;\"><b><span style=\"font-size: small;\"><a style=\"color: #000080;\" href=\"http:\/\/fisicaevestibular.com.br\/enem31.htm\">\u00d3ptica Geom\u00e9trica &#8211; \u00d3ptica Fisiol\u00f3gica<\/a><\/span><\/b><\/span><\/p>\n<p align=\"center\"><span style=\"color: #000080;\"><b><span style=\"font-size: small;\"><a style=\"color: #000080;\" href=\"http:\/\/fisicaevestibular.com.br\/enem32.htm\">F\u00edsica T\u00e9rmica &#8211; Termometria Propaga\u00e7\u00e3o do Calor<\/a><\/span><\/b><\/span><\/p>\n<p align=\"center\"><span style=\"color: #000080;\"><b><span style=\"font-size: small;\"><a style=\"color: #000080;\" href=\"http:\/\/fisicaevestibular.com.br\/enem33.htm\">F\u00edsica T\u00e9rmica &#8211; Calor Sens\u00edvel (espec\u00edfico) &#8211; Trocas de calor sem mudan\u00e7a de estado<\/a><\/span><\/b><\/span><\/p>\n<p align=\"center\"><span style=\"color: #000080;\"><b><span style=\"font-size: small;\"><a style=\"color: #000080;\" href=\"http:\/\/fisicaevestibular.com.br\/enem35.htm\">F\u00edsica T\u00e9rmica &#8211; Dilatometria<\/a><\/span><\/b><\/span><\/p>\n<p align=\"center\"><span style=\"color: #000080;\"><b><span style=\"font-size: small;\"><a style=\"color: #000080;\" href=\"http:\/\/fisicaevestibular.com.br\/enem36.htm\">F\u00edsica T\u00e9rmica &#8211; Termodin\u00e2mica<\/a><\/span><\/b><\/span><\/p>\n<p align=\"center\"><span style=\"color: #000080;\"><b><span style=\"font-size: small;\"><a style=\"color: #000080;\" href=\"http:\/\/fisicaevestibular.com.br\/enem37.htm\">Eletrost\u00e1tica &#8211; Corpos eletrizados<\/a><\/span><\/b><\/span><\/p>\n<p align=\"center\"><span style=\"color: #000080;\"><b><span style=\"font-size: small;\"><a style=\"color: #000080;\" href=\"http:\/\/fisicaevestibular.com.br\/enem38.htm\">Eletrost\u00e1tica &#8211; Campo e Potencial el\u00e9tricos<\/a><\/span><\/b><\/span><\/p>\n<p align=\"center\"><span style=\"color: #000080;\"><b><span style=\"font-size: small;\"><a style=\"color: #000080;\" href=\"http:\/\/fisicaevestibular.com.br\/enem39.htm\">Eletrodin\u00e2mica &#8211; Corrente, pot\u00eancia e energia el\u00e9trica<\/a><\/span><\/b><\/span><\/p>\n<p align=\"center\"><span style=\"color: #000080;\"><b><span style=\"font-size: small;\"><a style=\"color: #000080;\" href=\"http:\/\/fisicaevestibular.com.br\/enem40.htm\">Eletrodin\u00e2mica\u00a0&#8211; Primeira e Segunda Leis de Ohm<\/a><\/span><\/b><\/span><\/p>\n<p align=\"center\"><span style=\"color: #000080;\"><a style=\"color: #000080;\" href=\"http:\/\/fisicaevestibular.com.br\/enem28.htm\">\u00a0 <\/a><b><span style=\"font-size: small;\"><a style=\"color: #000080;\" href=\"http:\/\/fisicaevestibular.com.br\/enem41.htm\">Eletrodin\u00e2mica- Resistor equivalente nas associa\u00e7\u00f5es s\u00e9rie, paralelo e mista curto circuito<\/a><\/span><\/b><\/span><\/p>\n<p align=\"center\"><span style=\"color: #000080;\"><b><span style=\"font-size: small;\"><a style=\"color: #000080;\" href=\"http:\/\/fisicaevestibular.com.br\/enem42.htm\">Eletrodin\u00e2mica\u00a0&#8211; Caracter\u00edsticas das associa\u00e7\u00f5es s\u00e9rie e paralelo<\/a><\/span><\/b><\/span><\/p>\n<p align=\"center\"><span style=\"color: #000080;\"><b><span style=\"font-size: small;\"><a style=\"color: #000080;\" href=\"http:\/\/fisicaevestibular.com.br\/enem43.htm\">Eletrodin\u00e2mica\u00a0&#8211; Circuitos com geradores e aparelhos de medidas<\/a><\/span><\/b><\/span><\/p>\n<p align=\"center\"><span style=\"color: #000080;\"><b><span style=\"font-size: small;\"><a style=\"color: #000080;\" href=\"http:\/\/fisicaevestibular.com.br\/enem44.htm\">Eletromagnetismo &#8211; Im\u00e3s e campo magn\u00e9tico<\/a><\/span><\/b><\/span><\/p>\n<p align=\"center\"><span style=\"color: #000080;\"><b><span style=\"font-size: small;\"><a style=\"color: #000080;\" href=\"http:\/\/fisicaevestibular.com.br\/enem45.htm\">Eletromagnetismo &#8211; For\u00e7a e campo magn\u00e9tico<\/a><\/span><\/b><\/span><\/p>\n<p align=\"center\"><span style=\"color: #000080;\"><b><span style=\"font-size: small;\"><a style=\"color: #000080;\" href=\"http:\/\/fisicaevestibular.com.br\/enem46.htm\">Eletromagnetismo &#8211; For\u00e7a eletromotriz induzida &#8211; Transformadores<\/a><\/span><\/b><\/span><\/p>\n","protected":false},"excerpt":{"rendered":"<p>\u00daltimas edi\u00e7\u00f5es: ENEM 2021 ENEM 2020 &nbsp; Confira o compilado das \u00faltimas provas do ENEM por Assunto ENEM 2017 A 2019 Cinem\u00e1tica Est\u00e1tica Gravita\u00e7\u00e3o Leis de Newton Hidrost\u00e1tica Ondulat\u00f3ria F\u00edsica T\u00e9rmica F\u00edsica Moderna Eletrodin\u00e2mica ENEM POR MAT\u00c9RIA &#8211; 2008 A 2019 Sistema de Unidades An\u00e1lise Dimensional Conceitos e defini\u00e7\u00f5es Movimento e repouso Movimento Uniforme Movimento Uniformemente Variado Movimento Circular Vetores<\/p>\n","protected":false},"author":1,"featured_media":0,"parent":0,"menu_order":0,"comment_status":"closed","ping_status":"closed","template":"","meta":{"om_disable_all_campaigns":false,"_monsterinsights_skip_tracking":false,"_monsterinsights_sitenote_active":false,"_monsterinsights_sitenote_note":"","_monsterinsights_sitenote_category":0,"footnotes":""},"class_list":["post-3575","page","type-page","status-publish","hentry"],"aioseo_notices":[],"_links":{"self":[{"href":"https:\/\/fisicaevestibular.com.br\/novo\/wp-json\/wp\/v2\/pages\/3575","targetHints":{"allow":["GET"]}}],"collection":[{"href":"https:\/\/fisicaevestibular.com.br\/novo\/wp-json\/wp\/v2\/pages"}],"about":[{"href":"https:\/\/fisicaevestibular.com.br\/novo\/wp-json\/wp\/v2\/types\/page"}],"author":[{"embeddable":true,"href":"https:\/\/fisicaevestibular.com.br\/novo\/wp-json\/wp\/v2\/users\/1"}],"replies":[{"embeddable":true,"href":"https:\/\/fisicaevestibular.com.br\/novo\/wp-json\/wp\/v2\/comments?post=3575"}],"version-history":[{"count":8,"href":"https:\/\/fisicaevestibular.com.br\/novo\/wp-json\/wp\/v2\/pages\/3575\/revisions"}],"predecessor-version":[{"id":10659,"href":"https:\/\/fisicaevestibular.com.br\/novo\/wp-json\/wp\/v2\/pages\/3575\/revisions\/10659"}],"wp:attachment":[{"href":"https:\/\/fisicaevestibular.com.br\/novo\/wp-json\/wp\/v2\/media?parent=3575"}],"curies":[{"name":"wp","href":"https:\/\/api.w.org\/{rel}","templated":true}]}}