{"id":3558,"date":"2018-01-19T12:39:17","date_gmt":"2018-01-19T12:39:17","guid":{"rendered":"http:\/\/fisicaevestibular.com.br\/novo\/?page_id=3558"},"modified":"2024-07-15T03:05:34","modified_gmt":"2024-07-15T03:05:34","slug":"termomecanica-2018","status":"publish","type":"page","link":"https:\/\/fisicaevestibular.com.br\/novo\/universidades-2018\/termomecanica-2018\/","title":{"rendered":"Termomec\u00e2nica 2018"},"content":{"rendered":"<p align=\"CENTER\"><span style=\"color: #0000cc;\"><span style=\"font-family: Viner Hand ITC, serif;\"><span style=\"font-size: x-large;\"><b>Faculdade de Tecnologia Termomecanica 2018<\/b><\/span><\/span><\/span><\/p>\n<p align=\"CENTER\"><img fetchpriority=\"high\" decoding=\"async\" class=\"alignnone\" src=\"http:\/\/fisicaevestibular.com.br\/novo\/wp-content\/uploads\/universidades-2018\/termomecanica\/Termomeca_ncica_html_71e3ce82.png\" alt=\"Termomec\u00e2nica\" width=\"352\" height=\"143\" name=\"Imagem 20\" align=\"BOTTOM\" border=\"0\" \/><img decoding=\"async\" src=\"http:\/\/fisicaevestibular.com.br\/novo\/wp-content\/uploads\/universidades-2018\/termomecanica\/Termomeca_ncica_html_c605432c.png\" alt=\"\" width=\"458\" height=\"132\" name=\"Imagem 26\" align=\"BOTTOM\" border=\"0\" \/><\/p>\n<p align=\"CENTER\"><span style=\"color: #0000cc;\"><span style=\"font-family: Viner Hand ITC, serif;\"><span style=\"font-size: large;\"><b>Faculdade de Tecnologia Termomecanica<\/b><\/span><\/span><\/span><\/p>\n<p align=\"CENTER\"><span style=\"color: #0000cc;\"><span style=\"font-family: Viner Hand ITC, serif;\"><span style=\"font-size: large;\"><b>Na Faculdade de Tecnologia Termomecanica, o aluno recebe gratuitamente um curso que corresponde a um investimento financeiro anual por aluno de quase R$ 25 mil. Al\u00e9m do modelo de educa\u00e7\u00e3o inovador e gratuito, que inclui forma\u00e7\u00e3o humanista, todos os universit\u00e1rios recebem gratuitamente uniformes e alimenta\u00e7\u00e3o balanceada. A FTT ainda possui\u00a0parceria com mais de 130 empresas nacionais e multinacionais e 11 agentes de integra\u00e7\u00e3o de est\u00e1gio. Em 12 anos, a institui\u00e7\u00e3o j\u00e1\u00a0preparou quase 1,3 mil profissionais\u00a0para o mercado de trabalho e\u00a0conquistou \u00edndice de 86,7% de empregabilidade.<\/b><\/span><\/span><\/span><\/p>\n<p align=\"CENTER\"><span style=\"color: #0000cc;\"><span style=\"font-family: Viner Hand ITC, serif;\"><span style=\"font-size: large;\"><b>A grade curricular dos quatro cursos superiores oferecidos pela Faculdade de Tecnologia Termomecanica \u2013 Administra\u00e7\u00e3o, Engenharia de Alimentos, Engenharia de Computa\u00e7\u00e3o e Engenharia de Controle e Automa\u00e7\u00e3o \u2013 possui tamb\u00e9m aulas de empreendedorismo, libras, recupera\u00e7\u00e3o e nivelamento. Al\u00e9m disso, cursos de extens\u00e3o s\u00e3o oferecidos gratuitamente aos alunos.<\/b><\/span><\/span><\/span><\/p>\n<p align=\"CENTER\"><span style=\"color: #0000cc;\"><span style=\"font-family: Viner Hand ITC, serif;\"><span style=\"font-size: large;\"><b>A Faculdade de Tecnologia Termomecanica est\u00e1 localizada no Centro Educacional da Funda\u00e7\u00e3o Salvador Arena, no munic\u00edpio de S\u00e3o Bernardo do Campo, na Grande S\u00e3o Paulo. O complexo educacional de 131 mil m\u00b2 recebeu\u00a0investimentos de mais de R$ 350 milh\u00f5es\u00a0em educa\u00e7\u00e3o nos \u00faltimos 15 anos e, al\u00e9m de laborat\u00f3rios com equipamentos de \u00faltima gera\u00e7\u00e3o, possui gin\u00e1sios e quadras poliesportivos, conjunto aqu\u00e1tico, est\u00e1dio ol\u00edmpico, uma rede de bibliotecas interativas e um dos teatros mais modernos do Brasil, com capacidade para 600 pessoas.<\/b><\/span><\/span><\/span><\/p>\n<p align=\"CENTER\"><span style=\"color: #0000cc;\"><span style=\"font-family: Viner Hand ITC, serif;\"><span style=\"font-size: large;\"><b>Em nota divulgada em 17 de novembro de 2016, pelo Minist\u00e9rio da Educa\u00e7\u00e3o, a Faculdade de Tecnologia Termomecanica obteve\u00a0nota quatro no IGC\u00a0\u2013 \u00cdndice Geral de Cursos. O IGC \u00e9 uma das medidas usadas pelo Inep para avaliar as institui\u00e7\u00f5es de educa\u00e7\u00e3o superior, p\u00fablicas e privadas, classificando-as com notas de um a cinco.<\/b><\/span><\/span><\/span><\/p>\n<p align=\"CENTER\"><span style=\"color: #0000cc;\"><span style=\"font-family: Viner Hand ITC, serif;\"><span style=\"font-size: large;\"><b>De acordo com esse levantamento, a Faculdade de Tecnologia Termomecanica ocupa o 1\u00ba lugar entre as institui\u00e7\u00f5es de ensino superior das tr\u00eas principais cidades do ABC, a 7\u00aa no Estado de S\u00e3o Paulo e a 33\u00aa, entre todas as faculdades do Brasil. A coloca\u00e7\u00e3o \u00e9 um orgulho para uma faculdade que iniciou suas atividades h\u00e1 menos de uma d\u00e9cada e que se equipara a institui\u00e7\u00f5es j\u00e1 consagradas de nosso Pa\u00eds.<\/b><\/span><\/span><\/span><\/p>\n<p align=\"CENTER\"><span style=\"color: #0000cc;\"><span style=\"font-family: Viner Hand ITC, serif;\"><span style=\"font-size: large;\"><b>O vestibular \u00e9 realizado pela Funda\u00e7\u00e3o Vunesp<\/b><\/span><\/span><\/span><span style=\"font-family: Arial Black, serif;\"><span style=\"font-size: large;\">.<\/span><\/span><\/p>\n<p><span style=\"color: #0000ff;\"><span style=\"font-family: Arial Black, serif;\"><span style=\"font-size: large;\"><b>01\u2013 (Faculdade de Tecnologia Termomec\u00e2nica \u2013 SP- 018)\u00a0<\/b><\/span><\/span><\/span><\/p>\n<p><img decoding=\"async\" src=\"http:\/\/fisicaevestibular.com.br\/novo\/wp-content\/uploads\/universidades-2018\/termomecanica\/Termomeca_ncica_html_f9caa78f.png\" alt=\"\" width=\"767\" height=\"173\" name=\"Imagem 27\" align=\"BOTTOM\" border=\"0\" \/><\/p>\n<p><img loading=\"lazy\" decoding=\"async\" src=\"http:\/\/fisicaevestibular.com.br\/novo\/wp-content\/uploads\/universidades-2018\/termomecanica\/Termomeca_ncica_html_ae94c936.png\" alt=\"\" width=\"778\" height=\"370\" name=\"Imagem 3\" align=\"BOTTOM\" border=\"0\" \/><\/p>\n<p><span style=\"color: #0000cc;\"><span style=\"font-family: Arial Black, serif;\"><span style=\"font-size: large;\"><b>02\u2013 (Faculdade de Tecnologia Termomec\u00e2nica \u2013 SP- 018)\u00a0<\/b><\/span><\/span><\/span><\/p>\n<p><img loading=\"lazy\" decoding=\"async\" src=\"http:\/\/fisicaevestibular.com.br\/novo\/wp-content\/uploads\/universidades-2018\/termomecanica\/Termomeca_ncica_html_a9939fe2.jpg\" alt=\"\" width=\"739\" height=\"181\" name=\"Imagem 28\" align=\"BOTTOM\" border=\"0\" \/><\/p>\n<p><span style=\"color: #c00000;\"><span style=\"font-family: Arial, serif;\"><span style=\"font-size: medium;\"><b>Uma <\/b><\/span><\/span><\/span><span style=\"color: #0000cc;\"><span style=\"font-family: Arial, serif;\"><span style=\"font-size: medium;\"><b>carga est\u00e1 pendurada por um fio ideal em um carro-guindaste,<\/b><\/span><\/span><\/span><b> <\/b><span style=\"color: #0000cc;\"><span style=\"font-family: Arial, serif;\"><span style=\"font-size: medium;\"><b>inicialmente em repouso.<\/b><\/span><\/span><\/span><b> <\/b><\/p>\n<p><span style=\"color: #c00000;\"><span style=\"font-family: Arial, serif;\"><span style=\"font-size: medium;\"><b>Num <\/b><\/span><\/span><\/span><span style=\"color: #0000cc;\"><span style=\"font-family: Arial, serif;\"><span style=\"font-size: medium;\"><b>dado instante, esse carro passa a se mover em linha reta <\/b><\/span><\/span><\/span><span style=\"color: #c00000;\"><span style=\"font-family: Arial, serif;\"><span style=\"font-size: medium;\"><b>sobre um <\/b><\/span><\/span><\/span><span style=\"color: #0000cc;\"><span style=\"font-family: Arial, serif;\"><span style=\"font-size: medium;\"><b>plano horizontal, <\/b><\/span><\/span><\/span><span style=\"color: #c00000;\"><span style=\"font-family: Arial, serif;\"><span style=\"font-size: medium;\"><b>com <\/b><\/span><\/span><\/span><span style=\"color: #0000cc;\"><span style=\"font-family: Arial, serif;\"><span style=\"font-size: medium;\"><b>acelera\u00e7\u00e3o constante, percorrendo uma dist\u00e2ncia d. <\/b><\/span><\/span><\/span><\/p>\n<p><span style=\"color: #c00000;\"><span style=\"font-family: Arial, serif;\"><span style=\"font-size: medium;\"><b>A <\/b><\/span><\/span><\/span><span style=\"color: #0000cc;\"><span style=\"font-family: Arial, serif;\"><span style=\"font-size: medium;\"><b>figura<\/b><\/span><\/span><\/span><span style=\"color: #c00000;\"><span style=\"font-family: Arial, serif;\"><span style=\"font-size: medium;\"><b> mostra os <\/b><\/span><\/span><\/span><span style=\"color: #0000cc;\"><span style=\"font-family: Arial, serif;\"><span style=\"font-size: medium;\"><b>instantes inicial e final, <\/b><\/span><\/span><\/span><span style=\"color: #c00000;\"><span style=\"font-family: Arial, serif;\"><span style=\"font-size: medium;\"><b>quando o <\/b><\/span><\/span><\/span><span style=\"color: #0000cc;\"><span style=\"font-family: Arial, serif;\"><span style=\"font-size: medium;\"><b>\u00e2ngulo \u03b1 que o cabo forma com a vertical passa a ser constante. <\/b><\/span><\/span><\/span><\/p>\n<p><img loading=\"lazy\" decoding=\"async\" src=\"http:\/\/fisicaevestibular.com.br\/novo\/wp-content\/uploads\/universidades-2018\/termomecanica\/Termomeca_ncica_html_4c23698e.png\" alt=\"\" width=\"778\" height=\"259\" name=\"Imagem 15\" align=\"BOTTOM\" border=\"0\" \/><\/p>\n<p><span style=\"color: #c00000;\"><span style=\"font-family: Arial, serif;\"><span style=\"font-size: medium;\"><b>Sendo <\/b><\/span><\/span><\/span><span style=\"color: #0000cc;\"><span style=\"font-family: Arial, serif;\"><span style=\"font-size: medium;\"><b>g a acelera\u00e7\u00e3o da gravidade, <\/b><\/span><\/span><\/span><span style=\"color: #c00000;\"><span style=\"font-family: Arial, serif;\"><span style=\"font-size: medium;\"><b>a <\/b><\/span><\/span><\/span><span style=\"color: #0000cc;\"><span style=\"font-family: Arial, serif;\"><span style=\"font-size: medium;\"><b>velocidade do carro-guindaste, <\/b><\/span><\/span><\/span><span style=\"color: #c00000;\"><span style=\"font-family: Arial, serif;\"><span style=\"font-size: medium;\"><b>quando <\/b><\/span><\/span><\/span><span style=\"color: #0000cc;\"><span style=\"font-family: Arial, serif;\"><span style=\"font-size: medium;\"><b>percorre a dist\u00e2ncia d, <\/b><\/span><\/span><\/span><span style=\"color: #c00000;\"><span style=\"font-family: Arial, serif;\"><span style=\"font-size: medium;\"><b>\u00e9<\/b><\/span><\/span><\/span><\/p>\n<p><img loading=\"lazy\" decoding=\"async\" src=\"http:\/\/fisicaevestibular.com.br\/novo\/wp-content\/uploads\/universidades-2018\/termomecanica\/Termomeca_ncica_html_88a4825e.png\" alt=\"\" width=\"775\" height=\"41\" name=\"Imagem 19\" align=\"BOTTOM\" border=\"0\" \/><\/p>\n<p><span style=\"color: #0000cc;\"><span style=\"font-family: Arial Black, serif;\"><span style=\"font-size: large;\"><b>03\u2013 (Faculdade de Tecnologia Termomec\u00e2nica \u2013 SP- 018)\u00a0<\/b><\/span><\/span><\/span><\/p>\n<p><img loading=\"lazy\" decoding=\"async\" src=\"http:\/\/fisicaevestibular.com.br\/novo\/wp-content\/uploads\/universidades-2018\/termomecanica\/Termomeca_ncica_html_aa470652.png\" alt=\"\" width=\"775\" height=\"191\" name=\"Imagem 32\" align=\"BOTTOM\" border=\"0\" \/><\/p>\n<p><img loading=\"lazy\" decoding=\"async\" src=\"http:\/\/fisicaevestibular.com.br\/novo\/wp-content\/uploads\/universidades-2018\/termomecanica\/Termomeca_ncica_html_3b06b94a.png\" alt=\"\" width=\"775\" height=\"319\" name=\"Imagem 34\" align=\"BOTTOM\" border=\"0\" \/><\/p>\n<p><span style=\"color: #0000cc;\"><span style=\"font-family: Arial Black, serif;\"><span style=\"font-size: large;\"><b>04\u2013 (Faculdade de Tecnologia Termomec\u00e2nica \u2013 SP- 018)\u00a0<\/b><\/span><\/span><\/span><\/p>\n<p><img loading=\"lazy\" decoding=\"async\" src=\"http:\/\/fisicaevestibular.com.br\/novo\/wp-content\/uploads\/universidades-2018\/termomecanica\/Termomeca_ncica_html_5225092b.png\" alt=\"\" width=\"775\" height=\"172\" name=\"Imagem 35\" align=\"BOTTOM\" border=\"0\" \/><\/p>\n<p><img loading=\"lazy\" decoding=\"async\" src=\"http:\/\/fisicaevestibular.com.br\/novo\/wp-content\/uploads\/universidades-2018\/termomecanica\/Termomeca_ncica_html_fb901d88.png\" alt=\"\" width=\"775\" height=\"233\" name=\"Imagem 36\" align=\"BOTTOM\" border=\"0\" \/><\/p>\n<p><span style=\"color: #0000cc;\"><span style=\"font-family: Arial Black, serif;\"><span style=\"font-size: large;\"><b>05\u2013 (Faculdade de Tecnologia Termomec\u00e2nica \u2013 SP- 018)\u00a0<\/b><\/span><\/span><\/span><\/p>\n<p><img loading=\"lazy\" decoding=\"async\" src=\"http:\/\/fisicaevestibular.com.br\/novo\/wp-content\/uploads\/universidades-2018\/termomecanica\/Termomeca_ncica_html_c88b6ed8.png\" alt=\"\" width=\"780\" height=\"178\" name=\"Imagem 39\" align=\"BOTTOM\" border=\"0\" \/><\/p>\n<p><img loading=\"lazy\" decoding=\"async\" src=\"http:\/\/fisicaevestibular.com.br\/novo\/wp-content\/uploads\/universidades-2018\/termomecanica\/Termomeca_ncica_html_72cc9a2a.png\" alt=\"\" width=\"781\" height=\"345\" name=\"Imagem 4\" align=\"BOTTOM\" border=\"0\" \/><\/p>\n<p><span style=\"color: #0000cc;\"><span style=\"font-family: Arial Black, serif;\"><span style=\"font-size: large;\"><b>06\u2013 (Faculdade de Tecnologia Termomec\u00e2nica \u2013 SP- 018)\u00a0<\/b><\/span><\/span><\/span><\/p>\n<p><img loading=\"lazy\" decoding=\"async\" src=\"http:\/\/fisicaevestibular.com.br\/novo\/wp-content\/uploads\/universidades-2018\/termomecanica\/Termomeca_ncica_html_60a36f5a.png\" alt=\"\" width=\"777\" height=\"191\" name=\"Imagem 40\" align=\"BOTTOM\" border=\"0\" \/><\/p>\n<p><span style=\"color: #c00000;\"><span style=\"font-family: Arial, serif;\"><span style=\"font-size: medium;\"><b>A <\/b><\/span><\/span><\/span><span style=\"color: #0000cc;\"><span style=\"font-family: Arial, serif;\"><span style=\"font-size: medium;\"><b>figura representa um objeto <\/b><\/span><\/span><\/span><span style=\"color: #c00000;\"><span style=\"font-family: Arial, serif;\"><span style=\"font-size: medium;\"><b>e sua <\/b><\/span><\/span><\/span><span style=\"color: #0000cc;\"><span style=\"font-family: Arial, serif;\"><span style=\"font-size: medium;\"><b>respectiva imagem, <\/b><\/span><\/span><\/span><span style=\"color: #c00000;\"><span style=\"font-family: Arial, serif;\"><span style=\"font-size: medium;\"><b>conjugada por um <\/b><\/span><\/span><\/span><span style=\"color: #0000cc;\"><span style=\"font-family: Arial, serif;\"><span style=\"font-size: medium;\"><b>espelho esf\u00e9rico, <\/b><\/span><\/span><\/span><span style=\"color: #c00000;\"><span style=\"font-family: Arial, serif;\"><span style=\"font-size: medium;\"><b>quando o <\/b><\/span><\/span><\/span><span style=\"color: #0000cc;\"><span style=\"font-family: Arial, serif;\"><span style=\"font-size: medium;\"><b>objeto \u00e9 colocado perpendicularmente e em repouso sobre o eixo principal do espelho. <\/b><\/span><\/span><\/span><\/p>\n<p><img loading=\"lazy\" decoding=\"async\" src=\"http:\/\/fisicaevestibular.com.br\/novo\/wp-content\/uploads\/universidades-2018\/termomecanica\/Termomeca_ncica_html_da1bc9b6.png\" alt=\"\" width=\"772\" height=\"190\" name=\"Imagem 21\" align=\"BOTTOM\" border=\"0\" \/><\/p>\n<p><span style=\"color: #c00000;\"><span style=\"font-family: Arial, serif;\"><span style=\"font-size: medium;\"><b>Sabendo que o <\/b><\/span><\/span><\/span><span style=\"color: #0000cc;\"><span style=\"font-family: Arial, serif;\"><span style=\"font-size: medium;\"><b>objeto \u00e9 quatro vezes maior do que sua imagem <\/b><\/span><\/span><\/span><span style=\"color: #c00000;\"><span style=\"font-family: Arial, serif;\"><span style=\"font-size: medium;\"><b>e <\/b><\/span><\/span><\/span><span style=\"color: #0000cc;\"><span style=\"font-family: Arial, serif;\"><span style=\"font-size: medium;\"><b>que ele est\u00e1 a 20 cm do espelho,<\/b><\/span><\/span><\/span><span style=\"color: #c00000;\"><span style=\"font-family: Arial, serif;\"><span style=\"font-size: medium;\"><b> a <\/b><\/span><\/span><\/span><span style=\"color: #0000cc;\"><span style=\"font-family: Arial, serif;\"><span style=\"font-size: medium;\"><b>dist\u00e2ncia focal desse espelho <\/b><\/span><\/span><\/span><span style=\"color: #c00000;\"><span style=\"font-family: Arial, serif;\"><span style=\"font-size: medium;\"><b>\u00e9 <\/b><\/span><\/span><\/span><\/p>\n<p><img loading=\"lazy\" decoding=\"async\" src=\"http:\/\/fisicaevestibular.com.br\/novo\/wp-content\/uploads\/universidades-2018\/termomecanica\/Termomeca_ncica_html_29cbb67d.png\" alt=\"\" width=\"775\" height=\"22\" name=\"Imagem 41\" align=\"BOTTOM\" border=\"0\" \/><\/p>\n<p><span style=\"color: #0000cc;\"><span style=\"font-family: Arial Black, serif;\"><span style=\"font-size: large;\"><b>07\u2013 (Faculdade de Tecnologia Termomec\u00e2nica \u2013 SP- 018)\u00a0<\/b><\/span><\/span><\/span><\/p>\n<p><img loading=\"lazy\" decoding=\"async\" src=\"http:\/\/fisicaevestibular.com.br\/novo\/wp-content\/uploads\/universidades-2018\/termomecanica\/Termomeca_ncica_html_10fd9953.png\" alt=\"\" width=\"735\" height=\"190\" name=\"Imagem 42\" align=\"BOTTOM\" border=\"0\" \/><\/p>\n<p><img loading=\"lazy\" decoding=\"async\" src=\"http:\/\/fisicaevestibular.com.br\/novo\/wp-content\/uploads\/universidades-2018\/termomecanica\/Termomeca_ncica_html_def29cde.png\" alt=\"\" width=\"775\" height=\"117\" name=\"Imagem 43\" align=\"BOTTOM\" border=\"0\" \/><\/p>\n<p align=\"CENTER\"><img loading=\"lazy\" decoding=\"async\" src=\"http:\/\/fisicaevestibular.com.br\/novo\/wp-content\/uploads\/universidades-2018\/termomecanica\/Termomeca_ncica_html_a348f54e.png\" alt=\"\" width=\"468\" height=\"249\" name=\"Imagem 37\" align=\"BOTTOM\" border=\"0\" \/><\/p>\n<p><span style=\"color: #0000cc;\"><span style=\"font-family: Arial, serif;\"><span style=\"font-size: medium;\"><b>comprimentos de onda nesses dois meios <\/b><\/span><\/span><\/span><span style=\"color: #c00000;\"><span style=\"font-family: Arial, serif;\"><span style=\"font-size: medium;\"><b>\u00e9 igual a<\/b><\/span><\/span><\/span><\/p>\n<p><img loading=\"lazy\" decoding=\"async\" src=\"http:\/\/fisicaevestibular.com.br\/novo\/wp-content\/uploads\/universidades-2018\/termomecanica\/Termomeca_ncica_html_5c74509b.png\" alt=\"\" width=\"783\" height=\"40\" name=\"Imagem 44\" align=\"BOTTOM\" border=\"0\" \/><\/p>\n<p><span style=\"color: #0000cc;\"><span style=\"font-family: Arial Black, serif;\"><span style=\"font-size: large;\"><b>08\u2013 (Faculdade de Tecnologia Termomec\u00e2nica \u2013 SP- 018)\u00a0<\/b><\/span><\/span><\/span><\/p>\n<p><img loading=\"lazy\" decoding=\"async\" src=\"http:\/\/fisicaevestibular.com.br\/novo\/wp-content\/uploads\/universidades-2018\/termomecanica\/Termomeca_ncica_html_29b247fe.png\" alt=\"\" width=\"660\" height=\"171\" name=\"Imagem 45\" align=\"BOTTOM\" border=\"0\" \/><\/p>\n<p><img loading=\"lazy\" decoding=\"async\" src=\"http:\/\/fisicaevestibular.com.br\/novo\/wp-content\/uploads\/universidades-2018\/termomecanica\/Termomeca_ncica_html_d00bb92e.png\" alt=\"\" width=\"775\" height=\"295\" name=\"Imagem 24\" align=\"BOTTOM\" border=\"0\" \/><\/p>\n<p>&nbsp;<\/p>\n<h3><a title=\"Resolu\u00e7\u00e3o comentada das quest\u00f5es de F\u00cdSICA do Vestibular da Termomecanica \u2013 SP \u2013 2018\" href=\"http:\/\/fisicaevestibular.com.br\/novo\/universidades-2018\/termomecanica-2018\/resolucao-comentada-das-questoes-de-fisica-do-vestibular-da-termomecanica-sp-2018\/\"><span style=\"color: #000080;\">Confira a resolu\u00e7\u00e3o comentada<\/span><\/a><\/h3>\n<p>&nbsp;<\/p>\n<p><a href=\"https:\/\/fisicaevestibular.com.br\/novo\/universidades-2016-a-2012\/\">Clique aqui para ver sobre o tema!<\/a><\/p>\n<p><a href=\"https:\/\/www.youtube.com\/user\/fisicaevestibular\/playlists\">Confira as v\u00eddeo aulas!<\/a><\/p>\n","protected":false},"excerpt":{"rendered":"<p>Faculdade de Tecnologia Termomecanica 2018 Faculdade de Tecnologia Termomecanica Na Faculdade de Tecnologia Termomecanica, o aluno recebe gratuitamente um curso que corresponde a um investimento financeiro anual por aluno de quase R$ 25 mil. Al\u00e9m do modelo de educa\u00e7\u00e3o inovador e gratuito, que inclui forma\u00e7\u00e3o humanista, todos os universit\u00e1rios recebem gratuitamente uniformes e alimenta\u00e7\u00e3o balanceada. A FTT ainda possui\u00a0parceria com<\/p>\n","protected":false},"author":1,"featured_media":0,"parent":3353,"menu_order":0,"comment_status":"closed","ping_status":"closed","template":"","meta":{"om_disable_all_campaigns":false,"_monsterinsights_skip_tracking":false,"_monsterinsights_sitenote_active":false,"_monsterinsights_sitenote_note":"","_monsterinsights_sitenote_category":0,"footnotes":""},"class_list":["post-3558","page","type-page","status-publish","hentry"],"aioseo_notices":[],"_links":{"self":[{"href":"https:\/\/fisicaevestibular.com.br\/novo\/wp-json\/wp\/v2\/pages\/3558","targetHints":{"allow":["GET"]}}],"collection":[{"href":"https:\/\/fisicaevestibular.com.br\/novo\/wp-json\/wp\/v2\/pages"}],"about":[{"href":"https:\/\/fisicaevestibular.com.br\/novo\/wp-json\/wp\/v2\/types\/page"}],"author":[{"embeddable":true,"href":"https:\/\/fisicaevestibular.com.br\/novo\/wp-json\/wp\/v2\/users\/1"}],"replies":[{"embeddable":true,"href":"https:\/\/fisicaevestibular.com.br\/novo\/wp-json\/wp\/v2\/comments?post=3558"}],"version-history":[{"count":4,"href":"https:\/\/fisicaevestibular.com.br\/novo\/wp-json\/wp\/v2\/pages\/3558\/revisions"}],"predecessor-version":[{"id":10385,"href":"https:\/\/fisicaevestibular.com.br\/novo\/wp-json\/wp\/v2\/pages\/3558\/revisions\/10385"}],"up":[{"embeddable":true,"href":"https:\/\/fisicaevestibular.com.br\/novo\/wp-json\/wp\/v2\/pages\/3353"}],"wp:attachment":[{"href":"https:\/\/fisicaevestibular.com.br\/novo\/wp-json\/wp\/v2\/media?parent=3558"}],"curies":[{"name":"wp","href":"https:\/\/api.w.org\/{rel}","templated":true}]}}