{"id":3552,"date":"2018-01-19T12:31:42","date_gmt":"2018-01-19T12:31:42","guid":{"rendered":"http:\/\/fisicaevestibular.com.br\/novo\/?page_id=3552"},"modified":"2024-07-15T03:04:40","modified_gmt":"2024-07-15T03:04:40","slug":"puc-sp-2018","status":"publish","type":"page","link":"https:\/\/fisicaevestibular.com.br\/novo\/universidades-2018\/puc-sp-2018\/","title":{"rendered":"PUC SP 2018"},"content":{"rendered":"<h3 align=\"CENTER\"><img decoding=\"async\" class=\"alignnone\" src=\"http:\/\/fisicaevestibular.com.br\/novo\/wp-content\/uploads\/universidades-2018\/pucsp\/PUC_html_b3cf210f.png\" alt=\"PUC\" width=\"147\" height=\"126\" name=\"Imagem 3\" align=\"BOTTOM\" border=\"0\" \/><\/h3>\n<p align=\"CENTER\"><span style=\"color: #0000cc;\"><span style=\"font-family: Viner Hand ITC, serif;\"><span style=\"font-size: large;\"><b>A PUC-SP constitui uma\u00a0institui\u00e7\u00e3o privada,\u00a0mantida pelas mensalidades pagas pelos alunos, cujo ingresso \u00e9 dado por meio do\u00a0vestibular, que \u00e9 de responsabilidade da\u00a0Coordenadoria de\u00a0Vestibulares e Concursos da PUC-SP, que tamb\u00e9m seleciona alunos para outras institui\u00e7\u00f5es\u00a0al\u00e9m da PUC-SP, entre elas a FAMEMA \u2013\u00a0Faculdade de Medicina de Mar\u00edlia\u00a0(institui\u00e7\u00e3o p\u00fablica), a FDSBC \u2013\u00a0Faculdade de Direito de S\u00e3o Bernardo do Campo\u00a0&#8211; FMABC \u2013\u00a0Faculdade de Medicina do ABC e a a Faculdade Israelita de Ci\u00eancia da Sa\u00fade Albert Einstein.<\/b><\/span><\/span><\/span><\/p>\n<p align=\"CENTER\"><span style=\"color: #0000cc;\"><span style=\"font-family: Viner Hand ITC, serif;\"><span style=\"font-size: large;\"><b>Suas unidades de ensino est\u00e3o distribu\u00eddas em seis campi universit\u00e1rios, sendo\u00a0quatro localizados na capital do Estado de S\u00e3o Paulo: Monte Alegre, Marqu\u00eas de Paranagu\u00e1, Ipiranga e Santana, um na grande SP: Barueri e um em Sorocaba, no interior do estado.<\/b><\/span><\/span><\/span><\/p>\n<p align=\"CENTER\"><span style=\"color: #0000cc;\"><span style=\"font-family: Viner Hand ITC, serif;\"><span style=\"font-size: large;\"><b>O Minist\u00e9rio da Educa\u00e7\u00e3o (MEC) divulgou o resultado da avalia\u00e7\u00e3o para recredenciamento da institui\u00e7\u00e3o. O relat\u00f3rio final refor\u00e7a a excel\u00eancia acad\u00eamica e a pujan\u00e7a da comunidade puquiana. Na primeira avalia\u00e7\u00e3o institucional por que a PUC-SP passou em sua hist\u00f3ria,\u00a0de 05 pontos poss\u00edveis, a Universidade obteve a nota 04.<\/b><\/span><\/span><\/span><\/p>\n<p align=\"CENTER\"><span style=\"color: #0000cc;\"><span style=\"font-family: Viner Hand ITC, serif;\"><span style=\"font-size: large;\"><b>A PUC-SP e PUC-RJ s\u00e3o as duas \u00fanicas universidades privadas que est\u00e3o entre as melhores classificadas no exame do Enad.<\/b><\/span><\/span><\/span><\/p>\n<p align=\"CENTER\"><img fetchpriority=\"high\" decoding=\"async\" src=\"http:\/\/fisicaevestibular.com.br\/novo\/wp-content\/uploads\/universidades-2018\/pucsp\/PUC_html_c5fdb9cf.png\" alt=\"\" width=\"349\" height=\"182\" name=\"Imagem 4\" align=\"BOTTOM\" border=\"0\" \/><\/p>\n<p align=\"CENTER\"><img decoding=\"async\" src=\"http:\/\/fisicaevestibular.com.br\/novo\/wp-content\/uploads\/universidades-2018\/pucsp\/PUC_html_a4cd3e1b.png\" alt=\"\" width=\"450\" height=\"299\" name=\"Imagem 1\" align=\"BOTTOM\" border=\"0\" \/><\/p>\n<p><span style=\"color: #0000cc;\"><span style=\"font-family: Arial Black, serif;\"><span style=\"font-size: large;\"><b>01-(PUC-SP-018)<\/b><\/span><\/span><\/span><\/p>\n<p><img loading=\"lazy\" decoding=\"async\" src=\"http:\/\/fisicaevestibular.com.br\/novo\/wp-content\/uploads\/universidades-2018\/pucsp\/PUC_html_f450db3b.png\" alt=\"\" width=\"779\" height=\"175\" name=\"Imagem 69\" align=\"BOTTOM\" border=\"0\" \/><\/p>\n<p><span style=\"color: #0000cc;\"><span style=\"font-family: Arial, serif;\"><span style=\"font-size: medium;\"><b>Determine, em ohm, <\/b><\/span><\/span><\/span><span style=\"color: #c00000;\"><span style=\"font-family: Arial, serif;\"><span style=\"font-size: medium;\"><b>o valor da <\/b><\/span><\/span><\/span><span style=\"color: #0000cc;\"><span style=\"font-family: Arial, serif;\"><span style=\"font-size: medium;\"><b>resist\u00eancia do resistor equivalente<\/b><\/span><\/span><\/span><span style=\"color: #c00000;\"><span style=\"font-family: Arial, serif;\"><span style=\"font-size: medium;\"><b> da <\/b><\/span><\/span><\/span><span style=\"color: #0000cc;\"><span style=\"font-family: Arial, serif;\"><span style=\"font-size: medium;\"><b>associa\u00e7\u00e3o <\/b><\/span><\/span><\/span><span style=\"color: #c00000;\"><span style=\"font-family: Arial, serif;\"><span style=\"font-size: medium;\"><b>abaixo: <\/b><\/span><\/span><\/span><\/p>\n<p align=\"CENTER\"><img loading=\"lazy\" decoding=\"async\" src=\"http:\/\/fisicaevestibular.com.br\/novo\/wp-content\/uploads\/universidades-2018\/pucsp\/PUC_html_9ee2a789.png\" alt=\"\" width=\"601\" height=\"185\" name=\"Imagem 2\" align=\"BOTTOM\" border=\"0\" \/><\/p>\n<p><span style=\"color: #0000cc;\"><span style=\"font-family: Arial, serif;\"><span style=\"font-size: medium;\"><b>A) <\/b><\/span><\/span><\/span><span style=\"color: #c00000;\"><span style=\"font-family: Arial, serif;\"><span style=\"font-size: medium;\"><b>0 <\/b><\/span><\/span><\/span><span style=\"color: #0000cc;\"><span style=\"font-family: Arial, serif;\"><span style=\"font-size: medium;\"><b>B) <\/b><\/span><\/span><\/span><span style=\"color: #c00000;\"><span style=\"font-family: Arial, serif;\"><span style=\"font-size: medium;\"><b>12 <\/b><\/span><\/span><\/span><span style=\"color: #0000cc;\"><span style=\"font-family: Arial, serif;\"><span style=\"font-size: medium;\"><b>C) <\/b><\/span><\/span><\/span><span style=\"color: #c00000;\"><span style=\"font-family: Arial, serif;\"><span style=\"font-size: medium;\"><b>24 <\/b><\/span><\/span><\/span><span style=\"color: #0000cc;\"><span style=\"font-family: Arial, serif;\"><span style=\"font-size: medium;\"><b>D) <\/b><\/span><\/span><\/span><span style=\"color: #c00000;\"><span style=\"font-family: Arial, serif;\"><span style=\"font-size: medium;\"><b>36<\/b><\/span><\/span><\/span><\/p>\n<p><span style=\"color: #0000cc;\"><span style=\"font-family: Arial Black, serif;\"><span style=\"font-size: large;\"><b>02-(PUC-SP-018)<\/b><\/span><\/span><\/span><\/p>\n<p><img loading=\"lazy\" decoding=\"async\" src=\"http:\/\/fisicaevestibular.com.br\/novo\/wp-content\/uploads\/universidades-2018\/pucsp\/PUC_html_b0e4e501.png\" alt=\"\" width=\"775\" height=\"181\" name=\"Imagem 70\" align=\"BOTTOM\" border=\"0\" \/><\/p>\n<p><img loading=\"lazy\" decoding=\"async\" src=\"http:\/\/fisicaevestibular.com.br\/novo\/wp-content\/uploads\/universidades-2018\/pucsp\/PUC_html_e1a6925b.png\" alt=\"\" width=\"765\" height=\"172\" name=\"Imagem 21\" align=\"BOTTOM\" border=\"0\" \/><\/p>\n<p><span style=\"color: #0000cc;\"><span style=\"font-family: Arial Black, serif;\"><span style=\"font-size: large;\"><b>03-(PUC-SP-018)<\/b><\/span><\/span><\/span><\/p>\n<p><img loading=\"lazy\" decoding=\"async\" src=\"http:\/\/fisicaevestibular.com.br\/novo\/wp-content\/uploads\/universidades-2018\/pucsp\/PUC_html_9f466abe.png\" alt=\"\" width=\"779\" height=\"185\" name=\"Imagem 71\" align=\"BOTTOM\" border=\"0\" \/><\/p>\n<p><img loading=\"lazy\" decoding=\"async\" src=\"http:\/\/fisicaevestibular.com.br\/novo\/wp-content\/uploads\/universidades-2018\/pucsp\/PUC_html_8b11576a.png\" alt=\"\" width=\"765\" height=\"189\" name=\"Imagem 14\" align=\"BOTTOM\" border=\"0\" \/><\/p>\n<p><img loading=\"lazy\" decoding=\"async\" src=\"http:\/\/fisicaevestibular.com.br\/novo\/wp-content\/uploads\/universidades-2018\/pucsp\/PUC_html_27d35e.png\" alt=\"\" width=\"779\" height=\"199\" name=\"Imagem 50\" align=\"BOTTOM\" border=\"0\" \/><\/p>\n<p><span style=\"color: #0000cc;\"><span style=\"font-family: Arial Black, serif;\"><span style=\"font-size: large;\"><b>04-(PUC-SP-018)<\/b><\/span><\/span><\/span><\/p>\n<p><img loading=\"lazy\" decoding=\"async\" src=\"http:\/\/fisicaevestibular.com.br\/novo\/wp-content\/uploads\/universidades-2018\/pucsp\/PUC_html_76686b99.jpg\" alt=\"\" width=\"774\" height=\"164\" name=\"Imagem 72\" align=\"BOTTOM\" border=\"0\" \/><\/p>\n<p align=\"CENTER\"><img loading=\"lazy\" decoding=\"async\" src=\"http:\/\/fisicaevestibular.com.br\/novo\/wp-content\/uploads\/universidades-2018\/pucsp\/PUC_html_6b19c2aa.png\" alt=\"\" width=\"777\" height=\"263\" name=\"Imagem 54\" align=\"BOTTOM\" border=\"0\" \/><\/p>\n<p><span style=\"color: #0000cc;\"><span style=\"font-family: Arial Black, serif;\"><span style=\"font-size: large;\"><b>05-(PUC-SP-018)<\/b><\/span><\/span><\/span><\/p>\n<p><img loading=\"lazy\" decoding=\"async\" src=\"http:\/\/fisicaevestibular.com.br\/novo\/wp-content\/uploads\/universidades-2018\/pucsp\/PUC_html_fe558408.png\" alt=\"\" width=\"778\" height=\"192\" name=\"Imagem 73\" align=\"BOTTOM\" border=\"0\" \/><\/p>\n<p><img loading=\"lazy\" decoding=\"async\" src=\"http:\/\/fisicaevestibular.com.br\/novo\/wp-content\/uploads\/universidades-2018\/pucsp\/PUC_html_cb424c43.png\" alt=\"\" width=\"777\" height=\"335\" name=\"Imagem 56\" align=\"BOTTOM\" border=\"0\" \/><\/p>\n<p><span style=\"color: #0000cc;\"><span style=\"font-family: Arial Black, serif;\"><span style=\"font-size: large;\"><b>06-(PUC-SP-018)<\/b><\/span><\/span><\/span><\/p>\n<p><img loading=\"lazy\" decoding=\"async\" src=\"http:\/\/fisicaevestibular.com.br\/novo\/wp-content\/uploads\/universidades-2018\/pucsp\/PUC_html_170c532b.png\" alt=\"\" width=\"777\" height=\"180\" name=\"Imagem 74\" align=\"BOTTOM\" border=\"0\" \/><\/p>\n<p><img loading=\"lazy\" decoding=\"async\" src=\"http:\/\/fisicaevestibular.com.br\/novo\/wp-content\/uploads\/universidades-2018\/pucsp\/PUC_html_1c35619c.png\" alt=\"\" width=\"765\" height=\"262\" name=\"Imagem 40\" align=\"BOTTOM\" border=\"0\" \/><\/p>\n<p><span style=\"color: #0000cc;\"><span style=\"font-family: Arial Black, serif;\"><span style=\"font-size: large;\"><b>07-(PUC-SP-018)<\/b><\/span><\/span><\/span><\/p>\n<p align=\"JUSTIFY\"><img loading=\"lazy\" decoding=\"async\" src=\"http:\/\/fisicaevestibular.com.br\/novo\/wp-content\/uploads\/universidades-2018\/pucsp\/PUC_html_f1a0ab4b.png\" alt=\"\" width=\"778\" height=\"195\" name=\"Imagem 75\" align=\"BOTTOM\" border=\"0\" \/><\/p>\n<p align=\"JUSTIFY\"><img loading=\"lazy\" decoding=\"async\" src=\"http:\/\/fisicaevestibular.com.br\/novo\/wp-content\/uploads\/universidades-2018\/pucsp\/PUC_html_f8a441ca.png\" alt=\"\" width=\"765\" height=\"204\" name=\"Imagem 92\" align=\"BOTTOM\" border=\"0\" \/><\/p>\n<p><span style=\"color: #0000cc;\"><span style=\"font-family: Arial Black, serif;\"><span style=\"font-size: large;\"><b>08-(PUC-SP-018)<\/b><\/span><\/span><\/span><\/p>\n<p><img loading=\"lazy\" decoding=\"async\" src=\"http:\/\/fisicaevestibular.com.br\/novo\/wp-content\/uploads\/universidades-2018\/pucsp\/PUC_html_33e48458.png\" alt=\"\" width=\"777\" height=\"193\" name=\"Imagem 76\" align=\"BOTTOM\" border=\"0\" \/><\/p>\n<p><img loading=\"lazy\" decoding=\"async\" src=\"http:\/\/fisicaevestibular.com.br\/novo\/wp-content\/uploads\/universidades-2018\/pucsp\/PUC_html_f279c009.png\" alt=\"\" width=\"771\" height=\"193\" name=\"Imagem 68\" align=\"BOTTOM\" border=\"0\" \/><\/p>\n<p>&nbsp;<\/p>\n<h3><a title=\"Resolu\u00e7\u00e3o comentada das quest\u00f5es de F\u00cdSICA do vestibular da PUC \u2013 SP \u2013 2018.\" href=\"http:\/\/fisicaevestibular.com.br\/novo\/universidades-2018\/puc-sp-2018\/resolucao-comentada-das-questoes-de-fisica-do-vestibular-da-puc-sp-2018\/\"><span style=\"color: #003366;\">Confira a resolu\u00e7\u00e3o comentada<\/span><\/a><\/h3>\n<p>&nbsp;<\/p>\n<p><a href=\"https:\/\/fisicaevestibular.com.br\/novo\/universidades-2016-a-2012\/\">Clique aqui para ver sobre o tema!<\/a><\/p>\n<p><a href=\"https:\/\/www.youtube.com\/user\/fisicaevestibular\/playlists\">Confira as v\u00eddeo aulas!<\/a><\/p>\n","protected":false},"excerpt":{"rendered":"<p>A PUC-SP constitui uma\u00a0institui\u00e7\u00e3o privada,\u00a0mantida pelas mensalidades pagas pelos alunos, cujo ingresso \u00e9 dado por meio do\u00a0vestibular, que \u00e9 de responsabilidade da\u00a0Coordenadoria de\u00a0Vestibulares e Concursos da PUC-SP, que tamb\u00e9m seleciona alunos para outras institui\u00e7\u00f5es\u00a0al\u00e9m da PUC-SP, entre elas a FAMEMA \u2013\u00a0Faculdade de Medicina de Mar\u00edlia\u00a0(institui\u00e7\u00e3o p\u00fablica), a FDSBC \u2013\u00a0Faculdade de Direito de S\u00e3o Bernardo do Campo\u00a0&#8211; FMABC \u2013\u00a0Faculdade de Medicina<\/p>\n","protected":false},"author":1,"featured_media":0,"parent":3353,"menu_order":0,"comment_status":"closed","ping_status":"closed","template":"","meta":{"om_disable_all_campaigns":false,"_monsterinsights_skip_tracking":false,"_monsterinsights_sitenote_active":false,"_monsterinsights_sitenote_note":"","_monsterinsights_sitenote_category":0,"footnotes":""},"class_list":["post-3552","page","type-page","status-publish","hentry"],"aioseo_notices":[],"_links":{"self":[{"href":"https:\/\/fisicaevestibular.com.br\/novo\/wp-json\/wp\/v2\/pages\/3552","targetHints":{"allow":["GET"]}}],"collection":[{"href":"https:\/\/fisicaevestibular.com.br\/novo\/wp-json\/wp\/v2\/pages"}],"about":[{"href":"https:\/\/fisicaevestibular.com.br\/novo\/wp-json\/wp\/v2\/types\/page"}],"author":[{"embeddable":true,"href":"https:\/\/fisicaevestibular.com.br\/novo\/wp-json\/wp\/v2\/users\/1"}],"replies":[{"embeddable":true,"href":"https:\/\/fisicaevestibular.com.br\/novo\/wp-json\/wp\/v2\/comments?post=3552"}],"version-history":[{"count":4,"href":"https:\/\/fisicaevestibular.com.br\/novo\/wp-json\/wp\/v2\/pages\/3552\/revisions"}],"predecessor-version":[{"id":10384,"href":"https:\/\/fisicaevestibular.com.br\/novo\/wp-json\/wp\/v2\/pages\/3552\/revisions\/10384"}],"up":[{"embeddable":true,"href":"https:\/\/fisicaevestibular.com.br\/novo\/wp-json\/wp\/v2\/pages\/3353"}],"wp:attachment":[{"href":"https:\/\/fisicaevestibular.com.br\/novo\/wp-json\/wp\/v2\/media?parent=3552"}],"curies":[{"name":"wp","href":"https:\/\/api.w.org\/{rel}","templated":true}]}}