{"id":3515,"date":"2018-01-19T02:46:54","date_gmt":"2018-01-19T02:46:54","guid":{"rendered":"http:\/\/fisicaevestibular.com.br\/novo\/?page_id=3515"},"modified":"2024-07-15T02:57:34","modified_gmt":"2024-07-15T02:57:34","slug":"santa-casa","status":"publish","type":"page","link":"https:\/\/fisicaevestibular.com.br\/novo\/universidades-2018\/santa-casa\/","title":{"rendered":"Santa Casa"},"content":{"rendered":"<h3 align=\"CENTER\"><img decoding=\"async\" class=\"alignnone\" src=\"http:\/\/fisicaevestibular.com.br\/novo\/wp-content\/uploads\/universidades-2018\/stacasa\/sta_casa_18_html_5867cc98.png\" alt=\"Santa Casa\" width=\"234\" height=\"87\" name=\"Imagem 9\" align=\"BOTTOM\" border=\"0\" \/><\/h3>\n<p align=\"CENTER\"><span style=\"color: #007434;\"><span style=\"font-family: Viner Hand ITC, serif;\"><span style=\"font-size: large;\"><b>Para ingressar no curso de Gradua\u00e7\u00e3o em\u00a0<\/b><\/span><\/span><\/span><span style=\"color: #007434;\"><span style=\"font-family: Viner Hand ITC, serif;\"><span style=\"font-size: large;\">Medicina<\/span><\/span><\/span><span style=\"color: #007434;\"><span style=\"font-family: Viner Hand ITC, serif;\"><span style=\"font-size: large;\"><b>\u00a0da<\/b><\/span><\/span><\/span><span style=\"color: #007434;\"><span style=\"font-family: Viner Hand ITC, serif;\"><span style=\"font-size: large;\">\u00a0Faculdade de Ci\u00eancias M\u00e9dicas da Santa Casa de S\u00e3o Paulo<\/span><\/span><\/span><span style=\"color: #007434;\"><span style=\"font-family: Viner Hand ITC, serif;\"><span style=\"font-size: large;\"><b>\u00a0\u00e9 necess\u00e1rio prestar o Vestibular organizado pela\u00a0<\/b><\/span><\/span><\/span><span style=\"color: #007434;\"><span style=\"font-family: Viner Hand ITC, serif;\"><span style=\"font-size: large;\">Funda\u00e7\u00e3o para o Vestibular da Universidade Estadual Paulista (Vunesp).<\/span><\/span><\/span><span style=\"color: #007434;\"><span style=\"font-family: Viner Hand ITC, serif;\"><span style=\"font-size: large;\"><b>\u00a0<\/b><\/span><\/span><\/span><\/p>\n<p align=\"CENTER\"><span style=\"color: #007434;\"><span style=\"font-family: Viner Hand ITC, serif;\"><span style=\"font-size: large;\"><b>S\u00e3o oferecidas 120 vagas anualmente. \u00a0<\/b><\/span><\/span><\/span><\/p>\n<p align=\"CENTER\"><span style=\"color: #00b050;\"><span style=\"font-family: Viner Hand ITC, serif;\"><span style=\"font-size: large;\"><b>Inserida no Complexo Hospitalar da Irmandade da Santa Casa de Miseric\u00f3rdia de S\u00e3o Paulo, a Faculdade de Ci\u00eancias M\u00e9dicas da Santa Casa de S\u00e3o Paulo est\u00e1 posicionada entre as melhores Institui\u00e7\u00f5es de Ensino Superior em Medicina do pa\u00eds, segundo avalia\u00e7\u00e3o realizada pelo Minist\u00e9rio da Educa\u00e7\u00e3o (Enade), em 2013. \u00a0A sua contribui\u00e7\u00e3o para o desenvolvimento na \u00e1rea da sa\u00fade \u00e9 evidenciada pelas in\u00fameras pesquisas cient\u00edficas, tanto na \u00e1rea b\u00e1sica quanto cl\u00ednica, contando com cerca de 40 grupos de pesquisa registrados no Minist\u00e9rio de Ci\u00eancia e Tecnologia. Alunos e docentes desenvolvem reconhecidas atividades de pesquisas tecno-cient\u00edficas em diversas entidades, como Hospital Central, Hospital S\u00e3o Lu\u00eds Gonzaga, Centro de Aten\u00e7\u00e3o Integrada \u00e0 Sa\u00fade Mental, Centro de Sa\u00fade-Escola Barra Funda e Hospital Geri\u00e1trico Dom Pedro II<\/b><\/span><\/span><\/span><span style=\"color: #00b050;\"><span style=\"font-family: Viner Hand ITC, serif;\"><span style=\"font-size: medium;\"><b>.<\/b><\/span><\/span><\/span><span style=\"color: #00b050;\"><span style=\"font-family: Viner Hand ITC, serif;\"><span style=\"font-size: medium;\">\u00a0<\/span><\/span><\/span><\/p>\n<p align=\"CENTER\"><img decoding=\"async\" src=\"http:\/\/fisicaevestibular.com.br\/novo\/wp-content\/uploads\/universidades-2018\/stacasa\/sta_casa_18_html_cab2d32.png\" alt=\"\" width=\"301\" height=\"147\" name=\"Imagem 13\" align=\"BOTTOM\" border=\"0\" \/><\/p>\n<p><span style=\"color: #007434;\"><span style=\"font-family: Arial Black, serif;\"><span style=\"font-size: large;\"><b>01- (Faculdade de Ci\u00eancias M\u00e9dicas da Santa Casa de S\u00e3o Paulo \u2013 018)<\/b><\/span><\/span><\/span><\/p>\n<p><img fetchpriority=\"high\" decoding=\"async\" src=\"http:\/\/fisicaevestibular.com.br\/novo\/wp-content\/uploads\/universidades-2018\/stacasa\/sta_casa_18_html_c04cc2b6.png\" alt=\"\" width=\"774\" height=\"131\" name=\"Imagem 35\" align=\"BOTTOM\" border=\"0\" \/><\/p>\n<p><img loading=\"lazy\" decoding=\"async\" src=\"http:\/\/fisicaevestibular.com.br\/novo\/wp-content\/uploads\/universidades-2018\/stacasa\/sta_casa_18_html_8d5124c7.png\" alt=\"\" width=\"784\" height=\"192\" name=\"Imagem 36\" align=\"BOTTOM\" border=\"0\" \/><\/p>\n<p><span style=\"color: #007434;\"><span style=\"font-family: Arial Black, serif;\"><span style=\"font-size: large;\"><b>02- (Faculdade de Ci\u00eancias M\u00e9dicas da Santa Casa de S\u00e3o Paulo \u2013 018)<\/b><\/span><\/span><\/span><\/p>\n<p><img loading=\"lazy\" decoding=\"async\" src=\"http:\/\/fisicaevestibular.com.br\/novo\/wp-content\/uploads\/universidades-2018\/stacasa\/sta_casa_18_html_209f90c6.png\" alt=\"\" width=\"742\" height=\"153\" name=\"Imagem 64\" align=\"BOTTOM\" border=\"0\" \/><\/p>\n<p><img loading=\"lazy\" decoding=\"async\" src=\"http:\/\/fisicaevestibular.com.br\/novo\/wp-content\/uploads\/universidades-2018\/stacasa\/sta_casa_18_html_b1cd6899.png\" alt=\"\" width=\"783\" height=\"289\" name=\"Imagem 50\" align=\"BOTTOM\" border=\"0\" \/><\/p>\n<p>&nbsp;<\/p>\n<p><span style=\"color: #007434;\"><span style=\"font-family: Arial Black, serif;\"><span style=\"font-size: large;\"><b>03- (Faculdade de Ci\u00eancias M\u00e9dicas da Santa Casa de S\u00e3o Paulo \u2013 018)<\/b><\/span><\/span><\/span><\/p>\n<p><img loading=\"lazy\" decoding=\"async\" src=\"http:\/\/fisicaevestibular.com.br\/novo\/wp-content\/uploads\/universidades-2018\/stacasa\/sta_casa_18_html_863b7b83.png\" alt=\"\" width=\"697\" height=\"151\" name=\"Imagem 65\" align=\"BOTTOM\" border=\"0\" \/><\/p>\n<p><img loading=\"lazy\" decoding=\"async\" src=\"http:\/\/fisicaevestibular.com.br\/novo\/wp-content\/uploads\/universidades-2018\/stacasa\/sta_casa_18_html_fe57bcfe.png\" alt=\"\" width=\"778\" height=\"208\" name=\"Imagem 63\" align=\"BOTTOM\" border=\"0\" \/><\/p>\n<p><span style=\"color: #007434;\"><span style=\"font-family: Arial Black, serif;\"><span style=\"font-size: large;\"><b>04- (Faculdade de Ci\u00eancias M\u00e9dicas da Santa Casa de S\u00e3o Paulo \u2013 018)<\/b><\/span><\/span><\/span><\/p>\n<p><img loading=\"lazy\" decoding=\"async\" src=\"http:\/\/fisicaevestibular.com.br\/novo\/wp-content\/uploads\/universidades-2018\/stacasa\/sta_casa_18_html_30a68e77.png\" alt=\"\" width=\"684\" height=\"158\" name=\"Imagem 66\" align=\"BOTTOM\" border=\"0\" \/><\/p>\n<p><img loading=\"lazy\" decoding=\"async\" src=\"http:\/\/fisicaevestibular.com.br\/novo\/wp-content\/uploads\/universidades-2018\/stacasa\/sta_casa_18_html_57bdacfa.png\" alt=\"\" width=\"778\" height=\"226\" name=\"Imagem 43\" align=\"BOTTOM\" border=\"0\" \/><\/p>\n<p><span style=\"color: #007434;\"><span style=\"font-family: Arial Black, serif;\"><span style=\"font-size: large;\"><b>05- (Faculdade de Ci\u00eancias M\u00e9dicas da Santa Casa de S\u00e3o Paulo \u2013 018)<\/b><\/span><\/span><\/span><\/p>\n<p><img loading=\"lazy\" decoding=\"async\" src=\"http:\/\/fisicaevestibular.com.br\/novo\/wp-content\/uploads\/universidades-2018\/stacasa\/sta_casa_18_html_bcd87502.png\" alt=\"\" width=\"693\" height=\"160\" name=\"Imagem 78\" align=\"BOTTOM\" border=\"0\" \/><\/p>\n<p><img loading=\"lazy\" decoding=\"async\" src=\"http:\/\/fisicaevestibular.com.br\/novo\/wp-content\/uploads\/universidades-2018\/stacasa\/sta_casa_18_html_e1f50f8.png\" alt=\"\" width=\"775\" height=\"309\" name=\"Imagem 3\" align=\"BOTTOM\" border=\"0\" \/><\/p>\n<p><span style=\"color: #007434;\"><span style=\"font-family: Arial Black, serif;\"><span style=\"font-size: large;\"><b>06- (Faculdade de Ci\u00eancias M\u00e9dicas da Santa Casa de S\u00e3o Paulo \u2013 018)<\/b><\/span><\/span><\/span><\/p>\n<p><img loading=\"lazy\" decoding=\"async\" src=\"http:\/\/fisicaevestibular.com.br\/novo\/wp-content\/uploads\/universidades-2018\/stacasa\/sta_casa_18_html_a153a62.png\" alt=\"\" width=\"774\" height=\"157\" name=\"Imagem 68\" align=\"BOTTOM\" border=\"0\" \/><\/p>\n<p><span style=\"color: #c00000;\"><span style=\"font-family: Arial, serif;\"><span style=\"font-size: medium;\"><b>O <\/b><\/span><\/span><\/span><span style=\"color: #0000cc;\"><span style=\"font-family: Arial, serif;\"><span style=\"font-size: medium;\"><b>gr\u00e1fico representa <\/b><\/span><\/span><\/span><span style=\"color: #c00000;\"><span style=\"font-family: Arial, serif;\"><span style=\"font-size: medium;\"><b>parte da <\/b><\/span><\/span><\/span><span style=\"color: #0000cc;\"><span style=\"font-family: Arial, serif;\"><span style=\"font-size: medium;\"><b>curva de aquecimento<\/b><\/span><\/span><\/span><span style=\"color: #c00000;\"><span style=\"font-family: Arial, serif;\"><span style=\"font-size: medium;\"><b> de <\/b><\/span><\/span><\/span><span style=\"color: #0000cc;\"><span style=\"font-family: Arial, serif;\"><span style=\"font-size: medium;\"><b>determinada massa de gelo, inicialmente <\/b><\/span><\/span><\/span><span style=\"color: #c00000;\"><span style=\"font-family: Arial, serif;\"><span style=\"font-size: medium;\"><b>a uma <\/b><\/span><\/span><\/span><span style=\"color: #0000cc;\"><span style=\"font-family: Arial, serif;\"><span style=\"font-size: medium;\"><b>temperatura de \u2013 40 <\/b><\/span><\/span><\/span><span style=\"color: #0000cc;\"><sup><span style=\"font-family: Arial, serif;\"><span style=\"font-size: medium;\"><b>o<\/b><\/span><\/span><\/sup><\/span><span style=\"color: #0000cc;\"><span style=\"font-family: Arial, serif;\"><span style=\"font-size: medium;\"><b>C, <\/b><\/span><\/span><\/span><span style=\"color: #c00000;\"><span style=\"font-family: Arial, serif;\"><span style=\"font-size: medium;\"><b>at\u00e9 <\/b><\/span><\/span><\/span><span style=\"color: #0000cc;\"><span style=\"font-family: Arial, serif;\"><span style=\"font-size: medium;\"><b>transformar-se em \u00e1gua l\u00edquida a 20 <\/b><\/span><\/span><\/span><span style=\"color: #0000cc;\"><sup><span style=\"font-family: Arial, serif;\"><span style=\"font-size: medium;\"><b>o<\/b><\/span><\/span><\/sup><\/span><span style=\"color: #0000cc;\"><span style=\"font-family: Arial, serif;\"><span style=\"font-size: medium;\"><b>C. <\/b><\/span><\/span><\/span><\/p>\n<p><span style=\"color: #0000cc;\"><span style=\"font-family: Arial, serif;\"><span style=\"font-size: medium;\"><b>As etapas 1, 2 e 3 indicadas ocorrem em intervalos de tempo \u2206t<\/b><\/span><\/span><\/span><span style=\"color: #0000cc;\"><sub><span style=\"font-family: Arial, serif;\"><span style=\"font-size: medium;\"><b>1<\/b><\/span><\/span><\/sub><\/span><span style=\"color: #0000cc;\"><span style=\"font-family: Arial, serif;\"><span style=\"font-size: medium;\"><b>, \u2206t<\/b><\/span><\/span><\/span><span style=\"color: #0000cc;\"><sub><span style=\"font-family: Arial, serif;\"><span style=\"font-size: medium;\"><b>2<\/b><\/span><\/span><\/sub><\/span><span style=\"color: #0000cc;\"><span style=\"font-family: Arial, serif;\"><span style=\"font-size: medium;\"><b> e \u2206t<\/b><\/span><\/span><\/span><span style=\"color: #0000cc;\"><sub><span style=\"font-family: Arial, serif;\"><span style=\"font-size: medium;\"><b>3<\/b><\/span><\/span><\/sub><\/span><span style=\"color: #0000cc;\"><span style=\"font-family: Arial, serif;\"><span style=\"font-size: medium;\"><b>, respectivamente. <\/b><\/span><\/span><\/span><\/p>\n<p><img loading=\"lazy\" decoding=\"async\" src=\"http:\/\/fisicaevestibular.com.br\/novo\/wp-content\/uploads\/universidades-2018\/stacasa\/sta_casa_18_html_27a76e07.png\" alt=\"\" width=\"775\" height=\"207\" name=\"Imagem 2\" align=\"BOTTOM\" border=\"0\" \/><\/p>\n<p><span style=\"color: #0000cc;\"><span style=\"font-family: Arial, serif;\"><span style=\"font-size: medium;\"><b>Considerando <\/b><\/span><\/span><\/span><span style=\"color: #c00000;\"><span style=\"font-family: Arial, serif;\"><span style=\"font-size: medium;\"><b>que a <\/b><\/span><\/span><\/span><span style=\"color: #0000cc;\"><span style=\"font-family: Arial, serif;\"><span style=\"font-size: medium;\"><b>energia necess\u00e1ria<\/b><\/span><\/span><\/span><span style=\"color: #c00000;\"><span style=\"font-family: Arial, serif;\"><span style=\"font-size: medium;\"><b> para <\/b><\/span><\/span><\/span><span style=\"color: #0000cc;\"><span style=\"font-family: Arial, serif;\"><span style=\"font-size: medium;\"><b>provocar essa transforma\u00e7\u00e3o <\/b><\/span><\/span><\/span><span style=\"color: #c00000;\"><span style=\"font-family: Arial, serif;\"><span style=\"font-size: medium;\"><b>tenha sido <\/b><\/span><\/span><\/span><span style=\"color: #0000cc;\"><span style=\"font-family: Arial, serif;\"><span style=\"font-size: medium;\"><b>fornecida <\/b><\/span><\/span><\/span><span style=\"color: #c00000;\"><span style=\"font-family: Arial, serif;\"><span style=\"font-size: medium;\"><b>por uma <\/b><\/span><\/span><\/span><span style=\"color: #0000cc;\"><span style=\"font-family: Arial, serif;\"><span style=\"font-size: medium;\"><b>fonte t\u00e9rmica de pot\u00eancia constante, <\/b><\/span><\/span><\/span><span style=\"color: #c00000;\"><span style=\"font-family: Arial, serif;\"><span style=\"font-size: medium;\"><b>que <\/b><\/span><\/span><\/span><span style=\"color: #0000cc;\"><span style=\"font-family: Arial, serif;\"><span style=\"font-size: medium;\"><b>todo o calor fornecido por essa fonte tenha sido absorvido pela massa<\/b><\/span><\/span><\/span><span style=\"color: #c00000;\"><span style=\"font-family: Arial, serif;\"><span style=\"font-size: medium;\"><b> que <\/b><\/span><\/span><\/span><span style=\"color: #0000cc;\"><span style=\"font-family: Arial, serif;\"><span style=\"font-size: medium;\"><b>sofreu a transforma\u00e7\u00e3o, <\/b><\/span><\/span><\/span><span style=\"color: #c00000;\"><span style=\"font-family: Arial, serif;\"><span style=\"font-size: medium;\"><b>que o <\/b><\/span><\/span><\/span><span style=\"color: #0000cc;\"><span style=\"font-family: Arial, serif;\"><span style=\"font-size: medium;\"><b>calor espec\u00edfico do gelo \u00e9 0,5 cal\/(g.<\/b><\/span><\/span><\/span><span style=\"color: #0000cc;\"><sup><span style=\"font-family: Arial, serif;\"><span style=\"font-size: medium;\"><b>o<\/b><\/span><\/span><\/sup><\/span><span style=\"color: #0000cc;\"><span style=\"font-family: Arial, serif;\"><span style=\"font-size: medium;\"><b>C), <\/b><\/span><\/span><\/span><span style=\"color: #c00000;\"><span style=\"font-family: Arial, serif;\"><span style=\"font-size: medium;\"><b>que o <\/b><\/span><\/span><\/span><span style=\"color: #0000cc;\"><span style=\"font-family: Arial, serif;\"><span style=\"font-size: medium;\"><b>calor espec\u00edfico da \u00e1gua l\u00edquida \u00e9 1 cal\/(g.<\/b><\/span><\/span><\/span><span style=\"color: #0000cc;\"><sup><span style=\"font-family: Arial, serif;\"><span style=\"font-size: medium;\"><b>o<\/b><\/span><\/span><\/sup><\/span><span style=\"color: #0000cc;\"><span style=\"font-family: Arial, serif;\"><span style=\"font-size: medium;\"><b>C) <\/b><\/span><\/span><\/span><span style=\"color: #c00000;\"><span style=\"font-family: Arial, serif;\"><span style=\"font-size: medium;\"><b>e que o <\/b><\/span><\/span><\/span><span style=\"color: #0000cc;\"><span style=\"font-family: Arial, serif;\"><span style=\"font-size: medium;\"><b>calor latente de fus\u00e3o do gelo \u00e9 80 cal\/g<\/b><\/span><\/span><\/span><span style=\"color: #c00000;\"><span style=\"font-family: Arial, serif;\"><span style=\"font-size: medium;\"><b>, \u00e9 <\/b><\/span><\/span><\/span><span style=\"color: #0000cc;\"><span style=\"font-family: Arial, serif;\"><span style=\"font-size: medium;\"><b>correto afirmar <\/b><\/span><\/span><\/span><span style=\"color: #c00000;\"><span style=\"font-family: Arial, serif;\"><span style=\"font-size: medium;\"><b>que<\/b><\/span><\/span><\/span><\/p>\n<p><img loading=\"lazy\" decoding=\"async\" src=\"http:\/\/fisicaevestibular.com.br\/novo\/wp-content\/uploads\/universidades-2018\/stacasa\/sta_casa_18_html_20404030.png\" alt=\"\" width=\"775\" height=\"20\" name=\"Imagem 4\" align=\"BOTTOM\" border=\"0\" \/><\/p>\n<p><span style=\"color: #007434;\"><span style=\"font-family: Arial Black, serif;\"><span style=\"font-size: large;\"><b>07- (Faculdade de Ci\u00eancias M\u00e9dicas da Santa Casa de S\u00e3o Paulo \u2013 018)<\/b><\/span><\/span><\/span><\/p>\n<p><img loading=\"lazy\" decoding=\"async\" src=\"http:\/\/fisicaevestibular.com.br\/novo\/wp-content\/uploads\/universidades-2018\/stacasa\/sta_casa_18_html_856a8b3d.png\" alt=\"\" width=\"606\" height=\"177\" name=\"Imagem 74\" align=\"BOTTOM\" border=\"0\" \/><\/p>\n<p><img loading=\"lazy\" decoding=\"async\" src=\"http:\/\/fisicaevestibular.com.br\/novo\/wp-content\/uploads\/universidades-2018\/stacasa\/sta_casa_18_html_43c2ccdf.png\" alt=\"\" width=\"778\" height=\"330\" name=\"Imagem 69\" align=\"BOTTOM\" border=\"0\" \/><\/p>\n<p><span style=\"color: #007434;\"><span style=\"font-family: Arial Black, serif;\"><span style=\"font-size: large;\"><b>08- (Faculdade de Ci\u00eancias M\u00e9dicas da Santa Casa de S\u00e3o Paulo \u2013 018)<\/b><\/span><\/span><\/span><\/p>\n<p><img loading=\"lazy\" decoding=\"async\" src=\"http:\/\/fisicaevestibular.com.br\/novo\/wp-content\/uploads\/universidades-2018\/stacasa\/sta_casa_18_html_9bc88fef.png\" alt=\"\" width=\"755\" height=\"177\" name=\"Imagem 76\" align=\"BOTTOM\" border=\"0\" \/><\/p>\n<p><img loading=\"lazy\" decoding=\"async\" src=\"http:\/\/fisicaevestibular.com.br\/novo\/wp-content\/uploads\/universidades-2018\/stacasa\/sta_casa_18_html_a682f0f2.png\" alt=\"\" width=\"774\" height=\"207\" name=\"Imagem 54\" align=\"BOTTOM\" border=\"0\" \/><\/p>\n<p><img loading=\"lazy\" decoding=\"async\" src=\"http:\/\/fisicaevestibular.com.br\/novo\/wp-content\/uploads\/universidades-2018\/stacasa\/sta_casa_18_html_3cc8009e.png\" alt=\"\" width=\"776\" height=\"212\" name=\"Imagem 87\" align=\"BOTTOM\" border=\"0\" \/><\/p>\n<p><span style=\"color: #c00000;\"><span style=\"font-family: Arial, serif;\"><span style=\"font-size: medium;\"><b>Adotando <\/b><\/span><\/span><\/span><span style=\"color: #0000cc;\"><span style=\"font-family: Arial, serif;\"><span style=\"font-size: medium;\"><b>g = 10 m\/s<\/b><\/span><\/span><\/span><span style=\"color: #0000cc;\"><sup><span style=\"font-family: Arial, serif;\"><span style=\"font-size: medium;\"><b>2<\/b><\/span><\/span><\/sup><\/span><span style=\"color: #0000cc;\"><span style=\"font-family: Arial, serif;\"><span style=\"font-size: medium;\"><b>, <\/b><\/span><\/span><\/span><span style=\"color: #c00000;\"><span style=\"font-family: Arial, serif;\"><span style=\"font-size: medium;\"><b>a <\/b><\/span><\/span><\/span><span style=\"color: #0000cc;\"><span style=\"font-family: Arial, serif;\"><span style=\"font-size: medium;\"><b>frequ\u00eancia com que as ondas est\u00e3o oscilando, nessa regi\u00e3o, <\/b><\/span><\/span><\/span><span style=\"color: #c00000;\"><span style=\"font-family: Arial, serif;\"><span style=\"font-size: medium;\"><b>\u00e9 de <\/b><\/span><\/span><\/span><\/p>\n<p><img loading=\"lazy\" decoding=\"async\" src=\"http:\/\/fisicaevestibular.com.br\/novo\/wp-content\/uploads\/universidades-2018\/stacasa\/sta_casa_18_html_51a14a1b.png\" alt=\"\" width=\"774\" height=\"15\" name=\"Imagem 52\" align=\"BOTTOM\" border=\"0\" \/><\/p>\n<p><span style=\"color: #007434;\"><span style=\"font-family: Arial Black, serif;\"><span style=\"font-size: large;\"><b>09- (Faculdade de Ci\u00eancias M\u00e9dicas da Santa Casa de S\u00e3o Paulo \u2013 018)<\/b><\/span><\/span><\/span><\/p>\n<p><img loading=\"lazy\" decoding=\"async\" src=\"http:\/\/fisicaevestibular.com.br\/novo\/wp-content\/uploads\/universidades-2018\/stacasa\/sta_casa_18_html_c2e33d00.png\" alt=\"\" width=\"745\" height=\"169\" name=\"Imagem 77\" align=\"BOTTOM\" border=\"0\" \/><\/p>\n<p><img loading=\"lazy\" decoding=\"async\" src=\"http:\/\/fisicaevestibular.com.br\/novo\/wp-content\/uploads\/universidades-2018\/stacasa\/sta_casa_18_html_c9647d48.png\" alt=\"\" width=\"775\" height=\"370\" name=\"Imagem 75\" align=\"BOTTOM\" border=\"0\" \/><\/p>\n<p><span style=\"color: #007434;\"><span style=\"font-family: Arial Black, serif;\"><span style=\"font-size: large;\"><b>10- (Faculdade de Ci\u00eancias M\u00e9dicas da Santa Casa de S\u00e3o Paulo \u2013 018)<\/b><\/span><\/span><\/span><\/p>\n<p><img loading=\"lazy\" decoding=\"async\" src=\"http:\/\/fisicaevestibular.com.br\/novo\/wp-content\/uploads\/universidades-2018\/stacasa\/sta_casa_18_html_45c709f6.png\" alt=\"\" width=\"711\" height=\"169\" name=\"Imagem 80\" align=\"BOTTOM\" border=\"0\" \/><\/p>\n<p><img loading=\"lazy\" decoding=\"async\" src=\"http:\/\/fisicaevestibular.com.br\/novo\/wp-content\/uploads\/universidades-2018\/stacasa\/sta_casa_18_html_b892494e.png\" alt=\"\" width=\"775\" height=\"211\" name=\"Imagem 62\" align=\"BOTTOM\" border=\"0\" \/><\/p>\n<p><img loading=\"lazy\" decoding=\"async\" src=\"http:\/\/fisicaevestibular.com.br\/novo\/wp-content\/uploads\/universidades-2018\/stacasa\/sta_casa_18_html_6ac7f8be.png\" alt=\"\" width=\"774\" height=\"299\" name=\"Imagem 7\" align=\"BOTTOM\" border=\"0\" \/><\/p>\n<p>&nbsp;<\/p>\n<h3><a title=\"Resolu\u00e7\u00e3o comentada das quest\u00f5es de F\u00cdSICA\" href=\"http:\/\/fisicaevestibular.com.br\/novo\/universidades-2018\/santa-casa\/resolucao-comentada-das-questoes-de-fisica\/\"><span style=\"color: #000080;\">Confira a resolu\u00e7\u00e3o comentada<\/span><\/a><\/h3>\n<p>&nbsp;<\/p>\n<p><a href=\"https:\/\/fisicaevestibular.com.br\/novo\/universidades-2016-a-2012\/\">Clique aqui para ver sobre o tema!<\/a><\/p>\n<p><a href=\"https:\/\/www.youtube.com\/user\/fisicaevestibular\/playlists\">Confira as v\u00eddeo aulas!<\/a><\/p>\n","protected":false},"excerpt":{"rendered":"<p>Para ingressar no curso de Gradua\u00e7\u00e3o em\u00a0Medicina\u00a0da\u00a0Faculdade de Ci\u00eancias M\u00e9dicas da Santa Casa de S\u00e3o Paulo\u00a0\u00e9 necess\u00e1rio prestar o Vestibular organizado pela\u00a0Funda\u00e7\u00e3o para o Vestibular da Universidade Estadual Paulista (Vunesp).\u00a0 S\u00e3o oferecidas 120 vagas anualmente. \u00a0 Inserida no Complexo Hospitalar da Irmandade da Santa Casa de Miseric\u00f3rdia de S\u00e3o Paulo, a Faculdade de Ci\u00eancias M\u00e9dicas da Santa Casa de S\u00e3o<\/p>\n","protected":false},"author":1,"featured_media":0,"parent":3353,"menu_order":0,"comment_status":"closed","ping_status":"closed","template":"","meta":{"om_disable_all_campaigns":false,"_monsterinsights_skip_tracking":false,"_monsterinsights_sitenote_active":false,"_monsterinsights_sitenote_note":"","_monsterinsights_sitenote_category":0,"footnotes":""},"class_list":["post-3515","page","type-page","status-publish","hentry"],"aioseo_notices":[],"_links":{"self":[{"href":"https:\/\/fisicaevestibular.com.br\/novo\/wp-json\/wp\/v2\/pages\/3515","targetHints":{"allow":["GET"]}}],"collection":[{"href":"https:\/\/fisicaevestibular.com.br\/novo\/wp-json\/wp\/v2\/pages"}],"about":[{"href":"https:\/\/fisicaevestibular.com.br\/novo\/wp-json\/wp\/v2\/types\/page"}],"author":[{"embeddable":true,"href":"https:\/\/fisicaevestibular.com.br\/novo\/wp-json\/wp\/v2\/users\/1"}],"replies":[{"embeddable":true,"href":"https:\/\/fisicaevestibular.com.br\/novo\/wp-json\/wp\/v2\/comments?post=3515"}],"version-history":[{"count":4,"href":"https:\/\/fisicaevestibular.com.br\/novo\/wp-json\/wp\/v2\/pages\/3515\/revisions"}],"predecessor-version":[{"id":10379,"href":"https:\/\/fisicaevestibular.com.br\/novo\/wp-json\/wp\/v2\/pages\/3515\/revisions\/10379"}],"up":[{"embeddable":true,"href":"https:\/\/fisicaevestibular.com.br\/novo\/wp-json\/wp\/v2\/pages\/3353"}],"wp:attachment":[{"href":"https:\/\/fisicaevestibular.com.br\/novo\/wp-json\/wp\/v2\/media?parent=3515"}],"curies":[{"name":"wp","href":"https:\/\/api.w.org\/{rel}","templated":true}]}}