{"id":337,"date":"2014-12-22T14:18:06","date_gmt":"2014-12-22T14:18:06","guid":{"rendered":"http:\/\/fisicaevestibular.com.br\/novo\/?page_id=337"},"modified":"2024-09-02T16:59:29","modified_gmt":"2024-09-02T16:59:29","slug":"resolucao-comentada-da-ufsm-2015","status":"publish","type":"page","link":"https:\/\/fisicaevestibular.com.br\/novo\/universidades-2015\/exercicios-da-ufsm-2015\/resolucao-comentada-da-ufsm-2015\/","title":{"rendered":"Resolu\u00e7\u00e3o comentada da UFSM 2015"},"content":{"rendered":"<p align=\"CENTER\"><span style=\"color: #0000cc;\"><span style=\"font-family: Arial Black,serif;\"><span style=\"font-size: large;\">RESOLU\u00c7\u00d5ES<\/span><\/span><\/span><\/p>\n<p><span style=\"color: #0000cc;\"><span style=\"font-family: Arial Black,serif;\"><span style=\"font-size: large;\"><b>01- <\/b><\/span><\/span><\/span><\/p>\n<p><img fetchpriority=\"high\" decoding=\"async\" src=\"http:\/\/fisicaevestibular.com.br\/novo\/wp-content\/uploads\/universidades-2015\/ufsm\/i_99b74a54aed5b103_html_41d276c9.png\" alt=\"\" width=\"765\" height=\"379\" name=\"Imagem 23\" align=\"BOTTOM\" border=\"0\" \/><\/p>\n<p><span style=\"color: #0000cc;\"><span style=\"font-family: Arial Black,serif;\"><span style=\"font-size: large;\"><b>02- <\/b><\/span><\/span><\/span><\/p>\n<p><img decoding=\"async\" src=\"http:\/\/fisicaevestibular.com.br\/novo\/wp-content\/uploads\/universidades-2015\/ufsm\/i_99b74a54aed5b103_html_47c2e8ed.png\" alt=\"\" width=\"765\" height=\"121\" name=\"Imagem 24\" align=\"BOTTOM\" border=\"0\" \/><\/p>\n<p><span style=\"color: #0000cc;\"><span style=\"font-family: Arial Black,serif;\"><span style=\"font-size: large;\"><b>03- <\/b><\/span><\/span><\/span><\/p>\n<p><img decoding=\"async\" src=\"http:\/\/fisicaevestibular.com.br\/novo\/wp-content\/uploads\/universidades-2015\/ufsm\/i_99b74a54aed5b103_html_19e1652a.png\" alt=\"\" width=\"765\" height=\"300\" name=\"Imagem 25\" align=\"BOTTOM\" border=\"0\" \/><\/p>\n<p><span style=\"color: #0000cc;\"><span style=\"font-family: Arial Black,serif;\"><span style=\"font-size: large;\"><b>04- <\/b><\/span><\/span><\/span><\/p>\n<p><span style=\"color: #c00000;\"><span style=\"font-family: Arial,serif;\"><span style=\"font-size: medium;\"><b>I. Correta <\/b><\/span><\/span><\/span><span style=\"color: #003300;\"><span style=\"font-family: Arial,serif;\"><span style=\"font-size: medium;\"><b>&#8212; considerando as \u00f3rbitas como sendo aproximadamente \u00a0<\/b><\/span><\/span><\/span><span style=\"color: #c00000;\"><span style=\"font-family: Arial,serif;\"><span style=\"font-size: medium;\"><b>circulares<\/b><\/span><\/span><\/span><span style=\"color: #003300;\"><span style=\"font-family: Arial,serif;\"><span style=\"font-size: medium;\"><b>\u00a0, a\u00a0Terra\u00a0executa um movimento circular uniforme\u00a0(MCU) em torno do Sol com velocidade angular W<\/b><\/span><\/span><\/span><span style=\"color: #003300;\"><sub><span style=\"font-family: Arial,serif;\"><span style=\"font-size: medium;\"><b>T<\/b><\/span><\/span><\/sub><\/span><span style=\"color: #003300;\"><span style=\"font-family: Arial,serif;\"><span style=\"font-size: medium;\"><b>\u00a0constante\u00a0 &#8212; ent\u00e3o, a\u00a0<\/b><\/span><\/span><\/span><span style=\"color: #c00000;\"><span style=\"font-family: Arial,serif;\"><span style=\"font-size: medium;\"><b>for\u00e7a gravitacional (for\u00e7a de atra\u00e7\u00e3o) F<\/b><\/span><\/span><\/span><span style=\"color: #c00000;\"><sub><span style=\"font-family: Arial,serif;\"><span style=\"font-size: medium;\"><b>G<\/b><\/span><\/span><\/sub><\/span><span style=\"color: #c00000;\"><span style=\"font-family: Arial,serif;\"><span style=\"font-size: medium;\"><b> entre o Sol e a Terra, que o Sol \u00a0aplica sobre a Terra \u00a0ser\u00e1 a\u00a0for\u00e7a\u00a0resultante centr\u00edpeta\u00a0F<\/b><\/span><\/span><\/span><span style=\"color: #c00000;\"><sub><span style=\"font-family: Arial,serif;\"><span style=\"font-size: medium;\"><b>c<\/b><\/span><\/span><\/sub><\/span><span style=\"color: #c00000;\"><span style=\"font-family: Arial,serif;\"><span style=\"font-size: medium;\"><b>\u00a0que \u00e9 respons\u00e1vel por\u00a0manter a Terra em \u00f3rbita circular ao redor do Sol.<\/b><\/span><\/span><\/span><\/p>\n<p><span style=\"color: #c00000;\"><span style=\"font-family: Arial,serif;\"><span style=\"font-size: medium;\"><b>II. Correta <\/b><\/span><\/span><\/span><span style=\"color: #003300;\"><span style=\"font-family: Arial,serif;\"><span style=\"font-size: medium;\"><b>&#8212; observe na <\/b><\/span><\/span><\/span><span style=\"color: #c00000;\"><span style=\"font-family: Arial,serif;\"><span style=\"font-size: medium;\"><b>figura abaixo <\/b><\/span><\/span><\/span><span style=\"color: #003300;\"><span style=\"font-family: Arial,serif;\"><span style=\"font-size: medium;\"><b>que, em <\/b><\/span><\/span><\/span><span style=\"color: #c00000;\"><span style=\"font-family: Arial,serif;\"><span style=\"font-size: medium;\"><b>cada ponto da \u00f3rbita da Terra ao redor do Sol<\/b><\/span><\/span><\/span><span style=\"color: #003300;\"><span style=\"font-family: Arial,serif;\"><span style=\"font-size: medium;\"><b>, o <\/b><\/span><\/span><\/span><\/p>\n<p align=\"CENTER\"><img loading=\"lazy\" decoding=\"async\" src=\"http:\/\/fisicaevestibular.com.br\/novo\/wp-content\/uploads\/universidades-2015\/ufsm\/i_99b74a54aed5b103_html_33118283.png\" alt=\"\" width=\"340\" height=\"296\" name=\"Imagem 26\" align=\"BOTTOM\" border=\"0\" \/><\/p>\n<p><span style=\"color: #c00000;\"><span style=\"font-family: Arial,serif;\"><span style=\"font-size: medium;\"><b>segmento de reta que une Sol-Terra \u00e9 sempre perpendicular \u00e0 velocidade da Terra<\/b><\/span><\/span><\/span><span style=\"color: #003300;\"><span style=\"font-family: Arial,serif;\"><span style=\"font-size: medium;\"><b>, que \u00e9 sempre <\/b><\/span><\/span><\/span><span style=\"color: #c00000;\"><span style=\"font-family: Arial,serif;\"><span style=\"font-size: medium;\"><b>tangente em cada ponto.<\/b><\/span><\/span><\/span><\/p>\n<p><span style=\"color: #c00000;\"><span style=\"font-family: Arial,serif;\"><span style=\"font-size: medium;\"><b>R- D<\/b><\/span><\/span><\/span><\/p>\n<p><a name=\"_GoBack\"><\/a> <span style=\"color: #0000cc;\"><span style=\"font-family: Arial Black,serif;\"><span style=\"font-size: large;\"><b>05- <\/b><\/span><\/span><\/span><\/p>\n<p><img loading=\"lazy\" decoding=\"async\" src=\"http:\/\/fisicaevestibular.com.br\/novo\/wp-content\/uploads\/universidades-2015\/ufsm\/i_99b74a54aed5b103_html_21d585a8.png\" alt=\"\" width=\"765\" height=\"124\" name=\"Imagem 27\" align=\"BOTTOM\" border=\"0\" \/><\/p>\n<p>&nbsp;<\/p>\n<h3><span style=\"color: #000080;\"><a style=\"color: #000080;\" title=\"Exerc\u00edcios da UFSM 2015\" href=\"http:\/\/fisicaevestibular.com.br\/novo\/universidades-2015\/exercicios-da-ufsm-2015\/\">Confira os exerc\u00edcios<\/a><\/span><\/h3>\n","protected":false},"excerpt":{"rendered":"<p>RESOLU\u00c7\u00d5ES 01- 02- 03- 04- I. Correta &#8212; considerando as \u00f3rbitas como sendo aproximadamente \u00a0circulares\u00a0, a\u00a0Terra\u00a0executa um movimento circular uniforme\u00a0(MCU) em torno do Sol com velocidade angular WT\u00a0constante\u00a0 &#8212; ent\u00e3o, a\u00a0for\u00e7a gravitacional (for\u00e7a de atra\u00e7\u00e3o) FG entre o Sol e a Terra, que o Sol \u00a0aplica sobre a Terra \u00a0ser\u00e1 a\u00a0for\u00e7a\u00a0resultante centr\u00edpeta\u00a0Fc\u00a0que \u00e9 respons\u00e1vel por\u00a0manter a Terra em \u00f3rbita circular<\/p>\n","protected":false},"author":1,"featured_media":0,"parent":336,"menu_order":0,"comment_status":"closed","ping_status":"closed","template":"","meta":{"om_disable_all_campaigns":false,"_monsterinsights_skip_tracking":false,"_monsterinsights_sitenote_active":false,"_monsterinsights_sitenote_note":"","_monsterinsights_sitenote_category":0,"footnotes":""},"class_list":["post-337","page","type-page","status-publish","hentry"],"aioseo_notices":[],"_links":{"self":[{"href":"https:\/\/fisicaevestibular.com.br\/novo\/wp-json\/wp\/v2\/pages\/337","targetHints":{"allow":["GET"]}}],"collection":[{"href":"https:\/\/fisicaevestibular.com.br\/novo\/wp-json\/wp\/v2\/pages"}],"about":[{"href":"https:\/\/fisicaevestibular.com.br\/novo\/wp-json\/wp\/v2\/types\/page"}],"author":[{"embeddable":true,"href":"https:\/\/fisicaevestibular.com.br\/novo\/wp-json\/wp\/v2\/users\/1"}],"replies":[{"embeddable":true,"href":"https:\/\/fisicaevestibular.com.br\/novo\/wp-json\/wp\/v2\/comments?post=337"}],"version-history":[{"count":2,"href":"https:\/\/fisicaevestibular.com.br\/novo\/wp-json\/wp\/v2\/pages\/337\/revisions"}],"predecessor-version":[{"id":341,"href":"https:\/\/fisicaevestibular.com.br\/novo\/wp-json\/wp\/v2\/pages\/337\/revisions\/341"}],"up":[{"embeddable":true,"href":"https:\/\/fisicaevestibular.com.br\/novo\/wp-json\/wp\/v2\/pages\/336"}],"wp:attachment":[{"href":"https:\/\/fisicaevestibular.com.br\/novo\/wp-json\/wp\/v2\/media?parent=337"}],"curies":[{"name":"wp","href":"https:\/\/api.w.org\/{rel}","templated":true}]}}