{"id":3368,"date":"2017-11-05T22:54:41","date_gmt":"2017-11-05T22:54:41","guid":{"rendered":"http:\/\/fisicaevestibular.com.br\/novo\/?page_id=3368"},"modified":"2024-09-04T14:57:47","modified_gmt":"2024-09-04T14:57:47","slug":"ondulatoria","status":"publish","type":"page","link":"https:\/\/fisicaevestibular.com.br\/novo\/vestibulares-recentes\/ondulatoria\/","title":{"rendered":"Ondulat\u00f3ria"},"content":{"rendered":"<h3 align=\"CENTER\"><a href=\"http:\/\/fisicaevestibular.com.br\/novo\/vestibulares-recentes\/ondulatoria\/ondulatoria-2020\/\"><span style=\"color: #000080;\">Vestibulares Recentes \u2013 2020<\/span><\/a><\/h3>\n<h3 align=\"CENTER\"><span style=\"color: #000080;\">Vestibulares Recentes \u2013 2018 &#8211; 2019<\/span><\/h3>\n<h4 align=\"CENTER\"><a href=\"http:\/\/fisicaevestibular.com.br\/novo\/vestibulares-recentes\/ondulatoria\/ondas-conceitos-e-definicoes-2018-2019\/\"><span style=\"color: #000080;\"><strong><span style=\"font-family: Arial Black, serif;\"><span style=\"font-size: large;\">Ondas &#8211; <\/span><\/span><\/strong><\/span><span style=\"color: #c00000;\"><span style=\"font-family: Arial Black, serif;\"><span style=\"font-size: large;\"><span style=\"color: #000080;\"><strong>Conceitos e Defini\u00e7\u00f5es &#8211; Equa\u00e7\u00e3o da onda &#8211; Reflex\u00e3o e refra\u00e7\u00e3o de ondas<\/strong><\/span><b><\/b><\/span><\/span><\/span><\/a><\/h4>\n<h4 style=\"text-align: center;\"><span style=\"color: #000080;\"><a style=\"color: #000080;\" href=\"http:\/\/fisicaevestibular.com.br\/novo\/vestibulares-recentes\/ondulatoria\/acustica-2018-2019\/\">Ac\u00fastica &#8211; Ondas sonoras \u2013 ondas estacion\u00e1rias &#8211; Efeito Doppler &#8211; Tubos sonoros e cordas sonoras &#8211; Interfer\u00eancia sonora<\/a><\/span><\/h4>\n<h3 align=\"CENTER\"><span style=\"color: #000080;\"><br \/>\n<a style=\"color: #000080;\" title=\"Vestibulares Recentes \u2013 Ondulat\u00f3ria \u2013 2017 \u2013 2016 \u2013 2015\" href=\"http:\/\/fisicaevestibular.com.br\/novo\/vestibulares-recentes\/ondulatoria\/vestibulares-recentes-ondulatoria-2017-2016-2015\/\">Vestibulares Recentes \u2013 2017 \u2013 2016 \u2013 2015<\/a><\/span><\/h3>\n<h3 style=\"text-align: center;\"><span style=\"color: #000080;\"><a style=\"color: #000080;\" title=\"Vestibulares Recentes \u2013 Ondulat\u00f3ria \u2013 2014 \u2013 2013\" href=\"http:\/\/fisicaevestibular.com.br\/novo\/vestibulares-recentes\/ondulatoria\/vestibulares-recentes-ondulatoria-2014-2013\/\">Vestibulares Recentes \u2013 2014 \u2013 2013<\/a><\/span><\/h3>\n","protected":false},"excerpt":{"rendered":"<p>Vestibulares Recentes \u2013 2020 Vestibulares Recentes \u2013 2018 &#8211; 2019 Ondas &#8211; Conceitos e Defini\u00e7\u00f5es &#8211; Equa\u00e7\u00e3o da onda &#8211; Reflex\u00e3o e refra\u00e7\u00e3o de ondas Ac\u00fastica &#8211; Ondas sonoras \u2013 ondas estacion\u00e1rias &#8211; Efeito Doppler &#8211; Tubos sonoros e cordas sonoras &#8211; Interfer\u00eancia sonora Vestibulares Recentes \u2013 2017 \u2013 2016 \u2013 2015 Vestibulares Recentes \u2013 2014 \u2013 2013<\/p>\n","protected":false},"author":1,"featured_media":0,"parent":3121,"menu_order":0,"comment_status":"closed","ping_status":"closed","template":"","meta":{"om_disable_all_campaigns":false,"_monsterinsights_skip_tracking":false,"_monsterinsights_sitenote_active":false,"_monsterinsights_sitenote_note":"","_monsterinsights_sitenote_category":0,"footnotes":""},"class_list":["post-3368","page","type-page","status-publish","hentry"],"aioseo_notices":[],"_links":{"self":[{"href":"https:\/\/fisicaevestibular.com.br\/novo\/wp-json\/wp\/v2\/pages\/3368","targetHints":{"allow":["GET"]}}],"collection":[{"href":"https:\/\/fisicaevestibular.com.br\/novo\/wp-json\/wp\/v2\/pages"}],"about":[{"href":"https:\/\/fisicaevestibular.com.br\/novo\/wp-json\/wp\/v2\/types\/page"}],"author":[{"embeddable":true,"href":"https:\/\/fisicaevestibular.com.br\/novo\/wp-json\/wp\/v2\/users\/1"}],"replies":[{"embeddable":true,"href":"https:\/\/fisicaevestibular.com.br\/novo\/wp-json\/wp\/v2\/comments?post=3368"}],"version-history":[{"count":7,"href":"https:\/\/fisicaevestibular.com.br\/novo\/wp-json\/wp\/v2\/pages\/3368\/revisions"}],"predecessor-version":[{"id":5537,"href":"https:\/\/fisicaevestibular.com.br\/novo\/wp-json\/wp\/v2\/pages\/3368\/revisions\/5537"}],"up":[{"embeddable":true,"href":"https:\/\/fisicaevestibular.com.br\/novo\/wp-json\/wp\/v2\/pages\/3121"}],"wp:attachment":[{"href":"https:\/\/fisicaevestibular.com.br\/novo\/wp-json\/wp\/v2\/media?parent=3368"}],"curies":[{"name":"wp","href":"https:\/\/api.w.org\/{rel}","templated":true}]}}