{"id":318,"date":"2014-12-19T12:35:49","date_gmt":"2014-12-19T12:35:49","guid":{"rendered":"http:\/\/fisicaevestibular.com.br\/novo\/?page_id=318"},"modified":"2024-09-02T16:44:25","modified_gmt":"2024-09-02T16:44:25","slug":"resolucao-comentada-da-fatec-2015","status":"publish","type":"page","link":"https:\/\/fisicaevestibular.com.br\/novo\/universidades-2015\/exercicios-da-fatec-2015\/resolucao-comentada-da-fatec-2015\/","title":{"rendered":"Resolu\u00e7\u00e3o comentada da FATEC 2015"},"content":{"rendered":"<p align=\"CENTER\"><span style=\"color: #0000cc;\"><span style=\"font-family: Arial Black,serif;\"><span style=\"font-size: large;\">RESOLU\u00c7\u00d5ES<\/span><\/span><\/span><\/p>\n<p><span style=\"color: #0000cc;\"><span style=\"font-family: Arial Black,serif;\"><span style=\"font-size: large;\"><b>01- <\/b><\/span><\/span><\/span><\/p>\n<p><img fetchpriority=\"high\" decoding=\"async\" src=\"http:\/\/fisicaevestibular.com.br\/novo\/wp-content\/uploads\/universidades-2015\/fatec-sp\/i_774b0e9fbba32c56_html_13bf817b.png\" alt=\"\" width=\"775\" height=\"361\" name=\"Imagem 7\" align=\"BOTTOM\" border=\"0\" \/><\/p>\n<p><span style=\"color: #0000cc;\"><span style=\"font-family: Arial,serif;\"><span style=\"font-size: medium;\"><b>R- B<\/b><\/span><\/span><\/span><\/p>\n<p><span style=\"color: #0000cc;\"><span style=\"font-family: Arial Black,serif;\"><span style=\"font-size: large;\"><b>02- <\/b><\/span><\/span><\/span><span style=\"color: #660066;\"><span style=\"font-family: Arial,serif;\"><span style=\"font-size: medium;\"><b>Se, quando ele \u00e9 <\/b><\/span><\/span><\/span><span style=\"color: #0000cc;\"><span style=\"font-family: Arial,serif;\"><span style=\"font-size: medium;\"><b>pulverizado diretamente sobre o corpo nu<\/b><\/span><\/span><\/span><span style=\"color: #660066;\"><span style=\"font-family: Arial,serif;\"><span style=\"font-size: medium;\"><b>, provoca uma <\/b><\/span><\/span><\/span><span style=\"color: #0000cc;\"><span style=\"font-family: Arial,serif;\"><span style=\"font-size: medium;\"><b>sensa\u00e7\u00e3o fria<\/b><\/span><\/span><\/span><span style=\"color: #660066;\"><span style=\"font-family: Arial,serif;\"><span style=\"font-size: medium;\"><b>, ele est\u00e1 <\/b><\/span><\/span><\/span><\/p>\n<p align=\"CENTER\"><img decoding=\"async\" src=\"http:\/\/fisicaevestibular.com.br\/novo\/wp-content\/uploads\/universidades-2015\/fatec-sp\/i_774b0e9fbba32c56_html_6b41fa3e.png\" alt=\"\" width=\"265\" height=\"189\" name=\"Imagem 11\" align=\"BOTTOM\" border=\"0\" \/><\/p>\n<p><span style=\"color: #0000cc;\"><span style=\"font-family: Arial,serif;\"><span style=\"font-size: medium;\"><b>retirando calor do corpo<\/b><\/span><\/span><\/span><span style=\"color: #660066;\"><span style=\"font-family: Arial,serif;\"><span style=\"font-size: medium;\"><b>, processo que se denomina <\/b><\/span><\/span><\/span><span style=\"color: #0000cc;\"><span style=\"font-family: Arial,serif;\"><span style=\"font-size: medium;\"><b>endot\u00e9rmico.<\/b><\/span><\/span><\/span><\/p>\n<p><span style=\"color: #0000cc;\"><span style=\"font-family: Arial,serif;\"><span style=\"font-size: medium;\"><b>R- A<\/b><\/span><\/span><\/span><\/p>\n<p><span style=\"color: #0000cc;\"><span style=\"font-family: Arial Black,serif;\"><span style=\"font-size: large;\"><b>03- <\/b><\/span><\/span><\/span><\/p>\n<p><img decoding=\"async\" src=\"http:\/\/fisicaevestibular.com.br\/novo\/wp-content\/uploads\/universidades-2015\/fatec-sp\/i_774b0e9fbba32c56_html_72a457b7.png\" alt=\"\" width=\"775\" height=\"189\" name=\"Imagem 24\" align=\"BOTTOM\" border=\"0\" \/><\/p>\n<p><span style=\"color: #0000cc;\"><span style=\"font-family: Arial Black,serif;\"><span style=\"font-size: large;\"><b>04- <\/b><\/span><\/span><\/span><\/p>\n<p><img loading=\"lazy\" decoding=\"async\" src=\"http:\/\/fisicaevestibular.com.br\/novo\/wp-content\/uploads\/universidades-2015\/fatec-sp\/i_774b0e9fbba32c56_html_65eefcdd.png\" alt=\"\" width=\"775\" height=\"104\" name=\"Imagem 27\" align=\"BOTTOM\" border=\"0\" \/><\/p>\n<p><span style=\"color: #0000cc;\">\u2206<span style=\"font-family: Arial,serif;\"><span style=\"font-size: medium;\"><b>t<\/b><\/span><\/span><\/span><span style=\"color: #0000cc;\"><sub><span style=\"font-family: Arial,serif;\"><span style=\"font-size: medium;\"><b>total<\/b><\/span><\/span><\/sub><\/span><b> <\/b><span style=\"color: #660066;\"><span style=\"font-family: Arial,serif;\"><span style=\"font-size: medium;\"><b>= 54min + 36 min <\/b><\/span><\/span><\/span><span style=\"color: #0000cc;\"><span style=\"font-family: Arial,serif;\"><span style=\"font-size: medium;\"><b>= 90 min.<\/b><\/span><\/span><\/span><\/p>\n<p><span style=\"color: #660066;\"><span style=\"font-family: Arial,serif;\"><span style=\"font-size: medium;\"><b>Como ele <\/b><\/span><\/span><\/span><span style=\"color: #0000cc;\"><span style=\"font-family: Arial,serif;\"><span style=\"font-size: medium;\"><b>saiu de casa \u00e0s 11h 10min <\/b><\/span><\/span><\/span><span style=\"color: #660066;\"><span style=\"font-family: Arial,serif;\"><span style=\"font-size: medium;\"><b>e <\/b><\/span><\/span><\/span><span style=\"color: #0000cc;\"><span style=\"font-family: Arial,serif;\"><span style=\"font-size: medium;\"><b>demorou 90 min<\/b><\/span><\/span><\/span><span style=\"color: #660066;\"><span style=\"font-family: Arial,serif;\"><span style=\"font-size: medium;\"><b>, dever\u00e1 chegar ao destino \u00e0s <\/b><\/span><\/span><\/span><span style=\"color: #0000cc;\"><span style=\"font-family: Arial,serif;\"><span style=\"font-size: medium;\"><b>12h 40min.<\/b><\/span><\/span><\/span><\/p>\n<p><span style=\"color: #0000cc;\"><span style=\"font-family: Arial,serif;\"><span style=\"font-size: medium;\"><b>R- C<\/b><\/span><\/span><\/span><\/p>\n<p><span style=\"color: #0000cc;\"><span style=\"font-family: Arial Black,serif;\"><span style=\"font-size: large;\"><b>05- <\/b><\/span><\/span><\/span><span style=\"color: #660066;\"><span style=\"font-family: Arial,serif;\"><span style=\"font-size: medium;\"><b>O <\/b><\/span><\/span><\/span><span style=\"color: #0000cc;\"><span style=\"font-family: Arial,serif;\"><span style=\"font-size: medium;\"><b>dia marciano possui 39 minutos a mais que o nosso e recebe mais radia\u00e7\u00e3o solar<\/b><\/span><\/span><\/span><span style=\"color: #660066;\"><span style=\"font-family: Arial,serif;\"><span style=\"font-size: medium;\"><b>. <\/b><\/span><\/span><\/span><\/p>\n<p><span style=\"color: #660066;\"><span style=\"font-family: Arial,serif;\"><span style=\"font-size: medium;\"><b>Para manter a <\/b><\/span><\/span><\/span><span style=\"color: #0000cc;\"><span style=\"font-family: Arial,serif;\"><span style=\"font-size: medium;\"><b>base <\/b><\/span><\/span><\/span><span style=\"color: #660066;\"><span style=\"font-family: Arial,serif;\"><span style=\"font-size: medium;\"><b>permanente em Marte, colonizadores poderiam <\/b><\/span><\/span><\/span><span style=\"color: #0000cc;\"><span style=\"font-family: Arial,serif;\"><span style=\"font-size: medium;\"><b>investir em energia solar<\/b><\/span><\/span><\/span><span style=\"color: #660066;\"><span style=\"font-family: Arial,serif;\"><span style=\"font-size: medium;\"><b>. Apesar<\/b><\/span><\/span><\/span><\/p>\n<p align=\"CENTER\"><img loading=\"lazy\" decoding=\"async\" src=\"http:\/\/fisicaevestibular.com.br\/novo\/wp-content\/uploads\/universidades-2015\/fatec-sp\/i_774b0e9fbba32c56_html_31ffc4c6.png\" alt=\"\" width=\"523\" height=\"170\" name=\"Imagem 39\" align=\"BOTTOM\" border=\"0\" \/><\/p>\n<p><span style=\"color: #660066;\"><span style=\"font-family: Arial,serif;\"><span style=\"font-size: medium;\"><b>de a <\/b><\/span><\/span><\/span><span style=\"color: #0000cc;\"><span style=\"font-family: Arial,serif;\"><span style=\"font-size: medium;\"><b>radia\u00e7\u00e3o solar <\/b><\/span><\/span><\/span><span style=\"color: #660066;\"><span style=\"font-family: Arial,serif;\"><span style=\"font-size: medium;\"><b>que atinge o planeta ser o <\/b><\/span><\/span><\/span><span style=\"color: #0000cc;\"><span style=\"font-family: Arial,serif;\"><span style=\"font-size: medium;\"><b>equivalente a 42% <\/b><\/span><\/span><\/span><span style=\"color: #660066;\"><span style=\"font-family: Arial,serif;\"><span style=\"font-size: medium;\"><b>da quantidade que chega diariamente \u00e0 Terra, a <\/b><\/span><\/span><\/span><span style=\"color: #0000cc;\"><span style=\"font-family: Arial,serif;\"><span style=\"font-size: medium;\"><b>atmosfera mais fina de Marte permitiria que o recurso fosse melhor aproveitado, j\u00e1 que receberia mais radia\u00e7\u00e3o.<\/b><\/span><\/span><\/span><\/p>\n<p><span style=\"color: #0000cc;\"><span style=\"font-family: Arial,serif;\"><span style=\"font-size: medium;\"><b>R- A<\/b><\/span><\/span><\/span><\/p>\n<p><span style=\"color: #0000cc;\"><span style=\"font-family: Arial Black,serif;\"><span style=\"font-size: large;\"><b>06- <\/b><\/span><\/span><\/span><span style=\"color: #0000cc;\"><span style=\"font-family: Arial,serif;\"><span style=\"font-size: medium;\"><b>Toda imagem virtual \u00e9 direita <\/b><\/span><\/span><\/span><span style=\"color: #660066;\"><span style=\"font-family: Arial,serif;\"><span style=\"font-size: medium;\"><b>e pode acontecer <\/b><\/span><\/span><\/span><span style=\"color: #0000cc;\"><span style=\"font-family: Arial,serif;\"><span style=\"font-size: medium;\"><b>nos dois casos abaixo:<\/b><\/span><\/span><\/span><\/p>\n<p><span style=\"color: #0000cc;\"><span style=\"font-family: Arial,serif;\"><span style=\"font-size: medium;\"><b>1\u00ba &#8211; Lente convergente com o objeto entre f<\/b><\/span><\/span><\/span><span style=\"color: #0000cc;\"><sub><span style=\"font-family: Arial,serif;\"><span style=\"font-size: medium;\"><b>o<\/b><\/span><\/span><\/sub><\/span><span style=\"color: #0000cc;\"><span style=\"font-family: Arial,serif;\"><span style=\"font-size: medium;\"><b>\u00a0e O<\/b><\/span><\/span><\/span><\/p>\n<p align=\"CENTER\"><img loading=\"lazy\" decoding=\"async\" src=\"http:\/\/fisicaevestibular.com.br\/novo\/wp-content\/uploads\/universidades-2015\/fatec-sp\/i_774b0e9fbba32c56_html_7fb64ca9.jpg\" alt=\"\" width=\"424\" height=\"198\" name=\"Imagem 40\" align=\"BOTTOM\" border=\"0\" \/><\/p>\n<p><span style=\"color: #0000cc;\"><span style=\"font-family: Arial,serif;\"><span style=\"font-size: medium;\"><b>Natureza:<\/b><\/span><\/span><\/span><span style=\"color: #0000cc;\"><span style=\"font-family: Arial,serif;\"><span style=\"font-size: medium;\"><b>\u00a0<\/b><\/span><\/span><\/span><span style=\"color: #660066;\"><span style=\"font-family: Arial,serif;\"><span style=\"font-size: medium;\"><b>Virtual (obtida no cruzamento dos prolongamentos dos raios luminosos.<\/b><\/span><\/span><\/span><\/p>\n<p><span style=\"color: #0000cc;\"><span style=\"font-family: Arial,serif;\"><span style=\"font-size: medium;\"><b>Localiza\u00e7\u00e3o:<\/b><\/span><\/span><\/span><span style=\"color: #660066;\"><span style=\"font-family: Arial,serif;\"><span style=\"font-size: medium;\"><b>\u00a0Antes de f<\/b><\/span><\/span><\/span><span style=\"color: #660066;\"><sub><span style=\"font-family: Arial,serif;\"><span style=\"font-size: medium;\"><b>o<\/b><\/span><\/span><\/sub><\/span><\/p>\n<p><span style=\"color: #0000cc;\"><span style=\"font-family: Arial,serif;\"><span style=\"font-size: medium;\"><b>Tamanho e orienta\u00e7\u00e3o:<\/b><\/span><\/span><\/span><span style=\"color: #0000cc;\"><span style=\"font-family: Arial,serif;\"><span style=\"font-size: medium;\"><b>\u00a0<\/b><\/span><\/span><\/span><span style=\"color: #660066;\"><span style=\"font-family: Arial,serif;\"><span style=\"font-size: medium;\"><b>Maior que o objeto e direita em rela\u00e7\u00e3o a ele.<\/b><\/span><\/span><\/span><\/p>\n<p><span style=\"color: #0000cc;\"><span style=\"font-family: Arial,serif;\"><span style=\"font-size: medium;\"><b>Utilidade<\/b><\/span><\/span><\/span><span style=\"color: #660066;\"><span style=\"font-family: Arial,serif;\"><span style=\"font-size: medium;\"><b> \u2013<\/b><\/span><\/span><\/span><span style=\"color: #660066;\"><span style=\"font-family: Arial,serif;\"><span style=\"font-size: medium;\"><b>\u00a0Lupa (lente de aumento) e microsc\u00f3pios.<\/b><\/span><\/span><\/span><\/p>\n<p><img loading=\"lazy\" decoding=\"async\" src=\"http:\/\/fisicaevestibular.com.br\/novo\/wp-content\/uploads\/universidades-2015\/fatec-sp\/i_774b0e9fbba32c56_html_57507076.jpg\" alt=\"\" width=\"138\" height=\"65\" name=\"Imagem 41\" align=\"BOTTOM\" border=\"0\" \/><\/p>\n<p><span style=\"color: #0000cc;\"><span style=\"font-family: Arial,serif;\"><span style=\"font-size: medium;\"><b>2\u00ba &#8211; Lente divergente<\/b><\/span><\/span><\/span><\/p>\n<p><span style=\"color: #660066;\"><span style=\"font-family: Arial,serif;\"><span style=\"font-size: medium;\"><b>Neste caso, <\/b><\/span><\/span><\/span><span style=\"color: #0000cc;\"><span style=\"font-family: Arial,serif;\"><span style=\"font-size: medium;\"><b>independente da posi\u00e7\u00e3o do objeto, a imagem P\u2019 ser\u00e1 sempre:<\/b><\/span><\/span><\/span><\/p>\n<p><img loading=\"lazy\" decoding=\"async\" src=\"http:\/\/fisicaevestibular.com.br\/novo\/wp-content\/uploads\/universidades-2015\/fatec-sp\/i_774b0e9fbba32c56_html_15557df2.jpg\" alt=\"\" width=\"309\" height=\"178\" name=\"Imagem 42\" align=\"BOTTOM\" border=\"0\" \/><span style=\"color: #660066;\">\u00a0\u00a0\u00a0\u00a0<img loading=\"lazy\" decoding=\"async\" src=\"http:\/\/fisicaevestibular.com.br\/novo\/wp-content\/uploads\/universidades-2015\/fatec-sp\/i_774b0e9fbba32c56_html_762a3fc3.jpg\" alt=\"\" width=\"275\" height=\"195\" name=\"Imagem 43\" align=\"BOTTOM\" border=\"0\" \/><\/span><\/p>\n<p><span style=\"color: #0000cc;\"><span style=\"font-family: Arial,serif;\"><span style=\"font-size: medium;\"><b>Natureza\u00a0<\/b><\/span><\/span><\/span><span style=\"color: #660066;\"><span style=\"font-family: Arial,serif;\"><span style=\"font-size: medium;\"><b>\u2013 virtual<\/b><\/span><\/span><\/span><\/p>\n<p><span style=\"color: #0000cc;\"><span style=\"font-family: Arial,serif;\"><span style=\"font-size: medium;\"><b>Localiza\u00e7\u00e3o<\/b><\/span><\/span><\/span><span style=\"color: #660066;\"><span style=\"font-family: Arial,serif;\"><span style=\"font-size: medium;\"><b>\u00a0<\/b><\/span><\/span><\/span><span style=\"color: #660066;\"><span style=\"font-family: Arial,serif;\"><span style=\"font-size: medium;\"><b>\u00a0&#8211; entre O e f<\/b><\/span><\/span><\/span><span style=\"color: #660066;\"><sub><span style=\"font-family: Arial,serif;\"><span style=\"font-size: medium;\"><b>i<\/b><\/span><\/span><\/sub><\/span><\/p>\n<p><span style=\"color: #0000cc;\"><span style=\"font-family: Arial,serif;\"><span style=\"font-size: medium;\"><b>Tamanho e orienta\u00e7\u00e3o<\/b><\/span><\/span><\/span><span style=\"color: #0000cc;\"><span style=\"font-family: Arial,serif;\"><span style=\"font-size: medium;\"><b>\u00a0<\/b><\/span><\/span><\/span><span style=\"color: #660066;\"><span style=\"font-family: Arial,serif;\"><span style=\"font-size: medium;\"><b>\u2013 menor que o objeto e direita em rela\u00e7\u00e3o a ele.<\/b><\/span><\/span><\/span><\/p>\n<p><span style=\"color: #0000cc;\"><span style=\"font-family: Arial,serif;\"><span style=\"font-size: medium;\"><b>Aplica\u00e7\u00e3o<\/b><\/span><\/span><\/span><span style=\"color: #660066;\"><span style=\"font-family: Arial,serif;\"><span style=\"font-size: medium;\"><b>\u00a0<\/b><\/span><\/span><\/span><span style=\"color: #660066;\"><span style=\"font-family: Arial,serif;\"><span style=\"font-size: medium;\"><b>\u2013 corre\u00e7\u00e3o de miopia, oculares em microsc\u00f3pios, lunetas e bin\u00f3culos.<\/b><\/span><\/span><\/span><\/p>\n<p><span style=\"color: #0000cc;\"><span style=\"font-family: Arial,serif;\"><span style=\"font-size: medium;\"><b>R- B<\/b><\/span><\/span><\/span><\/p>\n<p><span style=\"color: #0000cc;\"><span style=\"font-family: Arial Black,serif;\"><span style=\"font-size: large;\"><b>07- <\/b><\/span><\/span><\/span><\/p>\n<p><img loading=\"lazy\" decoding=\"async\" src=\"http:\/\/fisicaevestibular.com.br\/novo\/wp-content\/uploads\/universidades-2015\/fatec-sp\/i_774b0e9fbba32c56_html_148d84e4.png\" alt=\"\" width=\"772\" height=\"392\" name=\"Imagem 44\" align=\"BOTTOM\" border=\"0\" \/><\/p>\n<p>&nbsp;<\/p>\n<h3><span style=\"color: #000080;\"><a style=\"color: #000080;\" title=\"Exerc\u00edcios da FATEC 2015\" href=\"http:\/\/fisicaevestibular.com.br\/novo\/universidades-2015\/exercicios-da-fatec-2015\/\">Confira os exerc\u00edcios<\/a><\/span><\/h3>\n","protected":false},"excerpt":{"rendered":"<p>RESOLU\u00c7\u00d5ES 01- R- B 02- Se, quando ele \u00e9 pulverizado diretamente sobre o corpo nu, provoca uma sensa\u00e7\u00e3o fria, ele est\u00e1 retirando calor do corpo, processo que se denomina endot\u00e9rmico. R- A 03- 04- \u2206ttotal = 54min + 36 min = 90 min. Como ele saiu de casa \u00e0s 11h 10min e demorou 90 min, dever\u00e1 chegar ao destino \u00e0s<\/p>\n","protected":false},"author":1,"featured_media":0,"parent":316,"menu_order":0,"comment_status":"closed","ping_status":"closed","template":"","meta":{"om_disable_all_campaigns":false,"_monsterinsights_skip_tracking":false,"_monsterinsights_sitenote_active":false,"_monsterinsights_sitenote_note":"","_monsterinsights_sitenote_category":0,"footnotes":""},"class_list":["post-318","page","type-page","status-publish","hentry"],"aioseo_notices":[],"_links":{"self":[{"href":"https:\/\/fisicaevestibular.com.br\/novo\/wp-json\/wp\/v2\/pages\/318","targetHints":{"allow":["GET"]}}],"collection":[{"href":"https:\/\/fisicaevestibular.com.br\/novo\/wp-json\/wp\/v2\/pages"}],"about":[{"href":"https:\/\/fisicaevestibular.com.br\/novo\/wp-json\/wp\/v2\/types\/page"}],"author":[{"embeddable":true,"href":"https:\/\/fisicaevestibular.com.br\/novo\/wp-json\/wp\/v2\/users\/1"}],"replies":[{"embeddable":true,"href":"https:\/\/fisicaevestibular.com.br\/novo\/wp-json\/wp\/v2\/comments?post=318"}],"version-history":[{"count":2,"href":"https:\/\/fisicaevestibular.com.br\/novo\/wp-json\/wp\/v2\/pages\/318\/revisions"}],"predecessor-version":[{"id":320,"href":"https:\/\/fisicaevestibular.com.br\/novo\/wp-json\/wp\/v2\/pages\/318\/revisions\/320"}],"up":[{"embeddable":true,"href":"https:\/\/fisicaevestibular.com.br\/novo\/wp-json\/wp\/v2\/pages\/316"}],"wp:attachment":[{"href":"https:\/\/fisicaevestibular.com.br\/novo\/wp-json\/wp\/v2\/media?parent=318"}],"curies":[{"name":"wp","href":"https:\/\/api.w.org\/{rel}","templated":true}]}}