{"id":3121,"date":"2017-08-07T23:59:15","date_gmt":"2017-08-07T23:59:15","guid":{"rendered":"http:\/\/fisicaevestibular.com.br\/novo\/?page_id=3121"},"modified":"2024-07-02T13:32:31","modified_gmt":"2024-07-02T13:32:31","slug":"vestibulares-recentes","status":"publish","type":"page","link":"https:\/\/fisicaevestibular.com.br\/novo\/vestibulares-recentes\/","title":{"rendered":"Vestibulares Recentes"},"content":{"rendered":"<p style=\"text-align: center;\"><b>Nesta p\u00e1gina, voc\u00eas encontrar\u00e3o os exerc\u00edcios dos Vestibulares de 2013 a 2020, classificados por assunto. <\/b><b>Mais f\u00e1cil para estudar e se aperfei\u00e7oar.<\/b><\/p>\n<table border=\"0\" width=\"100%\" cellspacing=\"10\" cellpadding=\"3\">\n<tbody>\n<tr>\n<td align=\"center\" valign=\"top\" width=\"13%\"><a href=\"http:\/\/fisicaevestibular.com.br\/atualizacao\/Exercicios2013\/mecanica.htm\"> <img decoding=\"async\" src=\"http:\/\/fisicaevestibular.com.br\/images\/icone_mec_new.png\" alt=\"\" width=\"116\" height=\"116\" border=\"0\" \/><\/a><br \/>\n<b><a href=\"http:\/\/fisicaevestibular.com.br\/atualizacao\/Exercicios2013\/mecanica.htm\">MEC\u00c2NICA<\/a><\/b><\/td>\n<td align=\"center\" valign=\"top\" width=\"13%\"><a title=\"\u00d3ptica\" href=\"http:\/\/fisicaevestibular.com.br\/novo\/vestibulares-recentes\/optica\/\"> <img decoding=\"async\" src=\"http:\/\/fisicaevestibular.com.br\/images\/logo_opt_new.png\" alt=\"\" width=\"116\" height=\"116\" border=\"0\" \/><\/a><br \/>\n<b><a title=\"\u00d3ptica\" href=\"http:\/\/fisicaevestibular.com.br\/novo\/vestibulares-recentes\/optica\/\">\u00d3PTICA<\/a><\/b><\/td>\n<td align=\"center\" valign=\"top\" width=\"13%\"><a href=\"http:\/\/fisicaevestibular.com.br\/atualizacao\/Exercicios2013\/eletricidade.htm\"> <img decoding=\"async\" src=\"http:\/\/fisicaevestibular.com.br\/images\/logo_elt_new.png\" alt=\"\" width=\"116\" height=\"116\" border=\"0\" \/><\/a><br \/>\n<b><a href=\"http:\/\/fisicaevestibular.com.br\/atualizacao\/Exercicios2013\/eletricidade.htm\">ELETRICIDADE<\/a><\/b><\/td>\n<\/tr>\n<tr>\n<td align=\"center\" valign=\"top\" width=\"13%\"><a title=\"Ondulat\u00f3ria\" href=\"http:\/\/fisicaevestibular.com.br\/novo\/vestibulares-recentes\/ondulatoria\/\"> <img loading=\"lazy\" decoding=\"async\" src=\"http:\/\/fisicaevestibular.com.br\/images\/icone_ond_new.png\" alt=\"\" width=\"116\" height=\"116\" border=\"0\" \/><\/a><br \/>\n<b><a title=\"Ondulat\u00f3ria\" href=\"http:\/\/fisicaevestibular.com.br\/novo\/vestibulares-recentes\/ondulatoria\/\">ONDULAT\u00d3RIA<\/a><\/b><\/td>\n<td align=\"center\" valign=\"top\" width=\"13%\"><a title=\"F\u00edsica Moderna\" href=\"http:\/\/fisicaevestibular.com.br\/novo\/vestibulares-recentes\/fisica-moderna\/\"> <img loading=\"lazy\" decoding=\"async\" src=\"http:\/\/fisicaevestibular.com.br\/images\/icone_fis_mod_new.png\" alt=\"\" width=\"116\" height=\"116\" border=\"0\" \/><\/a><br \/>\n<a title=\"F\u00edsica Moderna\" href=\"http:\/\/fisicaevestibular.com.br\/novo\/vestibulares-recentes\/fisica-moderna\/\"> <b>F\u00cdSICA MODERNA<\/b><\/a><\/td>\n<td align=\"center\" valign=\"top\" width=\"13%\"><a title=\"F\u00edsica T\u00e9rmica\" href=\"http:\/\/fisicaevestibular.com.br\/novo\/vestibulares-recentes\/fisica-termica\/\"> <img loading=\"lazy\" decoding=\"async\" src=\"http:\/\/fisicaevestibular.com.br\/images\/icone_fis_ter_new.png\" alt=\"\" width=\"116\" height=\"116\" border=\"0\" \/><\/a><br \/>\n<b><a title=\"F\u00edsica T\u00e9rmica\" href=\"http:\/\/fisicaevestibular.com.br\/novo\/vestibulares-recentes\/fisica-termica\/\">F\u00cdSICA T\u00c9RMICA<\/a><\/b><\/td>\n<\/tr>\n<\/tbody>\n<\/table>\n","protected":false},"excerpt":{"rendered":"<p>Nesta p\u00e1gina, voc\u00eas encontrar\u00e3o os exerc\u00edcios dos Vestibulares de 2013 a 2020, classificados por assunto. Mais f\u00e1cil para estudar e se aperfei\u00e7oar. MEC\u00c2NICA \u00d3PTICA ELETRICIDADE ONDULAT\u00d3RIA F\u00cdSICA MODERNA F\u00cdSICA T\u00c9RMICA<\/p>\n","protected":false},"author":1,"featured_media":0,"parent":0,"menu_order":0,"comment_status":"closed","ping_status":"closed","template":"","meta":{"om_disable_all_campaigns":false,"_monsterinsights_skip_tracking":false,"_monsterinsights_sitenote_active":false,"_monsterinsights_sitenote_note":"","_monsterinsights_sitenote_category":0,"footnotes":""},"class_list":["post-3121","page","type-page","status-publish","hentry"],"aioseo_notices":[],"_links":{"self":[{"href":"https:\/\/fisicaevestibular.com.br\/novo\/wp-json\/wp\/v2\/pages\/3121","targetHints":{"allow":["GET"]}}],"collection":[{"href":"https:\/\/fisicaevestibular.com.br\/novo\/wp-json\/wp\/v2\/pages"}],"about":[{"href":"https:\/\/fisicaevestibular.com.br\/novo\/wp-json\/wp\/v2\/types\/page"}],"author":[{"embeddable":true,"href":"https:\/\/fisicaevestibular.com.br\/novo\/wp-json\/wp\/v2\/users\/1"}],"replies":[{"embeddable":true,"href":"https:\/\/fisicaevestibular.com.br\/novo\/wp-json\/wp\/v2\/comments?post=3121"}],"version-history":[{"count":10,"href":"https:\/\/fisicaevestibular.com.br\/novo\/wp-json\/wp\/v2\/pages\/3121\/revisions"}],"predecessor-version":[{"id":5602,"href":"https:\/\/fisicaevestibular.com.br\/novo\/wp-json\/wp\/v2\/pages\/3121\/revisions\/5602"}],"wp:attachment":[{"href":"https:\/\/fisicaevestibular.com.br\/novo\/wp-json\/wp\/v2\/media?parent=3121"}],"curies":[{"name":"wp","href":"https:\/\/api.w.org\/{rel}","templated":true}]}}