{"id":3113,"date":"2017-07-30T22:11:35","date_gmt":"2017-07-30T22:11:35","guid":{"rendered":"http:\/\/fisicaevestibular.com.br\/novo\/?page_id=3113"},"modified":"2024-09-03T17:23:05","modified_gmt":"2024-09-03T17:23:05","slug":"resolucao-comentada-das-questoes-de-fisica-da-ufsm-rs-2017","status":"publish","type":"page","link":"https:\/\/fisicaevestibular.com.br\/novo\/universidades-2017\/ufsm-2017\/resolucao-comentada-das-questoes-de-fisica-da-ufsm-rs-2017\/","title":{"rendered":"Resolu\u00e7\u00e3o comentada das quest\u00f5es de F\u00cdSICA da UFSM-RS-2017"},"content":{"rendered":"<p align=\"CENTER\"><span style=\"color: #c00000;\"><span style=\"font-family: Arial Black,serif;\"><span style=\"font-size: large;\"><b>Resolu\u00e7\u00e3o comentada das quest\u00f5es de F\u00cdSICA da <\/b><\/span><\/span><\/span><\/p>\n<p align=\"CENTER\"><span style=\"color: #0000cc;\"><span style=\"font-family: Arial Black,serif;\"><span style=\"font-size: large;\"><b>UFSM-RS-2017<\/b><\/span><\/span><\/span><\/p>\n<p><span style=\"font-family: Times New Roman,serif;\"><span style=\"font-size: medium;\"><span style=\"color: #c00000;\"><span style=\"font-family: Arial Black,serif;\"><span style=\"font-size: large;\"><b>01- <\/b><\/span><\/span><\/span><span style=\"color: #c00000;\"><span style=\"font-family: Arial,serif;\"><b>A<\/b><\/span><\/span><span style=\"color: #c00000;\"><span style=\"font-family: Arial,serif;\"><b>\u00a0<\/b><\/span><\/span><span style=\"color: #0000cc;\"><span style=\"font-family: Arial,serif;\"><b>teoria da relatividade especial \u00e9 constru\u00edda a partir do postulado do princ\u00edpio da relatividade de Einstein e do postulado da velocidade da luz:<\/b><\/span><\/span><\/span><\/span><\/p>\n<p align=\"CENTER\"><span style=\"font-family: Times New Roman,serif;\"><span style=\"font-size: medium;\"><span style=\"color: #0000cc;\"><span style=\"font-family: Arial,serif;\"><b>Primeiro Postulado<\/b><\/span><\/span><\/span><\/span><\/p>\n<p><span style=\"color: #0000cc;\">\u201c<span style=\"font-family: Times New Roman,serif;\"><span style=\"font-size: medium;\"><span style=\"font-family: Arial,serif;\"><b>As leis da f\u00edsica devem ser exatamente as mesmas se descritas por observadores em diferentes referenciais inerciais. N\u00e3o existe um referencial inercial privilegiado (referencial absoluto)\u201d.<\/b><\/span><\/span><\/span><\/span><\/p>\n<p><span style=\"font-family: Times New Roman,serif;\"><span style=\"font-size: medium;\"><span style=\"color: #c00000;\"><span style=\"font-family: Arial,serif;\"><b>Esse<\/b><\/span><\/span><span style=\"color: #c00000;\"><span style=\"font-family: Arial,serif;\"><b>\u00a0<\/b><\/span><\/span><span style=\"color: #0000cc;\"><span style=\"font-family: Arial,serif;\"><b>postulado afirma que n\u00e3o existe sistema de refer\u00eancia inercial preferencial<\/b><\/span><\/span><span style=\"color: #0000cc;\"><span style=\"font-family: Arial,serif;\"><b>\u00a0<\/b><\/span><\/span><span style=\"color: #c00000;\"><span style=\"font-family: Arial,serif;\"><b>no<\/b><\/span><\/span><span style=\"color: #c00000;\"><span style=\"font-family: Arial,serif;\"><b>\u00a0<\/b><\/span><\/span><span style=\"color: #0000cc;\"><span style=\"font-family: Arial,serif;\"><b>estudo de qualquer fen\u00f4meno f\u00edsico.<\/b><\/span><\/span><\/span><\/span><\/p>\n<p align=\"CENTER\"><span style=\"font-family: Times New Roman,serif;\"><span style=\"font-size: medium;\"><span style=\"color: #0000cc;\"><span style=\"font-family: Arial,serif;\"><b>Segundo Postulado<\/b><\/span><\/span><\/span><\/span><\/p>\n<p><span style=\"color: #c00000;\">\u00a0<\/span><span style=\"font-family: Times New Roman,serif;\"><span style=\"font-size: medium;\"><span style=\"color: #0000cc;\"><span style=\"font-family: Arial,serif;\"><b>Postulado da velocidade da luz: \u201cA velocidade da luz no v\u00e1cuo tem o mesmo valor em todas as dire\u00e7\u00f5es e em todos os referenciais inerciais (a velocidade da luz \u00e9 independente da velocidade da fonte)\u201d.<\/b><\/span><\/span><\/span><\/span><\/p>\n<p><span style=\"font-family: Times New Roman,serif;\"><span style=\"font-size: medium;\"><span style=\"color: #0000cc;\"><span style=\"font-family: Arial,serif;\"><b>Esta \u00e9 a velocidade m\u00e1xima com que qualquer tipo de informa\u00e7\u00e3o pode ser transmitida.\u00a0<\/b><\/span><\/span><\/span><\/span><\/p>\n<p><span style=\"font-family: Times New Roman,serif;\"><span style=\"font-size: medium;\"><span style=\"color: #c00000;\"><span style=\"font-family: Arial,serif;\"><b>A<\/b><\/span><\/span><span style=\"color: #c00000;\"><span style=\"font-family: Arial,serif;\"><b>\u00a0<\/b><\/span><\/span><span style=\"color: #0000cc;\"><span style=\"font-family: Arial,serif;\"><b>velocidade da luz n\u00e3o depende nem da velocidade do emissor<\/b><\/span><\/span><span style=\"color: #c00000;\"><span style=\"font-family: Arial,serif;\"><b>\u00a0<\/b><\/span><\/span><span style=\"color: #c00000;\"><span style=\"font-family: Arial,serif;\"><b>(fonte emissora da luz),<\/b><\/span><\/span><span style=\"color: #c00000;\"><span style=\"font-family: Arial,serif;\"><b>\u00a0<\/b><\/span><\/span><span style=\"color: #0000cc;\"><span style=\"font-family: Arial,serif;\"><b>nem da velocidade do receptor (observador) do sinal luminoso.<\/b><\/span><\/span><\/span><\/span><\/p>\n<p align=\"CENTER\"><span style=\"font-family: Times New Roman,serif;\"><span style=\"font-size: medium;\"><span style=\"color: #0000cc;\"><span style=\"font-family: Arial,serif;\"><b>Dilata\u00e7\u00e3o do tempo<\/b><\/span><\/span><\/span><\/span><\/p>\n<p><span style=\"color: #c00000;\">\u00a0<\/span><\/p>\n<p><span style=\"font-family: Times New Roman,serif;\"><span style=\"font-size: medium;\"><span style=\"color: #c00000;\"><span style=\"font-family: Arial,serif;\"><b>Ao discutir o<\/b><\/span><\/span><span style=\"color: #c00000;\"><span style=\"font-family: Arial,serif;\"><b>\u00a0<\/b><\/span><\/span><span style=\"color: #0000cc;\"><span style=\"font-family: Arial,serif;\"><b>conceito de tempo,<\/b><\/span><\/span><span style=\"color: #111111;\"><span style=\"font-family: Arial,serif;\"><b>\u00a0<\/b><\/span><\/span><span style=\"color: #0000cc;\"><span style=\"font-family: Arial,serif;\"><b>Einstein<\/b><\/span><\/span><span style=\"color: #c00000;\"><span style=\"font-family: Arial,serif;\"><b>\u00a0<\/b><\/span><\/span><span style=\"color: #c00000;\"><span style=\"font-family: Arial,serif;\"><b>mostrou que a<\/b><\/span><\/span><span style=\"color: #c00000;\"><span style=\"font-family: Arial,serif;\"><b>\u00a0<\/b><\/span><\/span><span style=\"color: #0000cc;\"><span style=\"font-family: Arial,serif;\"><b>simultaneidade <\/b><\/span><\/span><span style=\"color: #c00000;\"><span style=\"font-family: Arial,serif;\"><b>(fatos que ocorrem em diferentes locais e ao mesmo tempo)<\/b><\/span><\/span><span style=\"color: #c00000;\"><span style=\"font-family: Arial,serif;\"><b>\u00a0<\/b><\/span><\/span><span style=\"color: #0000cc;\"><span style=\"font-family: Arial,serif;\"><b>\u00e9 algo relativo.<\/b><\/span><\/span><\/span><\/span><\/p>\n<p><span style=\"font-family: Times New Roman,serif;\"><span style=\"font-size: medium;\"><span style=\"color: #c00000;\"><span style=\"font-family: Arial,serif;\"><b>Assim, o que \u00e9<\/b><\/span><\/span><span style=\"color: #c00000;\"><span style=\"font-family: Arial,serif;\"><b>\u00a0<\/b><\/span><\/span><span style=\"color: #0000cc;\"><span style=\"font-family: Arial,serif;\"><b>simult\u00e2neo para um observador poder\u00e1 n\u00e3o ser simult\u00e2neo para outro observador que se move em rela\u00e7\u00e3o ao primeiro.<\/b><\/span><\/span><\/span><\/span><\/p>\n<p><span style=\"color: #ff0000;\"><span style=\"font-family: Arial Black,serif;\"><span style=\"font-size: medium;\"><b>R- E<\/b><\/span><\/span><\/span><\/p>\n<p><a name=\"_GoBack\"><\/a><\/p>\n<p><span style=\"color: #c00000;\"><span style=\"font-family: Arial Black,serif;\"><span style=\"font-size: large;\"><b>02- <\/b><\/span><\/span><\/span><\/p>\n<p align=\"CENTER\"><span style=\"color: #0000cc;\"><span style=\"font-family: Arial Black,serif;\"><span style=\"font-size: medium;\"><b>Dire\u00e7\u00e3o e sentido do campo magn\u00e9tico\u00a0<img decoding=\"async\" src=\"http:\/\/fisicaevestibular.com.br\/novo\/wp-content\/uploads\/universidades-2017\/ufsm\/UFSM_html_e4f88d2b.png\" alt=\"\" width=\"19\" height=\"22\" name=\"Imagem 2\" align=\"BOTTOM\" border=\"0\" \/><\/b><\/span><\/span><\/span><\/p>\n<p><span style=\"color: #c00000;\">\u00a0<span style=\"font-family: Arial,serif;\"><span style=\"font-size: medium;\"><b>Um dos\u00a0<\/b><\/span><\/span><\/span><span style=\"color: #0000cc;\"><span style=\"font-family: Arial,serif;\"><span style=\"font-size: medium;\"><b>processos pr\u00e1ticos\u00a0<\/b><\/span><\/span><\/span><span style=\"color: #c00000;\"><span style=\"font-family: Arial,serif;\"><span style=\"font-size: medium;\"><b>para se determinar a\u00a0<\/b><\/span><\/span><\/span><span style=\"color: #0000cc;\"><span style=\"font-family: Arial,serif;\"><span style=\"font-size: medium;\"><b>dire\u00e7\u00e3o e o sentido do vetor indu\u00e7\u00e3o magn\u00e9tica\u00a0B\u00a0ou vetor campo magn\u00e9tico\u00a0<img decoding=\"async\" src=\"http:\/\/fisicaevestibular.com.br\/novo\/wp-content\/uploads\/universidades-2017\/ufsm\/UFSM_html_caf2a4a.png\" alt=\"\" width=\"13\" height=\"17\" name=\"Imagem 3\" align=\"BOTTOM\" border=\"0\" \/>, \u00e9 a regra da m\u00e3o direita<\/b><\/span><\/span><\/span><span style=\"color: #c00000;\"><span style=\"font-family: Arial,serif;\"><span style=\"font-size: medium;\"><b>. Esse\u00a0<\/b><\/span><\/span><\/span><span style=\"color: #0000cc;\"><span style=\"font-family: Arial,serif;\"><span style=\"font-size: medium;\"><b>sentido de\u00a0<img decoding=\"async\" src=\"http:\/\/fisicaevestibular.com.br\/novo\/wp-content\/uploads\/universidades-2017\/ufsm\/UFSM_html_caf2a4a.png\" alt=\"\" width=\"13\" height=\"17\" name=\"Imagem 6\" align=\"BOTTOM\" border=\"0\" \/>\u00a0depende do sentido da corrente que o origina.<\/b><\/span><\/span><\/span><\/p>\n<p><span style=\"color: #c00000;\"><span style=\"font-family: Arial,serif;\"><span style=\"font-size: medium;\"><b>Voc\u00ea\u00a0<\/b><\/span><\/span><\/span><span style=\"color: #0000cc;\"><span style=\"font-family: Arial,serif;\"><span style=\"font-size: medium;\"><b>coloca o polegar no sentido da corrente com a m\u00e3o espalmada (primeira figura),\u00a0<\/b><\/span><\/span><\/span><span style=\"color: #c00000;\"><span style=\"font-family: Arial,serif;\"><span style=\"font-size: medium;\"><b>em seguida<\/b><\/span><\/span><\/span><\/p>\n<p align=\"CENTER\"><img loading=\"lazy\" decoding=\"async\" src=\"http:\/\/fisicaevestibular.com.br\/novo\/wp-content\/uploads\/universidades-2017\/ufsm\/UFSM_html_d359a4ef.png\" alt=\"\" width=\"775\" height=\"180\" name=\"Imagem 25\" align=\"BOTTOM\" border=\"0\" \/><\/p>\n<p><span style=\"color: #c00000;\"><span style=\"font-family: Arial,serif;\"><span style=\"font-size: medium;\"><b>voc\u00ea\u00a0<\/b><\/span><\/span><\/span><span style=\"color: #0000cc;\"><span style=\"font-family: Arial,serif;\"><span style=\"font-size: medium;\"><b>fecha a m\u00e3o para pegar o\u00a0fio (segunda figura)\u00a0<\/b><\/span><\/span><\/span><span style=\"color: #c00000;\"><span style=\"font-family: Arial,serif;\"><span style=\"font-size: medium;\"><b>e o\u00a0<\/b><\/span><\/span><\/span><span style=\"color: #0000cc;\"><span style=\"font-family: Arial,serif;\"><span style=\"font-size: medium;\"><b>sentido da \u201cfechada\u201d de m\u00e3o \u00e9 o sentido do vetor\u00a0<img loading=\"lazy\" decoding=\"async\" src=\"http:\/\/fisicaevestibular.com.br\/novo\/wp-content\/uploads\/universidades-2017\/ufsm\/UFSM_html_caf2a4a.png\" alt=\"\" width=\"13\" height=\"17\" name=\"Imagem 26\" align=\"BOTTOM\" border=\"0\" \/>\u00a0(terceira figura).<\/b><\/span><\/span><\/span><\/p>\n<p><span style=\"color: #c00000;\"><span style=\"font-family: Arial,serif;\"><span style=\"font-size: medium;\"><b>Observe na\u00a0<\/b><\/span><\/span><\/span><span style=\"color: #0000cc;\"><span style=\"font-family: Arial,serif;\"><span style=\"font-size: medium;\"><b>terceira figura que \u00a0<img loading=\"lazy\" decoding=\"async\" src=\"http:\/\/fisicaevestibular.com.br\/novo\/wp-content\/uploads\/universidades-2017\/ufsm\/UFSM_html_caf2a4a.png\" alt=\"\" width=\"13\" height=\"17\" name=\"Imagem 27\" align=\"BOTTOM\" border=\"0\" \/>\u00a0\u00e9 sempre tangente \u00e0s linhas de indu\u00e7\u00e3o em cada ponto.<\/b><\/span><\/span><\/span><\/p>\n<p><img loading=\"lazy\" decoding=\"async\" src=\"http:\/\/fisicaevestibular.com.br\/novo\/wp-content\/uploads\/universidades-2017\/ufsm\/UFSM_html_8f8c4809.png\" alt=\"\" width=\"775\" height=\"226\" name=\"graphics1\" align=\"BOTTOM\" border=\"0\" \/><\/p>\n<p><span style=\"color: #c00000;\"><span style=\"font-family: Arial,serif;\"><span style=\"font-size: medium;\"><b>No <\/b><\/span><\/span><\/span><span style=\"color: #0000cc;\"><span style=\"font-family: Arial,serif;\"><span style=\"font-size: medium;\"><b>caso do exerc\u00edcio <\/b><\/span><\/span><\/span><span style=\"color: #c00000;\"><span style=\"font-family: Arial,serif;\"><span style=\"font-size: medium;\"><b>veja na <\/b><\/span><\/span><\/span><span style=\"color: #0000cc;\"><span style=\"font-family: Arial,serif;\"><span style=\"font-size: medium;\"><b>figura abaixo <\/b><\/span><\/span><\/span><span style=\"color: #c00000;\"><span style=\"font-family: Arial,serif;\"><span style=\"font-size: medium;\"><b>que a <\/b><\/span><\/span><\/span><span style=\"color: #0000cc;\"><span style=\"font-family: Arial,serif;\"><span style=\"font-size: medium;\"><b>corrente i est\u00e1 entrando na folha<\/b><\/span><\/span><\/span><span style=\"color: #c00000;\"><span style=\"font-family: Arial,serif;\"><span style=\"font-size: medium;\"><b> e aplicando a <\/b><\/span><\/span><\/span><span style=\"color: #0000cc;\"><span style=\"font-family: Arial,serif;\"><span style=\"font-size: medium;\"><b>regra<\/b><\/span><\/span><\/span><\/p>\n<p align=\"CENTER\"><img loading=\"lazy\" decoding=\"async\" src=\"http:\/\/fisicaevestibular.com.br\/novo\/wp-content\/uploads\/universidades-2017\/ufsm\/UFSM_html_681bb1a8.png\" alt=\"\" width=\"625\" height=\"248\" name=\"Imagem 29\" align=\"BOTTOM\" border=\"0\" \/><\/p>\n<p><span style=\"color: #c00000;\"><span style=\"font-family: Arial,serif;\"><span style=\"font-size: medium;\"><b>da <\/b><\/span><\/span><\/span><span style=\"color: #0000cc;\"><span style=\"font-family: Arial,serif;\"><span style=\"font-size: medium;\"><b>m\u00e3o direita voc\u00ea ver\u00e1 os dois im\u00e3s conforme a configura\u00e7\u00e3o abaixo.<\/b><\/span><\/span><\/span><\/p>\n<p><span style=\"color: #ff0000;\"><span style=\"font-family: Arial Black,serif;\"><span style=\"font-size: medium;\"><b>R- D<\/b><\/span><\/span><\/span><\/p>\n<p><span style=\"color: #c00000;\"><span style=\"font-family: Arial Black,serif;\"><span style=\"font-size: large;\"><b>03- <\/b><\/span><\/span><\/span><span style=\"color: #0000cc;\"><span style=\"font-family: Arial,serif;\"><span style=\"font-size: medium;\"><b>Todas <\/b><\/span><\/span><\/span><span style=\"color: #c00000;\"><span style=\"font-family: Arial,serif;\"><span style=\"font-size: medium;\"><b>as <\/b><\/span><\/span><\/span><span style=\"color: #0000cc;\"><span style=\"font-family: Arial,serif;\"><span style=\"font-size: medium;\"><b>explica\u00e7\u00f5es de Bruno<\/b><\/span><\/span><\/span><b> <\/b><span style=\"color: #0000cc;\"><span style=\"font-family: Arial,serif;\"><span style=\"font-size: medium;\"><b>est\u00e3o corretas menos <\/b><\/span><\/span><\/span><span style=\"color: #c00000;\"><span style=\"font-family: Arial,serif;\"><span style=\"font-size: medium;\"><b>\u201c<\/b><\/span><\/span><\/span><span style=\"color: #0000cc;\"><span style=\"font-family: Arial,serif;\"><span style=\"font-size: medium;\"><b>cargas el\u00e9tricas s\u00e3o criadas <\/b><\/span><\/span><\/span><span style=\"color: #c00000;\"><span style=\"font-family: Arial,serif;\"><span style=\"font-size: medium;\"><b>no ve\u00edculo em decorr\u00eancia <\/b><\/span><\/span><\/span><span style=\"color: #0000cc;\"><span style=\"font-family: Arial,serif;\"><span style=\"font-size: medium;\"><b>do atrito entre a carroceria e o ar atmosf\u00e9rico\u201d<\/b><\/span><\/span><\/span><span style=\"color: #c00000;\"><span style=\"font-family: Arial,serif;\"><span style=\"font-size: medium;\"><b>, pois, <\/b><\/span><\/span><\/span><span style=\"color: #0000cc;\"><span style=\"font-family: Arial,serif;\"><span style=\"font-size: medium;\"><b>cargas el\u00e9tricas n\u00e3o s\u00e3o criadas em hip\u00f3tese alguma, apenas transferidas entre as partes de um sistema el\u00e9trico. <\/b><\/span><\/span><\/span><\/p>\n<p><span style=\"color: #ff0000;\"><span style=\"font-family: Arial Black,serif;\"><span style=\"font-size: medium;\"><b>R- D<\/b><\/span><\/span><\/span><\/p>\n<p><span style=\"color: #c00000;\"><span style=\"font-family: Arial Black,serif;\"><span style=\"font-size: large;\"><b>04- <\/b><\/span><\/span><\/span><span style=\"color: #0000cc;\"><span style=\"font-family: Arial,serif;\"><span style=\"font-size: medium;\"><b>Se voc\u00ea n\u00e3o domina a teoria, leia a explica\u00e7\u00e3o a seguir.<\/b><\/span><\/span><\/span><\/p>\n<p align=\"CENTER\"><span style=\"color: #c00000;\"><span style=\"font-family: Arial,serif;\"><span style=\"font-size: medium;\"><b>Transformadores<\/b><\/span><\/span><\/span><\/p>\n<p><span style=\"color: #c00000;\">\u00a0<span style=\"font-family: Arial,serif;\"><span style=\"font-size: medium;\"><b>A\u00a0<\/b><\/span><\/span><\/span><span style=\"color: #0000cc;\"><span style=\"font-family: Arial,serif;\"><span style=\"font-size: medium;\"><b>fun\u00e7\u00e3o\u00a0<\/b><\/span><\/span><\/span><span style=\"color: #c00000;\"><span style=\"font-family: Arial,serif;\"><span style=\"font-size: medium;\"><b>de um\u00a0<\/b><\/span><\/span><\/span><span style=\"color: #0000cc;\"><span style=\"font-family: Arial,serif;\"><span style=\"font-size: medium;\"><b>transformador<\/b><\/span><\/span><\/span><span style=\"color: #c00000;\"><span style=\"font-family: Arial,serif;\"><span style=\"font-size: medium;\"><b>\u00a0\u00e9\u00a0<\/b><\/span><\/span><\/span><span style=\"color: #0000cc;\"><span style=\"font-family: Arial,serif;\"><span style=\"font-size: medium;\"><b>aumentar ou diminuir a diferen\u00e7a de potencial, tens\u00e3o ou voltagem.<\/b><\/span><\/span><\/span><\/p>\n<p><img loading=\"lazy\" decoding=\"async\" src=\"http:\/\/fisicaevestibular.com.br\/novo\/wp-content\/uploads\/universidades-2017\/ufsm\/UFSM_html_ad0954e2.png\" alt=\"\" width=\"774\" height=\"137\" name=\"Imagem 30\" align=\"BOTTOM\" border=\"0\" \/><\/p>\n<p><span style=\"color: #c00000;\"><span style=\"font-family: Arial,serif;\"><span style=\"font-size: medium;\"><b>Em\u00a0<\/b><\/span><\/span><\/span><span style=\"color: #0000cc;\"><span style=\"font-family: Arial,serif;\"><span style=\"font-size: medium;\"><b>uma dessas bobinas \u00e9 aplicada a tens\u00e3o que se deseja transformar<\/b><\/span><\/span><\/span><span style=\"color: #c00000;\"><span style=\"font-family: Arial,serif;\"><span style=\"font-size: medium;\"><b>, ou seja, <\/b><\/span><\/span><\/span><span style=\"color: #0000cc;\"><span style=\"font-family: Arial,serif;\"><span style=\"font-size: medium;\"><b>aumentar <\/b><\/span><\/span><\/span><span style=\"color: #c00000;\"><span style=\"font-family: Arial,serif;\"><span style=\"font-size: medium;\"><b>ou <\/b><\/span><\/span><\/span><span style=\"color: #0000cc;\"><span style=\"font-family: Arial,serif;\"><span style=\"font-size: medium;\"><b>diminuir.<\/b><\/span><\/span><\/span><\/p>\n<p><span style=\"color: #0000cc;\"><span style=\"font-family: Arial,serif;\"><span style=\"font-size: medium;\"><b>Essa bobina \u00e9 chamada de bobina prim\u00e1ria ou enrolamento prim\u00e1rio.<\/b><\/span><\/span><\/span><\/p>\n<p><span style=\"color: #0000cc;\"><span style=\"font-family: Arial,serif;\"><span style=\"font-size: medium;\"><b>Depois de transformada,\u00a0<\/b><\/span><\/span><\/span><span style=\"color: #c00000;\"><span style=\"font-family: Arial,serif;\"><span style=\"font-size: medium;\"><b>a tens\u00e3o \u00e9 estabelecida\u00a0<\/b><\/span><\/span><\/span><span style=\"color: #0000cc;\"><span style=\"font-family: Arial,serif;\"><span style=\"font-size: medium;\"><b>nos terminais da outra bobina, que \u00e9 denominada bobina secund\u00e1ria ou enrolamento secund\u00e1rio<\/b><\/span><\/span><\/span><\/p>\n<p><span style=\"color: #0000cc;\"><span style=\"font-family: Arial,serif;\"><span style=\"font-size: medium;\"><b>Alguns transformadores tem<\/b><\/span><\/span><\/span><span style=\"color: #0000cc;\"><span style=\"font-family: Arial,serif;\"><span style=\"font-size: medium;\"><b>\u00a0<\/b><\/span><\/span><\/span><span style=\"color: #0000cc;\"><span style=\"font-family: Arial,serif;\"><span style=\"font-size: medium;\"><b>mais espiras no prim\u00e1rio que no secund\u00e1rio. <\/b><\/span><\/span><\/span><span style=\"color: #c00000;\"><span style=\"font-family: Arial,serif;\"><span style=\"font-size: medium;\"><b>Desta forma eles<\/b><\/span><\/span><\/span><span style=\"color: #c00000;\"><span style=\"font-family: Arial,serif;\"><span style=\"font-size: medium;\"><b>\u00a0<\/b><\/span><\/span><\/span><span style=\"color: #0000cc;\"><span style=\"font-family: Arial,serif;\"><span style=\"font-size: medium;\"><b>diminuem a tens\u00e3o, sendo chamados de<\/b><\/span><\/span><\/span><span style=\"color: #0000cc;\"><span style=\"font-family: Arial,serif;\"><span style=\"font-size: medium;\"><b>\u00a0<\/b><\/span><\/span><\/span><span style=\"color: #0000cc;\"><span style=\"font-family: Arial,serif;\"><span style=\"font-size: medium;\"><b>redutores.<\/b><\/span><\/span><\/span><\/p>\n<p><span style=\"color: #0000cc;\"><span style=\"font-family: Arial,serif;\"><span style=\"font-size: medium;\"><b>Outros possuem<\/b><\/span><\/span><\/span><span style=\"color: #0000cc;\"><span style=\"font-family: Arial,serif;\"><span style=\"font-size: medium;\"><b>\u00a0<\/b><\/span><\/span><\/span><span style=\"color: #0000cc;\"><span style=\"font-family: Arial,serif;\"><span style=\"font-size: medium;\"><b>mais espiras no secund\u00e1rio, sendo chamados de elevadores, pois aumentam a tens\u00e3o.<\/b><\/span><\/span><\/span><\/p>\n<p><span style=\"color: #0000cc;\"><span style=\"font-family: Arial,serif;\"><span style=\"font-size: medium;\"><b>Em qualquer caso<\/b><\/span><\/span><\/span><span style=\"color: #0000cc;\"><span style=\"font-family: Arial,serif;\"><span style=\"font-size: medium;\"><b>, a pot\u00eancia dispon\u00edvel <\/b><\/span><\/span><\/span><span style=\"color: #c00000;\"><span style=\"font-family: Arial,serif;\"><span style=\"font-size: medium;\"><b>nos <\/b><\/span><\/span><\/span><span style=\"color: #0000cc;\"><span style=\"font-family: Arial,serif;\"><span style=\"font-size: medium;\"><b>terminais do secund\u00e1rio ser\u00e1 <\/b><\/span><\/span><\/span><span style=\"color: #c00000;\"><span style=\"font-family: Arial,serif;\"><span style=\"font-size: medium;\"><b>igual \u00e0 <\/b><\/span><\/span><\/span><span style=\"color: #0000cc;\"><span style=\"font-family: Arial,serif;\"><span style=\"font-size: medium;\"><b>do prim\u00e1rio.<\/b><\/span><\/span><\/span><\/p>\n<p><span style=\"color: #ff0000;\"><span style=\"font-family: Arial Black,serif;\"><span style=\"font-size: medium;\"><b>R- A<\/b><\/span><\/span><\/span><\/p>\n<p>&nbsp;<\/p>\n<h3><a title=\"UFSM 2017\" href=\"http:\/\/fisicaevestibular.com.br\/novo\/universidades-2017\/ufsm-2017\/\"><span style=\"color: #333399;\">Voltar para os exerc\u00edcios<\/span><\/a><\/h3>\n","protected":false},"excerpt":{"rendered":"<p>Resolu\u00e7\u00e3o comentada das quest\u00f5es de F\u00cdSICA da UFSM-RS-2017 01- A\u00a0teoria da relatividade especial \u00e9 constru\u00edda a partir do postulado do princ\u00edpio da relatividade de Einstein e do postulado da velocidade da luz: Primeiro Postulado \u201cAs leis da f\u00edsica devem ser exatamente as mesmas se descritas por observadores em diferentes referenciais inerciais. N\u00e3o existe um referencial inercial privilegiado (referencial absoluto)\u201d. Esse\u00a0postulado<\/p>\n","protected":false},"author":1,"featured_media":0,"parent":3111,"menu_order":0,"comment_status":"closed","ping_status":"closed","template":"","meta":{"om_disable_all_campaigns":false,"_monsterinsights_skip_tracking":false,"_monsterinsights_sitenote_active":false,"_monsterinsights_sitenote_note":"","_monsterinsights_sitenote_category":0,"footnotes":""},"class_list":["post-3113","page","type-page","status-publish","hentry"],"aioseo_notices":[],"_links":{"self":[{"href":"https:\/\/fisicaevestibular.com.br\/novo\/wp-json\/wp\/v2\/pages\/3113","targetHints":{"allow":["GET"]}}],"collection":[{"href":"https:\/\/fisicaevestibular.com.br\/novo\/wp-json\/wp\/v2\/pages"}],"about":[{"href":"https:\/\/fisicaevestibular.com.br\/novo\/wp-json\/wp\/v2\/types\/page"}],"author":[{"embeddable":true,"href":"https:\/\/fisicaevestibular.com.br\/novo\/wp-json\/wp\/v2\/users\/1"}],"replies":[{"embeddable":true,"href":"https:\/\/fisicaevestibular.com.br\/novo\/wp-json\/wp\/v2\/comments?post=3113"}],"version-history":[{"count":3,"href":"https:\/\/fisicaevestibular.com.br\/novo\/wp-json\/wp\/v2\/pages\/3113\/revisions"}],"predecessor-version":[{"id":3116,"href":"https:\/\/fisicaevestibular.com.br\/novo\/wp-json\/wp\/v2\/pages\/3113\/revisions\/3116"}],"up":[{"embeddable":true,"href":"https:\/\/fisicaevestibular.com.br\/novo\/wp-json\/wp\/v2\/pages\/3111"}],"wp:attachment":[{"href":"https:\/\/fisicaevestibular.com.br\/novo\/wp-json\/wp\/v2\/media?parent=3113"}],"curies":[{"name":"wp","href":"https:\/\/api.w.org\/{rel}","templated":true}]}}