{"id":3047,"date":"2017-05-30T03:06:42","date_gmt":"2017-05-30T03:06:42","guid":{"rendered":"http:\/\/fisicaevestibular.com.br\/novo\/?page_id=3047"},"modified":"2024-09-03T16:52:13","modified_gmt":"2024-09-03T16:52:13","slug":"resolucao-comentada-das-questoes-de-fisica-da-ueg-go-2017","status":"publish","type":"page","link":"https:\/\/fisicaevestibular.com.br\/novo\/universidades-2017\/ueg-2017\/resolucao-comentada-das-questoes-de-fisica-da-ueg-go-2017\/","title":{"rendered":"Resolu\u00e7\u00e3o comentada das quest\u00f5es de F\u00cdSICA da UEG-GO-2017"},"content":{"rendered":"<p align=\"CENTER\"><span style=\"color: #c00000;\"><span style=\"font-family: Arial Black,serif;\"><span style=\"font-size: medium;\"><b>Resolu\u00e7\u00e3o comentada das quest\u00f5es de F\u00cdSICA da <\/b><\/span><\/span><\/span><\/p>\n<p align=\"CENTER\"><span style=\"color: #0000cc;\"><span style=\"font-family: Arial Black,serif;\"><span style=\"font-size: medium;\"><b>UEG-GO-2017<\/b><\/span><\/span><\/span><\/p>\n<p><span style=\"color: #c00000;\"><span style=\"font-family: Arial Black,serif;\"><span style=\"font-size: large;\"><b>01- <\/b><\/span><\/span><\/span><span style=\"color: #c00000;\"><span style=\"font-family: Arial,serif;\"><span style=\"font-size: medium;\"><b>Sendo a <\/b><\/span><\/span><\/span><span style=\"color: #0000cc;\"><span style=\"font-family: Arial,serif;\"><span style=\"font-size: medium;\"><b>part\u00edcula com carga q positiva <\/b><\/span><\/span><\/span><span style=\"color: #c00000;\"><span style=\"font-family: Arial,serif;\"><span style=\"font-size: medium;\"><b>a <\/b><\/span><\/span><\/span><span style=\"color: #0000cc;\"><span style=\"font-family: Arial,serif;\"><span style=\"font-size: medium;\"><b>for\u00e7a el\u00e9trica sobre ela tem a mesma dire\u00e7\u00e3o e sentido do campo el\u00e9trico <\/b><\/span><\/span><\/span><span style=\"color: #c00000;\"><span style=\"font-family: Arial,serif;\"><span style=\"font-size: medium;\"><b>(vertical e para baixo).<\/b><\/span><\/span><\/span><\/p>\n<p><a name=\"_GoBack\"><\/a><span style=\"color: #c00000;\"><span style=\"font-family: Arial,serif;\"><span style=\"font-size: medium;\"><b>Para determinar a <\/b><\/span><\/span><\/span><span style=\"color: #0000cc;\"><span style=\"font-family: Arial,serif;\"><span style=\"font-size: medium;\"><b>dire\u00e7\u00e3o e sentido da for\u00e7a magn\u00e9tica <\/b><\/span><\/span><\/span><span style=\"color: #c00000;\"><span style=\"font-family: Arial,serif;\"><span style=\"font-size: medium;\"><b>voc\u00ea deve utilizar a <\/b><\/span><\/span><\/span><span style=\"color: #0000cc;\"><span style=\"font-family: Arial,serif;\"><span style=\"font-size: medium;\"><b>regra da m\u00e3o esquerda <\/b><\/span><\/span><\/span><span style=\"color: #c00000;\"><span style=\"font-family: Arial,serif;\"><span style=\"font-size: medium;\"><b>com o <\/b><\/span><\/span><\/span><span style=\"color: #0000cc;\"><span style=\"font-family: Arial,serif;\"><span style=\"font-size: medium;\"><b>campo magn\u00e9tico entrando na folha e a velocidade horizontal e para a direita <\/b><\/span><\/span><\/span><span style=\"color: #c00000;\"><span style=\"font-family: Arial,serif;\"><span style=\"font-size: medium;\"><b>(veja fisicaevestibular.com.br \u2013 eletricidade \u2013 eletromagnetismo- for\u00e7a magn\u00e9tica sobre cargas em movimento).<\/b><\/span><\/span><\/span><\/p>\n<p><span style=\"color: #c00000;\"><span style=\"font-family: Arial,serif;\"><span style=\"font-size: medium;\"><b>Pela <\/b><\/span><\/span><\/span><span style=\"color: #0000cc;\"><span style=\"font-family: Arial,serif;\"><span style=\"font-size: medium;\"><b>regra da m\u00e3o esquerda a for\u00e7a magn\u00e9tica ter\u00e1 dire\u00e7\u00e3o vertical e sentido para cima.<\/b><\/span><\/span><\/span><\/p>\n<p><span style=\"color: #c00000;\"><span style=\"font-family: Arial,serif;\"><span style=\"font-size: medium;\"><b>Assim, para que a <\/b><\/span><\/span><\/span><span style=\"color: #0000cc;\"><span style=\"font-family: Arial,serif;\"><span style=\"font-size: medium;\"><b>carga n\u00e3o sofra desvio na vertical a for\u00e7a el\u00e9trica <\/b><\/span><\/span><\/span><span style=\"color: #c00000;\"><span style=\"font-family: Arial,serif;\"><span style=\"font-size: medium;\"><b>(vertical e para baixo) e a <\/b><\/span><\/span><\/span><span style=\"color: #0000cc;\"><span style=\"font-family: Arial,serif;\"><span style=\"font-size: medium;\"><b>magn\u00e9tica <\/b><\/span><\/span><\/span><span style=\"color: #c00000;\"><span style=\"font-family: Arial,serif;\"><span style=\"font-size: medium;\"><b>(vertical e para cima)<\/b><\/span><\/span><\/span><span style=\"color: #0000cc;\"><span style=\"font-family: Arial,serif;\"><span style=\"font-size: medium;\"><b> devem se anular, ou seja, possu\u00edrem o mesmo m\u00f3dulo.<\/b><\/span><\/span><\/span><\/p>\n<p><span style=\"color: #ff0000;\"><span style=\"font-family: Arial Black,serif;\"><span style=\"font-size: medium;\"><b>R- B<\/b><\/span><\/span><\/span><\/p>\n<p><span style=\"color: #c00000;\"><span style=\"font-family: Arial Black,serif;\"><span style=\"font-size: large;\"><b>02- <\/b><\/span><\/span><\/span><span style=\"color: #0000cc;\"><span style=\"font-family: Arial,serif;\"><span style=\"font-size: medium;\"><b>\u2206L = <\/b><\/span><\/span><\/span><span style=\"color: #c00000;\"><span style=\"font-family: Arial,serif;\"><span style=\"font-size: medium;\"><b>8 mm <\/b><\/span><\/span><\/span><span style=\"color: #0000cc;\"><span style=\"font-family: Arial,serif;\"><span style=\"font-size: medium;\"><b>= 8.10<\/b><\/span><\/span><\/span><span style=\"color: #0000cc;\"><sup><span style=\"font-family: Arial,serif;\"><span style=\"font-size: medium;\"><b>-3<\/b><\/span><\/span><\/sup><\/span><b> <\/b><span style=\"color: #c00000;\"><span style=\"font-family: Arial,serif;\"><span style=\"font-size: medium;\"><b>m <img decoding=\"async\" src=\"http:\/\/fisicaevestibular.com.br\/novo\/wp-content\/\/uploads\/universidades-2017\/ueg\/UEG_html_8bc2df48.png\" alt=\"\" width=\"14\" height=\"9\" name=\"Imagem 18\" align=\"BOTTOM\" border=\"0\" \/> <\/b><\/span><\/span><\/span><span style=\"color: #0000cc;\"><span style=\"font-family: Arial,serif;\"><span style=\"font-size: medium;\"><b>L<\/b><\/span><\/span><\/span><span style=\"color: #0000cc;\"><sub><span style=\"font-family: Arial,serif;\"><span style=\"font-size: medium;\"><b>o<\/b><\/span><\/span><\/sub><\/span><span style=\"color: #0000cc;\"><span style=\"font-family: Arial,serif;\"><span style=\"font-size: medium;\"><b> = 5m <img decoding=\"async\" src=\"http:\/\/fisicaevestibular.com.br\/novo\/wp-content\/\/uploads\/universidades-2017\/ueg\/UEG_html_8bc2df48.png\" alt=\"\" width=\"14\" height=\"9\" name=\"Imagem 19\" align=\"BOTTOM\" border=\"0\" \/> <img decoding=\"async\" src=\"http:\/\/fisicaevestibular.com.br\/novo\/wp-content\/\/uploads\/universidades-2017\/ueg\/UEG_html_1d8ae8b1.gif\" alt=\"\" align=\"ABSMIDDLE\" hspace=\"8\" \/><\/b><\/span><\/span><\/span><span style=\"color: #0000cc;\"><span style=\"font-family: Arial,serif;\"><span style=\"font-size: medium;\"><b> = ? <img decoding=\"async\" src=\"http:\/\/fisicaevestibular.com.br\/novo\/wp-content\/\/uploads\/universidades-2017\/ueg\/UEG_html_8bc2df48.png\" alt=\"\" width=\"14\" height=\"9\" name=\"Imagem 20\" align=\"BOTTOM\" border=\"0\" \/> <img decoding=\"async\" src=\"http:\/\/fisicaevestibular.com.br\/novo\/wp-content\/\/uploads\/universidades-2017\/ueg\/UEG_html_415d3ef0.gif\" alt=\"\" align=\"ABSMIDDLE\" hspace=\"8\" \/><\/b><\/span><\/span><\/span><span style=\"color: #0000cc;\"><sub><span style=\"font-family: Arial,serif;\"><span style=\"font-size: medium;\"><b>o<\/b><\/span><\/span><\/sub><\/span><span style=\"color: #0000cc;\"><span style=\"font-family: Arial,serif;\"><span style=\"font-size: medium;\"><b> = 0 <\/b><\/span><\/span><\/span><span style=\"color: #0000cc;\"><sup><span style=\"font-family: Arial,serif;\"><span style=\"font-size: medium;\"><b>o<\/b><\/span><\/span><\/sup><\/span><span style=\"color: #0000cc;\"><span style=\"font-family: Arial,serif;\"><span style=\"font-size: medium;\"><b>C <img loading=\"lazy\" decoding=\"async\" src=\"http:\/\/fisicaevestibular.com.br\/novo\/wp-content\/\/uploads\/universidades-2017\/ueg\/UEG_html_8bc2df48.png\" alt=\"\" width=\"14\" height=\"9\" name=\"Imagem 21\" align=\"BOTTOM\" border=\"0\" \/> <img decoding=\"async\" src=\"http:\/\/fisicaevestibular.com.br\/novo\/wp-content\/\/uploads\/universidades-2017\/ueg\/UEG_html_415d3ef0.gif\" alt=\"\" align=\"ABSMIDDLE\" hspace=\"8\" \/> = 100<\/b><\/span><\/span><\/span><span style=\"color: #0000cc;\"><sup><span style=\"font-family: Arial,serif;\"><span style=\"font-size: medium;\"><b>o<\/b><\/span><\/span><\/sup><\/span><span style=\"color: #0000cc;\"><span style=\"font-family: Arial,serif;\"><span style=\"font-size: medium;\"><b>C.<\/b><\/span><\/span><\/span><\/p>\n<p><span style=\"color: #0000cc;\">\u2206<span style=\"font-family: Arial,serif;\"><span style=\"font-size: medium;\"><b>L = L<\/b><\/span><\/span><\/span><span style=\"color: #0000cc;\"><sub><span style=\"font-family: Arial,serif;\"><span style=\"font-size: medium;\"><b>o<\/b><\/span><\/span><\/sub><\/span><span style=\"color: #0000cc;\"><span style=\"font-family: Arial,serif;\"><span style=\"font-size: medium;\"><b>.<img decoding=\"async\" src=\"http:\/\/fisicaevestibular.com.br\/novo\/wp-content\/\/uploads\/universidades-2017\/ueg\/UEG_html_56cbdc81.gif\" alt=\"\" align=\"ABSMIDDLE\" hspace=\"8\" \/><\/b><\/span><\/span><\/span><span style=\"color: #0000cc;\"><span style=\"font-family: Arial,serif;\"><span style=\"font-size: medium;\"><b> \u2013 <img decoding=\"async\" src=\"http:\/\/fisicaevestibular.com.br\/novo\/wp-content\/\/uploads\/universidades-2017\/ueg\/UEG_html_415d3ef0.gif\" alt=\"\" align=\"ABSMIDDLE\" hspace=\"8\" \/><\/b><\/span><\/span><\/span><span style=\"color: #0000cc;\"><sub><span style=\"font-family: Arial,serif;\"><span style=\"font-size: medium;\"><b>o<\/b><\/span><\/span><\/sub><\/span><span style=\"color: #0000cc;\"><span style=\"font-family: Arial,serif;\"><span style=\"font-size: medium;\"><b>) <img loading=\"lazy\" decoding=\"async\" src=\"http:\/\/fisicaevestibular.com.br\/novo\/wp-content\/\/uploads\/universidades-2017\/ueg\/UEG_html_8bc2df48.png\" alt=\"\" width=\"14\" height=\"9\" name=\"Imagem 22\" align=\"BOTTOM\" border=\"0\" \/><\/b><\/span><\/span><\/span><span style=\"color: #c00000;\"><span style=\"font-family: Arial,serif;\"><span style=\"font-size: medium;\"><b> 8.10<\/b><\/span><\/span><\/span><span style=\"color: #c00000;\"><sup><span style=\"font-family: Arial,serif;\"><span style=\"font-size: medium;\"><b>-3<\/b><\/span><\/span><\/sup><\/span><span style=\"color: #c00000;\"><span style=\"font-family: Arial,serif;\"><span style=\"font-size: medium;\"><b> = 5.<img decoding=\"async\" src=\"http:\/\/fisicaevestibular.com.br\/novo\/wp-content\/\/uploads\/universidades-2017\/ueg\/UEG_html_7d5925e1.gif\" alt=\"\" align=\"ABSMIDDLE\" hspace=\"8\" \/>(100 \u2013 0) <img loading=\"lazy\" decoding=\"async\" src=\"http:\/\/fisicaevestibular.com.br\/novo\/wp-content\/\/uploads\/universidades-2017\/ueg\/UEG_html_8bc2df48.png\" alt=\"\" width=\"14\" height=\"9\" name=\"Imagem 23\" align=\"BOTTOM\" border=\"0\" \/> <img decoding=\"async\" src=\"http:\/\/fisicaevestibular.com.br\/novo\/wp-content\/\/uploads\/universidades-2017\/ueg\/UEG_html_1d8ae8b1.gif\" alt=\"\" align=\"ABSMIDDLE\" hspace=\"8\" \/>= <img decoding=\"async\" src=\"http:\/\/fisicaevestibular.com.br\/novo\/wp-content\/\/uploads\/universidades-2017\/ueg\/UEG_html_5646a436.gif\" alt=\"\" align=\"ABSMIDDLE\" hspace=\"8\" \/> <\/b><\/span><\/span><\/span><span style=\"color: #0000cc;\"><span style=\"font-family: Arial,serif;\"><span style=\"font-size: medium;\"><b>= 1,6.10<\/b><\/span><\/span><\/span><span style=\"color: #0000cc;\"><sup><span style=\"font-family: Arial,serif;\"><span style=\"font-size: medium;\"><b>-5<\/b><\/span><\/span><\/sup><\/span><b> <\/b><span style=\"color: #0000cc;\"><sup><span style=\"font-family: Arial,serif;\"><span style=\"font-size: medium;\"><b>o<\/b><\/span><\/span><\/sup><\/span><span style=\"color: #0000cc;\"><span style=\"font-family: Arial,serif;\"><span style=\"font-size: medium;\"><b>C<\/b><\/span><\/span><\/span><span style=\"color: #0000cc;\"><sup><span style=\"font-family: Arial,serif;\"><span style=\"font-size: medium;\"><b>-1<\/b><\/span><\/span><\/sup><\/span><span style=\"color: #0000cc;\"><span style=\"font-family: Arial,serif;\"><span style=\"font-size: medium;\"><b>.<\/b><\/span><\/span><\/span><\/p>\n<p><span style=\"color: #ff0000;\"><span style=\"font-family: Arial Black,serif;\"><span style=\"font-size: medium;\"><b>R- B <\/b><\/span><\/span><\/span><\/p>\n<p>&nbsp;<\/p>\n<h3><a title=\"UEG 2017\" href=\"http:\/\/fisicaevestibular.com.br\/novo\/universidades-2017\/ueg-2017\/\"><span style=\"color: #333399;\">Voltar para os exerc\u00edcios<\/span><\/a><\/h3>\n","protected":false},"excerpt":{"rendered":"<p>Resolu\u00e7\u00e3o comentada das quest\u00f5es de F\u00cdSICA da UEG-GO-2017 01- Sendo a part\u00edcula com carga q positiva a for\u00e7a el\u00e9trica sobre ela tem a mesma dire\u00e7\u00e3o e sentido do campo el\u00e9trico (vertical e para baixo). Para determinar a dire\u00e7\u00e3o e sentido da for\u00e7a magn\u00e9tica voc\u00ea deve utilizar a regra da m\u00e3o esquerda com o campo magn\u00e9tico entrando na folha e a<\/p>\n","protected":false},"author":1,"featured_media":0,"parent":3045,"menu_order":0,"comment_status":"closed","ping_status":"closed","template":"","meta":{"om_disable_all_campaigns":false,"_monsterinsights_skip_tracking":false,"_monsterinsights_sitenote_active":false,"_monsterinsights_sitenote_note":"","_monsterinsights_sitenote_category":0,"footnotes":""},"class_list":["post-3047","page","type-page","status-publish","hentry"],"aioseo_notices":[],"_links":{"self":[{"href":"https:\/\/fisicaevestibular.com.br\/novo\/wp-json\/wp\/v2\/pages\/3047","targetHints":{"allow":["GET"]}}],"collection":[{"href":"https:\/\/fisicaevestibular.com.br\/novo\/wp-json\/wp\/v2\/pages"}],"about":[{"href":"https:\/\/fisicaevestibular.com.br\/novo\/wp-json\/wp\/v2\/types\/page"}],"author":[{"embeddable":true,"href":"https:\/\/fisicaevestibular.com.br\/novo\/wp-json\/wp\/v2\/users\/1"}],"replies":[{"embeddable":true,"href":"https:\/\/fisicaevestibular.com.br\/novo\/wp-json\/wp\/v2\/comments?post=3047"}],"version-history":[{"count":1,"href":"https:\/\/fisicaevestibular.com.br\/novo\/wp-json\/wp\/v2\/pages\/3047\/revisions"}],"predecessor-version":[{"id":3048,"href":"https:\/\/fisicaevestibular.com.br\/novo\/wp-json\/wp\/v2\/pages\/3047\/revisions\/3048"}],"up":[{"embeddable":true,"href":"https:\/\/fisicaevestibular.com.br\/novo\/wp-json\/wp\/v2\/pages\/3045"}],"wp:attachment":[{"href":"https:\/\/fisicaevestibular.com.br\/novo\/wp-json\/wp\/v2\/media?parent=3047"}],"curies":[{"name":"wp","href":"https:\/\/api.w.org\/{rel}","templated":true}]}}