{"id":3045,"date":"2017-05-30T03:05:48","date_gmt":"2017-05-30T03:05:48","guid":{"rendered":"http:\/\/fisicaevestibular.com.br\/novo\/?page_id=3045"},"modified":"2024-09-03T16:51:17","modified_gmt":"2024-09-03T16:51:17","slug":"ueg-2017","status":"publish","type":"page","link":"https:\/\/fisicaevestibular.com.br\/novo\/universidades-2017\/ueg-2017\/","title":{"rendered":"UEG 2017"},"content":{"rendered":"<p align=\"CENTER\"><img decoding=\"async\" src=\"http:\/\/fisicaevestibular.com.br\/novo\/wp-content\/\/uploads\/universidades-2017\/ueg\/UEG_html_d137382c.png\" alt=\"\" width=\"185\" height=\"134\" name=\"Imagem 5\" align=\"BOTTOM\" border=\"0\" \/><\/p>\n<p align=\"CENTER\"><span style=\"color: #0000cc;\"><span style=\"font-family: Viner Hand ITC,serif;\"><span style=\"font-size: large;\"><b>Universidade Estadual de\u00a0<\/b><\/span><\/span><\/span><a href=\"https:\/\/pt.wikipedia.org\/wiki\/Goi%C3%A1s\"><span style=\"color: #0000cc;\"><span style=\"font-family: Viner Hand ITC,serif;\"><span style=\"font-size: large;\"><b>Goi\u00e1s<\/b><\/span><\/span><\/span><\/a><span style=\"color: #0000cc;\"><span style=\"font-family: Viner Hand ITC,serif;\"><span style=\"font-size: large;\"><b>\u00a0(UEG) \u00e9 uma institui\u00e7\u00e3o\u00a0<\/b><\/span><\/span><\/span><a href=\"https:\/\/pt.wikipedia.org\/wiki\/Brasil\"><span style=\"color: #0000cc;\"><span style=\"font-family: Viner Hand ITC,serif;\"><span style=\"font-size: large;\"><b>brasileira<\/b><\/span><\/span><\/span><\/a><span style=\"color: #0000cc;\"><span style=\"font-family: Viner Hand ITC,serif;\"><span style=\"font-size: large;\"><b>\u00a0de ensino e pesquisa mantida pelo governo do estado de\u00a0<\/b><\/span><\/span><\/span><a href=\"https:\/\/pt.wikipedia.org\/wiki\/Goi%C3%A1s\"><span style=\"color: #0000cc;\"><span style=\"font-family: Viner Hand ITC,serif;\"><span style=\"font-size: large;\"><b>Goi\u00e1s<\/b><\/span><\/span><\/span><\/a><span style=\"color: #0000cc;\"><span style=\"font-family: Viner Hand ITC,serif;\"><span style=\"font-size: large;\"><b>. A UEG tem sede na cidade de\u00a0<\/b><\/span><\/span><\/span><a href=\"https:\/\/pt.wikipedia.org\/wiki\/An%C3%A1polis\"><span style=\"color: #0000cc;\"><span style=\"font-family: Viner Hand ITC,serif;\"><span style=\"font-size: large;\"><b>An\u00e1polis<\/b><\/span><\/span><\/span><\/a><span style=\"color: #0000cc;\"><span style=\"font-family: Viner Hand ITC,serif;\"><span style=\"font-size: large;\"><b>, al\u00e9m de manter edif\u00edcios em v\u00e1rias cidades do estado.<\/b><\/span><\/span><\/span><\/p>\n<p align=\"CENTER\"><span style=\"color: #0000cc;\"><span style=\"font-family: Viner Hand ITC,serif;\"><span style=\"font-size: large;\"><b>A UEG oferece 36 cursos em 37 cidades, perfazendo um total de 128 cursos de gradua\u00e7\u00e3o, sendo 19 cursos de tecnologia, 77 cursos de licenciatura e 32 cursos de bacharelado.<\/b><\/span><\/span><\/span><\/p>\n<p><span style=\"color: #0000cc;\"><span style=\"font-family: Arial Black,serif;\"><span style=\"font-size: large;\">01-(UEG-GO-017)<\/span><\/span><\/span><\/p>\n<p><img fetchpriority=\"high\" decoding=\"async\" src=\"http:\/\/fisicaevestibular.com.br\/novo\/wp-content\/\/uploads\/universidades-2017\/ueg\/UEG_html_c274092e.png\" alt=\"\" width=\"655\" height=\"156\" name=\"Imagem 6\" align=\"BOTTOM\" border=\"0\" \/><\/p>\n<p><span style=\"color: #c00000;\"><span style=\"font-family: Arial,serif;\"><span style=\"font-size: medium;\"><b>Uma <\/b><\/span><\/span><\/span><span style=\"color: #0000cc;\"><span style=\"font-family: Arial,serif;\"><span style=\"font-size: medium;\"><b>part\u00edcula carregada positivamente<\/b><\/span><\/span><\/span><b> <\/b><span style=\"color: #0000cc;\"><span style=\"font-family: Arial,serif;\"><span style=\"font-size: medium;\"><b>atravessa<\/b><\/span><\/span><\/span><span style=\"color: #c00000;\"><span style=\"font-family: Arial,serif;\"><span style=\"font-size: medium;\"><b> uma <\/b><\/span><\/span><\/span><span style=\"color: #0000cc;\"><span style=\"font-family: Arial,serif;\"><span style=\"font-size: medium;\"><b>regi\u00e3o do espa\u00e7o <\/b><\/span><\/span><\/span><span style=\"color: #c00000;\"><span style=\"font-family: Arial,serif;\"><span style=\"font-size: medium;\"><b>ocupada por <\/b><\/span><\/span><\/span><span style=\"color: #0000cc;\"><span style=\"font-family: Arial,serif;\"><span style=\"font-size: medium;\"><b>um campo el\u00e9trico e um campo magn\u00e9tico, perpendiculares entre si, com velocidade constante <\/b><\/span><\/span><\/span><span style=\"color: #c00000;\"><span style=\"font-family: Arial,serif;\"><span style=\"font-size: medium;\"><b>conforme mostra a <\/b><\/span><\/span><\/span><span style=\"color: #0000cc;\"><span style=\"font-family: Arial,serif;\"><span style=\"font-size: medium;\"><b>figura a seguir. <\/b><\/span><\/span><\/span><img decoding=\"async\" src=\"http:\/\/fisicaevestibular.com.br\/novo\/wp-content\/\/uploads\/universidades-2017\/ueg\/UEG_html_6ce731aa.png\" alt=\"\" width=\"186\" height=\"167\" name=\"Imagem 4\" align=\"LEFT\" border=\"0\" hspace=\"12\" \/><\/p>\n<p><span style=\"color: #0000cc;\"><span style=\"font-family: Arial,serif;\"><span style=\"font-size: medium;\"><b>Durante <\/b><\/span><\/span><\/span><span style=\"color: #c00000;\"><span style=\"font-family: Arial,serif;\"><span style=\"font-size: medium;\"><b>a <\/b><\/span><\/span><\/span><span style=\"color: #0000cc;\"><span style=\"font-family: Arial,serif;\"><span style=\"font-size: medium;\"><b>passagem pelos campos a part\u00edcula n\u00e3o sofre desvio. <\/b><\/span><\/span><\/span><\/p>\n<p><span style=\"color: #0000cc;\"><span style=\"font-family: Arial,serif;\"><span style=\"font-size: medium;\"><b>Isso acontece porque <\/b><\/span><\/span><\/span><\/p>\n<p><span style=\"color: #0000cc;\"><span style=\"font-family: Arial,serif;\"><span style=\"font-size: medium;\"><b>a) <\/b><\/span><\/span><\/span><span style=\"color: #c00000;\"><span style=\"font-family: Arial,serif;\"><span style=\"font-size: medium;\"><b>o <\/b><\/span><\/span><\/span><span style=\"color: #0000cc;\"><span style=\"font-family: Arial,serif;\"><span style=\"font-size: medium;\"><b>vetor campo magn\u00e9tico <\/b><\/span><\/span><\/span><span style=\"color: #c00000;\"><span style=\"font-family: Arial,serif;\"><span style=\"font-size: medium;\"><b>\u00e9 maior que o <\/b><\/span><\/span><\/span><span style=\"color: #0000cc;\"><span style=\"font-family: Arial,serif;\"><span style=\"font-size: medium;\"><b>vetor campo el\u00e9trico. <\/b><\/span><\/span><\/span><\/p>\n<p><span style=\"color: #0000cc;\"><span style=\"font-family: Arial,serif;\"><span style=\"font-size: medium;\"><b>b) <\/b><\/span><\/span><\/span><span style=\"color: #c00000;\"><span style=\"font-family: Arial,serif;\"><span style=\"font-size: medium;\"><b>a <\/b><\/span><\/span><\/span><span style=\"color: #0000cc;\"><span style=\"font-family: Arial,serif;\"><span style=\"font-size: medium;\"><b>for\u00e7a magn\u00e9tica e a el\u00e9trica possuem mesmo m\u00f3dulo.<\/b><\/span><\/span><\/span><b> <\/b><\/p>\n<p><span style=\"color: #0000cc;\"><span style=\"font-family: Arial,serif;\"><span style=\"font-size: medium;\"><b>c) <\/b><\/span><\/span><\/span><span style=\"color: #c00000;\"><span style=\"font-family: Arial,serif;\"><span style=\"font-size: medium;\"><b>o <\/b><\/span><\/span><\/span><span style=\"color: #0000cc;\"><span style=\"font-family: Arial,serif;\"><span style=\"font-size: medium;\"><b>campo el\u00e9trico <\/b><\/span><\/span><\/span><span style=\"color: #c00000;\"><span style=\"font-family: Arial,serif;\"><span style=\"font-size: medium;\"><b>\u00e9 inversamente proporcional <\/b><\/span><\/span><\/span><span style=\"color: #0000cc;\"><span style=\"font-family: Arial,serif;\"><span style=\"font-size: medium;\"><b>\u00e0 velocidade. <\/b><\/span><\/span><\/span><\/p>\n<p><span style=\"color: #0000cc;\"><span style=\"font-family: Arial,serif;\"><span style=\"font-size: medium;\"><b>d) <\/b><\/span><\/span><\/span><span style=\"color: #c00000;\"><span style=\"font-family: Arial,serif;\"><span style=\"font-size: medium;\"><b>a <\/b><\/span><\/span><\/span><span style=\"color: #0000cc;\"><span style=\"font-family: Arial,serif;\"><span style=\"font-size: medium;\"><b>acelera\u00e7\u00e3o da part\u00edcula<\/b><\/span><\/span><\/span><span style=\"color: #c00000;\"><span style=\"font-family: Arial,serif;\"><span style=\"font-size: medium;\"><b> durante a <\/b><\/span><\/span><\/span><span style=\"color: #0000cc;\"><span style=\"font-family: Arial,serif;\"><span style=\"font-size: medium;\"><b>passagem \u00e9 constante. <\/b><\/span><\/span><\/span><\/p>\n<p><span style=\"color: #0000cc;\"><span style=\"font-family: Arial,serif;\"><span style=\"font-size: medium;\"><b>e) <\/b><\/span><\/span><\/span><span style=\"color: #c00000;\"><span style=\"font-family: Arial,serif;\"><span style=\"font-size: medium;\"><b>o <\/b><\/span><\/span><\/span><span style=\"color: #0000cc;\"><span style=\"font-family: Arial,serif;\"><span style=\"font-size: medium;\"><b>vetor campo el\u00e9trico e magn\u00e9tico<\/b><\/span><\/span><\/span><span style=\"color: #c00000;\"><span style=\"font-family: Arial,serif;\"><span style=\"font-size: medium;\"><b> s\u00e3o <\/b><\/span><\/span><\/span><span style=\"color: #0000cc;\"><span style=\"font-family: Arial,serif;\"><span style=\"font-size: medium;\"><b>perpendiculares.<\/b><\/span><\/span><\/span><\/p>\n<p><span style=\"color: #0000cc;\"><span style=\"font-family: Arial Black,serif;\"><span style=\"font-size: large;\">02-(UEG-GO-017)<\/span><\/span><\/span><\/p>\n<p><img loading=\"lazy\" decoding=\"async\" src=\"http:\/\/fisicaevestibular.com.br\/novo\/wp-content\/\/uploads\/universidades-2017\/ueg\/UEG_html_64c87ab8.png\" alt=\"\" width=\"775\" height=\"182\" name=\"Imagem 2\" align=\"BOTTOM\" border=\"0\" \/><\/p>\n<p><span style=\"color: #c00000;\"><span style=\"font-family: Arial,serif;\"><span style=\"font-size: medium;\"><b>O <\/b><\/span><\/span><\/span><span style=\"color: #0000cc;\"><span style=\"font-family: Arial,serif;\"><span style=\"font-size: medium;\"><b>gr\u00e1fico a seguir descreve a mudan\u00e7a no comprimento em fun\u00e7\u00e3o da varia\u00e7\u00e3o da temperatura <\/b><\/span><\/span><\/span><span style=\"color: #c00000;\"><span style=\"font-family: Arial,serif;\"><span style=\"font-size: medium;\"><b>em uma <\/b><\/span><\/span><\/span><span style=\"color: #0000cc;\"><span style=\"font-family: Arial,serif;\"><span style=\"font-size: medium;\"><b>barra met\u00e1lica.<\/b><\/span><\/span><\/span><\/p>\n<p align=\"CENTER\"><img loading=\"lazy\" decoding=\"async\" src=\"http:\/\/fisicaevestibular.com.br\/novo\/wp-content\/\/uploads\/universidades-2017\/ueg\/UEG_html_a2651523.png\" alt=\"\" width=\"455\" height=\"156\" name=\"Imagem 8\" align=\"BOTTOM\" border=\"0\" \/><\/p>\n<p><span style=\"color: #c00000;\"><span style=\"font-family: Arial,serif;\"><span style=\"font-size: medium;\"><b>Se essa <\/b><\/span><\/span><\/span><span style=\"color: #0000cc;\"><span style=\"font-family: Arial,serif;\"><span style=\"font-size: medium;\"><b>barra possuir inicialmente 5,0 metros, <\/b><\/span><\/span><\/span><span style=\"color: #c00000;\"><span style=\"font-family: Arial,serif;\"><span style=\"font-size: medium;\"><b>o seu <\/b><\/span><\/span><\/span><span style=\"color: #0000cc;\"><span style=\"font-family: Arial,serif;\"><span style=\"font-size: medium;\"><b>coeficiente de dilata\u00e7\u00e3o, <\/b><\/span><\/span><\/span><span style=\"color: #c00000;\"><span style=\"font-family: Arial,serif;\"><span style=\"font-size: medium;\"><b>em <\/b><\/span><\/span><\/span><span style=\"color: #0000cc;\"><span style=\"font-family: Arial,serif;\"><span style=\"font-size: medium;\"><b>10<\/b><\/span><\/span><\/span><span style=\"color: #0000cc;\"><sup><span style=\"font-family: Arial,serif;\"><span style=\"font-size: medium;\"><b>-5<\/b><\/span><\/span><\/sup><\/span><b> <\/b><span style=\"color: #0000cc;\"><sup><span style=\"font-family: Arial,serif;\"><span style=\"font-size: medium;\"><b>o<\/b><\/span><\/span><\/sup><\/span><span style=\"color: #0000cc;\"><span style=\"font-family: Arial,serif;\"><span style=\"font-size: medium;\"><b>C<\/b><\/span><\/span><\/span><span style=\"color: #0000cc;\"><sup><span style=\"font-family: Arial,serif;\"><span style=\"font-size: medium;\"><b>-1<\/b><\/span><\/span><\/sup><\/span><span style=\"color: #c00000;\"><span style=\"font-family: Arial,serif;\"><span style=\"font-size: medium;\"><b>, ser\u00e1 de<\/b><\/span><\/span><\/span><\/p>\n<p><img loading=\"lazy\" decoding=\"async\" src=\"http:\/\/fisicaevestibular.com.br\/novo\/wp-content\/\/uploads\/universidades-2017\/ueg\/UEG_html_2ea8ec91.png\" alt=\"\" width=\"711\" height=\"26\" name=\"Imagem 9\" align=\"BOTTOM\" border=\"0\" \/><\/p>\n<p>&nbsp;<\/p>\n<h3><a title=\"Resolu\u00e7\u00e3o comentada das quest\u00f5es de F\u00cdSICA da UEG-GO-2017\" href=\"http:\/\/fisicaevestibular.com.br\/novo\/universidades-2017\/ueg-2017\/resolucao-comentada-das-questoes-de-fisica-da-ueg-go-2017\/\"><span style=\"color: #000080;\">Confira as resolu\u00e7\u00f5es comentadas<\/span><\/a><\/h3>\n","protected":false},"excerpt":{"rendered":"<p>Universidade Estadual de\u00a0Goi\u00e1s\u00a0(UEG) \u00e9 uma institui\u00e7\u00e3o\u00a0brasileira\u00a0de ensino e pesquisa mantida pelo governo do estado de\u00a0Goi\u00e1s. A UEG tem sede na cidade de\u00a0An\u00e1polis, al\u00e9m de manter edif\u00edcios em v\u00e1rias cidades do estado. A UEG oferece 36 cursos em 37 cidades, perfazendo um total de 128 cursos de gradua\u00e7\u00e3o, sendo 19 cursos de tecnologia, 77 cursos de licenciatura e 32 cursos de<\/p>\n","protected":false},"author":1,"featured_media":0,"parent":2648,"menu_order":0,"comment_status":"closed","ping_status":"closed","template":"","meta":{"om_disable_all_campaigns":false,"_monsterinsights_skip_tracking":false,"_monsterinsights_sitenote_active":false,"_monsterinsights_sitenote_note":"","_monsterinsights_sitenote_category":0,"footnotes":""},"class_list":["post-3045","page","type-page","status-publish","hentry"],"aioseo_notices":[],"_links":{"self":[{"href":"https:\/\/fisicaevestibular.com.br\/novo\/wp-json\/wp\/v2\/pages\/3045","targetHints":{"allow":["GET"]}}],"collection":[{"href":"https:\/\/fisicaevestibular.com.br\/novo\/wp-json\/wp\/v2\/pages"}],"about":[{"href":"https:\/\/fisicaevestibular.com.br\/novo\/wp-json\/wp\/v2\/types\/page"}],"author":[{"embeddable":true,"href":"https:\/\/fisicaevestibular.com.br\/novo\/wp-json\/wp\/v2\/users\/1"}],"replies":[{"embeddable":true,"href":"https:\/\/fisicaevestibular.com.br\/novo\/wp-json\/wp\/v2\/comments?post=3045"}],"version-history":[{"count":3,"href":"https:\/\/fisicaevestibular.com.br\/novo\/wp-json\/wp\/v2\/pages\/3045\/revisions"}],"predecessor-version":[{"id":3050,"href":"https:\/\/fisicaevestibular.com.br\/novo\/wp-json\/wp\/v2\/pages\/3045\/revisions\/3050"}],"up":[{"embeddable":true,"href":"https:\/\/fisicaevestibular.com.br\/novo\/wp-json\/wp\/v2\/pages\/2648"}],"wp:attachment":[{"href":"https:\/\/fisicaevestibular.com.br\/novo\/wp-json\/wp\/v2\/media?parent=3045"}],"curies":[{"name":"wp","href":"https:\/\/api.w.org\/{rel}","templated":true}]}}