{"id":301,"date":"2014-12-17T13:56:53","date_gmt":"2014-12-17T13:56:53","guid":{"rendered":"http:\/\/fisicaevestibular.com.br\/novo\/?page_id=301"},"modified":"2024-09-02T17:00:29","modified_gmt":"2024-09-02T17:00:29","slug":"resolucao-comentada-da-unb-2015","status":"publish","type":"page","link":"https:\/\/fisicaevestibular.com.br\/novo\/universidades-2015\/exercicios-da-unb-2015\/resolucao-comentada-da-unb-2015\/","title":{"rendered":"Resolu\u00e7\u00e3o comentada da UnB 2015"},"content":{"rendered":"<p align=\"CENTER\"><span style=\"color: #0000cc;\"><span style=\"font-family: Arial Black,serif;\"><span style=\"font-size: large;\">RESOLU\u00c7\u00d5ES<\/span><\/span><\/span><\/p>\n<p><span style=\"color: #0000cc;\"><span style=\"font-family: Arial Black,serif;\"><span style=\"font-size: large;\"><b>01- <\/b><\/span><\/span><\/span><\/p>\n<p><img fetchpriority=\"high\" decoding=\"async\" src=\"http:\/\/fisicaevestibular.com.br\/novo\/wp-content\/uploads\/universidades-2015\/unb\/i_6af8100af71f1ec7_html_46ce4d91.png\" alt=\"\" width=\"765\" height=\"458\" name=\"Imagem 5\" align=\"BOTTOM\" border=\"0\" \/><\/p>\n<p><span style=\"color: #0000cc;\"><span style=\"font-family: Arial Black,serif;\"><span style=\"font-size: large;\"><b>02- <\/b><\/span><\/span><\/span><\/p>\n<p><img decoding=\"async\" src=\"http:\/\/fisicaevestibular.com.br\/novo\/wp-content\/uploads\/universidades-2015\/unb\/i_6af8100af71f1ec7_html_m5e0a992c.png\" alt=\"\" width=\"765\" height=\"393\" name=\"Imagem 6\" align=\"BOTTOM\" border=\"0\" \/><\/p>\n<p><img decoding=\"async\" src=\"http:\/\/fisicaevestibular.com.br\/novo\/wp-content\/uploads\/universidades-2015\/unb\/i_6af8100af71f1ec7_html_57ec6cb2.png\" alt=\"\" width=\"765\" height=\"91\" name=\"Imagem 41\" align=\"BOTTOM\" border=\"0\" \/><\/p>\n<p><span style=\"color: #0000cc;\"><span style=\"font-family: Arial Black,serif;\"><span style=\"font-size: large;\"><b>03- <\/b><\/span><\/span><\/span><\/p>\n<p><img loading=\"lazy\" decoding=\"async\" src=\"http:\/\/fisicaevestibular.com.br\/novo\/wp-content\/uploads\/universidades-2015\/unb\/i_6af8100af71f1ec7_html_ma9ff925.png\" alt=\"\" width=\"765\" height=\"264\" name=\"Imagem 46\" align=\"BOTTOM\" border=\"0\" \/><\/p>\n<p><span style=\"color: #0000cc;\"><span style=\"font-family: Arial Black,serif;\"><span style=\"font-size: large;\"><b>04- <\/b><\/span><\/span><\/span><\/p>\n<p><img loading=\"lazy\" decoding=\"async\" src=\"http:\/\/fisicaevestibular.com.br\/novo\/wp-content\/uploads\/universidades-2015\/unb\/i_6af8100af71f1ec7_html_m6352f1c.png\" alt=\"\" width=\"765\" height=\"196\" name=\"Imagem 53\" align=\"BOTTOM\" border=\"0\" \/><\/p>\n<p><img loading=\"lazy\" decoding=\"async\" src=\"http:\/\/fisicaevestibular.com.br\/novo\/wp-content\/uploads\/universidades-2015\/unb\/i_6af8100af71f1ec7_html_m6dce6d8a.png\" alt=\"\" width=\"765\" height=\"174\" name=\"Imagem 55\" align=\"BOTTOM\" border=\"0\" \/><\/p>\n<p><img loading=\"lazy\" decoding=\"async\" src=\"http:\/\/fisicaevestibular.com.br\/novo\/wp-content\/uploads\/universidades-2015\/unb\/i_6af8100af71f1ec7_html_71e2c173.png\" alt=\"\" width=\"764\" height=\"72\" name=\"Imagem 56\" align=\"BOTTOM\" border=\"0\" \/><\/p>\n<p><span style=\"color: #0000cc;\"><span style=\"font-family: Arial Black,serif;\"><span style=\"font-size: large;\"><b>05- <\/b><\/span><\/span><\/span><\/p>\n<p><img loading=\"lazy\" decoding=\"async\" src=\"http:\/\/fisicaevestibular.com.br\/novo\/wp-content\/uploads\/universidades-2015\/unb\/i_6af8100af71f1ec7_html_5c340593.png\" alt=\"\" width=\"765\" height=\"253\" name=\"Imagem 3\" align=\"BOTTOM\" border=\"0\" \/><\/p>\n<p><span style=\"color: #0000cc;\"><span style=\"font-family: Arial Black,serif;\"><span style=\"font-size: large;\"><b>06- <\/b><\/span><\/span><\/span><\/p>\n<p><img loading=\"lazy\" decoding=\"async\" src=\"http:\/\/fisicaevestibular.com.br\/novo\/wp-content\/uploads\/universidades-2015\/unb\/i_6af8100af71f1ec7_html_m55645fa9.png\" alt=\"\" width=\"765\" height=\"254\" name=\"Imagem 58\" align=\"BOTTOM\" border=\"0\" \/><\/p>\n<p><span style=\"color: #0000cc;\"><span style=\"font-family: Arial Black,serif;\"><span style=\"font-size: large;\"><b>07- <\/b><\/span><\/span><\/span><\/p>\n<p><img loading=\"lazy\" decoding=\"async\" src=\"http:\/\/fisicaevestibular.com.br\/novo\/wp-content\/uploads\/universidades-2015\/unb\/i_6af8100af71f1ec7_html_cb7c2d.png\" alt=\"\" width=\"765\" height=\"182\" name=\"Imagem 59\" align=\"BOTTOM\" border=\"0\" \/><\/p>\n<p><span style=\"color: #943634;\"><span style=\"font-family: Arial,serif;\"><span style=\"font-size: medium;\"><b>For\u00e7a resultante<\/b><\/span><\/span><\/span><span style=\"color: #0000cc;\"><span style=\"font-family: Arial,serif;\"><span style=\"font-size: medium;\"><b> sobre o conjunto ciclista + bicicleta de massa <\/b><\/span><\/span><\/span><span style=\"color: #943634;\"><span style=\"font-family: Arial,serif;\"><span style=\"font-size: medium;\"><b>m = 10 + 70 = 80kg<\/b><\/span><\/span><\/span><b> <\/b><span style=\"color: #943634;\"><span style=\"font-family: Arial,serif;\"><span style=\"font-size: medium;\"><b>F<\/b><\/span><\/span><\/span><span style=\"color: #943634;\"><sub><span style=\"font-family: Arial,serif;\"><span style=\"font-size: medium;\"><b>R<\/b><\/span><\/span><\/sub><\/span><span style=\"color: #943634;\"><span style=\"font-family: Arial,serif;\"><span style=\"font-size: medium;\"><b> = m.a =<\/b><\/span><\/span><\/span><span style=\"color: #0000cc;\"><span style=\"font-family: Arial,serif;\"><span style=\"font-size: medium;\"><b> 80.2 <\/b><\/span><\/span><\/span><span style=\"color: #943634;\"><span style=\"font-family: Arial,serif;\"><span style=\"font-size: medium;\"><b>F<\/b><\/span><\/span><\/span><span style=\"color: #943634;\"><sub><span style=\"font-family: Arial,serif;\"><span style=\"font-size: medium;\"><b>R<\/b><\/span><\/span><\/sub><\/span><span style=\"color: #943634;\"><span style=\"font-family: Arial,serif;\"><span style=\"font-size: medium;\"><b> = 160N<\/b><\/span><\/span><\/span><span style=\"color: #0000cc;\"><span style=\"font-family: Arial,serif;\"><span style=\"font-size: medium;\"><b>.<\/b><\/span><\/span><\/span><\/p>\n<p><span style=\"color: #0000cc;\"><span style=\"font-family: Arial,serif;\"><span style=\"font-size: medium;\"><b>O t<\/b><\/span><\/span><\/span><span style=\"color: #943634;\"><span style=\"font-family: Arial,serif;\"><span style=\"font-size: medium;\"><b>rabalho<\/b><\/span><\/span><\/span><span style=\"color: #0000cc;\"><span style=\"font-family: Arial,serif;\"><span style=\"font-size: medium;\"><b> \u00e9 fornecido por <\/b><\/span><\/span><\/span><span style=\"color: #943634;\"><span style=\"font-family: Arial,serif;\"><span style=\"font-size: medium;\"><b>W = F.d <\/b><\/span><\/span><\/span><span style=\"color: #0000cc;\"><span style=\"font-family: Arial,serif;\"><span style=\"font-size: medium;\"><b>= 160.4 <\/b><\/span><\/span><\/span><span style=\"color: #943634;\"><span style=\"font-family: Arial,serif;\"><span style=\"font-size: medium;\"><b>W =<\/b><\/span><\/span><\/span><span style=\"color: #0000cc;\"><span style=\"font-family: Arial,serif;\"><span style=\"font-size: medium;\"><b> 640J x 0,1 = <\/b><\/span><\/span><\/span><span style=\"color: #943634;\"><span style=\"font-family: Arial,serif;\"><span style=\"font-size: medium;\"><b>64J.<\/b><\/span><\/span><\/span><\/p>\n<p><span style=\"color: #0000cc;\"><span style=\"font-family: Arial Black,serif;\"><span style=\"font-size: large;\"><b>08- <\/b><\/span><\/span><\/span><\/p>\n<p><img loading=\"lazy\" decoding=\"async\" src=\"http:\/\/fisicaevestibular.com.br\/novo\/wp-content\/uploads\/universidades-2015\/unb\/i_6af8100af71f1ec7_html_m54dea223.png\" alt=\"\" width=\"775\" height=\"202\" name=\"Imagem 60\" align=\"BOTTOM\" border=\"0\" \/><\/p>\n<p><span style=\"color: #0000cc;\"><span style=\"font-family: Arial Black,serif;\"><span style=\"font-size: large;\"><b>09- <\/b><\/span><\/span><\/span><\/p>\n<p><img loading=\"lazy\" decoding=\"async\" src=\"http:\/\/fisicaevestibular.com.br\/novo\/wp-content\/uploads\/universidades-2015\/unb\/i_6af8100af71f1ec7_html_m7e4739b7.png\" alt=\"\" width=\"779\" height=\"263\" name=\"Imagem 61\" align=\"BOTTOM\" border=\"0\" \/><\/p>\n<p><span style=\"color: #943634;\"><span style=\"font-family: Arial,serif;\"><span style=\"font-size: medium;\"><b>Observa\u00e7\u00f5es:<\/b><\/span><\/span><\/span><\/p>\n<p><span style=\"color: #943634;\"><span style=\"font-family: Arial,serif;\"><span style=\"font-size: medium;\"><b>&#8211;<\/b><\/span><\/span><\/span><span style=\"color: #0000cc;\"><span style=\"font-family: Arial,serif;\"><span style=\"font-size: medium;\"><b> As for\u00e7a na <\/b><\/span><\/span><\/span><span style=\"color: #943634;\"><span style=\"font-family: Arial,serif;\"><span style=\"font-size: medium;\"><b>dire\u00e7\u00e3o do movimento<\/b><\/span><\/span><\/span><span style=\"color: #0000cc;\"><span style=\"font-family: Arial,serif;\"><span style=\"font-size: medium;\"><b>, for\u00e7a de atrito <\/b><\/span><\/span><\/span><span style=\"color: #943634;\"><span style=\"font-family: Arial,serif;\"><span style=\"font-size: medium;\"><b>(entrando na folha)<\/b><\/span><\/span><\/span><span style=\"color: #0000cc;\"><span style=\"font-family: Arial,serif;\"><span style=\"font-size: medium;\"><b> e a for\u00e7a motora <\/b><\/span><\/span><\/span><span style=\"color: #943634;\"><span style=\"font-family: Arial,serif;\"><span style=\"font-size: medium;\"><b>(saindo da<\/b><\/span><\/span><\/span><b> <\/b><span style=\"color: #943634;\"><span style=\"font-family: Arial,serif;\"><span style=\"font-size: medium;\"><b>folha)<\/b><\/span><\/span><\/span><span style=\"color: #0000cc;\"><span style=\"font-family: Arial,serif;\"><span style=\"font-size: medium;\"><b> se anulam, pois o sistema, pelo enunciado se move com <\/b><\/span><\/span><\/span><span style=\"color: #943634;\"><span style=\"font-family: Arial,serif;\"><span style=\"font-size: medium;\"><b>velocidade constante<\/b><\/span><\/span><\/span><span style=\"color: #0000cc;\"><span style=\"font-family: Arial,serif;\"><span style=\"font-size: medium;\"><b> (equil\u00edbrio din\u00e2mico, for\u00e7a resultante nula).<\/b><\/span><\/span><\/span><\/p>\n<p><span style=\"color: #943634;\"><span style=\"font-family: Arial,serif;\"><span style=\"font-size: medium;\"><b>&#8211; <\/b><\/span><\/span><\/span><span style=\"color: #0000cc;\"><span style=\"font-family: Arial,serif;\"><span style=\"font-size: medium;\"><b>A <\/b><\/span><\/span><\/span><span style=\"color: #943634;\"><span style=\"font-family: Arial,serif;\"><span style=\"font-size: medium;\"><b>soma vetorial das fo\u00e7as normal e peso <\/b><\/span><\/span><\/span><span style=\"color: #0000cc;\"><span style=\"font-family: Arial,serif;\"><span style=\"font-size: medium;\"><b>fornecem a for\u00e7a <\/b><\/span><\/span><\/span><span style=\"color: #943634;\"><span style=\"font-family: Arial,serif;\"><span style=\"font-size: medium;\"><b>resultante centr\u00edpeta dirigida<\/b><\/span><\/span><\/span><span style=\"color: #0000cc;\"><span style=\"font-family: Arial,serif;\"><span style=\"font-size: medium;\"><b> para o <\/b><\/span><\/span><\/span><\/p>\n<p align=\"CENTER\"><img loading=\"lazy\" decoding=\"async\" src=\"http:\/\/fisicaevestibular.com.br\/novo\/wp-content\/uploads\/universidades-2015\/unb\/i_6af8100af71f1ec7_html_m105836ab.png\" alt=\"\" width=\"206\" height=\"189\" name=\"Imagem 62\" align=\"BOTTOM\" border=\"0\" \/><\/p>\n<p><span style=\"color: #943634;\"><span style=\"font-family: Arial,serif;\"><span style=\"font-size: medium;\"><b>centro C<\/b><\/span><\/span><\/span><span style=\"color: #0000cc;\"><span style=\"font-family: Arial,serif;\"><span style=\"font-size: medium;\"><b> da circunfer\u00eancia <\/b><\/span><\/span><\/span><span style=\"color: #943634;\"><span style=\"font-family: Arial,serif;\"><span style=\"font-size: medium;\"><b>de raio R<\/b><\/span><\/span><\/span><span style=\"color: #0000cc;\"><span style=\"font-family: Arial,serif;\"><span style=\"font-size: medium;\"><b> conforme voc\u00ea pode observar na figura.<\/b><\/span><\/span><\/span><\/p>\n<p><span style=\"color: #0000cc;\"><span style=\"font-family: Arial Black,serif;\"><span style=\"font-size: large;\"><b>10- <\/b><\/span><\/span><\/span><span style=\"color: #943634;\"><span style=\"font-family: Arial,serif;\"><span style=\"font-size: medium;\"><b>V<\/b><\/span><\/span><\/span><span style=\"color: #943634;\"><sub><span style=\"font-family: Arial,serif;\"><span style=\"font-size: medium;\"><b>o<\/b><\/span><\/span><\/sub><\/span><span style=\"color: #943634;\"><span style=\"font-family: Arial,serif;\"><span style=\"font-size: medium;\"><b> =<\/b><\/span><\/span><\/span><span style=\"color: #0000cc;\"><span style=\"font-family: Arial,serif;\"><span style=\"font-size: medium;\"><b> 43,2km\/h\/3,6=<\/b><\/span><\/span><\/span><span style=\"color: #943634;\"><span style=\"font-family: Arial,serif;\"><span style=\"font-size: medium;\"><b>12m\/s.<\/b><\/span><\/span><\/span><\/p>\n<p><span style=\"color: #943634;\"><span style=\"font-family: Arial,serif;\"><span style=\"font-size: medium;\"><b>Na vertical a=g=10m\/s<\/b><\/span><\/span><\/span><span style=\"color: #943634;\"><sup><span style=\"font-family: Arial,serif;\"><span style=\"font-size: medium;\"><b>2<\/b><\/span><\/span><\/sup><\/span><b> <\/b><b> <\/b><span style=\"color: #943634;\"><span style=\"font-family: Arial,serif;\"><span style=\"font-size: medium;\"><b>V<\/b><\/span><\/span><\/span><span style=\"color: #943634;\"><sub><span style=\"font-family: Arial,serif;\"><span style=\"font-size: medium;\"><b>oy<\/b><\/span><\/span><\/sub><\/span><span style=\"color: #943634;\"><span style=\"font-family: Arial,serif;\"><span style=\"font-size: medium;\"><b> = V<\/b><\/span><\/span><\/span><span style=\"color: #943634;\"><sub><span style=\"font-family: Arial,serif;\"><span style=\"font-size: medium;\"><b>o<\/b><\/span><\/span><\/sub><\/span><span style=\"color: #943634;\"><span style=\"font-family: Arial,serif;\"><span style=\"font-size: medium;\"><b>.sen30<\/b><\/span><\/span><\/span><span style=\"color: #943634;\"><sup><span style=\"font-family: Arial,serif;\"><span style=\"font-size: medium;\"><b>o<\/b><\/span><\/span><\/sup><\/span><span style=\"color: #0000cc;\"><span style=\"font-family: Arial,serif;\"><span style=\"font-size: medium;\"><b>=12.0,5=<\/b><\/span><\/span><\/span><span style=\"color: #943634;\"><span style=\"font-family: Arial,serif;\"><span style=\"font-size: medium;\"><b>6m\/s<\/b><\/span><\/span><\/span><span style=\"color: #0000cc;\"><span style=\"font-family: Arial,serif;\"><span style=\"font-size: medium;\"><b> na <\/b><\/span><\/span><\/span><span style=\"color: #943634;\"><span style=\"font-family: Arial,serif;\"><span style=\"font-size: medium;\"><b>altura m\u00e1xima<\/b><\/span><\/span><\/span><span style=\"color: #0000cc;\"><span style=\"font-family: Arial,serif;\"><span style=\"font-size: medium;\"><b> (ponto mais alto da trajet\u00f3ria) a componente <\/b><\/span><\/span><\/span><span style=\"color: #943634;\"><span style=\"font-family: Arial,serif;\"><span style=\"font-size: medium;\"><b>vertical da velocidade \u00e9 nula V<\/b><\/span><\/span><\/span><span style=\"color: #943634;\"><sub><span style=\"font-family: Arial,serif;\"><span style=\"font-size: medium;\"><b>y<\/b><\/span><\/span><\/sub><\/span><span style=\"color: #943634;\"><span style=\"font-family: Arial,serif;\"><span style=\"font-size: medium;\"><b> = 0.<\/b><\/span><\/span><\/span><\/p>\n<p><span style=\"color: #0000cc;\"><span style=\"font-family: Arial,serif;\"><span style=\"font-size: medium;\"><b>Equa\u00e7\u00e3o de Torricelli <\/b><\/span><\/span><\/span><span style=\"color: #943634;\"><span style=\"font-family: Arial,serif;\"><span style=\"font-size: medium;\"><b>V<\/b><\/span><\/span><\/span><span style=\"color: #943634;\"><sub><span style=\"font-family: Arial,serif;\"><span style=\"font-size: medium;\"><b>y<\/b><\/span><\/span><\/sub><\/span><span style=\"color: #943634;\"><sup><span style=\"font-family: Arial,serif;\"><span style=\"font-size: medium;\"><b>2<\/b><\/span><\/span><\/sup><\/span><span style=\"color: #943634;\"><span style=\"font-family: Arial,serif;\"><span style=\"font-size: medium;\"><b> = V<\/b><\/span><\/span><\/span><span style=\"color: #943634;\"><sub><span style=\"font-family: Arial,serif;\"><span style=\"font-size: medium;\"><b>oy<\/b><\/span><\/span><\/sub><\/span><span style=\"color: #943634;\"><sup><span style=\"font-family: Arial,serif;\"><span style=\"font-size: medium;\"><b>2<\/b><\/span><\/span><\/sup><\/span><span style=\"color: #943634;\"><span style=\"font-family: Arial,serif;\"><span style=\"font-size: medium;\"><b> \u2013 2gh <\/b><\/span><\/span><\/span><span style=\"color: #0000cc;\"><span style=\"font-family: Arial,serif;\"><span style=\"font-size: medium;\"><b> 0<\/b><\/span><\/span><\/span><span style=\"color: #0000cc;\"><sup><span style=\"font-family: Arial,serif;\"><span style=\"font-size: medium;\"><b>2<\/b><\/span><\/span><\/sup><\/span><span style=\"color: #0000cc;\"><span style=\"font-family: Arial,serif;\"><span style=\"font-size: medium;\"><b> = 6<\/b><\/span><\/span><\/span><span style=\"color: #0000cc;\"><sup><span style=\"font-family: Arial,serif;\"><span style=\"font-size: medium;\"><b>2<\/b><\/span><\/span><\/sup><\/span><span style=\"color: #0000cc;\"><span style=\"font-family: Arial,serif;\"><span style=\"font-size: medium;\"><b> \u2013 2.10.h h = 36\/20 <\/b><\/span><\/span><\/span><span style=\"color: #943634;\"><span style=\"font-family: Arial,serif;\"><span style=\"font-size: medium;\"><b>h = 1,8m.<\/b><\/span><\/span><\/span><\/p>\n<p><span style=\"color: #0000cc;\"><span style=\"font-family: Arial,serif;\"><span style=\"font-size: medium;\"><b>Nessa altura <\/b><\/span><\/span><\/span><span style=\"color: #943634;\"><span style=\"font-family: Arial,serif;\"><span style=\"font-size: medium;\"><b>h=1,8m<\/b><\/span><\/span><\/span><span style=\"color: #0000cc;\"><span style=\"font-family: Arial,serif;\"><span style=\"font-size: medium;\"><b>, a <\/b><\/span><\/span><\/span><span style=\"color: #943634;\"><span style=\"font-family: Arial,serif;\"><span style=\"font-size: medium;\"><b>energia potencial<\/b><\/span><\/span><\/span><span style=\"color: #0000cc;\"><span style=\"font-family: Arial,serif;\"><span style=\"font-size: medium;\"><b> (gravitacional) do sistema de massa <\/b><\/span><\/span><\/span><span style=\"color: #943634;\"><span style=\"font-family: Arial,serif;\"><span style=\"font-size: medium;\"><b>m=80 kg<\/b><\/span><\/span><\/span><span style=\"color: #0000cc;\"><span style=\"font-family: Arial,serif;\"><span style=\"font-size: medium;\"><b> vale <\/b><\/span><\/span><\/span><span style=\"color: #943634;\"><span style=\"font-family: Arial,serif;\"><span style=\"font-size: medium;\"><b>E<\/b><\/span><\/span><\/span><span style=\"color: #943634;\"><sub><span style=\"font-family: Arial,serif;\"><span style=\"font-size: medium;\"><b>p<\/b><\/span><\/span><\/sub><\/span><span style=\"color: #943634;\"><span style=\"font-family: Arial,serif;\"><span style=\"font-size: medium;\"><b> =<\/b><\/span><\/span><\/span><b> <\/b><span style=\"color: #943634;\"><span style=\"font-family: Arial,serif;\"><span style=\"font-size: medium;\"><b>m.g.h<\/b><\/span><\/span><\/span><span style=\"color: #0000cc;\"><span style=\"font-family: Arial,serif;\"><span style=\"font-size: medium;\"><b> = 80.10.1,8 <\/b><\/span><\/span><\/span><span style=\"color: #943634;\"><span style=\"font-family: Arial,serif;\"><span style=\"font-size: medium;\"><b>E<\/b><\/span><\/span><\/span><span style=\"color: #943634;\"><sub><span style=\"font-family: Arial,serif;\"><span style=\"font-size: medium;\"><b>p<\/b><\/span><\/span><\/sub><\/span><span style=\"color: #943634;\"><span style=\"font-family: Arial,serif;\"><span style=\"font-size: medium;\"><b> = 1440J &lt; 1500J.<\/b><\/span><\/span><\/span><\/p>\n<p><span style=\"color: #943634;\"><span style=\"font-family: Arial,serif;\"><span style=\"font-size: medium;\"><b>Afirmativa verdadeira.<\/b><\/span><\/span><\/span><\/p>\n<p><span style=\"color: #0000cc;\"><span style=\"font-family: Arial Black,serif;\"><span style=\"font-size: large;\"><b>11- <\/b><\/span><\/span><\/span><span style=\"color: #0000cc;\"><span style=\"font-family: Arial,serif;\"><span style=\"font-size: medium;\"><b>Se voc\u00ea <\/b><\/span><\/span><\/span><span style=\"color: #943634;\"><span style=\"font-family: Arial,serif;\"><span style=\"font-size: medium;\"><b>mudar a rela\u00e7\u00e3o entre os dentes coroa-catraca<\/b><\/span><\/span><\/span><span style=\"color: #0000cc;\"><span style=\"font-family: Arial,serif;\"><span style=\"font-size: medium;\"><b>, mantendo o ritmo das pedaladas, voc\u00ea automaticamente estar\u00e1 variando a velocidade da bicicleta, no caso, <\/b><\/span><\/span><\/span><span style=\"color: #943634;\"><span style=\"font-family: Arial,serif;\"><span style=\"font-size: medium;\"><b>diminuindo.<\/b><\/span><\/span><\/span><\/p>\n<p><span style=\"color: #943634;\"><span style=\"font-family: Arial,serif;\"><span style=\"font-size: medium;\"><b>Afirmativa errada.<\/b><\/span><\/span><\/span><\/p>\n<p><span style=\"color: #0000cc;\"><span style=\"font-family: Arial Black,serif;\"><span style=\"font-size: large;\"><b>12- <\/b><\/span><\/span><\/span><span style=\"color: #0000cc;\"><span style=\"font-family: Arial,serif;\"><span style=\"font-size: medium;\"><b>O <\/b><\/span><\/span><\/span><span style=\"color: #943634;\"><span style=\"font-family: Arial,serif;\"><span style=\"font-size: medium;\"><b>alcance m\u00e1ximo<\/b><\/span><\/span><\/span><span style=\"color: #0000cc;\"><span style=\"font-family: Arial,serif;\"><span style=\"font-size: medium;\"><b> ocorre quando o <\/b><\/span><\/span><\/span><span style=\"color: #943634;\"><span style=\"font-family: Arial,serif;\"><span style=\"font-size: medium;\"><b>\u00e2ngulo com a horizontal for de 45<\/b><\/span><\/span><\/span><span style=\"color: #943634;\"><sup><span style=\"font-family: Arial,serif;\"><span style=\"font-size: medium;\"><b>o<\/b><\/span><\/span><\/sup><\/span><span style=\"color: #0000cc;\"><span style=\"font-family: Arial,serif;\"><span style=\"font-size: medium;\"><b>, o que inviabiliza a afirmativa.<\/b><\/span><\/span><\/span><\/p>\n<p><span style=\"color: #943634;\"><span style=\"font-family: Arial,serif;\"><span style=\"font-size: medium;\"><b>Afirmativa errada.<\/b><\/span><\/span><\/span><\/p>\n<p>&nbsp;<\/p>\n<h3><span style=\"color: #000080;\"><a style=\"color: #000080;\" title=\"Exerc\u00edcios da UnB 2015\" href=\"http:\/\/fisicaevestibular.com.br\/novo\/universidades-2015\/exercicios-da-unb-2015\/\">Confira os exerc\u00edcios<\/a><\/span><\/h3>\n","protected":false},"excerpt":{"rendered":"<p>RESOLU\u00c7\u00d5ES 01- 02- 03- 04- 05- 06- 07- For\u00e7a resultante sobre o conjunto ciclista + bicicleta de massa m = 10 + 70 = 80kg FR = m.a = 80.2 FR = 160N. O trabalho \u00e9 fornecido por W = F.d = 160.4 W = 640J x 0,1 = 64J. 08- 09- Observa\u00e7\u00f5es: &#8211; As for\u00e7a na dire\u00e7\u00e3o do movimento,<\/p>\n","protected":false},"author":1,"featured_media":0,"parent":299,"menu_order":0,"comment_status":"closed","ping_status":"closed","template":"","meta":{"om_disable_all_campaigns":false,"_monsterinsights_skip_tracking":false,"_monsterinsights_sitenote_active":false,"_monsterinsights_sitenote_note":"","_monsterinsights_sitenote_category":0,"footnotes":""},"class_list":["post-301","page","type-page","status-publish","hentry"],"aioseo_notices":[],"_links":{"self":[{"href":"https:\/\/fisicaevestibular.com.br\/novo\/wp-json\/wp\/v2\/pages\/301","targetHints":{"allow":["GET"]}}],"collection":[{"href":"https:\/\/fisicaevestibular.com.br\/novo\/wp-json\/wp\/v2\/pages"}],"about":[{"href":"https:\/\/fisicaevestibular.com.br\/novo\/wp-json\/wp\/v2\/types\/page"}],"author":[{"embeddable":true,"href":"https:\/\/fisicaevestibular.com.br\/novo\/wp-json\/wp\/v2\/users\/1"}],"replies":[{"embeddable":true,"href":"https:\/\/fisicaevestibular.com.br\/novo\/wp-json\/wp\/v2\/comments?post=301"}],"version-history":[{"count":1,"href":"https:\/\/fisicaevestibular.com.br\/novo\/wp-json\/wp\/v2\/pages\/301\/revisions"}],"predecessor-version":[{"id":302,"href":"https:\/\/fisicaevestibular.com.br\/novo\/wp-json\/wp\/v2\/pages\/301\/revisions\/302"}],"up":[{"embeddable":true,"href":"https:\/\/fisicaevestibular.com.br\/novo\/wp-json\/wp\/v2\/pages\/299"}],"wp:attachment":[{"href":"https:\/\/fisicaevestibular.com.br\/novo\/wp-json\/wp\/v2\/media?parent=301"}],"curies":[{"name":"wp","href":"https:\/\/api.w.org\/{rel}","templated":true}]}}