{"id":2954,"date":"2017-05-20T02:38:08","date_gmt":"2017-05-20T02:38:08","guid":{"rendered":"http:\/\/fisicaevestibular.com.br\/novo\/?page_id=2954"},"modified":"2024-09-03T14:18:00","modified_gmt":"2024-09-03T14:18:00","slug":"escola-bahiana-de-medicina-e-saude-publica","status":"publish","type":"page","link":"https:\/\/fisicaevestibular.com.br\/novo\/universidades-2017\/escola-bahiana-de-medicina-e-saude-publica\/","title":{"rendered":"Escola Bahiana de Medicina e Sa\u00fade P\u00fablica"},"content":{"rendered":"<p align=\"CENTER\"><img decoding=\"async\" src=\"http:\/\/fisicaevestibular.com.br\/novo\/wp-content\/uploads\/universidades-2017\/ebmsp\/ESCOLA_BAHIANA_DE_MEDICINA_E_SAU_DE_PU_BLICA_html_28c7bb2b.png\" alt=\"\" width=\"299\" height=\"95\" name=\"Imagem 4\" align=\"BOTTOM\" border=\"0\" \/><\/p>\n<p align=\"CENTER\"><span style=\"color: #0000cc;\"><span style=\"font-family: Viner Hand ITC,serif;\"><span style=\"font-size: large;\"><b>A<\/b><\/span><\/span><\/span><span style=\"color: #0000cc;\"><span style=\"font-family: Viner Hand ITC,serif;\"><span style=\"font-size: large;\"><b>\u00a0<\/b><\/span><\/span><\/span><span style=\"color: #0000cc;\"><span style=\"font-family: Viner Hand ITC,serif;\"><span style=\"font-size: large;\"><b>Escola Bahiana de Medicina e Sa\u00fade P\u00fablica<\/b><\/span><\/span><\/span><span style=\"color: #0000cc;\"><span style=\"font-family: Viner Hand ITC,serif;\"><span style=\"font-size: large;\"><b>\u00a0<\/b><\/span><\/span><\/span><span style=\"color: #0000cc;\"><span style=\"font-family: Viner Hand ITC,serif;\"><span style=\"font-size: large;\"><b>(ou, simplesmente,<\/b><\/span><\/span><\/span><span style=\"color: #0000cc;\"><span style=\"font-family: Viner Hand ITC,serif;\"><span style=\"font-size: large;\"><b>\u00a0<\/b><\/span><\/span><\/span><span style=\"color: #0000cc;\"><span style=\"font-family: Viner Hand ITC,serif;\"><span style=\"font-size: large;\"><b>Bahiana<\/b><\/span><\/span><\/span><span style=\"color: #0000cc;\"><span style=\"font-family: Viner Hand ITC,serif;\"><span style=\"font-size: large;\"><b>) \u00e9 uma institui\u00e7\u00e3o de ensino superior de<\/b><\/span><\/span><\/span><span style=\"color: #0000cc;\"><span style=\"font-family: Viner Hand ITC,serif;\"><span style=\"font-size: large;\"><b>\u00a0<\/b><\/span><\/span><\/span><a href=\"https:\/\/pt.wikipedia.org\/wiki\/Salvador_%28Bahia%29\"><span style=\"color: #0000cc;\"><span style=\"font-family: Viner Hand ITC,serif;\"><span style=\"font-size: large;\"><b>Salvador<\/b><\/span><\/span><\/span><\/a><span style=\"color: #0000cc;\"><span style=\"font-family: Viner Hand ITC,serif;\"><span style=\"font-size: large;\"><b>,<\/b><\/span><\/span><\/span><span style=\"color: #0000cc;\"><span style=\"font-family: Viner Hand ITC,serif;\"><span style=\"font-size: large;\"><b>\u00a0<\/b><\/span><\/span><\/span><a href=\"https:\/\/pt.wikipedia.org\/wiki\/Bahia\"><span style=\"color: #0000cc;\"><span style=\"font-family: Viner Hand ITC,serif;\"><span style=\"font-size: large;\"><b>Bahia<\/b><\/span><\/span><\/span><\/a><span style=\"color: #0000cc;\"><span style=\"font-family: Viner Hand ITC,serif;\"><span style=\"font-size: large;\"><b>,<\/b><\/span><\/span><\/span><span style=\"color: #0000cc;\"><span style=\"font-family: Viner Hand ITC,serif;\"><span style=\"font-size: large;\"><b>\u00a0<\/b><\/span><\/span><\/span><a href=\"https:\/\/pt.wikipedia.org\/wiki\/Brasil\"><span style=\"color: #0000cc;\"><span style=\"font-family: Viner Hand ITC,serif;\"><span style=\"font-size: large;\"><b>Brasil<\/b><\/span><\/span><\/span><\/a><span style=\"color: #0000cc;\"><span style=\"font-family: Viner Hand ITC,serif;\"><span style=\"font-size: large;\"><b>, fundada no ano de 1952. Possui tr\u00eas unidades acad\u00eamicas, localizadas nos bairros de<\/b><\/span><\/span><\/span><span style=\"color: #0000cc;\"><span style=\"font-family: Viner Hand ITC,serif;\"><span style=\"font-size: large;\"><b>\u00a0<\/b><\/span><\/span><\/span><a href=\"https:\/\/pt.wikipedia.org\/wiki\/Brotas_%28Salvador%29\"><span style=\"color: #0000cc;\"><span style=\"font-family: Viner Hand ITC,serif;\"><span style=\"font-size: large;\"><b>Brotas<\/b><\/span><\/span><\/span><\/a><span style=\"color: #0000cc;\"><span style=\"font-family: Viner Hand ITC,serif;\"><span style=\"font-size: large;\"><b>\u00a0<\/b><\/span><\/span><\/span><span style=\"color: #0000cc;\"><span style=\"font-family: Viner Hand ITC,serif;\"><span style=\"font-size: large;\"><b>e<\/b><\/span><\/span><\/span><span style=\"color: #0000cc;\"><span style=\"font-family: Viner Hand ITC,serif;\"><span style=\"font-size: large;\"><b>\u00a0<\/b><\/span><\/span><\/span><a href=\"https:\/\/pt.wikipedia.org\/wiki\/Cabula_%28Salvador%29\"><span style=\"color: #0000cc;\"><span style=\"font-family: Viner Hand ITC,serif;\"><span style=\"font-size: large;\"><b>Cabula<\/b><\/span><\/span><\/span><\/a><span style=\"color: #0000cc;\"><span style=\"font-family: Viner Hand ITC,serif;\"><span style=\"font-size: large;\"><b>.<\/b><\/span><\/span><\/span><\/p>\n<p align=\"CENTER\"><span style=\"color: #0000cc;\"><span style=\"font-family: Viner Hand ITC,serif;\"><span style=\"font-size: large;\"><b>Oferece cursos de gradua\u00e7\u00e3o em<\/b><\/span><\/span><\/span><span style=\"color: #0000cc;\"><span style=\"font-family: Viner Hand ITC,serif;\"><span style=\"font-size: large;\"><b>\u00a0<\/b><\/span><\/span><\/span><a href=\"https:\/\/pt.wikipedia.org\/wiki\/Medicina\"><span style=\"color: #0000cc;\"><span style=\"font-family: Viner Hand ITC,serif;\"><span style=\"font-size: large;\"><b>Medicina<\/b><\/span><\/span><\/span><\/a><span style=\"color: #0000cc;\"><span style=\"font-family: Viner Hand ITC,serif;\"><span style=\"font-size: large;\"><b>,<\/b><\/span><\/span><\/span><span style=\"color: #0000cc;\"><span style=\"font-family: Viner Hand ITC,serif;\"><span style=\"font-size: large;\"><b>\u00a0<\/b><\/span><\/span><\/span><a href=\"https:\/\/pt.wikipedia.org\/wiki\/Biomedicina\"><span style=\"color: #0000cc;\"><span style=\"font-family: Viner Hand ITC,serif;\"><span style=\"font-size: large;\"><b>Biomedicina<\/b><\/span><\/span><\/span><\/a><span style=\"color: #0000cc;\"><span style=\"font-family: Viner Hand ITC,serif;\"><span style=\"font-size: large;\"><b>,<\/b><\/span><\/span><\/span><span style=\"color: #0000cc;\"><span style=\"font-family: Viner Hand ITC,serif;\"><span style=\"font-size: large;\"><b>\u00a0<\/b><\/span><\/span><\/span><a href=\"https:\/\/pt.wikipedia.org\/wiki\/Enfermagem\"><span style=\"color: #0000cc;\"><span style=\"font-family: Viner Hand ITC,serif;\"><span style=\"font-size: large;\"><b>Enfermagem<\/b><\/span><\/span><\/span><\/a><span style=\"color: #0000cc;\"><span style=\"font-family: Viner Hand ITC,serif;\"><span style=\"font-size: large;\"><b>,<\/b><\/span><\/span><\/span><span style=\"color: #0000cc;\"><span style=\"font-family: Viner Hand ITC,serif;\"><span style=\"font-size: large;\"><b>\u00a0<\/b><\/span><\/span><\/span><a href=\"https:\/\/pt.wikipedia.org\/wiki\/Fisioterapia\"><span style=\"color: #0000cc;\"><span style=\"font-family: Viner Hand ITC,serif;\"><span style=\"font-size: large;\"><b>Fisioterapia<\/b><\/span><\/span><\/span><\/a><span style=\"color: #0000cc;\"><span style=\"font-family: Viner Hand ITC,serif;\"><span style=\"font-size: large;\"><b>,<\/b><\/span><\/span><\/span><span style=\"color: #0000cc;\"><span style=\"font-family: Viner Hand ITC,serif;\"><span style=\"font-size: large;\"><b>\u00a0<\/b><\/span><\/span><\/span><a href=\"https:\/\/pt.wikipedia.org\/wiki\/Odontologia\"><span style=\"color: #0000cc;\"><span style=\"font-family: Viner Hand ITC,serif;\"><span style=\"font-size: large;\"><b>Odontologia<\/b><\/span><\/span><\/span><\/a><span style=\"color: #0000cc;\"><span style=\"font-family: Viner Hand ITC,serif;\"><span style=\"font-size: large;\"><b>,<\/b><\/span><\/span><\/span><span style=\"color: #0000cc;\"><span style=\"font-family: Viner Hand ITC,serif;\"><span style=\"font-size: large;\"><b>\u00a0<\/b><\/span><\/span><\/span><a href=\"https:\/\/pt.wikipedia.org\/wiki\/Psicologia\"><span style=\"color: #0000cc;\"><span style=\"font-family: Viner Hand ITC,serif;\"><span style=\"font-size: large;\"><b>Psicologia<\/b><\/span><\/span><\/span><\/a><span style=\"color: #0000cc;\"><span style=\"font-family: Viner Hand ITC,serif;\"><span style=\"font-size: large;\"><b>\u00a0<\/b><\/span><\/span><\/span><span style=\"color: #0000cc;\"><span style=\"font-family: Viner Hand ITC,serif;\"><span style=\"font-size: large;\"><b>e Educa\u00e7\u00e3o F\u00edsica. Em sua grade, tamb\u00e9m possui cursos de extens\u00e3o e p\u00f3s-gradua\u00e7\u00e3o (<\/b><\/span><\/span><\/span><span style=\"color: #0000cc;\"><span style=\"font-family: Viner Hand ITC,serif;\"><span style=\"font-size: large;\"><i><b>lato<\/b><\/i><\/span><\/span><\/span><span style=\"color: #0000cc;\"><span style=\"font-family: Viner Hand ITC,serif;\"><span style=\"font-size: large;\"><b>\u00a0<\/b><\/span><\/span><\/span><span style=\"color: #0000cc;\"><span style=\"font-family: Viner Hand ITC,serif;\"><span style=\"font-size: large;\"><b>e<\/b><\/span><\/span><\/span><span style=\"color: #0000cc;\"><span style=\"font-family: Viner Hand ITC,serif;\"><span style=\"font-size: large;\"><b>\u00a0<\/b><\/span><\/span><\/span><span style=\"color: #0000cc;\"><span style=\"font-family: Viner Hand ITC,serif;\"><span style=\"font-size: large;\"><i><b>stricto sensu<\/b><\/i><\/span><\/span><\/span><span style=\"color: #0000cc;\"><span style=\"font-family: Viner Hand ITC,serif;\"><span style=\"font-size: large;\"><b>). Seus vestibulares costumam ser bastante concorridos &#8211; especialmente para o curso de Medicina, visto que at\u00e9 h\u00e1 pouqu\u00edssimo tempo era a \u00fanica faculdade particular da capital baiana a oferecer esse curso.<\/b><\/span><\/span><\/span><\/p>\n<p align=\"CENTER\"><span style=\"color: #0000cc;\"><span style=\"font-family: Viner Hand ITC,serif;\"><span style=\"font-size: large;\"><b>A Bahiana \u00e9 mantida pela Funda\u00e7\u00e3o Bahiana para Desenvolvimento das Ci\u00eancias (FBDC), institui\u00e7\u00e3o sem fins lucrativos.<\/b><\/span><\/span><\/span><\/p>\n<p><span style=\"color: #0000cc;\"><span style=\"font-family: Arial Black,serif;\"><span style=\"font-size: large;\"><b>01-(EBMSP-BA-017)<\/b><\/span><\/span><\/span><\/p>\n<p><img fetchpriority=\"high\" decoding=\"async\" src=\"http:\/\/fisicaevestibular.com.br\/novo\/wp-content\/uploads\/universidades-2017\/ebmsp\/ESCOLA_BAHIANA_DE_MEDICINA_E_SAU_DE_PU_BLICA_html_9c824978.png\" alt=\"\" width=\"746\" height=\"166\" name=\"Imagem 51\" align=\"BOTTOM\" border=\"0\" \/><\/p>\n<p><span style=\"color: #c00000;\"><span style=\"font-family: Arial,serif;\"><span style=\"font-size: medium;\"><b>A <\/b><\/span><\/span><\/span><span style=\"color: #0000cc;\"><span style=\"font-family: Arial,serif;\"><span style=\"font-size: medium;\"><b>pr\u00e1tica de atividade f\u00edsica na \u00e1gua aquecida <\/b><\/span><\/span><\/span><span style=\"color: #c00000;\"><span style=\"font-family: Arial,serif;\"><span style=\"font-size: medium;\"><b>traz muitos <\/b><\/span><\/span><\/span><span style=\"color: #0000cc;\"><span style=\"font-family: Arial,serif;\"><span style=\"font-size: medium;\"><b>efeitos terap\u00eauticos ben\u00e9ficos, <\/b><\/span><\/span><\/span><span style=\"color: #c00000;\"><span style=\"font-family: Arial,serif;\"><span style=\"font-size: medium;\"><b>como o <\/b><\/span><\/span><\/span><span style=\"color: #0000cc;\"><span style=\"font-family: Arial,serif;\"><span style=\"font-size: medium;\"><b>relaxamento, a analgesia, a redu\u00e7\u00e3o do impacto nas articula\u00e7\u00f5es. <\/b><\/span><\/span><\/span><\/p>\n<p><span style=\"color: #0000cc;\"><span style=\"font-family: Arial,serif;\"><span style=\"font-size: medium;\"><b>Desprezando <\/b><\/span><\/span><\/span><span style=\"color: #c00000;\"><span style=\"font-family: Arial,serif;\"><span style=\"font-size: medium;\"><b>os efeitos da <\/b><\/span><\/span><\/span><span style=\"color: #0000cc;\"><span style=\"font-family: Arial,serif;\"><span style=\"font-size: medium;\"><b>varia\u00e7\u00e3o da temperatura e da varia\u00e7\u00e3o do volume corporal <\/b><\/span><\/span><\/span><span style=\"color: #c00000;\"><span style=\"font-family: Arial,serif;\"><span style=\"font-size: medium;\"><b>durante a <\/b><\/span><\/span><\/span><span style=\"color: #0000cc;\"><span style=\"font-family: Arial,serif;\"><span style=\"font-size: medium;\"><b>inspira\u00e7\u00e3o e a expira\u00e7\u00e3o e sabendo que<\/b><\/span><\/span><\/span><\/p>\n<p><span style=\"color: #0000cc;\">\u2022 <span style=\"font-family: Arial,serif;\"><span style=\"font-size: medium;\"><b>o m\u00f3dulo da acelera\u00e7\u00e3o <\/b><\/span><\/span><\/span><span style=\"color: #c00000;\"><span style=\"font-family: Arial,serif;\"><span style=\"font-size: medium;\"><b>da<\/b><\/span><\/span><\/span><span style=\"color: #0000cc;\"><span style=\"font-family: Arial,serif;\"><span style=\"font-size: medium;\"><b> gravidade <\/b><\/span><\/span><\/span><span style=\"color: #c00000;\"><span style=\"font-family: Arial,serif;\"><span style=\"font-size: medium;\"><b>local \u00e9 igual a <\/b><\/span><\/span><\/span><span style=\"color: #0000cc;\"><span style=\"font-family: Arial,serif;\"><span style=\"font-size: medium;\"><b>10m\/s<\/b><\/span><\/span><\/span><span style=\"color: #0000cc;\"><sup><span style=\"font-family: Arial,serif;\"><span style=\"font-size: medium;\"><b>2<\/b><\/span><\/span><\/sup><\/span><span style=\"color: #0000cc;\"><span style=\"font-family: Arial,serif;\"><span style=\"font-size: medium;\"><b>, <\/b><\/span><\/span><\/span><\/p>\n<p><span style=\"color: #0000cc;\">\u2022 <span style=\"font-family: Arial,serif;\"><span style=\"font-size: medium;\"><b>a<\/b><\/span><\/span><\/span><b> <\/b><span style=\"color: #0000cc;\"><span style=\"font-family: Arial,serif;\"><span style=\"font-size: medium;\"><b>densidade da \u00e1gua <\/b><\/span><\/span><\/span><span style=\"color: #c00000;\"><span style=\"font-family: Arial,serif;\"><span style=\"font-size: medium;\"><b>\u00e9 igual a <\/b><\/span><\/span><\/span><span style=\"color: #0000cc;\"><span style=\"font-family: Arial,serif;\"><span style=\"font-size: medium;\"><b>1,00g\/cm<\/b><\/span><\/span><\/span><span style=\"color: #0000cc;\"><sup><span style=\"font-family: Arial,serif;\"><span style=\"font-size: medium;\"><b>3<\/b><\/span><\/span><\/sup><\/span><span style=\"color: #0000cc;\"><span style=\"font-family: Arial,serif;\"><span style=\"font-size: medium;\"><b>, <\/b><\/span><\/span><\/span><\/p>\n<p><span style=\"color: #0000cc;\">\u2022 <span style=\"font-family: Arial,serif;\"><span style=\"font-size: medium;\"><b>a densidade do corpo humano <\/b><\/span><\/span><\/span><span style=\"color: #c00000;\"><span style=\"font-family: Arial,serif;\"><span style=\"font-size: medium;\"><b>\u00e9 igual <\/b><\/span><\/span><\/span><span style=\"color: #0000cc;\"><span style=\"font-family: Arial,serif;\"><span style=\"font-size: medium;\"><b>a 0,93g\/cm<\/b><\/span><\/span><\/span><span style=\"color: #0000cc;\"><sup><span style=\"font-family: Arial,serif;\"><span style=\"font-size: medium;\"><b>3<\/b><\/span><\/span><\/sup><\/span><span style=\"color: #0000cc;\"><span style=\"font-family: Arial,serif;\"><span style=\"font-size: medium;\"><b>.<\/b><\/span><\/span><\/span><\/p>\n<p><img decoding=\"async\" src=\"http:\/\/fisicaevestibular.com.br\/novo\/wp-content\/uploads\/universidades-2017\/ebmsp\/ESCOLA_BAHIANA_DE_MEDICINA_E_SAU_DE_PU_BLICA_html_1c501e47.png\" alt=\"\" width=\"32\" height=\"14\" name=\"Imagem 30\" align=\"BOTTOM\" border=\"0\" \/><span style=\"color: #0000cc;\"> <span style=\"font-family: Arial,serif;\"><span style=\"font-size: medium;\"><b>Determine<\/b><\/span><\/span><\/span><span style=\"color: #c00000;\"><span style=\"font-family: Arial,serif;\"><span style=\"font-size: medium;\"><b> o <\/b><\/span><\/span><\/span><span style=\"color: #0000cc;\"><span style=\"font-family: Arial,serif;\"><span style=\"font-size: medium;\"><b>m\u00f3dulo do peso de um objeto <\/b><\/span><\/span><\/span><span style=\"color: #c00000;\"><span style=\"font-family: Arial,serif;\"><span style=\"font-size: medium;\"><b>que dever\u00e1 <\/b><\/span><\/span><\/span><span style=\"color: #0000cc;\"><span style=\"font-family: Arial,serif;\"><span style=\"font-size: medium;\"><b>ficar emerso sobre uma pessoa, <\/b><\/span><\/span><\/span><span style=\"color: #c00000;\"><span style=\"font-family: Arial,serif;\"><span style=\"font-size: medium;\"><b>com <\/b><\/span><\/span><\/span><\/p>\n<p align=\"CENTER\"><img loading=\"lazy\" decoding=\"async\" src=\"http:\/\/fisicaevestibular.com.br\/novo\/wp-content\/uploads\/universidades-2017\/ebmsp\/ESCOLA_BAHIANA_DE_MEDICINA_E_SAU_DE_PU_BLICA_html_72b302ca.png\" alt=\"\" width=\"203\" height=\"136\" name=\"Imagem 18\" align=\"BOTTOM\" border=\"0\" \/><\/p>\n<p><span style=\"color: #0000cc;\"><span style=\"font-family: Arial,serif;\"><span style=\"font-size: medium;\"><b>massa igual a 70,0kg,<\/b><\/span><\/span><\/span><span style=\"color: #c00000;\"><span style=\"font-family: Arial,serif;\"><span style=\"font-size: medium;\"><b> para <\/b><\/span><\/span><\/span><span style=\"color: #0000cc;\"><span style=\"font-family: Arial,serif;\"><span style=\"font-size: medium;\"><b>mant\u00ea-la completamente submersa e em equil\u00edbrio, flutuando horizontalmente <\/b><\/span><\/span><\/span><span style=\"color: #c00000;\"><span style=\"font-family: Arial,serif;\"><span style=\"font-size: medium;\"><b>sob a <\/b><\/span><\/span><\/span><span style=\"color: #0000cc;\"><span style=\"font-family: Arial,serif;\"><span style=\"font-size: medium;\"><b>superf\u00edcie da \u00e1gua de uma piscina t\u00e9rmica.<\/b><\/span><\/span><\/span><\/p>\n<p><span style=\"color: #0000cc;\"><span style=\"font-family: Arial Black,serif;\"><span style=\"font-size: large;\"><b>02-(EBMSP-BA-017)<\/b><\/span><\/span><\/span><\/p>\n<p><img loading=\"lazy\" decoding=\"async\" src=\"http:\/\/fisicaevestibular.com.br\/novo\/wp-content\/uploads\/universidades-2017\/ebmsp\/ESCOLA_BAHIANA_DE_MEDICINA_E_SAU_DE_PU_BLICA_html_2fef20b6.png\" alt=\"\" width=\"755\" height=\"170\" name=\"Imagem 52\" align=\"BOTTOM\" border=\"0\" \/><\/p>\n<p><img loading=\"lazy\" decoding=\"async\" src=\"http:\/\/fisicaevestibular.com.br\/novo\/wp-content\/uploads\/universidades-2017\/ebmsp\/ESCOLA_BAHIANA_DE_MEDICINA_E_SAU_DE_PU_BLICA_html_3d74d24e.png\" alt=\"\" width=\"773\" height=\"271\" name=\"Imagem 40\" align=\"BOTTOM\" border=\"0\" \/><\/p>\n<p><span style=\"color: #c00000;\"><span style=\"font-family: Arial,serif;\"><span style=\"font-size: medium;\"><b>Com <\/b><\/span><\/span><\/span><span style=\"color: #0000cc;\"><span style=\"font-family: Arial,serif;\"><span style=\"font-size: medium;\"><b>base nas informa\u00e7\u00f5es do texto <\/b><\/span><\/span><\/span><span style=\"color: #c00000;\"><span style=\"font-family: Arial,serif;\"><span style=\"font-size: medium;\"><b>e nos <\/b><\/span><\/span><\/span><span style=\"color: #0000cc;\"><span style=\"font-family: Arial,serif;\"><span style=\"font-size: medium;\"><b>conhecimentos de F\u00edsica<\/b><\/span><\/span><\/span><span style=\"color: #c00000;\"><span style=\"font-family: Arial,serif;\"><span style=\"font-size: medium;\"><b>,<\/b><\/span><\/span><\/span><\/p>\n<p><img loading=\"lazy\" decoding=\"async\" src=\"http:\/\/fisicaevestibular.com.br\/novo\/wp-content\/uploads\/universidades-2017\/ebmsp\/ESCOLA_BAHIANA_DE_MEDICINA_E_SAU_DE_PU_BLICA_html_1c501e47.png\" alt=\"\" width=\"32\" height=\"14\" name=\"Imagem 31\" align=\"BOTTOM\" border=\"0\" \/> <span style=\"color: #0000cc;\"><span style=\"font-family: Arial,serif;\"><span style=\"font-size: medium;\"><b>Identifique o efeito respons\u00e1vel pelo aquecimento excessivo<\/b><\/span><\/span><\/span><span style=\"color: #c00000;\"><span style=\"font-family: Arial,serif;\"><span style=\"font-size: medium;\"><b> do ar que <\/b><\/span><\/span><\/span><span style=\"color: #0000cc;\"><span style=\"font-family: Arial,serif;\"><span style=\"font-size: medium;\"><b>mata o mosquito, <\/b><\/span><\/span><\/span><\/p>\n<p><img loading=\"lazy\" decoding=\"async\" src=\"http:\/\/fisicaevestibular.com.br\/novo\/wp-content\/uploads\/universidades-2017\/ebmsp\/ESCOLA_BAHIANA_DE_MEDICINA_E_SAU_DE_PU_BLICA_html_1c501e47.png\" alt=\"\" width=\"32\" height=\"14\" name=\"Imagem 32\" align=\"BOTTOM\" border=\"0\" \/><span style=\"color: #c00000;\"> <span style=\"font-family: Arial,serif;\"><span style=\"font-size: medium;\"><b>Calcule a <\/b><\/span><\/span><\/span><span style=\"color: #0000cc;\"><span style=\"font-family: Arial,serif;\"><span style=\"font-size: medium;\"><b>intensidade m\u00e1xima da corrente el\u00e9trica que atravessa a regi\u00e3o entre as telas da raquete.<\/b><\/span><\/span><\/span><\/p>\n<p><span style=\"color: #0000cc;\"><span style=\"font-family: Arial Black,serif;\"><span style=\"font-size: large;\"><b>03-(EBMSP-BA-017)<\/b><\/span><\/span><\/span><\/p>\n<p><img loading=\"lazy\" decoding=\"async\" src=\"http:\/\/fisicaevestibular.com.br\/novo\/wp-content\/uploads\/universidades-2017\/ebmsp\/ESCOLA_BAHIANA_DE_MEDICINA_E_SAU_DE_PU_BLICA_html_854c9929.png\" alt=\"\" width=\"750\" height=\"169\" name=\"Imagem 54\" align=\"BOTTOM\" border=\"0\" \/><\/p>\n<p><img loading=\"lazy\" decoding=\"async\" src=\"http:\/\/fisicaevestibular.com.br\/novo\/wp-content\/uploads\/universidades-2017\/ebmsp\/ESCOLA_BAHIANA_DE_MEDICINA_E_SAU_DE_PU_BLICA_html_d41dc23b.png\" alt=\"\" width=\"765\" height=\"343\" name=\"Imagem 49\" align=\"BOTTOM\" border=\"0\" \/><\/p>\n<p><img decoding=\"async\" src=\"http:\/\/fisicaevestibular.com.br\/novo\/wp-content\/uploads\/universidades-2017\/ebmsp\/ESCOLA_BAHIANA_DE_MEDICINA_E_SAU_DE_PU_BLICA_html_11852162.gif\" alt=\"\" align=\"ABSMIDDLE\" hspace=\"8\" \/><span style=\"color: #0000cc;\"><span style=\"font-family: Arial Black,serif;\"><span style=\"font-size: large;\"><b>04-(EBMSP-BA-017)<\/b><\/span><\/span><\/span><\/p>\n<p><img loading=\"lazy\" decoding=\"async\" src=\"http:\/\/fisicaevestibular.com.br\/novo\/wp-content\/uploads\/universidades-2017\/ebmsp\/ESCOLA_BAHIANA_DE_MEDICINA_E_SAU_DE_PU_BLICA_html_3b8593dc.png\" alt=\"\" width=\"765\" height=\"162\" name=\"Imagem 1\" align=\"BOTTOM\" border=\"0\" \/><\/p>\n<p><img loading=\"lazy\" decoding=\"async\" src=\"http:\/\/fisicaevestibular.com.br\/novo\/wp-content\/uploads\/universidades-2017\/ebmsp\/ESCOLA_BAHIANA_DE_MEDICINA_E_SAU_DE_PU_BLICA_html_d84e4bfc.png\" alt=\"\" width=\"765\" height=\"415\" name=\"Imagem 3\" align=\"BOTTOM\" border=\"0\" \/><\/p>\n<p>&nbsp;<\/p>\n<h3><a title=\"Resolu\u00e7\u00e3o comentada das quest\u00f5es de F\u00cdSICA do vestibular de Medicina da EBMSP \u2013 BA \u2013 2017\" href=\"http:\/\/fisicaevestibular.com.br\/novo\/universidades-2017\/escola-bahiana-de-medicina-e-saude-publica\/resolucao-comentada-das-questoes-de-fisica-do-vestibular-de-medicina-da-ebmsp-ba-2017\/\"><span style=\"color: #000080;\">Confira as resolu\u00e7\u00f5es comentadas<\/span><\/a><\/h3>\n","protected":false},"excerpt":{"rendered":"<p>A\u00a0Escola Bahiana de Medicina e Sa\u00fade P\u00fablica\u00a0(ou, simplesmente,\u00a0Bahiana) \u00e9 uma institui\u00e7\u00e3o de ensino superior de\u00a0Salvador,\u00a0Bahia,\u00a0Brasil, fundada no ano de 1952. Possui tr\u00eas unidades acad\u00eamicas, localizadas nos bairros de\u00a0Brotas\u00a0e\u00a0Cabula. Oferece cursos de gradua\u00e7\u00e3o em\u00a0Medicina,\u00a0Biomedicina,\u00a0Enfermagem,\u00a0Fisioterapia,\u00a0Odontologia,\u00a0Psicologia\u00a0e Educa\u00e7\u00e3o F\u00edsica. Em sua grade, tamb\u00e9m possui cursos de extens\u00e3o e p\u00f3s-gradua\u00e7\u00e3o (lato\u00a0e\u00a0stricto sensu). Seus vestibulares costumam ser bastante concorridos &#8211; especialmente para o curso de Medicina,<\/p>\n","protected":false},"author":1,"featured_media":0,"parent":2648,"menu_order":0,"comment_status":"closed","ping_status":"closed","template":"","meta":{"om_disable_all_campaigns":false,"_monsterinsights_skip_tracking":false,"_monsterinsights_sitenote_active":false,"_monsterinsights_sitenote_note":"","_monsterinsights_sitenote_category":0,"footnotes":""},"class_list":["post-2954","page","type-page","status-publish","hentry"],"aioseo_notices":[],"_links":{"self":[{"href":"https:\/\/fisicaevestibular.com.br\/novo\/wp-json\/wp\/v2\/pages\/2954","targetHints":{"allow":["GET"]}}],"collection":[{"href":"https:\/\/fisicaevestibular.com.br\/novo\/wp-json\/wp\/v2\/pages"}],"about":[{"href":"https:\/\/fisicaevestibular.com.br\/novo\/wp-json\/wp\/v2\/types\/page"}],"author":[{"embeddable":true,"href":"https:\/\/fisicaevestibular.com.br\/novo\/wp-json\/wp\/v2\/users\/1"}],"replies":[{"embeddable":true,"href":"https:\/\/fisicaevestibular.com.br\/novo\/wp-json\/wp\/v2\/comments?post=2954"}],"version-history":[{"count":3,"href":"https:\/\/fisicaevestibular.com.br\/novo\/wp-json\/wp\/v2\/pages\/2954\/revisions"}],"predecessor-version":[{"id":2960,"href":"https:\/\/fisicaevestibular.com.br\/novo\/wp-json\/wp\/v2\/pages\/2954\/revisions\/2960"}],"up":[{"embeddable":true,"href":"https:\/\/fisicaevestibular.com.br\/novo\/wp-json\/wp\/v2\/pages\/2648"}],"wp:attachment":[{"href":"https:\/\/fisicaevestibular.com.br\/novo\/wp-json\/wp\/v2\/media?parent=2954"}],"curies":[{"name":"wp","href":"https:\/\/api.w.org\/{rel}","templated":true}]}}