{"id":2916,"date":"2017-04-20T05:48:21","date_gmt":"2017-04-20T05:48:21","guid":{"rendered":"http:\/\/fisicaevestibular.com.br\/novo\/?page_id=2916"},"modified":"2024-09-03T14:15:51","modified_gmt":"2024-09-03T14:15:51","slug":"emescam-2017","status":"publish","type":"page","link":"https:\/\/fisicaevestibular.com.br\/novo\/universidades-2017\/emescam-2017\/","title":{"rendered":"EMESCAM 2017"},"content":{"rendered":"<p align=\"CENTER\"><img decoding=\"async\" src=\"http:\/\/fisicaevestibular.com.br\/novo\/wp-content\/uploads\/universidades-2017\/emescam\/i_543ab893a001f027_html_ab8e94de.png\" alt=\"\" width=\"178\" height=\"176\" name=\"Imagem 9\" align=\"BOTTOM\" border=\"0\" \/><\/p>\n<p align=\"CENTER\"><span style=\"color: #0000cc;\"><span style=\"font-family: Viner Hand ITC,serif;\"><span style=\"font-size: large;\"><b>A<\/b><\/span><\/span><\/span><span style=\"color: #0000cc;\"><span style=\"font-family: Viner Hand ITC,serif;\"><span style=\"font-size: large;\"><b>\u00a0<\/b><\/span><\/span><\/span><span style=\"color: #0000cc;\"><span style=\"font-family: Viner Hand ITC,serif;\"><span style=\"font-size: large;\"><b>Escola Superior de Ci\u00eancias da Santa Casa de Miseric\u00f3rdia de Vit\u00f3ria<\/b><\/span><\/span><\/span><span style=\"color: #0000cc;\"><span style=\"font-family: Viner Hand ITC,serif;\"><span style=\"font-size: large;\"><b>\u00a0<\/b><\/span><\/span><\/span><span style=\"color: #0000cc;\"><span style=\"font-family: Viner Hand ITC,serif;\"><span style=\"font-size: large;\"><b>(EMESCAM) \u00e9 uma<\/b><\/span><\/span><\/span><span style=\"color: #0000cc;\"><span style=\"font-family: Viner Hand ITC,serif;\"><span style=\"font-size: large;\"><b>\u00a0<\/b><\/span><\/span><\/span><a href=\"https:\/\/pt.wikipedia.org\/wiki\/Institui%C3%A7%C3%A3o_de_ensino_superior\"><span style=\"color: #0000cc;\"><span style=\"font-family: Viner Hand ITC,serif;\"><span style=\"font-size: large;\"><b>institui\u00e7\u00e3o de ensino superior<\/b><\/span><\/span><\/span><\/a><span style=\"color: #0000cc;\"><span style=\"font-family: Viner Hand ITC,serif;\"><span style=\"font-size: large;\"><b>\u00a0<\/b><\/span><\/span><\/span><span style=\"color: #0000cc;\"><span style=\"font-family: Viner Hand ITC,serif;\"><span style=\"font-size: large;\"><b>privada situada em<\/b><\/span><\/span><\/span><span style=\"color: #0000cc;\"><span style=\"font-family: Viner Hand ITC,serif;\"><span style=\"font-size: large;\"><b>\u00a0<\/b><\/span><\/span><\/span><a href=\"https:\/\/pt.wikipedia.org\/wiki\/Vit%C3%B3ria_%28Esp%C3%ADrito_Santo%29\"><span style=\"color: #0000cc;\"><span style=\"font-family: Viner Hand ITC,serif;\"><span style=\"font-size: large;\"><b>V\u00edt\u00f3ria<\/b><\/span><\/span><\/span><\/a><span style=\"color: #0000cc;\"><span style=\"font-family: Viner Hand ITC,serif;\"><span style=\"font-size: large;\"><b>, no<\/b><\/span><\/span><\/span><span style=\"color: #0000cc;\"><span style=\"font-family: Viner Hand ITC,serif;\"><span style=\"font-size: large;\"><b>\u00a0<\/b><\/span><\/span><\/span><a href=\"https:\/\/pt.wikipedia.org\/wiki\/Esp%C3%ADrito_Santo_%28Estado%29\"><span style=\"color: #0000cc;\"><span style=\"font-family: Viner Hand ITC,serif;\"><span style=\"font-size: large;\"><b>Esp\u00edrito Santo<\/b><\/span><\/span><\/span><\/a><span style=\"color: #0000cc;\"><span style=\"font-family: Viner Hand ITC,serif;\"><span style=\"font-size: large;\"><b>.<\/b><\/span><\/span><\/span><\/p>\n<p align=\"CENTER\"><span style=\"color: #0000cc;\"><span style=\"font-family: Viner Hand ITC,serif;\"><span style=\"font-size: large;\"><b>O corpo docente do curso de Medicina \u00e9 formado por especialistas, mestres e doutores. A matriz curricular contempla uma forma\u00e7\u00e3o capaz de responder a todas as quest\u00f5es relacionadas \u00e0 sa\u00fade da popula\u00e7\u00e3o. A institui\u00e7\u00e3o disp\u00f5e de laborat\u00f3rios equipados para o ensino das disciplinas b\u00e1sicas, de hospital-escola para o ensino e a pr\u00e1tica cl\u00ednica e de um moderno Centro de Simula\u00e7\u00e3o e Habilidades que permite ao aluno capacitar-se para atendimentos de urg\u00eancia e de parcerias com universidades brasileiras e estrangeiras. O aluno \u00e9 preparado para promo\u00e7\u00e3o, preven\u00e7\u00e3o, recupera\u00e7\u00e3o e reabilita\u00e7\u00e3o da sa\u00fade. O Centro de Pesquisa permite a inser\u00e7\u00e3o dos alunos em projetos de pesquisa de \u00e2mbito nacional e internacional.<\/b><\/span><\/span><\/span><\/p>\n<p align=\"CENTER\"><span style=\"color: #0000cc;\"><span style=\"font-family: Viner Hand ITC,serif;\"><span style=\"font-size: large;\"><b>Al\u00e9m do curso em medicina, que formou a primeira turma em 1973, a faculdade oferece hoje outros quatro cursos em gradua\u00e7\u00e3o: fisioterapia, instalado em 1999, farm\u00e1cia, instalado no segundo semestre do mesmo ano; enfermagem criado em 2002 e servi\u00e7o social, em 2003, o \u00faltimo a ser ofertado.<\/b><\/span><\/span><\/span><\/p>\n<p><span style=\"color: #c00000;\"> <img decoding=\"async\" src=\"http:\/\/fisicaevestibular.com.br\/novo\/wp-content\/uploads\/universidades-2017\/emescam\/i_543ab893a001f027_html_b6043ce8.png\" alt=\"\" width=\"419\" height=\"96\" name=\"Imagem 11\" align=\"BOTTOM\" border=\"0\" \/><\/span><\/p>\n<p><span style=\"color: #0000cc;\"><span style=\"font-family: Arial Black,serif;\"><span style=\"font-size: large;\"><b>01- (Medicina \u2013 EMESCAM \u2013 ES \u2013 017)<\/b><\/span><\/span><\/span><\/p>\n<p><img fetchpriority=\"high\" decoding=\"async\" src=\"http:\/\/fisicaevestibular.com.br\/novo\/wp-content\/uploads\/universidades-2017\/emescam\/i_543ab893a001f027_html_d6e0c979.png\" alt=\"\" width=\"737\" height=\"149\" name=\"Imagem 12\" align=\"BOTTOM\" border=\"0\" \/><\/p>\n<p><img loading=\"lazy\" decoding=\"async\" src=\"http:\/\/fisicaevestibular.com.br\/novo\/wp-content\/uploads\/universidades-2017\/emescam\/i_543ab893a001f027_html_3f51bce4.png\" alt=\"\" width=\"775\" height=\"288\" name=\"Imagem 10\" align=\"BOTTOM\" border=\"0\" \/><\/p>\n<p><span style=\"color: #0000cc;\"><span style=\"font-family: Arial Black,serif;\"><span style=\"font-size: large;\"><b>02- (Medicina \u2013 EMESCAM \u2013 ES \u2013 017)<\/b><\/span><\/span><\/span><\/p>\n<p><img loading=\"lazy\" decoding=\"async\" src=\"http:\/\/fisicaevestibular.com.br\/novo\/wp-content\/uploads\/universidades-2017\/emescam\/i_543ab893a001f027_html_52a2bfc2.png\" alt=\"\" width=\"745\" height=\"149\" name=\"Imagem 16\" align=\"BOTTOM\" border=\"0\" \/><\/p>\n<p><span style=\"color: #c00000;\"><span style=\"font-family: Arial,serif;\"><span style=\"font-size: medium;\"><b>Um <\/b><\/span><\/span><\/span><span style=\"color: #0000cc;\"><span style=\"font-family: Arial,serif;\"><span style=\"font-size: medium;\"><b>sat\u00e9lite artificial <\/b><\/span><\/span><\/span><span style=\"color: #c00000;\"><span style=\"font-family: Arial,serif;\"><span style=\"font-size: medium;\"><b>est\u00e1 numa <\/b><\/span><\/span><\/span><span style=\"color: #0000cc;\"><span style=\"font-family: Arial,serif;\"><span style=\"font-size: medium;\"><b>\u00f3rbita circular situado na altitude h = <img decoding=\"async\" src=\"http:\/\/fisicaevestibular.com.br\/novo\/wp-content\/uploads\/universidades-2017\/emescam\/i_543ab893a001f027_html_dce67896.gif\" alt=\"\" align=\"ABSMIDDLE\" hspace=\"8\" \/> ,<\/b><\/span><\/span><\/span><span style=\"color: #c00000;\"><span style=\"font-family: Arial,serif;\"><span style=\"font-size: medium;\"><b> sendo <\/b><\/span><\/span><\/span><span style=\"color: #0000cc;\"><span style=\"font-family: Arial,serif;\"><span style=\"font-size: medium;\"><b>R o raio Terra. <\/b><\/span><\/span><\/span><\/p>\n<p><span style=\"color: #c00000;\"><span style=\"font-family: Arial,serif;\"><span style=\"font-size: medium;\"><b>Devido <\/b><\/span><\/span><\/span><span style=\"color: #0000cc;\"><span style=\"font-family: Arial,serif;\"><span style=\"font-size: medium;\"><b>\u00e0s necessidades do programa espacial, <\/b><\/span><\/span><\/span><span style=\"color: #c00000;\"><span style=\"font-family: Arial,serif;\"><span style=\"font-size: medium;\"><b>sua <\/b><\/span><\/span><\/span><span style=\"color: #0000cc;\"><span style=\"font-family: Arial,serif;\"><span style=\"font-size: medium;\"><b>\u00f3rbita foi modificada tal que ele passou a orbitar<\/b><\/span><\/span><\/span><b> <\/b><span style=\"color: #0000cc;\"><span style=\"font-family: Arial,serif;\"><span style=\"font-size: medium;\"><b>no dobro dessa altitude. <\/b><\/span><\/span><\/span><\/p>\n<p><span style=\"color: #c00000;\"><span style=\"font-family: Arial,serif;\"><span style=\"font-size: medium;\"><b>Podemos <\/b><\/span><\/span><\/span><span style=\"color: #0000cc;\"><span style=\"font-family: Arial,serif;\"><span style=\"font-size: medium;\"><b>afirmar <\/b><\/span><\/span><\/span><span style=\"color: #c00000;\"><span style=\"font-family: Arial,serif;\"><span style=\"font-size: medium;\"><b>que as <\/b><\/span><\/span><\/span><span style=\"color: #0000cc;\"><span style=\"font-family: Arial,serif;\"><span style=\"font-size: medium;\"><b>raz\u00f5es entre a energia cin\u00e9tica final (E<\/b><\/span><\/span><\/span><span style=\"color: #0000cc;\"><sub><span style=\"font-family: Arial,serif;\"><span style=\"font-size: medium;\"><b>cf<\/b><\/span><\/span><\/sub><\/span><span style=\"color: #0000cc;\"><span style=\"font-family: Arial,serif;\"><span style=\"font-size: medium;\"><b>)<\/b><\/span><\/span><\/span><span style=\"color: #c00000;\"><span style=\"font-family: Arial,serif;\"><span style=\"font-size: medium;\"><b> e a <\/b><\/span><\/span><\/span><span style=\"color: #0000cc;\"><span style=\"font-family: Arial,serif;\"><span style=\"font-size: medium;\"><b>energia cin\u00e9tica inicial (E<\/b><\/span><\/span><\/span><span style=\"color: #0000cc;\"><sub><span style=\"font-family: Arial,serif;\"><span style=\"font-size: medium;\"><b>ci<\/b><\/span><\/span><\/sub><\/span><span style=\"color: #0000cc;\"><span style=\"font-family: Arial,serif;\"><span style=\"font-size: medium;\"><b>)<\/b><\/span><\/span><\/span><span style=\"color: #c00000;\"><span style=\"font-family: Arial,serif;\"><span style=\"font-size: medium;\"><b> e <\/b><\/span><\/span><\/span><span style=\"color: #0000cc;\"><span style=\"font-family: Arial,serif;\"><span style=\"font-size: medium;\"><b>tamb\u00e9m entre as energias mec\u00e2nicas final (E<\/b><\/span><\/span><\/span><span style=\"color: #0000cc;\"><sub><span style=\"font-family: Arial,serif;\"><span style=\"font-size: medium;\"><b>f<\/b><\/span><\/span><\/sub><\/span><span style=\"color: #0000cc;\"><span style=\"font-family: Arial,serif;\"><span style=\"font-size: medium;\"><b> ) e inicial (E<\/b><\/span><\/span><\/span><span style=\"color: #0000cc;\"><sub><span style=\"font-family: Arial,serif;\"><span style=\"font-size: medium;\"><b>i<\/b><\/span><\/span><\/sub><\/span><span style=\"color: #0000cc;\"><span style=\"font-family: Arial,serif;\"><span style=\"font-size: medium;\"><b> ) <\/b><\/span><\/span><\/span><span style=\"color: #c00000;\"><span style=\"font-family: Arial,serif;\"><span style=\"font-size: medium;\"><b>s\u00e3o, <\/b><\/span><\/span><\/span><span style=\"color: #0000cc;\"><span style=\"font-family: Arial,serif;\"><span style=\"font-size: medium;\"><b>respectivamente,<\/b><\/span><\/span><\/span><span style=\"color: #c00000;\"><span style=\"font-family: Arial,serif;\"><span style=\"font-size: medium;\"><b> dadas por:<\/b><\/span><\/span><\/span><\/p>\n<p><span style=\"color: #0000cc;\"><span style=\"font-family: Arial,serif;\"><span style=\"font-size: medium;\"><b>A) <img decoding=\"async\" src=\"http:\/\/fisicaevestibular.com.br\/novo\/wp-content\/uploads\/universidades-2017\/emescam\/i_543ab893a001f027_html_812e5885.gif\" alt=\"\" align=\"ABSMIDDLE\" hspace=\"8\" \/><\/b><\/span><\/span><\/span><span style=\"color: #c00000;\"><span style=\"font-family: Arial,serif;\"><span style=\"font-size: medium;\"><b> = <img decoding=\"async\" src=\"http:\/\/fisicaevestibular.com.br\/novo\/wp-content\/uploads\/universidades-2017\/emescam\/i_543ab893a001f027_html_3049ab77.gif\" alt=\"\" align=\"ABSMIDDLE\" hspace=\"8\" \/> e <img decoding=\"async\" src=\"http:\/\/fisicaevestibular.com.br\/novo\/wp-content\/uploads\/universidades-2017\/emescam\/i_543ab893a001f027_html_f49130fa.gif\" alt=\"\" align=\"ABSMIDDLE\" hspace=\"8\" \/> = <img decoding=\"async\" src=\"http:\/\/fisicaevestibular.com.br\/novo\/wp-content\/uploads\/universidades-2017\/emescam\/i_543ab893a001f027_html_3049ab77.gif\" alt=\"\" align=\"ABSMIDDLE\" hspace=\"8\" \/><\/b><\/span><\/span><\/span><b> <\/b><span style=\"color: #0000cc;\"><span style=\"font-family: Arial,serif;\"><span style=\"font-size: medium;\"><b>B) <img decoding=\"async\" src=\"http:\/\/fisicaevestibular.com.br\/novo\/wp-content\/uploads\/universidades-2017\/emescam\/i_543ab893a001f027_html_812e5885.gif\" alt=\"\" align=\"ABSMIDDLE\" hspace=\"8\" \/><\/b><\/span><\/span><\/span><span style=\"color: #c00000;\"><span style=\"font-family: Arial,serif;\"><span style=\"font-size: medium;\"><b> = <img decoding=\"async\" src=\"http:\/\/fisicaevestibular.com.br\/novo\/wp-content\/uploads\/universidades-2017\/emescam\/i_543ab893a001f027_html_bf53098.gif\" alt=\"\" align=\"ABSMIDDLE\" hspace=\"8\" \/> e <img decoding=\"async\" src=\"http:\/\/fisicaevestibular.com.br\/novo\/wp-content\/uploads\/universidades-2017\/emescam\/i_543ab893a001f027_html_f49130fa.gif\" alt=\"\" align=\"ABSMIDDLE\" hspace=\"8\" \/> = <img decoding=\"async\" src=\"http:\/\/fisicaevestibular.com.br\/novo\/wp-content\/uploads\/universidades-2017\/emescam\/i_543ab893a001f027_html_bf53098.gif\" alt=\"\" align=\"ABSMIDDLE\" hspace=\"8\" \/><\/b><\/span><\/span><\/span><b> <\/b><span style=\"color: #0000cc;\"><span style=\"font-family: Arial,serif;\"><span style=\"font-size: medium;\"><b>C) <img decoding=\"async\" src=\"http:\/\/fisicaevestibular.com.br\/novo\/wp-content\/uploads\/universidades-2017\/emescam\/i_543ab893a001f027_html_812e5885.gif\" alt=\"\" align=\"ABSMIDDLE\" hspace=\"8\" \/><\/b><\/span><\/span><\/span><span style=\"color: #c00000;\"><span style=\"font-family: Arial,serif;\"><span style=\"font-size: medium;\"><b> = <img decoding=\"async\" src=\"http:\/\/fisicaevestibular.com.br\/novo\/wp-content\/uploads\/universidades-2017\/emescam\/i_543ab893a001f027_html_3049ab77.gif\" alt=\"\" align=\"ABSMIDDLE\" hspace=\"8\" \/> e <img decoding=\"async\" src=\"http:\/\/fisicaevestibular.com.br\/novo\/wp-content\/uploads\/universidades-2017\/emescam\/i_543ab893a001f027_html_f49130fa.gif\" alt=\"\" align=\"ABSMIDDLE\" hspace=\"8\" \/> = <img decoding=\"async\" src=\"http:\/\/fisicaevestibular.com.br\/novo\/wp-content\/uploads\/universidades-2017\/emescam\/i_543ab893a001f027_html_bf53098.gif\" alt=\"\" align=\"ABSMIDDLE\" hspace=\"8\" \/><\/b><\/span><\/span><\/span><\/p>\n<p><span style=\"color: #0000cc;\"><span style=\"font-family: Arial,serif;\"><span style=\"font-size: medium;\"><b>D) <img decoding=\"async\" src=\"http:\/\/fisicaevestibular.com.br\/novo\/wp-content\/uploads\/universidades-2017\/emescam\/i_543ab893a001f027_html_812e5885.gif\" alt=\"\" align=\"ABSMIDDLE\" hspace=\"8\" \/><\/b><\/span><\/span><\/span><span style=\"color: #c00000;\"><span style=\"font-family: Arial,serif;\"><span style=\"font-size: medium;\"><b> = <img decoding=\"async\" src=\"http:\/\/fisicaevestibular.com.br\/novo\/wp-content\/uploads\/universidades-2017\/emescam\/i_543ab893a001f027_html_bf53098.gif\" alt=\"\" align=\"ABSMIDDLE\" hspace=\"8\" \/> e <img decoding=\"async\" src=\"http:\/\/fisicaevestibular.com.br\/novo\/wp-content\/uploads\/universidades-2017\/emescam\/i_543ab893a001f027_html_f49130fa.gif\" alt=\"\" align=\"ABSMIDDLE\" hspace=\"8\" \/> = <img decoding=\"async\" src=\"http:\/\/fisicaevestibular.com.br\/novo\/wp-content\/uploads\/universidades-2017\/emescam\/i_543ab893a001f027_html_8cb12c70.gif\" alt=\"\" align=\"ABSMIDDLE\" hspace=\"8\" \/><\/b><\/span><\/span><\/span><b> <\/b><span style=\"color: #0000cc;\"><span style=\"font-family: Arial,serif;\"><span style=\"font-size: medium;\"><b>E) <img decoding=\"async\" src=\"http:\/\/fisicaevestibular.com.br\/novo\/wp-content\/uploads\/universidades-2017\/emescam\/i_543ab893a001f027_html_812e5885.gif\" alt=\"\" align=\"ABSMIDDLE\" hspace=\"8\" \/><\/b><\/span><\/span><\/span><span style=\"color: #c00000;\"><span style=\"font-family: Arial,serif;\"><span style=\"font-size: medium;\"><b> = <img decoding=\"async\" src=\"http:\/\/fisicaevestibular.com.br\/novo\/wp-content\/uploads\/universidades-2017\/emescam\/i_543ab893a001f027_html_8cb12c70.gif\" alt=\"\" align=\"ABSMIDDLE\" hspace=\"8\" \/> e <img decoding=\"async\" src=\"http:\/\/fisicaevestibular.com.br\/novo\/wp-content\/uploads\/universidades-2017\/emescam\/i_543ab893a001f027_html_f49130fa.gif\" alt=\"\" align=\"ABSMIDDLE\" hspace=\"8\" \/> = <img decoding=\"async\" src=\"http:\/\/fisicaevestibular.com.br\/novo\/wp-content\/uploads\/universidades-2017\/emescam\/i_543ab893a001f027_html_bf53098.gif\" alt=\"\" align=\"ABSMIDDLE\" hspace=\"8\" \/><\/b><\/span><\/span><\/span><\/p>\n<p><span style=\"color: #0000cc;\"><span style=\"font-family: Arial Black,serif;\"><span style=\"font-size: large;\"><b>03- (Medicina \u2013 EMESCAM \u2013 ES \u2013 017)<\/b><\/span><\/span><\/span><\/p>\n<p><img loading=\"lazy\" decoding=\"async\" src=\"http:\/\/fisicaevestibular.com.br\/novo\/wp-content\/uploads\/universidades-2017\/emescam\/i_543ab893a001f027_html_7c8ed036.png\" alt=\"\" width=\"774\" height=\"169\" name=\"Imagem 14\" align=\"BOTTOM\" border=\"0\" \/><\/p>\n<p><img loading=\"lazy\" decoding=\"async\" src=\"http:\/\/fisicaevestibular.com.br\/novo\/wp-content\/uploads\/universidades-2017\/emescam\/i_543ab893a001f027_html_c22c2c60.png\" alt=\"\" width=\"775\" height=\"171\" name=\"Imagem 8\" align=\"BOTTOM\" border=\"0\" \/><\/p>\n<p><img loading=\"lazy\" decoding=\"async\" src=\"http:\/\/fisicaevestibular.com.br\/novo\/wp-content\/uploads\/universidades-2017\/emescam\/i_543ab893a001f027_html_15242ce.png\" alt=\"\" width=\"775\" height=\"43\" name=\"Imagem 13\" align=\"BOTTOM\" border=\"0\" \/><\/p>\n<p><span style=\"color: #0000cc;\"><span style=\"font-family: Arial Black,serif;\"><span style=\"font-size: large;\"><b>04- (Medicina \u2013 EMESCAM \u2013 ES \u2013 017)<\/b><\/span><\/span><\/span><b> <\/b><\/p>\n<p><img loading=\"lazy\" decoding=\"async\" src=\"http:\/\/fisicaevestibular.com.br\/novo\/wp-content\/uploads\/universidades-2017\/emescam\/i_543ab893a001f027_html_2246375b.png\" alt=\"\" width=\"775\" height=\"162\" name=\"Imagem 15\" align=\"BOTTOM\" border=\"0\" \/><\/p>\n<p><img loading=\"lazy\" decoding=\"async\" src=\"http:\/\/fisicaevestibular.com.br\/novo\/wp-content\/uploads\/universidades-2017\/emescam\/i_543ab893a001f027_html_99210c37.png\" alt=\"\" width=\"775\" height=\"189\" name=\"Imagem 21\" align=\"BOTTOM\" border=\"0\" \/><\/p>\n<p>&nbsp;<\/p>\n<h3><a title=\"Resolu\u00e7\u00e3o comentada das quest\u00f5es de F\u00cdSICA da MEDICINA EMESCAM \u2013 ES \u2013 2017\" href=\"http:\/\/fisicaevestibular.com.br\/novo\/universidades-2017\/emescam-2017\/resolucao-comentada-das-questoes-de-fisica-da-medicina-emescam-es-2017\/\"><span style=\"color: #000080;\">Confira as resolu\u00e7\u00f5es comentadas e gabaritos<\/span><\/a><\/h3>\n","protected":false},"excerpt":{"rendered":"<p>A\u00a0Escola Superior de Ci\u00eancias da Santa Casa de Miseric\u00f3rdia de Vit\u00f3ria\u00a0(EMESCAM) \u00e9 uma\u00a0institui\u00e7\u00e3o de ensino superior\u00a0privada situada em\u00a0V\u00edt\u00f3ria, no\u00a0Esp\u00edrito Santo. O corpo docente do curso de Medicina \u00e9 formado por especialistas, mestres e doutores. A matriz curricular contempla uma forma\u00e7\u00e3o capaz de responder a todas as quest\u00f5es relacionadas \u00e0 sa\u00fade da popula\u00e7\u00e3o. A institui\u00e7\u00e3o disp\u00f5e de laborat\u00f3rios equipados para o<\/p>\n","protected":false},"author":1,"featured_media":0,"parent":2648,"menu_order":0,"comment_status":"closed","ping_status":"closed","template":"","meta":{"om_disable_all_campaigns":false,"_monsterinsights_skip_tracking":false,"_monsterinsights_sitenote_active":false,"_monsterinsights_sitenote_note":"","_monsterinsights_sitenote_category":0,"footnotes":""},"class_list":["post-2916","page","type-page","status-publish","hentry"],"aioseo_notices":[],"_links":{"self":[{"href":"https:\/\/fisicaevestibular.com.br\/novo\/wp-json\/wp\/v2\/pages\/2916","targetHints":{"allow":["GET"]}}],"collection":[{"href":"https:\/\/fisicaevestibular.com.br\/novo\/wp-json\/wp\/v2\/pages"}],"about":[{"href":"https:\/\/fisicaevestibular.com.br\/novo\/wp-json\/wp\/v2\/types\/page"}],"author":[{"embeddable":true,"href":"https:\/\/fisicaevestibular.com.br\/novo\/wp-json\/wp\/v2\/users\/1"}],"replies":[{"embeddable":true,"href":"https:\/\/fisicaevestibular.com.br\/novo\/wp-json\/wp\/v2\/comments?post=2916"}],"version-history":[{"count":2,"href":"https:\/\/fisicaevestibular.com.br\/novo\/wp-json\/wp\/v2\/pages\/2916\/revisions"}],"predecessor-version":[{"id":2921,"href":"https:\/\/fisicaevestibular.com.br\/novo\/wp-json\/wp\/v2\/pages\/2916\/revisions\/2921"}],"up":[{"embeddable":true,"href":"https:\/\/fisicaevestibular.com.br\/novo\/wp-json\/wp\/v2\/pages\/2648"}],"wp:attachment":[{"href":"https:\/\/fisicaevestibular.com.br\/novo\/wp-json\/wp\/v2\/media?parent=2916"}],"curies":[{"name":"wp","href":"https:\/\/api.w.org\/{rel}","templated":true}]}}