{"id":289,"date":"2014-12-13T20:35:36","date_gmt":"2014-12-13T20:35:36","guid":{"rendered":"http:\/\/fisicaevestibular.com.br\/novo\/?page_id=289"},"modified":"2024-09-02T16:56:55","modified_gmt":"2024-09-02T16:56:55","slug":"resolucao-comentada-da-ufla-2015","status":"publish","type":"page","link":"https:\/\/fisicaevestibular.com.br\/novo\/universidades-2015\/exercicios-da-ufla-2015\/resolucao-comentada-da-ufla-2015\/","title":{"rendered":"Resolu\u00e7\u00e3o comentada da UFLA 2015"},"content":{"rendered":"<p align=\"CENTER\"><span style=\"color: #943634;\"><span style=\"font-family: Arial Black,serif;\"><span style=\"font-size: large;\"><b>RESOLU\u00c7\u00d5ES<\/b><\/span><\/span><\/span><\/p>\n<p><span style=\"color: #943634;\"><span style=\"font-family: Arial Black,serif;\"><span style=\"font-size: large;\"><b>01- <\/b><\/span><\/span><\/span><\/p>\n<p><img decoding=\"async\" src=\"http:\/\/fisicaevestibular.com.br\/novo\/wp-content\/uploads\/universidades-2015\/ufla\/i_11e2bbd97f4135d7_html_40a6de97.png\" alt=\"\" width=\"606\" height=\"37\" name=\"Imagem 62\" align=\"BOTTOM\" border=\"0\" \/><\/p>\n<p><span style=\"color: #a50021;\"><span style=\"font-family: Arial,serif;\"><span style=\"font-size: medium;\"><b>R- D<\/b><\/span><\/span><\/span><\/p>\n<p><span style=\"color: #943634;\"><span style=\"font-family: Arial Black,serif;\"><span style=\"font-size: large;\"><b>02- <\/b><\/span><\/span><\/span><\/p>\n<p><img decoding=\"async\" src=\"http:\/\/fisicaevestibular.com.br\/novo\/wp-content\/uploads\/universidades-2015\/ufla\/i_11e2bbd97f4135d7_html_616542a0.png\" alt=\"\" width=\"264\" height=\"36\" name=\"Imagem 63\" align=\"BOTTOM\" border=\"0\" \/><\/p>\n<p><span style=\"color: #943634;\"><span style=\"font-family: Arial Black,serif;\"><span style=\"font-size: large;\"><b>03<\/b><\/span><\/span><\/span><span style=\"color: #943634;\"><span style=\"font-family: Arial,serif;\"><span style=\"font-size: large;\"><b>&#8211;<\/b><\/span><\/span><\/span><b> <\/b><\/p>\n<p><span style=\"color: #c00000;\"><span style=\"font-family: Arial,serif;\"><span style=\"font-size: medium;\"><b>R- C <\/b><\/span><\/span><\/span><span style=\"color: #0000cc;\"><span style=\"font-family: Arial,serif;\"><span style=\"font-size: medium;\"><b>(veja fisicaevestibular.com.br \u2013 Mec\u00e2nica \u2013 Din\u00e2mica \u2013 For\u00e7as no movimento circular).<\/b><\/span><\/span><\/span><\/p>\n<p><span style=\"color: #943634;\"><span style=\"font-family: Arial Black,serif;\"><span style=\"font-size: large;\"><b>04-<\/b><\/span><\/span><\/span><span style=\"color: #943634;\"> <img fetchpriority=\"high\" decoding=\"async\" src=\"http:\/\/fisicaevestibular.com.br\/novo\/wp-content\/uploads\/universidades-2015\/ufla\/i_11e2bbd97f4135d7_html_2d70c920.png\" alt=\"\" width=\"771\" height=\"184\" name=\"Imagem 64\" align=\"BOTTOM\" border=\"0\" \/><\/span><\/p>\n<p><span style=\"color: #943634;\"><span style=\"font-family: Arial Black,serif;\"><span style=\"font-size: large;\"><b>05- <\/b><\/span><\/span><\/span><\/p>\n<p><img loading=\"lazy\" decoding=\"async\" src=\"http:\/\/fisicaevestibular.com.br\/novo\/wp-content\/uploads\/universidades-2015\/ufla\/i_11e2bbd97f4135d7_html_m9342d8.png\" alt=\"\" width=\"778\" height=\"71\" name=\"Imagem 65\" align=\"BOTTOM\" border=\"0\" \/><\/p>\n<p><span style=\"color: #943634;\"><span style=\"font-family: Arial Black,serif;\"><span style=\"font-size: large;\"><b>06- <\/b><\/span><\/span><\/span><\/p>\n<p><img loading=\"lazy\" decoding=\"async\" src=\"http:\/\/fisicaevestibular.com.br\/novo\/wp-content\/uploads\/universidades-2015\/ufla\/i_11e2bbd97f4135d7_html_m7cb04e8f.png\" alt=\"\" width=\"775\" height=\"159\" name=\"Imagem 66\" align=\"BOTTOM\" border=\"0\" \/><\/p>\n<p><span style=\"color: #943634;\"><span style=\"font-family: Arial Black,serif;\"><span style=\"font-size: large;\"><b>07- <\/b><\/span><\/span><\/span><\/p>\n<p><img loading=\"lazy\" decoding=\"async\" src=\"http:\/\/fisicaevestibular.com.br\/novo\/wp-content\/uploads\/universidades-2015\/ufla\/i_11e2bbd97f4135d7_html_18bdf63f.png\" alt=\"\" width=\"775\" height=\"74\" name=\"Imagem 67\" align=\"BOTTOM\" border=\"0\" \/><\/p>\n<p><span style=\"color: #943634;\"><span style=\"font-family: Arial Black,serif;\"><span style=\"font-size: large;\"><b>08- <\/b><\/span><\/span><\/span><\/p>\n<p><img loading=\"lazy\" decoding=\"async\" src=\"http:\/\/fisicaevestibular.com.br\/novo\/wp-content\/uploads\/universidades-2015\/ufla\/i_11e2bbd97f4135d7_html_5f1afaf8.png\" alt=\"\" width=\"774\" height=\"71\" name=\"Imagem 68\" align=\"BOTTOM\" border=\"0\" \/><\/p>\n<p><span style=\"color: #943634;\"><span style=\"font-family: Arial Black,serif;\"><span style=\"font-size: large;\"><b>09- <\/b><\/span><\/span><\/span><span style=\"color: #006600;\"><span style=\"font-family: Arial,serif;\"><span style=\"font-size: medium;\"><b>Heliocentrismo<\/b><\/span><\/span><\/span><span style=\"color: #006600;\"><span style=\"font-family: Arial,serif;\"><span style=\"font-size: medium;\"><b>\u00a0<\/b><\/span><\/span><\/span><span style=\"color: #3333cc;\"><span style=\"font-family: Arial,serif;\"><span style=\"font-size: medium;\"><b>\u00e9 a teoria a respeito do sistema cosmol\u00f3gico, segundo a qual a <\/b><\/span><\/span><\/span><span style=\"color: #006600;\"><span style=\"font-family: Arial,serif;\"><span style=\"font-size: medium;\"><b>Terra e os demais planetas giram em torno do\u00a0<a href=\"http:\/\/www.infoescola.com\/sistema-solar\/sol\/\">Sol<\/a>.<br \/>\n<\/b><\/span><\/span><\/span><span style=\"color: #0000cc;\"><span style=\"font-family: Arial,serif;\"><span style=\"font-size: medium;\"><b>Nicolau Cop\u00e9rnico, um polon\u00eas que viveu entre 1453 \u2013 1543<\/b><\/span><\/span><\/span><span style=\"color: #006600;\"><span style=\"font-family: Arial,serif;\"><span style=\"font-size: medium;\"><b>, \u00e9 considerado o fundador da astronomia moderna e pai do heliocentrismo.<\/b><\/span><\/span><\/span><\/p>\n<p><span style=\"color: #943634;\"><span style=\"font-family: Arial,serif;\"><span style=\"font-size: medium;\"><b>R- A<\/b><\/span><\/span><\/span><\/p>\n<p><span style=\"color: #943634;\"><span style=\"font-family: Arial Black,serif;\"><span style=\"font-size: large;\"><b>10- <\/b><\/span><\/span><\/span><\/p>\n<p><img loading=\"lazy\" decoding=\"async\" src=\"http:\/\/fisicaevestibular.com.br\/novo\/wp-content\/uploads\/universidades-2015\/ufla\/i_11e2bbd97f4135d7_html_52d099a5.png\" alt=\"\" width=\"775\" height=\"90\" name=\"Imagem 69\" align=\"BOTTOM\" border=\"0\" \/><\/p>\n<p><span style=\"color: #943634;\"><span style=\"font-family: Arial Black,serif;\"><span style=\"font-size: large;\"><b>11- <\/b><\/span><\/span><\/span><\/p>\n<p><img loading=\"lazy\" decoding=\"async\" src=\"http:\/\/fisicaevestibular.com.br\/novo\/wp-content\/uploads\/universidades-2015\/ufla\/i_11e2bbd97f4135d7_html_1eef877f.png\" alt=\"\" width=\"774\" height=\"36\" name=\"Imagem 70\" align=\"BOTTOM\" border=\"0\" \/><\/p>\n<p><span style=\"color: #943634;\"><span style=\"font-family: Arial Black,serif;\"><span style=\"font-size: large;\"><b>12- <\/b><\/span><\/span><\/span><\/p>\n<p><img loading=\"lazy\" decoding=\"async\" src=\"http:\/\/fisicaevestibular.com.br\/novo\/wp-content\/uploads\/universidades-2015\/ufla\/i_11e2bbd97f4135d7_html_19c1648b.png\" alt=\"\" width=\"775\" height=\"38\" name=\"Imagem 71\" align=\"BOTTOM\" border=\"0\" \/><\/p>\n<p><span style=\"color: #943634;\"><span style=\"font-family: Arial Black,serif;\"><span style=\"font-size: large;\"><b>13- <\/b><\/span><\/span><\/span><\/p>\n<p><img loading=\"lazy\" decoding=\"async\" src=\"http:\/\/fisicaevestibular.com.br\/novo\/wp-content\/uploads\/universidades-2015\/ufla\/i_11e2bbd97f4135d7_html_63d74798.png\" alt=\"\" width=\"775\" height=\"154\" name=\"Imagem 72\" align=\"BOTTOM\" border=\"0\" \/><\/p>\n<p><span style=\"color: #943634;\"><span style=\"font-family: Arial Black,serif;\"><span style=\"font-size: large;\"><b>14- <\/b><\/span><\/span><\/span><\/p>\n<p><img loading=\"lazy\" decoding=\"async\" src=\"http:\/\/fisicaevestibular.com.br\/novo\/wp-content\/uploads\/universidades-2015\/ufla\/i_11e2bbd97f4135d7_html_mf68ed18.png\" alt=\"\" width=\"775\" height=\"133\" name=\"Imagem 18\" align=\"BOTTOM\" border=\"0\" \/><\/p>\n<p><span style=\"color: #943634;\"><span style=\"font-family: Arial Black,serif;\"><span style=\"font-size: large;\"><b>15- <\/b><\/span><\/span><\/span><\/p>\n<p><img loading=\"lazy\" decoding=\"async\" src=\"http:\/\/fisicaevestibular.com.br\/novo\/wp-content\/uploads\/universidades-2015\/ufla\/i_11e2bbd97f4135d7_html_m5030692c.png\" alt=\"\" width=\"775\" height=\"477\" name=\"graphics2\" align=\"BOTTOM\" border=\"0\" \/><\/p>\n<p><span style=\"color: #943634;\"><span style=\"font-family: Arial Black,serif;\"><span style=\"font-size: large;\"><b>16- <\/b><\/span><\/span><\/span><\/p>\n<p><img loading=\"lazy\" decoding=\"async\" src=\"http:\/\/fisicaevestibular.com.br\/novo\/wp-content\/uploads\/universidades-2015\/ufla\/i_11e2bbd97f4135d7_html_m23b51a0c.png\" alt=\"\" width=\"775\" height=\"36\" name=\"Imagem 75\" align=\"BOTTOM\" border=\"0\" \/><\/p>\n<p><span style=\"color: #943634;\"><span style=\"font-family: Arial Black,serif;\"><span style=\"font-size: large;\"><b>17- <\/b><\/span><\/span><\/span><\/p>\n<p><img loading=\"lazy\" decoding=\"async\" src=\"http:\/\/fisicaevestibular.com.br\/novo\/wp-content\/uploads\/universidades-2015\/ufla\/i_11e2bbd97f4135d7_html_11887568.png\" alt=\"\" width=\"775\" height=\"52\" name=\"graphics3\" align=\"BOTTOM\" border=\"0\" \/><\/p>\n<p><span style=\"color: #943634;\"><span style=\"font-family: Arial Black,serif;\"><span style=\"font-size: large;\"><b>18- <\/b><\/span><\/span><\/span><span style=\"color: #3333cc;\"><span style=\"font-family: Arial,serif;\"><span style=\"font-size: medium;\"><b>Veja <\/b><\/span><\/span><\/span><span style=\"color: #006600;\"><span style=\"font-family: Arial,serif;\"><span style=\"font-size: medium;\"><b>diagrama<\/b><\/span><\/span><\/span><span style=\"color: #3333cc;\"><span style=\"font-family: Arial,serif;\"><span style=\"font-size: medium;\"><b> de fases abaixo:<\/b><\/span><\/span><\/span><\/p>\n<p align=\"CENTER\"><img loading=\"lazy\" decoding=\"async\" src=\"http:\/\/fisicaevestibular.com.br\/novo\/wp-content\/uploads\/universidades-2015\/ufla\/i_11e2bbd97f4135d7_html_m3443394.png\" alt=\"\" width=\"431\" height=\"273\" name=\"graphics4\" align=\"BOTTOM\" border=\"0\" \/><\/p>\n<p><span style=\"color: #943634;\"><span style=\"font-family: Arial,serif;\"><span style=\"font-size: medium;\"><b>R- A<\/b><\/span><\/span><\/span><\/p>\n<p><span style=\"color: #943634;\"><span style=\"font-family: Arial Black,serif;\"><span style=\"font-size: large;\"><b>19- <\/b><\/span><\/span><\/span><span style=\"color: #3333cc;\"><span style=\"font-family: Arial,serif;\"><span style=\"font-size: medium;\"><b>O <\/b><\/span><\/span><\/span><span style=\"color: #006600;\"><span style=\"font-family: Arial,serif;\"><span style=\"font-size: medium;\"><b>trabalho da for\u00e7a peso independe da trajet\u00f3ria<\/b><\/span><\/span><\/span><span style=\"color: #3333cc;\"><span style=\"font-family: Arial,serif;\"><span style=\"font-size: medium;\"><b>, dependendo apenas das <\/b><\/span><\/span><\/span><span style=\"color: #006600;\"><span style=\"font-family: Arial,serif;\"><span style=\"font-size: medium;\"><b>posi\u00e7\u00f5es inicial (h<\/b><\/span><\/span><\/span><span style=\"color: #006600;\"><sub><span style=\"font-family: Arial,serif;\"><span style=\"font-size: medium;\"><b>i<\/b><\/span><\/span><\/sub><\/span><span style=\"color: #006600;\"><span style=\"font-family: Arial,serif;\"><span style=\"font-size: medium;\"><b>=0) e final (h=3m), nas duas estruturas.<\/b><\/span><\/span><\/span><\/p>\n<p><span style=\"color: #006600;\"><span style=\"font-family: Arial,serif;\"><span style=\"font-size: medium;\"><b>\u00c9 o mesmo nas duas estruturas e vale W<\/b><\/span><\/span><\/span><span style=\"color: #006600;\"><sub><span style=\"font-family: Arial,serif;\"><span style=\"font-size: medium;\"><b>p<\/b><\/span><\/span><\/sub><\/span><span style=\"color: #006600;\"><span style=\"font-family: Arial,serif;\"><span style=\"font-size: medium;\"><b> = mgh \u2013 mgh<\/b><\/span><\/span><\/span><span style=\"color: #006600;\"><sub><span style=\"font-family: Arial,serif;\"><span style=\"font-size: medium;\"><b>i<\/b><\/span><\/span><\/sub><\/span><span style=\"color: #3333cc;\"><span style=\"font-family: Arial,serif;\"><span style=\"font-size: medium;\"><b> = Ph \u2013 Ph<\/b><\/span><\/span><\/span><span style=\"color: #3333cc;\"><sub><span style=\"font-family: Arial,serif;\"><span style=\"font-size: medium;\"><b>i<\/b><\/span><\/span><\/sub><\/span><span style=\"color: #3333cc;\"><span style=\"font-family: Arial,serif;\"><span style=\"font-size: medium;\"><b> =10.3 \u2013 10.0 &#8212; <\/b><\/span><\/span><\/span><span style=\"color: #006600;\"><span style=\"font-family: Arial,serif;\"><span style=\"font-size: medium;\"><b>W<\/b><\/span><\/span><\/span><span style=\"color: #006600;\"><sub><span style=\"font-family: Arial,serif;\"><span style=\"font-size: medium;\"><b>p<\/b><\/span><\/span><\/sub><\/span><span style=\"color: #006600;\"><span style=\"font-family: Arial,serif;\"><span style=\"font-size: medium;\"><b> = &#8211; 30J (negativo, <\/b><\/span><\/span><\/span><span style=\"color: #3333cc;\"><span style=\"font-family: Arial,serif;\"><span style=\"font-size: medium;\"><b>pois na subida a for\u00e7a peso \u00e9 contr\u00e1ria ao deslocamento e o \u00e2ngulo entre P e d \u00e9 180<\/b><\/span><\/span><\/span><span style=\"color: #3333cc;\"><sup><span style=\"font-family: Arial,serif;\"><span style=\"font-size: medium;\"><b>o<\/b><\/span><\/span><\/sup><\/span><span style=\"color: #006600;\"><span style=\"font-family: Arial,serif;\"><span style=\"font-size: medium;\"><b>).<\/b><\/span><\/span><\/span><\/p>\n<p><span style=\"color: #3333cc;\"><span style=\"font-family: Arial,serif;\"><span style=\"font-size: medium;\"><b>Veja fisicaevestibular.com.br \u2013 Din\u00e2mica- mec\u00e2nica \u2013 trabalho da for\u00e7a peso.<\/b><\/span><\/span><\/span><\/p>\n<p><span style=\"color: #943634;\"><span style=\"font-family: Arial,serif;\"><span style=\"font-size: medium;\"><b>R- A<\/b><\/span><\/span><\/span><\/p>\n<p><span style=\"color: #943634;\"><span style=\"font-family: Arial Black,serif;\"><span style=\"font-size: large;\"><b>20- <\/b><\/span><\/span><\/span><span style=\"color: #3333cc;\"><span style=\"font-family: Arial,serif;\"><span style=\"font-size: medium;\"><b>1\/f = 1\/P + 1\/P\u2019 &#8212; 1\/5 = 1\/9 + 1\/P\u2019 &#8212; 1\/5 \u2013 1\/9 = 1\/P\u2019 &#8212; (9 \u2013 5)\/45 = 1\/P\u2019 &#8212; <\/b><\/span><\/span><\/span><span style=\"color: #006600;\"><span style=\"font-family: Arial,serif;\"><span style=\"font-size: medium;\"><b>P\u2019 =45\/4cm.<\/b><\/span><\/span><\/span><\/p>\n<p><span style=\"color: #006600;\"><span style=\"font-family: Arial,serif;\"><span style=\"font-size: medium;\"><b>i\/o = &#8211; P\u2019\/P<\/b><\/span><\/span><\/span><span style=\"color: #3333cc;\"><span style=\"font-family: Arial,serif;\"><span style=\"font-size: medium;\"><b> &#8212; i\/2 = &#8211; (45\/4)\/9 &#8212; <\/b><\/span><\/span><\/span><span style=\"color: #006600;\"><span style=\"font-family: Arial,serif;\"><span style=\"font-size: medium;\"><b>i= &#8211; 5\/2cm (o sinal negative significa que a imagem \u00e9 invertida em rela\u00e7\u00e3o ao objeto).<\/b><\/span><\/span><\/span><\/p>\n<p><span style=\"color: #943634;\"><span style=\"font-family: Arial,serif;\"><span style=\"font-size: medium;\"><b>R- D<\/b><\/span><\/span><\/span><\/p>\n<p>&nbsp;<\/p>\n<h3><span style=\"color: #000080;\"><a style=\"color: #000080;\" title=\"Exerc\u00edcios da UFLA 2015\" href=\"http:\/\/fisicaevestibular.com.br\/novo\/universidades-2015\/exercicios-da-ufla-2015\/\">Confira os Exerc\u00edcios<\/a><\/span><\/h3>\n","protected":false},"excerpt":{"rendered":"<p>RESOLU\u00c7\u00d5ES 01- R- D 02- 03&#8211; R- C (veja fisicaevestibular.com.br \u2013 Mec\u00e2nica \u2013 Din\u00e2mica \u2013 For\u00e7as no movimento circular). 04- 05- 06- 07- 08- 09- Heliocentrismo\u00a0\u00e9 a teoria a respeito do sistema cosmol\u00f3gico, segundo a qual a Terra e os demais planetas giram em torno do\u00a0Sol. Nicolau Cop\u00e9rnico, um polon\u00eas que viveu entre 1453 \u2013 1543, \u00e9 considerado o fundador<\/p>\n","protected":false},"author":1,"featured_media":0,"parent":287,"menu_order":0,"comment_status":"closed","ping_status":"closed","template":"","meta":{"om_disable_all_campaigns":false,"_monsterinsights_skip_tracking":false,"_monsterinsights_sitenote_active":false,"_monsterinsights_sitenote_note":"","_monsterinsights_sitenote_category":0,"footnotes":""},"class_list":["post-289","page","type-page","status-publish","hentry"],"aioseo_notices":[],"_links":{"self":[{"href":"https:\/\/fisicaevestibular.com.br\/novo\/wp-json\/wp\/v2\/pages\/289","targetHints":{"allow":["GET"]}}],"collection":[{"href":"https:\/\/fisicaevestibular.com.br\/novo\/wp-json\/wp\/v2\/pages"}],"about":[{"href":"https:\/\/fisicaevestibular.com.br\/novo\/wp-json\/wp\/v2\/types\/page"}],"author":[{"embeddable":true,"href":"https:\/\/fisicaevestibular.com.br\/novo\/wp-json\/wp\/v2\/users\/1"}],"replies":[{"embeddable":true,"href":"https:\/\/fisicaevestibular.com.br\/novo\/wp-json\/wp\/v2\/comments?post=289"}],"version-history":[{"count":1,"href":"https:\/\/fisicaevestibular.com.br\/novo\/wp-json\/wp\/v2\/pages\/289\/revisions"}],"predecessor-version":[{"id":290,"href":"https:\/\/fisicaevestibular.com.br\/novo\/wp-json\/wp\/v2\/pages\/289\/revisions\/290"}],"up":[{"embeddable":true,"href":"https:\/\/fisicaevestibular.com.br\/novo\/wp-json\/wp\/v2\/pages\/287"}],"wp:attachment":[{"href":"https:\/\/fisicaevestibular.com.br\/novo\/wp-json\/wp\/v2\/media?parent=289"}],"curies":[{"name":"wp","href":"https:\/\/api.w.org\/{rel}","templated":true}]}}