{"id":2737,"date":"2017-02-07T04:06:32","date_gmt":"2017-02-07T04:06:32","guid":{"rendered":"http:\/\/fisicaevestibular.com.br\/novo\/?page_id=2737"},"modified":"2024-07-15T15:28:17","modified_gmt":"2024-07-15T15:28:17","slug":"fmabc-2017","status":"publish","type":"page","link":"https:\/\/fisicaevestibular.com.br\/novo\/universidades-2017\/fmabc-2017\/","title":{"rendered":"FMABC 2017"},"content":{"rendered":"<h3 align=\"CENTER\"><img decoding=\"async\" class=\"alignnone\" src=\"http:\/\/fisicaevestibular.com.br\/novo\/wp-content\/uploads\/universidades-2017\/fmabc\/i_9eb0ae13dc4e2b1d_html_a48bdc03.png\" alt=\"FMABC\" width=\"222\" height=\"121\" name=\"Imagem 50\" align=\"BOTTOM\" border=\"0\" \/><\/h3>\n<p align=\"CENTER\"><span style=\"color: #006600;\"><span style=\"font-family: Viner Hand ITC,serif;\"><span style=\"font-size: large;\"><b>A Faculdade de Medicina do ABC, tamb\u00e9m conhecida como FMABC, \u00e9 uma institui\u00e7\u00e3o de ensino superior localizada no munic\u00edpio de Santo Andr\u00e9, no estado de S\u00e3o Paulo.<\/b><\/span><\/span><\/span><\/p>\n<p align=\"CENTER\"><span style=\"color: #006600;\"><span style=\"font-family: Viner Hand ITC,serif;\"><span style=\"font-size: large;\"><b>\u00c9 mantida pela Funda\u00e7\u00e3o do ABC, entidade civil sem fins lucrativos institu\u00edda pelos munic\u00edpios de Santo Andr\u00e9, S\u00e3o Bernardo do Campo e S\u00e3o Caetano do Sul (SP).<\/b><\/span><\/span><\/span><\/p>\n<p align=\"CENTER\"><span style=\"color: #006600;\"><span style=\"font-family: Viner Hand ITC,serif;\"><span style=\"font-size: large;\"><b>nstitui\u00e7\u00e3o de ensino que motivou a origem da Funda\u00e7\u00e3o do ABC em 1967, a Faculdade de Medicina do ABC foi oficializada um ano depois, em 1968, e iniciou a primeira turma em Santo Andr\u00e9 em 1969. \u00c9 considerada hoje uma das melhores escolas m\u00e9dicas e de ci\u00eancias da sa\u00fade do Pa\u00eds. Exemplo disso \u00e9 a nota m\u00e1xima 5 obtida em 2011 no Enade (Exame Nacional de Desempenho de Estudantes) nos cursos de Medicina e Ci\u00eancias Farmac\u00eauticas.<\/b><\/span><\/span><\/span><\/p>\n<p align=\"CENTER\"><span style=\"color: #006600;\"><span style=\"font-family: Viner Hand ITC,serif;\"><span style=\"font-size: large;\"><b>A faculdade oferece programas que compreendem\u00a0cursos de Gradua\u00e7\u00e3o e P\u00f3s-Gradua\u00e7\u00e3o, para diferentes segmentos dentro da \u00e1rea da sa\u00fade e, da mesma forma, para diferentes n\u00edveis profissionais. Para Gradua\u00e7\u00e3o est\u00e3o dispon\u00edveis os seguintes programas educacionais: Medicina, Ci\u00eancias Farmac\u00eauticas, Enfermagem, Fisioterapia, Gest\u00e3o em Sa\u00fade Ambiental, Nutri\u00e7\u00e3o, Terapia Ocupacional<\/b><\/span><\/span><\/span><\/p>\n<p align=\"CENTER\"><span style=\"color: #006600;\"><span style=\"font-family: Viner Hand ITC,serif;\"><span style=\"font-size: large;\"><b>O sistema que \u00e9 adotado para a sele\u00e7\u00e3o de alunos em seus cursos \u00e9 a prova vestibular tradicional, que acontece somente uma vez por ano<\/b><\/span><\/span><\/span><\/p>\n<p><span style=\"color: #0000cc;\"><span style=\"font-family: Arial Black,serif;\"><span style=\"font-size: large;\"><b>01-(FMABC-SP-017)<\/b><\/span><\/span><\/span><\/p>\n<p><img fetchpriority=\"high\" decoding=\"async\" src=\"http:\/\/fisicaevestibular.com.br\/novo\/wp-content\/uploads\/universidades-2017\/fmabc\/i_9eb0ae13dc4e2b1d_html_b4f64c7c.jpg\" alt=\"\" width=\"674\" height=\"173\" name=\"Imagem 64\" align=\"BOTTOM\" border=\"0\" \/><\/p>\n<p><img decoding=\"async\" src=\"http:\/\/fisicaevestibular.com.br\/novo\/wp-content\/uploads\/universidades-2017\/fmabc\/i_9eb0ae13dc4e2b1d_html_5dc9608f.png\" alt=\"\" width=\"765\" height=\"293\" name=\"Imagem 52\" align=\"BOTTOM\" border=\"0\" \/><\/p>\n<p><span style=\"color: #0000cc;\"><span style=\"font-family: Arial Black,serif;\"><span style=\"font-size: large;\"><b>02-(FMABC-SP-017)<\/b><\/span><\/span><\/span><\/p>\n<p><img loading=\"lazy\" decoding=\"async\" src=\"http:\/\/fisicaevestibular.com.br\/novo\/wp-content\/uploads\/universidades-2017\/fmabc\/i_9eb0ae13dc4e2b1d_html_d51720c1.jpg\" alt=\"\" width=\"625\" height=\"154\" name=\"Imagem 65\" align=\"BOTTOM\" border=\"0\" \/><\/p>\n<p><img loading=\"lazy\" decoding=\"async\" src=\"http:\/\/fisicaevestibular.com.br\/novo\/wp-content\/uploads\/universidades-2017\/fmabc\/i_9eb0ae13dc4e2b1d_html_c5acdd01.png\" alt=\"\" width=\"785\" height=\"233\" name=\"Imagem 10\" align=\"BOTTOM\" border=\"0\" \/><\/p>\n<p><span style=\"color: #0000cc;\"><span style=\"font-family: Arial Black,serif;\"><span style=\"font-size: large;\"><b>03-(FMABC-SP-017)<\/b><\/span><\/span><\/span><\/p>\n<p><img loading=\"lazy\" decoding=\"async\" src=\"http:\/\/fisicaevestibular.com.br\/novo\/wp-content\/uploads\/universidades-2017\/fmabc\/i_9eb0ae13dc4e2b1d_html_aab3bf70.jpg\" alt=\"\" width=\"686\" height=\"168\" name=\"Imagem 66\" align=\"BOTTOM\" border=\"0\" \/><\/p>\n<p><img loading=\"lazy\" decoding=\"async\" src=\"http:\/\/fisicaevestibular.com.br\/novo\/wp-content\/uploads\/universidades-2017\/fmabc\/i_9eb0ae13dc4e2b1d_html_fe47d581.png\" alt=\"\" width=\"765\" height=\"250\" name=\"Imagem 29\" align=\"BOTTOM\" border=\"0\" \/><\/p>\n<p><span style=\"color: #0000cc;\"> <span style=\"font-family: Arial Black,serif;\"><span style=\"font-size: large;\"><b>(FMABC-SP-017)<\/b><\/span><\/span><\/span><\/p>\n<p><span style=\"color: #0000cc;\"><span style=\"font-family: Arial,serif;\"><span style=\"font-size: medium;\"><b>A figura e o texto abaixo se referem \u00e0s quest\u00f5es <\/b><\/span><\/span><\/span><span style=\"color: #0000cc;\"><span style=\"font-family: Arial Black,serif;\"><span style=\"font-size: medium;\"><b>04 e 05<\/b><\/span><\/span><\/span><\/p>\n<p><img loading=\"lazy\" decoding=\"async\" src=\"http:\/\/fisicaevestibular.com.br\/novo\/wp-content\/uploads\/universidades-2017\/fmabc\/i_9eb0ae13dc4e2b1d_html_3d22f4d0.png\" alt=\"\" width=\"765\" height=\"395\" name=\"Imagem 49\" align=\"BOTTOM\" border=\"0\" \/><\/p>\n<p><span style=\"color: #0000cc;\"><span style=\"font-family: Arial Black,serif;\"><span style=\"font-size: large;\"><b>04-(FMABC-SP-017)<\/b><\/span><\/span><\/span><\/p>\n<p><img loading=\"lazy\" decoding=\"async\" src=\"http:\/\/fisicaevestibular.com.br\/novo\/wp-content\/uploads\/universidades-2017\/fmabc\/i_9eb0ae13dc4e2b1d_html_cda99fc4.jpg\" alt=\"\" width=\"667\" height=\"163\" name=\"Imagem 69\" align=\"BOTTOM\" border=\"0\" \/><\/p>\n<p><span style=\"color: #c00000;\"><span style=\"font-family: Arial,serif;\"><span style=\"font-size: medium;\"><b>Determine o <\/b><\/span><\/span><\/span><span style=\"color: #0000cc;\"><span style=\"font-family: Arial,serif;\"><span style=\"font-size: medium;\"><b>valor da temperatura, <\/b><\/span><\/span><\/span><span style=\"color: #c00000;\"><span style=\"font-family: Arial,serif;\"><span style=\"font-size: medium;\"><b>na <\/b><\/span><\/span><\/span><span style=\"color: #0000cc;\"><span style=\"font-family: Arial,serif;\"><span style=\"font-size: medium;\"><b>escala Celsius, <\/b><\/span><\/span><\/span><span style=\"color: #c00000;\"><span style=\"font-family: Arial,serif;\"><span style=\"font-size: medium;\"><b>na qual <\/b><\/span><\/span><\/span><span style=\"color: #0000cc;\"><span style=\"font-family: Arial,serif;\"><span style=\"font-size: medium;\"><b>a l\u00e2mpada ser\u00e1 acesa.<\/b><\/span><\/span><\/span><\/p>\n<p><img loading=\"lazy\" decoding=\"async\" src=\"http:\/\/fisicaevestibular.com.br\/novo\/wp-content\/uploads\/universidades-2017\/fmabc\/i_9eb0ae13dc4e2b1d_html_63a88ea5.png\" alt=\"\" width=\"765\" height=\"19\" name=\"Imagem 13\" align=\"BOTTOM\" border=\"0\" \/><\/p>\n<p><span style=\"color: #0000cc;\"><span style=\"font-family: Arial Black,serif;\"><span style=\"font-size: large;\"><b>05-(FMABC-SP-017)<\/b><\/span><\/span><\/span><\/p>\n<p><img loading=\"lazy\" decoding=\"async\" src=\"http:\/\/fisicaevestibular.com.br\/novo\/wp-content\/uploads\/universidades-2017\/fmabc\/i_9eb0ae13dc4e2b1d_html_fac16577.png\" alt=\"\" width=\"765\" height=\"166\" name=\"Imagem 70\" align=\"BOTTOM\" border=\"0\" \/><\/p>\n<p><span style=\"color: #c00000;\"><span style=\"font-family: Arial,serif;\"><span style=\"font-size: medium;\"><b>Sabendo-se que, quando o <\/b><\/span><\/span><\/span><span style=\"color: #0000cc;\"><span style=\"font-family: Arial,serif;\"><span style=\"font-size: medium;\"><b>circuito \u00e9 fechado<\/b><\/span><\/span><\/span><span style=\"color: #c00000;\"><span style=\"font-family: Arial,serif;\"><span style=\"font-size: medium;\"><b>, a <\/b><\/span><\/span><\/span><span style=\"color: #0000cc;\"><span style=\"font-family: Arial,serif;\"><span style=\"font-size: medium;\"><b>resist\u00eancia equivalente \u00e9 de 10\u2126,<\/b><\/span><\/span><\/span><span style=\"color: #c00000;\"><span style=\"font-family: Arial,serif;\"><span style=\"font-size: medium;\"><b> determine, <\/b><\/span><\/span><\/span><span style=\"color: #0000cc;\"><span style=\"font-family: Arial,serif;\"><span style=\"font-size: medium;\"><b>respectivamente,<\/b><\/span><\/span><\/span><span style=\"color: #c00000;\"><span style=\"font-family: Arial,serif;\"><span style=\"font-size: medium;\"><b> o <\/b><\/span><\/span><\/span><span style=\"color: #0000cc;\"><span style=\"font-family: Arial,serif;\"><span style=\"font-size: medium;\"><b>valor da resist\u00eancia el\u00e9trica da l\u00e2mpada, em ohms, <\/b><\/span><\/span><\/span><span style=\"color: #c00000;\"><span style=\"font-family: Arial,serif;\"><span style=\"font-size: medium;\"><b>a <\/b><\/span><\/span><\/span><span style=\"color: #0000cc;\"><span style=\"font-family: Arial,serif;\"><span style=\"font-size: medium;\"><b>intensidade da corrente el\u00e9trica que a atravessa, em amp\u00e8res, <\/b><\/span><\/span><\/span><span style=\"color: #c00000;\"><span style=\"font-family: Arial,serif;\"><span style=\"font-size: medium;\"><b>e a <\/b><\/span><\/span><\/span><span style=\"color: #0000cc;\"><span style=\"font-family: Arial,serif;\"><span style=\"font-size: medium;\"><b>tens\u00e3o el\u00e9trica a que a l\u00e2mpada fica submetida, em volts. <\/b><\/span><\/span><\/span><span style=\"color: #c00000;\"><span style=\"font-family: Arial,serif;\"><span style=\"font-size: medium;\"><b>Considere <\/b><\/span><\/span><\/span><span style=\"color: #0000cc;\"><span style=\"font-family: Arial,serif;\"><span style=\"font-size: medium;\"><b>desprez\u00edvel a resist\u00eancia el\u00e9trica <\/b><\/span><\/span><\/span><span style=\"color: #c00000;\"><span style=\"font-family: Arial,serif;\"><span style=\"font-size: medium;\"><b>oferecida pelas <\/b><\/span><\/span><\/span><span style=\"color: #0000cc;\"><span style=\"font-family: Arial,serif;\"><span style=\"font-size: medium;\"><b>l\u00e2minas e pelos fios de liga\u00e7\u00e3o.<\/b><\/span><\/span><\/span><\/p>\n<p><img loading=\"lazy\" decoding=\"async\" src=\"http:\/\/fisicaevestibular.com.br\/novo\/wp-content\/uploads\/universidades-2017\/fmabc\/i_9eb0ae13dc4e2b1d_html_7e8b81df.png\" alt=\"\" width=\"781\" height=\"27\" name=\"Imagem 38\" align=\"BOTTOM\" border=\"0\" \/><\/p>\n<p>&nbsp;<\/p>\n<h3><a title=\"Resolu\u00e7\u00e3o comentada das quest\u00f5es de F\u00edsica do vestibular da Faculdade de Medicina do ABC (FMABC) \u2013 2017\" href=\"http:\/\/fisicaevestibular.com.br\/novo\/universidades-2017\/fmabc-2017\/resolucao-comentada-das-questoes-de-fisica-do-vestibular-da-faculdade-de-medicina-do-abc-fmabc-2017\/\"><span style=\"color: #000080;\">Confira as resolu\u00e7\u00f5es comentadas e gabaritos<\/span><\/a><\/h3>\n<p>&nbsp;<\/p>\n<p><a href=\"https:\/\/fisicaevestibular.com.br\/novo\/universidades-2016-a-2012\/\">Clique aqui para ver sobre o tema!<\/a><\/p>\n<p><a href=\"https:\/\/www.youtube.com\/user\/fisicaevestibular\/playlists\">Confira as v\u00eddeo aulas!<\/a><\/p>\n","protected":false},"excerpt":{"rendered":"<p>A Faculdade de Medicina do ABC, tamb\u00e9m conhecida como FMABC, \u00e9 uma institui\u00e7\u00e3o de ensino superior localizada no munic\u00edpio de Santo Andr\u00e9, no estado de S\u00e3o Paulo. \u00c9 mantida pela Funda\u00e7\u00e3o do ABC, entidade civil sem fins lucrativos institu\u00edda pelos munic\u00edpios de Santo Andr\u00e9, S\u00e3o Bernardo do Campo e S\u00e3o Caetano do Sul (SP). nstitui\u00e7\u00e3o de ensino que motivou a<\/p>\n","protected":false},"author":1,"featured_media":0,"parent":2648,"menu_order":0,"comment_status":"closed","ping_status":"closed","template":"","meta":{"om_disable_all_campaigns":false,"_monsterinsights_skip_tracking":false,"_monsterinsights_sitenote_active":false,"_monsterinsights_sitenote_note":"","_monsterinsights_sitenote_category":0,"footnotes":""},"class_list":["post-2737","page","type-page","status-publish","hentry"],"aioseo_notices":[],"_links":{"self":[{"href":"https:\/\/fisicaevestibular.com.br\/novo\/wp-json\/wp\/v2\/pages\/2737","targetHints":{"allow":["GET"]}}],"collection":[{"href":"https:\/\/fisicaevestibular.com.br\/novo\/wp-json\/wp\/v2\/pages"}],"about":[{"href":"https:\/\/fisicaevestibular.com.br\/novo\/wp-json\/wp\/v2\/types\/page"}],"author":[{"embeddable":true,"href":"https:\/\/fisicaevestibular.com.br\/novo\/wp-json\/wp\/v2\/users\/1"}],"replies":[{"embeddable":true,"href":"https:\/\/fisicaevestibular.com.br\/novo\/wp-json\/wp\/v2\/comments?post=2737"}],"version-history":[{"count":4,"href":"https:\/\/fisicaevestibular.com.br\/novo\/wp-json\/wp\/v2\/pages\/2737\/revisions"}],"predecessor-version":[{"id":10452,"href":"https:\/\/fisicaevestibular.com.br\/novo\/wp-json\/wp\/v2\/pages\/2737\/revisions\/10452"}],"up":[{"embeddable":true,"href":"https:\/\/fisicaevestibular.com.br\/novo\/wp-json\/wp\/v2\/pages\/2648"}],"wp:attachment":[{"href":"https:\/\/fisicaevestibular.com.br\/novo\/wp-json\/wp\/v2\/media?parent=2737"}],"curies":[{"name":"wp","href":"https:\/\/api.w.org\/{rel}","templated":true}]}}