{"id":270,"date":"2014-12-13T20:16:40","date_gmt":"2014-12-13T20:16:40","guid":{"rendered":"http:\/\/fisicaevestibular.com.br\/novo\/?page_id=270"},"modified":"2024-09-02T16:52:23","modified_gmt":"2024-09-02T16:52:23","slug":"resolucao-comentada-da-puc-sp-2015","status":"publish","type":"page","link":"https:\/\/fisicaevestibular.com.br\/novo\/universidades-2015\/exercicios-da-puc-sp-2015\/resolucao-comentada-da-puc-sp-2015\/","title":{"rendered":"Resolu\u00e7\u00e3o comentada da PUC SP 2015"},"content":{"rendered":"<p align=\"CENTER\"><span style=\"color: #0000cc;\"><span style=\"font-family: Arial Black,serif;\"><span style=\"font-size: large;\">RESOLU\u00c7\u00d5ES<\/span><\/span><\/span><\/p>\n<p><span style=\"color: #0000cc;\"><span style=\"font-family: Arial Black,serif;\"><span style=\"font-size: large;\"><b>01- <\/b><\/span><\/span><\/span><\/p>\n<p><img fetchpriority=\"high\" decoding=\"async\" src=\"http:\/\/fisicaevestibular.com.br\/novo\/wp-content\/uploads\/universidades-2015\/pucsp\/i_0452c88fbeb309e4_html_17eab5b3.png\" alt=\"\" width=\"775\" height=\"148\" name=\"Imagem 45\" align=\"BOTTOM\" border=\"0\" \/><\/p>\n<p><img decoding=\"async\" src=\"http:\/\/fisicaevestibular.com.br\/novo\/wp-content\/uploads\/universidades-2015\/pucsp\/i_0452c88fbeb309e4_html_m686865c0.png\" alt=\"\" width=\"774\" height=\"223\" name=\"Imagem 46\" align=\"BOTTOM\" border=\"0\" \/><\/p>\n<p><img decoding=\"async\" src=\"http:\/\/fisicaevestibular.com.br\/novo\/wp-content\/uploads\/universidades-2015\/pucsp\/i_0452c88fbeb309e4_html_5fb5c91d.png\" alt=\"\" width=\"775\" height=\"378\" name=\"Imagem 47\" align=\"BOTTOM\" border=\"0\" \/><\/p>\n<p><span style=\"color: #0000cc;\"><span style=\"font-family: Arial Black,serif;\"><span style=\"font-size: large;\"><b>02- <\/b><\/span><\/span><\/span><\/p>\n<p><img loading=\"lazy\" decoding=\"async\" src=\"http:\/\/fisicaevestibular.com.br\/novo\/wp-content\/uploads\/universidades-2015\/pucsp\/i_0452c88fbeb309e4_html_m36eb67d0.png\" alt=\"\" width=\"781\" height=\"234\" name=\"Imagem 48\" align=\"BOTTOM\" border=\"0\" \/><\/p>\n<p><span style=\"color: #000066;\"><span style=\"font-family: Arial Black,serif;\"><span style=\"font-size: large;\"><span lang=\"pt-PT\"><b>03- <\/b><\/span><\/span><\/span><\/span><\/p>\n<p><img loading=\"lazy\" decoding=\"async\" src=\"http:\/\/fisicaevestibular.com.br\/novo\/wp-content\/uploads\/universidades-2015\/pucsp\/i_0452c88fbeb309e4_html_59b42f29.png\" alt=\"\" width=\"775\" height=\"67\" name=\"Imagem 49\" align=\"BOTTOM\" border=\"0\" \/><\/p>\n<p><img loading=\"lazy\" decoding=\"async\" src=\"http:\/\/fisicaevestibular.com.br\/novo\/wp-content\/uploads\/universidades-2015\/pucsp\/i_0452c88fbeb309e4_html_8e7b9c1.png\" alt=\"\" width=\"775\" height=\"529\" name=\"Imagem 50\" align=\"BOTTOM\" border=\"0\" \/><\/p>\n<p><span style=\"color: #943634;\"><span style=\"font-family: Arial,serif;\"><span style=\"font-size: medium;\"><b>R- A <\/b><\/span><\/span><\/span><\/p>\n<p><span style=\"color: #000066;\"><span style=\"font-family: Arial Black,serif;\"><span style=\"font-size: large;\"><span lang=\"pt-PT\"><b>04- <\/b><\/span><\/span><\/span><\/span><span style=\"color: #943634;\"><span style=\"font-family: Arial,serif;\"><span style=\"font-size: medium;\"><b>Lente<\/b><\/span><\/span><\/span><span style=\"color: #000066;\"><span style=\"font-family: Arial,serif;\"><span style=\"font-size: medium;\"><b> &#8211;<\/b><\/span><\/span><\/span><span style=\"color: #000066;\"><span style=\"font-family: Arial,serif;\"><span style=\"font-size: medium;\"><b>\u00a0Dispositivo feito de material homog\u00eaneo e transparente no qual uma das superf\u00edcies \u00e9 <\/b><\/span><\/span><\/span><span style=\"color: #943634;\"><span style=\"font-family: Arial,serif;\"><span style=\"font-size: medium;\"><b>plana e a outra esf\u00e9rica ou as duas superf\u00edcies s\u00e3o esf\u00e9ricas.<\/b><\/span><\/span><\/span><\/p>\n<p><span style=\"color: #000066;\"><span style=\"font-family: Arial,serif;\"><span style=\"font-size: medium;\"><b>Ser\u00e3o chamadas <\/b><\/span><\/span><\/span><span style=\"color: #943634;\"><span style=\"font-family: Arial,serif;\"><span style=\"font-size: medium;\"><b>lentes delgadas <\/b><\/span><\/span><\/span><span style=\"color: #000066;\"><span style=\"font-family: Arial,serif;\"><span style=\"font-size: medium;\"><b>quando sua espessura for desprez\u00edvel em rela\u00e7\u00e3o ao seu <\/b><\/span><\/span><\/span><span style=\"color: #943634;\"><span style=\"font-family: Arial,serif;\"><span style=\"font-size: medium;\"><b>raio de curvatura <\/b><\/span><\/span><\/span><span style=\"color: #000066;\"><span style=\"font-family: Arial,serif;\"><span style=\"font-size: medium;\"><b>que \u00e9 o raio da(s) circunfer\u00eancias que as geraram..\u00a0\u00a0\u00a0\u00a0\u00a0\u00a0\u00a0\u00a0\u00a0\u00a0\u00a0\u00a0\u00a0\u00a0\u00a0\u00a0\u00a0\u00a0\u00a0\u00a0\u00a0\u00a0\u00a0\u00a0\u00a0\u00a0\u00a0\u00a0\u00a0\u00a0\u00a0\u00a0\u00a0\u00a0\u00a0\u00a0\u00a0<\/b><\/span><\/span><\/span><\/p>\n<p align=\"CENTER\"><img loading=\"lazy\" decoding=\"async\" src=\"http:\/\/fisicaevestibular.com.br\/novo\/wp-content\/uploads\/universidades-2015\/pucsp\/i_0452c88fbeb309e4_html_633a92ad.png\" alt=\"\" width=\"599\" height=\"337\" name=\"Imagem 51\" align=\"BOTTOM\" border=\"0\" \/><\/p>\n<p><span style=\"color: #000066;\"><span style=\"font-family: Arial,serif;\"><span style=\"font-size: medium;\"><b>A <\/b><\/span><\/span><\/span><span style=\"color: #943634;\"><span style=\"font-family: Arial,serif;\"><span style=\"font-size: medium;\"><b>composi\u00e7\u00e3o<\/b><\/span><\/span><\/span><span style=\"color: #000066;\"><span style=\"font-family: Arial,serif;\"><span style=\"font-size: medium;\"><b> do <\/b><\/span><\/span><\/span><span style=\"color: #943634;\"><span style=\"font-family: Arial,serif;\"><span style=\"font-size: medium;\"><b>nome de lente <\/b><\/span><\/span><\/span><span style=\"color: #000066;\"><span style=\"font-family: Arial,serif;\"><span style=\"font-size: medium;\"><b>\u00e9 feita da seguinte maneira:<\/b><\/span><\/span><\/span><\/p>\n<p>Primeiramente colocamos o <span style=\"color: #943634;\"><span style=\"font-family: Arial,serif;\"><span style=\"font-size: medium;\"><b>nome da face de maior raio de curvatura <\/b><\/span><\/span><\/span><span style=\"color: #000066;\"><span style=\"font-family: Arial,serif;\"><span style=\"font-size: medium;\"><b>e, em seguida, o <\/b><\/span><\/span><\/span><span style=\"color: #943634;\"><span style=\"font-family: Arial,serif;\"><span style=\"font-size: medium;\"><b>nome da de menor raio de curvatura;<br \/>\n<\/b><\/span><\/span><\/span><span style=\"color: #000066;\"><span style=\"font-family: Arial,serif;\"><span style=\"font-size: medium;\"><b>Quando as <\/b><\/span><\/span><\/span><span style=\"color: #943634;\"><span style=\"font-family: Arial,serif;\"><span style=\"font-size: medium;\"><b>duas faces t\u00eam nomes iguais<\/b><\/span><\/span><\/span><span style=\"color: #000066;\"><span style=\"font-family: Arial,serif;\"><span style=\"font-size: medium;\"><b>, fazemos uso do <\/b><\/span><\/span><\/span><span style=\"color: #943634;\"><span style=\"font-family: Arial,serif;\"><span style=\"font-size: medium;\"><b>prefixo bi <\/b><\/span><\/span><\/span><span style=\"color: #000066;\"><span style=\"font-family: Arial,serif;\"><span style=\"font-size: medium;\"><b>(<\/b><\/span><\/span><\/span><span style=\"color: #943634;\"><span style=\"font-family: Arial,serif;\"><span style=\"font-size: medium;\"><b>bi<\/b><\/span><\/span><\/span><span style=\"color: #000066;\"><span style=\"font-family: Arial,serif;\"><span style=\"font-size: medium;\"><b>convexa, <\/b><\/span><\/span><\/span><span style=\"color: #943634;\"><span style=\"font-family: Arial,serif;\"><span style=\"font-size: medium;\"><b>bi<\/b><\/span><\/span><\/span><span style=\"color: #000066;\"><span style=\"font-family: Arial,serif;\"><span style=\"font-size: medium;\"><b>c\u00f4ncava);<br \/>\nQuando uma das faces \u00e9 <\/b><\/span><\/span><\/span><span style=\"color: #943634;\"><span style=\"font-family: Arial,serif;\"><span style=\"font-size: medium;\"><b>plana, seu nome vem em primeiro lugar <\/b><\/span><\/span><\/span><span style=\"color: #000066;\"><span style=\"font-family: Arial,serif;\"><span style=\"font-size: medium;\"><b>(plano-c\u00f4ncava ou plano-convexa), pois o raio da superf\u00edcie plana \u00e9 o maior de todos (tende ao infinito)..<\/b><\/span><\/span><\/span><\/p>\n<p><span style=\"color: #000066;\"><span style=\"font-family: Arial,serif;\"><span style=\"font-size: medium;\"><b>Veja na <\/b><\/span><\/span><\/span><span style=\"color: #943634;\"><span style=\"font-family: Arial,serif;\"><span style=\"font-size: medium;\"><b>figura abaixo <\/b><\/span><\/span><\/span><span style=\"color: #000066;\"><span style=\"font-family: Arial,serif;\"><span style=\"font-size: medium;\"><b>os nomes corretos de <\/b><\/span><\/span><\/span><span style=\"color: #943634;\"><span style=\"font-family: Arial,serif;\"><span style=\"font-size: medium;\"><b>cada lente <\/b><\/span><\/span><\/span><span style=\"color: #000066;\"><span style=\"font-family: Arial,serif;\"><span style=\"font-size: medium;\"><b>do exerc\u00edcio:<\/b><\/span><\/span><\/span><\/p>\n<p align=\"CENTER\"><img loading=\"lazy\" decoding=\"async\" src=\"http:\/\/fisicaevestibular.com.br\/novo\/wp-content\/uploads\/universidades-2015\/pucsp\/i_0452c88fbeb309e4_html_a2e1709.png\" alt=\"\" width=\"330\" height=\"207\" name=\"Imagem 52\" align=\"BOTTOM\" border=\"0\" \/><\/p>\n<p><span style=\"color: #000066;\"><span style=\"font-family: Arial,serif;\"><span style=\"font-size: medium;\"><b>Observe que as <\/b><\/span><\/span><\/span><span style=\"color: #943634;\"><span style=\"font-family: Arial,serif;\"><span style=\"font-size: medium;\"><b>afirmativas C e D s\u00e3o id\u00eanticas <\/b><\/span><\/span><\/span><span style=\"color: #000066;\"><span style=\"font-family: Arial,serif;\"><span style=\"font-size: medium;\"><b>e n\u00e3o h\u00e1 <\/b><\/span><\/span><\/span><span style=\"color: #943634;\"><span style=\"font-family: Arial,serif;\"><span style=\"font-size: medium;\"><b>nenhuma afirmativa correta.<\/b><\/span><\/span><\/span><\/p>\n<p><span style=\"color: #000066;\"><span style=\"font-family: Arial Black,serif;\"><span style=\"font-size: large;\"><b>05- <\/b><\/span><\/span><\/span><span style=\"color: #333399;\"><span style=\"font-family: Arial,serif;\"><span style=\"font-size: medium;\"><b>Se a <\/b><\/span><\/span><\/span><span style=\"color: #943634;\"><span style=\"font-family: Arial,serif;\"><span style=\"font-size: medium;\"><b>densidade da \u00e1gua \u00e9 d<\/b><\/span><\/span><\/span><span style=\"color: #943634;\"><sub><span style=\"font-family: Arial,serif;\"><span style=\"font-size: medium;\"><b>a<\/b><\/span><\/span><\/sub><\/span><span style=\"color: #943634;\"><span style=\"font-family: Arial,serif;\"><span style=\"font-size: medium;\"><b> = 1kg\/L<\/b><\/span><\/span><\/span><span style=\"color: #333399;\"><span style=\"font-family: Arial,serif;\"><span style=\"font-size: medium;\"><b>, isso significa que um <\/b><\/span><\/span><\/span><span style=\"color: #943634;\"><span style=\"font-family: Arial,serif;\"><span style=\"font-size: medium;\"><b>volume de 1L de \u00e1gua possui massa de m=1kg = 1000g.<\/b><\/span><\/span><\/span><\/p>\n<p><span style=\"color: #333399;\"><span style=\"font-family: Arial,serif;\"><span style=\"font-size: medium;\"><b>S\u00e3o dados: <\/b><\/span><\/span><\/span><span style=\"color: #943634;\"><span style=\"font-family: Arial,serif;\"><span style=\"font-size: medium;\"><b>m = 1kg = 1000g; c = 1 cal.g<\/b><\/span><\/span><\/span><span style=\"color: #943634;\"><sup><span style=\"font-family: Arial,serif;\"><span style=\"font-size: medium;\"><b>-1<\/b><\/span><\/span><\/sup><\/span><b> <\/b><span style=\"color: #943634;\"><sup><span style=\"font-family: Arial,serif;\"><span style=\"font-size: medium;\"><b>o<\/b><\/span><\/span><\/sup><\/span><span style=\"color: #943634;\"><span style=\"font-family: Arial,serif;\"><span style=\"font-size: medium;\"><b>c<\/b><\/span><\/span><\/span><span style=\"color: #943634;\"><sup><span style=\"font-family: Arial,serif;\"><span style=\"font-size: medium;\"><b>-1<\/b><\/span><\/span><\/sup><\/span><span style=\"color: #943634;\"><span style=\"font-family: Arial,serif;\"><span style=\"font-size: medium;\"><b> e L = 540 cal.g<\/b><\/span><\/span><\/span><span style=\"color: #943634;\"><sup><span style=\"font-family: Arial,serif;\"><span style=\"font-size: medium;\"><b>-1<\/b><\/span><\/span><\/sup><\/span><span style=\"color: #943634;\"><span style=\"font-family: Arial,serif;\"><span style=\"font-size: medium;\"><b>.<\/b><\/span><\/span><\/span><\/p>\n<p><span style=\"color: #333399;\"><span style=\"font-family: Arial,serif;\"><span style=\"font-size: medium;\"><b>Quantidade de calor <\/b><\/span><\/span><\/span><span style=\"color: #943634;\"><span style=\"font-family: Arial,serif;\"><span style=\"font-size: medium;\"><b>Q<\/b><\/span><\/span><\/span><span style=\"color: #943634;\"><sub><span style=\"font-family: Arial,serif;\"><span style=\"font-size: medium;\"><b>1 <\/b><\/span><\/span><\/sub><\/span><span style=\"color: #333399;\"><span style=\"font-family: Arial,serif;\"><span style=\"font-size: medium;\"><b>necess\u00e1rio para <\/b><\/span><\/span><\/span><span style=\"color: #943634;\"><span style=\"font-family: Arial,serif;\"><span style=\"font-size: medium;\"><b>elevar a temperatura de m = 1000g de \u00e1gua de calor espec\u00edfico (sens\u00edvel) c = 1 cal.g<\/b><\/span><\/span><\/span><span style=\"color: #943634;\"><sup><span style=\"font-family: Arial,serif;\"><span style=\"font-size: medium;\"><b>-1<\/b><\/span><\/span><\/sup><\/span><span style=\"color: #943634;\"><span style=\"font-family: Arial,serif;\"><span style=\"font-size: medium;\"><b>.<\/b><\/span><\/span><\/span><span style=\"color: #943634;\"><sup><span style=\"font-family: Arial,serif;\"><span style=\"font-size: medium;\"><b>o<\/b><\/span><\/span><\/sup><\/span><span style=\"color: #943634;\"><span style=\"font-family: Arial,serif;\"><span style=\"font-size: medium;\"><b>C<\/b><\/span><\/span><\/span><span style=\"color: #943634;\"><sup><span style=\"font-family: Arial,serif;\"><span style=\"font-size: medium;\"><b>-1<\/b><\/span><\/span><\/sup><\/span><span style=\"color: #943634;\"><span style=\"font-family: Arial,serif;\"><span style=\"font-size: medium;\"><b> de 20<\/b><\/span><\/span><\/span><span style=\"color: #943634;\"><sup><span style=\"font-family: Arial,serif;\"><span style=\"font-size: medium;\"><b>o<\/b><\/span><\/span><\/sup><\/span><span style=\"color: #943634;\"><span style=\"font-family: Arial,serif;\"><span style=\"font-size: medium;\"><b>C para 100<\/b><\/span><\/span><\/span><span style=\"color: #943634;\"><sup><span style=\"font-family: Arial,serif;\"><span style=\"font-size: medium;\"><b>o<\/b><\/span><\/span><\/sup><\/span><span style=\"color: #943634;\"><span style=\"font-family: Arial,serif;\"><span style=\"font-size: medium;\"><b>C;<\/b><\/span><\/span><\/span><\/p>\n<p><span style=\"color: #943634;\"><span style=\"font-family: Arial,serif;\"><span style=\"font-size: medium;\"><b>Q<\/b><\/span><\/span><\/span><span style=\"color: #943634;\"><sub><span style=\"font-family: Arial,serif;\"><span style=\"font-size: medium;\"><b>1<\/b><\/span><\/span><\/sub><\/span><span style=\"color: #943634;\"><span style=\"font-family: Arial,serif;\"><span style=\"font-size: medium;\"><b> = m.c.(\u03b8 \u2013 \u03b8<\/b><\/span><\/span><\/span><span style=\"color: #943634;\"><sub><span style=\"font-family: Arial,serif;\"><span style=\"font-size: medium;\"><b>o<\/b><\/span><\/span><\/sub><\/span><span style=\"color: #943634;\"><span style=\"font-family: Arial,serif;\"><span style=\"font-size: medium;\"><b>) <\/b><\/span><\/span><\/span><span style=\"color: #333399;\"><span style=\"font-family: Arial,serif;\"><span style=\"font-size: medium;\"><b>= 1000.1.(100 \u2013 20) <\/b><\/span><\/span><\/span><span style=\"color: #943634;\"><span style=\"font-family: Arial,serif;\"><span style=\"font-size: medium;\"><b>= 80 000 cal.<\/b><\/span><\/span><\/span><\/p>\n<p><span style=\"color: #333399;\"><span style=\"font-family: Arial,serif;\"><span style=\"font-size: medium;\"><b>Quantidade de calor <\/b><\/span><\/span><\/span><span style=\"color: #943634;\"><span style=\"font-family: Arial,serif;\"><span style=\"font-size: medium;\"><b>Q<\/b><\/span><\/span><\/span><span style=\"color: #943634;\"><sub><span style=\"font-family: Arial,serif;\"><span style=\"font-size: medium;\"><b>2<\/b><\/span><\/span><\/sub><\/span><b> <\/b><span style=\"color: #333399;\"><span style=\"font-family: Arial,serif;\"><span style=\"font-size: medium;\"><b>necess\u00e1rio para <\/b><\/span><\/span><\/span><span style=\"color: #943634;\"><span style=\"font-family: Arial,serif;\"><span style=\"font-size: medium;\"><b>vaporizar totalmente a massa m = 1000g de \u00e1gua cujo calor latente de vaporiza\u00e7\u00e3o \u00e9 L = 540 cal.g<\/b><\/span><\/span><\/span><span style=\"color: #943634;\"><sup><span style=\"font-family: Arial,serif;\"><span style=\"font-size: medium;\"><b>-1<\/b><\/span><\/span><\/sup><\/span><span style=\"color: #943634;\"><span style=\"font-family: Arial,serif;\"><span style=\"font-size: medium;\"><b>:<\/b><\/span><\/span><\/span><\/p>\n<p><span style=\"color: #943634;\"><span style=\"font-family: Arial,serif;\"><span style=\"font-size: medium;\"><b>Q<\/b><\/span><\/span><\/span><span style=\"color: #943634;\"><sub><span style=\"font-family: Arial,serif;\"><span style=\"font-size: medium;\"><b>2<\/b><\/span><\/span><\/sub><\/span><span style=\"color: #943634;\"><span style=\"font-family: Arial,serif;\"><span style=\"font-size: medium;\"><b> = m.L <\/b><\/span><\/span><\/span><span style=\"color: #333399;\"><span style=\"font-family: Arial,serif;\"><span style=\"font-size: medium;\"><b>= 1000.540 <\/b><\/span><\/span><\/span><span style=\"color: #943634;\"><span style=\"font-family: Arial,serif;\"><span style=\"font-size: medium;\"><b>= 540 000 cal.<\/b><\/span><\/span><\/span><\/p>\n<p><span style=\"color: #333399;\"><span style=\"font-family: Arial,serif;\"><span style=\"font-size: medium;\"><b>A <\/b><\/span><\/span><\/span><span style=\"color: #943634;\"><span style=\"font-family: Arial,serif;\"><span style=\"font-size: medium;\"><b>quantidade de calor <\/b><\/span><\/span><\/span><span style=\"color: #333399;\"><span style=\"font-family: Arial,serif;\"><span style=\"font-size: medium;\"><b>total necess\u00e1rio para vaporizar totalmente 1 litro <\/b><\/span><\/span><\/span><span style=\"color: #943634;\"><span style=\"font-family: Arial,serif;\"><span style=\"font-size: medium;\"><b>(m = 1000g) de \u00e1gua inicialmente a 20<\/b><\/span><\/span><\/span><span style=\"color: #943634;\"><sup><span style=\"font-family: Arial,serif;\"><span style=\"font-size: medium;\"><b>o<\/b><\/span><\/span><\/sup><\/span><span style=\"color: #943634;\"><span style=\"font-family: Arial,serif;\"><span style=\"font-size: medium;\"><b> C \u00e9 de:<\/b><\/span><\/span><\/span><\/p>\n<p><span style=\"color: #943634;\"><span style=\"font-family: Arial,serif;\"><span style=\"font-size: medium;\"><b>Q = Q<\/b><\/span><\/span><\/span><span style=\"color: #943634;\"><sub><span style=\"font-family: Arial,serif;\"><span style=\"font-size: medium;\"><b>1<\/b><\/span><\/span><\/sub><\/span><span style=\"color: #943634;\"><span style=\"font-family: Arial,serif;\"><span style=\"font-size: medium;\"><b> + Q<\/b><\/span><\/span><\/span><span style=\"color: #943634;\"><sub><span style=\"font-family: Arial,serif;\"><span style=\"font-size: medium;\"><b>2<\/b><\/span><\/span><\/sub><\/span><b> <\/b><span style=\"color: #333399;\"><span style=\"font-family: Arial,serif;\"><span style=\"font-size: medium;\"><b>= 80 000 + 540 000 <\/b><\/span><\/span><\/span><span style=\"color: #943634;\"><span style=\"font-family: Arial,serif;\"><span style=\"font-size: medium;\"><b>= 620 000 cal.<\/b><\/span><\/span><\/span><\/p>\n<p><img loading=\"lazy\" decoding=\"async\" src=\"http:\/\/fisicaevestibular.com.br\/novo\/wp-content\/uploads\/universidades-2015\/pucsp\/i_0452c88fbeb309e4_html_mb3b16ba.png\" alt=\"\" width=\"772\" height=\"222\" name=\"Imagem 53\" align=\"BOTTOM\" border=\"0\" \/><\/p>\n<p>&nbsp;<\/p>\n<h3><span style=\"color: #000080;\"><a style=\"color: #000080;\" title=\"Exerc\u00edcios da PUC SP 2015\" href=\"http:\/\/fisicaevestibular.com.br\/novo\/universidades-2015\/exercicios-da-puc-sp-2015\/\">Confira os exerc\u00edcios<\/a><\/span><\/h3>\n","protected":false},"excerpt":{"rendered":"<p>RESOLU\u00c7\u00d5ES 01- 02- 03- R- A 04- Lente &#8211;\u00a0Dispositivo feito de material homog\u00eaneo e transparente no qual uma das superf\u00edcies \u00e9 plana e a outra esf\u00e9rica ou as duas superf\u00edcies s\u00e3o esf\u00e9ricas. Ser\u00e3o chamadas lentes delgadas quando sua espessura for desprez\u00edvel em rela\u00e7\u00e3o ao seu raio de curvatura que \u00e9 o raio da(s) circunfer\u00eancias que as geraram..\u00a0\u00a0\u00a0\u00a0\u00a0\u00a0\u00a0\u00a0\u00a0\u00a0\u00a0\u00a0\u00a0\u00a0\u00a0\u00a0\u00a0\u00a0\u00a0\u00a0\u00a0\u00a0\u00a0\u00a0\u00a0\u00a0\u00a0\u00a0\u00a0\u00a0\u00a0\u00a0\u00a0\u00a0\u00a0\u00a0\u00a0 A composi\u00e7\u00e3o do<\/p>\n","protected":false},"author":1,"featured_media":0,"parent":268,"menu_order":0,"comment_status":"closed","ping_status":"closed","template":"","meta":{"om_disable_all_campaigns":false,"_monsterinsights_skip_tracking":false,"_monsterinsights_sitenote_active":false,"_monsterinsights_sitenote_note":"","_monsterinsights_sitenote_category":0,"footnotes":""},"class_list":["post-270","page","type-page","status-publish","hentry"],"aioseo_notices":[],"_links":{"self":[{"href":"https:\/\/fisicaevestibular.com.br\/novo\/wp-json\/wp\/v2\/pages\/270","targetHints":{"allow":["GET"]}}],"collection":[{"href":"https:\/\/fisicaevestibular.com.br\/novo\/wp-json\/wp\/v2\/pages"}],"about":[{"href":"https:\/\/fisicaevestibular.com.br\/novo\/wp-json\/wp\/v2\/types\/page"}],"author":[{"embeddable":true,"href":"https:\/\/fisicaevestibular.com.br\/novo\/wp-json\/wp\/v2\/users\/1"}],"replies":[{"embeddable":true,"href":"https:\/\/fisicaevestibular.com.br\/novo\/wp-json\/wp\/v2\/comments?post=270"}],"version-history":[{"count":2,"href":"https:\/\/fisicaevestibular.com.br\/novo\/wp-json\/wp\/v2\/pages\/270\/revisions"}],"predecessor-version":[{"id":272,"href":"https:\/\/fisicaevestibular.com.br\/novo\/wp-json\/wp\/v2\/pages\/270\/revisions\/272"}],"up":[{"embeddable":true,"href":"https:\/\/fisicaevestibular.com.br\/novo\/wp-json\/wp\/v2\/pages\/268"}],"wp:attachment":[{"href":"https:\/\/fisicaevestibular.com.br\/novo\/wp-json\/wp\/v2\/media?parent=270"}],"curies":[{"name":"wp","href":"https:\/\/api.w.org\/{rel}","templated":true}]}}