{"id":2600,"date":"2016-11-11T02:02:24","date_gmt":"2016-11-11T02:02:24","guid":{"rendered":"http:\/\/fisicaevestibular.com.br\/novo\/?page_id=2600"},"modified":"2024-09-02T16:32:01","modified_gmt":"2024-09-02T16:32:01","slug":"resolucao-comentada-dos-exercicios-de-vestibulares-sobre-reflexao-da-luz-espelhos-planos","status":"publish","type":"page","link":"https:\/\/fisicaevestibular.com.br\/novo\/raciocinio-logico\/reflexao-da-luz-espelhos-planos\/resolucao-comentada-dos-exercicios-de-vestibulares-sobre-reflexao-da-luz-espelhos-planos\/","title":{"rendered":"Reflex\u00e3o da Luz &#8211; Espelhos Planos &#8211; Resolu\u00e7\u00e3o"},"content":{"rendered":"<p align=\"CENTER\"><span style=\"font-family: Times New Roman,serif;\"><span style=\"font-size: medium;\"><span style=\"color: #c00000;\"><span style=\"font-family: Arial Black,serif;\"><span style=\"font-size: large;\"><b>Resolu\u00e7\u00e3o comentada dos exerc\u00edcios de vestibulares sobre <\/b><\/span><\/span><\/span><\/span><\/span><\/p>\n<p align=\"CENTER\"><span style=\"font-family: Times New Roman,serif;\"><span style=\"font-size: medium;\"><span style=\"color: #0000cc;\"><span style=\"font-family: Arial Black,serif;\"><span style=\"font-size: large;\"><b>Reflex\u00e3o da Luz &#8211; Espelhos Planos<\/b><\/span><\/span><\/span><\/span><\/span><\/p>\n<p>&nbsp;<\/p>\n<p><span style=\"font-family: Times New Roman,serif;\"><span style=\"font-size: medium;\"><span style=\"color: #c00000;\"><span style=\"font-family: Arial Black,serif;\"><b>01-<\/b><\/span><\/span><span style=\"color: #c00000;\"><span style=\"font-family: Arial,serif;\"><b>\u00a0<\/b><\/span><\/span><span style=\"color: #0000cc;\"><span style=\"font-family: Arial,serif;\"><b>Veja esbo\u00e7o abaixo<\/b><\/span><\/span><\/span><\/span><\/p>\n<p><img fetchpriority=\"high\" decoding=\"async\" src=\"http:\/\/fisicaevestibular.com.br\/novo\/wp-content\/uploads\/migracao\/raclogico\/reflexaoluz\/i_f188c7fb1d9264da_html_66d15782.png\" alt=\"\" width=\"776\" height=\"227\" name=\"Imagem 61\" align=\"BOTTOM\" border=\"0\" \/><\/p>\n<p><span style=\"font-family: Times New Roman,serif;\"><span style=\"font-size: medium;\"><span style=\"color: #0000cc;\"><span style=\"font-family: Arial,serif;\"><b>R-D.<\/b><\/span><\/span><\/span><\/span><\/p>\n<p>&nbsp;<\/p>\n<p><span style=\"font-family: Times New Roman,serif;\"><span style=\"font-size: medium;\"><span style=\"color: #c00000;\"><span style=\"font-family: Arial Black,serif;\"><b>02-<\/b><\/span><\/span><b> <\/b><span style=\"color: #0000cc;\"><span style=\"font-family: Arial,serif;\"><b>O caminh\u00e3o X se aproxima do carro com velocidade relativa de V<\/b><\/span><\/span><span style=\"color: #0000cc;\"><sub><span style=\"font-family: Arial,serif;\"><b>Xo<\/b><\/span><\/sub><\/span><span style=\"color: #0000cc;\"><span style=\"font-family: Arial,serif;\"><b>=50 \u2013 40 =10km\/h e a jovem v\u00ea, pelo espelho retrovisor, sua imagem se aproximar com o dobro desse valor, ou seja, V<\/b><\/span><\/span><span style=\"color: #0000cc;\"><sub><span style=\"font-family: Arial,serif;\"><b>Xi<\/b><\/span><\/sub><\/span><span style=\"color: #0000cc;\"><span style=\"font-family: Arial,serif;\"><b>=20km\/h.<\/b><\/span><\/span><\/span><\/span><\/p>\n<p><img decoding=\"async\" src=\"http:\/\/fisicaevestibular.com.br\/novo\/wp-content\/uploads\/migracao\/raclogico\/reflexaoluz\/i_f188c7fb1d9264da_html_afa960e3.png\" alt=\"\" width=\"777\" height=\"135\" name=\"Imagem 62\" align=\"BOTTOM\" border=\"0\" \/><\/p>\n<p><span style=\"font-family: Times New Roman,serif;\"><span style=\"font-size: medium;\"><span style=\"color: #0000cc;\"><span style=\"font-family: Arial,serif;\"><b>Ent\u00e3o o caminh\u00e3o Y, para manter velocidade relativa de 10km\/h deve se mover para a direita com velocidade de\u00a0 V<\/b><\/span><\/span><span style=\"color: #0000cc;\"><sub><span style=\"font-family: Arial,serif;\"><b>Y<\/b><\/span><\/sub><\/span><span style=\"color: #0000cc;\"><span style=\"font-family: Arial,serif;\"><b>o=30 \u2013 20=10kmh\u00a0\u00a0&#8212; \u00a0\u00a0R- E.<\/b><\/span><\/span><\/span><\/span><\/p>\n<p>&nbsp;<\/p>\n<p><span style=\"font-family: Times New Roman,serif;\"><span style=\"font-size: medium;\"><span style=\"color: #c00000;\"><span style=\"font-family: Arial Black,serif;\"><b>03-<\/b><\/span><\/span><span style=\"color: #c00000;\"><span style=\"font-family: Arial,serif;\"><b>\u00a0<\/b><\/span><\/span><span style=\"color: #0000cc;\"><span style=\"font-family: Arial,serif;\"><b>Objeto e imagem s\u00e3o equidistantes do espelho (veja esquema abaixo).<\/b><\/span><\/span><\/span><\/span><\/p>\n<p align=\"CENTER\"><img decoding=\"async\" src=\"http:\/\/fisicaevestibular.com.br\/novo\/wp-content\/uploads\/migracao\/raclogico\/reflexaoluz\/i_f188c7fb1d9264da_html_ad1c5db6.png\" alt=\"\" width=\"552\" height=\"235\" name=\"Imagem 63\" align=\"BOTTOM\" border=\"0\" \/><\/p>\n<p><span style=\"font-family: Times New Roman,serif;\"><span style=\"font-size: medium;\"><span style=\"color: #0000cc;\"><span style=\"font-family: Arial,serif;\"><b>R- D.\u00a0<\/b><\/span><\/span><\/span><\/span><\/p>\n<p>&nbsp;<\/p>\n<p><span style=\"font-family: Times New Roman,serif;\"><span style=\"font-size: medium;\"><span style=\"color: #c00000;\"><span style=\"font-family: Arial Black,serif;\"><b>04-<\/b><\/span><\/span><span style=\"color: #c00000;\"><span style=\"font-family: Arial,serif;\"><b>\u00a0<\/b><\/span><\/span><span style=\"color: #0000cc;\"><span style=\"font-family: Arial,serif;\"><b>Os raios de luz para serem vistos pelo observador P devem sair do objeto, sofrer reflex\u00e3o no espelho e atingir os olhos do observador P, mas o prolongamentodesses raios deve chegar at\u00e9 a imagem do observador que \u00e9 P\u2019\u00a0\u00a0&#8212;\u00a0 o raio incidente A \u00e9 interrompido no anteparo e n\u00e3o \u00e9 visto\u00a0\u00a0&#8212;\u00a0\u00a0os raios B e C incidem no espelho e se refletem atingindo os olhos do observador P, que os v\u00ea\u00a0\u00a0&#8212;\u00a0\u00a0o raio refletido D \u00e9 interrompido no anteparo n\u00e3o atingindo os olhos do observador que n\u00e3o o v\u00ea\u00a0\u00a0&#8212;\u00a0\u00a0o raio E n\u00e3o atinge o espelho n\u00e3o sofrendo, portanto, reflex\u00e3o e n\u00e3o atingindo o observador\u00a0\u00a0&#8211;<\/b><\/span><\/span><span style=\"color: #0000cc;\"><span style=\"font-family: Arial,serif;\"><b>&#8212;\u00a0\u00a0R- D.<\/b><\/span><\/span><\/span><\/span><img loading=\"lazy\" decoding=\"async\" src=\"http:\/\/fisicaevestibular.com.br\/novo\/wp-content\/uploads\/migracao\/raclogico\/reflexaoluz\/i_f188c7fb1d9264da_html_37971acc.png\" alt=\"\" width=\"528\" height=\"288\" name=\"Imagem 64\" align=\"LEFT\" border=\"0\" hspace=\"12\" \/><\/p>\n<p>&nbsp;<\/p>\n<p>&nbsp;<\/p>\n<p><span style=\"font-family: Times New Roman,serif;\"><span style=\"font-size: medium;\"><span style=\"color: #c00000;\"><span style=\"font-family: Arial Black,serif;\"><b>05-<\/b><\/span><\/span><span style=\"color: #c00000;\"><span style=\"font-family: Arial,serif;\"><b>\u00a0<\/b><\/span><\/span><\/span><\/span><\/p>\n<p><img loading=\"lazy\" decoding=\"async\" src=\"http:\/\/fisicaevestibular.com.br\/novo\/wp-content\/uploads\/migracao\/raclogico\/reflexaoluz\/i_f188c7fb1d9264da_html_f9e17d2e.png\" alt=\"\" width=\"418\" height=\"275\" name=\"Imagem 65\" align=\"LEFT\" border=\"0\" hspace=\"12\" \/><\/p>\n<p>&nbsp;<\/p>\n<p>&nbsp;<\/p>\n<p>&nbsp;<\/p>\n<p>&nbsp;<\/p>\n<p><span style=\"font-family: Times New Roman,serif;\"><span style=\"font-size: medium;\"><span style=\"color: #0000cc;\"><span style=\"font-family: Arial,serif;\"><b>Localizar (s\u2019), imagem de (s), equidistantes do espelho&#8212;\u00a0\u00a0o raio de luz sai do ponto S do sapato, atinge o espelho em B, sofre reflex\u00e3o a\u00ed e atinge o olho da pessoa, fazendo-a enxergar S<\/b><\/span><\/span><span style=\"color: #0000cc;\"><span style=\"font-family: Arial,serif;\"><b>\u00a0\u00a0&#8212;\u00a0\u00a0R- B.<\/b><\/span><\/span><\/span><\/span><\/p>\n<p>&nbsp;<\/p>\n<p>&nbsp;<\/p>\n<p>&nbsp;<\/p>\n<p>&nbsp;<\/p>\n<p>&nbsp;<\/p>\n<p>&nbsp;<\/p>\n<p>&nbsp;<\/p>\n<p><span style=\"font-family: Times New Roman,serif;\"><span style=\"font-size: medium;\"><span style=\"color: #c00000;\"><span style=\"font-family: Arial Black,serif;\"><b>06-<\/b><\/span><\/span><span style=\"color: #c00000;\"><span style=\"font-family: Arial,serif;\"><b>\u00a0<\/b><\/span><\/span><span style=\"color: #0000cc;\"><span style=\"font-family: Arial,serif;\"><b>Quando o raio de luz incide em cada espelho voc\u00ea tra\u00e7a a normal em cada ponto de incid\u00eancia e o \u00e2ngulo de incid\u00eancia e o de reflex\u00e3o em cada caso s\u00e3o iguais (espelho de cima 10<\/b><\/span><\/span><span style=\"color: #0000cc;\"><sup><span style=\"font-family: Arial,serif;\"><b>o<\/b><\/span><\/sup><\/span><span style=\"color: #0000cc;\"><span style=\"font-family: Arial,serif;\"><b>\u00a0e o de baixo 20<\/b><\/span><\/span><span style=\"color: #0000cc;\"><sup><span style=\"font-family: Arial,serif;\"><b>o<\/b><\/span><\/sup><\/span><span style=\"color: #0000cc;\"><span style=\"font-family: Arial,serif;\"><b>)&#8212;\u00a0\u00a0observe no tri\u00e2ngulo<\/b><\/span><\/span><\/span><\/span><\/p>\n<p><img loading=\"lazy\" decoding=\"async\" src=\"http:\/\/fisicaevestibular.com.br\/novo\/wp-content\/uploads\/migracao\/raclogico\/reflexaoluz\/i_f188c7fb1d9264da_html_ae1d2db7.png\" alt=\"\" width=\"773\" height=\"285\" name=\"Imagem 66\" align=\"BOTTOM\" border=\"0\" \/><\/p>\n<p><span style=\"font-family: Times New Roman,serif;\"><span style=\"font-size: medium;\"><span style=\"color: #0000cc;\"><span style=\"font-family: Arial,serif;\"><b>hachurado\u00a0\u00a0que a soma dos \u00e2ngulos internos \u00e9 de 180<\/b><\/span><\/span><span style=\"color: #0000cc;\"><sup><span style=\"font-family: Arial,serif;\"><b>o<\/b><\/span><\/sup><\/span><span style=\"color: #0000cc;\"><span style=\"font-family: Arial,serif;\"><b>,ou seja, \u03b1 + 20 + 40=180\u00a0\u00a0&#8212;\u00a0\u00a0\u03b1=120<\/b><\/span><\/span><span style=\"color: #0000cc;\"><sup><span style=\"font-family: Arial,serif;\"><b>o<\/b><\/span><\/sup><\/span><span style=\"color: #0000cc;\"><span style=\"font-family: Arial,serif;\"><b>&#8212;\u00a0\u00a0R- D.<\/b><\/span><\/span><\/span><\/span><\/p>\n<p>&nbsp;<\/p>\n<p><span style=\"font-family: Times New Roman,serif;\"><span style=\"font-size: medium;\"><span style=\"color: #c00000;\"><span style=\"font-family: Arial Black,serif;\"><b>07<\/b><\/span><\/span><span style=\"color: #c00000;\"><span style=\"font-family: Arial Black,serif;\"><b>&#8211;<\/b><\/span><\/span><b> <\/b><span style=\"color: #0000cc;\"><span style=\"font-family: Arial,serif;\"><b>Veja a figura abaixo onde se pede para determinar a dist\u00e2ncia d&#8212;\u00a0\u00a0aplicando Pit\u00e1goras no tri\u00e2ngulo hachurado\u00a0 &#8212;<\/b><\/span><\/span><\/span><\/span><\/p>\n<p align=\"CENTER\"><img loading=\"lazy\" decoding=\"async\" src=\"http:\/\/fisicaevestibular.com.br\/novo\/wp-content\/uploads\/migracao\/raclogico\/reflexaoluz\/i_f188c7fb1d9264da_html_f4507e28.png\" alt=\"\" width=\"459\" height=\"276\" name=\"Imagem 67\" align=\"BOTTOM\" border=\"0\" \/><\/p>\n<p><span style=\"font-family: Times New Roman,serif;\"><span style=\"font-size: medium;\"><span style=\"color: #0000cc;\"><span style=\"font-family: Arial,serif;\"><b>tri\u00e2ngulo hachurado\u00a0 &#8212;\u00a0 d<\/b><\/span><\/span><span style=\"color: #0000cc;\"><sup><span style=\"font-family: Arial,serif;\"><b>2<\/b><\/span><\/sup><\/span><span style=\"color: #0000cc;\"><span style=\"font-family: Arial,serif;\"><b>\u00a0= 5<\/b><\/span><\/span><span style=\"color: #0000cc;\"><sup><span style=\"font-family: Arial,serif;\"><b>2<\/b><\/span><\/sup><\/span><span style=\"color: #0000cc;\"><span style=\"font-family: Arial,serif;\"><b>\u00a0+ 5<\/b><\/span><\/span><span style=\"color: #0000cc;\"><sup><span style=\"font-family: Arial,serif;\"><b>2<\/b><\/span><\/sup><\/span><span style=\"color: #0000cc;\"><span style=\"font-family: Arial,serif;\"><b>=2.5<\/b><\/span><\/span><span style=\"color: #0000cc;\"><sup><span style=\"font-family: Arial,serif;\"><b>2<\/b><\/span><\/sup><\/span><span style=\"color: #0000cc;\"><span style=\"font-family: Arial,serif;\"><b>\u00a0 &#8212;\u00a0\u00a0<\/b><\/span><\/span><span style=\"color: #0000cc;\"><span style=\"font-family: Arial,serif;\"><b>d=5\u221a2 m<\/b><\/span><\/span><\/span><\/span><\/p>\n<p>&nbsp;<\/p>\n<p><span style=\"font-family: Times New Roman,serif;\"><span style=\"font-size: medium;\"><span style=\"color: #c00000;\"><span style=\"font-family: Arial Black,serif;\"><b>08-<\/b><\/span><\/span><span style=\"color: #c00000;\"><span style=\"font-family: Arial,serif;\"><b>\u00a0<\/b><\/span><\/span><span style=\"color: #0000cc;\"><span style=\"font-family: Arial,serif;\"><b>A partir dos comprimentos indicados, pode-sedesenhar um tri\u00e2ngulo ret\u00e2ngulo em que a hipotenusa \u00e9 a dist\u00e2ncia\u00a0<\/b><\/span><\/span><\/span><\/span><\/p>\n<p><img loading=\"lazy\" decoding=\"async\" src=\"http:\/\/fisicaevestibular.com.br\/novo\/wp-content\/uploads\/migracao\/raclogico\/reflexaoluz\/i_f188c7fb1d9264da_html_1077a32.png\" alt=\"\" width=\"775\" height=\"255\" name=\"Imagem 68\" align=\"BOTTOM\" border=\"0\" \/><\/p>\n<p><span style=\"font-family: Times New Roman,serif;\"><span style=\"font-size: medium;\"><span style=\"color: #0000cc;\"><span style=\"font-family: Arial,serif;\"><b>da moeda de 50centavos \u00e0 imagem da moeda de 10 centavos e os catetos valem 24 cm e (28 cm + 4 cm)= 32 cm, onde o segmento de tamanho 4 cm se originou da dist\u00e2ncia da imagem da moeda de 10 centavos ao espelho\u00a0 &#8212;\u00a0 \u00a0teorema de Pit\u00e1goras, a hipotenusa desse tri\u00e2ngulo ret\u00e2ngulo \u00e9 igual a 40 cm\u00a0\u00a0&#8212;\u00a0\u00a0<\/b><\/span><\/span><span style=\"color: #0000cc;\"><span style=\"font-family: Arial,serif;\"><b>R- D.<\/b><\/span><\/span><\/span><\/span><\/p>\n<p>&nbsp;<\/p>\n<p><span style=\"font-family: Times New Roman,serif;\"><span style=\"font-size: medium;\"><span style=\"color: #c00000;\"><span style=\"font-family: Arial Black,serif;\"><b>09-<\/b><\/span><\/span><span style=\"color: #c00000;\"><span style=\"font-family: Arial,serif;\"><b>\u00a0<\/b><\/span><\/span><span style=\"color: #0000cc;\"><span style=\"font-family: Arial,serif;\"><b>A express\u00e3o (n=360\/\u03b1 \u2013 1) s\u00f3 \u00e9 v\u00e1lida para um objeto\u00a0 &#8212;\u00a0 n=360\/60 \u2013 1\u00a0 &#8212;\u00a0 n=5 imagens\u00a0 de um indiv\u00edduo&#8212;\u00a0 2 indiv\u00edduos \u2013 10 imagens + os\u00a0 2 objetos\u00a0 &#8212;\u00a0\u00a0 na foto aparecem\u00a0<\/b><\/span><\/span><span style=\"color: #0000cc;\"><span style=\"font-family: Arial,serif;\"><b>12 indiv\u00edduos<\/b><\/span><\/span><span style=\"color: #0000cc;\"><span style=\"font-family: Arial,serif;\"><b>.<\/b><\/span><\/span><\/span><\/span><\/p>\n<p>&nbsp;<\/p>\n<p><span style=\"font-family: Times New Roman,serif;\"><span style=\"font-size: medium;\"><span style=\"color: #c00000;\"><span style=\"font-family: Arial Black,serif;\"><b>10-<\/b><\/span><\/span><span style=\"color: #c00000;\"><span style=\"font-family: Arial,serif;\"><b>\u00a0<\/b><\/span><\/span><span style=\"color: #0000cc;\"><span style=\"font-family: Arial,serif;\"><b>Sendo \u03b1=90<\/b><\/span><\/span><span style=\"color: #0000cc;\"><sup><span style=\"font-family: Arial,serif;\"><b>o<\/b><\/span><\/sup><\/span><span style=\"color: #0000cc;\"><span style=\"font-family: Arial,serif;\"><b>&#8212;\u00a0\u00a0n=360\/\u03b1 \u2013 1\u00a0\u00a0&#8212;\u00a0\u00a0n=360\/90 \u2013 1=4 \u2013 1=3 imagens\u00a0\u00a0&#8212;\u00a0\u00a0aimagem frontal aos dois espelhos est\u00e1 de<\/b><\/span><\/span><\/span><\/span><\/p>\n<p align=\"CENTER\"><img loading=\"lazy\" decoding=\"async\" src=\"http:\/\/fisicaevestibular.com.br\/novo\/wp-content\/uploads\/migracao\/raclogico\/reflexaoluz\/i_f188c7fb1d9264da_html_2aa95ae9.png\" alt=\"\" width=\"659\" height=\"275\" name=\"Imagem 69\" align=\"BOTTOM\" border=\"0\" \/><\/p>\n<p><span style=\"font-family: Times New Roman,serif;\"><span style=\"font-size: medium;\"><span style=\"color: #0000cc;\"><span style=\"font-family: Arial,serif;\"><b>frente para o objeto e objeto e imagem frontal n\u00e3o s\u00e3o reversos ou revertidos, ou seja, n\u00e3o trocam direita pela esquerda\u00a0<\/b><\/span><\/span><\/span><\/span><\/p>\n<p><span style=\"font-family: Times New Roman,serif;\"><span style=\"font-size: medium;\"><span style=\"color: #0000cc;\"><span style=\"font-family: Arial,serif;\"><b>R- A<\/b><\/span><\/span><\/span><\/span><\/p>\n<p><span style=\"font-family: Times New Roman,serif;\"><span style=\"font-size: medium;\"><span style=\"color: #c00000;\"><span style=\"font-family: Arial Black,serif;\"><b>11-<\/b><\/span><\/span><span style=\"color: #0000cc;\"><span style=\"font-family: Arial,serif;\"><b>Observe as figuras abaixo onde a primeira imagem P\u2019 (conjugada pelo espelho E) funciona como objeto para o espelho E\u2019, originando a imagem P\u2019\u2019, que \u00e9 vista pelo observador (figura da esquerda) e <\/b><\/span><\/span><\/span><\/span><\/p>\n<p><img loading=\"lazy\" decoding=\"async\" src=\"http:\/\/fisicaevestibular.com.br\/novo\/wp-content\/uploads\/migracao\/raclogico\/reflexaoluz\/i_f188c7fb1d9264da_html_ceaa266b.png\" alt=\"\" width=\"773\" height=\"446\" name=\"Imagem 70\" align=\"BOTTOM\" border=\"0\" \/><\/p>\n<p><span style=\"font-family: Times New Roman,serif;\"><span style=\"font-size: medium;\"><span style=\"color: #0000cc;\"><span style=\"font-family: Arial,serif;\"><b>os raios de luz que possibilitam essa visualiza\u00e7\u00e3o est\u00e3o na figura da direita. Esses dois espelhos planos que constituem o perisc\u00f3pio fornecem, a partir da luz proveniente de um objeto real (no caso, o passarinho), uma imagem final\u00a0P\u2019\u2019 virtual,\u00a0do mesmo tamanho do objeto e n\u00e3o reversa (n\u00e3o troca direita pela esquerda).<\/b><\/span><\/span><\/span><\/span><\/p>\n<p>&nbsp;<\/p>\n<p>&nbsp;<\/p>\n<p><span style=\"font-family: Times New Roman,serif;\"><span style=\"font-size: medium;\"><span style=\"color: #c00000;\"><span style=\"font-family: Arial Black,serif;\"><b>12<\/b><\/span><\/span><span style=\"color: #c00000;\"><span style=\"font-family: Arial Black,serif;\"><b>&#8211;<\/b><\/span><\/span><b> <\/b><span style=\"color: #0000cc;\"><span style=\"font-family: Arial,serif;\"><b>a), b) e c)<\/b><\/span><\/span><\/span><\/span><\/p>\n<p><img loading=\"lazy\" decoding=\"async\" src=\"http:\/\/fisicaevestibular.com.br\/novo\/wp-content\/uploads\/migracao\/raclogico\/reflexaoluz\/i_f188c7fb1d9264da_html_dece462e.png\" alt=\"\" width=\"779\" height=\"227\" name=\"Imagem 71\" align=\"BOTTOM\" border=\"0\" \/><\/p>\n<p><span style=\"color: #0000cc;\">\u00a0<\/span><\/p>\n<p><span style=\"font-family: Times New Roman,serif;\"><span style=\"font-size: medium;\"><span style=\"color: #c00000;\"><span style=\"font-family: Arial Black,serif;\"><b>13-<\/b><\/span><\/span><span style=\"color: #c00000;\"><span style=\"font-family: Arial,serif;\"><b>\u00a0<\/b><\/span><\/span><span style=\"color: #0000cc;\"><span style=\"font-family: Arial,serif;\"><b>Como a imagem da foto do quadro \u00e9 invertida e reversa, o quadro original Q, que \u00e9 o objeto, ter\u00e1 a apar\u00eancia da figura 1\u00a0\u00a0&#8212;\u00a0\u00a0O sistema de espelhos deixa a imagem desse objeto, invertendo-o e <\/b><\/span><\/span><\/span><\/span><\/p>\n<p align=\"CENTER\"><img loading=\"lazy\" decoding=\"async\" src=\"http:\/\/fisicaevestibular.com.br\/novo\/wp-content\/uploads\/migracao\/raclogico\/reflexaoluz\/i_f188c7fb1d9264da_html_ec16d36d.png\" alt=\"\" width=\"384\" height=\"139\" name=\"Imagem 2\" align=\"BOTTOM\" border=\"0\" \/><\/p>\n<p><span style=\"font-family: Times New Roman,serif;\"><span style=\"font-size: medium;\"><span style=\"color: #0000cc;\"><span style=\"font-family: Arial,serif;\"><b>revertendo-o\u00a0 conforme a \u00a0figura 2\u00a0\u00a0&#8212;\u00a0\u00a0a m\u00e1quina fotogr\u00e1fica capta a imagem anterior, invertendo-a e revertendo-a novamente e deixando-a como na figura 3.\u00a0<\/b><\/span><\/span><\/span><\/span><\/p>\n<p><span style=\"font-family: Times New Roman,serif;\"><span style=\"font-size: medium;\"><span style=\"color: #0000cc;\"><span style=\"font-family: Arial,serif;\"><b>R- A<\/b><\/span><\/span><\/span><\/span><\/p>\n<p>&nbsp;<\/p>\n<p><span style=\"font-family: Times New Roman,serif;\"><span style=\"font-size: medium;\"><span style=\"color: #c00000;\"><span style=\"font-family: Arial Black,serif;\"><b>14-<\/b><\/span><\/span><span style=\"color: #c00000;\"><span style=\"font-family: Arial,serif;\"><b>\u00a0<\/b><\/span><\/span><span style=\"color: #0000cc;\"><span style=\"font-family: Arial,serif;\"><b>Observe que \u00a0\u03b1 = 4 n\u00a0 &#8212;\u00a0 o n\u00famero de imagens (n) obtidas pela associa\u00e7\u00e3o de dois espelhos planos que formam entre si um \u00e2ngulo \u03b1 (em graus) \u00e9 dado pela express\u00e3o\u00a0 &#8212;\u00a0 n=(360\/ \u03b1) \u2013 1\u00a0 &#8212;\u00a0 n=(360\/4n) \u2013 1\u00a0 &#8212;\u00a0 n<\/b><\/span><\/span><span style=\"color: #0000cc;\"><sup><span style=\"font-family: Arial,serif;\"><b>2<\/b><\/span><\/sup><\/span><span style=\"color: #0000cc;\"><span style=\"font-family: Arial,serif;\"><b>\u00a0+ n -90=0\u00a0 &#8212;\u00a0 n=-1 \u00b1 \u221a(1<\/b><\/span><\/span><span style=\"color: #0000cc;\"><sup><span style=\"font-family: Arial,serif;\"><b>2<\/b><\/span><\/sup><\/span><span style=\"color: #0000cc;\"><span style=\"font-family: Arial,serif;\"><b>\u00a0+ 360)\/2\u00a0 &#8212;\u00a0 n= (- 1 \u00b1 19)\/2\u00a0 &#8212;\u00a0 desprezando a resposta negativa\u00a0 &#8212;\u00a0 n=9\u00a0 &#8212;\u00a0 \u03b1=4n\u00a0 &#8212;\u00a0\u00a0<\/b><\/span><\/span><span style=\"color: #0000cc;\"><span style=\"font-family: Arial,serif;\"><b>\u03b1=36<\/b><\/span><\/span><span style=\"color: #0000cc;\"><sup><span style=\"font-family: Arial,serif;\"><b>o<\/b><\/span><\/sup><\/span><\/span><\/span><\/p>\n<p>&nbsp;<\/p>\n<h3><a title=\"Reflex\u00e3o da luz \u2013 Espelhos planos\" href=\"http:\/\/fisicaevestibular.com.br\/novo\/raciocinio-logico\/reflexao-da-luz-espelhos-planos\/\"><span style=\"color: #000080;\">Voltar para os exerc\u00edcios<\/span><\/a><\/h3>\n","protected":false},"excerpt":{"rendered":"<p>Resolu\u00e7\u00e3o comentada dos exerc\u00edcios de vestibulares sobre Reflex\u00e3o da Luz &#8211; Espelhos Planos &nbsp; 01-\u00a0Veja esbo\u00e7o abaixo R-D. &nbsp; 02- O caminh\u00e3o X se aproxima do carro com velocidade relativa de VXo=50 \u2013 40 =10km\/h e a jovem v\u00ea, pelo espelho retrovisor, sua imagem se aproximar com o dobro desse valor, ou seja, VXi=20km\/h. Ent\u00e3o o caminh\u00e3o Y, para manter<\/p>\n","protected":false},"author":1,"featured_media":0,"parent":2598,"menu_order":0,"comment_status":"closed","ping_status":"closed","template":"","meta":{"om_disable_all_campaigns":false,"_monsterinsights_skip_tracking":false,"_monsterinsights_sitenote_active":false,"_monsterinsights_sitenote_note":"","_monsterinsights_sitenote_category":0,"footnotes":""},"class_list":["post-2600","page","type-page","status-publish","hentry"],"aioseo_notices":[],"_links":{"self":[{"href":"https:\/\/fisicaevestibular.com.br\/novo\/wp-json\/wp\/v2\/pages\/2600","targetHints":{"allow":["GET"]}}],"collection":[{"href":"https:\/\/fisicaevestibular.com.br\/novo\/wp-json\/wp\/v2\/pages"}],"about":[{"href":"https:\/\/fisicaevestibular.com.br\/novo\/wp-json\/wp\/v2\/types\/page"}],"author":[{"embeddable":true,"href":"https:\/\/fisicaevestibular.com.br\/novo\/wp-json\/wp\/v2\/users\/1"}],"replies":[{"embeddable":true,"href":"https:\/\/fisicaevestibular.com.br\/novo\/wp-json\/wp\/v2\/comments?post=2600"}],"version-history":[{"count":3,"href":"https:\/\/fisicaevestibular.com.br\/novo\/wp-json\/wp\/v2\/pages\/2600\/revisions"}],"predecessor-version":[{"id":10986,"href":"https:\/\/fisicaevestibular.com.br\/novo\/wp-json\/wp\/v2\/pages\/2600\/revisions\/10986"}],"up":[{"embeddable":true,"href":"https:\/\/fisicaevestibular.com.br\/novo\/wp-json\/wp\/v2\/pages\/2598"}],"wp:attachment":[{"href":"https:\/\/fisicaevestibular.com.br\/novo\/wp-json\/wp\/v2\/media?parent=2600"}],"curies":[{"name":"wp","href":"https:\/\/api.w.org\/{rel}","templated":true}]}}