{"id":259,"date":"2014-12-13T20:06:54","date_gmt":"2014-12-13T20:06:54","guid":{"rendered":"http:\/\/fisicaevestibular.com.br\/novo\/?page_id=259"},"modified":"2024-09-02T16:55:20","modified_gmt":"2024-09-02T16:55:20","slug":"resolucao-comentada-da-uerj-2015","status":"publish","type":"page","link":"https:\/\/fisicaevestibular.com.br\/novo\/universidades-2015\/exercicios-da-uerj-2015\/resolucao-comentada-da-uerj-2015\/","title":{"rendered":"Resolu\u00e7\u00e3o comentada da UERJ 2015"},"content":{"rendered":"<p align=\"CENTER\"><span style=\"color: #c00000;\"><span style=\"font-family: 'Arial Black', serif;\"><span style=\"font-size: large;\"><b>Resolu\u00e7\u00f5es<\/b><\/span><\/span><\/span><\/p>\n<p><span style=\"color: #660066;\"><span style=\"font-family: 'Arial Black', serif;\"><span style=\"font-size: large;\"><b>01- <\/b><\/span><\/span><\/span><span style=\"color: #660066;\"><span style=\"font-family: Arial, serif;\"><span style=\"font-size: medium;\"><b>Observe que s\u00e3o desprezados os atritos e o <\/b><\/span><\/span><\/span><span style=\"color: #0000cc;\"><span style=\"font-family: Arial, serif;\"><span style=\"font-size: medium;\"><b>helic\u00f3ptero<\/b><\/span><\/span><\/span><span style=\"color: #660066;\"><span style=\"font-family: Arial, serif;\"><span style=\"font-size: medium;\"><b> est\u00e1 em <\/b><\/span><\/span><\/span><span style=\"color: #0000cc;\"><span style=\"font-family: Arial, serif;\"><span style=\"font-size: medium;\"><b>movimento retil\u00edneo <\/b><\/span><\/span><\/span><span style=\"color: #660066;\"><span style=\"font-family: Arial, serif;\"><span style=\"font-size: medium;\"><b>e, como <\/b><\/span><\/span><\/span><span style=\"color: #0000cc;\"><span style=\"font-family: Arial, serif;\"><span style=\"font-size: medium;\"><b>cada pacote atinge o solo em um ponto exatamente embaixo do helic\u00f3ptero<\/b><\/span><\/span><\/span><span style=\"color: #660066;\"><span style=\"font-family: Arial, serif;\"><span style=\"font-size: medium;\"><b>, ele (helic\u00f3ptero) est\u00e1 com <\/b><\/span><\/span><\/span><span style=\"color: #0000cc;\"><span style=\"font-family: Arial, serif;\"><span style=\"font-size: medium;\"><b>velocidade constante (acelera\u00e7\u00e3o nula).<\/b><\/span><\/span><\/span><\/p>\n<p><span style=\"color: #ff0000;\"><span style=\"font-family: Arial, serif;\"><span style=\"font-size: medium;\"><b>R- C<\/b><\/span><\/span><\/span><\/p>\n<p><span style=\"color: #660066;\"><span style=\"font-family: 'Arial Black', serif;\"><span style=\"font-size: large;\"><b>02-<\/b><\/span><\/span><\/span><\/p>\n<p><img fetchpriority=\"high\" decoding=\"async\" src=\"http:\/\/fisicaevestibular.com.br\/novo\/wp-content\/uploads\/universidades-2015\/uerj\/i_e55550c499dedf48_html_66f53cdc.png\" alt=\"\" width=\"775\" height=\"240\" name=\"Imagem 6\" align=\"BOTTOM\" border=\"0\" \/><\/p>\n<p><img decoding=\"async\" src=\"http:\/\/fisicaevestibular.com.br\/novo\/wp-content\/uploads\/universidades-2015\/uerj\/i_e55550c499dedf48_html_439f9878.png\" alt=\"\" width=\"775\" height=\"228\" name=\"graphics4\" align=\"BOTTOM\" border=\"0\" \/><\/p>\n<p><span style=\"color: #660066;\"><span style=\"font-family: 'Arial Black', serif;\"><span style=\"font-size: large;\"><b>03-<\/b><\/span><\/span><\/span><\/p>\n<p><img decoding=\"async\" src=\"http:\/\/fisicaevestibular.com.br\/novo\/wp-content\/uploads\/universidades-2015\/uerj\/i_e55550c499dedf48_html_69fddbd7.png\" alt=\"\" width=\"775\" height=\"89\" name=\"Imagem 68\" align=\"BOTTOM\" border=\"0\" \/><\/p>\n<p><span style=\"color: #660066;\"><span style=\"font-family: 'Arial Black', serif;\"><span style=\"font-size: large;\"><b>04-<\/b><\/span><\/span><\/span><\/p>\n<p><img loading=\"lazy\" decoding=\"async\" src=\"http:\/\/fisicaevestibular.com.br\/novo\/wp-content\/uploads\/universidades-2015\/uerj\/i_e55550c499dedf48_html_397194b8.png\" alt=\"\" width=\"754\" height=\"420\" name=\"Imagem 69\" align=\"BOTTOM\" border=\"0\" \/><\/p>\n<p><span style=\"color: #ff0000;\"><span style=\"font-family: Arial, serif;\"><span style=\"font-size: medium;\"><b>R- D<\/b><\/span><\/span><\/span><\/p>\n<p><span style=\"color: #660066;\"><span style=\"font-family: 'Arial Black', serif;\"><span style=\"font-size: large;\"><b>05- <\/b><\/span><\/span><\/span><span style=\"color: #660066;\"><span style=\"font-family: Arial, serif;\"><span style=\"font-size: medium;\"><b>A fun\u00e7\u00e3o de um <\/b><\/span><\/span><\/span><span style=\"color: #0000cc;\"><span style=\"font-family: Arial, serif;\"><span style=\"font-size: medium;\"><b>transformador <\/b><\/span><\/span><\/span><span style=\"color: #660066;\"><span style=\"font-family: Arial, serif;\"><span style=\"font-size: medium;\"><b>\u00e9 aumentar ou diminuir a diferen\u00e7a de potencial\u00a0 (voltagem).\u00a0Trata-se<\/b><\/span><\/span><\/span><\/p>\n<p align=\"CENTER\"><img loading=\"lazy\" decoding=\"async\" src=\"http:\/\/fisicaevestibular.com.br\/novo\/wp-content\/uploads\/universidades-2015\/uerj\/i_e55550c499dedf48_html_de0583d0.jpg\" alt=\"\" width=\"149\" height=\"96\" name=\"Imagem 70\" align=\"BOTTOM\" border=\"0\" \/><img loading=\"lazy\" decoding=\"async\" src=\"http:\/\/fisicaevestibular.com.br\/novo\/wp-content\/uploads\/universidades-2015\/uerj\/i_e55550c499dedf48_html_d711793d.jpg\" alt=\"\" width=\"168\" height=\"99\" name=\"Imagem 71\" align=\"BOTTOM\" border=\"0\" \/><\/p>\n<p><span style=\"color: #660066;\"><span style=\"font-family: Arial, serif;\"><span style=\"font-size: medium;\"><b>de um \u00a0dispositivo de corrente alternada que opera <\/b><\/span><\/span><\/span><span style=\"color: #c00000;\"><span style=\"font-family: Arial, serif;\"><span style=\"font-size: medium;\"><b>baseado nos princ\u00edpios eletromagn\u00e9ticos da Lei de Faraday<\/b><\/span><\/span><\/span><span style=\"color: #660066;\"><span style=\"font-family: Arial, serif;\"><span style=\"font-size: medium;\"><b> e da Lei de Lenz.<\/b><\/span><\/span><\/span><\/p>\n<p><span style=\"color: #ff0000;\"><span style=\"font-family: Arial, serif;\"><span style=\"font-size: medium;\"><b>R- C<\/b><\/span><\/span><\/span><\/p>\n<p><span style=\"color: #660066;\"><span style=\"font-family: 'Arial Black', serif;\"><span style=\"font-size: large;\"><b>06-<\/b><\/span><\/span><\/span><\/p>\n<p><img loading=\"lazy\" decoding=\"async\" src=\"http:\/\/fisicaevestibular.com.br\/novo\/wp-content\/uploads\/universidades-2015\/uerj\/i_e55550c499dedf48_html_2356e5d7.png\" alt=\"\" width=\"775\" height=\"426\" name=\"Imagem 72\" align=\"BOTTOM\" border=\"0\" \/><\/p>\n<p><span style=\"color: #660066;\"><span style=\"font-family: 'Arial Black', serif;\"><span style=\"font-size: large;\"><b>07-<\/b><\/span><\/span><\/span><\/p>\n<p><img loading=\"lazy\" decoding=\"async\" src=\"http:\/\/fisicaevestibular.com.br\/novo\/wp-content\/uploads\/universidades-2015\/uerj\/i_e55550c499dedf48_html_b6a43571.png\" alt=\"\" width=\"775\" height=\"459\" name=\"Imagem 73\" align=\"BOTTOM\" border=\"0\" \/><\/p>\n<p><span style=\"color: #660066;\"><span style=\"font-family: 'Arial Black', serif;\"><span style=\"font-size: large;\"><b>08-<\/b><\/span><\/span><\/span><\/p>\n<p><img loading=\"lazy\" decoding=\"async\" src=\"http:\/\/fisicaevestibular.com.br\/novo\/wp-content\/uploads\/universidades-2015\/uerj\/i_e55550c499dedf48_html_d9c1c398.png\" alt=\"\" width=\"775\" height=\"58\" name=\"Imagem 74\" align=\"BOTTOM\" border=\"0\" \/><\/p>\n<p><span style=\"color: #660066;\"><span style=\"font-family: 'Arial Black', serif;\"><span style=\"font-size: large;\"><b>09-<\/b><\/span><\/span><\/span><\/p>\n<p><img loading=\"lazy\" decoding=\"async\" src=\"http:\/\/fisicaevestibular.com.br\/novo\/wp-content\/uploads\/universidades-2015\/uerj\/i_e55550c499dedf48_html_e6da7a58.png\" alt=\"\" width=\"773\" height=\"105\" name=\"Imagem 75\" align=\"BOTTOM\" border=\"0\" \/><\/p>\n<p><span style=\"color: #660066;\"><span style=\"font-family: 'Arial Black', serif;\"><span style=\"font-size: large;\"><b>10-<\/b><\/span><\/span><\/span><\/p>\n<p><img loading=\"lazy\" decoding=\"async\" src=\"http:\/\/fisicaevestibular.com.br\/novo\/wp-content\/uploads\/universidades-2015\/uerj\/i_e55550c499dedf48_html_f3df4654.png\" alt=\"\" width=\"775\" height=\"90\" name=\"Imagem 76\" align=\"BOTTOM\" border=\"0\" \/><\/p>\n<p><span style=\"color: #660066;\"><span style=\"font-family: 'Arial Black', serif;\"><span style=\"font-size: large;\"><b>11-<\/b><\/span><\/span><\/span><\/p>\n<p><img loading=\"lazy\" decoding=\"async\" src=\"http:\/\/fisicaevestibular.com.br\/novo\/wp-content\/uploads\/universidades-2015\/uerj\/i_e55550c499dedf48_html_68b2c3fd.png\" alt=\"\" width=\"775\" height=\"213\" name=\"Imagem 77\" align=\"BOTTOM\" border=\"0\" \/><\/p>\n<p><span style=\"color: #660066;\"><span style=\"font-family: 'Arial Black', serif;\"><span style=\"font-size: large;\"><b>12-<\/b><\/span><\/span><\/span><\/p>\n<p><img loading=\"lazy\" decoding=\"async\" src=\"http:\/\/fisicaevestibular.com.br\/novo\/wp-content\/uploads\/universidades-2015\/uerj\/i_e55550c499dedf48_html_5622edab.png\" alt=\"\" width=\"775\" height=\"365\" name=\"Imagem 78\" align=\"BOTTOM\" border=\"0\" \/><\/p>\n<p><span style=\"color: #660066;\"><span style=\"font-family: 'Arial Black', serif;\"><span style=\"font-size: large;\"><b>13-<\/b><\/span><\/span><\/span><\/p>\n<p><img loading=\"lazy\" decoding=\"async\" src=\"http:\/\/fisicaevestibular.com.br\/novo\/wp-content\/uploads\/universidades-2015\/uerj\/i_e55550c499dedf48_html_3d077832.png\" alt=\"\" width=\"775\" height=\"219\" name=\"Imagem 79\" align=\"BOTTOM\" border=\"0\" \/><\/p>\n<p><span style=\"color: #660066;\"><span style=\"font-family: 'Arial Black', serif;\"><span style=\"font-size: large;\"><b>14-<\/b><\/span><\/span><\/span><\/p>\n<p><img loading=\"lazy\" decoding=\"async\" src=\"http:\/\/fisicaevestibular.com.br\/novo\/wp-content\/uploads\/universidades-2015\/uerj\/i_e55550c499dedf48_html_e46b1ae3.png\" alt=\"\" width=\"775\" height=\"88\" name=\"Imagem 80\" align=\"BOTTOM\" border=\"0\" \/><\/p>\n<p><span style=\"color: #660066;\"><span style=\"font-family: 'Arial Black', serif;\"><span style=\"font-size: large;\"><b>15- <\/b><\/span><\/span><\/span><span style=\"color: #660066;\"><span style=\"font-family: Arial, serif;\"><span style=\"font-size: medium;\"><b>Na <\/b><\/span><\/span><\/span><span style=\"color: #0000cc;\"><span style=\"font-family: Arial, serif;\"><span style=\"font-size: medium;\"><b>figura abaixo<\/b><\/span><\/span><\/span><span style=\"color: #660066;\"><span style=\"font-family: Arial, serif;\"><span style=\"font-size: medium;\"><b> uma carga <\/b><\/span><\/span><\/span><span style=\"color: #0000cc;\"><span style=\"font-family: Arial, serif;\"><span style=\"font-size: medium;\"><b>positiva\u00a0<\/b><\/span><\/span><\/span><span style=\"color: #c00000;\"><span style=\"font-family: Arial, serif;\"><span style=\"font-size: medium;\"><b>q<\/b><\/span><\/span><\/span><span style=\"color: #660066;\"><span style=\"font-family: Arial, serif;\"><span style=\"font-size: medium;\"><b>\u00a0<\/b><\/span><\/span><\/span><span style=\"color: #660066;\"><span style=\"font-family: Arial, serif;\"><span style=\"font-size: medium;\"><b>penetra com <\/b><\/span><\/span><\/span><span style=\"color: #0000cc;\"><span style=\"font-family: Arial, serif;\"><span style=\"font-size: medium;\"><b>velocidade<img loading=\"lazy\" decoding=\"async\" src=\"http:\/\/fisicaevestibular.com.br\/novo\/wp-content\/uploads\/universidades-2015\/uerj\/i_e55550c499dedf48_html_58892530.png\" alt=\"\" width=\"22\" height=\"19\" name=\"Imagem 81\" align=\"BOTTOM\" border=\"0\" \/><\/b><\/span><\/span><\/span><span style=\"color: #660066;\"><span style=\"font-family: Arial, serif;\"><span style=\"font-size: medium;\"><b>\u00a0no ponto A numa regi\u00e3o em que existe <\/b><\/span><\/span><\/span><span style=\"color: #0000cc;\"><span style=\"font-family: Arial, serif;\"><span style=\"font-size: medium;\"><b>um campo magn\u00e9tico uniforme\u00a0<img loading=\"lazy\" decoding=\"async\" src=\"http:\/\/fisicaevestibular.com.br\/novo\/wp-content\/uploads\/universidades-2015\/uerj\/i_e55550c499dedf48_html_177594b0.png\" alt=\"\" width=\"18\" height=\"22\" name=\"Imagem 82\" align=\"BOTTOM\" border=\"0\" \/>\u00a0penetrando na folha<\/b><\/span><\/span><\/span><span style=\"color: #660066;\"><span style=\"font-family: Arial, serif;\"><span style=\"font-size: medium;\"><b>. Observe que<img loading=\"lazy\" decoding=\"async\" src=\"http:\/\/fisicaevestibular.com.br\/novo\/wp-content\/uploads\/universidades-2015\/uerj\/i_e55550c499dedf48_html_177594b0.png\" alt=\"\" width=\"18\" height=\"22\" name=\"Imagem 83\" align=\"BOTTOM\" border=\"0\" \/>\u00a0e\u00a0<img loading=\"lazy\" decoding=\"async\" src=\"http:\/\/fisicaevestibular.com.br\/novo\/wp-content\/uploads\/universidades-2015\/uerj\/i_e55550c499dedf48_html_58892530.png\" alt=\"\" width=\"22\" height=\"19\" name=\"Imagem 84\" align=\"BOTTOM\" border=\"0\" \/> s\u00e3o <\/b><\/span><\/span><\/span><span style=\"color: #0000cc;\"><span style=\"font-family: Arial, serif;\"><span style=\"font-size: medium;\"><b>perpendiculare<\/b><\/span><\/span><\/span><span style=\"color: #660066;\"><span style=\"font-family: Arial, serif;\"><span style=\"font-size: medium;\"><b>s e, como a velocidade<img loading=\"lazy\" decoding=\"async\" src=\"http:\/\/fisicaevestibular.com.br\/novo\/wp-content\/uploads\/universidades-2015\/uerj\/i_e55550c499dedf48_html_58892530.png\" alt=\"\" width=\"22\" height=\"19\" name=\"Imagem 85\" align=\"BOTTOM\" border=\"0\" \/>\u00a0\u00e9 sempre tangente \u00e0 trajet\u00f3ria em cada ponto, a <\/b><\/span><\/span><\/span><span style=\"color: #0000cc;\"><span style=\"font-family: Arial, serif;\"><span style=\"font-size: medium;\"><b>for\u00e7a magn\u00e9tica\u00a0<img loading=\"lazy\" decoding=\"async\" src=\"http:\/\/fisicaevestibular.com.br\/novo\/wp-content\/uploads\/universidades-2015\/uerj\/i_e55550c499dedf48_html_d52a7506.png\" alt=\"\" width=\"22\" height=\"23\" name=\"Imagem 86\" align=\"BOTTOM\" border=\"0\" \/><\/b><\/span><\/span><\/span><span style=\"color: #660066;\"><span style=\"font-family: Arial, serif;\"><span style=\"font-size: medium;\"><b>, obtida pela regra da m\u00e3o esquerda e indicada na figura \u00e9 sempre dirigida para o<\/b><\/span><\/span><\/span><\/p>\n<p><img loading=\"lazy\" decoding=\"async\" src=\"http:\/\/fisicaevestibular.com.br\/novo\/wp-content\/uploads\/universidades-2015\/uerj\/i_e55550c499dedf48_html_c3efca9b.jpg\" alt=\"\" width=\"280\" height=\"203\" name=\"Imagem 87\" align=\"BOTTOM\" border=\"0\" \/><span style=\"color: #660066;\"> <img loading=\"lazy\" decoding=\"async\" src=\"http:\/\/fisicaevestibular.com.br\/novo\/wp-content\/uploads\/universidades-2015\/uerj\/i_e55550c499dedf48_html_9dbcf7e7.jpg\" alt=\"\" width=\"197\" height=\"215\" name=\"Imagem 88\" align=\"BOTTOM\" border=\"0\" \/> <img loading=\"lazy\" decoding=\"async\" src=\"http:\/\/fisicaevestibular.com.br\/novo\/wp-content\/uploads\/universidades-2015\/uerj\/i_e55550c499dedf48_html_b893dc64.jpg\" alt=\"\" width=\"233\" height=\"223\" name=\"Imagem 89\" align=\"BOTTOM\" border=\"0\" \/><\/span><\/p>\n<p><span style=\"color: #0000cc;\"><span style=\"font-family: Arial, serif;\"><span style=\"font-size: medium;\"><b>centro de uma circunfer\u00eancia de raio R<\/b><\/span><\/span><\/span><span style=\"color: #660066;\"><span style=\"font-family: Arial, serif;\"><span style=\"font-size: medium;\"><b>. Assim, a <\/b><\/span><\/span><\/span><span style=\"color: #0000cc;\"><span style=\"font-family: Arial, serif;\"><span style=\"font-size: medium;\"><b>carga\u00a0<\/b><\/span><\/span><\/span><span style=\"color: #0000cc;\"><span style=\"font-family: Arial, serif;\"><span style=\"font-size: medium;\"><b>q<\/b><\/span><\/span><\/span><span style=\"color: #0000cc;\"><span style=\"font-family: Arial, serif;\"><span style=\"font-size: medium;\"><b>\u00a0realizar\u00e1 um movimento circular uniforme com velocidade de intensidade constante .<\/b><\/span><\/span><\/span><\/p>\n<p><img loading=\"lazy\" decoding=\"async\" src=\"http:\/\/fisicaevestibular.com.br\/novo\/wp-content\/uploads\/universidades-2015\/uerj\/i_e55550c499dedf48_html_463f53e8.jpg\" alt=\"\" width=\"755\" height=\"87\" name=\"Imagem 90\" align=\"BOTTOM\" border=\"0\" \/><\/p>\n<p><span style=\"color: #660066;\"><span style=\"font-family: Arial, serif;\"><span style=\"font-size: medium;\"><b>A <\/b><\/span><\/span><\/span><span style=\"color: #0000cc;\"><span style=\"font-family: Arial, serif;\"><span style=\"font-size: medium;\"><b>express\u00e3o matem\u00e1tica dessa for\u00e7a magn\u00e9tica \u00e9 F<\/b><\/span><\/span><\/span><span style=\"color: #0000cc;\"><sub><span style=\"font-family: Arial, serif;\"><span style=\"font-size: medium;\"><b>m<\/b><\/span><\/span><\/sub><\/span><span style=\"color: #0000cc;\"><span style=\"font-family: Arial, serif;\"><span style=\"font-size: medium;\"><b>=q.V.B.sen\u03b8=q.V.B.1<\/b><\/span><\/span><\/span><span style=\"color: #660066;\"><span style=\"font-family: Arial, serif;\"><span style=\"font-size: medium;\"><b>\u00a0 &#8212;\u00a0<\/b><\/span><\/span><\/span><span style=\"color: #660066;\"><span style=\"font-family: Arial, serif;\"><span style=\"font-size: medium;\"><b>\u00a0F<\/b><\/span><\/span><\/span><span style=\"color: #660066;\"><sub><span style=\"font-family: Arial, serif;\"><span style=\"font-size: medium;\"><b>m<\/b><\/span><\/span><\/sub><\/span><span style=\"color: #660066;\"><span style=\"font-family: Arial, serif;\"><span style=\"font-size: medium;\"><b>=q.V.B<\/b><\/span><\/span><\/span><span style=\"color: #660066;\"><span style=\"font-family: Arial, serif;\"><span style=\"font-size: medium;\"><b>\u00a0 &#8212;\u00a0 lembrando que a <\/b><\/span><\/span><\/span><span style=\"color: #0000cc;\"><span style=\"font-family: Arial, serif;\"><span style=\"font-size: medium;\"><b>for\u00e7a magn\u00e9tica F<\/b><\/span><\/span><\/span><span style=\"color: #0000cc;\"><sub><span style=\"font-family: Arial, serif;\"><span style=\"font-size: medium;\"><b>m<\/b><\/span><\/span><\/sub><\/span><span style=\"color: #0000cc;\"><span style=\"font-family: Arial, serif;\"><span style=\"font-size: medium;\"><b>,\u00a0<\/b><\/span><\/span><\/span><span style=\"color: #660066;\"><span style=\"font-family: Arial, serif;\"><span style=\"font-size: medium;\"><b> respons\u00e1vel pelo movimento circular \u00e9 a <\/b><\/span><\/span><\/span><span style=\"color: #0000cc;\"><span style=\"font-family: Arial, serif;\"><span style=\"font-size: medium;\"><b>for\u00e7a resultante<\/b><\/span><\/span><\/span><b> <\/b><span style=\"color: #0000cc;\"><span style=\"font-family: Arial, serif;\"><span style=\"font-size: medium;\"><b>centr\u00edpeta<\/b><\/span><\/span><\/span><span style=\"color: #660066;\"><span style=\"font-family: Arial, serif;\"><span style=\"font-size: medium;\"><b> de intensidade <\/b><\/span><\/span><\/span><span style=\"color: #0000cc;\"><span style=\"font-family: Arial, serif;\"><span style=\"font-size: medium;\"><b>F<\/b><\/span><\/span><\/span><span style=\"color: #0000cc;\"><sub><span style=\"font-family: Arial, serif;\"><span style=\"font-size: medium;\"><b>c<\/b><\/span><\/span><\/sub><\/span><span style=\"color: #0000cc;\"><span style=\"font-family: Arial, serif;\"><span style=\"font-size: medium;\"><b>=m.V<\/b><\/span><\/span><\/span><span style=\"color: #0000cc;\"><sup><span style=\"font-family: Arial, serif;\"><span style=\"font-size: medium;\"><b>2<\/b><\/span><\/span><\/sup><\/span><span style=\"color: #0000cc;\"><span style=\"font-family: Arial, serif;\"><span style=\"font-size: medium;\"><b>\/R<\/b><\/span><\/span><\/span><span style=\"color: #660066;\"><span style=\"font-family: Arial, serif;\"><span style=\"font-size: medium;\"><b>\u00a0 &#8212;\u00a0 <\/b><\/span><\/span><\/span><span style=\"color: #0000cc;\"><span style=\"font-family: Arial, serif;\"><span style=\"font-size: medium;\"><b>F<\/b><\/span><\/span><\/span><span style=\"color: #0000cc;\"><sub><span style=\"font-family: Arial, serif;\"><span style=\"font-size: medium;\"><b>m<\/b><\/span><\/span><\/sub><\/span><span style=\"color: #0000cc;\"><span style=\"font-family: Arial, serif;\"><span style=\"font-size: medium;\"><b>=F<\/b><\/span><\/span><\/span><span style=\"color: #0000cc;\"><sub><span style=\"font-family: Arial, serif;\"><span style=\"font-size: medium;\"><b>c<\/b><\/span><\/span><\/sub><\/span><span style=\"color: #660066;\"><span style=\"font-family: Arial, serif;\"><span style=\"font-size: medium;\"><b>\u00a0 &#8212;\u00a0 q.V.B=m.V<\/b><\/span><\/span><\/span><span style=\"color: #660066;\"><sup><span style=\"font-family: Arial, serif;\"><span style=\"font-size: medium;\"><b>2<\/b><\/span><\/span><\/sup><\/span><span style=\"color: #660066;\"><span style=\"font-family: Arial, serif;\"><span style=\"font-size: medium;\"><b>\/R\u00a0 &#8212; <\/b><\/span><\/span><\/span><span style=\"color: #c00000;\"><span style=\"font-family: Arial, serif;\"><span style=\"font-size: medium;\"><b>R=m.V\/q.B\u00a0<\/b><\/span><\/span><\/span><span style=\"color: #c00000;\"><span style=\"font-family: Arial, serif;\"><span style=\"font-size: medium;\"><b>(express\u00e3o matem\u00e1tica pedida).<\/b><\/span><\/span><\/span><span style=\"color: #660066;\"><span style=\"font-family: Arial, serif;\"><span style=\"font-size: medium;\"><b>\u00a0\u00a0<\/b><\/span><\/span><\/span><\/p>\n<h3><span style=\"color: #660066;\"><span style=\"color: #000080;\"><a style=\"color: #000080;\" title=\"Exerc\u00edcios da UERJ 2015\" href=\"http:\/\/fisicaevestibular.com.br\/novo\/universidades-2015\/exercicios-da-uerj-2015\/\">Confira os exerc\u00edcios<\/a> <\/span><br \/>\n<\/span><\/h3>\n","protected":false},"excerpt":{"rendered":"<p>Resolu\u00e7\u00f5es 01- Observe que s\u00e3o desprezados os atritos e o helic\u00f3ptero est\u00e1 em movimento retil\u00edneo e, como cada pacote atinge o solo em um ponto exatamente embaixo do helic\u00f3ptero, ele (helic\u00f3ptero) est\u00e1 com velocidade constante (acelera\u00e7\u00e3o nula). R- C 02- 03- 04- R- D 05- A fun\u00e7\u00e3o de um transformador \u00e9 aumentar ou diminuir a diferen\u00e7a de potencial\u00a0 (voltagem).\u00a0Trata-se de<\/p>\n","protected":false},"author":1,"featured_media":0,"parent":257,"menu_order":0,"comment_status":"closed","ping_status":"closed","template":"","meta":{"om_disable_all_campaigns":false,"_monsterinsights_skip_tracking":false,"_monsterinsights_sitenote_active":false,"_monsterinsights_sitenote_note":"","_monsterinsights_sitenote_category":0,"footnotes":""},"class_list":["post-259","page","type-page","status-publish","hentry"],"aioseo_notices":[],"_links":{"self":[{"href":"https:\/\/fisicaevestibular.com.br\/novo\/wp-json\/wp\/v2\/pages\/259","targetHints":{"allow":["GET"]}}],"collection":[{"href":"https:\/\/fisicaevestibular.com.br\/novo\/wp-json\/wp\/v2\/pages"}],"about":[{"href":"https:\/\/fisicaevestibular.com.br\/novo\/wp-json\/wp\/v2\/types\/page"}],"author":[{"embeddable":true,"href":"https:\/\/fisicaevestibular.com.br\/novo\/wp-json\/wp\/v2\/users\/1"}],"replies":[{"embeddable":true,"href":"https:\/\/fisicaevestibular.com.br\/novo\/wp-json\/wp\/v2\/comments?post=259"}],"version-history":[{"count":3,"href":"https:\/\/fisicaevestibular.com.br\/novo\/wp-json\/wp\/v2\/pages\/259\/revisions"}],"predecessor-version":[{"id":10993,"href":"https:\/\/fisicaevestibular.com.br\/novo\/wp-json\/wp\/v2\/pages\/259\/revisions\/10993"}],"up":[{"embeddable":true,"href":"https:\/\/fisicaevestibular.com.br\/novo\/wp-json\/wp\/v2\/pages\/257"}],"wp:attachment":[{"href":"https:\/\/fisicaevestibular.com.br\/novo\/wp-json\/wp\/v2\/media?parent=259"}],"curies":[{"name":"wp","href":"https:\/\/api.w.org\/{rel}","templated":true}]}}