{"id":2470,"date":"2016-09-18T22:07:54","date_gmt":"2016-09-18T22:07:54","guid":{"rendered":"http:\/\/fisicaevestibular.com.br\/novo\/?page_id=2470"},"modified":"2024-08-23T15:04:20","modified_gmt":"2024-08-23T15:04:20","slug":"resolucao-comentada-dos-exercicios-de-vestibulares-sobre-difracao-e-dispersao-de-ondas","status":"publish","type":"page","link":"https:\/\/fisicaevestibular.com.br\/novo\/ondulatoria\/ondas\/difracao-e-dispersao-de-ondas\/resolucao-comentada-dos-exercicios-de-vestibulares-sobre-difracao-e-dispersao-de-ondas\/","title":{"rendered":"Difra\u00e7\u00e3o e Dispers\u00e3o de ondas &#8211; Resolu\u00e7\u00e3o"},"content":{"rendered":"<p align=\"CENTER\"><span style=\"color: #c00000;\"><span style=\"font-family: Arial Black,serif;\"><span style=\"font-size: large;\"><b>Resolu\u00e7\u00e3o comentada dos exerc\u00edcios de vestibulares sobre<\/b><\/span><\/span><\/span><\/p>\n<p align=\"CENTER\"><span style=\"color: #0000cc;\"><span style=\"font-family: Arial Black,serif;\"><span style=\"font-size: large;\"><b>Difra\u00e7\u00e3o e Dispers\u00e3o de ondas<\/b><\/span><\/span><\/span><\/p>\n<p><span style=\"color: #c00000;\"><span style=\"font-family: Arial Black,serif;\"><span style=\"font-size: medium;\"><b>01- <\/b><\/span><\/span><\/span><span style=\"font-family: Arial Black,serif;\"><span style=\"font-size: medium;\"><b>D<\/b><\/span><\/span><span style=\"color: #c00000;\"><span style=\"font-family: Arial,serif;\"><span style=\"font-size: medium;\"><b>\u00a0\u00a0\u00a0\u00a0\u00a0\u00a0\u00a0\u00a0\u00a0 <\/b><\/span><\/span><\/span><\/p>\n<p><span style=\"color: #c00000;\"><span style=\"font-family: Arial Black,serif;\"><span style=\"font-size: medium;\"><b>02- <\/b><\/span><\/span><\/span><span style=\"font-family: Arial Black,serif;\"><span style=\"font-size: medium;\"><b>B<\/b><\/span><\/span><span style=\"color: #c00000;\"><span style=\"font-family: Arial,serif;\"><span style=\"font-size: medium;\"><b>\u00a0\u00a0\u00a0\u00a0\u00a0\u00a0\u00a0\u00a0\u00a0 <\/b><\/span><\/span><\/span><\/p>\n<p><span style=\"color: #c00000;\"><span style=\"font-family: Arial Black,serif;\"><span style=\"font-size: medium;\"><b>03- <\/b><\/span><\/span><\/span><span style=\"font-family: Arial Black,serif;\"><span style=\"font-size: medium;\"><b>C<\/b><\/span><\/span><span style=\"color: #c00000;\"><span style=\"font-family: Arial,serif;\"><span style=\"font-size: medium;\"><b>\u00a0\u00a0\u00a0\u00a0\u00a0\u00a0\u00a0\u00a0\u00a0 <\/b><\/span><\/span><\/span><\/p>\n<p><span style=\"color: #c00000;\"><span style=\"font-family: Arial Black,serif;\"><span style=\"font-size: medium;\"><b>O4- <\/b><\/span><\/span><\/span><span style=\"font-family: Arial Black,serif;\"><span style=\"font-size: medium;\"><b>A<\/b><\/span><\/span><span style=\"color: #c00000;\"><span style=\"font-family: Arial,serif;\"><span style=\"font-size: medium;\"><b>\u00a0\u00a0\u00a0\u00a0\u00a0\u00a0\u00a0\u00a0\u00a0\u00a0 <\/b><\/span><\/span><\/span><\/p>\n<p><span style=\"color: #c00000;\"><span style=\"font-family: Arial Black,serif;\"><span style=\"font-size: medium;\"><b>05-<\/b><\/span><\/span><\/span><b> <\/b><span style=\"font-family: Arial,serif;\"><span style=\"font-size: medium;\"><b>B\u00a0\u00a0\u00a0\u00a0\u00a0\u00a0\u00a0\u00a0\u00a0 <\/b><\/span><\/span><\/p>\n<p><span style=\"color: #c00000;\"><span style=\"font-family: Arial Black,serif;\"><span style=\"font-size: medium;\"><b>06-<\/b><\/span><\/span><\/span><b> <\/b><span style=\"font-family: Arial,serif;\"><span style=\"font-size: medium;\"><b>E\u00a0\u00a0\u00a0\u00a0\u00a0\u00a0\u00a0 <\/b><\/span><\/span><\/p>\n<p><span style=\"color: #c00000;\"><span style=\"font-family: Arial Black,serif;\"><span style=\"font-size: medium;\"><b>07-<\/b><\/span><\/span><\/span><b> <\/b><span style=\"font-family: Arial,serif;\"><span style=\"font-size: medium;\"><b>D\u00a0\u00a0\u00a0\u00a0\u00a0\u00a0\u00a0\u00a0\u00a0\u00a0<\/b><\/span><\/span><\/p>\n<p><span style=\"color: #c00000;\"><span style=\"font-family: Arial Black,serif;\"><span style=\"font-size: medium;\"><b>08-<\/b><\/span><\/span><\/span><b> <\/b><span style=\"font-family: Arial,serif;\"><span style=\"font-size: medium;\"><b>D<\/b><\/span><\/span><\/p>\n<p><img decoding=\"async\" src=\"http:\/\/fisicaevestibular.com.br\/novo\/wp-content\/uploads\/migracao\/ondulatoria\/difracao\/i_21929b59f7ddfdf6_html_2aaaf51e.jpg\" alt=\"\" width=\"166\" height=\"178\" name=\"Picture 19\" align=\"LEFT\" border=\"0\" hspace=\"12\" \/><\/p>\n<p><span style=\"font-family: Arial,serif;\"><span style=\"font-size: medium;\"><b>A difra\u00e7\u00e3o \u00e9 explicada pelo Princ\u00edpio de Huygens que afirma que: quando os pontos de um objeto (quina do barranco), s\u00e3o atingidos pela frente de onda eles tornam-se fontes de ondas secund\u00e1rias que mudam a dire\u00e7\u00e3o de propaga\u00e7\u00e3o da onda principal, \u00a0contornando o obst\u00e1culo<\/b><\/span><\/span><\/p>\n<p>&nbsp;<\/p>\n<p><span style=\"color: #c00000;\"><span style=\"font-family: Arial Black,serif;\"><span style=\"font-size: medium;\"><b>09- <\/b><\/span><\/span><\/span><span style=\"color: #000000;\"><span style=\"font-family: Arial Black,serif;\"><span style=\"font-size: medium;\"><b>A<\/b><\/span><\/span><\/span><span style=\"color: #c00000;\"><span style=\"font-family: Arial Black,serif;\"><span style=\"font-size: medium;\"><b>\u00a0\u00a0\u00a0\u00a0\u00a0<\/b><\/span><\/span><\/span><\/p>\n<p><span style=\"color: #c00000;\"><span style=\"font-family: Arial Black,serif;\"><span style=\"font-size: medium;\"><b>10-<\/b><\/span><\/span><\/span><b> <\/b><span style=\"font-family: Arial,serif;\"><span style=\"font-size: medium;\"><b>D. Como a incid\u00eancia \u00e9 normal, o raio de luz n\u00e3o sofre desvio ao penetrar no prisma. O desvio \u00e9 para cima, pois o raio incidente e o raio refratado est\u00e3o sempre em quadrantes opostos \u00e0queles determinados pela normal e o vermelho sofre menor desvio que o azul.<\/b><\/span><\/span><\/p>\n<p align=\"CENTER\"><img fetchpriority=\"high\" decoding=\"async\" src=\"http:\/\/fisicaevestibular.com.br\/novo\/wp-content\/uploads\/migracao\/ondulatoria\/difracao\/i_21929b59f7ddfdf6_html_67be242f.jpg\" alt=\"\" width=\"279\" height=\"197\" name=\"Picture 14\" align=\"BOTTOM\" border=\"0\" \/><\/p>\n<p><span style=\"color: #c00000;\"><span style=\"font-family: Arial Black,serif;\"><span style=\"font-size: medium;\"><b>11-<\/b><\/span><\/span><\/span><b> <\/b><span style=\"font-family: Arial,serif;\"><span style=\"font-size: medium;\"><b>I \u2013 Falsa. Quem sofre menor desvio (vermelho), tem maior \u00e2ngulo de refra\u00e7\u00e3o. Vide figura abaixo.<\/b><\/span><\/span><\/p>\n<p align=\"CENTER\"><img decoding=\"async\" src=\"http:\/\/fisicaevestibular.com.br\/novo\/wp-content\/uploads\/migracao\/ondulatoria\/difracao\/i_21929b59f7ddfdf6_html_4a6fbf74.jpg\" alt=\"\" width=\"310\" height=\"201\" name=\"Picture 15\" align=\"BOTTOM\" border=\"0\" \/><\/p>\n<p><span style=\"font-family: Arial,serif;\"><span style=\"font-size: medium;\"><b>II- Verdadeira<\/b><\/span><\/span><\/p>\n<p><span style=\"font-family: Arial,serif;\"><span style=\"font-size: medium;\"><b>III- Falsa. A decomposi\u00e7\u00e3o do feixe ocorre somente no interior do prisma.<\/b><\/span><\/span><\/p>\n<p><span style=\"font-family: Arial,serif;\"><span style=\"font-size: medium;\"><b>R- B<\/b><\/span><\/span><\/p>\n<p>&nbsp;<\/p>\n<p>&nbsp;<\/p>\n<p><span style=\"color: #c00000;\"><span style=\"font-family: Arial Black,serif;\"><span style=\"font-size: medium;\"><b>12-<\/b><\/span><\/span><\/span><b> <\/b><span style=\"font-family: Arial,serif;\"><span style=\"font-size: medium;\"><b>A. Vide figura<\/b><\/span><\/span><\/p>\n<p align=\"CENTER\"><img loading=\"lazy\" decoding=\"async\" src=\"http:\/\/fisicaevestibular.com.br\/novo\/wp-content\/uploads\/migracao\/ondulatoria\/difracao\/i_21929b59f7ddfdf6_html_d2800718.jpg\" alt=\"\" width=\"395\" height=\"175\" name=\"Picture 16\" align=\"BOTTOM\" border=\"0\" \/><\/p>\n<p>&nbsp;<\/p>\n<p><span style=\"color: #c00000;\"><span style=\"font-family: Arial Black,serif;\"><span style=\"font-size: medium;\"><b>13-<\/b><\/span><\/span><\/span><b> <\/b><span style=\"font-family: Arial,serif;\"><span style=\"font-size: medium;\"><b>A<\/b><\/span><\/span><\/p>\n<p><span style=\"color: #c00000;\"><span style=\"font-family: Arial Black,serif;\"><span style=\"font-size: medium;\"><b>14-<\/b><\/span><\/span><\/span><b> <\/b><span style=\"font-family: Arial,serif;\"><span style=\"font-size: medium;\"><b>D<\/b><\/span><\/span><\/p>\n<p><span style=\"color: #c00000;\"><span style=\"font-family: Arial Black,serif;\"><span style=\"font-size: medium;\"><span lang=\"pt-PT\"><b>15-<\/b><\/span><\/span><\/span><\/span><b> <\/b><span style=\"font-family: Arial,serif;\"><span style=\"font-size: medium;\"><span lang=\"pt-PT\"><b>a) refra\u00e7\u00e3o, reflex\u00e3o e refra\u00e7\u00e3o\u00a0\u00a0\u00a0\u00a0\u00a0 <\/b><\/span><\/span><\/span><\/p>\n<p><span style=\"font-family: Arial,serif;\"><span style=\"font-size: medium;\"><span lang=\"pt-PT\"><b>b) A dispers\u00e3o ocorre entre 1 e 2 e entre 2 e 3 e sua causa \u00e9 o fato de o \u00edndice de refra\u00e7\u00e3o absoluto da \u00e1gua ser diferente para cada frequ\u00eancia (cor) de luz, o que provoca desvios diferentes.\u00a0\u00a0\u00a0\u00a0\u00a0 <\/b><\/span><\/span><\/span><\/p>\n<p><span style=\"font-family: Arial,serif;\"><span style=\"font-size: medium;\"><span lang=\"pt-PT\"><b>C) com o Sol em suas costas. <\/b><\/span><\/span><\/span><\/p>\n<p><span style=\"color: #c00000;\"><span style=\"font-family: Arial Black,serif;\"><span style=\"font-size: medium;\"><span lang=\"pt-PT\"><b>16-<\/b><\/span><\/span><\/span><\/span><b> <\/b><span style=\"font-family: Arial,serif;\"><span style=\"font-size: medium;\"><span lang=\"pt-PT\"><b>E<\/b><\/span><\/span><\/span><\/p>\n<p><span style=\"color: #c00000;\"><span style=\"font-family: Arial Black,serif;\"><span style=\"font-size: medium;\"><span lang=\"pt-PT\"><b>17-<\/b><\/span><\/span><\/span><\/span><b> <\/b><span style=\"font-family: Arial,serif;\"><span style=\"font-size: medium;\"><span lang=\"pt-PT\"><b>D<\/b><\/span><\/span><\/span><\/p>\n<p><span style=\"color: #c00000;\"><span style=\"font-family: Arial Black,serif;\"><span style=\"font-size: medium;\"><b>18-<\/b><\/span><\/span><\/span><span style=\"color: #c00000;\"><span style=\"font-family: Arial,serif;\"><span style=\"font-size: medium;\"><b>\u00a0<\/b><\/span><\/span><\/span><span style=\"font-family: Arial,serif;\"><span style=\"font-size: medium;\"><b>A difra\u00e7\u00e3o acontece quando uma onda contorna um obst\u00e1culo ou atravessa fendas\u00a0 &#8212;\u00a0 ela \u00e9\u00a0 mais acentuada quando as dimens\u00f5es do obst\u00e1culo t\u00eam a mesma ordem de grandeza do comprimento de onda\u00a0 &#8212;\u00a0 a difra\u00e7\u00e3o \u00e9 um fen\u00f4meno exclusivamente ondulat\u00f3rio<\/b><\/span><\/span><span style=\"font-family: Arial,serif;\"><span style=\"font-size: medium;\"><b>\u00a0<\/b><\/span><\/span><span style=\"font-family: Arial,serif;\"><span style=\"font-size: medium;\"><b>\u00a0\u00a0&#8212;\u00a0\u00a0<\/b><\/span><\/span><span style=\"font-family: Arial,serif;\"><span style=\"font-size: medium;\"><b>R- A<\/b><\/span><\/span><\/p>\n<p><span style=\"color: #c00000;\"><span style=\"font-family: Arial Black,serif;\"><span style=\"font-size: medium;\"><b>19-<\/b><\/span><\/span><\/span><span style=\"color: #c00000;\"><span style=\"font-family: Arial,serif;\"><span style=\"font-size: medium;\"><b>\u00a0<\/b><\/span><\/span><\/span><span style=\"font-family: Arial,serif;\"><span style=\"font-size: medium;\"><b>O fen\u00f4meno descrito de passagem de ondas sonoras atrav\u00e9s de aberturas, fendas, interst\u00edcios, etc., corresponde \u00e0 difra\u00e7\u00e3o\u00a0 &#8212;\u00a0<\/b><\/span><\/span><\/p>\n<p><span style=\"font-family: Arial,serif;\"><span style=\"font-size: medium;\"><b>R- E<\/b><\/span><\/span><\/p>\n<p>&nbsp;<\/p>\n<p><span style=\"color: #c00000;\"><span style=\"font-family: Arial Black,serif;\"><span style=\"font-size: medium;\"><b>20-<\/b><\/span><\/span><\/span><\/p>\n<p><span style=\"font-family: Arial,serif;\"><span style=\"font-size: medium;\"><b>&#8211;<\/b><\/span><\/span><span style=\"font-family: Arial,serif;\"><span style=\"font-size: medium;\"><b>01. Falsa\u00a0 &#8212;\u00a0 o ultra-som \u00e9 uma onda mec\u00e2nica\u00a0<\/b><\/span><\/span><span style=\"font-family: Arial,serif;\"><span style=\"font-size: medium;\"><b>longitudinal<\/b><\/span><\/span><span style=\"font-family: Arial,serif;\"><span style=\"font-size: medium;\"><b>, n\u00e3o-aud\u00edvel, com freq\u00fc\u00eancia acima de 20KHz\u00a0 &#8212;\u00a0 as ondas sonoras s\u00e3o uma s\u00e9rie de compress\u00f5es e rarefa\u00e7\u00f5es mec\u00e2nicas na dire\u00e7\u00e3o do trajeto da onda, e por isso s\u00e3o chamadas de ondas longitudinais\u00a0 &#8212;\u00a0 elas podem ocorrer nos meios s\u00f3lido, liquido ou gasoso e devem-se \u00e0 compress\u00e3o e \u00e0 separa\u00e7\u00e3o regular de mol\u00e9culas.<\/b><\/span><\/span><\/p>\n<p><span style=\"font-family: Arial,serif;\"><span style=\"font-size: medium;\"><b>02- Falsa\u00a0 &#8212;\u00a0 a maioria dos sons chega ao ouvido transmitido pelo ar, (meio de transmiss\u00e3o), que, quanto mais denso \u00e9 melhor transmissor, pois as mol\u00e9culas est\u00e3o mais pr\u00f3ximas transmitindo melhor a energia de umas para as outras\u00a0 &#8212;\u00a0\u00a0 por esse motivo, a velocidade do som nos s\u00f3lidos \u00e9 maior do que nos l\u00edquidos que por sua vez \u00e9 maior que nos gases. \u00a0<\/b><\/span><\/span><\/p>\n<p><span style=\"font-family: Arial,serif;\"><span style=\"font-size: medium;\"><b>04. Correta\u00a0 &#8212;\u00a0 A refra\u00e7\u00e3o do som ocorre quando ela passa de um meio para outro com \u00edndice de refra\u00e7\u00e3o diferente, ocorrendo, dessa forma, a varia\u00e7\u00e3o da velocidade de propaga\u00e7\u00e3o e a varia\u00e7\u00e3o do comprimento de onda\u00a0 &#8212;\u00a0 \u00a0nunca ocorre a varia\u00e7\u00e3o da frequ\u00eancia, pois se trata de uma caracter\u00edstica da fonte que est\u00e1 emitindo a onda.<\/b><\/span><\/span><\/p>\n<p><span style=\"font-family: Arial,serif;\"><span style=\"font-size: medium;\"><b>08. Correta\u00a0 &#8212;\u00a0 Veja 02.<\/b><\/span><\/span><\/p>\n<p><span style=\"font-family: Arial,serif;\"><span style=\"font-size: medium;\"><b>16. Correta\u00a0 &#8212; \u00a0difra\u00e7\u00e3o \u00e9 fen\u00f4meno que permite com que uma onda atravesse fendas ou contorne obst\u00e1culos, atingindo regi\u00f5es onde, segundo a propaga\u00e7\u00e3o retil\u00ednea da luz, n\u00e3o conseguiria chegar.<\/b><\/span><\/span><\/p>\n<p><span style=\"font-family: Arial,serif;\"><span style=\"font-size: medium;\"><b>Corretas:04, 08 e 16\u00a0 &#8212;\u00a0\u00a0<\/b><\/span><\/span><span style=\"font-family: Arial,serif;\"><span style=\"font-size: medium;\"><b>Soma=28<\/b><\/span><\/span><span style=\"font-family: Arial,serif;\"><span style=\"font-size: medium;\"><b>.<\/b><\/span><\/span><\/p>\n<p>&nbsp;<\/p>\n<p><span style=\"color: #c00000;\"><span style=\"font-family: Arial Black,serif;\"><span style=\"font-size: medium;\"><b>21- <\/b><\/span><\/span><\/span><span style=\"font-family: Arial,serif;\"><span style=\"font-size: medium;\"><b>\u00a0<\/b><\/span><\/span><span style=\"font-family: Arial,serif;\"><span style=\"font-size: medium;\"><b>O fen\u00f4meno descrito no exerc\u00edcio \u00e9 a difra\u00e7\u00e3o da luz que tamb\u00e9m ocorre com o som, veja teoria abaixo:<\/b><\/span><\/span><\/p>\n<p><span style=\"font-family: Arial,serif;\"><span style=\"font-size: medium;\"><b>Difra\u00e7\u00e3o\u00a0\u2013 fen\u00f4meno que permite com que uma onda atravesse fendas ou contorne obst\u00e1culos, atingindo regi\u00f5es onde, segundo a propaga\u00e7\u00e3o retil\u00ednea da luz, n\u00e3o conseguiria chegar.<\/b><\/span><\/span><\/p>\n<p><span style=\"font-family: Arial,serif;\"><span style=\"font-size: medium;\"><b>* A difra\u00e7\u00e3o \u00e9 explicada pelo Princ\u00edpio de Huygens que afirma que: quando os pontos de uma abertura ou de um obst\u00e1culo s\u00e3o atingidos pela frente de onda eles tornam-se fontes de ondas secund\u00e1rias que mudam a dire\u00e7\u00e3o de propaga\u00e7\u00e3o da onda principal, atravessando a abertura e contornando o obst\u00e1culo<\/b><\/span><\/span><\/p>\n<p><span style=\"font-family: Arial,serif;\"><span style=\"font-size: medium;\"><b>* As ondas (sonoras ou luminosas) s\u00e3o fortemente difratadas\u00a0 quando o comprimento de onda\u00a0\u00a0\u03bb\u00a0tem aproximadamente o mesmo tamanho do objeto (obst\u00e1culo ou fenda).<\/b><\/span><\/span><\/p>\n<p><span style=\"font-family: Arial,serif;\"><span style=\"font-size: medium;\"><b>* Se a fonte \u00e9 a mesma, a frequ\u00eancia da onda n\u00e3o se altera antes e depois da difra\u00e7\u00e3o. Se, ap\u00f3s a barreira, o meio for o mesmo, a velocidade de propaga\u00e7\u00e3o da onda tamb\u00e9m ser\u00e1 a mesma.<\/b><\/span><\/span><img loading=\"lazy\" decoding=\"async\" src=\"http:\/\/fisicaevestibular.com.br\/novo\/wp-content\/uploads\/migracao\/ondulatoria\/difracao\/i_21929b59f7ddfdf6_html_8edd4aad.jpg\" alt=\"\" width=\"617\" height=\"158\" name=\"Picture 17\" align=\"LEFT\" border=\"0\" hspace=\"12\" \/><\/p>\n<p><span style=\"font-family: Arial,serif;\"><span style=\"font-size: medium;\"><b>Assim, o comprimento de onda tamb\u00e9m permanece o mesmo, mas, a onda, ap\u00f3s sofrer difra\u00e7\u00e3o chega a regi\u00f5es que n\u00e3o seriam atingidas caso se considerasse apenas a propaga\u00e7\u00e3o retil\u00ednea da luz.<\/b><\/span><\/span><\/p>\n<p><span style=\"font-family: Arial,serif;\"><span style=\"font-size: medium;\"><b>A difra\u00e7\u00e3o acontece facilmente nas ondas sonoras, pois s\u00e3o ondas com comprimento de onda grande (variam de 2cm a 20m). Assim, conseguimos ouvir sons mesmo que n\u00e3o possamos ver a fonte, pois as ondas sonoras contornam esquinas, muros, atravessam portas, janelas e quaisquer \u00a0obst\u00e1culos que tenham dimens\u00f5es compreendidas entre 2cm e 20m.<\/b><\/span><\/span><\/p>\n<p><img loading=\"lazy\" decoding=\"async\" src=\"http:\/\/fisicaevestibular.com.br\/novo\/wp-content\/uploads\/migracao\/ondulatoria\/difracao\/i_21929b59f7ddfdf6_html_f9f5518e.jpg\" alt=\"\" width=\"767\" height=\"162\" name=\"Picture 18\" align=\"BOTTOM\" border=\"0\" \/><\/p>\n<p>&nbsp;<\/p>\n<h3><a title=\"Exerc\u00edcios de vestibulares com resolu\u00e7\u00f5es comentadas sobre Difra\u00e7\u00e3o e Dispers\u00e3o de ondas\" href=\"http:\/\/fisicaevestibular.com.br\/novo\/ondulatoria\/ondas\/difracao-e-dispersao-de-ondas\/exercicios-de-vestibulares-com-resolucoes-comentadas-sobre-difracao-e-dispersao-de-ondas\/\"><span style=\"color: #000080;\">Voltar para os exerc\u00edcios<\/span><\/a><\/h3>\n","protected":false},"excerpt":{"rendered":"<p>Resolu\u00e7\u00e3o comentada dos exerc\u00edcios de vestibulares sobre Difra\u00e7\u00e3o e Dispers\u00e3o de ondas 01- D\u00a0\u00a0\u00a0\u00a0\u00a0\u00a0\u00a0\u00a0\u00a0 02- B\u00a0\u00a0\u00a0\u00a0\u00a0\u00a0\u00a0\u00a0\u00a0 03- C\u00a0\u00a0\u00a0\u00a0\u00a0\u00a0\u00a0\u00a0\u00a0 O4- A\u00a0\u00a0\u00a0\u00a0\u00a0\u00a0\u00a0\u00a0\u00a0\u00a0 05- B\u00a0\u00a0\u00a0\u00a0\u00a0\u00a0\u00a0\u00a0\u00a0 06- E\u00a0\u00a0\u00a0\u00a0\u00a0\u00a0\u00a0 07- D\u00a0\u00a0\u00a0\u00a0\u00a0\u00a0\u00a0\u00a0\u00a0\u00a0 08- D A difra\u00e7\u00e3o \u00e9 explicada pelo Princ\u00edpio de Huygens que afirma que: quando os pontos de um objeto (quina do barranco), s\u00e3o atingidos pela frente de onda eles tornam-se fontes de ondas secund\u00e1rias<\/p>\n","protected":false},"author":1,"featured_media":0,"parent":2466,"menu_order":0,"comment_status":"closed","ping_status":"closed","template":"","meta":{"om_disable_all_campaigns":false,"_monsterinsights_skip_tracking":false,"_monsterinsights_sitenote_active":false,"_monsterinsights_sitenote_note":"","_monsterinsights_sitenote_category":0,"footnotes":""},"class_list":["post-2470","page","type-page","status-publish","hentry"],"aioseo_notices":[],"_links":{"self":[{"href":"https:\/\/fisicaevestibular.com.br\/novo\/wp-json\/wp\/v2\/pages\/2470","targetHints":{"allow":["GET"]}}],"collection":[{"href":"https:\/\/fisicaevestibular.com.br\/novo\/wp-json\/wp\/v2\/pages"}],"about":[{"href":"https:\/\/fisicaevestibular.com.br\/novo\/wp-json\/wp\/v2\/types\/page"}],"author":[{"embeddable":true,"href":"https:\/\/fisicaevestibular.com.br\/novo\/wp-json\/wp\/v2\/users\/1"}],"replies":[{"embeddable":true,"href":"https:\/\/fisicaevestibular.com.br\/novo\/wp-json\/wp\/v2\/comments?post=2470"}],"version-history":[{"count":4,"href":"https:\/\/fisicaevestibular.com.br\/novo\/wp-json\/wp\/v2\/pages\/2470\/revisions"}],"predecessor-version":[{"id":10913,"href":"https:\/\/fisicaevestibular.com.br\/novo\/wp-json\/wp\/v2\/pages\/2470\/revisions\/10913"}],"up":[{"embeddable":true,"href":"https:\/\/fisicaevestibular.com.br\/novo\/wp-json\/wp\/v2\/pages\/2466"}],"wp:attachment":[{"href":"https:\/\/fisicaevestibular.com.br\/novo\/wp-json\/wp\/v2\/media?parent=2470"}],"curies":[{"name":"wp","href":"https:\/\/api.w.org\/{rel}","templated":true}]}}