{"id":243,"date":"2014-12-05T16:23:02","date_gmt":"2014-12-05T16:23:02","guid":{"rendered":"http:\/\/fisicaevestibular.com.br\/novo\/?page_id=243"},"modified":"2024-08-19T17:28:54","modified_gmt":"2024-08-19T17:28:54","slug":"eletromagnetismo","status":"publish","type":"page","link":"https:\/\/fisicaevestibular.com.br\/novo\/eletricidade\/eletromagnetismo\/","title":{"rendered":"Eletromagnetismo &#8211; F\u00edsica e Vestiblar"},"content":{"rendered":"<p><img fetchpriority=\"high\" decoding=\"async\" class=\"aligncenter\" src=\"http:\/\/fisicaevestibular.com.br\/images\/logo_mag.png\" alt=\"\" width=\"579\" height=\"179\" border=\"0\" \/><\/p>\n<p>&nbsp;<\/p>\n<p style=\"text-align: center;\">Analisa os im\u00e3s, o campo magn\u00e9tico, a indu\u00e7\u00e3o eletromagn\u00e9tica e o funcionamento das usinas el\u00e9tricas devido \u00e0 rela\u00e7\u00e3o entre eletrodin\u00e2mica e magnetismo..<\/p>\n<table id=\"table10\" border=\"0\" width=\"100%\">\n<tbody>\n<tr>\n<td align=\"left\" width=\"25%\" height=\"50\"><span style=\"font-size: small;\"> <a href=\"http:\/\/fisicaevestibular.com.br\/magnetismo1.htm\">Im\u00e3s e campo magn\u00e9tico<\/a><\/span><\/td>\n<td align=\"left\" width=\"25%\" height=\"50\"><span style=\"font-size: small;\"> <a href=\"http:\/\/fisicaevestibular.com.br\/magnetismo2.htm\">For\u00e7a magn\u00e9tica sobre uma carga m\u00f3vel imersa num campo magn\u00e9tico<\/a><\/span><\/td>\n<td align=\"right\" width=\"25%\" height=\"50\"><span style=\"font-size: small;\"> <a href=\"http:\/\/fisicaevestibular.com.br\/magnetismo3.htm\">For\u00e7a magn\u00e9tica sobre um condutor retil\u00edneo imerso num campo magn\u00e9tico uniforme<\/a><\/span><\/td>\n<td align=\"right\" width=\"25%\" height=\"50\"><span style=\"font-size: small;\"> <a href=\"http:\/\/fisicaevestibular.com.br\/magnetismo4.htm\">Campo magn\u00e9tico originado por um condutor retil\u00edneo extenso<br \/>\nFor\u00e7a de intera\u00e7\u00e3o entre dois fios condutores paralelos<\/a><\/span><\/td>\n<\/tr>\n<tr>\n<td align=\"left\" width=\"25%\" height=\"50\"><span style=\"font-size: small;\"> <a href=\"http:\/\/fisicaevestibular.com.br\/magnetismo5.htm\">Campo magn\u00e9tico gerado por uma espira circular e por um solen\u00f3ide<\/a><\/span><\/td>\n<td align=\"left\" width=\"25%\" height=\"50\"><span style=\"font-size: small;\"> <a href=\"http:\/\/fisicaevestibular.com.br\/magnetismo6.htm\">Fluxo magn\u00e9tico<br \/>\nIndu\u00e7\u00e3o eletromagn\u00e9tica<br \/>\nSentido da corrente el\u00e9trica induzida<\/a><\/span><\/td>\n<td align=\"right\" width=\"25%\" height=\"50\"><span style=\"font-size: small;\"> <a href=\"http:\/\/fisicaevestibular.com.br\/magnetismo7.htm\">For\u00e7a eletromotriz induzida<br \/>\nTransformadores<\/a><\/span><\/td>\n<td align=\"right\" width=\"25%\" height=\"50\"><\/td>\n<\/tr>\n<\/tbody>\n<\/table>\n","protected":false},"excerpt":{"rendered":"<p>&nbsp; Analisa os im\u00e3s, o campo magn\u00e9tico, a indu\u00e7\u00e3o eletromagn\u00e9tica e o funcionamento das usinas el\u00e9tricas devido \u00e0 rela\u00e7\u00e3o entre eletrodin\u00e2mica e magnetismo.. Im\u00e3s e campo magn\u00e9tico For\u00e7a magn\u00e9tica sobre uma carga m\u00f3vel imersa num campo magn\u00e9tico For\u00e7a magn\u00e9tica sobre um condutor retil\u00edneo imerso num campo magn\u00e9tico uniforme Campo magn\u00e9tico originado por um condutor retil\u00edneo extenso For\u00e7a de intera\u00e7\u00e3o entre<\/p>\n","protected":false},"author":1,"featured_media":0,"parent":117,"menu_order":0,"comment_status":"closed","ping_status":"closed","template":"","meta":{"om_disable_all_campaigns":false,"_monsterinsights_skip_tracking":false,"_monsterinsights_sitenote_active":false,"_monsterinsights_sitenote_note":"","_monsterinsights_sitenote_category":0,"footnotes":""},"class_list":["post-243","page","type-page","status-publish","hentry"],"aioseo_notices":[],"_links":{"self":[{"href":"https:\/\/fisicaevestibular.com.br\/novo\/wp-json\/wp\/v2\/pages\/243","targetHints":{"allow":["GET"]}}],"collection":[{"href":"https:\/\/fisicaevestibular.com.br\/novo\/wp-json\/wp\/v2\/pages"}],"about":[{"href":"https:\/\/fisicaevestibular.com.br\/novo\/wp-json\/wp\/v2\/types\/page"}],"author":[{"embeddable":true,"href":"https:\/\/fisicaevestibular.com.br\/novo\/wp-json\/wp\/v2\/users\/1"}],"replies":[{"embeddable":true,"href":"https:\/\/fisicaevestibular.com.br\/novo\/wp-json\/wp\/v2\/comments?post=243"}],"version-history":[{"count":5,"href":"https:\/\/fisicaevestibular.com.br\/novo\/wp-json\/wp\/v2\/pages\/243\/revisions"}],"predecessor-version":[{"id":10561,"href":"https:\/\/fisicaevestibular.com.br\/novo\/wp-json\/wp\/v2\/pages\/243\/revisions\/10561"}],"up":[{"embeddable":true,"href":"https:\/\/fisicaevestibular.com.br\/novo\/wp-json\/wp\/v2\/pages\/117"}],"wp:attachment":[{"href":"https:\/\/fisicaevestibular.com.br\/novo\/wp-json\/wp\/v2\/media?parent=243"}],"curies":[{"name":"wp","href":"https:\/\/api.w.org\/{rel}","templated":true}]}}