{"id":2398,"date":"2016-09-11T00:05:01","date_gmt":"2016-09-11T00:05:01","guid":{"rendered":"http:\/\/fisicaevestibular.com.br\/novo\/?page_id=2398"},"modified":"2024-08-23T14:59:55","modified_gmt":"2024-08-23T14:59:55","slug":"ondas","status":"publish","type":"page","link":"https:\/\/fisicaevestibular.com.br\/novo\/ondulatoria\/ondas\/","title":{"rendered":"Ondas"},"content":{"rendered":"<p><img fetchpriority=\"high\" decoding=\"async\" class=\"aligncenter\" src=\"http:\/\/fisicaevestibular.com.br\/images\/logo_ondas.png\" alt=\"\" width=\"579\" height=\"179\" border=\"0\" \/><\/p>\n<p>&nbsp;<\/p>\n<p style=\"text-align: center;\">Conceito de onda, sua propaga\u00e7\u00e3o e an\u00e1lise dos mais importantes fen\u00f4menos ondulat\u00f3rios.<\/p>\n<p style=\"text-align: center;\"><span style=\"font-size: small;\"><a href=\"http:\/\/fisicaevestibular.com.br\/ondas1.htm\">Conceitos e defini\u00e7\u00f5es<\/a><\/span><\/p>\n<p style=\"text-align: center;\"><b><span style=\"font-size: small;\"><a href=\"http:\/\/fisicaevestibular.com.br\/ondas2.htm\">Equa\u00e7\u00e3o da onda<\/a><\/span><\/b><\/p>\n<p style=\"text-align: center;\"><span style=\"color: #ffffff; font-size: small;\"><a href=\"http:\/\/fisicaevestibular.com.br\/ondas3.htm\">Reflex\u00e3o e refra\u00e7\u00e3o de ondas<\/a><\/span><b><\/b><\/p>\n<p style=\"text-align: center;\"><b><span style=\"font-size: small;\"><a href=\"http:\/\/fisicaevestibular.com.br\/ondas4.htm\">Interfer\u00eancia de ondas<\/a><\/span><\/b><\/p>\n<p style=\"text-align: center;\"><span style=\"color: #ffffff; font-size: small;\"> <a href=\"http:\/\/fisicaevestibular.com.br\/ondas5.htm\">Interfer\u00eancia luminosa &#8211; experimento de Young<\/a><\/span><\/p>\n<p style=\"text-align: center;\"><span style=\"color: #ffffff; font-size: small;\"> <a href=\"http:\/\/fisicaevestibular.com.br\/ondas6.htm\">Difra\u00e7\u00e3o e dispers\u00e3o<\/a><\/span><\/p>\n<p style=\"text-align: center;\"><span style=\"color: #ffffff; font-size: small;\"> <a href=\"http:\/\/fisicaevestibular.com.br\/ondas7.htm\">Polariza\u00e7\u00e3o e resson\u00e2ncia<\/a><\/span><\/p>\n","protected":false},"excerpt":{"rendered":"<p>&nbsp; Conceito de onda, sua propaga\u00e7\u00e3o e an\u00e1lise dos mais importantes fen\u00f4menos ondulat\u00f3rios. Conceitos e defini\u00e7\u00f5es Equa\u00e7\u00e3o da onda Reflex\u00e3o e refra\u00e7\u00e3o de ondas Interfer\u00eancia de ondas Interfer\u00eancia luminosa &#8211; experimento de Young Difra\u00e7\u00e3o e dispers\u00e3o Polariza\u00e7\u00e3o e resson\u00e2ncia<\/p>\n","protected":false},"author":1,"featured_media":0,"parent":120,"menu_order":0,"comment_status":"closed","ping_status":"closed","template":"","meta":{"om_disable_all_campaigns":false,"_monsterinsights_skip_tracking":false,"_monsterinsights_sitenote_active":false,"_monsterinsights_sitenote_note":"","_monsterinsights_sitenote_category":0,"footnotes":""},"class_list":["post-2398","page","type-page","status-publish","hentry"],"aioseo_notices":[],"_links":{"self":[{"href":"https:\/\/fisicaevestibular.com.br\/novo\/wp-json\/wp\/v2\/pages\/2398","targetHints":{"allow":["GET"]}}],"collection":[{"href":"https:\/\/fisicaevestibular.com.br\/novo\/wp-json\/wp\/v2\/pages"}],"about":[{"href":"https:\/\/fisicaevestibular.com.br\/novo\/wp-json\/wp\/v2\/types\/page"}],"author":[{"embeddable":true,"href":"https:\/\/fisicaevestibular.com.br\/novo\/wp-json\/wp\/v2\/users\/1"}],"replies":[{"embeddable":true,"href":"https:\/\/fisicaevestibular.com.br\/novo\/wp-json\/wp\/v2\/comments?post=2398"}],"version-history":[{"count":2,"href":"https:\/\/fisicaevestibular.com.br\/novo\/wp-json\/wp\/v2\/pages\/2398\/revisions"}],"predecessor-version":[{"id":2400,"href":"https:\/\/fisicaevestibular.com.br\/novo\/wp-json\/wp\/v2\/pages\/2398\/revisions\/2400"}],"up":[{"embeddable":true,"href":"https:\/\/fisicaevestibular.com.br\/novo\/wp-json\/wp\/v2\/pages\/120"}],"wp:attachment":[{"href":"https:\/\/fisicaevestibular.com.br\/novo\/wp-json\/wp\/v2\/media?parent=2398"}],"curies":[{"name":"wp","href":"https:\/\/api.w.org\/{rel}","templated":true}]}}